{"id":3226,"date":"2026-02-04T09:29:51","date_gmt":"2026-02-04T09:29:51","guid":{"rendered":"https:\/\/sprayboothmanufacturer.com\/?post_type=product&#038;p=3226"},"modified":"2026-02-04T09:29:51","modified_gmt":"2026-02-04T09:29:51","slug":"7m-electric-spray-booth","status":"publish","type":"product","link":"https:\/\/sprayboothmanufacturer.com\/es\/product\/7m-electric-spray-booth\/","title":{"rendered":"Cabina de pulverizaci\u00f3n el\u00e9ctrica de 7 m ATK-007E-P opci\u00f3n popular | Rentable | Entrega r\u00e1pida | Soluci\u00f3n est\u00e1ndar para reparaci\u00f3n y pintura automotriz"},"content":{"rendered":"<p>&nbsp;<\/p>\n<p class=\"ds-markdown-paragraph\"><strong>ATK-007E-P | Cabina de pulverizaci\u00f3n el\u00e9ctrica de 7m (Modelo popular): El punto de entrada equilibrado para reparaci\u00f3n de autom\u00f3viles profesional<\/strong><\/p>\n<p class=\"ds-markdown-paragraph\">El ATK-007E-P es nuestro modelo de \u201cElecci\u00f3n Popular\u201d, meticulosamente optimizado en base a amplios comentarios del mercado. Est\u00e1 dirigido precisamente a talleres de reparaci\u00f3n de autom\u00f3viles peque\u00f1os y medianos, centros de servicio r\u00e1pido y talleres de carrocer\u00eda emergentes, logrando el equilibrio perfecto entre rendimiento principal, fiabilidad y coste. Paga por lo que necesitas: una soluci\u00f3n de pintura est\u00e1ndar probada y lista para usar que mejora significativamente la calidad y eficiencia del trabajo.<\/p>\n<p class=\"ds-markdown-paragraph\"><strong>\u00bfPor qu\u00e9 elegir el ATK-007E-P como tu equipo principal?<\/strong><\/p>\n<ol start=\"1\">\n<li>\n<p class=\"ds-markdown-paragraph\"><strong>Configuraci\u00f3n \u00f3ptima probada en el mercado<\/strong>:<\/p>\n<ul>\n<li>\n<p class=\"ds-markdown-paragraph\"><strong>Calefacci\u00f3n eficiente y equilibrada<\/strong>: 8 conjuntos de dispositivos de calefacci\u00f3n industrial a prueba de explosiones que suman 24KW (vida \u00fatil te\u00f3rica de 80,000 horas), con un rango de temperatura de 30-70\u00b0C para calefacci\u00f3n r\u00e1pida y uniforme. Esta configuraci\u00f3n satisface la mayor\u00eda de las necesidades de curado de pinturas de reparaci\u00f3n y algunos recubrimientos a base de agua sin el desperdicio de potencia sobredimensionada.<\/p>\n<\/li>\n<li>\n<p class=\"ds-markdown-paragraph\"><strong>Ventilaci\u00f3n adecuada y confiable<\/strong>: suministro de 2\u00d74KW (25,000 m\u00b3\/h) y extracci\u00f3n de 1\u00d73KW que proporcionan un flujo de aire suficiente para eliminar el sobrepulverizado, controlando al mismo tiempo el consumo total de energ\u00eda y el ruido.<\/p>\n<\/li>\n<li>\n<p class=\"ds-markdown-paragraph\"><strong>Limpieza sin compromisos<\/strong>: filtraci\u00f3n en tres etapas completas (primaria, techo &gt;98%, suelo) que garantizan un entorno de pintura limpio.<\/p>\n<\/li>\n<\/ul>\n<\/li>\n<li>\n<p class=\"ds-markdown-paragraph\"><strong>Robusto, duradero y de f\u00e1cil mantenimiento<\/strong>:<\/p>\n<ul>\n<li>\n<p class=\"ds-markdown-paragraph\"><strong>Estructura optimizada<\/strong>: Las paredes cuentan con paneles de acero de doble capa con espuma de aislamiento EPS (con borde met\u00e1lico, impermeable), equilibrando coste y aislamiento b\u00e1sico. Techo de acero galvanizado para mayor durabilidad.<\/p>\n<\/li>\n<li>\n<p class=\"ds-markdown-paragraph\"><strong>S\u00f3tano pr\u00e1ctico<\/strong>: Plataforma convexa de acero galvanizado con 2 filas de rejillas y 3 filas de pisos reforzados para caminar (recubiertos contra la oxidaci\u00f3n), resistente y f\u00e1cil de limpiar.<\/p>\n<\/li>\n<li>\n<p class=\"ds-markdown-paragraph\"><strong>Dise\u00f1o modular<\/strong>: Armario de ventilador aislado con lana de roca (1.1*2.2m) que permite una colocaci\u00f3n flexible para facilitar la instalaci\u00f3n y el mantenimiento.<\/p>\n<\/li>\n<\/ul>\n<\/li>\n<li>\n<p class=\"ds-markdown-paragraph\"><strong>Paquete completo \u201cListo para usar\u201d<\/strong>:<\/p>\n<ul>\n<li>\n<p class=\"ds-markdown-paragraph\"><strong>Iluminaci\u00f3n Profesional<\/strong>: 24x luces LED de 18W en techo para una iluminaci\u00f3n uniforme y sin sombras.<\/p>\n<\/li>\n<li>\n<p class=\"ds-markdown-paragraph\"><strong>Control Inteligente<\/strong>: Panel integrado con funciones de pulverizaci\u00f3n, horneado, iluminaci\u00f3n, control de temperatura, temporizador y parada de emergencia.<\/p>\n<\/li>\n<li>\n<p class=\"ds-markdown-paragraph\"><strong>Entrega r\u00e1pida<\/strong>: Como modelo popular, mantenemos existencias de componentes clave para garantizar el env\u00edo en\u00a0<strong>30 d\u00edas<\/strong>\u00a0despu\u00e9s de la confirmaci\u00f3n del pedido.<\/p>\n<\/li>\n<\/ul>\n<\/li>\n<\/ol>\n<p class=\"ds-markdown-paragraph\"><strong>Resumen de especificaciones:<\/strong><\/p>\n<ul>\n<li>\n<p class=\"ds-markdown-paragraph\"><strong>Modelo<\/strong>: ATK-007E-P<\/p>\n<\/li>\n<li>\n<p class=\"ds-markdown-paragraph\"><strong>Externo\/Interno<\/strong>: 7000\u00d74000\u00d73200mm \/ 6900\u00d73900\u00d72500mm<\/p>\n<\/li>\n<li>\n<p class=\"ds-markdown-paragraph\"><strong>Calefacci\u00f3n<\/strong>: El\u00e9ctrico (220V\/380V, 50Hz)<\/p>\n<\/li>\n<li>\n<p class=\"ds-markdown-paragraph\"><strong>Potencia de calefacci\u00f3n<\/strong>: 24 KW<\/p>\n<\/li>\n<li>\n<p class=\"ds-markdown-paragraph\"><strong>Potencia Total<\/strong>: ~38 KW (calefacci\u00f3n, ventilaci\u00f3n, iluminaci\u00f3n)<\/p>\n<\/li>\n<li>\n<p class=\"ds-markdown-paragraph\"><strong>Embalaje<\/strong>: ~19 CBM, cabe 1 unidad en un contenedor de 20GP o 3 unidades en un contenedor de 40HQ.<\/p>\n<\/li>\n<\/ul>\n<p class=\"ds-markdown-paragraph\"><strong>Perfil del cliente ideal:<\/strong><\/p>\n<ul>\n<li>\n<p class=\"ds-markdown-paragraph\">Talleres de reparaci\u00f3n de autom\u00f3viles peque\u00f1os\/medianos nuevos o en actualizaci\u00f3n.<\/p>\n<\/li>\n<li>\n<p class=\"ds-markdown-paragraph\">Talleres especializados en carrocer\u00eda y pintura.<\/p>\n<\/li>\n<li>\n<p class=\"ds-markdown-paragraph\">Estaciones de mantenimiento de flotas de tama\u00f1o medio.<\/p>\n<\/li>\n<li>\n<p class=\"ds-markdown-paragraph\">Inversores que buscan equipos est\u00e1ndar confiables y rentables.<\/p>\n<\/li>\n<li>\n<p class=\"ds-markdown-paragraph\">Escuelas vocacionales de automoci\u00f3n y centros de formaci\u00f3n.<\/p>\n<\/li>\n<\/ul>\n<p class=\"ds-markdown-paragraph\"><strong>Beneficios del modelo popular:<\/strong><br \/>\nElegir el ATK-007E-P le otorga prioridad en la programaci\u00f3n de producci\u00f3n, gu\u00edas de instalaci\u00f3n completas y precios competitivos en repuestos reservados para nuestros modelos m\u00e1s vendidos. Creemos que es un producto que la mayor\u00eda de los clientes pueden \u201ccomprar con confianza y usar con satisfacci\u00f3n.\u201d<\/p>\n<p class=\"ds-markdown-paragraph\">Si buscas una soluci\u00f3n que satisfaga las necesidades diarias de pintura de reparaci\u00f3n sin la complejidad de la sobreespecificaci\u00f3n y ofrezca un retorno de inversi\u00f3n claro, el ATK-007E-P es tu opci\u00f3n ideal. Contacta con nuestro equipo de ventas para cotizaciones detalladas FOB o CIF adaptadas a tu ubicaci\u00f3n.<\/p>","protected":false},"excerpt":{"rendered":"<p>El ATK-007E-P es nuestro modelo m\u00e1s vendido, dise\u00f1ado para talleres de reparaci\u00f3n de autom\u00f3viles est\u00e1ndar. Cuenta con calefacci\u00f3n el\u00e9ctrica industrial a prueba de explosiones de 24KW para un control de temperatura r\u00e1pido y preciso, junto con ventilaci\u00f3n eficiente y filtraci\u00f3n en tres etapas para un entorno de pintura estable y limpio. Ofrece una excelente relaci\u00f3n calidad-precio y entrega r\u00e1pida, lo que lo convierte en una opci\u00f3n confiable para comenzar una operaci\u00f3n de pintura profesional.<\/p>","protected":false},"featured_media":3173,"comment_status":"open","ping_status":"closed","template":"","meta":[],"product_brand":[76],"product_cat":[60,59],"product_tag":[79,73,63,69,68,88,70,84,80,85,83],"class_list":{"0":"post-3226","1":"product","2":"type-product","3":"status-publish","4":"has-post-thumbnail","6":"product_brand-autoke","7":"product_cat-car-spray-booth","8":"product_cat-spray-booth","9":"product_tag-automotive-spray-booth","10":"product_tag-automotive-spray-booth-manufacturer","11":"product_tag-car-spray-booth","12":"product_tag-ce-car-spray-booth","13":"product_tag-customized-car-spray-booth","14":"product_tag-heavy-duty-paint-booth","15":"product_tag-high-quality-spray-booths","16":"product_tag-industrial-coating","17":"product_tag-industrial-paint-booth","18":"product_tag-large-vehicle-paint-booth","19":"product_tag-paint-booth-solutions","21":"first","22":"instock","23":"shipping-taxable","24":"product-type-simple"},"yoast_head":"<!-- This site is optimized with the Yoast SEO plugin v27.4 - https:\/\/yoast.com\/product\/yoast-seo-wordpress\/ -->\n<title>ATK-007E-P Popular Choice 7m Electric Spray Booth | Cost-Effective | Fast Delivery | Standard Automotive Repair Painting Solution - Autoke-China Paint Booth Manufacturer<\/title>\n<meta name=\"robots\" content=\"index, follow, max-snippet:-1, max-image-preview:large, max-video-preview:-1\" \/>\n<link rel=\"canonical\" href=\"https:\/\/sprayboothmanufacturer.com\/es\/producto\/7m-electric-spray-booth\/\" \/>\n<meta property=\"og:locale\" content=\"es_ES\" \/>\n<meta property=\"og:type\" content=\"article\" \/>\n<meta property=\"og:title\" content=\"ATK-007E-P Popular Choice 7m Electric Spray Booth | Cost-Effective | Fast Delivery | Standard Automotive Repair Painting Solution - Autoke-China Paint Booth Manufacturer\" \/>\n<meta property=\"og:description\" content=\"The ATK-007E-P is our best-selling model, designed for standard auto repair shops. It features 24KW industrial explosion-proof electric heating for fast, precise temperature control, paired with efficient ventilation and three-stage filtration for a stable, clean painting environment. It offers excellent value and fast delivery, making it a reliable choice to start a professional painting operation.\" \/>\n<meta property=\"og:url\" content=\"https:\/\/sprayboothmanufacturer.com\/es\/producto\/7m-electric-spray-booth\/\" \/>\n<meta property=\"og:site_name\" content=\"Autoke-China Paint Booth Manufacturer\" \/>\n<meta property=\"og:image\" content=\"https:\/\/sprayboothmanufacturer.com\/wp-content\/uploads\/2026\/02\/3.png\" \/>\n\t<meta property=\"og:image:width\" content=\"800\" \/>\n\t<meta property=\"og:image:height\" content=\"800\" \/>\n\t<meta property=\"og:image:type\" content=\"image\/png\" \/>\n<meta name=\"twitter:card\" content=\"summary_large_image\" \/>\n<meta name=\"twitter:label1\" content=\"Est. reading time\" \/>\n\t<meta name=\"twitter:data1\" content=\"3 minutos\" \/>\n<script type=\"application\/ld+json\" class=\"yoast-schema-graph\">{\"@context\":\"https:\\\/\\\/schema.org\",\"@graph\":[{\"@type\":\"WebPage\",\"@id\":\"https:\\\/\\\/sprayboothmanufacturer.com\\\/product\\\/7m-electric-spray-booth\\\/\",\"url\":\"https:\\\/\\\/sprayboothmanufacturer.com\\\/product\\\/7m-electric-spray-booth\\\/\",\"name\":\"ATK-007E-P Popular Choice 7m Electric Spray Booth | Cost-Effective | Fast Delivery | Standard Automotive Repair Painting Solution - Autoke-China Paint Booth Manufacturer\",\"isPartOf\":{\"@id\":\"https:\\\/\\\/sprayboothmanufacturer.com\\\/#website\"},\"primaryImageOfPage\":{\"@id\":\"https:\\\/\\\/sprayboothmanufacturer.com\\\/product\\\/7m-electric-spray-booth\\\/#primaryimage\"},\"image\":{\"@id\":\"https:\\\/\\\/sprayboothmanufacturer.com\\\/product\\\/7m-electric-spray-booth\\\/#primaryimage\"},\"thumbnailUrl\":\"https:\\\/\\\/sprayboothmanufacturer.com\\\/wp-content\\\/uploads\\\/2026\\\/02\\\/3.png\",\"datePublished\":\"2026-02-04T09:29:51+00:00\",\"breadcrumb\":{\"@id\":\"https:\\\/\\\/sprayboothmanufacturer.com\\\/product\\\/7m-electric-spray-booth\\\/#breadcrumb\"},\"inLanguage\":\"es\",\"potentialAction\":[{\"@type\":\"ReadAction\",\"target\":[\"https:\\\/\\\/sprayboothmanufacturer.com\\\/product\\\/7m-electric-spray-booth\\\/\"]}]},{\"@type\":\"ImageObject\",\"inLanguage\":\"es\",\"@id\":\"https:\\\/\\\/sprayboothmanufacturer.com\\\/product\\\/7m-electric-spray-booth\\\/#primaryimage\",\"url\":\"https:\\\/\\\/sprayboothmanufacturer.com\\\/wp-content\\\/uploads\\\/2026\\\/02\\\/3.png\",\"contentUrl\":\"https:\\\/\\\/sprayboothmanufacturer.com\\\/wp-content\\\/uploads\\\/2026\\\/02\\\/3.png\",\"width\":800,\"height\":800},{\"@type\":\"BreadcrumbList\",\"@id\":\"https:\\\/\\\/sprayboothmanufacturer.com\\\/product\\\/7m-electric-spray-booth\\\/#breadcrumb\",\"itemListElement\":[{\"@type\":\"ListItem\",\"position\":1,\"name\":\"Home\",\"item\":\"https:\\\/\\\/sprayboothmanufacturer.com\\\/\"},{\"@type\":\"ListItem\",\"position\":2,\"name\":\"\u4ea7\u54c1\",\"item\":\"https:\\\/\\\/sprayboothmanufacturer.com\\\/shop__trashed\\\/\"},{\"@type\":\"ListItem\",\"position\":3,\"name\":\"ATK-007E-P Popular Choice 7m Electric Spray Booth | Cost-Effective | Fast Delivery | Standard Automotive Repair Painting Solution\"}]},{\"@type\":\"WebSite\",\"@id\":\"https:\\\/\\\/sprayboothmanufacturer.com\\\/#website\",\"url\":\"https:\\\/\\\/sprayboothmanufacturer.com\\\/\",\"name\":\"Autoke-China Paint Booth Manufacturer\",\"description\":\"\",\"publisher\":{\"@id\":\"https:\\\/\\\/sprayboothmanufacturer.com\\\/#organization\"},\"potentialAction\":[{\"@type\":\"SearchAction\",\"target\":{\"@type\":\"EntryPoint\",\"urlTemplate\":\"https:\\\/\\\/sprayboothmanufacturer.com\\\/?s={search_term_string}\"},\"query-input\":{\"@type\":\"PropertyValueSpecification\",\"valueRequired\":true,\"valueName\":\"search_term_string\"}}],\"inLanguage\":\"es\"},{\"@type\":\"Organization\",\"@id\":\"https:\\\/\\\/sprayboothmanufacturer.com\\\/#organization\",\"name\":\"Autoke-China Paint Booth Manufacturer\",\"url\":\"https:\\\/\\\/sprayboothmanufacturer.com\\\/\",\"logo\":{\"@type\":\"ImageObject\",\"inLanguage\":\"es\",\"@id\":\"https:\\\/\\\/sprayboothmanufacturer.com\\\/#\\\/schema\\\/logo\\\/image\\\/\",\"url\":\"https:\\\/\\\/sprayboothmanufacturer.com\\\/wp-content\\\/uploads\\\/2025\\\/12\\\/\u5fae\u4fe1\u56fe\u7247_20260113195103_1750_4-scaled-e1768394147958.png\",\"contentUrl\":\"https:\\\/\\\/sprayboothmanufacturer.com\\\/wp-content\\\/uploads\\\/2025\\\/12\\\/\u5fae\u4fe1\u56fe\u7247_20260113195103_1750_4-scaled-e1768394147958.png\",\"width\":1740,\"height\":538,\"caption\":\"Autoke-China Paint Booth Manufacturer\"},\"image\":{\"@id\":\"https:\\\/\\\/sprayboothmanufacturer.com\\\/#\\\/schema\\\/logo\\\/image\\\/\"}}]}<\/script>\n<!-- \/ Yoast SEO plugin. -->","yoast_head_json":{"title":"Cabina de pulverizaci\u00f3n el\u00e9ctrica popular de 7 m ATK-007E-P | Rentable | Entrega r\u00e1pida | Soluci\u00f3n est\u00e1ndar de pintura para reparaci\u00f3n automotriz - Fabricante de cabinas de pintura Autoke-China","robots":{"index":"index","follow":"follow","max-snippet":"max-snippet:-1","max-image-preview":"max-image-preview:large","max-video-preview":"max-video-preview:-1"},"canonical":"https:\/\/sprayboothmanufacturer.com\/es\/producto\/7m-electric-spray-booth\/","og_locale":"es_ES","og_type":"article","og_title":"ATK-007E-P Popular Choice 7m Electric Spray Booth | Cost-Effective | Fast Delivery | Standard Automotive Repair Painting Solution - Autoke-China Paint Booth Manufacturer","og_description":"The ATK-007E-P is our best-selling model, designed for standard auto repair shops. It features 24KW industrial explosion-proof electric heating for fast, precise temperature control, paired with efficient ventilation and three-stage filtration for a stable, clean painting environment. It offers excellent value and fast delivery, making it a reliable choice to start a professional painting operation.","og_url":"https:\/\/sprayboothmanufacturer.com\/es\/producto\/7m-electric-spray-booth\/","og_site_name":"Autoke-China Paint Booth Manufacturer","og_image":[{"width":800,"height":800,"url":"https:\/\/sprayboothmanufacturer.com\/wp-content\/uploads\/2026\/02\/3.png","type":"image\/png"}],"twitter_card":"summary_large_image","twitter_misc":{"Est. reading time":"3 minutos"},"schema":{"@context":"https:\/\/schema.org","@graph":[{"@type":"WebPage","@id":"https:\/\/sprayboothmanufacturer.com\/product\/7m-electric-spray-booth\/","url":"https:\/\/sprayboothmanufacturer.com\/product\/7m-electric-spray-booth\/","name":"Cabina de pulverizaci\u00f3n el\u00e9ctrica popular de 7 m ATK-007E-P | Rentable | Entrega r\u00e1pida | Soluci\u00f3n est\u00e1ndar de pintura para reparaci\u00f3n automotriz - Fabricante de cabinas de pintura Autoke-China","isPartOf":{"@id":"https:\/\/sprayboothmanufacturer.com\/#website"},"primaryImageOfPage":{"@id":"https:\/\/sprayboothmanufacturer.com\/product\/7m-electric-spray-booth\/#primaryimage"},"image":{"@id":"https:\/\/sprayboothmanufacturer.com\/product\/7m-electric-spray-booth\/#primaryimage"},"thumbnailUrl":"https:\/\/sprayboothmanufacturer.com\/wp-content\/uploads\/2026\/02\/3.png","datePublished":"2026-02-04T09:29:51+00:00","breadcrumb":{"@id":"https:\/\/sprayboothmanufacturer.com\/product\/7m-electric-spray-booth\/#breadcrumb"},"inLanguage":"es","potentialAction":[{"@type":"ReadAction","target":["https:\/\/sprayboothmanufacturer.com\/product\/7m-electric-spray-booth\/"]}]},{"@type":"ImageObject","inLanguage":"es","@id":"https:\/\/sprayboothmanufacturer.com\/product\/7m-electric-spray-booth\/#primaryimage","url":"https:\/\/sprayboothmanufacturer.com\/wp-content\/uploads\/2026\/02\/3.png","contentUrl":"https:\/\/sprayboothmanufacturer.com\/wp-content\/uploads\/2026\/02\/3.png","width":800,"height":800},{"@type":"BreadcrumbList","@id":"https:\/\/sprayboothmanufacturer.com\/product\/7m-electric-spray-booth\/#breadcrumb","itemListElement":[{"@type":"ListItem","position":1,"name":"Home","item":"https:\/\/sprayboothmanufacturer.com\/"},{"@type":"ListItem","position":2,"name":"\u4ea7\u54c1","item":"https:\/\/sprayboothmanufacturer.com\/shop__trashed\/"},{"@type":"ListItem","position":3,"name":"ATK-007E-P Popular Choice 7m Electric Spray Booth | Cost-Effective | Fast Delivery | Standard Automotive Repair Painting Solution"}]},{"@type":"WebSite","@id":"https:\/\/sprayboothmanufacturer.com\/#website","url":"https:\/\/sprayboothmanufacturer.com\/","name":"Fabricante de cabinas de pintura Autoke-China","description":"","publisher":{"@id":"https:\/\/sprayboothmanufacturer.com\/#organization"},"potentialAction":[{"@type":"SearchAction","target":{"@type":"EntryPoint","urlTemplate":"https:\/\/sprayboothmanufacturer.com\/?s={search_term_string}"},"query-input":{"@type":"PropertyValueSpecification","valueRequired":true,"valueName":"search_term_string"}}],"inLanguage":"es"},{"@type":"Organization","@id":"https:\/\/sprayboothmanufacturer.com\/#organization","name":"Fabricante de cabinas de pintura Autoke-China","url":"https:\/\/sprayboothmanufacturer.com\/","logo":{"@type":"ImageObject","inLanguage":"es","@id":"https:\/\/sprayboothmanufacturer.com\/#\/schema\/logo\/image\/","url":"https:\/\/sprayboothmanufacturer.com\/wp-content\/uploads\/2025\/12\/\u5fae\u4fe1\u56fe\u7247_20260113195103_1750_4-scaled-e1768394147958.png","contentUrl":"https:\/\/sprayboothmanufacturer.com\/wp-content\/uploads\/2025\/12\/\u5fae\u4fe1\u56fe\u7247_20260113195103_1750_4-scaled-e1768394147958.png","width":1740,"height":538,"caption":"Autoke-China Paint Booth Manufacturer"},"image":{"@id":"https:\/\/sprayboothmanufacturer.com\/#\/schema\/logo\/image\/"}}]}},"_links":{"self":[{"href":"https:\/\/sprayboothmanufacturer.com\/es\/wp-json\/wp\/v2\/product\/3226","targetHints":{"allow":["GET"]}}],"collection":[{"href":"https:\/\/sprayboothmanufacturer.com\/es\/wp-json\/wp\/v2\/product"}],"about":[{"href":"https:\/\/sprayboothmanufacturer.com\/es\/wp-json\/wp\/v2\/types\/product"}],"replies":[{"embeddable":true,"href":"https:\/\/sprayboothmanufacturer.com\/es\/wp-json\/wp\/v2\/comments?post=3226"}],"version-history":[{"count":1,"href":"https:\/\/sprayboothmanufacturer.com\/es\/wp-json\/wp\/v2\/product\/3226\/revisions"}],"predecessor-version":[{"id":3227,"href":"https:\/\/sprayboothmanufacturer.com\/es\/wp-json\/wp\/v2\/product\/3226\/revisions\/3227"}],"wp:featuredmedia":[{"embeddable":true,"href":"https:\/\/sprayboothmanufacturer.com\/es\/wp-json\/wp\/v2\/media\/3173"}],"wp:attachment":[{"href":"https:\/\/sprayboothmanufacturer.com\/es\/wp-json\/wp\/v2\/media?parent=3226"}],"wp:term":[{"taxonomy":"product_brand","embeddable":true,"href":"https:\/\/sprayboothmanufacturer.com\/es\/wp-json\/wp\/v2\/product_brand?post=3226"},{"taxonomy":"product_cat","embeddable":true,"href":"https:\/\/sprayboothmanufacturer.com\/es\/wp-json\/wp\/v2\/product_cat?post=3226"},{"taxonomy":"product_tag","embeddable":true,"href":"https:\/\/sprayboothmanufacturer.com\/es\/wp-json\/wp\/v2\/product_tag?post=3226"}],"curies":[{"name":"wp","href":"https:\/\/api.w.org\/{rel}","templated":true}]}}