{"id":3223,"date":"2026-02-04T08:11:53","date_gmt":"2026-02-04T08:11:53","guid":{"rendered":"https:\/\/sprayboothmanufacturer.com\/?post_type=product&#038;p=3223"},"modified":"2026-02-04T08:11:53","modified_gmt":"2026-02-04T08:11:53","slug":"premium-8m-dual-mode-heating-spray-booth","status":"publish","type":"product","link":"https:\/\/sprayboothmanufacturer.com\/es\/product\/premium-8m-dual-mode-heating-spray-booth\/","title":{"rendered":"Cabina de pulverizaci\u00f3n de calefacci\u00f3n de doble modo premium de 8 m ATK-008DE | Sistemas duales de gas + el\u00e9ctrico | Espacio de trabajo extra ancho | Se adapta a procesos variables y suministros de energ\u00eda"},"content":{"rendered":"<p class=\"ds-markdown-paragraph\"><strong>ATK-008DE | Cabina de pulverizaci\u00f3n de lujo con calefacci\u00f3n dual de 8 m: La c\u00faspide de la flexibilidad y fiabilidad<\/strong><\/p>\n<p class=\"ds-markdown-paragraph\">Dise\u00f1ado para clientes de alta gama que exigen una m\u00e1xima adaptabilidad del proceso, seguridad energ\u00e9tica y protecci\u00f3n futura, el ATK-008DE elimina la elecci\u00f3n entre m\u00e9todos de calefacci\u00f3n. Ofrece una soluci\u00f3n que coexiste con\u00a0<strong>sistemas de calefacci\u00f3n tanto de gas como el\u00e9ctricos<\/strong>. Ya sea enfrentando fluctuaciones en los precios de la energ\u00eda, requisitos diversos del proceso o garantizando la continuidad de la producci\u00f3n durante una interrupci\u00f3n del suministro de energ\u00eda principal, el ATK-008DE ofrece un rendimiento inquebrantable. Es la inversi\u00f3n preferida para grandes talleres de carrocer\u00eda, dep\u00f3sitos de mantenimiento de flotas premium y aplicaciones industriales exigentes.<\/p>\n<p class=\"ds-markdown-paragraph\"><strong>Ventaja central revolucionaria: Sistemas de calefacci\u00f3n dual<\/strong><\/p>\n<ol start=\"1\">\n<li>\n<p class=\"ds-markdown-paragraph\"><strong>Libertad en la estrategia energ\u00e9tica y optimizaci\u00f3n de costos<\/strong>:<\/p>\n<ul>\n<li>\n<p class=\"ds-markdown-paragraph\"><strong>Calefacci\u00f3n de gas (Quemador RIELLO G20)<\/strong>: Potencia de 15KW, operaci\u00f3n econ\u00f3mica, ideal para \u00e1reas con suministro de gas estable y rentable.<\/p>\n<\/li>\n<li>\n<p class=\"ds-markdown-paragraph\"><strong>Calefacci\u00f3n el\u00e9ctrica (Infrarojo hal\u00f3geno de 30KW)<\/strong>: Calentamiento r\u00e1pido y uniforme, alcanzando 40\u00b0C en 5-8 minutos, perfecto para ubicaciones con bajos costos de electricidad o que requieren arranque r\u00e1pido y control preciso de temperatura.<\/p>\n<\/li>\n<li>\n<p class=\"ds-markdown-paragraph\"><strong>Cambio libre<\/strong>: Elija en tiempo real el modo de calefacci\u00f3n m\u00e1s econ\u00f3mico o adecuado seg\u00fan los precios de energ\u00eda, los requisitos del trabajo o la temporada, tomando el control total de los costos operativos.<\/p>\n<\/li>\n<\/ul>\n<\/li>\n<li>\n<p class=\"ds-markdown-paragraph\"><strong>Adaptabilidad de proceso y garant\u00eda de producci\u00f3n incomparables<\/strong>:<\/p>\n<ul>\n<li>\n<p class=\"ds-markdown-paragraph\">Seleccione el m\u00e9todo de calefacci\u00f3n \u00f3ptimo para diferentes materiales de recubrimiento.<\/p>\n<\/li>\n<li>\n<p class=\"ds-markdown-paragraph\">Mantenga la producci\u00f3n con el sistema secundario si el principal requiere mantenimiento o falla, minimizando el tiempo de inactividad.<\/p>\n<\/li>\n<\/ul>\n<\/li>\n<\/ol>\n<p class=\"ds-markdown-paragraph\"><strong>Dise\u00f1o excepcional de hardware y espacial:<\/strong><\/p>\n<ul>\n<li>\n<p class=\"ds-markdown-paragraph\"><strong>Construcci\u00f3n robusta sobrada<\/strong>:<\/p>\n<ul>\n<li>\n<p class=\"ds-markdown-paragraph\"><strong>S\u00f3tano reforzado<\/strong>: Caracter\u00edsticas\u00a0<strong>cinco filas<\/strong>\u00a0de rejillas planas de acero galvanizado (supera la est\u00e1ndar de tres), ofreciendo una distribuci\u00f3n de carga superior y mayor durabilidad.<\/p>\n<\/li>\n<li>\n<p class=\"ds-markdown-paragraph\"><strong>Interior espacioso<\/strong>: El espacio interior de 8000\u00d74500\u00d73000mm proporciona amplio espacio para SUVs grandes, camiones ligeros y piezas de trabajo de gran tama\u00f1o.<\/p>\n<\/li>\n<\/ul>\n<\/li>\n<li>\n<p class=\"ds-markdown-paragraph\"><strong>N\u00facleo de energ\u00eda eficiente y confiable<\/strong>:<\/p>\n<ul>\n<li>\n<p class=\"ds-markdown-paragraph\"><strong>Ventilaci\u00f3n de marca<\/strong>: Utiliza ventiladores de motor de cobre 100% de la marca \u201cJiangsu Hengkang\u201d. Los sistemas de suministro (2\u00d74KW, 14,000-15,500 m\u00b3\/h) y extracci\u00f3n (1\u00d75.5KW, 19,000 m\u00b3\/h) son estables, eficientes y duraderos.<\/p>\n<\/li>\n<li>\n<p class=\"ds-markdown-paragraph\"><strong>Control inteligente<\/strong>: El sistema integrado gestiona ambos sistemas de calefacci\u00f3n de manera independiente para la temperatura y el tiempo.<\/p>\n<\/li>\n<\/ul>\n<\/li>\n<li>\n<p class=\"ds-markdown-paragraph\"><strong>Entorno limpio de manera constante<\/strong>:<\/p>\n<ul>\n<li>\n<p class=\"ds-markdown-paragraph\">Mantiene un sistema de filtraci\u00f3n en tres etapas para un entorno de pintura limpio.<\/p>\n<\/li>\n<li>\n<p class=\"ds-markdown-paragraph\">El armario del ventilador aislado con lana de roca garantiza eficiencia t\u00e9rmica.<\/p>\n<\/li>\n<\/ul>\n<\/li>\n<\/ul>\n<p class=\"ds-markdown-paragraph\"><strong>Resumen de especificaciones:<\/strong><\/p>\n<ul>\n<li>\n<p class=\"ds-markdown-paragraph\"><strong>Modelo<\/strong>: ATK-008DE<\/p>\n<\/li>\n<li>\n<p class=\"ds-markdown-paragraph\"><strong>Externo\/Interno<\/strong>: 8100\u00d74600\u00d73750mm \/ 8000\u00d74500\u00d73000mm<\/p>\n<\/li>\n<li>\n<p class=\"ds-markdown-paragraph\"><strong>Calefacci\u00f3n<\/strong>:\u00a0<strong>Sistema dual<\/strong>\u00a0\u2013 Gas (RIELLO G20) + El\u00e9ctrico (hal\u00f3geno infrarrojo de 30KW)<\/p>\n<\/li>\n<li>\n<p class=\"ds-markdown-paragraph\"><strong>Ventilaci\u00f3n<\/strong>: Ventiladores de motor de cobre Jiangsu Hengkang, suministro de 2\u00d74KW, extracci\u00f3n de 1\u00d75.5KW<\/p>\n<\/li>\n<li>\n<p class=\"ds-markdown-paragraph\"><strong>S\u00f3tano<\/strong>: Rejillas de acero galvanizado reforzado de cinco filas.<\/p>\n<\/li>\n<li>\n<p class=\"ds-markdown-paragraph\"><strong>Embalaje<\/strong>: ~19 CBM, compatible con contenedores est\u00e1ndar.<\/p>\n<\/li>\n<\/ul>\n<p class=\"ds-markdown-paragraph\"><strong>Ideal Para:<\/strong><\/p>\n<ul>\n<li>\n<p class=\"ds-markdown-paragraph\">Grandes grupos de reparaci\u00f3n de autom\u00f3viles, centros de pintura de tiendas 4S premium.<\/p>\n<\/li>\n<li>\n<p class=\"ds-markdown-paragraph\">Dep\u00f3sitos de mantenimiento principales para flotas de autobuses, log\u00edstica y veh\u00edculos especiales.<\/p>\n<\/li>\n<li>\n<p class=\"ds-markdown-paragraph\">L\u00edneas de recubrimiento industrial con tolerancia cero a tiempos de inactividad.<\/p>\n<\/li>\n<li>\n<p class=\"ds-markdown-paragraph\">Inversores en regiones con paisajes energ\u00e9ticos en transici\u00f3n o precios vol\u00e1tiles.<\/p>\n<\/li>\n<li>\n<p class=\"ds-markdown-paragraph\">Proveedores de servicios personalizados que manejan tareas de pintura diversas y de alta especificaci\u00f3n.<\/p>\n<\/li>\n<\/ul>\n<p class=\"ds-markdown-paragraph\">El ATK-008DE representa nuestra respuesta de primera categor\u00eda a las necesidades principales del cliente:\u00a0<strong>flexibilidad, fiabilidad y control de costos<\/strong>. No es solo equipo, sino una inversi\u00f3n estrat\u00e9gica en la resiliencia del negocio. Nuestro equipo t\u00e9cnico puede proporcionar un an\u00e1lisis detallado del retorno de inversi\u00f3n de ambos modos de calefacci\u00f3n para su caso espec\u00edfico y ofrecer soluciones de servicio CIF a puertos globales importantes.<\/p>","protected":false},"excerpt":{"rendered":"<p>El ATK-008DE es nuestra cabina de pulverizaci\u00f3n insignia, que integra de manera innovadora sistemas independientes de calefacci\u00f3n por gas y el\u00e9ctrica. Los usuarios pueden elegir libremente el modo de calefacci\u00f3n seg\u00fan el costo, las necesidades del proceso o la disponibilidad de energ\u00eda. Combinado con un espacio extra grande de 8.1 m y un s\u00f3tano con rejilla reforzada de cinco filas, ofrece una flexibilidad y fiabilidad incomparables para la reparaci\u00f3n de veh\u00edculos comerciales y recubrimientos industriales de alta gama.<\/p>","protected":false},"featured_media":3200,"comment_status":"open","ping_status":"closed","template":"","meta":[],"product_brand":[76],"product_cat":[60,59],"product_tag":[73,63,72,69,68,70,84,83],"class_list":{"0":"post-3223","1":"product","2":"type-product","3":"status-publish","4":"has-post-thumbnail","6":"product_brand-autoke","7":"product_cat-car-spray-booth","8":"product_cat-spray-booth","9":"product_tag-automotive-spray-booth-manufacturer","10":"product_tag-car-spray-booth","11":"product_tag-car-spray-booth-factory","12":"product_tag-ce-car-spray-booth","13":"product_tag-customized-car-spray-booth","14":"product_tag-high-quality-spray-booths","15":"product_tag-industrial-coating","16":"product_tag-paint-booth-solutions","18":"first","19":"instock","20":"shipping-taxable","21":"product-type-simple"},"yoast_head":"<!-- This site is optimized with the Yoast SEO plugin v27.4 - https:\/\/yoast.com\/product\/yoast-seo-wordpress\/ -->\n<title>ATK-008DE Premium 8m Dual-Mode Heating Spray Booth | Gas + Electric Dual Systems | Extra-Wide Workspace | Adapts to Variable Processes &amp; Energy Supplies - Autoke-China Paint Booth Manufacturer<\/title>\n<meta name=\"robots\" content=\"index, follow, max-snippet:-1, max-image-preview:large, max-video-preview:-1\" \/>\n<link rel=\"canonical\" href=\"https:\/\/sprayboothmanufacturer.com\/es\/producto\/premium-8m-dual-mode-heating-spray-booth\/\" \/>\n<meta property=\"og:locale\" content=\"es_ES\" \/>\n<meta property=\"og:type\" content=\"article\" \/>\n<meta property=\"og:title\" content=\"ATK-008DE Premium 8m Dual-Mode Heating Spray Booth | Gas + Electric Dual Systems | Extra-Wide Workspace | Adapts to Variable Processes &amp; Energy Supplies - Autoke-China Paint Booth Manufacturer\" \/>\n<meta property=\"og:description\" content=\"The ATK-008DE is our flagship spray booth, innovatively integrating independent gas and electric heating systems. Users can freely choose the heating mode based on cost, process needs, or energy availability. Combined with an 8.1m extra-large space and a five-row reinforced grate basement, it offers unparalleled flexibility and reliability for commercial vehicle repair and high-end industrial coating.\" \/>\n<meta property=\"og:url\" content=\"https:\/\/sprayboothmanufacturer.com\/es\/producto\/premium-8m-dual-mode-heating-spray-booth\/\" \/>\n<meta property=\"og:site_name\" content=\"Autoke-China Paint Booth Manufacturer\" \/>\n<meta property=\"og:image\" content=\"https:\/\/sprayboothmanufacturer.com\/wp-content\/uploads\/2026\/02\/32.png\" \/>\n\t<meta property=\"og:image:width\" content=\"800\" \/>\n\t<meta property=\"og:image:height\" content=\"800\" \/>\n\t<meta property=\"og:image:type\" content=\"image\/png\" \/>\n<meta name=\"twitter:card\" content=\"summary_large_image\" \/>\n<meta name=\"twitter:label1\" content=\"Est. reading time\" \/>\n\t<meta name=\"twitter:data1\" content=\"3 minutos\" \/>\n<script type=\"application\/ld+json\" class=\"yoast-schema-graph\">{\"@context\":\"https:\\\/\\\/schema.org\",\"@graph\":[{\"@type\":\"WebPage\",\"@id\":\"https:\\\/\\\/sprayboothmanufacturer.com\\\/product\\\/premium-8m-dual-mode-heating-spray-booth\\\/\",\"url\":\"https:\\\/\\\/sprayboothmanufacturer.com\\\/product\\\/premium-8m-dual-mode-heating-spray-booth\\\/\",\"name\":\"ATK-008DE Premium 8m Dual-Mode Heating Spray Booth | Gas + Electric Dual Systems | Extra-Wide Workspace | Adapts to Variable Processes & Energy Supplies - Autoke-China Paint Booth Manufacturer\",\"isPartOf\":{\"@id\":\"https:\\\/\\\/sprayboothmanufacturer.com\\\/#website\"},\"primaryImageOfPage\":{\"@id\":\"https:\\\/\\\/sprayboothmanufacturer.com\\\/product\\\/premium-8m-dual-mode-heating-spray-booth\\\/#primaryimage\"},\"image\":{\"@id\":\"https:\\\/\\\/sprayboothmanufacturer.com\\\/product\\\/premium-8m-dual-mode-heating-spray-booth\\\/#primaryimage\"},\"thumbnailUrl\":\"https:\\\/\\\/sprayboothmanufacturer.com\\\/wp-content\\\/uploads\\\/2026\\\/02\\\/32.png\",\"datePublished\":\"2026-02-04T08:11:53+00:00\",\"breadcrumb\":{\"@id\":\"https:\\\/\\\/sprayboothmanufacturer.com\\\/product\\\/premium-8m-dual-mode-heating-spray-booth\\\/#breadcrumb\"},\"inLanguage\":\"es\",\"potentialAction\":[{\"@type\":\"ReadAction\",\"target\":[\"https:\\\/\\\/sprayboothmanufacturer.com\\\/product\\\/premium-8m-dual-mode-heating-spray-booth\\\/\"]}]},{\"@type\":\"ImageObject\",\"inLanguage\":\"es\",\"@id\":\"https:\\\/\\\/sprayboothmanufacturer.com\\\/product\\\/premium-8m-dual-mode-heating-spray-booth\\\/#primaryimage\",\"url\":\"https:\\\/\\\/sprayboothmanufacturer.com\\\/wp-content\\\/uploads\\\/2026\\\/02\\\/32.png\",\"contentUrl\":\"https:\\\/\\\/sprayboothmanufacturer.com\\\/wp-content\\\/uploads\\\/2026\\\/02\\\/32.png\",\"width\":800,\"height\":800},{\"@type\":\"BreadcrumbList\",\"@id\":\"https:\\\/\\\/sprayboothmanufacturer.com\\\/product\\\/premium-8m-dual-mode-heating-spray-booth\\\/#breadcrumb\",\"itemListElement\":[{\"@type\":\"ListItem\",\"position\":1,\"name\":\"Home\",\"item\":\"https:\\\/\\\/sprayboothmanufacturer.com\\\/\"},{\"@type\":\"ListItem\",\"position\":2,\"name\":\"\u4ea7\u54c1\",\"item\":\"https:\\\/\\\/sprayboothmanufacturer.com\\\/shop__trashed\\\/\"},{\"@type\":\"ListItem\",\"position\":3,\"name\":\"ATK-008DE Premium 8m Dual-Mode Heating Spray Booth | Gas + Electric Dual Systems | Extra-Wide Workspace | Adapts to Variable Processes &#038; Energy Supplies\"}]},{\"@type\":\"WebSite\",\"@id\":\"https:\\\/\\\/sprayboothmanufacturer.com\\\/#website\",\"url\":\"https:\\\/\\\/sprayboothmanufacturer.com\\\/\",\"name\":\"Autoke-China Paint Booth Manufacturer\",\"description\":\"\",\"publisher\":{\"@id\":\"https:\\\/\\\/sprayboothmanufacturer.com\\\/#organization\"},\"potentialAction\":[{\"@type\":\"SearchAction\",\"target\":{\"@type\":\"EntryPoint\",\"urlTemplate\":\"https:\\\/\\\/sprayboothmanufacturer.com\\\/?s={search_term_string}\"},\"query-input\":{\"@type\":\"PropertyValueSpecification\",\"valueRequired\":true,\"valueName\":\"search_term_string\"}}],\"inLanguage\":\"es\"},{\"@type\":\"Organization\",\"@id\":\"https:\\\/\\\/sprayboothmanufacturer.com\\\/#organization\",\"name\":\"Autoke-China Paint Booth Manufacturer\",\"url\":\"https:\\\/\\\/sprayboothmanufacturer.com\\\/\",\"logo\":{\"@type\":\"ImageObject\",\"inLanguage\":\"es\",\"@id\":\"https:\\\/\\\/sprayboothmanufacturer.com\\\/#\\\/schema\\\/logo\\\/image\\\/\",\"url\":\"https:\\\/\\\/sprayboothmanufacturer.com\\\/wp-content\\\/uploads\\\/2025\\\/12\\\/\u5fae\u4fe1\u56fe\u7247_20260113195103_1750_4-scaled-e1768394147958.png\",\"contentUrl\":\"https:\\\/\\\/sprayboothmanufacturer.com\\\/wp-content\\\/uploads\\\/2025\\\/12\\\/\u5fae\u4fe1\u56fe\u7247_20260113195103_1750_4-scaled-e1768394147958.png\",\"width\":1740,\"height\":538,\"caption\":\"Autoke-China Paint Booth Manufacturer\"},\"image\":{\"@id\":\"https:\\\/\\\/sprayboothmanufacturer.com\\\/#\\\/schema\\\/logo\\\/image\\\/\"}}]}<\/script>\n<!-- \/ Yoast SEO plugin. -->","yoast_head_json":{"title":"Cabina de pulverizaci\u00f3n de doble modo premium ATK-008DE de 8m | Sistemas duales de gas + el\u00e9ctrico | Espacio de trabajo extra ancho | Se adapta a procesos variables y suministros de energ\u00eda - Fabricante de cabinas de pintura Autoke-China","robots":{"index":"index","follow":"follow","max-snippet":"max-snippet:-1","max-image-preview":"max-image-preview:large","max-video-preview":"max-video-preview:-1"},"canonical":"https:\/\/sprayboothmanufacturer.com\/es\/producto\/premium-8m-dual-mode-heating-spray-booth\/","og_locale":"es_ES","og_type":"article","og_title":"ATK-008DE Premium 8m Dual-Mode Heating Spray Booth | Gas + Electric Dual Systems | Extra-Wide Workspace | Adapts to Variable Processes & Energy Supplies - Autoke-China Paint Booth Manufacturer","og_description":"The ATK-008DE is our flagship spray booth, innovatively integrating independent gas and electric heating systems. Users can freely choose the heating mode based on cost, process needs, or energy availability. Combined with an 8.1m extra-large space and a five-row reinforced grate basement, it offers unparalleled flexibility and reliability for commercial vehicle repair and high-end industrial coating.","og_url":"https:\/\/sprayboothmanufacturer.com\/es\/producto\/premium-8m-dual-mode-heating-spray-booth\/","og_site_name":"Autoke-China Paint Booth Manufacturer","og_image":[{"width":800,"height":800,"url":"https:\/\/sprayboothmanufacturer.com\/wp-content\/uploads\/2026\/02\/32.png","type":"image\/png"}],"twitter_card":"summary_large_image","twitter_misc":{"Est. reading time":"3 minutos"},"schema":{"@context":"https:\/\/schema.org","@graph":[{"@type":"WebPage","@id":"https:\/\/sprayboothmanufacturer.com\/product\/premium-8m-dual-mode-heating-spray-booth\/","url":"https:\/\/sprayboothmanufacturer.com\/product\/premium-8m-dual-mode-heating-spray-booth\/","name":"Cabina de pulverizaci\u00f3n de doble modo premium ATK-008DE de 8m | Sistemas duales de gas + el\u00e9ctrico | Espacio de trabajo extra ancho | Se adapta a procesos variables y suministros de energ\u00eda - Fabricante de cabinas de pintura Autoke-China","isPartOf":{"@id":"https:\/\/sprayboothmanufacturer.com\/#website"},"primaryImageOfPage":{"@id":"https:\/\/sprayboothmanufacturer.com\/product\/premium-8m-dual-mode-heating-spray-booth\/#primaryimage"},"image":{"@id":"https:\/\/sprayboothmanufacturer.com\/product\/premium-8m-dual-mode-heating-spray-booth\/#primaryimage"},"thumbnailUrl":"https:\/\/sprayboothmanufacturer.com\/wp-content\/uploads\/2026\/02\/32.png","datePublished":"2026-02-04T08:11:53+00:00","breadcrumb":{"@id":"https:\/\/sprayboothmanufacturer.com\/product\/premium-8m-dual-mode-heating-spray-booth\/#breadcrumb"},"inLanguage":"es","potentialAction":[{"@type":"ReadAction","target":["https:\/\/sprayboothmanufacturer.com\/product\/premium-8m-dual-mode-heating-spray-booth\/"]}]},{"@type":"ImageObject","inLanguage":"es","@id":"https:\/\/sprayboothmanufacturer.com\/product\/premium-8m-dual-mode-heating-spray-booth\/#primaryimage","url":"https:\/\/sprayboothmanufacturer.com\/wp-content\/uploads\/2026\/02\/32.png","contentUrl":"https:\/\/sprayboothmanufacturer.com\/wp-content\/uploads\/2026\/02\/32.png","width":800,"height":800},{"@type":"BreadcrumbList","@id":"https:\/\/sprayboothmanufacturer.com\/product\/premium-8m-dual-mode-heating-spray-booth\/#breadcrumb","itemListElement":[{"@type":"ListItem","position":1,"name":"Home","item":"https:\/\/sprayboothmanufacturer.com\/"},{"@type":"ListItem","position":2,"name":"\u4ea7\u54c1","item":"https:\/\/sprayboothmanufacturer.com\/shop__trashed\/"},{"@type":"ListItem","position":3,"name":"ATK-008DE Premium 8m Dual-Mode Heating Spray Booth | Gas + Electric Dual Systems | Extra-Wide Workspace | Adapts to Variable Processes &#038; Energy Supplies"}]},{"@type":"WebSite","@id":"https:\/\/sprayboothmanufacturer.com\/#website","url":"https:\/\/sprayboothmanufacturer.com\/","name":"Fabricante de cabinas de pintura Autoke-China","description":"","publisher":{"@id":"https:\/\/sprayboothmanufacturer.com\/#organization"},"potentialAction":[{"@type":"SearchAction","target":{"@type":"EntryPoint","urlTemplate":"https:\/\/sprayboothmanufacturer.com\/?s={search_term_string}"},"query-input":{"@type":"PropertyValueSpecification","valueRequired":true,"valueName":"search_term_string"}}],"inLanguage":"es"},{"@type":"Organization","@id":"https:\/\/sprayboothmanufacturer.com\/#organization","name":"Fabricante de cabinas de pintura Autoke-China","url":"https:\/\/sprayboothmanufacturer.com\/","logo":{"@type":"ImageObject","inLanguage":"es","@id":"https:\/\/sprayboothmanufacturer.com\/#\/schema\/logo\/image\/","url":"https:\/\/sprayboothmanufacturer.com\/wp-content\/uploads\/2025\/12\/\u5fae\u4fe1\u56fe\u7247_20260113195103_1750_4-scaled-e1768394147958.png","contentUrl":"https:\/\/sprayboothmanufacturer.com\/wp-content\/uploads\/2025\/12\/\u5fae\u4fe1\u56fe\u7247_20260113195103_1750_4-scaled-e1768394147958.png","width":1740,"height":538,"caption":"Autoke-China Paint Booth Manufacturer"},"image":{"@id":"https:\/\/sprayboothmanufacturer.com\/#\/schema\/logo\/image\/"}}]}},"_links":{"self":[{"href":"https:\/\/sprayboothmanufacturer.com\/es\/wp-json\/wp\/v2\/product\/3223","targetHints":{"allow":["GET"]}}],"collection":[{"href":"https:\/\/sprayboothmanufacturer.com\/es\/wp-json\/wp\/v2\/product"}],"about":[{"href":"https:\/\/sprayboothmanufacturer.com\/es\/wp-json\/wp\/v2\/types\/product"}],"replies":[{"embeddable":true,"href":"https:\/\/sprayboothmanufacturer.com\/es\/wp-json\/wp\/v2\/comments?post=3223"}],"version-history":[{"count":1,"href":"https:\/\/sprayboothmanufacturer.com\/es\/wp-json\/wp\/v2\/product\/3223\/revisions"}],"predecessor-version":[{"id":3224,"href":"https:\/\/sprayboothmanufacturer.com\/es\/wp-json\/wp\/v2\/product\/3223\/revisions\/3224"}],"wp:featuredmedia":[{"embeddable":true,"href":"https:\/\/sprayboothmanufacturer.com\/es\/wp-json\/wp\/v2\/media\/3200"}],"wp:attachment":[{"href":"https:\/\/sprayboothmanufacturer.com\/es\/wp-json\/wp\/v2\/media?parent=3223"}],"wp:term":[{"taxonomy":"product_brand","embeddable":true,"href":"https:\/\/sprayboothmanufacturer.com\/es\/wp-json\/wp\/v2\/product_brand?post=3223"},{"taxonomy":"product_cat","embeddable":true,"href":"https:\/\/sprayboothmanufacturer.com\/es\/wp-json\/wp\/v2\/product_cat?post=3223"},{"taxonomy":"product_tag","embeddable":true,"href":"https:\/\/sprayboothmanufacturer.com\/es\/wp-json\/wp\/v2\/product_tag?post=3223"}],"curies":[{"name":"wp","href":"https:\/\/api.w.org\/{rel}","templated":true}]}}