{"id":3221,"date":"2026-02-04T08:00:56","date_gmt":"2026-02-04T08:00:56","guid":{"rendered":"https:\/\/sprayboothmanufacturer.com\/?post_type=product&#038;p=3221"},"modified":"2026-02-04T08:00:56","modified_gmt":"2026-02-04T08:00:56","slug":"economical-6m-standard-spray-booth","status":"publish","type":"product","link":"https:\/\/sprayboothmanufacturer.com\/es\/product\/economical-6m-standard-spray-booth\/","title":{"rendered":"Cabina de pulverizaci\u00f3n est\u00e1ndar econ\u00f3mica de 6 m ATK-006B | Modelo b\u00e1sico sin calefacci\u00f3n | Ventilaci\u00f3n y filtraci\u00f3n eficientes | Ideal para reparaciones r\u00e1pidas de autos y entrada a talleres de carrocer\u00eda"},"content":{"rendered":"<table style=\"height: 288px;\" width=\"789\">\n<tbody>\n<tr>\n<td width=\"142\"><strong><b>Cantidad m\u00ednima de pedido :<\/b><\/strong><\/td>\n<td width=\"142\">1 pieza<\/td>\n<td width=\"142\"><strong><b>Precio :<\/b><\/strong><\/td>\n<td width=\"142\">A negociar<\/td>\n<\/tr>\n<tr>\n<td width=\"142\"><strong><b>Detalles del embalaje :<\/b><\/strong><\/td>\n<td width=\"142\">40G o 20GP\/unidad<\/td>\n<td width=\"142\"><strong><b>Tiempo de entrega :<\/b><\/strong><\/td>\n<td width=\"142\">15 d\u00edas a negociar<\/td>\n<\/tr>\n<tr>\n<td width=\"142\"><strong><b>Condiciones de pago :<\/b><\/strong><\/td>\n<td width=\"142\">L\/C, T\/T<\/td>\n<td width=\"142\"><strong><b>Capacidad de suministro :<\/b><\/strong><\/td>\n<td width=\"142\">50 unidades por mes, cabina de pulverizaci\u00f3n industrial, cabina de pulverizaci\u00f3n para autobuses<\/td>\n<\/tr>\n<tr>\n<td width=\"142\"><strong><b>Lugar de origen:<\/b><\/strong><\/td>\n<td width=\"142\">Jiangsu, China<\/td>\n<td width=\"142\"><strong><b>Nombre de la marca:<\/b><\/strong><\/td>\n<td width=\"142\">Autoke<\/td>\n<\/tr>\n<tr>\n<td width=\"142\"><strong><b>Certificaci\u00f3n:<\/b><\/strong><\/td>\n<td width=\"142\">CE<\/td>\n<td width=\"142\"><strong><b>N\u00famero de modelo:<\/b><\/strong><\/td>\n<td width=\"142\"><strong>ATK-006B<\/strong><\/td>\n<\/tr>\n<\/tbody>\n<\/table>\n<p class=\"ds-markdown-paragraph\"><strong>ATK-006B | Cabina de pulverizaci\u00f3n est\u00e1ndar econ\u00f3mica de 6m: Enfocada en la funcionalidad principal, ofreciendo gran valor<\/strong><\/p>\n<p class=\"ds-markdown-paragraph\">El ATK-006B es una cabina de pulverizaci\u00f3n rentable dise\u00f1ada para talleres de reparaci\u00f3n de autos en inicio, peque\u00f1os talleres de carrocer\u00eda, instituciones de formaci\u00f3n y usuarios con requisitos m\u00ednimos de curado. Al omitir el m\u00f3dulo de calefacci\u00f3n, concentra la inversi\u00f3n en los aspectos esenciales\u2014ventilaci\u00f3n, filtraci\u00f3n y calidad de construcci\u00f3n\u2014ofreciendo un espacio de pintura profesional, limpio y seguro a un costo inicial altamente competitivo.<\/p>\n<p class=\"ds-markdown-paragraph\"><strong>Posicionamiento central y ventajas:<\/strong><\/p>\n<ul>\n<li>\n<p class=\"ds-markdown-paragraph\"><strong>Optimizada para el costo<\/strong>:<\/p>\n<ul>\n<li>\n<p class=\"ds-markdown-paragraph\">Elimina la calefacci\u00f3n para reducir significativamente tanto el precio de compra como los costos energ\u00e9ticos continuos, ideal para usuarios con presupuesto limitado que ingresan al mercado.<\/p>\n<\/li>\n<li>\n<p class=\"ds-markdown-paragraph\">Apto para entornos con temperaturas moderadas, donde se utilizan pinturas de secado al aire o de secado r\u00e1pido, o donde no se requiere curado forzado.<\/p>\n<\/li>\n<\/ul>\n<\/li>\n<li>\n<p class=\"ds-markdown-paragraph\"><strong>Ventilaci\u00f3n profesional y limpieza<\/strong>:<\/p>\n<ul>\n<li>\n<p class=\"ds-markdown-paragraph\"><strong>Ventilaci\u00f3n de potencia total<\/strong>: Mantiene los ventiladores centr\u00edfugos de doble entrada de 2\u00d74KW (30.000 m\u00b3\/h de suministro total) y un ventilador de extracci\u00f3n de 5.5KW (19.000 m\u00b3\/h) para eliminar r\u00e1pidamente el sobrepulverizado y los COV, garantizando la seguridad del operador y la calidad del aire.<\/p>\n<\/li>\n<li>\n<p class=\"ds-markdown-paragraph\"><strong>Filtraci\u00f3n completa<\/strong>: Cuenta con el sistema de filtraci\u00f3n en tres etapas completo (primario &gt;10\u03bcm, techo &gt;4\u03bcm @ &gt;98% de eficiencia, suelo con fibra de vidrio multicapa), garantizando un suministro de aire limpio para acabados de calidad.<\/p>\n<\/li>\n<\/ul>\n<\/li>\n<li>\n<p class=\"ds-markdown-paragraph\"><strong>Construcci\u00f3n Robusta y Duradera<\/strong>:<\/p>\n<ul>\n<li>\n<p class=\"ds-markdown-paragraph\">Mismo\u00a0<strong>paneles de acero color resistente al fuego de doble capa y lana de roca<\/strong>\u00a0(densidad 100KG\/m\u00b3) que los modelos premium, proporcionando aislamiento, insonorizaci\u00f3n y resistencia al fuego.<\/p>\n<\/li>\n<li>\n<p class=\"ds-markdown-paragraph\"><strong>S\u00f3tano reforzado<\/strong>\u00a0fabricado con l\u00e1minas de acero galvanizado y tubos cuadrados, con 4 patas auxiliares para una capacidad de carga superior a 5 toneladas.<\/p>\n<\/li>\n<li>\n<p class=\"ds-markdown-paragraph\"><strong>Armario modular de ventilador de acero galvanizado<\/strong>\u00a0(1.1*2.2m) ofrece una colocaci\u00f3n flexible (izquierda\/derecha\/atr\u00e1s).<\/p>\n<\/li>\n<\/ul>\n<\/li>\n<li>\n<p class=\"ds-markdown-paragraph\"><strong>Funciones b\u00e1sicas completas<\/strong>:<\/p>\n<ul>\n<li>\n<p class=\"ds-markdown-paragraph\"><strong>Iluminaci\u00f3n Profesional<\/strong>: 24x luces LED de techo de 18W (\u00e1ngulo de 45\u00b0) y 8x luces LED de pared lateral de 48W para una iluminaci\u00f3n uniforme y sin sombras.<\/p>\n<\/li>\n<li>\n<p class=\"ds-markdown-paragraph\"><strong>Control inteligente<\/strong>: Panel de control integrado est\u00e1ndar con funciones de iluminaci\u00f3n, modo de pulverizaci\u00f3n, control de ventilador y parada de emergencia.<\/p>\n<\/li>\n<\/ul>\n<\/li>\n<\/ul>\n<p class=\"ds-markdown-paragraph\"><strong>Resumen de especificaciones:<\/strong><\/p>\n<ul>\n<li>\n<p class=\"ds-markdown-paragraph\"><strong>Modelo<\/strong>: ATK-006B<\/p>\n<\/li>\n<li>\n<p class=\"ds-markdown-paragraph\"><strong>Dimensiones Externas\/Internas<\/strong>: 6000\u00d74000\u00d73500mm \/ 5900\u00d73900\u00d72800mm<\/p>\n<\/li>\n<li>\n<p class=\"ds-markdown-paragraph\"><strong>Calefacci\u00f3n<\/strong>: Ninguno<\/p>\n<\/li>\n<li>\n<p class=\"ds-markdown-paragraph\"><strong>Potencia de Ventilaci\u00f3n<\/strong>: Suministro 2\u00d74KW + Extracci\u00f3n 1\u00d75.5KW<\/p>\n<\/li>\n<li>\n<p class=\"ds-markdown-paragraph\"><strong>Potencia el\u00e9ctrica total<\/strong>: Solo para ventilaci\u00f3n, iluminaci\u00f3n y controles (mucho menor que los modelos de calefacci\u00f3n).<\/p>\n<\/li>\n<li>\n<p class=\"ds-markdown-paragraph\"><strong>Embalaje<\/strong>: ~19 CBM, compatible con contenedores est\u00e1ndar (3 unidades en un 40HQ).<\/p>\n<\/li>\n<\/ul>\n<p class=\"ds-markdown-paragraph\"><strong>Ideal Para:<\/strong><\/p>\n<ul>\n<li>\n<p class=\"ds-markdown-paragraph\">Nuevas tiendas de servicio r\u00e1pido automotriz, peque\u00f1os talleres de carrocer\u00eda y pintura.<\/p>\n<\/li>\n<li>\n<p class=\"ds-markdown-paragraph\">Escuelas vocacionales y centros de formaci\u00f3n para reparaci\u00f3n de autom\u00f3viles.<\/p>\n<\/li>\n<li>\n<p class=\"ds-markdown-paragraph\">Puntos de mantenimiento de flotas para reparaciones y pintura locales.<\/p>\n<\/li>\n<li>\n<p class=\"ds-markdown-paragraph\">Regiones con climas consistentemente c\u00e1lidos donde no es necesario calefacci\u00f3n adicional (por ejemplo, partes del sureste de Asia, Oriente Medio, \u00c1frica).<\/p>\n<\/li>\n<li>\n<p class=\"ds-markdown-paragraph\">Como estaci\u00f3n de pulverizaci\u00f3n adicional en talleres existentes para tareas de pintura sin hornear.<\/p>\n<\/li>\n<\/ul>\n<p class=\"ds-markdown-paragraph\"><strong>Ruta de actualizaci\u00f3n futura:<\/strong><br \/>\nEl ATK-006B est\u00e1 dise\u00f1ado con flexibilidad. Las interfaces el\u00e9ctricas y estructurales est\u00e1ndar permiten una futura adaptaci\u00f3n f\u00e1cil con\u00a0<strong>el\u00e9ctrico<\/strong>\u00a0or\u00a0<strong>m\u00f3dulos de calefacci\u00f3n di\u00e9sel\/gas<\/strong>, protegiendo su inversi\u00f3n inicial a medida que su negocio crece.<\/p>\n<p class=\"ds-markdown-paragraph\">El ATK-006B demuestra que un entorno profesional de pintura puede ser asequible. Nos comprometemos a ofrecer soluciones \u00f3ptimas para cada etapa y presupuesto. Contacte a nuestros consultores t\u00e9cnicos para una evaluaci\u00f3n gratuita de si este modelo se ajusta a su proceso o para discutir futuras opciones de actualizaci\u00f3n.<\/p>","protected":false},"excerpt":{"rendered":"<p>El ATK-006B es una cabina de pulverizaci\u00f3n est\u00e1ndar de 6m rentable, dise\u00f1ada para ofrecer un entorno de pintura limpio y estable. Aunque omite la calefacci\u00f3n, mantiene una ventilaci\u00f3n potente (30.000 m\u00b3\/h) y un sistema de filtraci\u00f3n en tres etapas, lo que la convierte en una opci\u00f3n confiable para talleres de reparaci\u00f3n r\u00e1pida y talleres de carrocer\u00eda en climas templados o con consideraciones presupuestarias.<\/p>","protected":false},"featured_media":3179,"comment_status":"open","ping_status":"closed","template":"","meta":[],"product_brand":[76],"product_cat":[60,59],"product_tag":[79,73,63,72,66,69,65,64,82],"class_list":{"0":"post-3221","1":"product","2":"type-product","3":"status-publish","4":"has-post-thumbnail","6":"product_brand-autoke","7":"product_cat-car-spray-booth","8":"product_cat-spray-booth","9":"product_tag-automotive-spray-booth","10":"product_tag-automotive-spray-booth-manufacturer","11":"product_tag-car-spray-booth","12":"product_tag-car-spray-booth-factory","13":"product_tag-car-spray-booth-manufacturer","14":"product_tag-ce-car-spray-booth","15":"product_tag-efficient-car-spray-booth","16":"product_tag-environmentally-friendly-car-spray-booth","17":"product_tag-waterproof-roof","19":"first","20":"instock","21":"shipping-taxable","22":"product-type-simple"},"yoast_head":"<!-- This site is optimized with the Yoast SEO plugin v27.4 - https:\/\/yoast.com\/product\/yoast-seo-wordpress\/ -->\n<title>ATK-006B Economical 6m Standard Spray Booth | No-Heating Basic Model | Efficient Ventilation &amp; Filtration | Ideal for Auto Quick Repair &amp; Body Shop Entry - Autoke-China Paint Booth Manufacturer<\/title>\n<meta name=\"robots\" content=\"index, follow, max-snippet:-1, max-image-preview:large, max-video-preview:-1\" \/>\n<link rel=\"canonical\" href=\"https:\/\/sprayboothmanufacturer.com\/es\/producto\/economical-6m-standard-spray-booth\/\" \/>\n<meta property=\"og:locale\" content=\"es_ES\" \/>\n<meta property=\"og:type\" content=\"article\" \/>\n<meta property=\"og:title\" content=\"ATK-006B Economical 6m Standard Spray Booth | No-Heating Basic Model | Efficient Ventilation &amp; Filtration | Ideal for Auto Quick Repair &amp; Body Shop Entry - Autoke-China Paint Booth Manufacturer\" \/>\n<meta property=\"og:description\" content=\"The ATK-006B is a cost-effective 6m standard spray booth focused on delivering a clean, stable painting environment. While omitting heating, it retains powerful ventilation (30,000 m\u00b3\/h) and a three-stage filtration system, making it a reliable choice for auto quick-service shops and body shops in temperate climates or with budget considerations.\" \/>\n<meta property=\"og:url\" content=\"https:\/\/sprayboothmanufacturer.com\/es\/producto\/economical-6m-standard-spray-booth\/\" \/>\n<meta property=\"og:site_name\" content=\"Autoke-China Paint Booth Manufacturer\" \/>\n<meta property=\"og:image\" content=\"https:\/\/sprayboothmanufacturer.com\/wp-content\/uploads\/2026\/02\/10.png\" \/>\n\t<meta property=\"og:image:width\" content=\"800\" \/>\n\t<meta property=\"og:image:height\" content=\"800\" \/>\n\t<meta property=\"og:image:type\" content=\"image\/png\" \/>\n<meta name=\"twitter:card\" content=\"summary_large_image\" \/>\n<meta name=\"twitter:label1\" content=\"Est. reading time\" \/>\n\t<meta name=\"twitter:data1\" content=\"3 minutos\" \/>\n<script type=\"application\/ld+json\" class=\"yoast-schema-graph\">{\"@context\":\"https:\\\/\\\/schema.org\",\"@graph\":[{\"@type\":\"WebPage\",\"@id\":\"https:\\\/\\\/sprayboothmanufacturer.com\\\/product\\\/economical-6m-standard-spray-booth\\\/\",\"url\":\"https:\\\/\\\/sprayboothmanufacturer.com\\\/product\\\/economical-6m-standard-spray-booth\\\/\",\"name\":\"ATK-006B Economical 6m Standard Spray Booth | No-Heating Basic Model | Efficient Ventilation & Filtration | Ideal for Auto Quick Repair & Body Shop Entry - Autoke-China Paint Booth Manufacturer\",\"isPartOf\":{\"@id\":\"https:\\\/\\\/sprayboothmanufacturer.com\\\/#website\"},\"primaryImageOfPage\":{\"@id\":\"https:\\\/\\\/sprayboothmanufacturer.com\\\/product\\\/economical-6m-standard-spray-booth\\\/#primaryimage\"},\"image\":{\"@id\":\"https:\\\/\\\/sprayboothmanufacturer.com\\\/product\\\/economical-6m-standard-spray-booth\\\/#primaryimage\"},\"thumbnailUrl\":\"https:\\\/\\\/sprayboothmanufacturer.com\\\/wp-content\\\/uploads\\\/2026\\\/02\\\/10.png\",\"datePublished\":\"2026-02-04T08:00:56+00:00\",\"breadcrumb\":{\"@id\":\"https:\\\/\\\/sprayboothmanufacturer.com\\\/product\\\/economical-6m-standard-spray-booth\\\/#breadcrumb\"},\"inLanguage\":\"es\",\"potentialAction\":[{\"@type\":\"ReadAction\",\"target\":[\"https:\\\/\\\/sprayboothmanufacturer.com\\\/product\\\/economical-6m-standard-spray-booth\\\/\"]}]},{\"@type\":\"ImageObject\",\"inLanguage\":\"es\",\"@id\":\"https:\\\/\\\/sprayboothmanufacturer.com\\\/product\\\/economical-6m-standard-spray-booth\\\/#primaryimage\",\"url\":\"https:\\\/\\\/sprayboothmanufacturer.com\\\/wp-content\\\/uploads\\\/2026\\\/02\\\/10.png\",\"contentUrl\":\"https:\\\/\\\/sprayboothmanufacturer.com\\\/wp-content\\\/uploads\\\/2026\\\/02\\\/10.png\",\"width\":800,\"height\":800},{\"@type\":\"BreadcrumbList\",\"@id\":\"https:\\\/\\\/sprayboothmanufacturer.com\\\/product\\\/economical-6m-standard-spray-booth\\\/#breadcrumb\",\"itemListElement\":[{\"@type\":\"ListItem\",\"position\":1,\"name\":\"Home\",\"item\":\"https:\\\/\\\/sprayboothmanufacturer.com\\\/\"},{\"@type\":\"ListItem\",\"position\":2,\"name\":\"\u4ea7\u54c1\",\"item\":\"https:\\\/\\\/sprayboothmanufacturer.com\\\/shop__trashed\\\/\"},{\"@type\":\"ListItem\",\"position\":3,\"name\":\"ATK-006B Economical 6m Standard Spray Booth | No-Heating Basic Model | Efficient Ventilation &#038; Filtration | Ideal for Auto Quick Repair &#038; Body Shop Entry\"}]},{\"@type\":\"WebSite\",\"@id\":\"https:\\\/\\\/sprayboothmanufacturer.com\\\/#website\",\"url\":\"https:\\\/\\\/sprayboothmanufacturer.com\\\/\",\"name\":\"Autoke-China Paint Booth Manufacturer\",\"description\":\"\",\"publisher\":{\"@id\":\"https:\\\/\\\/sprayboothmanufacturer.com\\\/#organization\"},\"potentialAction\":[{\"@type\":\"SearchAction\",\"target\":{\"@type\":\"EntryPoint\",\"urlTemplate\":\"https:\\\/\\\/sprayboothmanufacturer.com\\\/?s={search_term_string}\"},\"query-input\":{\"@type\":\"PropertyValueSpecification\",\"valueRequired\":true,\"valueName\":\"search_term_string\"}}],\"inLanguage\":\"es\"},{\"@type\":\"Organization\",\"@id\":\"https:\\\/\\\/sprayboothmanufacturer.com\\\/#organization\",\"name\":\"Autoke-China Paint Booth Manufacturer\",\"url\":\"https:\\\/\\\/sprayboothmanufacturer.com\\\/\",\"logo\":{\"@type\":\"ImageObject\",\"inLanguage\":\"es\",\"@id\":\"https:\\\/\\\/sprayboothmanufacturer.com\\\/#\\\/schema\\\/logo\\\/image\\\/\",\"url\":\"https:\\\/\\\/sprayboothmanufacturer.com\\\/wp-content\\\/uploads\\\/2025\\\/12\\\/\u5fae\u4fe1\u56fe\u7247_20260113195103_1750_4-scaled-e1768394147958.png\",\"contentUrl\":\"https:\\\/\\\/sprayboothmanufacturer.com\\\/wp-content\\\/uploads\\\/2025\\\/12\\\/\u5fae\u4fe1\u56fe\u7247_20260113195103_1750_4-scaled-e1768394147958.png\",\"width\":1740,\"height\":538,\"caption\":\"Autoke-China Paint Booth Manufacturer\"},\"image\":{\"@id\":\"https:\\\/\\\/sprayboothmanufacturer.com\\\/#\\\/schema\\\/logo\\\/image\\\/\"}}]}<\/script>\n<!-- \/ Yoast SEO plugin. -->","yoast_head_json":{"title":"Cabina de pulverizaci\u00f3n est\u00e1ndar econ\u00f3mica de 6 m ATK-006B | Modelo b\u00e1sico sin calefacci\u00f3n | Ventilaci\u00f3n y filtraci\u00f3n eficientes | Ideal para reparaciones r\u00e1pidas de autom\u00f3viles y entrada a talleres de carrocer\u00eda - Fabricante de cabinas de pintura Autoke-China","robots":{"index":"index","follow":"follow","max-snippet":"max-snippet:-1","max-image-preview":"max-image-preview:large","max-video-preview":"max-video-preview:-1"},"canonical":"https:\/\/sprayboothmanufacturer.com\/es\/producto\/economical-6m-standard-spray-booth\/","og_locale":"es_ES","og_type":"article","og_title":"ATK-006B Economical 6m Standard Spray Booth | No-Heating Basic Model | Efficient Ventilation & Filtration | Ideal for Auto Quick Repair & Body Shop Entry - Autoke-China Paint Booth Manufacturer","og_description":"The ATK-006B is a cost-effective 6m standard spray booth focused on delivering a clean, stable painting environment. While omitting heating, it retains powerful ventilation (30,000 m\u00b3\/h) and a three-stage filtration system, making it a reliable choice for auto quick-service shops and body shops in temperate climates or with budget considerations.","og_url":"https:\/\/sprayboothmanufacturer.com\/es\/producto\/economical-6m-standard-spray-booth\/","og_site_name":"Autoke-China Paint Booth Manufacturer","og_image":[{"width":800,"height":800,"url":"https:\/\/sprayboothmanufacturer.com\/wp-content\/uploads\/2026\/02\/10.png","type":"image\/png"}],"twitter_card":"summary_large_image","twitter_misc":{"Est. reading time":"3 minutos"},"schema":{"@context":"https:\/\/schema.org","@graph":[{"@type":"WebPage","@id":"https:\/\/sprayboothmanufacturer.com\/product\/economical-6m-standard-spray-booth\/","url":"https:\/\/sprayboothmanufacturer.com\/product\/economical-6m-standard-spray-booth\/","name":"Cabina de pulverizaci\u00f3n est\u00e1ndar econ\u00f3mica de 6 m ATK-006B | Modelo b\u00e1sico sin calefacci\u00f3n | Ventilaci\u00f3n y filtraci\u00f3n eficientes | Ideal para reparaciones r\u00e1pidas de autom\u00f3viles y entrada a talleres de carrocer\u00eda - Fabricante de cabinas de pintura Autoke-China","isPartOf":{"@id":"https:\/\/sprayboothmanufacturer.com\/#website"},"primaryImageOfPage":{"@id":"https:\/\/sprayboothmanufacturer.com\/product\/economical-6m-standard-spray-booth\/#primaryimage"},"image":{"@id":"https:\/\/sprayboothmanufacturer.com\/product\/economical-6m-standard-spray-booth\/#primaryimage"},"thumbnailUrl":"https:\/\/sprayboothmanufacturer.com\/wp-content\/uploads\/2026\/02\/10.png","datePublished":"2026-02-04T08:00:56+00:00","breadcrumb":{"@id":"https:\/\/sprayboothmanufacturer.com\/product\/economical-6m-standard-spray-booth\/#breadcrumb"},"inLanguage":"es","potentialAction":[{"@type":"ReadAction","target":["https:\/\/sprayboothmanufacturer.com\/product\/economical-6m-standard-spray-booth\/"]}]},{"@type":"ImageObject","inLanguage":"es","@id":"https:\/\/sprayboothmanufacturer.com\/product\/economical-6m-standard-spray-booth\/#primaryimage","url":"https:\/\/sprayboothmanufacturer.com\/wp-content\/uploads\/2026\/02\/10.png","contentUrl":"https:\/\/sprayboothmanufacturer.com\/wp-content\/uploads\/2026\/02\/10.png","width":800,"height":800},{"@type":"BreadcrumbList","@id":"https:\/\/sprayboothmanufacturer.com\/product\/economical-6m-standard-spray-booth\/#breadcrumb","itemListElement":[{"@type":"ListItem","position":1,"name":"Home","item":"https:\/\/sprayboothmanufacturer.com\/"},{"@type":"ListItem","position":2,"name":"\u4ea7\u54c1","item":"https:\/\/sprayboothmanufacturer.com\/shop__trashed\/"},{"@type":"ListItem","position":3,"name":"ATK-006B Economical 6m Standard Spray Booth | No-Heating Basic Model | Efficient Ventilation &#038; Filtration | Ideal for Auto Quick Repair &#038; Body Shop Entry"}]},{"@type":"WebSite","@id":"https:\/\/sprayboothmanufacturer.com\/#website","url":"https:\/\/sprayboothmanufacturer.com\/","name":"Fabricante de cabinas de pintura Autoke-China","description":"","publisher":{"@id":"https:\/\/sprayboothmanufacturer.com\/#organization"},"potentialAction":[{"@type":"SearchAction","target":{"@type":"EntryPoint","urlTemplate":"https:\/\/sprayboothmanufacturer.com\/?s={search_term_string}"},"query-input":{"@type":"PropertyValueSpecification","valueRequired":true,"valueName":"search_term_string"}}],"inLanguage":"es"},{"@type":"Organization","@id":"https:\/\/sprayboothmanufacturer.com\/#organization","name":"Fabricante de cabinas de pintura Autoke-China","url":"https:\/\/sprayboothmanufacturer.com\/","logo":{"@type":"ImageObject","inLanguage":"es","@id":"https:\/\/sprayboothmanufacturer.com\/#\/schema\/logo\/image\/","url":"https:\/\/sprayboothmanufacturer.com\/wp-content\/uploads\/2025\/12\/\u5fae\u4fe1\u56fe\u7247_20260113195103_1750_4-scaled-e1768394147958.png","contentUrl":"https:\/\/sprayboothmanufacturer.com\/wp-content\/uploads\/2025\/12\/\u5fae\u4fe1\u56fe\u7247_20260113195103_1750_4-scaled-e1768394147958.png","width":1740,"height":538,"caption":"Autoke-China Paint Booth Manufacturer"},"image":{"@id":"https:\/\/sprayboothmanufacturer.com\/#\/schema\/logo\/image\/"}}]}},"_links":{"self":[{"href":"https:\/\/sprayboothmanufacturer.com\/es\/wp-json\/wp\/v2\/product\/3221","targetHints":{"allow":["GET"]}}],"collection":[{"href":"https:\/\/sprayboothmanufacturer.com\/es\/wp-json\/wp\/v2\/product"}],"about":[{"href":"https:\/\/sprayboothmanufacturer.com\/es\/wp-json\/wp\/v2\/types\/product"}],"replies":[{"embeddable":true,"href":"https:\/\/sprayboothmanufacturer.com\/es\/wp-json\/wp\/v2\/comments?post=3221"}],"version-history":[{"count":1,"href":"https:\/\/sprayboothmanufacturer.com\/es\/wp-json\/wp\/v2\/product\/3221\/revisions"}],"predecessor-version":[{"id":3222,"href":"https:\/\/sprayboothmanufacturer.com\/es\/wp-json\/wp\/v2\/product\/3221\/revisions\/3222"}],"wp:featuredmedia":[{"embeddable":true,"href":"https:\/\/sprayboothmanufacturer.com\/es\/wp-json\/wp\/v2\/media\/3179"}],"wp:attachment":[{"href":"https:\/\/sprayboothmanufacturer.com\/es\/wp-json\/wp\/v2\/media?parent=3221"}],"wp:term":[{"taxonomy":"product_brand","embeddable":true,"href":"https:\/\/sprayboothmanufacturer.com\/es\/wp-json\/wp\/v2\/product_brand?post=3221"},{"taxonomy":"product_cat","embeddable":true,"href":"https:\/\/sprayboothmanufacturer.com\/es\/wp-json\/wp\/v2\/product_cat?post=3221"},{"taxonomy":"product_tag","embeddable":true,"href":"https:\/\/sprayboothmanufacturer.com\/es\/wp-json\/wp\/v2\/product_tag?post=3221"}],"curies":[{"name":"wp","href":"https:\/\/api.w.org\/{rel}","templated":true}]}}