{"id":3217,"date":"2026-02-04T02:35:34","date_gmt":"2026-02-04T02:35:34","guid":{"rendered":"https:\/\/sprayboothmanufacturer.com\/?post_type=product&#038;p=3217"},"modified":"2026-02-04T02:58:45","modified_gmt":"2026-02-04T02:58:45","slug":"professional-7m-electric-spray-workshop-complete-solution","status":"publish","type":"product","link":"https:\/\/sprayboothmanufacturer.com\/es\/product\/professional-7m-electric-spray-workshop-complete-solution\/","title":{"rendered":"ATK-007C-E Taller de pulverizaci\u00f3n el\u00e9ctrica profesional de 7 m soluci\u00f3n completa | Incluye sala de preparaci\u00f3n y sala de mezcla | Dise\u00f1o de flujo de trabajo integrado"},"content":{"rendered":"<table style=\"height: 148px;\" width=\"795\">\n<tbody>\n<tr>\n<td width=\"142\"><strong><b>Cantidad m\u00ednima de pedido :<\/b><\/strong><\/td>\n<td width=\"142\">1 pieza<\/td>\n<td width=\"142\"><strong><b>Precio :<\/b><\/strong><\/td>\n<td width=\"142\">A negociar<\/td>\n<\/tr>\n<tr>\n<td width=\"142\"><strong><b>Detalles del embalaje :<\/b><\/strong><\/td>\n<td width=\"142\">40G o 20GP\/unidad<\/td>\n<td width=\"142\"><strong><b>Tiempo de entrega :<\/b><\/strong><\/td>\n<td width=\"142\">15 d\u00edas a negociar<\/td>\n<\/tr>\n<tr>\n<td width=\"142\"><strong><b>Condiciones de pago :<\/b><\/strong><\/td>\n<td width=\"142\">L\/C, T\/T<\/td>\n<td width=\"142\"><strong><b>Capacidad de suministro :<\/b><\/strong><\/td>\n<td width=\"142\">50 unidades por mes, cabina de pulverizaci\u00f3n industrial, cabina de pulverizaci\u00f3n para autobuses<\/td>\n<\/tr>\n<tr>\n<td width=\"142\"><strong><b>Lugar de origen:<\/b><\/strong><\/td>\n<td width=\"142\">Jiangsu, China<\/td>\n<td width=\"142\"><strong><b>Nombre de la marca:<\/b><\/strong><\/td>\n<td width=\"142\">Autoke<\/td>\n<\/tr>\n<tr>\n<td width=\"142\"><strong><b>Certificaci\u00f3n:<\/b><\/strong><\/td>\n<td width=\"142\">CE<\/td>\n<td width=\"142\"><strong><b>N\u00famero de modelo:<\/b><\/strong><\/td>\n<td width=\"142\">ATK-007C-E<\/td>\n<\/tr>\n<\/tbody>\n<\/table>\n<p class=\"ds-markdown-paragraph\"><strong>ATK-007C-E | Soluci\u00f3n completa para taller de pulverizaci\u00f3n el\u00e9ctrica de 7m: Dise\u00f1o modular, flujo de trabajo optimizado<\/strong><\/p>\n<p class=\"ds-markdown-paragraph\">El ATK-007C-E es una soluci\u00f3n de taller de pulverizaci\u00f3n integrada dise\u00f1ada para talleres de reparaci\u00f3n de autom\u00f3viles peque\u00f1os a medianos, centros de carrocer\u00eda y clientes de recubrimientos industriales que buscan flujos de trabajo eficientes y profesionales. Separa cient\u00edficamente el \u00e1rea principal de pulverizaci\u00f3n, el \u00e1rea de pretratamiento y el \u00e1rea de preparaci\u00f3n de materiales, incorporando todas las funciones esenciales de un taller de recubrimiento profesional en un espacio compacto.<\/p>\n<p class=\"ds-markdown-paragraph\"><strong>Componentes principales y ventajas:<\/strong><\/p>\n<ol start=\"1\">\n<li>\n<p class=\"ds-markdown-paragraph\"><strong>Cabina de pulverizaci\u00f3n principal de 7m (el\u00e9ctrica est\u00e1ndar)<\/strong><\/p>\n<ul>\n<li>\n<p class=\"ds-markdown-paragraph\"><strong>Calefacci\u00f3n eficiente<\/strong>: 10 conjuntos de l\u00e1mparas de infrarrojos hal\u00f3genos para hornear (total 30KW) calientan la cabina a 40\u00b0C en 5-8 minutos (m\u00e1ximo 80\u00b0C) para un curado r\u00e1pido y uniforme de la pintura.<\/p>\n<\/li>\n<li>\n<p class=\"ds-markdown-paragraph\"><strong>Entorno limpio<\/strong>: 2\u00d74KW de ventiladores de suministro (30,000 m\u00b3\/h) + 1\u00d75.5KW de ventilador de extracci\u00f3n (19,000 m\u00b3\/h) combinados con un sistema de filtraci\u00f3n de 3 etapas (primaria, techo 98%, suelo) aseguran un entorno de pulverizaci\u00f3n sin polvo.<\/p>\n<\/li>\n<li>\n<p class=\"ds-markdown-paragraph\"><strong>Estructura robusta<\/strong>: Muros de acero color resistente al fuego de doble capa con lana de roca, s\u00f3tano de rejilla de acero galvanizado con patas auxiliares soporta m\u00e1s de 5 toneladas.<\/p>\n<\/li>\n<\/ul>\n<\/li>\n<li>\n<p class=\"ds-markdown-paragraph\"><strong>Sala de preparaci\u00f3n independiente (\u00c1rea de lijado en seco)<\/strong><\/p>\n<ul>\n<li>\n<p class=\"ds-markdown-paragraph\"><strong>Control de polvo<\/strong>: Caja de filtro de extracci\u00f3n de polvo de lijado en seco incorporada (3000\u00d71000\u00d72000mm) con un ventilador de extracci\u00f3n dedicado de 7.5KW que captura eficazmente el polvo de lijado, protegiendo la limpieza de la cabina principal y la salud de los trabajadores.<\/p>\n<\/li>\n<li>\n<p class=\"ds-markdown-paragraph\"><strong>Operaci\u00f3n aislada<\/strong>: Completamente aislada de la zona de pintura para evitar la contaminaci\u00f3n por polvo de la pintura h\u00fameda o del entorno de pulverizaci\u00f3n limpio.<\/p>\n<\/li>\n<\/ul>\n<\/li>\n<li>\n<p class=\"ds-markdown-paragraph\"><strong>Sala profesional de mezcla de pintura<\/strong><\/p>\n<ul>\n<li>\n<p class=\"ds-markdown-paragraph\"><strong>Correspondencia de color precisa<\/strong>: Un espacio cerrado con un armario de mezcla profesional garantiza una formulaci\u00f3n precisa de la pintura y evita que los vapores de solvente se propaguen.<\/p>\n<\/li>\n<li>\n<p class=\"ds-markdown-paragraph\"><strong>Optimizaci\u00f3n de Procesos<\/strong>: A\u00edsla y prioriza el paso de preparaci\u00f3n del color, reduciendo el tiempo sin pulverizaci\u00f3n dentro de la cabina principal y aumentando la rotaci\u00f3n.<\/p>\n<\/li>\n<\/ul>\n<\/li>\n<\/ol>\n<p class=\"ds-markdown-paragraph\"><strong>Valor Central del Dise\u00f1o Integrado:<\/strong><\/p>\n<ul>\n<li>\n<p class=\"ds-markdown-paragraph\"><strong>Flujo de trabajo optimizado, mayor eficiencia<\/strong>: Tres zonas independientes permiten una l\u00ednea de trabajo \u201cpreparar-mezclar-pintar\u201d, reduciendo significativamente los tiempos de espera y movimiento del veh\u00edculo.<\/p>\n<\/li>\n<li>\n<p class=\"ds-markdown-paragraph\"><strong>Cumplimiento Ambiental y Salud<\/strong>: La recolecci\u00f3n y tratamiento segregados de polvo y COVs mejoran las condiciones generales del taller y facilitan el cumplimiento normativo.<\/p>\n<\/li>\n<li>\n<p class=\"ds-markdown-paragraph\"><strong>Ahorro de Espacio y Rentabilidad<\/strong>: M\u00e1s compacto que tres unidades separadas, con una instalaci\u00f3n m\u00e1s sencilla y potencialmente menor coste total de propiedad.<\/p>\n<\/li>\n<li>\n<p class=\"ds-markdown-paragraph\"><strong>Opciones Flexibles<\/strong>: La cabina principal disponible con calefacci\u00f3n di\u00e9sel (modelo ATK-007C-D) para adaptarse a los costes energ\u00e9ticos y disponibilidad regionales.<\/p>\n<\/li>\n<\/ul>\n<p class=\"ds-markdown-paragraph\"><strong>Resumen de Especificaciones Est\u00e1ndar:<\/strong><\/p>\n<ul>\n<li>\n<p class=\"ds-markdown-paragraph\"><strong>Modelo<\/strong>: ATK-007C-E<\/p>\n<\/li>\n<li>\n<p class=\"ds-markdown-paragraph\"><strong>Interior de la Cabina Principal<\/strong>: 6900\u00d73900\u00d72650mm<\/p>\n<\/li>\n<li>\n<p class=\"ds-markdown-paragraph\"><strong>Interior de la Sala de Preparaci\u00f3n<\/strong>: 6900\u00d73900\u00d72650mm<\/p>\n<\/li>\n<li>\n<p class=\"ds-markdown-paragraph\"><strong>Interior de la Sala de Mezcla<\/strong>: 2900\u00d73900\u00d73000mm<\/p>\n<\/li>\n<li>\n<p class=\"ds-markdown-paragraph\"><strong>Calefacci\u00f3n de la Cabina Principal<\/strong>: El\u00e9ctrico (220V\/380V, 50Hz)<\/p>\n<\/li>\n<li>\n<p class=\"ds-markdown-paragraph\"><strong>Potencia Total de la Cabina Principal<\/strong>: 38 KW<\/p>\n<\/li>\n<\/ul>\n<p class=\"ds-markdown-paragraph\"><strong>Ideal Para:<\/strong><br \/>\nTalleres de reparaci\u00f3n de autos de tama\u00f1o medio, centros especializados en carrocer\u00eda y pintura, instalaciones de mantenimiento de flotas, l\u00edneas de recubrimiento de equipos industriales peque\u00f1os, y cualquier usuario que busque actualizarse a un proceso de pintura profesional y estandarizado con una inversi\u00f3n sensata.<\/p>\n<p class=\"ds-markdown-paragraph\">El ATK-007C-E es m\u00e1s que un equipo: es una redefinici\u00f3n del flujo de trabajo de pintura profesional. Contacte a nuestro equipo t\u00e9cnico para planificaci\u00f3n detallada del dise\u00f1o, comparaciones de opciones de calefacci\u00f3n o una propuesta personalizada.<\/p>","protected":false},"excerpt":{"rendered":"<p>El ATK-007C-E es un sistema de taller de pulverizaci\u00f3n eficiente de 7 metros que integra una cabina principal, una sala dedicada de preparaci\u00f3n para lijado en seco y una sala profesional de mezcla de pintura. Con calefacci\u00f3n el\u00e9ctrica de 30KW y filtraci\u00f3n de triple etapa, separa los procesos de pintura, lijado y mezcla de colores, dise\u00f1ado para mejorar la eficiencia del flujo de trabajo y la calidad del acabado en talleres de reparaci\u00f3n de autom\u00f3viles y centros de carrocer\u00eda.<\/p>","protected":false},"featured_media":3139,"comment_status":"open","ping_status":"closed","template":"","meta":[],"product_brand":[76],"product_cat":[60,59],"product_tag":[79,73,63,72,66,67,69,68],"class_list":{"0":"post-3217","1":"product","2":"type-product","3":"status-publish","4":"has-post-thumbnail","6":"product_brand-autoke","7":"product_cat-car-spray-booth","8":"product_cat-spray-booth","9":"product_tag-automotive-spray-booth","10":"product_tag-automotive-spray-booth-manufacturer","11":"product_tag-car-spray-booth","12":"product_tag-car-spray-booth-factory","13":"product_tag-car-spray-booth-manufacturer","14":"product_tag-car-spray-booth-manufacturing","15":"product_tag-ce-car-spray-booth","16":"product_tag-customized-car-spray-booth","18":"first","19":"instock","20":"shipping-taxable","21":"product-type-simple"},"yoast_head":"<!-- This site is optimized with the Yoast SEO plugin v27.4 - https:\/\/yoast.com\/product\/yoast-seo-wordpress\/ -->\n<title>ATK-007C-E Professional 7m Electric Spray Workshop Complete Solution | Includes Prep Room &amp; Mix Room | Integrated Workflow Design - Autoke-China Paint Booth Manufacturer<\/title>\n<meta name=\"robots\" content=\"index, follow, max-snippet:-1, max-image-preview:large, max-video-preview:-1\" \/>\n<link rel=\"canonical\" href=\"https:\/\/sprayboothmanufacturer.com\/es\/producto\/professional-7m-electric-spray-workshop-complete-solution\/\" \/>\n<meta property=\"og:locale\" content=\"es_ES\" \/>\n<meta property=\"og:type\" content=\"article\" \/>\n<meta property=\"og:title\" content=\"ATK-007C-E Professional 7m Electric Spray Workshop Complete Solution | Includes Prep Room &amp; Mix Room | Integrated Workflow Design - Autoke-China Paint Booth Manufacturer\" \/>\n<meta property=\"og:description\" content=\"The ATK-007C-E is an efficient 7m spray workshop system integrating a main booth, a dedicated dry grinding preparation room, and a professional paint mixing room. Featuring 30KW electric heating and triple-stage filtration, it separates painting, sanding, and color mixing processes, designed to enhance workflow efficiency and finish quality for auto repair shops and body centers.\" \/>\n<meta property=\"og:url\" content=\"https:\/\/sprayboothmanufacturer.com\/es\/producto\/professional-7m-electric-spray-workshop-complete-solution\/\" \/>\n<meta property=\"og:site_name\" content=\"Autoke-China Paint Booth Manufacturer\" \/>\n<meta property=\"article:modified_time\" content=\"2026-02-04T02:58:45+00:00\" \/>\n<meta property=\"og:image\" content=\"https:\/\/sprayboothmanufacturer.com\/wp-content\/uploads\/2026\/01\/1.222.jpg\" \/>\n\t<meta property=\"og:image:width\" content=\"1280\" \/>\n\t<meta property=\"og:image:height\" content=\"1706\" \/>\n\t<meta property=\"og:image:type\" content=\"image\/jpeg\" \/>\n<meta name=\"twitter:card\" content=\"summary_large_image\" \/>\n<meta name=\"twitter:label1\" content=\"Est. reading time\" \/>\n\t<meta name=\"twitter:data1\" content=\"3 minutos\" \/>\n<script type=\"application\/ld+json\" class=\"yoast-schema-graph\">{\"@context\":\"https:\\\/\\\/schema.org\",\"@graph\":[{\"@type\":\"WebPage\",\"@id\":\"https:\\\/\\\/sprayboothmanufacturer.com\\\/product\\\/professional-7m-electric-spray-workshop-complete-solution\\\/\",\"url\":\"https:\\\/\\\/sprayboothmanufacturer.com\\\/product\\\/professional-7m-electric-spray-workshop-complete-solution\\\/\",\"name\":\"ATK-007C-E Professional 7m Electric Spray Workshop Complete Solution | Includes Prep Room & Mix Room | Integrated Workflow Design - Autoke-China Paint Booth Manufacturer\",\"isPartOf\":{\"@id\":\"https:\\\/\\\/sprayboothmanufacturer.com\\\/#website\"},\"primaryImageOfPage\":{\"@id\":\"https:\\\/\\\/sprayboothmanufacturer.com\\\/product\\\/professional-7m-electric-spray-workshop-complete-solution\\\/#primaryimage\"},\"image\":{\"@id\":\"https:\\\/\\\/sprayboothmanufacturer.com\\\/product\\\/professional-7m-electric-spray-workshop-complete-solution\\\/#primaryimage\"},\"thumbnailUrl\":\"https:\\\/\\\/sprayboothmanufacturer.com\\\/wp-content\\\/uploads\\\/2026\\\/01\\\/1.222.jpg\",\"datePublished\":\"2026-02-04T02:35:34+00:00\",\"dateModified\":\"2026-02-04T02:58:45+00:00\",\"breadcrumb\":{\"@id\":\"https:\\\/\\\/sprayboothmanufacturer.com\\\/product\\\/professional-7m-electric-spray-workshop-complete-solution\\\/#breadcrumb\"},\"inLanguage\":\"es\",\"potentialAction\":[{\"@type\":\"ReadAction\",\"target\":[\"https:\\\/\\\/sprayboothmanufacturer.com\\\/product\\\/professional-7m-electric-spray-workshop-complete-solution\\\/\"]}]},{\"@type\":\"ImageObject\",\"inLanguage\":\"es\",\"@id\":\"https:\\\/\\\/sprayboothmanufacturer.com\\\/product\\\/professional-7m-electric-spray-workshop-complete-solution\\\/#primaryimage\",\"url\":\"https:\\\/\\\/sprayboothmanufacturer.com\\\/wp-content\\\/uploads\\\/2026\\\/01\\\/1.222.jpg\",\"contentUrl\":\"https:\\\/\\\/sprayboothmanufacturer.com\\\/wp-content\\\/uploads\\\/2026\\\/01\\\/1.222.jpg\",\"width\":1280,\"height\":1706},{\"@type\":\"BreadcrumbList\",\"@id\":\"https:\\\/\\\/sprayboothmanufacturer.com\\\/product\\\/professional-7m-electric-spray-workshop-complete-solution\\\/#breadcrumb\",\"itemListElement\":[{\"@type\":\"ListItem\",\"position\":1,\"name\":\"Home\",\"item\":\"https:\\\/\\\/sprayboothmanufacturer.com\\\/\"},{\"@type\":\"ListItem\",\"position\":2,\"name\":\"\u4ea7\u54c1\",\"item\":\"https:\\\/\\\/sprayboothmanufacturer.com\\\/shop__trashed\\\/\"},{\"@type\":\"ListItem\",\"position\":3,\"name\":\"ATK-007C-E Professional 7m Electric Spray Workshop Complete Solution | Includes Prep Room &#038; Mix Room | Integrated Workflow Design\"}]},{\"@type\":\"WebSite\",\"@id\":\"https:\\\/\\\/sprayboothmanufacturer.com\\\/#website\",\"url\":\"https:\\\/\\\/sprayboothmanufacturer.com\\\/\",\"name\":\"Autoke-China Paint Booth Manufacturer\",\"description\":\"\",\"publisher\":{\"@id\":\"https:\\\/\\\/sprayboothmanufacturer.com\\\/#organization\"},\"potentialAction\":[{\"@type\":\"SearchAction\",\"target\":{\"@type\":\"EntryPoint\",\"urlTemplate\":\"https:\\\/\\\/sprayboothmanufacturer.com\\\/?s={search_term_string}\"},\"query-input\":{\"@type\":\"PropertyValueSpecification\",\"valueRequired\":true,\"valueName\":\"search_term_string\"}}],\"inLanguage\":\"es\"},{\"@type\":\"Organization\",\"@id\":\"https:\\\/\\\/sprayboothmanufacturer.com\\\/#organization\",\"name\":\"Autoke-China Paint Booth Manufacturer\",\"url\":\"https:\\\/\\\/sprayboothmanufacturer.com\\\/\",\"logo\":{\"@type\":\"ImageObject\",\"inLanguage\":\"es\",\"@id\":\"https:\\\/\\\/sprayboothmanufacturer.com\\\/#\\\/schema\\\/logo\\\/image\\\/\",\"url\":\"https:\\\/\\\/sprayboothmanufacturer.com\\\/wp-content\\\/uploads\\\/2025\\\/12\\\/\u5fae\u4fe1\u56fe\u7247_20260113195103_1750_4-scaled-e1768394147958.png\",\"contentUrl\":\"https:\\\/\\\/sprayboothmanufacturer.com\\\/wp-content\\\/uploads\\\/2025\\\/12\\\/\u5fae\u4fe1\u56fe\u7247_20260113195103_1750_4-scaled-e1768394147958.png\",\"width\":1740,\"height\":538,\"caption\":\"Autoke-China Paint Booth Manufacturer\"},\"image\":{\"@id\":\"https:\\\/\\\/sprayboothmanufacturer.com\\\/#\\\/schema\\\/logo\\\/image\\\/\"}}]}<\/script>\n<!-- \/ Yoast SEO plugin. -->","yoast_head_json":{"title":"Soluci\u00f3n Completa de Taller de Pintura El\u00e9ctrico Profesional de 7m ATK-007C-E | Incluye Sala de Preparaci\u00f3n y Sala de Mezcla | Dise\u00f1o de Flujo de Trabajo Integrado - Fabricante de Cabinas de Pintura Autoke-China","robots":{"index":"index","follow":"follow","max-snippet":"max-snippet:-1","max-image-preview":"max-image-preview:large","max-video-preview":"max-video-preview:-1"},"canonical":"https:\/\/sprayboothmanufacturer.com\/es\/producto\/professional-7m-electric-spray-workshop-complete-solution\/","og_locale":"es_ES","og_type":"article","og_title":"ATK-007C-E Professional 7m Electric Spray Workshop Complete Solution | Includes Prep Room & Mix Room | Integrated Workflow Design - Autoke-China Paint Booth Manufacturer","og_description":"The ATK-007C-E is an efficient 7m spray workshop system integrating a main booth, a dedicated dry grinding preparation room, and a professional paint mixing room. Featuring 30KW electric heating and triple-stage filtration, it separates painting, sanding, and color mixing processes, designed to enhance workflow efficiency and finish quality for auto repair shops and body centers.","og_url":"https:\/\/sprayboothmanufacturer.com\/es\/producto\/professional-7m-electric-spray-workshop-complete-solution\/","og_site_name":"Autoke-China Paint Booth Manufacturer","article_modified_time":"2026-02-04T02:58:45+00:00","og_image":[{"width":1280,"height":1706,"url":"https:\/\/sprayboothmanufacturer.com\/wp-content\/uploads\/2026\/01\/1.222.jpg","type":"image\/jpeg"}],"twitter_card":"summary_large_image","twitter_misc":{"Est. reading time":"3 minutos"},"schema":{"@context":"https:\/\/schema.org","@graph":[{"@type":"WebPage","@id":"https:\/\/sprayboothmanufacturer.com\/product\/professional-7m-electric-spray-workshop-complete-solution\/","url":"https:\/\/sprayboothmanufacturer.com\/product\/professional-7m-electric-spray-workshop-complete-solution\/","name":"Soluci\u00f3n Completa de Taller de Pintura El\u00e9ctrico Profesional de 7m ATK-007C-E | Incluye Sala de Preparaci\u00f3n y Sala de Mezcla | Dise\u00f1o de Flujo de Trabajo Integrado - Fabricante de Cabinas de Pintura Autoke-China","isPartOf":{"@id":"https:\/\/sprayboothmanufacturer.com\/#website"},"primaryImageOfPage":{"@id":"https:\/\/sprayboothmanufacturer.com\/product\/professional-7m-electric-spray-workshop-complete-solution\/#primaryimage"},"image":{"@id":"https:\/\/sprayboothmanufacturer.com\/product\/professional-7m-electric-spray-workshop-complete-solution\/#primaryimage"},"thumbnailUrl":"https:\/\/sprayboothmanufacturer.com\/wp-content\/uploads\/2026\/01\/1.222.jpg","datePublished":"2026-02-04T02:35:34+00:00","dateModified":"2026-02-04T02:58:45+00:00","breadcrumb":{"@id":"https:\/\/sprayboothmanufacturer.com\/product\/professional-7m-electric-spray-workshop-complete-solution\/#breadcrumb"},"inLanguage":"es","potentialAction":[{"@type":"ReadAction","target":["https:\/\/sprayboothmanufacturer.com\/product\/professional-7m-electric-spray-workshop-complete-solution\/"]}]},{"@type":"ImageObject","inLanguage":"es","@id":"https:\/\/sprayboothmanufacturer.com\/product\/professional-7m-electric-spray-workshop-complete-solution\/#primaryimage","url":"https:\/\/sprayboothmanufacturer.com\/wp-content\/uploads\/2026\/01\/1.222.jpg","contentUrl":"https:\/\/sprayboothmanufacturer.com\/wp-content\/uploads\/2026\/01\/1.222.jpg","width":1280,"height":1706},{"@type":"BreadcrumbList","@id":"https:\/\/sprayboothmanufacturer.com\/product\/professional-7m-electric-spray-workshop-complete-solution\/#breadcrumb","itemListElement":[{"@type":"ListItem","position":1,"name":"Home","item":"https:\/\/sprayboothmanufacturer.com\/"},{"@type":"ListItem","position":2,"name":"\u4ea7\u54c1","item":"https:\/\/sprayboothmanufacturer.com\/shop__trashed\/"},{"@type":"ListItem","position":3,"name":"ATK-007C-E Professional 7m Electric Spray Workshop Complete Solution | Includes Prep Room &#038; Mix Room | Integrated Workflow Design"}]},{"@type":"WebSite","@id":"https:\/\/sprayboothmanufacturer.com\/#website","url":"https:\/\/sprayboothmanufacturer.com\/","name":"Fabricante de cabinas de pintura Autoke-China","description":"","publisher":{"@id":"https:\/\/sprayboothmanufacturer.com\/#organization"},"potentialAction":[{"@type":"SearchAction","target":{"@type":"EntryPoint","urlTemplate":"https:\/\/sprayboothmanufacturer.com\/?s={search_term_string}"},"query-input":{"@type":"PropertyValueSpecification","valueRequired":true,"valueName":"search_term_string"}}],"inLanguage":"es"},{"@type":"Organization","@id":"https:\/\/sprayboothmanufacturer.com\/#organization","name":"Fabricante de cabinas de pintura Autoke-China","url":"https:\/\/sprayboothmanufacturer.com\/","logo":{"@type":"ImageObject","inLanguage":"es","@id":"https:\/\/sprayboothmanufacturer.com\/#\/schema\/logo\/image\/","url":"https:\/\/sprayboothmanufacturer.com\/wp-content\/uploads\/2025\/12\/\u5fae\u4fe1\u56fe\u7247_20260113195103_1750_4-scaled-e1768394147958.png","contentUrl":"https:\/\/sprayboothmanufacturer.com\/wp-content\/uploads\/2025\/12\/\u5fae\u4fe1\u56fe\u7247_20260113195103_1750_4-scaled-e1768394147958.png","width":1740,"height":538,"caption":"Autoke-China Paint Booth Manufacturer"},"image":{"@id":"https:\/\/sprayboothmanufacturer.com\/#\/schema\/logo\/image\/"}}]}},"_links":{"self":[{"href":"https:\/\/sprayboothmanufacturer.com\/es\/wp-json\/wp\/v2\/product\/3217","targetHints":{"allow":["GET"]}}],"collection":[{"href":"https:\/\/sprayboothmanufacturer.com\/es\/wp-json\/wp\/v2\/product"}],"about":[{"href":"https:\/\/sprayboothmanufacturer.com\/es\/wp-json\/wp\/v2\/types\/product"}],"replies":[{"embeddable":true,"href":"https:\/\/sprayboothmanufacturer.com\/es\/wp-json\/wp\/v2\/comments?post=3217"}],"version-history":[{"count":1,"href":"https:\/\/sprayboothmanufacturer.com\/es\/wp-json\/wp\/v2\/product\/3217\/revisions"}],"predecessor-version":[{"id":3218,"href":"https:\/\/sprayboothmanufacturer.com\/es\/wp-json\/wp\/v2\/product\/3217\/revisions\/3218"}],"wp:featuredmedia":[{"embeddable":true,"href":"https:\/\/sprayboothmanufacturer.com\/es\/wp-json\/wp\/v2\/media\/3139"}],"wp:attachment":[{"href":"https:\/\/sprayboothmanufacturer.com\/es\/wp-json\/wp\/v2\/media?parent=3217"}],"wp:term":[{"taxonomy":"product_brand","embeddable":true,"href":"https:\/\/sprayboothmanufacturer.com\/es\/wp-json\/wp\/v2\/product_brand?post=3217"},{"taxonomy":"product_cat","embeddable":true,"href":"https:\/\/sprayboothmanufacturer.com\/es\/wp-json\/wp\/v2\/product_cat?post=3217"},{"taxonomy":"product_tag","embeddable":true,"href":"https:\/\/sprayboothmanufacturer.com\/es\/wp-json\/wp\/v2\/product_tag?post=3217"}],"curies":[{"name":"wp","href":"https:\/\/api.w.org\/{rel}","templated":true}]}}