{"id":3215,"date":"2026-02-03T10:35:21","date_gmt":"2026-02-03T10:35:21","guid":{"rendered":"https:\/\/sprayboothmanufacturer.com\/?post_type=product&#038;p=3215"},"modified":"2026-02-03T10:56:44","modified_gmt":"2026-02-03T10:56:44","slug":"industrial-9m-large-diesel-gas-heating-spray-booth","status":"publish","type":"product","link":"https:\/\/sprayboothmanufacturer.com\/es\/product\/industrial-9m-large-diesel-gas-heating-spray-booth\/","title":{"rendered":"Cabina de pulverizaci\u00f3n industrial de calefacci\u00f3n grande de 9 m ATK-009D | Flujo de aire alto de 34000m\u00b3\/h | Para veh\u00edculos comerciales y recubrimiento industrial"},"content":{"rendered":"<table style=\"height: 145px;\" width=\"826\">\n<tbody>\n<tr>\n<td width=\"142\"><strong><b>Cantidad m\u00ednima de pedido :<\/b><\/strong><\/td>\n<td width=\"142\">1 pieza<\/td>\n<td width=\"142\"><strong><b>Precio :<\/b><\/strong><\/td>\n<td width=\"142\">A negociar<\/td>\n<\/tr>\n<tr>\n<td width=\"142\"><strong><b>Detalles del embalaje :<\/b><\/strong><\/td>\n<td width=\"142\">40G o 20GP\/unidad<\/td>\n<td width=\"142\"><strong><b>Tiempo de entrega :<\/b><\/strong><\/td>\n<td width=\"142\">15 d\u00edas a negociar<\/td>\n<\/tr>\n<tr>\n<td width=\"142\"><strong><b>Condiciones de pago :<\/b><\/strong><\/td>\n<td width=\"142\">L\/C, T\/T<\/td>\n<td width=\"142\"><strong><b>Capacidad de suministro :<\/b><\/strong><\/td>\n<td width=\"142\">50 unidades por mes, cabina de pulverizaci\u00f3n industrial, cabina de pulverizaci\u00f3n para autobuses<\/td>\n<\/tr>\n<tr>\n<td width=\"142\"><strong><b>Lugar de origen:<\/b><\/strong><\/td>\n<td width=\"142\">Jiangsu, China<\/td>\n<td width=\"142\"><strong><b>Nombre de la marca:<\/b><\/strong><\/td>\n<td width=\"142\">Autoke<\/td>\n<\/tr>\n<tr>\n<td width=\"142\"><strong><b>Certificaci\u00f3n:<\/b><\/strong><\/td>\n<td width=\"142\">CE<\/td>\n<td width=\"142\"><strong><b>N\u00famero de modelo:<\/b><\/strong><\/td>\n<td width=\"142\">ATK-009D<\/td>\n<\/tr>\n<\/tbody>\n<\/table>\n<p class=\"ds-markdown-paragraph\"><strong>ATK-009D | Cabina de pulverizaci\u00f3n de calefacci\u00f3n di\u00e9sel de 9 m: Un espacio de trabajo potente dise\u00f1ado para veh\u00edculos comerciales y recubrimientos industriales pesados<\/strong><\/p>\n<p class=\"ds-markdown-paragraph\">El ATK-009D es nuestra cabina de pulverizaci\u00f3n insignia dise\u00f1ada para satisfacer las demandas de pintar piezas de trabajo grandes y sobredimensionadas. Rompe las limitaciones espaciales con una longitud interna de 8,9 m y ha sido completamente mejorada en potencia de ventilaci\u00f3n y resistencia estructural. Su objetivo es proporcionar un entorno de recubrimiento profesional y de alta eficiencia para autobuses, camiones de carga, veh\u00edculos especiales y equipos industriales grandes.<\/p>\n<p class=\"ds-markdown-paragraph\"><strong>Ventajas principales y especificaciones t\u00e9cnicas:<\/strong><\/p>\n<ul>\n<li>\n<p class=\"ds-markdown-paragraph\"><strong>Espacio de trabajo sobredimensionado para necesidades pesadas<\/strong>:<\/p>\n<ul>\n<li>\n<p class=\"ds-markdown-paragraph\">Una dimensi\u00f3n de red interna espaciosa de 8900\u00d73900\u00d72950mm proporciona amplio espacio para maniobrar y operar veh\u00edculos grandes.<\/p>\n<\/li>\n<li>\n<p class=\"ds-markdown-paragraph\">El s\u00f3tano reforzado, ensamblado con l\u00e1minas de acero galvanizado y tubos cuadrados, incluye cuatro patas auxiliares adicionales, asegurando una capacidad de carga de al menos 5 toneladas para una fiabilidad s\u00f3lida.<\/p>\n<\/li>\n<\/ul>\n<\/li>\n<li>\n<p class=\"ds-markdown-paragraph\"><strong>Ventilaci\u00f3n potente para un entorno superior<\/strong>:<\/p>\n<ul>\n<li>\n<p class=\"ds-markdown-paragraph\"><strong>Centro de potencia<\/strong>: Equipado con 2 ventiladores centr\u00edfugos de doble entrada de 7,5KW de alta potencia (flujo de aire total de suministro: 34.000 m\u00b3\/h) y 1 ventilador centr\u00edfugo de alto rendimiento de 11KW (exhausta total: 30.000 m\u00b3\/h). Esto supera ampliamente los modelos est\u00e1ndar, eliminando de forma instant\u00e1nea y en\u00e9rgica grandes vol\u00famenes de sobrepulverizado y vapores de disolventes.<\/p>\n<\/li>\n<li>\n<p class=\"ds-markdown-paragraph\"><strong>Dise\u00f1o flexible<\/strong>: El armario de ventiladores aislado con lana de roca (1,1*2,2m) puede colocarse de forma flexible a la izquierda, derecha o en la parte trasera seg\u00fan las condiciones del sitio.<\/p>\n<\/li>\n<\/ul>\n<\/li>\n<li>\n<p class=\"ds-markdown-paragraph\"><strong>Calefacci\u00f3n di\u00e9sel eficiente para diversas condiciones<\/strong>:<\/p>\n<ul>\n<li>\n<p class=\"ds-markdown-paragraph\">Cuenta con un quemador di\u00e9sel BAITO (opci\u00f3n de gas disponible) para un calentamiento r\u00e1pido, alcanzando 40\u00b0C en 5-8 minutos con una temperatura m\u00e1xima de horneado de 80\u00b0C. Ideal para ambientes con alta humedad o temporadas de bajas temperaturas, ofreciendo costos operativos econ\u00f3micos.<\/p>\n<\/li>\n<\/ul>\n<\/li>\n<li>\n<p class=\"ds-markdown-paragraph\"><strong>Estructura y filtraci\u00f3n excepcionales<\/strong>:<\/p>\n<ul>\n<li>\n<p class=\"ds-markdown-paragraph\"><strong>Muros robustos<\/strong>: Paneles de acero color resistente al fuego de doble capa de 75mm de espesor (densidad: 100KG\/m\u00b3) que proporcionan un excelente aislamiento t\u00e9rmico, insonorizaci\u00f3n y resistencia al fuego.<\/p>\n<\/li>\n<li>\n<p class=\"ds-markdown-paragraph\"><strong>Capacidad de carga superior en la parte superior<\/strong>: Utiliza tubos cuadrados de acero de 4*8 especificaciones como la viga principal de carga para la estabilidad estructural.<\/p>\n<\/li>\n<li>\n<p class=\"ds-markdown-paragraph\"><strong>Filtraci\u00f3n de Precisi\u00f3n en 3 Etapas<\/strong>: Filtro de techo primario (&gt;10\u03bcm), de alta eficiencia (&gt;4\u03bcm, eficiencia &gt;98%), y filtros de suelo de doble capa (fibra de vidrio multicapa) aseguran una superficie de pintura limpia y libre de polvo.<\/p>\n<\/li>\n<\/ul>\n<\/li>\n<li>\n<p class=\"ds-markdown-paragraph\"><strong>Iluminaci\u00f3n Integral y Control Inteligente<\/strong>:<\/p>\n<ul>\n<li>\n<p class=\"ds-markdown-paragraph\"><strong>Iluminaci\u00f3n Profesional<\/strong>: 40 luminarias de techo LED de 18W en \u00e1ngulo de 45\u00b0 y 12 luminarias LED laterales de pared de 48W proporcionan una iluminaci\u00f3n uniforme y sin sombras.<\/p>\n<\/li>\n<li>\n<p class=\"ds-markdown-paragraph\"><strong>Control Inteligente<\/strong>: Panel de control integrado con funciones para iluminaci\u00f3n, modo de pulverizaci\u00f3n, modo de horneado, ajuste de temperatura\/tiempo y parada de emergencia para una operaci\u00f3n intuitiva.<\/p>\n<\/li>\n<\/ul>\n<\/li>\n<\/ul>\n<p class=\"ds-markdown-paragraph\"><strong>Resumen de Especificaciones Est\u00e1ndar:<\/strong><\/p>\n<ul>\n<li>\n<p class=\"ds-markdown-paragraph\"><strong>Modelo<\/strong>: ATK-009D<\/p>\n<\/li>\n<li>\n<p class=\"ds-markdown-paragraph\"><strong>Dimensiones Externas\/Internas<\/strong>: 9000\u00d74000\u00d73500mm \/ 8900\u00d73900\u00d72950mm<\/p>\n<\/li>\n<li>\n<p class=\"ds-markdown-paragraph\"><strong>Tipo de Calefacci\u00f3n<\/strong>: Calefacci\u00f3n di\u00e9sel\/gas<\/p>\n<\/li>\n<li>\n<p class=\"ds-markdown-paragraph\"><strong>Potencia de Ventilaci\u00f3n<\/strong>: Suministro 2\u00d77.5KW + Extracci\u00f3n 1\u00d711KW<\/p>\n<\/li>\n<li>\n<p class=\"ds-markdown-paragraph\"><strong>Embalaje y Env\u00edo<\/strong>: Aproximadamente 19 CBM, 3500kg, recomendado para env\u00edo de unidad \u00fanica en un contenedor 20GP.<\/p>\n<\/li>\n<\/ul>\n<p class=\"ds-markdown-paragraph\"><strong>Aplicaciones Objetivo:<\/strong><br \/>\nCentros de mantenimiento para transporte p\u00fablico (autobuses, autocares), talleres de carrocer\u00eda para flotas log\u00edsticas (camiones pesados, remolques), plantas de fabricaci\u00f3n y reacondicionamiento de maquinaria de construcci\u00f3n (excavadoras, cargadoras), fabricantes de maquinaria agr\u00edcola y operaciones de recubrimiento para componentes navales y grandes carcasas de equipos industriales.<\/p>\n<p class=\"ds-markdown-paragraph\">El ATK-009D representa nuestro profundo conocimiento y experiencia t\u00e9cnica en aplicaciones de pintura a gran escala. Para obtener opciones de configuraci\u00f3n m\u00e1s detalladas, planificaci\u00f3n de instalaci\u00f3n o solicitar una propuesta y cotizaci\u00f3n personalizadas para su proyecto espec\u00edfico, por favor contacte a nuestros consultores t\u00e9cnicos profesionales.<\/p>","protected":false},"excerpt":{"rendered":"<p>El ATK-009D est\u00e1 dise\u00f1ado para pintar veh\u00edculos grandes y piezas de trabajo. Con su interior expansivo de 9 m, sistema de ventilaci\u00f3n potente (flujo de aire total de 34.000 m\u00b3\/h) y calefacci\u00f3n di\u00e9sel eficiente, garantiza un calentamiento r\u00e1pido y una eliminaci\u00f3n efectiva del sobrepulverizado. Es la soluci\u00f3n ideal para la pintura de autobuses, camiones y equipos industriales grandes.<\/p>","protected":false},"featured_media":3196,"comment_status":"open","ping_status":"closed","template":"","meta":[],"product_brand":[76],"product_cat":[60,59],"product_tag":[79,73,63,72,68,65,64,70],"class_list":{"0":"post-3215","1":"product","2":"type-product","3":"status-publish","4":"has-post-thumbnail","6":"product_brand-autoke","7":"product_cat-car-spray-booth","8":"product_cat-spray-booth","9":"product_tag-automotive-spray-booth","10":"product_tag-automotive-spray-booth-manufacturer","11":"product_tag-car-spray-booth","12":"product_tag-car-spray-booth-factory","13":"product_tag-customized-car-spray-booth","14":"product_tag-efficient-car-spray-booth","15":"product_tag-environmentally-friendly-car-spray-booth","16":"product_tag-high-quality-spray-booths","18":"first","19":"instock","20":"shipping-taxable","21":"product-type-simple"},"yoast_head":"<!-- This site is optimized with the Yoast SEO plugin v27.4 - https:\/\/yoast.com\/product\/yoast-seo-wordpress\/ -->\n<title>ATK-009D Industrial 9m Large Diesel\/Gas Heating Spray Booth | 34000m\u00b3\/h High Airflow | For Commercial Vehicles &amp; Industrial Coating - Autoke-China Paint Booth Manufacturer<\/title>\n<meta name=\"robots\" content=\"index, follow, max-snippet:-1, max-image-preview:large, max-video-preview:-1\" \/>\n<link rel=\"canonical\" href=\"https:\/\/sprayboothmanufacturer.com\/es\/producto\/industrial-9m-large-diesel-gas-heating-spray-booth\/\" \/>\n<meta property=\"og:locale\" content=\"es_ES\" \/>\n<meta property=\"og:type\" content=\"article\" \/>\n<meta property=\"og:title\" content=\"ATK-009D Industrial 9m Large Diesel\/Gas Heating Spray Booth | 34000m\u00b3\/h High Airflow | For Commercial Vehicles &amp; Industrial Coating - Autoke-China Paint Booth Manufacturer\" \/>\n<meta property=\"og:description\" content=\"The ATK-009D is engineered for painting large vehicles and workpieces. With its expansive 9m interior, powerful ventilation system (total airflow 34,000 m\u00b3\/h), and efficient diesel heating, it ensures rapid heating and effective overspray removal. It is the ideal solution for buses, trucks, and large industrial equipment coating.\" \/>\n<meta property=\"og:url\" content=\"https:\/\/sprayboothmanufacturer.com\/es\/producto\/industrial-9m-large-diesel-gas-heating-spray-booth\/\" \/>\n<meta property=\"og:site_name\" content=\"Autoke-China Paint Booth Manufacturer\" \/>\n<meta property=\"article:modified_time\" content=\"2026-02-03T10:56:44+00:00\" \/>\n<meta property=\"og:image\" content=\"https:\/\/sprayboothmanufacturer.com\/wp-content\/uploads\/2026\/02\/28.png\" \/>\n\t<meta property=\"og:image:width\" content=\"800\" \/>\n\t<meta property=\"og:image:height\" content=\"800\" \/>\n\t<meta property=\"og:image:type\" content=\"image\/png\" \/>\n<meta name=\"twitter:card\" content=\"summary_large_image\" \/>\n<meta name=\"twitter:label1\" content=\"Est. reading time\" \/>\n\t<meta name=\"twitter:data1\" content=\"3 minutos\" \/>\n<script type=\"application\/ld+json\" class=\"yoast-schema-graph\">{\"@context\":\"https:\\\/\\\/schema.org\",\"@graph\":[{\"@type\":\"WebPage\",\"@id\":\"https:\\\/\\\/sprayboothmanufacturer.com\\\/product\\\/industrial-9m-large-diesel-gas-heating-spray-booth\\\/\",\"url\":\"https:\\\/\\\/sprayboothmanufacturer.com\\\/product\\\/industrial-9m-large-diesel-gas-heating-spray-booth\\\/\",\"name\":\"ATK-009D Industrial 9m Large Diesel\\\/Gas Heating Spray Booth | 34000m\u00b3\\\/h High Airflow | For Commercial Vehicles & Industrial Coating - Autoke-China Paint Booth Manufacturer\",\"isPartOf\":{\"@id\":\"https:\\\/\\\/sprayboothmanufacturer.com\\\/#website\"},\"primaryImageOfPage\":{\"@id\":\"https:\\\/\\\/sprayboothmanufacturer.com\\\/product\\\/industrial-9m-large-diesel-gas-heating-spray-booth\\\/#primaryimage\"},\"image\":{\"@id\":\"https:\\\/\\\/sprayboothmanufacturer.com\\\/product\\\/industrial-9m-large-diesel-gas-heating-spray-booth\\\/#primaryimage\"},\"thumbnailUrl\":\"https:\\\/\\\/sprayboothmanufacturer.com\\\/wp-content\\\/uploads\\\/2026\\\/02\\\/28.png\",\"datePublished\":\"2026-02-03T10:35:21+00:00\",\"dateModified\":\"2026-02-03T10:56:44+00:00\",\"breadcrumb\":{\"@id\":\"https:\\\/\\\/sprayboothmanufacturer.com\\\/product\\\/industrial-9m-large-diesel-gas-heating-spray-booth\\\/#breadcrumb\"},\"inLanguage\":\"es\",\"potentialAction\":[{\"@type\":\"ReadAction\",\"target\":[\"https:\\\/\\\/sprayboothmanufacturer.com\\\/product\\\/industrial-9m-large-diesel-gas-heating-spray-booth\\\/\"]}]},{\"@type\":\"ImageObject\",\"inLanguage\":\"es\",\"@id\":\"https:\\\/\\\/sprayboothmanufacturer.com\\\/product\\\/industrial-9m-large-diesel-gas-heating-spray-booth\\\/#primaryimage\",\"url\":\"https:\\\/\\\/sprayboothmanufacturer.com\\\/wp-content\\\/uploads\\\/2026\\\/02\\\/28.png\",\"contentUrl\":\"https:\\\/\\\/sprayboothmanufacturer.com\\\/wp-content\\\/uploads\\\/2026\\\/02\\\/28.png\",\"width\":800,\"height\":800},{\"@type\":\"BreadcrumbList\",\"@id\":\"https:\\\/\\\/sprayboothmanufacturer.com\\\/product\\\/industrial-9m-large-diesel-gas-heating-spray-booth\\\/#breadcrumb\",\"itemListElement\":[{\"@type\":\"ListItem\",\"position\":1,\"name\":\"Home\",\"item\":\"https:\\\/\\\/sprayboothmanufacturer.com\\\/\"},{\"@type\":\"ListItem\",\"position\":2,\"name\":\"\u4ea7\u54c1\",\"item\":\"https:\\\/\\\/sprayboothmanufacturer.com\\\/shop__trashed\\\/\"},{\"@type\":\"ListItem\",\"position\":3,\"name\":\"ATK-009D Industrial 9m Large Diesel\\\/Gas Heating Spray Booth | 34000m\u00b3\\\/h High Airflow | For Commercial Vehicles &#038; Industrial Coating\"}]},{\"@type\":\"WebSite\",\"@id\":\"https:\\\/\\\/sprayboothmanufacturer.com\\\/#website\",\"url\":\"https:\\\/\\\/sprayboothmanufacturer.com\\\/\",\"name\":\"Autoke-China Paint Booth Manufacturer\",\"description\":\"\",\"publisher\":{\"@id\":\"https:\\\/\\\/sprayboothmanufacturer.com\\\/#organization\"},\"potentialAction\":[{\"@type\":\"SearchAction\",\"target\":{\"@type\":\"EntryPoint\",\"urlTemplate\":\"https:\\\/\\\/sprayboothmanufacturer.com\\\/?s={search_term_string}\"},\"query-input\":{\"@type\":\"PropertyValueSpecification\",\"valueRequired\":true,\"valueName\":\"search_term_string\"}}],\"inLanguage\":\"es\"},{\"@type\":\"Organization\",\"@id\":\"https:\\\/\\\/sprayboothmanufacturer.com\\\/#organization\",\"name\":\"Autoke-China Paint Booth Manufacturer\",\"url\":\"https:\\\/\\\/sprayboothmanufacturer.com\\\/\",\"logo\":{\"@type\":\"ImageObject\",\"inLanguage\":\"es\",\"@id\":\"https:\\\/\\\/sprayboothmanufacturer.com\\\/#\\\/schema\\\/logo\\\/image\\\/\",\"url\":\"https:\\\/\\\/sprayboothmanufacturer.com\\\/wp-content\\\/uploads\\\/2025\\\/12\\\/\u5fae\u4fe1\u56fe\u7247_20260113195103_1750_4-scaled-e1768394147958.png\",\"contentUrl\":\"https:\\\/\\\/sprayboothmanufacturer.com\\\/wp-content\\\/uploads\\\/2025\\\/12\\\/\u5fae\u4fe1\u56fe\u7247_20260113195103_1750_4-scaled-e1768394147958.png\",\"width\":1740,\"height\":538,\"caption\":\"Autoke-China Paint Booth Manufacturer\"},\"image\":{\"@id\":\"https:\\\/\\\/sprayboothmanufacturer.com\\\/#\\\/schema\\\/logo\\\/image\\\/\"}}]}<\/script>\n<!-- \/ Yoast SEO plugin. -->","yoast_head_json":{"title":"Cabina de pulverizaci\u00f3n industrial ATK-009D de 9 m para calefacci\u00f3n con di\u00e9sel\/gas | Flujo de aire alto de 34000 m\u00b3\/h | Para veh\u00edculos comerciales y recubrimiento industrial - Fabricante de cabinas de pintura Autoke-China","robots":{"index":"index","follow":"follow","max-snippet":"max-snippet:-1","max-image-preview":"max-image-preview:large","max-video-preview":"max-video-preview:-1"},"canonical":"https:\/\/sprayboothmanufacturer.com\/es\/producto\/industrial-9m-large-diesel-gas-heating-spray-booth\/","og_locale":"es_ES","og_type":"article","og_title":"ATK-009D Industrial 9m Large Diesel\/Gas Heating Spray Booth | 34000m\u00b3\/h High Airflow | For Commercial Vehicles & Industrial Coating - Autoke-China Paint Booth Manufacturer","og_description":"The ATK-009D is engineered for painting large vehicles and workpieces. With its expansive 9m interior, powerful ventilation system (total airflow 34,000 m\u00b3\/h), and efficient diesel heating, it ensures rapid heating and effective overspray removal. It is the ideal solution for buses, trucks, and large industrial equipment coating.","og_url":"https:\/\/sprayboothmanufacturer.com\/es\/producto\/industrial-9m-large-diesel-gas-heating-spray-booth\/","og_site_name":"Autoke-China Paint Booth Manufacturer","article_modified_time":"2026-02-03T10:56:44+00:00","og_image":[{"width":800,"height":800,"url":"https:\/\/sprayboothmanufacturer.com\/wp-content\/uploads\/2026\/02\/28.png","type":"image\/png"}],"twitter_card":"summary_large_image","twitter_misc":{"Est. reading time":"3 minutos"},"schema":{"@context":"https:\/\/schema.org","@graph":[{"@type":"WebPage","@id":"https:\/\/sprayboothmanufacturer.com\/product\/industrial-9m-large-diesel-gas-heating-spray-booth\/","url":"https:\/\/sprayboothmanufacturer.com\/product\/industrial-9m-large-diesel-gas-heating-spray-booth\/","name":"Cabina de pulverizaci\u00f3n industrial ATK-009D de 9 m para calefacci\u00f3n con di\u00e9sel\/gas | Flujo de aire alto de 34000 m\u00b3\/h | Para veh\u00edculos comerciales y recubrimiento industrial - Fabricante de cabinas de pintura Autoke-China","isPartOf":{"@id":"https:\/\/sprayboothmanufacturer.com\/#website"},"primaryImageOfPage":{"@id":"https:\/\/sprayboothmanufacturer.com\/product\/industrial-9m-large-diesel-gas-heating-spray-booth\/#primaryimage"},"image":{"@id":"https:\/\/sprayboothmanufacturer.com\/product\/industrial-9m-large-diesel-gas-heating-spray-booth\/#primaryimage"},"thumbnailUrl":"https:\/\/sprayboothmanufacturer.com\/wp-content\/uploads\/2026\/02\/28.png","datePublished":"2026-02-03T10:35:21+00:00","dateModified":"2026-02-03T10:56:44+00:00","breadcrumb":{"@id":"https:\/\/sprayboothmanufacturer.com\/product\/industrial-9m-large-diesel-gas-heating-spray-booth\/#breadcrumb"},"inLanguage":"es","potentialAction":[{"@type":"ReadAction","target":["https:\/\/sprayboothmanufacturer.com\/product\/industrial-9m-large-diesel-gas-heating-spray-booth\/"]}]},{"@type":"ImageObject","inLanguage":"es","@id":"https:\/\/sprayboothmanufacturer.com\/product\/industrial-9m-large-diesel-gas-heating-spray-booth\/#primaryimage","url":"https:\/\/sprayboothmanufacturer.com\/wp-content\/uploads\/2026\/02\/28.png","contentUrl":"https:\/\/sprayboothmanufacturer.com\/wp-content\/uploads\/2026\/02\/28.png","width":800,"height":800},{"@type":"BreadcrumbList","@id":"https:\/\/sprayboothmanufacturer.com\/product\/industrial-9m-large-diesel-gas-heating-spray-booth\/#breadcrumb","itemListElement":[{"@type":"ListItem","position":1,"name":"Home","item":"https:\/\/sprayboothmanufacturer.com\/"},{"@type":"ListItem","position":2,"name":"\u4ea7\u54c1","item":"https:\/\/sprayboothmanufacturer.com\/shop__trashed\/"},{"@type":"ListItem","position":3,"name":"ATK-009D Industrial 9m Large Diesel\/Gas Heating Spray Booth | 34000m\u00b3\/h High Airflow | For Commercial Vehicles &#038; Industrial Coating"}]},{"@type":"WebSite","@id":"https:\/\/sprayboothmanufacturer.com\/#website","url":"https:\/\/sprayboothmanufacturer.com\/","name":"Fabricante de cabinas de pintura Autoke-China","description":"","publisher":{"@id":"https:\/\/sprayboothmanufacturer.com\/#organization"},"potentialAction":[{"@type":"SearchAction","target":{"@type":"EntryPoint","urlTemplate":"https:\/\/sprayboothmanufacturer.com\/?s={search_term_string}"},"query-input":{"@type":"PropertyValueSpecification","valueRequired":true,"valueName":"search_term_string"}}],"inLanguage":"es"},{"@type":"Organization","@id":"https:\/\/sprayboothmanufacturer.com\/#organization","name":"Fabricante de cabinas de pintura Autoke-China","url":"https:\/\/sprayboothmanufacturer.com\/","logo":{"@type":"ImageObject","inLanguage":"es","@id":"https:\/\/sprayboothmanufacturer.com\/#\/schema\/logo\/image\/","url":"https:\/\/sprayboothmanufacturer.com\/wp-content\/uploads\/2025\/12\/\u5fae\u4fe1\u56fe\u7247_20260113195103_1750_4-scaled-e1768394147958.png","contentUrl":"https:\/\/sprayboothmanufacturer.com\/wp-content\/uploads\/2025\/12\/\u5fae\u4fe1\u56fe\u7247_20260113195103_1750_4-scaled-e1768394147958.png","width":1740,"height":538,"caption":"Autoke-China Paint Booth Manufacturer"},"image":{"@id":"https:\/\/sprayboothmanufacturer.com\/#\/schema\/logo\/image\/"}}]}},"_links":{"self":[{"href":"https:\/\/sprayboothmanufacturer.com\/es\/wp-json\/wp\/v2\/product\/3215","targetHints":{"allow":["GET"]}}],"collection":[{"href":"https:\/\/sprayboothmanufacturer.com\/es\/wp-json\/wp\/v2\/product"}],"about":[{"href":"https:\/\/sprayboothmanufacturer.com\/es\/wp-json\/wp\/v2\/types\/product"}],"replies":[{"embeddable":true,"href":"https:\/\/sprayboothmanufacturer.com\/es\/wp-json\/wp\/v2\/comments?post=3215"}],"version-history":[{"count":1,"href":"https:\/\/sprayboothmanufacturer.com\/es\/wp-json\/wp\/v2\/product\/3215\/revisions"}],"predecessor-version":[{"id":3216,"href":"https:\/\/sprayboothmanufacturer.com\/es\/wp-json\/wp\/v2\/product\/3215\/revisions\/3216"}],"wp:featuredmedia":[{"embeddable":true,"href":"https:\/\/sprayboothmanufacturer.com\/es\/wp-json\/wp\/v2\/media\/3196"}],"wp:attachment":[{"href":"https:\/\/sprayboothmanufacturer.com\/es\/wp-json\/wp\/v2\/media?parent=3215"}],"wp:term":[{"taxonomy":"product_brand","embeddable":true,"href":"https:\/\/sprayboothmanufacturer.com\/es\/wp-json\/wp\/v2\/product_brand?post=3215"},{"taxonomy":"product_cat","embeddable":true,"href":"https:\/\/sprayboothmanufacturer.com\/es\/wp-json\/wp\/v2\/product_cat?post=3215"},{"taxonomy":"product_tag","embeddable":true,"href":"https:\/\/sprayboothmanufacturer.com\/es\/wp-json\/wp\/v2\/product_tag?post=3215"}],"curies":[{"name":"wp","href":"https:\/\/api.w.org\/{rel}","templated":true}]}}