{"id":3208,"date":"2026-02-03T08:51:27","date_gmt":"2026-02-03T08:51:27","guid":{"rendered":"https:\/\/sprayboothmanufacturer.com\/?post_type=product&#038;p=3208"},"modified":"2026-02-03T08:51:27","modified_gmt":"2026-02-03T08:51:27","slug":"luxury-spray-booth-complete-package","status":"publish","type":"product","link":"https:\/\/sprayboothmanufacturer.com\/es\/product\/luxury-spray-booth-complete-package\/","title":{"rendered":"ATK-008C Paquete completo de cabina de pulverizaci\u00f3n de lujo profesional de 8m | Con sala de preparaci\u00f3n y mezcla | Soluci\u00f3n modular de pintura para uso industrial"},"content":{"rendered":"<table style=\"height: 366px;\" width=\"755\">\n<tbody>\n<tr>\n<td width=\"142\"><strong><b>Cantidad m\u00ednima de pedido :<\/b><\/strong><\/td>\n<td width=\"142\">1 pieza<\/td>\n<td width=\"142\"><strong><b>Precio :<\/b><\/strong><\/td>\n<td width=\"142\">A negociar<\/td>\n<\/tr>\n<tr>\n<td width=\"142\"><strong><b>Detalles del embalaje :<\/b><\/strong><\/td>\n<td width=\"142\">40G o 20GP\/unidad<\/td>\n<td width=\"142\"><strong><b>Tiempo de entrega :<\/b><\/strong><\/td>\n<td width=\"142\">15 d\u00edas a negociar<\/td>\n<\/tr>\n<tr>\n<td width=\"142\"><strong><b>Condiciones de pago :<\/b><\/strong><\/td>\n<td width=\"142\">L\/C, T\/T<\/td>\n<td width=\"142\"><strong><b>Capacidad de suministro :<\/b><\/strong><\/td>\n<td width=\"142\">50 unidades por mes, cabina de pulverizaci\u00f3n industrial, cabina de pulverizaci\u00f3n para autobuses<\/td>\n<\/tr>\n<tr>\n<td width=\"142\"><strong><b>Lugar de origen:<\/b><\/strong><\/td>\n<td width=\"142\">Jiangsu, China<\/td>\n<td width=\"142\"><strong><b>Nombre de la marca:<\/b><\/strong><\/td>\n<td width=\"142\">Autoke<\/td>\n<\/tr>\n<tr>\n<td width=\"142\"><strong><b>Certificaci\u00f3n:<\/b><\/strong><\/td>\n<td width=\"142\">CE<\/td>\n<td width=\"142\"><strong><b>N\u00famero de modelo:<\/b><\/strong><\/td>\n<td width=\"142\">ATK-008C<\/td>\n<\/tr>\n<\/tbody>\n<\/table>\n<p class=\"ds-markdown-paragraph\"><strong>ATK-008C Cabina de pulverizaci\u00f3n de lujo de 8 m Soluci\u00f3n completa para talleres<\/strong><\/p>\n<p class=\"ds-markdown-paragraph\">El ATK-008C es una soluci\u00f3n integrada para talleres de pintura profesional que combina una cabina de pulverizaci\u00f3n principal, una sala de preparaci\u00f3n y una sala de mezclado de pintura en un sistema eficiente y respetuoso con el medio ambiente.<\/p>\n<p class=\"ds-markdown-paragraph\"><strong>Componentes del sistema:<\/strong><\/p>\n<ol start=\"1\">\n<li>\n<p class=\"ds-markdown-paragraph\"><strong>Cabina de pulverizaci\u00f3n principal de 8 m<\/strong><\/p>\n<ul>\n<li>\n<p class=\"ds-markdown-paragraph\">Dimensiones: 8000\u00d74500\u00d74200mm (externo), 7900\u00d74400\u00d73500mm (interno)<\/p>\n<\/li>\n<li>\n<p class=\"ds-markdown-paragraph\">Sistema de calefacci\u00f3n: calefacci\u00f3n di\u00e9sel (el\u00e9ctrica opcional) con quemador RIELLO FS20; calienta hasta 40\u00b0C en 5\u20138 minutos, m\u00e1ximo 80\u00b0C<\/p>\n<\/li>\n<li>\n<p class=\"ds-markdown-paragraph\">Ventilaci\u00f3n: 2\u00d74KW de ventiladores de admisi\u00f3n (30,000 m\u00b3\/h) + 1\u00d75.5KW de ventilador de extracci\u00f3n (19,000 m\u00b3\/h)<\/p>\n<\/li>\n<li>\n<p class=\"ds-markdown-paragraph\">Filtraci\u00f3n: sistema de tres etapas (primario &gt;10\u03bcm, techo &gt;4\u03bcm, suelo con fibra de vidrio multicapa) para operaci\u00f3n sin polvo<\/p>\n<\/li>\n<li>\n<p class=\"ds-markdown-paragraph\">Estructura: paneles de acero color resistente al fuego con lana de roca (100KG\/m\u00b3), techo galvanizado, base galvanizada reforzada (capacidad de 5t+)<\/p>\n<\/li>\n<\/ul>\n<\/li>\n<li>\n<p class=\"ds-markdown-paragraph\"><strong>Sala de preparaci\u00f3n dedicada<\/strong><\/p>\n<ul>\n<li>\n<p class=\"ds-markdown-paragraph\">Mismo espacio que la cabina principal, incluye caja de filtro de extracci\u00f3n de polvo de lijado en seco independiente<\/p>\n<\/li>\n<li>\n<p class=\"ds-markdown-paragraph\">Sistema de extracci\u00f3n de 7.5KW que captura eficazmente el polvo de lijado<\/p>\n<\/li>\n<li>\n<p class=\"ds-markdown-paragraph\">Ideal para reparaci\u00f3n de carrocer\u00eda, lijado y trabajos de pretratamiento<\/p>\n<\/li>\n<\/ul>\n<\/li>\n<li>\n<p class=\"ds-markdown-paragraph\"><strong>Sala profesional de mezcla de pintura<\/strong><\/p>\n<ul>\n<li>\n<p class=\"ds-markdown-paragraph\">Dimensiones: 3000\u00d74000\u00d73350mm (externo)<\/p>\n<\/li>\n<li>\n<p class=\"ds-markdown-paragraph\">Equipado con armario profesional de mezclado de pintura para una coincidencia de color precisa y contenci\u00f3n de vapores<\/p>\n<\/li>\n<li>\n<p class=\"ds-markdown-paragraph\">Espacio aislado que garantiza la consistencia del color y previene la contaminaci\u00f3n cruzada<\/p>\n<\/li>\n<\/ul>\n<\/li>\n<\/ol>\n<p class=\"ds-markdown-paragraph\"><strong>Ventajas clave:<\/strong><\/p>\n<ul>\n<li>\n<p class=\"ds-markdown-paragraph\"><strong>Flujo de trabajo optimizado<\/strong>: La separaci\u00f3n en tres zonas previene la interferencia entre procesos<\/p>\n<\/li>\n<li>\n<p class=\"ds-markdown-paragraph\"><strong>Eficiencia energ\u00e9tica<\/strong>: La calefacci\u00f3n di\u00e9sel es adecuada para \u00e1reas con suministro el\u00e9ctrico inestable, con costos operativos controlables<\/p>\n<\/li>\n<li>\n<p class=\"ds-markdown-paragraph\"><strong>Cumplimiento Ambiental<\/strong>: La filtraci\u00f3n de alta eficiencia y la recolecci\u00f3n de polvo cumplen con las normas ambientales<\/p>\n<\/li>\n<li>\n<p class=\"ds-markdown-paragraph\"><strong>Dise\u00f1o flexible<\/strong>: El armario del ventilador puede colocarse a la izquierda, derecha o en la parte trasera para adaptarse a diferentes distribuciones de talleres<\/p>\n<\/li>\n<\/ul>\n<p class=\"ds-markdown-paragraph\"><strong>Ideal Para:<\/strong>\u00a0Grandes talleres de reparaci\u00f3n de autom\u00f3viles, centros de carrocer\u00eda y pintura, instalaciones de mantenimiento de autobuses\/camiones y talleres de recubrimiento de equipos industriales.<\/p>","protected":false},"excerpt":{"rendered":"<p>El ATK-008C es un sistema completo de pintura profesional que cuenta con una cabina de pulverizaci\u00f3n principal de 8 m, una sala de preparaci\u00f3n dedicada y una sala de mezclado de pintura. Equipado con calefacci\u00f3n di\u00e9sel eficiente, ventilaci\u00f3n potente y un sistema de filtraci\u00f3n en tres etapas, es ideal para reparaci\u00f3n de autom\u00f3viles, talleres de carrocer\u00eda y aplicaciones de recubrimiento industrial, mejorando la eficiencia del flujo de trabajo y la calidad del acabado.<\/p>","protected":false},"featured_media":3195,"comment_status":"open","ping_status":"closed","template":"","meta":[],"product_brand":[],"product_cat":[60,59],"product_tag":[75,74,79,73,66,69,68],"class_list":{"0":"post-3208","1":"product","2":"type-product","3":"status-publish","4":"has-post-thumbnail","6":"product_cat-car-spray-booth","7":"product_cat-spray-booth","8":"product_tag-8m-diesel-car-paint-booth","9":"product_tag-8m-electric-car-paint-booth","10":"product_tag-automotive-spray-booth","11":"product_tag-automotive-spray-booth-manufacturer","12":"product_tag-car-spray-booth-manufacturer","13":"product_tag-ce-car-spray-booth","14":"product_tag-customized-car-spray-booth","16":"first","17":"instock","18":"shipping-taxable","19":"product-type-simple"},"yoast_head":"<!-- This site is optimized with the Yoast SEO plugin v27.4 - https:\/\/yoast.com\/product\/yoast-seo-wordpress\/ -->\n<title>ATK-008C Professional 8m Luxury Spray Booth Complete Package | With Preparation &amp; Mixing Room | Modular Painting Solution for Industrial Use - Autoke-China Paint Booth Manufacturer<\/title>\n<meta name=\"robots\" content=\"index, follow, max-snippet:-1, max-image-preview:large, max-video-preview:-1\" \/>\n<link rel=\"canonical\" href=\"https:\/\/sprayboothmanufacturer.com\/es\/producto\/luxury-spray-booth-complete-package\/\" \/>\n<meta property=\"og:locale\" content=\"es_ES\" \/>\n<meta property=\"og:type\" content=\"article\" \/>\n<meta property=\"og:title\" content=\"ATK-008C Professional 8m Luxury Spray Booth Complete Package | With Preparation &amp; Mixing Room | Modular Painting Solution for Industrial Use - Autoke-China Paint Booth Manufacturer\" \/>\n<meta property=\"og:description\" content=\"The ATK-008C is a complete professional painting system featuring an 8m main spray booth, a dedicated preparation room, and a paint mixing room. Equipped with efficient diesel heating, powerful ventilation, and a three-stage filtration system, it is ideal for automotive repair, body shops, and industrial coating applications, enhancing workflow efficiency and finish quality.\" \/>\n<meta property=\"og:url\" content=\"https:\/\/sprayboothmanufacturer.com\/es\/producto\/luxury-spray-booth-complete-package\/\" \/>\n<meta property=\"og:site_name\" content=\"Autoke-China Paint Booth Manufacturer\" \/>\n<meta property=\"og:image\" content=\"https:\/\/sprayboothmanufacturer.com\/wp-content\/uploads\/2026\/02\/27.png\" \/>\n\t<meta property=\"og:image:width\" content=\"800\" \/>\n\t<meta property=\"og:image:height\" content=\"800\" \/>\n\t<meta property=\"og:image:type\" content=\"image\/png\" \/>\n<meta name=\"twitter:card\" content=\"summary_large_image\" \/>\n<meta name=\"twitter:label1\" content=\"Est. reading time\" \/>\n\t<meta name=\"twitter:data1\" content=\"2 minutos\" \/>\n<script type=\"application\/ld+json\" class=\"yoast-schema-graph\">{\"@context\":\"https:\\\/\\\/schema.org\",\"@graph\":[{\"@type\":\"WebPage\",\"@id\":\"https:\\\/\\\/sprayboothmanufacturer.com\\\/product\\\/luxury-spray-booth-complete-package\\\/\",\"url\":\"https:\\\/\\\/sprayboothmanufacturer.com\\\/product\\\/luxury-spray-booth-complete-package\\\/\",\"name\":\"ATK-008C Professional 8m Luxury Spray Booth Complete Package | With Preparation & Mixing Room | Modular Painting Solution for Industrial Use - Autoke-China Paint Booth Manufacturer\",\"isPartOf\":{\"@id\":\"https:\\\/\\\/sprayboothmanufacturer.com\\\/#website\"},\"primaryImageOfPage\":{\"@id\":\"https:\\\/\\\/sprayboothmanufacturer.com\\\/product\\\/luxury-spray-booth-complete-package\\\/#primaryimage\"},\"image\":{\"@id\":\"https:\\\/\\\/sprayboothmanufacturer.com\\\/product\\\/luxury-spray-booth-complete-package\\\/#primaryimage\"},\"thumbnailUrl\":\"https:\\\/\\\/sprayboothmanufacturer.com\\\/wp-content\\\/uploads\\\/2026\\\/02\\\/27.png\",\"datePublished\":\"2026-02-03T08:51:27+00:00\",\"breadcrumb\":{\"@id\":\"https:\\\/\\\/sprayboothmanufacturer.com\\\/product\\\/luxury-spray-booth-complete-package\\\/#breadcrumb\"},\"inLanguage\":\"es\",\"potentialAction\":[{\"@type\":\"ReadAction\",\"target\":[\"https:\\\/\\\/sprayboothmanufacturer.com\\\/product\\\/luxury-spray-booth-complete-package\\\/\"]}]},{\"@type\":\"ImageObject\",\"inLanguage\":\"es\",\"@id\":\"https:\\\/\\\/sprayboothmanufacturer.com\\\/product\\\/luxury-spray-booth-complete-package\\\/#primaryimage\",\"url\":\"https:\\\/\\\/sprayboothmanufacturer.com\\\/wp-content\\\/uploads\\\/2026\\\/02\\\/27.png\",\"contentUrl\":\"https:\\\/\\\/sprayboothmanufacturer.com\\\/wp-content\\\/uploads\\\/2026\\\/02\\\/27.png\",\"width\":800,\"height\":800,\"caption\":\"Automotive Paint Booth\"},{\"@type\":\"BreadcrumbList\",\"@id\":\"https:\\\/\\\/sprayboothmanufacturer.com\\\/product\\\/luxury-spray-booth-complete-package\\\/#breadcrumb\",\"itemListElement\":[{\"@type\":\"ListItem\",\"position\":1,\"name\":\"Home\",\"item\":\"https:\\\/\\\/sprayboothmanufacturer.com\\\/\"},{\"@type\":\"ListItem\",\"position\":2,\"name\":\"\u4ea7\u54c1\",\"item\":\"https:\\\/\\\/sprayboothmanufacturer.com\\\/shop__trashed\\\/\"},{\"@type\":\"ListItem\",\"position\":3,\"name\":\"ATK-008C Professional 8m Luxury Spray Booth Complete Package | With Preparation &#038; Mixing Room | Modular Painting Solution for Industrial Use\"}]},{\"@type\":\"WebSite\",\"@id\":\"https:\\\/\\\/sprayboothmanufacturer.com\\\/#website\",\"url\":\"https:\\\/\\\/sprayboothmanufacturer.com\\\/\",\"name\":\"Autoke-China Paint Booth Manufacturer\",\"description\":\"\",\"publisher\":{\"@id\":\"https:\\\/\\\/sprayboothmanufacturer.com\\\/#organization\"},\"potentialAction\":[{\"@type\":\"SearchAction\",\"target\":{\"@type\":\"EntryPoint\",\"urlTemplate\":\"https:\\\/\\\/sprayboothmanufacturer.com\\\/?s={search_term_string}\"},\"query-input\":{\"@type\":\"PropertyValueSpecification\",\"valueRequired\":true,\"valueName\":\"search_term_string\"}}],\"inLanguage\":\"es\"},{\"@type\":\"Organization\",\"@id\":\"https:\\\/\\\/sprayboothmanufacturer.com\\\/#organization\",\"name\":\"Autoke-China Paint Booth Manufacturer\",\"url\":\"https:\\\/\\\/sprayboothmanufacturer.com\\\/\",\"logo\":{\"@type\":\"ImageObject\",\"inLanguage\":\"es\",\"@id\":\"https:\\\/\\\/sprayboothmanufacturer.com\\\/#\\\/schema\\\/logo\\\/image\\\/\",\"url\":\"https:\\\/\\\/sprayboothmanufacturer.com\\\/wp-content\\\/uploads\\\/2025\\\/12\\\/\u5fae\u4fe1\u56fe\u7247_20260113195103_1750_4-scaled-e1768394147958.png\",\"contentUrl\":\"https:\\\/\\\/sprayboothmanufacturer.com\\\/wp-content\\\/uploads\\\/2025\\\/12\\\/\u5fae\u4fe1\u56fe\u7247_20260113195103_1750_4-scaled-e1768394147958.png\",\"width\":1740,\"height\":538,\"caption\":\"Autoke-China Paint Booth Manufacturer\"},\"image\":{\"@id\":\"https:\\\/\\\/sprayboothmanufacturer.com\\\/#\\\/schema\\\/logo\\\/image\\\/\"}}]}<\/script>\n<!-- \/ Yoast SEO plugin. -->","yoast_head_json":{"title":"ATK-008C Cabina de pulverizaci\u00f3n de lujo profesional de 8 m, paquete completo | Con sala de preparaci\u00f3n y mezcla | Soluci\u00f3n de pintura modular para uso industrial - Fabricante de cabinas de pintura Autoke-China","robots":{"index":"index","follow":"follow","max-snippet":"max-snippet:-1","max-image-preview":"max-image-preview:large","max-video-preview":"max-video-preview:-1"},"canonical":"https:\/\/sprayboothmanufacturer.com\/es\/producto\/luxury-spray-booth-complete-package\/","og_locale":"es_ES","og_type":"article","og_title":"ATK-008C Professional 8m Luxury Spray Booth Complete Package | With Preparation & Mixing Room | Modular Painting Solution for Industrial Use - Autoke-China Paint Booth Manufacturer","og_description":"The ATK-008C is a complete professional painting system featuring an 8m main spray booth, a dedicated preparation room, and a paint mixing room. Equipped with efficient diesel heating, powerful ventilation, and a three-stage filtration system, it is ideal for automotive repair, body shops, and industrial coating applications, enhancing workflow efficiency and finish quality.","og_url":"https:\/\/sprayboothmanufacturer.com\/es\/producto\/luxury-spray-booth-complete-package\/","og_site_name":"Autoke-China Paint Booth Manufacturer","og_image":[{"width":800,"height":800,"url":"https:\/\/sprayboothmanufacturer.com\/wp-content\/uploads\/2026\/02\/27.png","type":"image\/png"}],"twitter_card":"summary_large_image","twitter_misc":{"Est. reading time":"2 minutos"},"schema":{"@context":"https:\/\/schema.org","@graph":[{"@type":"WebPage","@id":"https:\/\/sprayboothmanufacturer.com\/product\/luxury-spray-booth-complete-package\/","url":"https:\/\/sprayboothmanufacturer.com\/product\/luxury-spray-booth-complete-package\/","name":"ATK-008C Cabina de pulverizaci\u00f3n de lujo profesional de 8 m, paquete completo | Con sala de preparaci\u00f3n y mezcla | Soluci\u00f3n de pintura modular para uso industrial - Fabricante de cabinas de pintura Autoke-China","isPartOf":{"@id":"https:\/\/sprayboothmanufacturer.com\/#website"},"primaryImageOfPage":{"@id":"https:\/\/sprayboothmanufacturer.com\/product\/luxury-spray-booth-complete-package\/#primaryimage"},"image":{"@id":"https:\/\/sprayboothmanufacturer.com\/product\/luxury-spray-booth-complete-package\/#primaryimage"},"thumbnailUrl":"https:\/\/sprayboothmanufacturer.com\/wp-content\/uploads\/2026\/02\/27.png","datePublished":"2026-02-03T08:51:27+00:00","breadcrumb":{"@id":"https:\/\/sprayboothmanufacturer.com\/product\/luxury-spray-booth-complete-package\/#breadcrumb"},"inLanguage":"es","potentialAction":[{"@type":"ReadAction","target":["https:\/\/sprayboothmanufacturer.com\/product\/luxury-spray-booth-complete-package\/"]}]},{"@type":"ImageObject","inLanguage":"es","@id":"https:\/\/sprayboothmanufacturer.com\/product\/luxury-spray-booth-complete-package\/#primaryimage","url":"https:\/\/sprayboothmanufacturer.com\/wp-content\/uploads\/2026\/02\/27.png","contentUrl":"https:\/\/sprayboothmanufacturer.com\/wp-content\/uploads\/2026\/02\/27.png","width":800,"height":800,"caption":"Automotive Paint Booth"},{"@type":"BreadcrumbList","@id":"https:\/\/sprayboothmanufacturer.com\/product\/luxury-spray-booth-complete-package\/#breadcrumb","itemListElement":[{"@type":"ListItem","position":1,"name":"Home","item":"https:\/\/sprayboothmanufacturer.com\/"},{"@type":"ListItem","position":2,"name":"\u4ea7\u54c1","item":"https:\/\/sprayboothmanufacturer.com\/shop__trashed\/"},{"@type":"ListItem","position":3,"name":"ATK-008C Professional 8m Luxury Spray Booth Complete Package | With Preparation &#038; Mixing Room | Modular Painting Solution for Industrial Use"}]},{"@type":"WebSite","@id":"https:\/\/sprayboothmanufacturer.com\/#website","url":"https:\/\/sprayboothmanufacturer.com\/","name":"Fabricante de cabinas de pintura Autoke-China","description":"","publisher":{"@id":"https:\/\/sprayboothmanufacturer.com\/#organization"},"potentialAction":[{"@type":"SearchAction","target":{"@type":"EntryPoint","urlTemplate":"https:\/\/sprayboothmanufacturer.com\/?s={search_term_string}"},"query-input":{"@type":"PropertyValueSpecification","valueRequired":true,"valueName":"search_term_string"}}],"inLanguage":"es"},{"@type":"Organization","@id":"https:\/\/sprayboothmanufacturer.com\/#organization","name":"Fabricante de cabinas de pintura Autoke-China","url":"https:\/\/sprayboothmanufacturer.com\/","logo":{"@type":"ImageObject","inLanguage":"es","@id":"https:\/\/sprayboothmanufacturer.com\/#\/schema\/logo\/image\/","url":"https:\/\/sprayboothmanufacturer.com\/wp-content\/uploads\/2025\/12\/\u5fae\u4fe1\u56fe\u7247_20260113195103_1750_4-scaled-e1768394147958.png","contentUrl":"https:\/\/sprayboothmanufacturer.com\/wp-content\/uploads\/2025\/12\/\u5fae\u4fe1\u56fe\u7247_20260113195103_1750_4-scaled-e1768394147958.png","width":1740,"height":538,"caption":"Autoke-China Paint Booth Manufacturer"},"image":{"@id":"https:\/\/sprayboothmanufacturer.com\/#\/schema\/logo\/image\/"}}]}},"_links":{"self":[{"href":"https:\/\/sprayboothmanufacturer.com\/es\/wp-json\/wp\/v2\/product\/3208","targetHints":{"allow":["GET"]}}],"collection":[{"href":"https:\/\/sprayboothmanufacturer.com\/es\/wp-json\/wp\/v2\/product"}],"about":[{"href":"https:\/\/sprayboothmanufacturer.com\/es\/wp-json\/wp\/v2\/types\/product"}],"replies":[{"embeddable":true,"href":"https:\/\/sprayboothmanufacturer.com\/es\/wp-json\/wp\/v2\/comments?post=3208"}],"version-history":[{"count":1,"href":"https:\/\/sprayboothmanufacturer.com\/es\/wp-json\/wp\/v2\/product\/3208\/revisions"}],"predecessor-version":[{"id":3212,"href":"https:\/\/sprayboothmanufacturer.com\/es\/wp-json\/wp\/v2\/product\/3208\/revisions\/3212"}],"wp:featuredmedia":[{"embeddable":true,"href":"https:\/\/sprayboothmanufacturer.com\/es\/wp-json\/wp\/v2\/media\/3195"}],"wp:attachment":[{"href":"https:\/\/sprayboothmanufacturer.com\/es\/wp-json\/wp\/v2\/media?parent=3208"}],"wp:term":[{"taxonomy":"product_brand","embeddable":true,"href":"https:\/\/sprayboothmanufacturer.com\/es\/wp-json\/wp\/v2\/product_brand?post=3208"},{"taxonomy":"product_cat","embeddable":true,"href":"https:\/\/sprayboothmanufacturer.com\/es\/wp-json\/wp\/v2\/product_cat?post=3208"},{"taxonomy":"product_tag","embeddable":true,"href":"https:\/\/sprayboothmanufacturer.com\/es\/wp-json\/wp\/v2\/product_tag?post=3208"}],"curies":[{"name":"wp","href":"https:\/\/api.w.org\/{rel}","templated":true}]}}