{"id":3167,"date":"2026-02-03T08:23:56","date_gmt":"2026-02-03T08:23:56","guid":{"rendered":"https:\/\/sprayboothmanufacturer.com\/?post_type=product&#038;p=3167"},"modified":"2026-02-03T08:23:56","modified_gmt":"2026-02-03T08:23:56","slug":"luxury-electric-heating-spray-booth","status":"publish","type":"product","link":"https:\/\/sprayboothmanufacturer.com\/es\/product\/luxury-electric-heating-spray-booth\/","title":{"rendered":"Cabina de pulverizaci\u00f3n de calefacci\u00f3n el\u00e9ctrica de lujo de 7m | Modelo ATK-001 | Control de temperatura inteligente | Sistema de filtraci\u00f3n de alta eficiencia | Ideal para pintura y reparaci\u00f3n de autom\u00f3viles"},"content":{"rendered":"<table style=\"height: 120px;\" width=\"836\">\n<tbody>\n<tr>\n<td width=\"142\"><strong><b>Cantidad m\u00ednima de pedido :<\/b><\/strong><\/td>\n<td width=\"142\">1 pieza<\/td>\n<td width=\"142\"><strong><b>Precio :<\/b><\/strong><\/td>\n<td width=\"142\">A negociar<\/td>\n<\/tr>\n<tr>\n<td width=\"142\"><strong><b>Detalles del embalaje :<\/b><\/strong><\/td>\n<td width=\"142\">40G o 20GP\/unidad<\/td>\n<td width=\"142\"><strong><b>Tiempo de entrega :<\/b><\/strong><\/td>\n<td width=\"142\">15 d\u00edas a negociar<\/td>\n<\/tr>\n<tr>\n<td width=\"142\"><strong><b>Condiciones de pago :<\/b><\/strong><\/td>\n<td width=\"142\">L\/C, T\/T<\/td>\n<td width=\"142\"><strong><b>Capacidad de suministro :<\/b><\/strong><\/td>\n<td width=\"142\">50 unidades por mes, cabina de pulverizaci\u00f3n industrial, cabina de pulverizaci\u00f3n para autobuses<\/td>\n<\/tr>\n<tr>\n<td width=\"142\"><strong><b>Lugar de origen:<\/b><\/strong><\/td>\n<td width=\"142\">Jiangsu, China<\/td>\n<td width=\"142\"><strong><b>Nombre de la marca:<\/b><\/strong><\/td>\n<td width=\"142\">Autoke<\/td>\n<\/tr>\n<tr>\n<td width=\"142\"><strong><b>Certificaci\u00f3n:<\/b><\/strong><\/td>\n<td width=\"142\">CE<\/td>\n<td width=\"142\"><strong><b>N\u00famero de modelo:<\/b><\/strong><\/td>\n<td width=\"142\">ATK-001D<\/td>\n<\/tr>\n<\/tbody>\n<\/table>\n<h2>Descripci\u00f3n del Producto<\/h2>\n<table>\n<thead>\n<tr>\n<th>Categor\u00eda<\/th>\n<th>Especificaciones<\/th>\n<\/tr>\n<\/thead>\n<tbody>\n<tr>\n<td><strong>Informaci\u00f3n B\u00e1sica<\/strong><\/td>\n<td>Modelo: ATK-001<br \/>\nNombre del Producto: Cabina de Pintura con Calefacci\u00f3n El\u00e9ctrica de Lujo de 7m<br \/>\nTipo de Calefacci\u00f3n: Calefacci\u00f3n El\u00e9ctrica<br \/>\nAplicaci\u00f3n: Pintura automotriz, reparaci\u00f3n de carrocer\u00eda, recubrimiento industrial<\/td>\n<\/tr>\n<tr>\n<td><strong>Dimensiones<\/strong><\/td>\n<td>Tama\u00f1o Externo: 7000\u00d74000\u00d73500mm (L\u00d7An\u00d7Al)<br \/>\nTama\u00f1o Interno: 6900\u00d73900\u00d72700mm (L\u00d7An\u00d7Al)<br \/>\nTama\u00f1o del Paquete: 4.2\u00d72.2\u00d72.1m, aprox. 19 M\u00b3<\/td>\n<\/tr>\n<tr>\n<td><strong>Peso y Env\u00edo<\/strong><\/td>\n<td>Peso Neto: Aproximadamente 3500 kg<br \/>\nContenedor Recomendado: 1 conjunto en 20GP, 3 conjuntos en 40HQ<\/td>\n<\/tr>\n<tr>\n<td><strong>Estructura y Materiales<\/strong><\/td>\n<td>Panel de Pared: Panel compuesto de acero color resistente al fuego de doble capa con aislamiento de lana de roca (100KG\/m\u00b3)<br \/>\nTecho: L\u00e1mina de acero galvanizado, resistente al fuego<br \/>\nS\u00f3tano: L\u00e1mina de acero galvanizado + conjunto de tubo cuadrado, con rejillas anti-\u00f3xido y pisos para caminar<br \/>\nPuertas: Tres puertas met\u00e1licas principales (con vidrio de alta temperatura), puerta de seguridad lateral<\/td>\n<\/tr>\n<tr>\n<td><strong>Sistema El\u00e9ctrico<\/strong><\/td>\n<td>Voltaje\/Frecuencia: 220V\/380V, 50Hz<br \/>\nPotencia Total: 38 KW (Versi\u00f3n de calefacci\u00f3n el\u00e9ctrica)<br \/>\nSistema de Calefacci\u00f3n: 10 conjuntos de l\u00e1mparas de infrarrojos hal\u00f3genos, total 30KW<br \/>\nSistema de Iluminaci\u00f3n: 24\u00d718W luces LED en el techo + 8\u00d748W luces LED en las paredes laterales<\/td>\n<\/tr>\n<tr>\n<td><strong>Ventilaci\u00f3n y Filtraci\u00f3n<\/strong><\/td>\n<td>Ventilador de admisi\u00f3n: 1\u00d75.5KW ventilador centr\u00edfugo de doble admisi\u00f3n<br \/>\nVentilador de extracci\u00f3n: 1\u00d77.5KW ventilador centr\u00edfugo<br \/>\nSistema de Filtraci\u00f3n: Filtro primario (&gt;10\u03bcm, eficiencia &gt;90%), filtro de techo (&gt;4\u03bcm, eficiencia &gt;98%), filtro de suelo (multicapa de fibra de vidrio, eficiencia &gt;90%)<\/td>\n<\/tr>\n<tr>\n<td><strong>Sistema de Control<\/strong><\/td>\n<td>Panel de control inteligente con funciones de pulverizaci\u00f3n, horneado, ajuste de temperatura, temporizador y parada de emergencia<\/td>\n<\/tr>\n<tr>\n<td><strong>Garant\u00eda y Entrega<\/strong><\/td>\n<td>Garant\u00eda: 12 meses desde la fecha de la Carta de Porte<br \/>\nTiempo de entrega: Dentro de los 30 d\u00edas posteriores a la recepci\u00f3n del pago completo<\/td>\n<\/tr>\n<tr>\n<td><strong>Condiciones de Pago<\/strong><\/td>\n<td>T\/T 100% por adelantado<\/td>\n<\/tr>\n<\/tbody>\n<\/table>","protected":false},"excerpt":{"rendered":"<p>Dise\u00f1ado espec\u00edficamente para usuarios que buscan una alta eficiencia energ\u00e9tica y un entorno de pintura estable, este sistema utiliza un sistema de calefacci\u00f3n di\u00e9sel para un calentamiento r\u00e1pido y bajos costos operativos, lo que lo hace particularmente adecuado para \u00e1reas con electricidad inestable o de alto costo. Equipado con control de temperatura inteligente, filtraci\u00f3n de alta eficiencia y un sistema de ventilaci\u00f3n potente, garantiza la calidad de la pintura y la seguridad operativa, siendo una opci\u00f3n confiable para reparaci\u00f3n de autom\u00f3viles y recubrimiento industrial.<\/p>","protected":false},"featured_media":3171,"comment_status":"open","ping_status":"closed","template":"","meta":[],"product_brand":[76],"product_cat":[60,59],"product_tag":[79,73,63,72,66,69,68],"class_list":{"0":"post-3167","1":"product","2":"type-product","3":"status-publish","4":"has-post-thumbnail","6":"product_brand-autoke","7":"product_cat-car-spray-booth","8":"product_cat-spray-booth","9":"product_tag-automotive-spray-booth","10":"product_tag-automotive-spray-booth-manufacturer","11":"product_tag-car-spray-booth","12":"product_tag-car-spray-booth-factory","13":"product_tag-car-spray-booth-manufacturer","14":"product_tag-ce-car-spray-booth","15":"product_tag-customized-car-spray-booth","17":"first","18":"instock","19":"shipping-taxable","20":"product-type-simple"},"yoast_head":"<!-- This site is optimized with the Yoast SEO plugin v27.4 - https:\/\/yoast.com\/product\/yoast-seo-wordpress\/ -->\n<title>7m Luxury Electric Heating Spray Booth | Model ATK-001 | Intelligent Temperature Control | High-Efficiency Filtration System | Ideal for Automotive Painting &amp; Repair - Autoke-China Paint Booth Manufacturer<\/title>\n<meta name=\"robots\" content=\"index, follow, max-snippet:-1, max-image-preview:large, max-video-preview:-1\" \/>\n<link rel=\"canonical\" href=\"https:\/\/sprayboothmanufacturer.com\/es\/producto\/luxury-electric-heating-spray-booth\/\" \/>\n<meta property=\"og:locale\" content=\"es_ES\" \/>\n<meta property=\"og:type\" content=\"article\" \/>\n<meta property=\"og:title\" content=\"7m Luxury Electric Heating Spray Booth | Model ATK-001 | Intelligent Temperature Control | High-Efficiency Filtration System | Ideal for Automotive Painting &amp; Repair - Autoke-China Paint Booth Manufacturer\" \/>\n<meta property=\"og:description\" content=\"Designed specifically for users seeking high energy efficiency and a stable painting environment, this system utilizes a diesel heating system for rapid heating and low operating costs, making it particularly suitable for areas with unstable or high-cost electricity. Equipped with intelligent temperature control, high-efficiency filtration, and a powerful ventilation system, it ensures painting quality and operational safety, making it a reliable choice for automotive repair and industrial coating.\" \/>\n<meta property=\"og:url\" content=\"https:\/\/sprayboothmanufacturer.com\/es\/producto\/luxury-electric-heating-spray-booth\/\" \/>\n<meta property=\"og:site_name\" content=\"Autoke-China Paint Booth Manufacturer\" \/>\n<meta property=\"og:image\" content=\"https:\/\/sprayboothmanufacturer.com\/wp-content\/uploads\/2026\/02\/1.png\" \/>\n\t<meta property=\"og:image:width\" content=\"800\" \/>\n\t<meta property=\"og:image:height\" content=\"800\" \/>\n\t<meta property=\"og:image:type\" content=\"image\/png\" \/>\n<meta name=\"twitter:card\" content=\"summary_large_image\" \/>\n<meta name=\"twitter:label1\" content=\"Est. reading time\" \/>\n\t<meta name=\"twitter:data1\" content=\"2 minutos\" \/>\n<script type=\"application\/ld+json\" class=\"yoast-schema-graph\">{\"@context\":\"https:\\\/\\\/schema.org\",\"@graph\":[{\"@type\":\"WebPage\",\"@id\":\"https:\\\/\\\/sprayboothmanufacturer.com\\\/product\\\/luxury-electric-heating-spray-booth\\\/\",\"url\":\"https:\\\/\\\/sprayboothmanufacturer.com\\\/product\\\/luxury-electric-heating-spray-booth\\\/\",\"name\":\"7m Luxury Electric Heating Spray Booth | Model ATK-001 | Intelligent Temperature Control | High-Efficiency Filtration System | Ideal for Automotive Painting & Repair - Autoke-China Paint Booth Manufacturer\",\"isPartOf\":{\"@id\":\"https:\\\/\\\/sprayboothmanufacturer.com\\\/#website\"},\"primaryImageOfPage\":{\"@id\":\"https:\\\/\\\/sprayboothmanufacturer.com\\\/product\\\/luxury-electric-heating-spray-booth\\\/#primaryimage\"},\"image\":{\"@id\":\"https:\\\/\\\/sprayboothmanufacturer.com\\\/product\\\/luxury-electric-heating-spray-booth\\\/#primaryimage\"},\"thumbnailUrl\":\"https:\\\/\\\/sprayboothmanufacturer.com\\\/wp-content\\\/uploads\\\/2026\\\/02\\\/1.png\",\"datePublished\":\"2026-02-03T08:23:56+00:00\",\"breadcrumb\":{\"@id\":\"https:\\\/\\\/sprayboothmanufacturer.com\\\/product\\\/luxury-electric-heating-spray-booth\\\/#breadcrumb\"},\"inLanguage\":\"es\",\"potentialAction\":[{\"@type\":\"ReadAction\",\"target\":[\"https:\\\/\\\/sprayboothmanufacturer.com\\\/product\\\/luxury-electric-heating-spray-booth\\\/\"]}]},{\"@type\":\"ImageObject\",\"inLanguage\":\"es\",\"@id\":\"https:\\\/\\\/sprayboothmanufacturer.com\\\/product\\\/luxury-electric-heating-spray-booth\\\/#primaryimage\",\"url\":\"https:\\\/\\\/sprayboothmanufacturer.com\\\/wp-content\\\/uploads\\\/2026\\\/02\\\/1.png\",\"contentUrl\":\"https:\\\/\\\/sprayboothmanufacturer.com\\\/wp-content\\\/uploads\\\/2026\\\/02\\\/1.png\",\"width\":800,\"height\":800},{\"@type\":\"BreadcrumbList\",\"@id\":\"https:\\\/\\\/sprayboothmanufacturer.com\\\/product\\\/luxury-electric-heating-spray-booth\\\/#breadcrumb\",\"itemListElement\":[{\"@type\":\"ListItem\",\"position\":1,\"name\":\"Home\",\"item\":\"https:\\\/\\\/sprayboothmanufacturer.com\\\/\"},{\"@type\":\"ListItem\",\"position\":2,\"name\":\"\u4ea7\u54c1\",\"item\":\"https:\\\/\\\/sprayboothmanufacturer.com\\\/shop__trashed\\\/\"},{\"@type\":\"ListItem\",\"position\":3,\"name\":\"7m Luxury Electric Heating Spray Booth | Model ATK-001 | Intelligent Temperature Control | High-Efficiency Filtration System | Ideal for Automotive Painting &#038; Repair\"}]},{\"@type\":\"WebSite\",\"@id\":\"https:\\\/\\\/sprayboothmanufacturer.com\\\/#website\",\"url\":\"https:\\\/\\\/sprayboothmanufacturer.com\\\/\",\"name\":\"Autoke-China Paint Booth Manufacturer\",\"description\":\"\",\"publisher\":{\"@id\":\"https:\\\/\\\/sprayboothmanufacturer.com\\\/#organization\"},\"potentialAction\":[{\"@type\":\"SearchAction\",\"target\":{\"@type\":\"EntryPoint\",\"urlTemplate\":\"https:\\\/\\\/sprayboothmanufacturer.com\\\/?s={search_term_string}\"},\"query-input\":{\"@type\":\"PropertyValueSpecification\",\"valueRequired\":true,\"valueName\":\"search_term_string\"}}],\"inLanguage\":\"es\"},{\"@type\":\"Organization\",\"@id\":\"https:\\\/\\\/sprayboothmanufacturer.com\\\/#organization\",\"name\":\"Autoke-China Paint Booth Manufacturer\",\"url\":\"https:\\\/\\\/sprayboothmanufacturer.com\\\/\",\"logo\":{\"@type\":\"ImageObject\",\"inLanguage\":\"es\",\"@id\":\"https:\\\/\\\/sprayboothmanufacturer.com\\\/#\\\/schema\\\/logo\\\/image\\\/\",\"url\":\"https:\\\/\\\/sprayboothmanufacturer.com\\\/wp-content\\\/uploads\\\/2025\\\/12\\\/\u5fae\u4fe1\u56fe\u7247_20260113195103_1750_4-scaled-e1768394147958.png\",\"contentUrl\":\"https:\\\/\\\/sprayboothmanufacturer.com\\\/wp-content\\\/uploads\\\/2025\\\/12\\\/\u5fae\u4fe1\u56fe\u7247_20260113195103_1750_4-scaled-e1768394147958.png\",\"width\":1740,\"height\":538,\"caption\":\"Autoke-China Paint Booth Manufacturer\"},\"image\":{\"@id\":\"https:\\\/\\\/sprayboothmanufacturer.com\\\/#\\\/schema\\\/logo\\\/image\\\/\"}}]}<\/script>\n<!-- \/ Yoast SEO plugin. -->","yoast_head_json":{"title":"Cabina de pulverizaci\u00f3n el\u00e9ctrica de lujo de 7m | Modelo ATK-001 | Control de temperatura inteligente | Sistema de filtraci\u00f3n de alta eficiencia | Ideal para pintura y reparaci\u00f3n de autom\u00f3viles - Fabricante de cabinas de pintura Autoke-China","robots":{"index":"index","follow":"follow","max-snippet":"max-snippet:-1","max-image-preview":"max-image-preview:large","max-video-preview":"max-video-preview:-1"},"canonical":"https:\/\/sprayboothmanufacturer.com\/es\/producto\/luxury-electric-heating-spray-booth\/","og_locale":"es_ES","og_type":"article","og_title":"7m Luxury Electric Heating Spray Booth | Model ATK-001 | Intelligent Temperature Control | High-Efficiency Filtration System | Ideal for Automotive Painting & Repair - Autoke-China Paint Booth Manufacturer","og_description":"Designed specifically for users seeking high energy efficiency and a stable painting environment, this system utilizes a diesel heating system for rapid heating and low operating costs, making it particularly suitable for areas with unstable or high-cost electricity. Equipped with intelligent temperature control, high-efficiency filtration, and a powerful ventilation system, it ensures painting quality and operational safety, making it a reliable choice for automotive repair and industrial coating.","og_url":"https:\/\/sprayboothmanufacturer.com\/es\/producto\/luxury-electric-heating-spray-booth\/","og_site_name":"Autoke-China Paint Booth Manufacturer","og_image":[{"width":800,"height":800,"url":"https:\/\/sprayboothmanufacturer.com\/wp-content\/uploads\/2026\/02\/1.png","type":"image\/png"}],"twitter_card":"summary_large_image","twitter_misc":{"Est. reading time":"2 minutos"},"schema":{"@context":"https:\/\/schema.org","@graph":[{"@type":"WebPage","@id":"https:\/\/sprayboothmanufacturer.com\/product\/luxury-electric-heating-spray-booth\/","url":"https:\/\/sprayboothmanufacturer.com\/product\/luxury-electric-heating-spray-booth\/","name":"Cabina de pulverizaci\u00f3n el\u00e9ctrica de lujo de 7m | Modelo ATK-001 | Control de temperatura inteligente | Sistema de filtraci\u00f3n de alta eficiencia | Ideal para pintura y reparaci\u00f3n de autom\u00f3viles - Fabricante de cabinas de pintura Autoke-China","isPartOf":{"@id":"https:\/\/sprayboothmanufacturer.com\/#website"},"primaryImageOfPage":{"@id":"https:\/\/sprayboothmanufacturer.com\/product\/luxury-electric-heating-spray-booth\/#primaryimage"},"image":{"@id":"https:\/\/sprayboothmanufacturer.com\/product\/luxury-electric-heating-spray-booth\/#primaryimage"},"thumbnailUrl":"https:\/\/sprayboothmanufacturer.com\/wp-content\/uploads\/2026\/02\/1.png","datePublished":"2026-02-03T08:23:56+00:00","breadcrumb":{"@id":"https:\/\/sprayboothmanufacturer.com\/product\/luxury-electric-heating-spray-booth\/#breadcrumb"},"inLanguage":"es","potentialAction":[{"@type":"ReadAction","target":["https:\/\/sprayboothmanufacturer.com\/product\/luxury-electric-heating-spray-booth\/"]}]},{"@type":"ImageObject","inLanguage":"es","@id":"https:\/\/sprayboothmanufacturer.com\/product\/luxury-electric-heating-spray-booth\/#primaryimage","url":"https:\/\/sprayboothmanufacturer.com\/wp-content\/uploads\/2026\/02\/1.png","contentUrl":"https:\/\/sprayboothmanufacturer.com\/wp-content\/uploads\/2026\/02\/1.png","width":800,"height":800},{"@type":"BreadcrumbList","@id":"https:\/\/sprayboothmanufacturer.com\/product\/luxury-electric-heating-spray-booth\/#breadcrumb","itemListElement":[{"@type":"ListItem","position":1,"name":"Home","item":"https:\/\/sprayboothmanufacturer.com\/"},{"@type":"ListItem","position":2,"name":"\u4ea7\u54c1","item":"https:\/\/sprayboothmanufacturer.com\/shop__trashed\/"},{"@type":"ListItem","position":3,"name":"7m Luxury Electric Heating Spray Booth | Model ATK-001 | Intelligent Temperature Control | High-Efficiency Filtration System | Ideal for Automotive Painting &#038; Repair"}]},{"@type":"WebSite","@id":"https:\/\/sprayboothmanufacturer.com\/#website","url":"https:\/\/sprayboothmanufacturer.com\/","name":"Fabricante de cabinas de pintura Autoke-China","description":"","publisher":{"@id":"https:\/\/sprayboothmanufacturer.com\/#organization"},"potentialAction":[{"@type":"SearchAction","target":{"@type":"EntryPoint","urlTemplate":"https:\/\/sprayboothmanufacturer.com\/?s={search_term_string}"},"query-input":{"@type":"PropertyValueSpecification","valueRequired":true,"valueName":"search_term_string"}}],"inLanguage":"es"},{"@type":"Organization","@id":"https:\/\/sprayboothmanufacturer.com\/#organization","name":"Fabricante de cabinas de pintura Autoke-China","url":"https:\/\/sprayboothmanufacturer.com\/","logo":{"@type":"ImageObject","inLanguage":"es","@id":"https:\/\/sprayboothmanufacturer.com\/#\/schema\/logo\/image\/","url":"https:\/\/sprayboothmanufacturer.com\/wp-content\/uploads\/2025\/12\/\u5fae\u4fe1\u56fe\u7247_20260113195103_1750_4-scaled-e1768394147958.png","contentUrl":"https:\/\/sprayboothmanufacturer.com\/wp-content\/uploads\/2025\/12\/\u5fae\u4fe1\u56fe\u7247_20260113195103_1750_4-scaled-e1768394147958.png","width":1740,"height":538,"caption":"Autoke-China Paint Booth Manufacturer"},"image":{"@id":"https:\/\/sprayboothmanufacturer.com\/#\/schema\/logo\/image\/"}}]}},"_links":{"self":[{"href":"https:\/\/sprayboothmanufacturer.com\/es\/wp-json\/wp\/v2\/product\/3167","targetHints":{"allow":["GET"]}}],"collection":[{"href":"https:\/\/sprayboothmanufacturer.com\/es\/wp-json\/wp\/v2\/product"}],"about":[{"href":"https:\/\/sprayboothmanufacturer.com\/es\/wp-json\/wp\/v2\/types\/product"}],"replies":[{"embeddable":true,"href":"https:\/\/sprayboothmanufacturer.com\/es\/wp-json\/wp\/v2\/comments?post=3167"}],"version-history":[{"count":1,"href":"https:\/\/sprayboothmanufacturer.com\/es\/wp-json\/wp\/v2\/product\/3167\/revisions"}],"predecessor-version":[{"id":3202,"href":"https:\/\/sprayboothmanufacturer.com\/es\/wp-json\/wp\/v2\/product\/3167\/revisions\/3202"}],"wp:featuredmedia":[{"embeddable":true,"href":"https:\/\/sprayboothmanufacturer.com\/es\/wp-json\/wp\/v2\/media\/3171"}],"wp:attachment":[{"href":"https:\/\/sprayboothmanufacturer.com\/es\/wp-json\/wp\/v2\/media?parent=3167"}],"wp:term":[{"taxonomy":"product_brand","embeddable":true,"href":"https:\/\/sprayboothmanufacturer.com\/es\/wp-json\/wp\/v2\/product_brand?post=3167"},{"taxonomy":"product_cat","embeddable":true,"href":"https:\/\/sprayboothmanufacturer.com\/es\/wp-json\/wp\/v2\/product_cat?post=3167"},{"taxonomy":"product_tag","embeddable":true,"href":"https:\/\/sprayboothmanufacturer.com\/es\/wp-json\/wp\/v2\/product_tag?post=3167"}],"curies":[{"name":"wp","href":"https:\/\/api.w.org\/{rel}","templated":true}]}}