{"id":2378,"date":"2026-01-05T06:27:35","date_gmt":"2026-01-05T06:27:35","guid":{"rendered":"https:\/\/sprayboothmanufacturer.com\/?post_type=product&#038;p=2378"},"modified":"2026-01-05T06:30:24","modified_gmt":"2026-01-05T06:30:24","slug":"car-spray-booth-factory","status":"publish","type":"product","link":"https:\/\/sprayboothmanufacturer.com\/es\/product\/car-spray-booth-factory\/","title":{"rendered":"Cabina de pulverizaci\u00f3n para autom\u00f3viles a alta temperatura de 150 grados Celsius en f\u00e1brica con precio competitivo"},"content":{"rendered":"<h2 style=\"text-align: center;\"><\/h2>\n<h2><strong>Cabina de Pintura para Coches con Sistema de Cabina<\/strong><\/h2>\n<p><img fetchpriority=\"high\" decoding=\"async\" class=\"\" title=\"Sistema de cabina\" src=\"https:\/\/img03.71360.com\/w3\/6pgvgx\/20250702\/cc6f772deea71c762e387483751b5621.png\" alt=\"Sistema de cabina\" width=\"293\" height=\"274\" \/><\/p>\n<h2><strong>Cabina de Pintura para Coches con Panel de Pared<\/strong><\/h2>\n<p>Aislamiento de doble construcci\u00f3n de alta calidad con piel de acero de color EPS<\/p>\n<p>panel. Pared resistente al fuego de 10 cm, dos capas de cubierta de acero de 0.5mm con<\/p>\n<p>materiales de aislamiento t\u00e9rmico resistentes al fuego en su interior.<\/p>\n<p>\u200b<\/p>\n<p><img decoding=\"async\" class=\"\" title=\"Sistema de cabina\" src=\"https:\/\/img03.71360.com\/w3\/6pgvgx\/20250702\/f8bcc099d921617dedaa49eeca4e7874.png\" alt=\"Sistema de cabina\" width=\"309\" height=\"173\" \/><\/p>\n<p>1. Plataforma convexa de tipo placa prensada, fabricada con chapa de acero galvanizado de alta calidad y ensamblaje de tubos cuadrados, altura de 300mm;<\/p>\n<p>2. Equipada con dos filas de rejillas de acero planas (galvanizadas) hechas de barra plana y acero redondo, de 30*4mm<\/p>\n<p>3. Con tres filas de pisos de rejilla met\u00e1licos antideslizantes con anchos de 53cm, 90cm y 53cm<\/p>\n<p>4. Con 2 filas de pasarelas de 90cm a cada lado.<\/p>\n<p>&nbsp;<\/p>\n<h2><strong>Puerta de Entrada para Cabina de Pintura de Coches<\/strong><\/h2>\n<p><img decoding=\"async\" class=\"\" title=\"Puerta de entrada\" src=\"https:\/\/img03.71360.com\/w3\/6pgvgx\/20250702\/7d7ab80667764e067fd04450f257c9e2.png\" alt=\"Puerta de entrada\" width=\"289\" height=\"183\" \/><img loading=\"lazy\" decoding=\"async\" class=\"\" title=\"Puerta de entrada\" src=\"https:\/\/img03.71360.com\/w3\/6pgvgx\/20250702\/bf10855bc8fc146ab6fb0ddc525d1a13.png\" alt=\"Puerta de entrada\" width=\"194\" height=\"188\" \/><\/p>\n<h2><strong>Puerta Principal para Cabina de Pintura de Coches<\/strong><\/h2>\n<p>Puerta frontal de cuatro hojas de chapa met\u00e1lica de 3000\u00d72750mm (L\u00d7A) en total, equipada con manija y cerradura;<\/p>\n<p>puerta de seguridad lateral: 60*180cm<\/p>\n<p>Caja de ventilador de lujo<\/p>\n<p>&nbsp;<\/p>\n<h2><strong>Sistema de Ventilaci\u00f3n para Cabina de Pintura de Coches<\/strong><\/h2>\n<p><img loading=\"lazy\" decoding=\"async\" class=\"wp-image-2350\" src=\"https:\/\/sprayboothmanufacturer.com\/wp-content\/uploads\/2025\/12\/IMG_9565-scaled.jpg\" alt=\"f\u00e1brica de cabinas de pintura\" width=\"188\" height=\"250\" srcset=\"https:\/\/sprayboothmanufacturer.com\/wp-content\/uploads\/2025\/12\/IMG_9565-scaled.jpg 1920w, https:\/\/sprayboothmanufacturer.com\/wp-content\/uploads\/2025\/12\/IMG_9565-scaled-500x667.jpg 500w, https:\/\/sprayboothmanufacturer.com\/wp-content\/uploads\/2025\/12\/IMG_9565-scaled-700x933.jpg 700w, https:\/\/sprayboothmanufacturer.com\/wp-content\/uploads\/2025\/12\/IMG_9565-225x300.jpg 225w, https:\/\/sprayboothmanufacturer.com\/wp-content\/uploads\/2025\/12\/IMG_9565-768x1024.jpg 768w, https:\/\/sprayboothmanufacturer.com\/wp-content\/uploads\/2025\/12\/IMG_9565-1152x1536.jpg 1152w, https:\/\/sprayboothmanufacturer.com\/wp-content\/uploads\/2025\/12\/IMG_9565-1536x2048.jpg 1536w, https:\/\/sprayboothmanufacturer.com\/wp-content\/uploads\/2025\/12\/IMG_9565-200x267.jpg 200w, https:\/\/sprayboothmanufacturer.com\/wp-content\/uploads\/2025\/12\/IMG_9565-400x533.jpg 400w, https:\/\/sprayboothmanufacturer.com\/wp-content\/uploads\/2025\/12\/IMG_9565-600x800.jpg 600w, https:\/\/sprayboothmanufacturer.com\/wp-content\/uploads\/2025\/12\/IMG_9565-800x1067.jpg 800w, https:\/\/sprayboothmanufacturer.com\/wp-content\/uploads\/2025\/12\/IMG_9565-1200x1600.jpg 1200w\" sizes=\"(max-width: 188px) 100vw, 188px\" \/><\/p>\n<h2><strong>Ventilador de Entrada para Cabina de Pintura de Coches<\/strong><\/h2>\n<p>2 ventiladores centr\u00edfugos de doble entrada YDW de 4KW, capacidad total de aire: 25000m3\/h<\/p>\n<p>Ventiladores de Salida:<\/p>\n<p>1 ventilador centr\u00edfugo de salida YDW de 5.5kw, capacidad total de aire: 19000m3\/h<\/p>\n<h2><strong>Tipo de configuraci\u00f3n de armario para cabina de pulverizaci\u00f3n de coches<\/strong><\/h2>\n<p>Aire de admisi\u00f3n desde el lado superior, adopta estructura de acero cuadrado para polvo, conducto de escape fabricado con acero galvanizado de alta calidad y brida. (Armario de lana de roca)<\/p>\n<p>Dimensi\u00f3n del armario: 1*2.2m, puede colocarse en el lado izquierdo\/derecho\/trasero de la cabina.<\/p>\n<p>Codo: 90\u00ba *1 unidad<\/p>\n<p>&nbsp;<\/p>\n<h2><strong>Sistema de calefacci\u00f3n para cabina de pulverizaci\u00f3n de coches<\/strong><\/h2>\n<p><img decoding=\"async\" title=\"Sistema de calefacci\u00f3n\" src=\"https:\/\/img03.71360.com\/w3\/6pgvgx\/20250702\/bb47be69a2277ecbe8cfbcace341fe53.png\" alt=\"Sistema de calefacci\u00f3n\" \/><\/p>\n<p><strong>Calefacci\u00f3n el\u00e9ctrica (220V\/380V)<\/strong><\/p>\n<p>Varilla de calefacci\u00f3n de acero inoxidable de grado industrial con aletas.<\/p>\n<p>Calentado a 150 grados Celsius, 144kW, 144 varillas de calefacci\u00f3n.<\/p>\n<p>&nbsp;<\/p>\n<h2><strong>Sistema de techo\u00a0<\/strong><\/h2>\n<p><img decoding=\"async\" title=\"Sistema de techo\" src=\"https:\/\/img03.71360.com\/w3\/6pgvgx\/20250626\/a2bacdfb32ea5c9a3ead1999cc8bdf04.png\" alt=\"Sistema de techo\" \/><\/p>\n<h2><strong>\u00a0Viga\u00a0<\/strong><\/h2>\n<p>Fabricada con tubo cuadrado galvanizado, con soporte y \u00e1ngulo de hierro conectado mediante tornillo.<\/p>\n<p><img decoding=\"async\" title=\"Sistema de techo\" src=\"https:\/\/img03.71360.com\/w3\/6pgvgx\/20250626\/417320b6a358b3e8413c548dd2a2d132.png\" alt=\"Sistema de techo\" \/><\/p>\n<h2><strong>\u00a0Plenum<\/strong><\/h2>\n<p>El plenum est\u00e1 hecho de acero galvanizado, con recubrimiento en polvo en la superficie. El marco de soporte del filtro del techo est\u00e1 hecho de tubos cuadrados galvanizados, con recubrimiento en polvo en la superficie.<\/p>\n<p>&nbsp;<\/p>\n<h2><strong>Sistema de filtraci\u00f3n<\/strong><\/h2>\n<p><img decoding=\"async\" title=\"Sistema de filtraci\u00f3n\" src=\"https:\/\/img03.71360.com\/w3\/6pgvgx\/20250626\/117dc44f1cde8b6056b7847bd9c9e489.png\" alt=\"Sistema de filtraci\u00f3n\" \/><img decoding=\"async\" title=\"Sistema de filtraci\u00f3n\" src=\"https:\/\/img03.71360.com\/w3\/6pgvgx\/20250626\/76f3e7e0d5ec434f7e791bddac0ca3cf.png\" alt=\"Sistema de filtraci\u00f3n\" \/><\/p>\n<p><strong>Filtro Primario<\/strong><\/p>\n<p>El filtro primario puede capturar part\u00edculas mayores de 10\u03bcm, tasa de filtraci\u00f3n &gt; 90%.<\/p>\n<p><strong>Filtro de Techo (Blanco)<\/strong><\/p>\n<p>El filtro del techo puede capturar part\u00edculas mayores de 4\u03bcm, tasa de filtraci\u00f3n &gt; 98%.<\/p>\n<p><strong>Filtro de Piso (Azul)<\/strong><\/p>\n<p>Filtro de fibra de vidrio de m\u00faltiples capas, tasa de filtraci\u00f3n &gt; 90%.<\/p>\n<p>&nbsp;<\/p>\n<h2><strong>Sistema de Control<\/strong><\/h2>\n<p><img loading=\"lazy\" decoding=\"async\" class=\"\" title=\"Sistema de Control\" src=\"https:\/\/img03.71360.com\/w3\/6pgvgx\/20250702\/493bd4a722b8e053d3fad65f30bda4c0.png\" alt=\"Sistema de Control\" width=\"195\" height=\"259\" \/><\/p>\n<p>Sistema de control inteligente, pintura, Barkin, horneado, controlador de temperatura, configuraci\u00f3n de tiempo, parada de emergencia.<\/p>\n<p>Rel\u00e9 de estado s\u00f3lido para control el\u00e9ctrico, la curva de calefacci\u00f3n puede ajustarse.<\/p>\n<p>&nbsp;<\/p>\n<p><strong>Voltaje\/Frecuencia<\/strong><\/p>\n<p>220V\/380V, 50Hz<\/p>","protected":false},"excerpt":{"rendered":"<p>Descubra nuestras cabinas de pintura para coches de alta calidad con certificaci\u00f3n CE a precios competitivos. Como f\u00e1brica l\u00edder, ofrecemos soluciones duraderas y eficientes para todas sus necesidades de pintura automotriz.<\/p>","protected":false},"featured_media":2257,"comment_status":"open","ping_status":"closed","template":"","meta":[],"product_brand":[],"product_cat":[60,59],"product_tag":[62],"class_list":{"0":"post-2378","1":"product","2":"type-product","3":"status-publish","4":"has-post-thumbnail","6":"product_cat-car-spray-booth","7":"product_cat-spray-booth","8":"product_tag-150-degree-celsius-high-temperature-car-spray-booth-factory-with-competitive-price-prices","10":"first","11":"instock","12":"shipping-taxable","13":"product-type-simple"},"yoast_head":"<!-- This site is optimized with the Yoast SEO plugin v27.4 - https:\/\/yoast.com\/product\/yoast-seo-wordpress\/ -->\n<title>150 Degree Celsius High-temperature Car Spray Booth Factory With Competitive Price Prices - Autoke-China Paint Booth Manufacturer<\/title>\n<meta name=\"robots\" content=\"index, follow, max-snippet:-1, max-image-preview:large, max-video-preview:-1\" \/>\n<link rel=\"canonical\" href=\"https:\/\/sprayboothmanufacturer.com\/es\/producto\/car-spray-booth-factory\/\" \/>\n<meta property=\"og:locale\" content=\"es_ES\" \/>\n<meta property=\"og:type\" content=\"article\" \/>\n<meta property=\"og:title\" content=\"150 Degree Celsius High-temperature Car Spray Booth Factory With Competitive Price Prices - Autoke-China Paint Booth Manufacturer\" \/>\n<meta property=\"og:description\" content=\"Discover our CE certified high-quality car spray booths at competitive prices. As a leading factory, we offer durable and efficient solutions for all your automotive painting needs.\" \/>\n<meta property=\"og:url\" content=\"https:\/\/sprayboothmanufacturer.com\/es\/producto\/car-spray-booth-factory\/\" \/>\n<meta property=\"og:site_name\" content=\"Autoke-China Paint Booth Manufacturer\" \/>\n<meta property=\"article:modified_time\" content=\"2026-01-05T06:30:24+00:00\" \/>\n<meta property=\"og:image\" content=\"https:\/\/sprayboothmanufacturer.com\/wp-content\/uploads\/2025\/11\/3-2.png\" \/>\n\t<meta property=\"og:image:width\" content=\"850\" \/>\n\t<meta property=\"og:image:height\" content=\"850\" \/>\n\t<meta property=\"og:image:type\" content=\"image\/png\" \/>\n<meta name=\"twitter:card\" content=\"summary_large_image\" \/>\n<meta name=\"twitter:label1\" content=\"Est. reading time\" \/>\n\t<meta name=\"twitter:data1\" content=\"2 minutos\" \/>\n<script type=\"application\/ld+json\" class=\"yoast-schema-graph\">{\"@context\":\"https:\\\/\\\/schema.org\",\"@graph\":[{\"@type\":\"WebPage\",\"@id\":\"https:\\\/\\\/sprayboothmanufacturer.com\\\/product\\\/car-spray-booth-factory\\\/\",\"url\":\"https:\\\/\\\/sprayboothmanufacturer.com\\\/product\\\/car-spray-booth-factory\\\/\",\"name\":\"150 Degree Celsius High-temperature Car Spray Booth Factory With Competitive Price Prices - Autoke-China Paint Booth Manufacturer\",\"isPartOf\":{\"@id\":\"https:\\\/\\\/sprayboothmanufacturer.com\\\/#website\"},\"primaryImageOfPage\":{\"@id\":\"https:\\\/\\\/sprayboothmanufacturer.com\\\/product\\\/car-spray-booth-factory\\\/#primaryimage\"},\"image\":{\"@id\":\"https:\\\/\\\/sprayboothmanufacturer.com\\\/product\\\/car-spray-booth-factory\\\/#primaryimage\"},\"thumbnailUrl\":\"https:\\\/\\\/sprayboothmanufacturer.com\\\/wp-content\\\/uploads\\\/2025\\\/11\\\/3-2.png\",\"datePublished\":\"2026-01-05T06:27:35+00:00\",\"dateModified\":\"2026-01-05T06:30:24+00:00\",\"breadcrumb\":{\"@id\":\"https:\\\/\\\/sprayboothmanufacturer.com\\\/product\\\/car-spray-booth-factory\\\/#breadcrumb\"},\"inLanguage\":\"es\",\"potentialAction\":[{\"@type\":\"ReadAction\",\"target\":[\"https:\\\/\\\/sprayboothmanufacturer.com\\\/product\\\/car-spray-booth-factory\\\/\"]}]},{\"@type\":\"ImageObject\",\"inLanguage\":\"es\",\"@id\":\"https:\\\/\\\/sprayboothmanufacturer.com\\\/product\\\/car-spray-booth-factory\\\/#primaryimage\",\"url\":\"https:\\\/\\\/sprayboothmanufacturer.com\\\/wp-content\\\/uploads\\\/2025\\\/11\\\/3-2.png\",\"contentUrl\":\"https:\\\/\\\/sprayboothmanufacturer.com\\\/wp-content\\\/uploads\\\/2025\\\/11\\\/3-2.png\",\"width\":850,\"height\":850,\"caption\":\"150 Degree Celsius High-temperature Car Spray Booth Factory With Competitive Price Prices\"},{\"@type\":\"BreadcrumbList\",\"@id\":\"https:\\\/\\\/sprayboothmanufacturer.com\\\/product\\\/car-spray-booth-factory\\\/#breadcrumb\",\"itemListElement\":[{\"@type\":\"ListItem\",\"position\":1,\"name\":\"Home\",\"item\":\"https:\\\/\\\/sprayboothmanufacturer.com\\\/\"},{\"@type\":\"ListItem\",\"position\":2,\"name\":\"\u4ea7\u54c1\",\"item\":\"https:\\\/\\\/sprayboothmanufacturer.com\\\/shop__trashed\\\/\"},{\"@type\":\"ListItem\",\"position\":3,\"name\":\"150 Degree Celsius High-temperature Car Spray Booth Factory With Competitive Price Prices\"}]},{\"@type\":\"WebSite\",\"@id\":\"https:\\\/\\\/sprayboothmanufacturer.com\\\/#website\",\"url\":\"https:\\\/\\\/sprayboothmanufacturer.com\\\/\",\"name\":\"Autoke-China Paint Booth Manufacturer\",\"description\":\"\",\"publisher\":{\"@id\":\"https:\\\/\\\/sprayboothmanufacturer.com\\\/#organization\"},\"potentialAction\":[{\"@type\":\"SearchAction\",\"target\":{\"@type\":\"EntryPoint\",\"urlTemplate\":\"https:\\\/\\\/sprayboothmanufacturer.com\\\/?s={search_term_string}\"},\"query-input\":{\"@type\":\"PropertyValueSpecification\",\"valueRequired\":true,\"valueName\":\"search_term_string\"}}],\"inLanguage\":\"es\"},{\"@type\":\"Organization\",\"@id\":\"https:\\\/\\\/sprayboothmanufacturer.com\\\/#organization\",\"name\":\"Autoke-China Paint Booth Manufacturer\",\"url\":\"https:\\\/\\\/sprayboothmanufacturer.com\\\/\",\"logo\":{\"@type\":\"ImageObject\",\"inLanguage\":\"es\",\"@id\":\"https:\\\/\\\/sprayboothmanufacturer.com\\\/#\\\/schema\\\/logo\\\/image\\\/\",\"url\":\"https:\\\/\\\/sprayboothmanufacturer.com\\\/wp-content\\\/uploads\\\/2025\\\/12\\\/\u5fae\u4fe1\u56fe\u7247_20260113195103_1750_4-scaled-e1768394147958.png\",\"contentUrl\":\"https:\\\/\\\/sprayboothmanufacturer.com\\\/wp-content\\\/uploads\\\/2025\\\/12\\\/\u5fae\u4fe1\u56fe\u7247_20260113195103_1750_4-scaled-e1768394147958.png\",\"width\":1740,\"height\":538,\"caption\":\"Autoke-China Paint Booth Manufacturer\"},\"image\":{\"@id\":\"https:\\\/\\\/sprayboothmanufacturer.com\\\/#\\\/schema\\\/logo\\\/image\\\/\"}}]}<\/script>\n<!-- \/ Yoast SEO plugin. -->","yoast_head_json":{"title":"Cabina de pulverizaci\u00f3n para autom\u00f3viles de alta temperatura de 150 grados Celsius con precio competitivo - Fabricante de cabinas de pintura Autoke-China","robots":{"index":"index","follow":"follow","max-snippet":"max-snippet:-1","max-image-preview":"max-image-preview:large","max-video-preview":"max-video-preview:-1"},"canonical":"https:\/\/sprayboothmanufacturer.com\/es\/producto\/car-spray-booth-factory\/","og_locale":"es_ES","og_type":"article","og_title":"150 Degree Celsius High-temperature Car Spray Booth Factory With Competitive Price Prices - Autoke-China Paint Booth Manufacturer","og_description":"Discover our CE certified high-quality car spray booths at competitive prices. As a leading factory, we offer durable and efficient solutions for all your automotive painting needs.","og_url":"https:\/\/sprayboothmanufacturer.com\/es\/producto\/car-spray-booth-factory\/","og_site_name":"Autoke-China Paint Booth Manufacturer","article_modified_time":"2026-01-05T06:30:24+00:00","og_image":[{"width":850,"height":850,"url":"https:\/\/sprayboothmanufacturer.com\/wp-content\/uploads\/2025\/11\/3-2.png","type":"image\/png"}],"twitter_card":"summary_large_image","twitter_misc":{"Est. reading time":"2 minutos"},"schema":{"@context":"https:\/\/schema.org","@graph":[{"@type":"WebPage","@id":"https:\/\/sprayboothmanufacturer.com\/product\/car-spray-booth-factory\/","url":"https:\/\/sprayboothmanufacturer.com\/product\/car-spray-booth-factory\/","name":"Cabina de pulverizaci\u00f3n para autom\u00f3viles de alta temperatura de 150 grados Celsius con precio competitivo - Fabricante de cabinas de pintura Autoke-China","isPartOf":{"@id":"https:\/\/sprayboothmanufacturer.com\/#website"},"primaryImageOfPage":{"@id":"https:\/\/sprayboothmanufacturer.com\/product\/car-spray-booth-factory\/#primaryimage"},"image":{"@id":"https:\/\/sprayboothmanufacturer.com\/product\/car-spray-booth-factory\/#primaryimage"},"thumbnailUrl":"https:\/\/sprayboothmanufacturer.com\/wp-content\/uploads\/2025\/11\/3-2.png","datePublished":"2026-01-05T06:27:35+00:00","dateModified":"2026-01-05T06:30:24+00:00","breadcrumb":{"@id":"https:\/\/sprayboothmanufacturer.com\/product\/car-spray-booth-factory\/#breadcrumb"},"inLanguage":"es","potentialAction":[{"@type":"ReadAction","target":["https:\/\/sprayboothmanufacturer.com\/product\/car-spray-booth-factory\/"]}]},{"@type":"ImageObject","inLanguage":"es","@id":"https:\/\/sprayboothmanufacturer.com\/product\/car-spray-booth-factory\/#primaryimage","url":"https:\/\/sprayboothmanufacturer.com\/wp-content\/uploads\/2025\/11\/3-2.png","contentUrl":"https:\/\/sprayboothmanufacturer.com\/wp-content\/uploads\/2025\/11\/3-2.png","width":850,"height":850,"caption":"150 Degree Celsius High-temperature Car Spray Booth Factory With Competitive Price Prices"},{"@type":"BreadcrumbList","@id":"https:\/\/sprayboothmanufacturer.com\/product\/car-spray-booth-factory\/#breadcrumb","itemListElement":[{"@type":"ListItem","position":1,"name":"Home","item":"https:\/\/sprayboothmanufacturer.com\/"},{"@type":"ListItem","position":2,"name":"\u4ea7\u54c1","item":"https:\/\/sprayboothmanufacturer.com\/shop__trashed\/"},{"@type":"ListItem","position":3,"name":"150 Degree Celsius High-temperature Car Spray Booth Factory With Competitive Price Prices"}]},{"@type":"WebSite","@id":"https:\/\/sprayboothmanufacturer.com\/#website","url":"https:\/\/sprayboothmanufacturer.com\/","name":"Fabricante de cabinas de pintura Autoke-China","description":"","publisher":{"@id":"https:\/\/sprayboothmanufacturer.com\/#organization"},"potentialAction":[{"@type":"SearchAction","target":{"@type":"EntryPoint","urlTemplate":"https:\/\/sprayboothmanufacturer.com\/?s={search_term_string}"},"query-input":{"@type":"PropertyValueSpecification","valueRequired":true,"valueName":"search_term_string"}}],"inLanguage":"es"},{"@type":"Organization","@id":"https:\/\/sprayboothmanufacturer.com\/#organization","name":"Fabricante de cabinas de pintura Autoke-China","url":"https:\/\/sprayboothmanufacturer.com\/","logo":{"@type":"ImageObject","inLanguage":"es","@id":"https:\/\/sprayboothmanufacturer.com\/#\/schema\/logo\/image\/","url":"https:\/\/sprayboothmanufacturer.com\/wp-content\/uploads\/2025\/12\/\u5fae\u4fe1\u56fe\u7247_20260113195103_1750_4-scaled-e1768394147958.png","contentUrl":"https:\/\/sprayboothmanufacturer.com\/wp-content\/uploads\/2025\/12\/\u5fae\u4fe1\u56fe\u7247_20260113195103_1750_4-scaled-e1768394147958.png","width":1740,"height":538,"caption":"Autoke-China Paint Booth Manufacturer"},"image":{"@id":"https:\/\/sprayboothmanufacturer.com\/#\/schema\/logo\/image\/"}}]}},"_links":{"self":[{"href":"https:\/\/sprayboothmanufacturer.com\/es\/wp-json\/wp\/v2\/product\/2378","targetHints":{"allow":["GET"]}}],"collection":[{"href":"https:\/\/sprayboothmanufacturer.com\/es\/wp-json\/wp\/v2\/product"}],"about":[{"href":"https:\/\/sprayboothmanufacturer.com\/es\/wp-json\/wp\/v2\/types\/product"}],"replies":[{"embeddable":true,"href":"https:\/\/sprayboothmanufacturer.com\/es\/wp-json\/wp\/v2\/comments?post=2378"}],"version-history":[{"count":1,"href":"https:\/\/sprayboothmanufacturer.com\/es\/wp-json\/wp\/v2\/product\/2378\/revisions"}],"predecessor-version":[{"id":2380,"href":"https:\/\/sprayboothmanufacturer.com\/es\/wp-json\/wp\/v2\/product\/2378\/revisions\/2380"}],"wp:featuredmedia":[{"embeddable":true,"href":"https:\/\/sprayboothmanufacturer.com\/es\/wp-json\/wp\/v2\/media\/2257"}],"wp:attachment":[{"href":"https:\/\/sprayboothmanufacturer.com\/es\/wp-json\/wp\/v2\/media?parent=2378"}],"wp:term":[{"taxonomy":"product_brand","embeddable":true,"href":"https:\/\/sprayboothmanufacturer.com\/es\/wp-json\/wp\/v2\/product_brand?post=2378"},{"taxonomy":"product_cat","embeddable":true,"href":"https:\/\/sprayboothmanufacturer.com\/es\/wp-json\/wp\/v2\/product_cat?post=2378"},{"taxonomy":"product_tag","embeddable":true,"href":"https:\/\/sprayboothmanufacturer.com\/es\/wp-json\/wp\/v2\/product_tag?post=2378"}],"curies":[{"name":"wp","href":"https:\/\/api.w.org\/{rel}","templated":true}]}}