{"id":3395,"date":"2026-02-26T02:51:46","date_gmt":"2026-02-26T02:51:46","guid":{"rendered":"https:\/\/sprayboothmanufacturer.com\/?post_type=product&#038;p=3395"},"modified":"2026-02-26T02:51:46","modified_gmt":"2026-02-26T02:51:46","slug":"7m-electric-heated-spray-booth-3","status":"publish","type":"product","link":"https:\/\/sprayboothmanufacturer.com\/de\/product\/7m-electric-heated-spray-booth-3\/","title":{"rendered":"7m Elektrisch beheizte Spritzkabine \u2013 Professioneller Automobilger\u00e4te-Lieferant mit 38KW Gesamtleistung &amp; 25.000 m\u00b3\/h Bel\u00fcftung"},"content":{"rendered":"<table style=\"height: 276px;\" width=\"740\">\n<tbody>\n<tr>\n<td width=\"142\"><strong><b>Mindestbestellmenge :<\/b><\/strong><\/td>\n<td width=\"142\">1 St\u00fcck<\/td>\n<td width=\"142\"><strong><b>Preis :<\/b><\/strong><\/td>\n<td width=\"142\">Verhandlungssache<\/td>\n<\/tr>\n<tr>\n<td width=\"142\"><strong><b>Verpackungsdetails :<\/b><\/strong><\/td>\n<td width=\"142\">40G oder 20GP\/Einheit<\/td>\n<td width=\"142\"><strong><b>Lieferzeit :<\/b><\/strong><\/td>\n<td width=\"142\">15 Tage, Verhandlungssache<\/td>\n<\/tr>\n<tr>\n<td width=\"142\"><strong><b>Zahlungsbedingungen :<\/b><\/strong><\/td>\n<td width=\"142\">L\/C, T\/T<\/td>\n<td width=\"142\"><strong><b>Lieferf\u00e4higkeit :<\/b><\/strong><\/td>\n<td width=\"142\">50 Einheiten\/Einheiten pro Monat Industrielle Spr\u00fchkabine Bus-Spr\u00fchkabine<\/td>\n<\/tr>\n<tr>\n<td width=\"142\"><strong><b>Herkunftsland:<\/b><\/strong><\/td>\n<td width=\"142\">Jiangsu, China<\/td>\n<td width=\"142\"><strong><b>Markenname:<\/b><\/strong><\/td>\n<td width=\"142\">Autoke<\/td>\n<\/tr>\n<tr>\n<td width=\"142\"><strong><b>Zertifizierung:<\/b><\/strong><\/td>\n<td width=\"142\">CE<\/td>\n<td width=\"142\"><strong><b>Modellnummer:<\/b><\/strong><\/td>\n<td width=\"142\"><strong>ATK-LS7-030E<\/strong><\/td>\n<\/tr>\n<\/tbody>\n<\/table>\n<h4><strong>\u00dcbersicht<\/strong><\/h4>\n<p class=\"ds-markdown-paragraph\">Die\u00a0<strong>Autoke 7m Luxus-Spritzkabine mit Elektrischer Heizung<\/strong>\u00a0Kombiniert robuste Bauweise, effiziente Bel\u00fcftung und leistungsstarke elektrische Heizung, um konsistente Lackier- und Trockenergebnisse zu liefern. Ausgestattet mit einem 38KW-Gesamtleistungssystem, einschlie\u00dflich 2\u00d74KW-Zuluftventilatoren und einem 5,5KW-Abluftventilator, ist diese Kabine ideal f\u00fcr Werkst\u00e4tten, die professionelle Oberfl\u00e4chen und zuverl\u00e4ssige Leistung ben\u00f6tigen. Das ger\u00e4umige Innere (6900\u00d73900\u00d72700mm) bietet Platz f\u00fcr Autos, Vans und leichte Nutzfahrzeuge, w\u00e4hrend das fortschrittliche Steuerungssystem und die umfassende Filtration eine saubere, sichere Arbeitsumgebung gew\u00e4hrleisten.<\/p>\n<hr \/>\n<h4><strong>Hauptmerkmale<\/strong><\/h4>\n<ul>\n<li>\n<p class=\"ds-markdown-paragraph\"><strong>Robuste Konstruktion<\/strong><\/p>\n<ul>\n<li>\n<p class=\"ds-markdown-paragraph\">Wandpaneele:\u00a0<strong>4cm dicke hochdichte isolierte Paneele<\/strong>\u00a0mit\u00a0<strong>0,4 mm Stahlabdeckungen<\/strong>\u00a0\u2013 feuerfest, schalldicht und thermisch isoliert.<\/p>\n<\/li>\n<li>\n<p class=\"ds-markdown-paragraph\">Verzinkte Stahl-Dachpaneele, brandschutzbehandelt.<\/p>\n<\/li>\n<li>\n<p class=\"ds-markdown-paragraph\">Schwerlastkeller mit plattenf\u00f6rmiger konvexer Plattform, gefertigt aus verzinktem Stahlblech und Quadratrohren, H\u00f6he 300 mm.<\/p>\n<\/li>\n<li>\n<p class=\"ds-markdown-paragraph\"><strong>Bodensystem:<\/strong><\/p>\n<ul>\n<li>\n<p class=\"ds-markdown-paragraph\"><strong>Drei Reihen flacher Stahlgitter<\/strong>\u00a0(verzinkt,\u00a0<strong>2,3mm Dicke<\/strong>) f\u00fcr optimalen Luftstrom.<\/p>\n<\/li>\n<li>\n<p class=\"ds-markdown-paragraph\"><strong>Zwei Reihen Gehwege<\/strong>\u00a0(<strong>5mm Dicke<\/strong>), spray-behandelt zum Rostschutz.<\/p>\n<\/li>\n<\/ul>\n<\/li>\n<li>\n<p class=\"ds-markdown-paragraph\">Vier Hilfsbeine bieten zus\u00e4tzliche Unterst\u00fctzung und Stabilit\u00e4t.<\/p>\n<\/li>\n<\/ul>\n<\/li>\n<li>\n<p class=\"ds-markdown-paragraph\"><strong>Leistungsstarkes Bel\u00fcftungssystem<\/strong><\/p>\n<ul>\n<li>\n<p class=\"ds-markdown-paragraph\"><strong>Ansaugung:<\/strong>\u00a0<strong>2\u00d74KW YDW Doppelansaug-Zentrifugalventilatoren<\/strong>, Gesamtluftstrom\u00a0<strong>25.000 m\u00b3\/h<\/strong>\u00a0f\u00fcr optimale Luftverteilung.<\/p>\n<\/li>\n<li>\n<p class=\"ds-markdown-paragraph\"><strong>Auspuff:<\/strong>\u00a0<strong>1\u00d75,5KW YDW Zentrifugalventilator<\/strong>\u00a0, der eine effiziente Entfernung von Overspray und D\u00e4mpfen gew\u00e4hrleistet.<\/p>\n<\/li>\n<li>\n<p class=\"ds-markdown-paragraph\">Ventilatorenbox aus 1 mm verzinktem Blech mit Quadratrohrrahmen, spraybeschichtet f\u00fcr Langlebigkeit.<\/p>\n<\/li>\n<li>\n<p class=\"ds-markdown-paragraph\">Geh\u00e4usema\u00dfe: 1,1\u00d72,2 m, kann auf der linken, rechten oder hinteren Seite der Kabine installiert werden.<\/p>\n<\/li>\n<li>\n<p class=\"ds-markdown-paragraph\">Inklusive 90\u00b0 Bogenkanal.<\/p>\n<\/li>\n<\/ul>\n<\/li>\n<li>\n<p class=\"ds-markdown-paragraph\"><strong>Effiziente Elektroheizung<\/strong><\/p>\n<ul>\n<li>\n<p class=\"ds-markdown-paragraph\">Gesamtleistung:\u00a0<strong>38KW<\/strong>\u00a0(elektrische Heizversion).<\/p>\n<\/li>\n<li>\n<p class=\"ds-markdown-paragraph\">Schnelles Aufheizen mit gleichm\u00e4\u00dfiger Temperaturkontrolle f\u00fcr optimale Aush\u00e4rtungsbedingungen.<\/p>\n<\/li>\n<li>\n<p class=\"ds-markdown-paragraph\">Sauberer, ger\u00e4uschloser Betrieb ohne Emissionen \u2013 ideal f\u00fcr den Innenbereich.<\/p>\n<\/li>\n<\/ul>\n<\/li>\n<li>\n<p class=\"ds-markdown-paragraph\"><strong>Ger\u00e4umiger Zugang<\/strong><\/p>\n<ul>\n<li>\n<p class=\"ds-markdown-paragraph\">Haupttor:\u00a0<strong>Vierfl\u00fcgelige Metallvordert\u00fcren<\/strong>\u00a0mit Sicherheitsglasfenstern, ausgestattet mit Griff und Schloss,\u00a0<strong>5mm hitzebest\u00e4ndiges Glas<\/strong>.<\/p>\n<\/li>\n<li>\n<p class=\"ds-markdown-paragraph\">Seitent\u00fcr f\u00fcr Notausgang und bequemen Zugang.<\/p>\n<\/li>\n<\/ul>\n<\/li>\n<li>\n<p class=\"ds-markdown-paragraph\"><strong>Hervorragende Beleuchtung<\/strong><\/p>\n<ul>\n<li>\n<p class=\"ds-markdown-paragraph\">Decke:\u00a0<strong>24\u00d718W LED-Leuchten<\/strong>\u00a0(8 Gruppen \u00e0 3) in einem Winkel von 45\u00b0 f\u00fcr gleichm\u00e4\u00dfige Deckenbeleuchtung.<\/p>\n<\/li>\n<li>\n<p class=\"ds-markdown-paragraph\">Seitliche W\u00e4nde:\u00a0<strong>8\u00d748W LED-Leuchten<\/strong>\u00a0Schatten eliminieren und die Sichtbarkeit bei detaillierter Arbeit verbessern.<\/p>\n<\/li>\n<\/ul>\n<\/li>\n<li>\n<p class=\"ds-markdown-paragraph\"><strong>Mehrstufiges Filtersystem<\/strong><\/p>\n<ul>\n<li>\n<p class=\"ds-markdown-paragraph\"><strong>Prim\u00e4rfilter:<\/strong>\u00a0F\u00e4ngt Partikel &gt;10\u03bcm auf, Effizienz &gt;90%.<\/p>\n<\/li>\n<li>\n<p class=\"ds-markdown-paragraph\"><strong>Deckenfilter (wei\u00df):<\/strong>\u00a0F\u00e4ngt Partikel &gt;4\u03bcm auf, Effizienz &gt;98%.<\/p>\n<\/li>\n<li>\n<p class=\"ds-markdown-paragraph\"><strong>Bodenfilter (blau):<\/strong>\u00a0Mehrlagiger Glasfaserfilter, Effizienz &gt;90%.<\/p>\n<\/li>\n<li>\n<p class=\"ds-markdown-paragraph\">Sichert eine saubere Malumgebung und eine hochwertige Oberfl\u00e4che.<\/p>\n<\/li>\n<\/ul>\n<\/li>\n<li>\n<p class=\"ds-markdown-paragraph\"><strong>Intelligentes Steuerungssystem<\/strong><\/p>\n<ul>\n<li>\n<p class=\"ds-markdown-paragraph\">Benutzerfreundliches Bedienfeld mit Schaltern f\u00fcr Beleuchtung, Malen, Backmodi, Temperaturregelung, Timer und Not-Aus.<\/p>\n<\/li>\n<li>\n<p class=\"ds-markdown-paragraph\">Echtzeit\u00fcberwachung und -anpassung f\u00fcr optimalen Betrieb.<\/p>\n<\/li>\n<\/ul>\n<\/li>\n<li>\n<p class=\"ds-markdown-paragraph\"><strong>Elektrik &amp; Leistung<\/strong><\/p>\n<ul>\n<li>\n<p class=\"ds-markdown-paragraph\">Spannung:\u00a0<strong>220V\/380V, 50Hz<\/strong>.<\/p>\n<\/li>\n<li>\n<p class=\"ds-markdown-paragraph\">Professionelle Komponenten f\u00fcr den kontinuierlichen gewerblichen Einsatz ausgelegt.<\/p>\n<\/li>\n<\/ul>\n<\/li>\n<\/ul>\n<hr \/>\n<h4><strong>Technische Spezifikationen<\/strong><\/h4>\n<div class=\"ds-scroll-area _1210dd7 c03cafe9\">\n<div class=\"ds-scroll-area__gutters\">\n<div class=\"ds-scroll-area__horizontal-gutter\"><\/div>\n<div class=\"ds-scroll-area__vertical-gutter\"><\/div>\n<\/div>\n<table>\n<thead>\n<tr>\n<th>Parameter<\/th>\n<th>Details<\/th>\n<\/tr>\n<\/thead>\n<tbody>\n<tr>\n<td><strong>Modell<\/strong><\/td>\n<td>ATK-LS7-030E<\/td>\n<\/tr>\n<tr>\n<td><strong>Au\u00dfenma\u00dfe (L\u00d7B\u00d7H)<\/strong><\/td>\n<td>7000\u00d74000\u00d73400 mm<\/td>\n<\/tr>\n<tr>\n<td><strong>Innenma\u00dfe (L\u00d7B\u00d7H)<\/strong><\/td>\n<td>6900\u00d73900\u00d72700 mm<\/td>\n<\/tr>\n<tr>\n<td><strong>Verpackungsgr\u00f6\u00dfe<\/strong><\/td>\n<td>4,2\u00d72,2\u00d72,1 m (19 CBM)<\/td>\n<\/tr>\n<tr>\n<td><strong>Gewicht<\/strong><\/td>\n<td>Ca. 3500 kg<\/td>\n<\/tr>\n<tr>\n<td><strong>Wandpaneel<\/strong><\/td>\n<td>40mm dicke Isolierpaneele, Stahlst\u00e4rke 0,4mm<\/td>\n<\/tr>\n<tr>\n<td><strong>Bodenroste<\/strong><\/td>\n<td>3 Reihen verzinkter Stahl, 2,3mm Dicke<\/td>\n<\/tr>\n<tr>\n<td><strong>Gehwege<\/strong><\/td>\n<td>2 Reihen, rostgesch\u00fctzt behandelt, 5 mm Dicke<\/td>\n<\/tr>\n<tr>\n<td><strong>Bel\u00fcftung<\/strong><\/td>\n<td>2\u00d74KW Zuluftventilatoren (25.000 m\u00b3\/h) + 1\u00d75,5KW Abluftventilator<\/td>\n<\/tr>\n<tr>\n<td><strong>Heizung<\/strong><\/td>\n<td>Elektrisch, 38KW Gesamtleistung<\/td>\n<\/tr>\n<tr>\n<td><strong>Beleuchtung<\/strong><\/td>\n<td>Decke: 24\u00d718W LED; Seitenw\u00e4nde: 8\u00d748W LED<\/td>\n<\/tr>\n<tr>\n<td><strong>T\u00fcren<\/strong><\/td>\n<td>Haupt: 4-fl\u00fcgelig Metall mit Sicherheitsglas; Seitent\u00fcr<\/td>\n<\/tr>\n<tr>\n<td><strong>Gebl\u00e4sekasten<\/strong><\/td>\n<td>Luxusbauweise, verzinktes Blech 1mm mit Quadratrohrrahmen<\/td>\n<\/tr>\n<tr>\n<td><strong>Filtration<\/strong><\/td>\n<td>Prim\u00e4r-, Decken- und Bodenschutzfilter (vorinstalliert)<\/td>\n<\/tr>\n<tr>\n<td><strong>Steuerungssystem<\/strong><\/td>\n<td>Intelligentes Panel mit Timer, Temperaturregelung, Not-Aus<\/td>\n<\/tr>\n<tr>\n<td><strong>Spannung\/Frequenz<\/strong><\/td>\n<td>220V\/380V, 50Hz<\/td>\n<\/tr>\n<tr>\n<td><strong>Gesamtleistung<\/strong><\/td>\n<td>38 KW (elektrische Version)<\/td>\n<\/tr>\n<tr>\n<td><strong>Farboptionen<\/strong><\/td>\n<td>Rot, Blau, Wei\u00df, Grau, Orange usw.<\/td>\n<\/tr>\n<tr>\n<td><strong>Garantie<\/strong><\/td>\n<td>12 Monate ab B\/L-Datum<\/td>\n<\/tr>\n<tr>\n<td><strong>Lieferzeit<\/strong><\/td>\n<td>30 Tage nach Zahlungseingang (EXW, 30% Anzahlung)<\/td>\n<\/tr>\n<tr>\n<td><strong>Versand<\/strong><\/td>\n<td>1 Satz pro 20GP-Container; 3 S\u00e4tze pro 40HQ-Container<\/td>\n<\/tr>\n<\/tbody>\n<\/table>\n<\/div>\n<hr \/>\n<h4><strong>Warum Autoke Elektrischer Spritzkabine w\u00e4hlen?<\/strong><\/h4>\n<ul>\n<li>\n<p class=\"ds-markdown-paragraph\">\u2705\u00a0<strong>Direktlieferung vom Hersteller<\/strong>\u00a0\u2013 Wettbewerbsf\u00e4hige Preise ohne Zwischenh\u00e4ndler<\/p>\n<\/li>\n<li>\n<p class=\"ds-markdown-paragraph\">\u2705\u00a0<strong>OEM-Individualisierungsl\u00f6sungen<\/strong>\u00a0\u2013 Gr\u00f6\u00dfe, Farbe und Zubeh\u00f6r an Ihre Bed\u00fcrfnisse anpassen<\/p>\n<\/li>\n<li>\n<p class=\"ds-markdown-paragraph\">\u2705\u00a0<strong>One-Stop-L\u00f6sung<\/strong>\u00a0\u2013 Von Struktur bis Heizung und Bel\u00fcftung<\/p>\n<\/li>\n<li>\n<p class=\"ds-markdown-paragraph\">\u2705\u00a0<strong>Hersteller von Industrieausr\u00fcstung<\/strong>\u00a0\u2013 Bew\u00e4hrte Qualit\u00e4t und Zuverl\u00e4ssigkeit<\/p>\n<\/li>\n<li>\n<p class=\"ds-markdown-paragraph\">\u2705\u00a0<strong>F\u00fcr den gewerblichen Einsatz entwickelt<\/strong>\u00a0\u2013 Schwerlastkomponenten f\u00fcr den Dauerbetrieb<\/p>\n<\/li>\n<li>\n<p class=\"ds-markdown-paragraph\">\u2705\u00a0<strong>Sauberer &amp; Leiser Betrieb<\/strong>\u00a0\u2013 Elektrische Heizung ohne Emissionen, ideal f\u00fcr den Innenbereich<\/p>\n<\/li>\n<li>\n<p class=\"ds-markdown-paragraph\">\u2705\u00a0<strong>Leistungsstarke Bel\u00fcftung<\/strong>\u00a0\u2013 25.000 m\u00b3\/h Luftstrom f\u00fcr effiziente \u00dcberlackentfernung<\/p>\n<\/li>\n<li>\n<p class=\"ds-markdown-paragraph\">\u2705\u00a0<strong>Weltweiter Versand<\/strong>\u00a0\u2013 Einfaches Containerladen und weltweite Lieferung<\/p>\n<\/li>\n<\/ul>\n<hr \/>\n<h4><strong>Anwendungen<\/strong><\/h4>\n<ul>\n<li>\n<p class=\"ds-markdown-paragraph\">Karosseriewerkst\u00e4tten und Unfallinstandsetzungszentren<\/p>\n<\/li>\n<li>\n<p class=\"ds-markdown-paragraph\">Auto- und Van-Lackierung<\/p>\n<\/li>\n<li>\n<p class=\"ds-markdown-paragraph\">Industrielle Beschichtungs- und Endbearbeitungsanlagen<\/p>\n<\/li>\n<li>\n<p class=\"ds-markdown-paragraph\">Benutzerdefinierte Lackier- und Restaurierungswerkst\u00e4tten<\/p>\n<\/li>\n<li>\n<p class=\"ds-markdown-paragraph\">Einrichtungen, die emissionsfreie Heizl\u00f6sungen ben\u00f6tigen<\/p>\n<\/li>\n<\/ul>","protected":false},"excerpt":{"rendered":"<p>Die\u00a0<strong>Autoke 7m Elektrisch beheizter Spritzraum (Modell: ATK-LS7-030E)<\/strong>\u00a0Erzielt professionelle Malergebnisse mit einem leistungsstarken Bel\u00fcftungssystem (2\u00d74KW Ansaugung + 5,5KW Abluft, 25.000 m\u00b3\/h Luftstrom) und einer Gesamtleistung von 38KW elektrischer Heizung. Mit einem ger\u00e4umigen Innenraum (6900\u00d73900\u00d72700mm), robusten 4cm isolierten Wandpaneelen, strapazierf\u00e4higem Boden mit drei Reihen verzinkter Gitter (2,3mm Dicke), heller LED-Beleuchtung und mehrstufiger Filtration sorgt dieser Raum f\u00fcr schnelle Aush\u00e4rtung, \u00fcberlegene Oberfl\u00e4chenqualit\u00e4t und Sicherheit f\u00fcr den Bediener. Direkt ab Werk \u2013 an Ihre spezifischen Anforderungen anpassbar.<\/p>","protected":false},"featured_media":3178,"comment_status":"open","ping_status":"closed","template":"","meta":[],"product_brand":[76],"product_cat":[60,59],"product_tag":[73,63,67,69,94,71,118,116],"class_list":{"0":"post-3395","1":"product","2":"type-product","3":"status-publish","4":"has-post-thumbnail","6":"product_brand-autoke","7":"product_cat-car-spray-booth","8":"product_cat-spray-booth","9":"product_tag-automotive-spray-booth-manufacturer","10":"product_tag-car-spray-booth","11":"product_tag-car-spray-booth-manufacturing","12":"product_tag-ce-car-spray-booth","13":"product_tag-commercial-vehicle-paint-curing-oven","14":"product_tag-competitive-price-spray-booths","15":"product_tag-factory-direct-spray-booth","16":"product_tag-luxury-paint-booth-for-sale","18":"first","19":"instock","20":"shipping-taxable","21":"product-type-simple"},"yoast_head":"<!-- This site is optimized with the Yoast SEO plugin v27.4 - https:\/\/yoast.com\/product\/yoast-seo-wordpress\/ -->\n<title>7m Electric Heated Spray Booth \u2013 Professional Automotive Equipment Supplier with 38KW Total Power &amp; 25,000 m\u00b3\/h Ventilation - Autoke-China Paint Booth Manufacturer<\/title>\n<meta name=\"robots\" content=\"index, follow, max-snippet:-1, max-image-preview:large, max-video-preview:-1\" \/>\n<link rel=\"canonical\" href=\"https:\/\/sprayboothmanufacturer.com\/de\/product\/7m-electric-heated-spray-booth-3\/\" \/>\n<meta property=\"og:locale\" content=\"de_DE\" \/>\n<meta property=\"og:type\" content=\"article\" \/>\n<meta property=\"og:title\" content=\"7m Electric Heated Spray Booth \u2013 Professional Automotive Equipment Supplier with 38KW Total Power &amp; 25,000 m\u00b3\/h Ventilation - Autoke-China Paint Booth Manufacturer\" \/>\n<meta property=\"og:description\" content=\"The\u00a0Autoke 7m Electric Heated Spray Booth (Model: ATK-LS7-030E)\u00a0delivers professional-grade painting performance with a powerful ventilation system (2\u00d74KW intake + 5.5KW exhaust, 25,000 m\u00b3\/h airflow) and 38KW total electric heating capacity. Featuring a spacious interior (6900\u00d73900\u00d72700mm), robust 4cm insulated wall panels, heavy-duty flooring with three rows of galvanized grilles (2.3mm thickness), bright LED lighting, and multi-stage filtration, this booth ensures fast curing, superior finish quality, and operator safety. Factory direct \u2013 customizable for your specific requirements.\" \/>\n<meta property=\"og:url\" content=\"https:\/\/sprayboothmanufacturer.com\/de\/product\/7m-electric-heated-spray-booth-3\/\" \/>\n<meta property=\"og:site_name\" content=\"Autoke-China Paint Booth Manufacturer\" \/>\n<meta property=\"og:image\" content=\"https:\/\/sprayboothmanufacturer.com\/wp-content\/uploads\/2026\/02\/9.png\" \/>\n\t<meta property=\"og:image:width\" content=\"800\" \/>\n\t<meta property=\"og:image:height\" content=\"800\" \/>\n\t<meta property=\"og:image:type\" content=\"image\/png\" \/>\n<meta name=\"twitter:card\" content=\"summary_large_image\" \/>\n<meta name=\"twitter:label1\" content=\"Gesch\u00e4tzte Lesezeit\" \/>\n\t<meta name=\"twitter:data1\" content=\"4\u00a0Minuten\" \/>\n<script type=\"application\/ld+json\" class=\"yoast-schema-graph\">{\"@context\":\"https:\\\/\\\/schema.org\",\"@graph\":[{\"@type\":\"WebPage\",\"@id\":\"https:\\\/\\\/sprayboothmanufacturer.com\\\/product\\\/7m-electric-heated-spray-booth-3\\\/\",\"url\":\"https:\\\/\\\/sprayboothmanufacturer.com\\\/product\\\/7m-electric-heated-spray-booth-3\\\/\",\"name\":\"7m Electric Heated Spray Booth \u2013 Professional Automotive Equipment Supplier with 38KW Total Power & 25,000 m\u00b3\\\/h Ventilation - Autoke-China Paint Booth Manufacturer\",\"isPartOf\":{\"@id\":\"https:\\\/\\\/sprayboothmanufacturer.com\\\/#website\"},\"primaryImageOfPage\":{\"@id\":\"https:\\\/\\\/sprayboothmanufacturer.com\\\/product\\\/7m-electric-heated-spray-booth-3\\\/#primaryimage\"},\"image\":{\"@id\":\"https:\\\/\\\/sprayboothmanufacturer.com\\\/product\\\/7m-electric-heated-spray-booth-3\\\/#primaryimage\"},\"thumbnailUrl\":\"https:\\\/\\\/sprayboothmanufacturer.com\\\/wp-content\\\/uploads\\\/2026\\\/02\\\/9.png\",\"datePublished\":\"2026-02-26T02:51:46+00:00\",\"breadcrumb\":{\"@id\":\"https:\\\/\\\/sprayboothmanufacturer.com\\\/product\\\/7m-electric-heated-spray-booth-3\\\/#breadcrumb\"},\"inLanguage\":\"de\",\"potentialAction\":[{\"@type\":\"ReadAction\",\"target\":[\"https:\\\/\\\/sprayboothmanufacturer.com\\\/product\\\/7m-electric-heated-spray-booth-3\\\/\"]}]},{\"@type\":\"ImageObject\",\"inLanguage\":\"de\",\"@id\":\"https:\\\/\\\/sprayboothmanufacturer.com\\\/product\\\/7m-electric-heated-spray-booth-3\\\/#primaryimage\",\"url\":\"https:\\\/\\\/sprayboothmanufacturer.com\\\/wp-content\\\/uploads\\\/2026\\\/02\\\/9.png\",\"contentUrl\":\"https:\\\/\\\/sprayboothmanufacturer.com\\\/wp-content\\\/uploads\\\/2026\\\/02\\\/9.png\",\"width\":800,\"height\":800,\"caption\":\"Automotive Paint Booth Guide Types Features and Buying Tips\"},{\"@type\":\"BreadcrumbList\",\"@id\":\"https:\\\/\\\/sprayboothmanufacturer.com\\\/product\\\/7m-electric-heated-spray-booth-3\\\/#breadcrumb\",\"itemListElement\":[{\"@type\":\"ListItem\",\"position\":1,\"name\":\"Home\",\"item\":\"https:\\\/\\\/sprayboothmanufacturer.com\\\/\"},{\"@type\":\"ListItem\",\"position\":2,\"name\":\"\u4ea7\u54c1\",\"item\":\"https:\\\/\\\/sprayboothmanufacturer.com\\\/shop__trashed\\\/\"},{\"@type\":\"ListItem\",\"position\":3,\"name\":\"7m Electric Heated Spray Booth \u2013 Professional Automotive Equipment Supplier with 38KW Total Power &#038; 25,000 m\u00b3\\\/h Ventilation\"}]},{\"@type\":\"WebSite\",\"@id\":\"https:\\\/\\\/sprayboothmanufacturer.com\\\/#website\",\"url\":\"https:\\\/\\\/sprayboothmanufacturer.com\\\/\",\"name\":\"Autoke-China Paint Booth Manufacturer\",\"description\":\"\",\"publisher\":{\"@id\":\"https:\\\/\\\/sprayboothmanufacturer.com\\\/#organization\"},\"potentialAction\":[{\"@type\":\"SearchAction\",\"target\":{\"@type\":\"EntryPoint\",\"urlTemplate\":\"https:\\\/\\\/sprayboothmanufacturer.com\\\/?s={search_term_string}\"},\"query-input\":{\"@type\":\"PropertyValueSpecification\",\"valueRequired\":true,\"valueName\":\"search_term_string\"}}],\"inLanguage\":\"de\"},{\"@type\":\"Organization\",\"@id\":\"https:\\\/\\\/sprayboothmanufacturer.com\\\/#organization\",\"name\":\"Autoke-China Paint Booth Manufacturer\",\"url\":\"https:\\\/\\\/sprayboothmanufacturer.com\\\/\",\"logo\":{\"@type\":\"ImageObject\",\"inLanguage\":\"de\",\"@id\":\"https:\\\/\\\/sprayboothmanufacturer.com\\\/#\\\/schema\\\/logo\\\/image\\\/\",\"url\":\"https:\\\/\\\/sprayboothmanufacturer.com\\\/wp-content\\\/uploads\\\/2025\\\/12\\\/\u5fae\u4fe1\u56fe\u7247_20260113195103_1750_4-scaled-e1768394147958.png\",\"contentUrl\":\"https:\\\/\\\/sprayboothmanufacturer.com\\\/wp-content\\\/uploads\\\/2025\\\/12\\\/\u5fae\u4fe1\u56fe\u7247_20260113195103_1750_4-scaled-e1768394147958.png\",\"width\":1740,\"height\":538,\"caption\":\"Autoke-China Paint Booth Manufacturer\"},\"image\":{\"@id\":\"https:\\\/\\\/sprayboothmanufacturer.com\\\/#\\\/schema\\\/logo\\\/image\\\/\"}}]}<\/script>\n<!-- \/ Yoast SEO plugin. -->","yoast_head_json":{"title":"7m Elektrisch beheizte Spritzkabine \u2013 Professioneller Anbieter von Automobiltechnik mit 38KW Gesamtleistung &amp; 25.000 m\u00b3\/h Bel\u00fcftung - Autoke-Deutschland Lackierkabinenhersteller","robots":{"index":"index","follow":"follow","max-snippet":"max-snippet:-1","max-image-preview":"max-image-preview:large","max-video-preview":"max-video-preview:-1"},"canonical":"https:\/\/sprayboothmanufacturer.com\/de\/product\/7m-electric-heated-spray-booth-3\/","og_locale":"de_DE","og_type":"article","og_title":"7m Electric Heated Spray Booth \u2013 Professional Automotive Equipment Supplier with 38KW Total Power & 25,000 m\u00b3\/h Ventilation - Autoke-China Paint Booth Manufacturer","og_description":"The\u00a0Autoke 7m Electric Heated Spray Booth (Model: ATK-LS7-030E)\u00a0delivers professional-grade painting performance with a powerful ventilation system (2\u00d74KW intake + 5.5KW exhaust, 25,000 m\u00b3\/h airflow) and 38KW total electric heating capacity. Featuring a spacious interior (6900\u00d73900\u00d72700mm), robust 4cm insulated wall panels, heavy-duty flooring with three rows of galvanized grilles (2.3mm thickness), bright LED lighting, and multi-stage filtration, this booth ensures fast curing, superior finish quality, and operator safety. Factory direct \u2013 customizable for your specific requirements.","og_url":"https:\/\/sprayboothmanufacturer.com\/de\/product\/7m-electric-heated-spray-booth-3\/","og_site_name":"Autoke-China Paint Booth Manufacturer","og_image":[{"width":800,"height":800,"url":"https:\/\/sprayboothmanufacturer.com\/wp-content\/uploads\/2026\/02\/9.png","type":"image\/png"}],"twitter_card":"summary_large_image","twitter_misc":{"Gesch\u00e4tzte Lesezeit":"4\u00a0Minuten"},"schema":{"@context":"https:\/\/schema.org","@graph":[{"@type":"WebPage","@id":"https:\/\/sprayboothmanufacturer.com\/product\/7m-electric-heated-spray-booth-3\/","url":"https:\/\/sprayboothmanufacturer.com\/product\/7m-electric-heated-spray-booth-3\/","name":"7m Elektrisch beheizte Spritzkabine \u2013 Professioneller Anbieter von Automobiltechnik mit 38KW Gesamtleistung &amp; 25.000 m\u00b3\/h Bel\u00fcftung - Autoke-Deutschland Lackierkabinenhersteller","isPartOf":{"@id":"https:\/\/sprayboothmanufacturer.com\/#website"},"primaryImageOfPage":{"@id":"https:\/\/sprayboothmanufacturer.com\/product\/7m-electric-heated-spray-booth-3\/#primaryimage"},"image":{"@id":"https:\/\/sprayboothmanufacturer.com\/product\/7m-electric-heated-spray-booth-3\/#primaryimage"},"thumbnailUrl":"https:\/\/sprayboothmanufacturer.com\/wp-content\/uploads\/2026\/02\/9.png","datePublished":"2026-02-26T02:51:46+00:00","breadcrumb":{"@id":"https:\/\/sprayboothmanufacturer.com\/product\/7m-electric-heated-spray-booth-3\/#breadcrumb"},"inLanguage":"de","potentialAction":[{"@type":"ReadAction","target":["https:\/\/sprayboothmanufacturer.com\/product\/7m-electric-heated-spray-booth-3\/"]}]},{"@type":"ImageObject","inLanguage":"de","@id":"https:\/\/sprayboothmanufacturer.com\/product\/7m-electric-heated-spray-booth-3\/#primaryimage","url":"https:\/\/sprayboothmanufacturer.com\/wp-content\/uploads\/2026\/02\/9.png","contentUrl":"https:\/\/sprayboothmanufacturer.com\/wp-content\/uploads\/2026\/02\/9.png","width":800,"height":800,"caption":"Automotive Paint Booth Guide Types Features and Buying Tips"},{"@type":"BreadcrumbList","@id":"https:\/\/sprayboothmanufacturer.com\/product\/7m-electric-heated-spray-booth-3\/#breadcrumb","itemListElement":[{"@type":"ListItem","position":1,"name":"Home","item":"https:\/\/sprayboothmanufacturer.com\/"},{"@type":"ListItem","position":2,"name":"\u4ea7\u54c1","item":"https:\/\/sprayboothmanufacturer.com\/shop__trashed\/"},{"@type":"ListItem","position":3,"name":"7m Electric Heated Spray Booth \u2013 Professional Automotive Equipment Supplier with 38KW Total Power &#038; 25,000 m\u00b3\/h Ventilation"}]},{"@type":"WebSite","@id":"https:\/\/sprayboothmanufacturer.com\/#website","url":"https:\/\/sprayboothmanufacturer.com\/","name":"Autoke-Deutschland Lackierkabinenhersteller","description":"","publisher":{"@id":"https:\/\/sprayboothmanufacturer.com\/#organization"},"potentialAction":[{"@type":"SearchAction","target":{"@type":"EntryPoint","urlTemplate":"https:\/\/sprayboothmanufacturer.com\/?s={search_term_string}"},"query-input":{"@type":"PropertyValueSpecification","valueRequired":true,"valueName":"search_term_string"}}],"inLanguage":"de"},{"@type":"Organization","@id":"https:\/\/sprayboothmanufacturer.com\/#organization","name":"Autoke-Deutschland Lackierkabinenhersteller","url":"https:\/\/sprayboothmanufacturer.com\/","logo":{"@type":"ImageObject","inLanguage":"de","@id":"https:\/\/sprayboothmanufacturer.com\/#\/schema\/logo\/image\/","url":"https:\/\/sprayboothmanufacturer.com\/wp-content\/uploads\/2025\/12\/\u5fae\u4fe1\u56fe\u7247_20260113195103_1750_4-scaled-e1768394147958.png","contentUrl":"https:\/\/sprayboothmanufacturer.com\/wp-content\/uploads\/2025\/12\/\u5fae\u4fe1\u56fe\u7247_20260113195103_1750_4-scaled-e1768394147958.png","width":1740,"height":538,"caption":"Autoke-China Paint Booth Manufacturer"},"image":{"@id":"https:\/\/sprayboothmanufacturer.com\/#\/schema\/logo\/image\/"}}]}},"_links":{"self":[{"href":"https:\/\/sprayboothmanufacturer.com\/de\/wp-json\/wp\/v2\/product\/3395","targetHints":{"allow":["GET"]}}],"collection":[{"href":"https:\/\/sprayboothmanufacturer.com\/de\/wp-json\/wp\/v2\/product"}],"about":[{"href":"https:\/\/sprayboothmanufacturer.com\/de\/wp-json\/wp\/v2\/types\/product"}],"replies":[{"embeddable":true,"href":"https:\/\/sprayboothmanufacturer.com\/de\/wp-json\/wp\/v2\/comments?post=3395"}],"version-history":[{"count":1,"href":"https:\/\/sprayboothmanufacturer.com\/de\/wp-json\/wp\/v2\/product\/3395\/revisions"}],"predecessor-version":[{"id":3396,"href":"https:\/\/sprayboothmanufacturer.com\/de\/wp-json\/wp\/v2\/product\/3395\/revisions\/3396"}],"wp:featuredmedia":[{"embeddable":true,"href":"https:\/\/sprayboothmanufacturer.com\/de\/wp-json\/wp\/v2\/media\/3178"}],"wp:attachment":[{"href":"https:\/\/sprayboothmanufacturer.com\/de\/wp-json\/wp\/v2\/media?parent=3395"}],"wp:term":[{"taxonomy":"product_brand","embeddable":true,"href":"https:\/\/sprayboothmanufacturer.com\/de\/wp-json\/wp\/v2\/product_brand?post=3395"},{"taxonomy":"product_cat","embeddable":true,"href":"https:\/\/sprayboothmanufacturer.com\/de\/wp-json\/wp\/v2\/product_cat?post=3395"},{"taxonomy":"product_tag","embeddable":true,"href":"https:\/\/sprayboothmanufacturer.com\/de\/wp-json\/wp\/v2\/product_tag?post=3395"}],"curies":[{"name":"wp","href":"https:\/\/api.w.org\/{rel}","templated":true}]}}