{"id":3391,"date":"2026-02-26T02:25:53","date_gmt":"2026-02-26T02:25:53","guid":{"rendered":"https:\/\/sprayboothmanufacturer.com\/?post_type=product&#038;p=3391"},"modified":"2026-02-26T02:25:53","modified_gmt":"2026-02-26T02:25:53","slug":"6m-electric-heated-spray-booth","status":"publish","type":"product","link":"https:\/\/sprayboothmanufacturer.com\/de\/product\/6m-electric-heated-spray-booth\/","title":{"rendered":"6m Elektrisch beheizte Spritzkabine \u2013 Professioneller Automobilger\u00e4te-Lieferant mit 30KW Halogenheizung &amp; 2\u00d73KW Bel\u00fcftung"},"content":{"rendered":"<table style=\"height: 299px;\" width=\"786\">\n<tbody>\n<tr>\n<td width=\"142\"><strong><b>Mindestbestellmenge :<\/b><\/strong><\/td>\n<td width=\"142\">1 St\u00fcck<\/td>\n<td width=\"142\"><strong><b>Preis :<\/b><\/strong><\/td>\n<td width=\"142\">Verhandlungssache<\/td>\n<\/tr>\n<tr>\n<td width=\"142\"><strong><b>Verpackungsdetails :<\/b><\/strong><\/td>\n<td width=\"142\">40G oder 20GP\/Einheit<\/td>\n<td width=\"142\"><strong><b>Lieferzeit :<\/b><\/strong><\/td>\n<td width=\"142\">15 Tage, Verhandlungssache<\/td>\n<\/tr>\n<tr>\n<td width=\"142\"><strong><b>Zahlungsbedingungen :<\/b><\/strong><\/td>\n<td width=\"142\">L\/C, T\/T<\/td>\n<td width=\"142\"><strong><b>Lieferf\u00e4higkeit :<\/b><\/strong><\/td>\n<td width=\"142\">50 Einheiten\/Einheiten pro Monat Industrielle Spr\u00fchkabine Bus-Spr\u00fchkabine<\/td>\n<\/tr>\n<tr>\n<td width=\"142\"><strong><b>Herkunftsland:<\/b><\/strong><\/td>\n<td width=\"142\">Jiangsu, China<\/td>\n<td width=\"142\"><strong><b>Markenname:<\/b><\/strong><\/td>\n<td width=\"142\">Autoke<\/td>\n<\/tr>\n<tr>\n<td width=\"142\"><strong><b>Zertifizierung:<\/b><\/strong><\/td>\n<td width=\"142\">CE<\/td>\n<td width=\"142\"><strong><b>Modellnummer:<\/b><\/strong><\/td>\n<td width=\"142\">ATK-LS6-028E<\/td>\n<\/tr>\n<\/tbody>\n<\/table>\n<h4><strong>\u00dcbersicht<\/strong><\/h4>\n<p class=\"ds-markdown-paragraph\">Die\u00a0<strong>Autoke 6m Luxus-Spritzkabine mit Elektrischer Heizung<\/strong>\u00a0kombiniert robuste Konstruktion, effiziente Bel\u00fcftung und leistungsstarke elektrische Heizung, um konsistente Lackier- und Trocknungsergebnisse zu liefern. Ausgestattet mit 30KW Halogen-Infrarotlampen und dualen 3KW Zuluftventilatoren, ist diese Kabine ideal f\u00fcr Werkst\u00e4tten, die professionelle Oberfl\u00e4chen und zuverl\u00e4ssige Leistung ben\u00f6tigen. Das ger\u00e4umige Innere (5900\u00d73900\u00d72700mm) bietet Platz f\u00fcr Autos, Vans und leichte Nutzfahrzeuge, w\u00e4hrend das fortschrittliche Steuerungssystem und die umfassende Filtration eine saubere, sichere Arbeitsumgebung gew\u00e4hrleisten.<\/p>\n<hr \/>\n<h4><strong>Hauptmerkmale<\/strong><\/h4>\n<ul>\n<li>\n<p class=\"ds-markdown-paragraph\"><strong>Robuste Konstruktion<\/strong><\/p>\n<ul>\n<li>\n<p class=\"ds-markdown-paragraph\">Wandpaneele:\u00a0<strong>5 cm dicke Hochdichte-Gesteinwolle<\/strong>\u00a0(100 kg\/m\u00b3) mit\u00a0<strong>0,4 mm Stahlabdeckungen<\/strong>\u00a0\u2013 feuerfest, schalldicht und thermisch isoliert.<\/p>\n<\/li>\n<li>\n<p class=\"ds-markdown-paragraph\">Verzinkte Stahl-Dachpaneele, brandschutzbehandelt.<\/p>\n<\/li>\n<li>\n<p class=\"ds-markdown-paragraph\">Schwerlastkeller mit plattenf\u00f6rmiger konvexer Plattform, gefertigt aus verzinktem Stahlblech und Quadratrohren, H\u00f6he 300 mm.<\/p>\n<\/li>\n<li>\n<p class=\"ds-markdown-paragraph\"><strong>Bodensystem:<\/strong><\/p>\n<ul>\n<li>\n<p class=\"ds-markdown-paragraph\"><strong>Drei Reihen flacher Stahlgitter<\/strong>\u00a0(verzinkt,\u00a0<strong>2,3mm Dicke<\/strong>) f\u00fcr optimalen Luftstrom.<\/p>\n<\/li>\n<li>\n<p class=\"ds-markdown-paragraph\"><strong>Zwei Reihen Gehwege<\/strong>\u00a0(<strong>5mm Dicke<\/strong>), spray-behandelt zum Rostschutz.<\/p>\n<\/li>\n<\/ul>\n<\/li>\n<li>\n<p class=\"ds-markdown-paragraph\">Vier Hilfsbeine bieten zus\u00e4tzliche Unterst\u00fctzung und Stabilit\u00e4t.<\/p>\n<\/li>\n<\/ul>\n<\/li>\n<li>\n<p class=\"ds-markdown-paragraph\"><strong>Ausgewogenes Bel\u00fcftungssystem<\/strong><\/p>\n<ul>\n<li>\n<p class=\"ds-markdown-paragraph\"><strong>Ansaugung:<\/strong>\u00a0<strong>2\u00d73KW YDW Doppel-Zuluft-Zentrifugalventilatoren<\/strong>\u00a0, sorgt f\u00fcr effiziente Luftverteilung und Overspray-Entfernung.<\/p>\n<\/li>\n<li>\n<p class=\"ds-markdown-paragraph\">Ventilatorenbox aus 1 mm verzinktem Blech mit Quadratrohrrahmen, spraybeschichtet f\u00fcr Langlebigkeit.<\/p>\n<\/li>\n<li>\n<p class=\"ds-markdown-paragraph\">Geh\u00e4usema\u00dfe: 1,1\u00d72,2 m, kann auf der linken, rechten oder hinteren Seite der Kabine installiert werden.<\/p>\n<\/li>\n<li>\n<p class=\"ds-markdown-paragraph\">Inklusive 90\u00b0 Bogenkanal.<\/p>\n<\/li>\n<\/ul>\n<\/li>\n<li>\n<p class=\"ds-markdown-paragraph\"><strong>Effiziente Elektroheizung<\/strong><\/p>\n<ul>\n<li>\n<p class=\"ds-markdown-paragraph\"><strong>Heizelemente:<\/strong>\u00a0<strong>10 Sets Halogen-Infrarotlampen<\/strong>, insgesamt\u00a0<strong>30KW<\/strong>\u00a0(3\u00d71KW pro Set).<\/p>\n<\/li>\n<li>\n<p class=\"ds-markdown-paragraph\">Heizzeit:\u00a0<strong>5\u20138 Minuten<\/strong>\u00a0um zu erreichen\u00a0<strong>40\u00b0C<\/strong>; maximale Backtemperatur\u00a0<strong>80\u00b0C<\/strong>.<\/p>\n<\/li>\n<li>\n<p class=\"ds-markdown-paragraph\">Ideal f\u00fcr schnelles Aush\u00e4rten von Farben und Beschichtungen mit sauberem, ger\u00e4uschlosem Betrieb und ohne Emissionen.<\/p>\n<\/li>\n<\/ul>\n<\/li>\n<li>\n<p class=\"ds-markdown-paragraph\"><strong>Ger\u00e4umiger Zugang<\/strong><\/p>\n<ul>\n<li>\n<p class=\"ds-markdown-paragraph\">Haupttor:\u00a0<strong>Vierfl\u00fcgelige Metallvordert\u00fcren<\/strong>\u00a0mit Sicherheitsglasfenstern, ausgestattet mit Griff und Schloss,\u00a0<strong>5mm hitzebest\u00e4ndiges Glas<\/strong>.<\/p>\n<\/li>\n<li>\n<p class=\"ds-markdown-paragraph\">Seitent\u00fcr f\u00fcr Notausgang und bequemen Zugang.<\/p>\n<\/li>\n<\/ul>\n<\/li>\n<li>\n<p class=\"ds-markdown-paragraph\"><strong>Hervorragende Beleuchtung<\/strong><\/p>\n<ul>\n<li>\n<p class=\"ds-markdown-paragraph\">Decke:\u00a0<strong>24\u00d718W LED-Leuchten<\/strong>\u00a0(8 Gruppen \u00e0 3) in einem Winkel von 45\u00b0 f\u00fcr gleichm\u00e4\u00dfige Deckenbeleuchtung.<\/p>\n<\/li>\n<li>\n<p class=\"ds-markdown-paragraph\">Seitliche W\u00e4nde:\u00a0<strong>8\u00d748W LED-Leuchten<\/strong>\u00a0Schatten eliminieren und die Sichtbarkeit bei detaillierter Arbeit verbessern.<\/p>\n<\/li>\n<\/ul>\n<\/li>\n<li>\n<p class=\"ds-markdown-paragraph\"><strong>Mehrstufiges Filtersystem<\/strong><\/p>\n<ul>\n<li>\n<p class=\"ds-markdown-paragraph\"><strong>Prim\u00e4rfilter:<\/strong>\u00a0F\u00e4ngt Partikel &gt;10\u03bcm auf, Effizienz &gt;90%.<\/p>\n<\/li>\n<li>\n<p class=\"ds-markdown-paragraph\"><strong>Deckenfilter (wei\u00df):<\/strong>\u00a0F\u00e4ngt Partikel &gt;4\u03bcm auf, Effizienz &gt;98%.<\/p>\n<\/li>\n<li>\n<p class=\"ds-markdown-paragraph\"><strong>Bodenfilter (blau):<\/strong>\u00a0Mehrlagiger Glasfaserfilter, Effizienz &gt;90%.<\/p>\n<\/li>\n<li>\n<p class=\"ds-markdown-paragraph\">Sichert eine saubere Malumgebung und eine hochwertige Oberfl\u00e4che.<\/p>\n<\/li>\n<\/ul>\n<\/li>\n<li>\n<p class=\"ds-markdown-paragraph\"><strong>Dachsystem<\/strong><\/p>\n<ul>\n<li>\n<p class=\"ds-markdown-paragraph\">Strahl aus verzinkten Quadratrohren, verbunden mit Winkelstahl und Schrauben f\u00fcr strukturelle Integrit\u00e4t.<\/p>\n<\/li>\n<li>\n<p class=\"ds-markdown-paragraph\">Plenum aus verzinktem Stahl, pulverbeschichtet f\u00fcr Langlebigkeit.<\/p>\n<\/li>\n<\/ul>\n<\/li>\n<li>\n<p class=\"ds-markdown-paragraph\"><strong>Intelligentes Steuerungssystem<\/strong><\/p>\n<ul>\n<li>\n<p class=\"ds-markdown-paragraph\">Benutzerfreundliches Bedienfeld mit Schaltern f\u00fcr Beleuchtung, Malen, Backmodi, Temperaturregelung, Timer und Not-Aus.<\/p>\n<\/li>\n<li>\n<p class=\"ds-markdown-paragraph\">Echtzeit\u00fcberwachung und -anpassung f\u00fcr optimalen Betrieb.<\/p>\n<\/li>\n<\/ul>\n<\/li>\n<li>\n<p class=\"ds-markdown-paragraph\"><strong>Elektrik &amp; Leistung<\/strong><\/p>\n<ul>\n<li>\n<p class=\"ds-markdown-paragraph\">Spannung:\u00a0<strong>220V\/380V, 50Hz<\/strong>.<\/p>\n<\/li>\n<li>\n<p class=\"ds-markdown-paragraph\">Gesamtleistung (Elektrische Heizungsversion):\u00a0<strong>38KW<\/strong>\u00a0(Heizung + Ventilatoren).<\/p>\n<\/li>\n<li>\n<p class=\"ds-markdown-paragraph\">Optionale Dieselheizungsversion erh\u00e4ltlich (15KW).<\/p>\n<\/li>\n<\/ul>\n<\/li>\n<\/ul>\n<hr \/>\n<h4><strong>Technische Spezifikationen<\/strong><\/h4>\n<div class=\"ds-scroll-area _1210dd7 c03cafe9\">\n<div class=\"ds-scroll-area__gutters\">\n<div class=\"ds-scroll-area__horizontal-gutter\"><\/div>\n<div class=\"ds-scroll-area__vertical-gutter\"><\/div>\n<\/div>\n<table>\n<thead>\n<tr>\n<th>Parameter<\/th>\n<th>Details<\/th>\n<\/tr>\n<\/thead>\n<tbody>\n<tr>\n<td><strong>Modell<\/strong><\/td>\n<td>ATK-LS6-028E<\/td>\n<\/tr>\n<tr>\n<td><strong>Au\u00dfenma\u00dfe (L\u00d7B\u00d7H)<\/strong><\/td>\n<td>6000\u00d74000\u00d73400 mm (Ventilatorenbox f\u00fcgt 1100mm zur Breite hinzu)<\/td>\n<\/tr>\n<tr>\n<td><strong>Innenma\u00dfe (L\u00d7B\u00d7H)<\/strong><\/td>\n<td>5900\u00d73900\u00d72700 mm<\/td>\n<\/tr>\n<tr>\n<td><strong>Verpackungsgr\u00f6\u00dfe<\/strong><\/td>\n<td>4,2\u00d72,2\u00d72,1 m (19 CBM)<\/td>\n<\/tr>\n<tr>\n<td><strong>Gewicht<\/strong><\/td>\n<td>Ca. 3500 kg<\/td>\n<\/tr>\n<tr>\n<td><strong>Wandpaneel<\/strong><\/td>\n<td>Steinwolle, 50 mm dick, Dichte 100 kg\/m\u00b3, Stahlst\u00e4rke 0,5 mm<\/td>\n<\/tr>\n<tr>\n<td><strong>Bodenroste<\/strong><\/td>\n<td>3 Reihen verzinkter Stahl, 2,3mm Dicke<\/td>\n<\/tr>\n<tr>\n<td><strong>Gehwege<\/strong><\/td>\n<td>2 Reihen, rostgesch\u00fctzt behandelt, 5 mm Dicke<\/td>\n<\/tr>\n<tr>\n<td><strong>Bel\u00fcftung<\/strong><\/td>\n<td>2\u00d73KW YDW Zuluftventilatoren<\/td>\n<\/tr>\n<tr>\n<td><strong>Heizung<\/strong><\/td>\n<td>30KW Halogen-Infrarotlampen (10 Sets), max. 80\u00b0C<\/td>\n<\/tr>\n<tr>\n<td><strong>Beleuchtung<\/strong><\/td>\n<td>Decke: 24\u00d718W LED; Seitenw\u00e4nde: 8\u00d748W LED<\/td>\n<\/tr>\n<tr>\n<td><strong>T\u00fcren<\/strong><\/td>\n<td>Haupt: 4-fl\u00fcgelig Metall mit Sicherheitsglas; Seitent\u00fcr<\/td>\n<\/tr>\n<tr>\n<td><strong>Gebl\u00e4sekasten<\/strong><\/td>\n<td>1mm verzinktes Blech mit Quadratrohrrahmen, spraybeschichtet<\/td>\n<\/tr>\n<tr>\n<td><strong>Filtration<\/strong><\/td>\n<td>Prim\u00e4r-, Decken- und Bodenschutzfilter (vorinstalliert)<\/td>\n<\/tr>\n<tr>\n<td><strong>Steuerungssystem<\/strong><\/td>\n<td>Intelligentes Panel mit Timer, Temperaturregelung, Not-Aus<\/td>\n<\/tr>\n<tr>\n<td><strong>Spannung\/Frequenz<\/strong><\/td>\n<td>220V\/380V, 50Hz<\/td>\n<\/tr>\n<tr>\n<td><strong>Gesamtleistung<\/strong><\/td>\n<td>38 KW (elektrische Version)<\/td>\n<\/tr>\n<tr>\n<td><strong>Farboptionen<\/strong><\/td>\n<td>Rot, Blau, Wei\u00df, Grau, Orange usw.<\/td>\n<\/tr>\n<tr>\n<td><strong>Garantie<\/strong><\/td>\n<td>12 Monate ab B\/L-Datum<\/td>\n<\/tr>\n<tr>\n<td><strong>Lieferzeit<\/strong><\/td>\n<td>30 Tage nach Zahlungseingang (EXW, 30% Anzahlung)<\/td>\n<\/tr>\n<tr>\n<td><strong>Versand<\/strong><\/td>\n<td>1 Satz pro 20GP-Container; 3 S\u00e4tze pro 40HQ-Container<\/td>\n<\/tr>\n<\/tbody>\n<\/table>\n<\/div>\n<hr \/>\n<h4><strong>Warum Autoke Elektrischer Spritzkabine w\u00e4hlen?<\/strong><\/h4>\n<ul>\n<li>\n<p class=\"ds-markdown-paragraph\">\u2705\u00a0<strong>Direktlieferung vom Hersteller<\/strong>\u00a0\u2013 Wettbewerbsf\u00e4hige Preise ohne Zwischenh\u00e4ndler<\/p>\n<\/li>\n<li>\n<p class=\"ds-markdown-paragraph\">\u2705\u00a0<strong>OEM-Individualisierungsl\u00f6sungen<\/strong>\u00a0\u2013 Gr\u00f6\u00dfe, Farbe und Zubeh\u00f6r an Ihre Bed\u00fcrfnisse anpassen<\/p>\n<\/li>\n<li>\n<p class=\"ds-markdown-paragraph\">\u2705\u00a0<strong>One-Stop-L\u00f6sung<\/strong>\u00a0\u2013 Von Struktur bis Heizung und Bel\u00fcftung<\/p>\n<\/li>\n<li>\n<p class=\"ds-markdown-paragraph\">\u2705\u00a0<strong>Hersteller von Industrieausr\u00fcstung<\/strong>\u00a0\u2013 Bew\u00e4hrte Qualit\u00e4t und Zuverl\u00e4ssigkeit<\/p>\n<\/li>\n<li>\n<p class=\"ds-markdown-paragraph\">\u2705\u00a0<strong>F\u00fcr den gewerblichen Einsatz entwickelt<\/strong>\u00a0\u2013 Schwerlastkomponenten f\u00fcr den Dauerbetrieb<\/p>\n<\/li>\n<li>\n<p class=\"ds-markdown-paragraph\">\u2705\u00a0<strong>Sauberer &amp; Leiser Betrieb<\/strong>\u00a0\u2013 Elektrische Heizung ohne Emissionen, ideal f\u00fcr den Innenbereich<\/p>\n<\/li>\n<li>\n<p class=\"ds-markdown-paragraph\">\u2705\u00a0<strong>Ausgewogene Bel\u00fcftung<\/strong>\u00a0\u2013 2\u00d73KW Zuluftventilatoren f\u00fcr effizienten Luftstrom<\/p>\n<\/li>\n<li>\n<p class=\"ds-markdown-paragraph\">\u2705\u00a0<strong>Weltweiter Versand<\/strong>\u00a0\u2013 Einfaches Containerladen und weltweite Lieferung<\/p>\n<\/li>\n<\/ul>\n<hr \/>\n<h4><strong>Anwendungen<\/strong><\/h4>\n<ul>\n<li>\n<p class=\"ds-markdown-paragraph\">Karosseriewerkst\u00e4tten und Unfallinstandsetzungszentren<\/p>\n<\/li>\n<li>\n<p class=\"ds-markdown-paragraph\">Auto- und Van-Lackierung<\/p>\n<\/li>\n<li>\n<p class=\"ds-markdown-paragraph\">Industrielle Beschichtungs- und Endbearbeitungsanlagen<\/p>\n<\/li>\n<li>\n<p class=\"ds-markdown-paragraph\">Benutzerdefinierte Lackier- und Restaurierungswerkst\u00e4tten<\/p>\n<\/li>\n<li>\n<p class=\"ds-markdown-paragraph\">Einrichtungen, die emissionsfreie Heizl\u00f6sungen ben\u00f6tigen<\/p>\n<\/li>\n<\/ul>","protected":false},"excerpt":{"rendered":"<p>Die\u00a0<strong>Autoke 6m Elektrisch beheizte Spritzkabine (Modell: ATK-LS6-028E)<\/strong>\u00a0liefert professionelle Lackierleistung mit\u00a0<strong>30KW Halogen-Infrarotheizung<\/strong>\u00a0und ein ausgewogenes Bel\u00fcftungssystem (2\u00d73KW Zuluftventilatoren). Mit einem ger\u00e4umigen Innenraum (5900\u00d73900\u00d72700mm), robuster Steinwolle-Konstruktion, strapazierf\u00e4higem Boden mit drei Reihen verzinkter Gitter, heller LED-Beleuchtung und Mehrstufenfiltration sorgt diese Kabine f\u00fcr schnelle Aush\u00e4rtung, \u00fcberlegene Oberfl\u00e4chenqualit\u00e4t und Sicherheit f\u00fcr den Bediener. Direkt vom Hersteller \u2013 an Ihre spezifischen Anforderungen anpassbar.<\/p>","protected":false},"featured_media":3172,"comment_status":"open","ping_status":"closed","template":"","meta":[],"product_brand":[76],"product_cat":[60,59],"product_tag":[73,69,86,71,70,83],"class_list":{"0":"post-3391","1":"product","2":"type-product","3":"status-publish","4":"has-post-thumbnail","6":"product_brand-autoke","7":"product_cat-car-spray-booth","8":"product_cat-spray-booth","9":"product_tag-automotive-spray-booth-manufacturer","10":"product_tag-ce-car-spray-booth","11":"product_tag-commercial-vehicle-spray-booth","12":"product_tag-competitive-price-spray-booths","13":"product_tag-high-quality-spray-booths","14":"product_tag-paint-booth-solutions","16":"first","17":"instock","18":"shipping-taxable","19":"product-type-simple"},"yoast_head":"<!-- This site is optimized with the Yoast SEO plugin v27.4 - https:\/\/yoast.com\/product\/yoast-seo-wordpress\/ -->\n<title>6m Electric Heated Spray Booth \u2013 Professional Automotive Equipment Supplier with 30KW Halogen Heating &amp; 2\u00d73KW Ventilation - Autoke-China Paint Booth Manufacturer<\/title>\n<meta name=\"robots\" content=\"index, follow, max-snippet:-1, max-image-preview:large, max-video-preview:-1\" \/>\n<link rel=\"canonical\" href=\"https:\/\/sprayboothmanufacturer.com\/de\/product\/6m-electric-heated-spray-booth\/\" \/>\n<meta property=\"og:locale\" content=\"de_DE\" \/>\n<meta property=\"og:type\" content=\"article\" \/>\n<meta property=\"og:title\" content=\"6m Electric Heated Spray Booth \u2013 Professional Automotive Equipment Supplier with 30KW Halogen Heating &amp; 2\u00d73KW Ventilation - Autoke-China Paint Booth Manufacturer\" \/>\n<meta property=\"og:description\" content=\"The\u00a0Autoke 6m Electric Heated Spray Booth (Model: ATK-LS6-028E)\u00a0delivers professional-grade painting performance with\u00a030KW halogen infrared heating\u00a0and a balanced ventilation system (2\u00d73KW intake fans). Featuring a spacious interior (5900\u00d73900\u00d72700mm), robust rock wool construction, heavy-duty flooring with three rows of galvanized grilles, bright LED lighting, and multi-stage filtration, this booth ensures fast curing, superior finish quality, and operator safety. Factory direct \u2013 customizable for your specific requirements.\" \/>\n<meta property=\"og:url\" content=\"https:\/\/sprayboothmanufacturer.com\/de\/product\/6m-electric-heated-spray-booth\/\" \/>\n<meta property=\"og:site_name\" content=\"Autoke-China Paint Booth Manufacturer\" \/>\n<meta property=\"og:image\" content=\"https:\/\/sprayboothmanufacturer.com\/wp-content\/uploads\/2026\/02\/2.png\" \/>\n\t<meta property=\"og:image:width\" content=\"800\" \/>\n\t<meta property=\"og:image:height\" content=\"800\" \/>\n\t<meta property=\"og:image:type\" content=\"image\/png\" \/>\n<meta name=\"twitter:card\" content=\"summary_large_image\" \/>\n<meta name=\"twitter:label1\" content=\"Gesch\u00e4tzte Lesezeit\" \/>\n\t<meta name=\"twitter:data1\" content=\"4\u00a0Minuten\" \/>\n<script type=\"application\/ld+json\" class=\"yoast-schema-graph\">{\"@context\":\"https:\\\/\\\/schema.org\",\"@graph\":[{\"@type\":\"WebPage\",\"@id\":\"https:\\\/\\\/sprayboothmanufacturer.com\\\/product\\\/6m-electric-heated-spray-booth\\\/\",\"url\":\"https:\\\/\\\/sprayboothmanufacturer.com\\\/product\\\/6m-electric-heated-spray-booth\\\/\",\"name\":\"6m Electric Heated Spray Booth \u2013 Professional Automotive Equipment Supplier with 30KW Halogen Heating & 2\u00d73KW Ventilation - Autoke-China Paint Booth Manufacturer\",\"isPartOf\":{\"@id\":\"https:\\\/\\\/sprayboothmanufacturer.com\\\/#website\"},\"primaryImageOfPage\":{\"@id\":\"https:\\\/\\\/sprayboothmanufacturer.com\\\/product\\\/6m-electric-heated-spray-booth\\\/#primaryimage\"},\"image\":{\"@id\":\"https:\\\/\\\/sprayboothmanufacturer.com\\\/product\\\/6m-electric-heated-spray-booth\\\/#primaryimage\"},\"thumbnailUrl\":\"https:\\\/\\\/sprayboothmanufacturer.com\\\/wp-content\\\/uploads\\\/2026\\\/02\\\/2.png\",\"datePublished\":\"2026-02-26T02:25:53+00:00\",\"breadcrumb\":{\"@id\":\"https:\\\/\\\/sprayboothmanufacturer.com\\\/product\\\/6m-electric-heated-spray-booth\\\/#breadcrumb\"},\"inLanguage\":\"de\",\"potentialAction\":[{\"@type\":\"ReadAction\",\"target\":[\"https:\\\/\\\/sprayboothmanufacturer.com\\\/product\\\/6m-electric-heated-spray-booth\\\/\"]}]},{\"@type\":\"ImageObject\",\"inLanguage\":\"de\",\"@id\":\"https:\\\/\\\/sprayboothmanufacturer.com\\\/product\\\/6m-electric-heated-spray-booth\\\/#primaryimage\",\"url\":\"https:\\\/\\\/sprayboothmanufacturer.com\\\/wp-content\\\/uploads\\\/2026\\\/02\\\/2.png\",\"contentUrl\":\"https:\\\/\\\/sprayboothmanufacturer.com\\\/wp-content\\\/uploads\\\/2026\\\/02\\\/2.png\",\"width\":800,\"height\":800},{\"@type\":\"BreadcrumbList\",\"@id\":\"https:\\\/\\\/sprayboothmanufacturer.com\\\/product\\\/6m-electric-heated-spray-booth\\\/#breadcrumb\",\"itemListElement\":[{\"@type\":\"ListItem\",\"position\":1,\"name\":\"Home\",\"item\":\"https:\\\/\\\/sprayboothmanufacturer.com\\\/\"},{\"@type\":\"ListItem\",\"position\":2,\"name\":\"\u4ea7\u54c1\",\"item\":\"https:\\\/\\\/sprayboothmanufacturer.com\\\/shop__trashed\\\/\"},{\"@type\":\"ListItem\",\"position\":3,\"name\":\"6m Electric Heated Spray Booth \u2013 Professional Automotive Equipment Supplier with 30KW Halogen Heating &#038; 2\u00d73KW Ventilation\"}]},{\"@type\":\"WebSite\",\"@id\":\"https:\\\/\\\/sprayboothmanufacturer.com\\\/#website\",\"url\":\"https:\\\/\\\/sprayboothmanufacturer.com\\\/\",\"name\":\"Autoke-China Paint Booth Manufacturer\",\"description\":\"\",\"publisher\":{\"@id\":\"https:\\\/\\\/sprayboothmanufacturer.com\\\/#organization\"},\"potentialAction\":[{\"@type\":\"SearchAction\",\"target\":{\"@type\":\"EntryPoint\",\"urlTemplate\":\"https:\\\/\\\/sprayboothmanufacturer.com\\\/?s={search_term_string}\"},\"query-input\":{\"@type\":\"PropertyValueSpecification\",\"valueRequired\":true,\"valueName\":\"search_term_string\"}}],\"inLanguage\":\"de\"},{\"@type\":\"Organization\",\"@id\":\"https:\\\/\\\/sprayboothmanufacturer.com\\\/#organization\",\"name\":\"Autoke-China Paint Booth Manufacturer\",\"url\":\"https:\\\/\\\/sprayboothmanufacturer.com\\\/\",\"logo\":{\"@type\":\"ImageObject\",\"inLanguage\":\"de\",\"@id\":\"https:\\\/\\\/sprayboothmanufacturer.com\\\/#\\\/schema\\\/logo\\\/image\\\/\",\"url\":\"https:\\\/\\\/sprayboothmanufacturer.com\\\/wp-content\\\/uploads\\\/2025\\\/12\\\/\u5fae\u4fe1\u56fe\u7247_20260113195103_1750_4-scaled-e1768394147958.png\",\"contentUrl\":\"https:\\\/\\\/sprayboothmanufacturer.com\\\/wp-content\\\/uploads\\\/2025\\\/12\\\/\u5fae\u4fe1\u56fe\u7247_20260113195103_1750_4-scaled-e1768394147958.png\",\"width\":1740,\"height\":538,\"caption\":\"Autoke-China Paint Booth Manufacturer\"},\"image\":{\"@id\":\"https:\\\/\\\/sprayboothmanufacturer.com\\\/#\\\/schema\\\/logo\\\/image\\\/\"}}]}<\/script>\n<!-- \/ Yoast SEO plugin. -->","yoast_head_json":{"title":"6m Elektrisch beheizte Spritzkabine \u2013 Professioneller Automobiltechnik-Lieferant mit 30KW Halogenheizung &amp; 2\u00d73KW Bel\u00fcftung - Autoke-China Lackierkabinenhersteller","robots":{"index":"index","follow":"follow","max-snippet":"max-snippet:-1","max-image-preview":"max-image-preview:large","max-video-preview":"max-video-preview:-1"},"canonical":"https:\/\/sprayboothmanufacturer.com\/de\/product\/6m-electric-heated-spray-booth\/","og_locale":"de_DE","og_type":"article","og_title":"6m Electric Heated Spray Booth \u2013 Professional Automotive Equipment Supplier with 30KW Halogen Heating & 2\u00d73KW Ventilation - Autoke-China Paint Booth Manufacturer","og_description":"The\u00a0Autoke 6m Electric Heated Spray Booth (Model: ATK-LS6-028E)\u00a0delivers professional-grade painting performance with\u00a030KW halogen infrared heating\u00a0and a balanced ventilation system (2\u00d73KW intake fans). Featuring a spacious interior (5900\u00d73900\u00d72700mm), robust rock wool construction, heavy-duty flooring with three rows of galvanized grilles, bright LED lighting, and multi-stage filtration, this booth ensures fast curing, superior finish quality, and operator safety. Factory direct \u2013 customizable for your specific requirements.","og_url":"https:\/\/sprayboothmanufacturer.com\/de\/product\/6m-electric-heated-spray-booth\/","og_site_name":"Autoke-China Paint Booth Manufacturer","og_image":[{"width":800,"height":800,"url":"https:\/\/sprayboothmanufacturer.com\/wp-content\/uploads\/2026\/02\/2.png","type":"image\/png"}],"twitter_card":"summary_large_image","twitter_misc":{"Gesch\u00e4tzte Lesezeit":"4\u00a0Minuten"},"schema":{"@context":"https:\/\/schema.org","@graph":[{"@type":"WebPage","@id":"https:\/\/sprayboothmanufacturer.com\/product\/6m-electric-heated-spray-booth\/","url":"https:\/\/sprayboothmanufacturer.com\/product\/6m-electric-heated-spray-booth\/","name":"6m Elektrisch beheizte Spritzkabine \u2013 Professioneller Automobiltechnik-Lieferant mit 30KW Halogenheizung &amp; 2\u00d73KW Bel\u00fcftung - Autoke-China Lackierkabinenhersteller","isPartOf":{"@id":"https:\/\/sprayboothmanufacturer.com\/#website"},"primaryImageOfPage":{"@id":"https:\/\/sprayboothmanufacturer.com\/product\/6m-electric-heated-spray-booth\/#primaryimage"},"image":{"@id":"https:\/\/sprayboothmanufacturer.com\/product\/6m-electric-heated-spray-booth\/#primaryimage"},"thumbnailUrl":"https:\/\/sprayboothmanufacturer.com\/wp-content\/uploads\/2026\/02\/2.png","datePublished":"2026-02-26T02:25:53+00:00","breadcrumb":{"@id":"https:\/\/sprayboothmanufacturer.com\/product\/6m-electric-heated-spray-booth\/#breadcrumb"},"inLanguage":"de","potentialAction":[{"@type":"ReadAction","target":["https:\/\/sprayboothmanufacturer.com\/product\/6m-electric-heated-spray-booth\/"]}]},{"@type":"ImageObject","inLanguage":"de","@id":"https:\/\/sprayboothmanufacturer.com\/product\/6m-electric-heated-spray-booth\/#primaryimage","url":"https:\/\/sprayboothmanufacturer.com\/wp-content\/uploads\/2026\/02\/2.png","contentUrl":"https:\/\/sprayboothmanufacturer.com\/wp-content\/uploads\/2026\/02\/2.png","width":800,"height":800},{"@type":"BreadcrumbList","@id":"https:\/\/sprayboothmanufacturer.com\/product\/6m-electric-heated-spray-booth\/#breadcrumb","itemListElement":[{"@type":"ListItem","position":1,"name":"Home","item":"https:\/\/sprayboothmanufacturer.com\/"},{"@type":"ListItem","position":2,"name":"\u4ea7\u54c1","item":"https:\/\/sprayboothmanufacturer.com\/shop__trashed\/"},{"@type":"ListItem","position":3,"name":"6m Electric Heated Spray Booth \u2013 Professional Automotive Equipment Supplier with 30KW Halogen Heating &#038; 2\u00d73KW Ventilation"}]},{"@type":"WebSite","@id":"https:\/\/sprayboothmanufacturer.com\/#website","url":"https:\/\/sprayboothmanufacturer.com\/","name":"Autoke-Deutschland Lackierkabinenhersteller","description":"","publisher":{"@id":"https:\/\/sprayboothmanufacturer.com\/#organization"},"potentialAction":[{"@type":"SearchAction","target":{"@type":"EntryPoint","urlTemplate":"https:\/\/sprayboothmanufacturer.com\/?s={search_term_string}"},"query-input":{"@type":"PropertyValueSpecification","valueRequired":true,"valueName":"search_term_string"}}],"inLanguage":"de"},{"@type":"Organization","@id":"https:\/\/sprayboothmanufacturer.com\/#organization","name":"Autoke-Deutschland Lackierkabinenhersteller","url":"https:\/\/sprayboothmanufacturer.com\/","logo":{"@type":"ImageObject","inLanguage":"de","@id":"https:\/\/sprayboothmanufacturer.com\/#\/schema\/logo\/image\/","url":"https:\/\/sprayboothmanufacturer.com\/wp-content\/uploads\/2025\/12\/\u5fae\u4fe1\u56fe\u7247_20260113195103_1750_4-scaled-e1768394147958.png","contentUrl":"https:\/\/sprayboothmanufacturer.com\/wp-content\/uploads\/2025\/12\/\u5fae\u4fe1\u56fe\u7247_20260113195103_1750_4-scaled-e1768394147958.png","width":1740,"height":538,"caption":"Autoke-China Paint Booth Manufacturer"},"image":{"@id":"https:\/\/sprayboothmanufacturer.com\/#\/schema\/logo\/image\/"}}]}},"_links":{"self":[{"href":"https:\/\/sprayboothmanufacturer.com\/de\/wp-json\/wp\/v2\/product\/3391","targetHints":{"allow":["GET"]}}],"collection":[{"href":"https:\/\/sprayboothmanufacturer.com\/de\/wp-json\/wp\/v2\/product"}],"about":[{"href":"https:\/\/sprayboothmanufacturer.com\/de\/wp-json\/wp\/v2\/types\/product"}],"replies":[{"embeddable":true,"href":"https:\/\/sprayboothmanufacturer.com\/de\/wp-json\/wp\/v2\/comments?post=3391"}],"version-history":[{"count":1,"href":"https:\/\/sprayboothmanufacturer.com\/de\/wp-json\/wp\/v2\/product\/3391\/revisions"}],"predecessor-version":[{"id":3392,"href":"https:\/\/sprayboothmanufacturer.com\/de\/wp-json\/wp\/v2\/product\/3391\/revisions\/3392"}],"wp:featuredmedia":[{"embeddable":true,"href":"https:\/\/sprayboothmanufacturer.com\/de\/wp-json\/wp\/v2\/media\/3172"}],"wp:attachment":[{"href":"https:\/\/sprayboothmanufacturer.com\/de\/wp-json\/wp\/v2\/media?parent=3391"}],"wp:term":[{"taxonomy":"product_brand","embeddable":true,"href":"https:\/\/sprayboothmanufacturer.com\/de\/wp-json\/wp\/v2\/product_brand?post=3391"},{"taxonomy":"product_cat","embeddable":true,"href":"https:\/\/sprayboothmanufacturer.com\/de\/wp-json\/wp\/v2\/product_cat?post=3391"},{"taxonomy":"product_tag","embeddable":true,"href":"https:\/\/sprayboothmanufacturer.com\/de\/wp-json\/wp\/v2\/product_tag?post=3391"}],"curies":[{"name":"wp","href":"https:\/\/api.w.org\/{rel}","templated":true}]}}