{"id":3371,"date":"2026-02-25T03:14:07","date_gmt":"2026-02-25T03:14:07","guid":{"rendered":"https:\/\/sprayboothmanufacturer.com\/?post_type=product&#038;p=3371"},"modified":"2026-02-25T03:14:07","modified_gmt":"2026-02-25T03:14:07","slug":"7m-diesel-heated-spray-booth-4","status":"publish","type":"product","link":"https:\/\/sprayboothmanufacturer.com\/de\/product\/7m-diesel-heated-spray-booth-4\/","title":{"rendered":"7m Dieselbeizte Spritzkabine \u2013 Professioneller Automobilger\u00e4te-Lieferant mit RIELLO G10 Brenner &amp; 25.000 m\u00b3\/h Bel\u00fcftung"},"content":{"rendered":"<table style=\"height: 274px;\" width=\"713\">\n<tbody>\n<tr>\n<td width=\"142\"><strong><b>Mindestbestellmenge :<\/b><\/strong><\/td>\n<td width=\"142\">1 St\u00fcck<\/td>\n<td width=\"142\"><strong><b>Preis :<\/b><\/strong><\/td>\n<td width=\"142\">Verhandlungssache<\/td>\n<\/tr>\n<tr>\n<td width=\"142\"><strong><b>Verpackungsdetails :<\/b><\/strong><\/td>\n<td width=\"142\">40G oder 20GP\/Einheit<\/td>\n<td width=\"142\"><strong><b>Lieferzeit :<\/b><\/strong><\/td>\n<td width=\"142\">15 Tage, Verhandlungssache<\/td>\n<\/tr>\n<tr>\n<td width=\"142\"><strong><b>Zahlungsbedingungen :<\/b><\/strong><\/td>\n<td width=\"142\">L\/C, T\/T<\/td>\n<td width=\"142\"><strong><b>Lieferf\u00e4higkeit :<\/b><\/strong><\/td>\n<td width=\"142\">50 Einheiten\/Einheiten pro Monat Industrielle Spr\u00fchkabine Bus-Spr\u00fchkabine<\/td>\n<\/tr>\n<tr>\n<td width=\"142\"><strong><b>Herkunftsland:<\/b><\/strong><\/td>\n<td width=\"142\">Jiangsu, China<\/td>\n<td width=\"142\"><strong><b>Markenname:<\/b><\/strong><\/td>\n<td width=\"142\">Autoke<\/td>\n<\/tr>\n<tr>\n<td width=\"142\"><strong><b>Zertifizierung:<\/b><\/strong><\/td>\n<td width=\"142\">CE<\/td>\n<td width=\"142\"><strong><b>Modellnummer:<\/b><\/strong><\/td>\n<td width=\"142\"><strong>ATK-LS7-018D<\/strong><\/td>\n<\/tr>\n<\/tbody>\n<\/table>\n<h4><strong>\u00dcbersicht<\/strong><\/h4>\n<p class=\"ds-markdown-paragraph\">Die\u00a0<strong>Autoke 7m Luxus-Spritzkabine mit Dieselheizung<\/strong>\u00a0verbindet robuste Konstruktion, effizienten Luftstrom und zuverl\u00e4ssige Heizung, um konsistente Mal- und Trockenergebnisse zu liefern. Ausgestattet mit einem RIELLO G20 Dieselbrenner, Doppelansaugventilatoren und einem Hochleistungsexhaustor, ist diese Kabine ideal f\u00fcr Werkst\u00e4tten, die schnelle Durchlaufzeiten und professionelle Oberfl\u00e4chen ben\u00f6tigen. Das ger\u00e4umige Innere (6900\u00d74900\u00d72800mm) bietet Platz f\u00fcr gro\u00dfe Fahrzeuge und Ger\u00e4te, w\u00e4hrend das fortschrittliche Steuerungssystem und die umfassende Filtration eine saubere, sichere Arbeitsumgebung gew\u00e4hrleisten.<\/p>\n<hr \/>\n<h4><strong>Hauptmerkmale<\/strong><\/h4>\n<ul>\n<li>\n<p class=\"ds-markdown-paragraph\"><strong>Robuste Konstruktion<\/strong><\/p>\n<ul>\n<li>\n<p class=\"ds-markdown-paragraph\">Wandpaneele: 5cm dicke Hochdichte-Steinwolle (100 kg\/m\u00b3) mit 0,5mm Stahlabdeckungen \u2013 feuerfest, schalldicht und thermisch isoliert.<\/p>\n<\/li>\n<li>\n<p class=\"ds-markdown-paragraph\">Verzinkte Stahl-Dachpaneele, brandschutzbehandelt.<\/p>\n<\/li>\n<li>\n<p class=\"ds-markdown-paragraph\">Schwerlastkeller mit plattenf\u00f6rmiger konvexer Plattform, gefertigt aus verzinktem Stahlblech und Quadratrohren, H\u00f6he 300 mm.<\/p>\n<\/li>\n<li>\n<p class=\"ds-markdown-paragraph\"><strong>Bodensystem:<\/strong><\/p>\n<ul>\n<li>\n<p class=\"ds-markdown-paragraph\">Zwei Reihen flacher Stahlgitter (verzinkt, 30\u00d74mm) f\u00fcr optimalen Luftstrom.<\/p>\n<\/li>\n<li>\n<p class=\"ds-markdown-paragraph\">Drei Reihen aus metallenen rutschfesten Gitterb\u00f6den (Breiten: 53cm, 90cm, 53cm) f\u00fcr sicheren Zugang f\u00fcr den Bediener.<\/p>\n<\/li>\n<li>\n<p class=\"ds-markdown-paragraph\">Zwei Reihen Gehwege (je 90cm auf beiden Seiten) f\u00fcr einfache Beweglichkeit.<\/p>\n<\/li>\n<\/ul>\n<\/li>\n<li>\n<p class=\"ds-markdown-paragraph\">Vier Hilfsbeine bieten zus\u00e4tzliche Unterst\u00fctzung, Tragf\u00e4higkeit bis zu 5 Tonnen.<\/p>\n<\/li>\n<\/ul>\n<\/li>\n<li>\n<p class=\"ds-markdown-paragraph\"><strong>Leistungsstarkes Bel\u00fcftungssystem<\/strong><\/p>\n<ul>\n<li>\n<p class=\"ds-markdown-paragraph\"><strong>Ansaugung:<\/strong>\u00a02\u00d74KW YDW Doppelansaug-Zentrifugalventilatoren, Gesamtluftstrom 25.000 m\u00b3\/h f\u00fcr optimale Luftverteilung.<\/p>\n<\/li>\n<li>\n<p class=\"ds-markdown-paragraph\"><strong>Auspuff:<\/strong>\u00a01\u00d75,5KW YDW Zentrifugalventilator, Luftstrom 19.000 m\u00b3\/h, sorgt f\u00fcr effiziente Entfernung von Overspray und D\u00e4mpfen.<\/p>\n<\/li>\n<li>\n<p class=\"ds-markdown-paragraph\">Ventilatorenbox aus 1 mm verzinktem Blech mit Quadratrohrrahmen, spraybeschichtet f\u00fcr Langlebigkeit.<\/p>\n<\/li>\n<li>\n<p class=\"ds-markdown-paragraph\">Geh\u00e4usema\u00dfe: 1,1\u00d72,2 m, kann auf der linken, rechten oder hinteren Seite der Kabine installiert werden.<\/p>\n<\/li>\n<li>\n<p class=\"ds-markdown-paragraph\">Inklusive 90\u00b0 Bogenkanal.<\/p>\n<\/li>\n<\/ul>\n<\/li>\n<li>\n<p class=\"ds-markdown-paragraph\"><strong>Effiziente Dieselheizung<\/strong><\/p>\n<ul>\n<li>\n<p class=\"ds-markdown-paragraph\"><strong>Brenner:<\/strong>\u00a0RIELLO G20 Diesel\u00f6lbrenner, bekannt f\u00fcr Zuverl\u00e4ssigkeit und Effizienz.<\/p>\n<\/li>\n<li>\n<p class=\"ds-markdown-paragraph\">Heizzeit: 5\u20138 Minuten, um 40\u00b0C zu erreichen; maximale Backtemperatur 80\u00b0C.<\/p>\n<\/li>\n<li>\n<p class=\"ds-markdown-paragraph\">Ideal f\u00fcr schnelles Aush\u00e4rten von Farben und Beschichtungen in kalten Umgebungen.<\/p>\n<\/li>\n<\/ul>\n<\/li>\n<li>\n<p class=\"ds-markdown-paragraph\"><strong>Ger\u00e4umiger Zugang<\/strong><\/p>\n<ul>\n<li>\n<p class=\"ds-markdown-paragraph\">Main gate: Three-piece metal front doors with tempered glass windows (3000\u00d72450mm) for easy vehicle access.<\/p>\n<\/li>\n<li>\n<p class=\"ds-markdown-paragraph\">Ausgestattet mit Griff und Schloss; 5mm hitzebest\u00e4ndiges Glas<\/p>\n<\/li>\n<li>\n<p class=\"ds-markdown-paragraph\">Side safety door: 80\u00d7200cm for emergency exit and convenient staff access.<\/p>\n<\/li>\n<\/ul>\n<\/li>\n<li>\n<p class=\"ds-markdown-paragraph\"><strong>Hervorragende Beleuchtung<\/strong><\/p>\n<ul>\n<li>\n<p class=\"ds-markdown-paragraph\">Decke: 24\u00d718W LED-Leuchten (8 Gruppen \u00e0 3) in einem Winkel von 45\u00b0 f\u00fcr gleichm\u00e4\u00dfige Deckenbeleuchtung.<\/p>\n<\/li>\n<li>\n<p class=\"ds-markdown-paragraph\">Seitenw\u00e4nde: 8\u00d748W LED-Leuchten eliminieren Schatten und verbessern die Sichtbarkeit bei Detailarbeiten.<\/p>\n<\/li>\n<\/ul>\n<\/li>\n<li>\n<p class=\"ds-markdown-paragraph\"><strong>Mehrstufiges Filtersystem<\/strong><\/p>\n<ul>\n<li>\n<p class=\"ds-markdown-paragraph\"><strong>Prim\u00e4rfilter:<\/strong>\u00a0F\u00e4ngt Partikel &gt;10\u03bcm auf, Effizienz &gt;90%.<\/p>\n<\/li>\n<li>\n<p class=\"ds-markdown-paragraph\"><strong>Deckenfilter (wei\u00df):<\/strong>\u00a0F\u00e4ngt Partikel &gt;4\u03bcm auf, Effizienz &gt;98%.<\/p>\n<\/li>\n<li>\n<p class=\"ds-markdown-paragraph\"><strong>Bodenfilter (blau):<\/strong>\u00a0Mehrlagiger Glasfaserfilter, Effizienz &gt;90%.<\/p>\n<\/li>\n<li>\n<p class=\"ds-markdown-paragraph\">Sichert eine saubere Malumgebung und eine hochwertige Oberfl\u00e4che.<\/p>\n<\/li>\n<\/ul>\n<\/li>\n<li>\n<p class=\"ds-markdown-paragraph\"><strong>Dachsystem<\/strong><\/p>\n<ul>\n<li>\n<p class=\"ds-markdown-paragraph\">Strahl aus verzinkten Quadratrohren, verbunden mit Winkelstahl und Schrauben f\u00fcr strukturelle Integrit\u00e4t.<\/p>\n<\/li>\n<li>\n<p class=\"ds-markdown-paragraph\">Plenum aus verzinktem Stahl, pulverbeschichtet f\u00fcr Langlebigkeit.<\/p>\n<\/li>\n<\/ul>\n<\/li>\n<li>\n<p class=\"ds-markdown-paragraph\"><strong>Intelligentes Steuerungssystem<\/strong><\/p>\n<ul>\n<li>\n<p class=\"ds-markdown-paragraph\">Benutzerfreundliches Bedienfeld mit Schaltern f\u00fcr Beleuchtung, Malen, Backmodi, Temperaturregelung, Timer und Not-Aus.<\/p>\n<\/li>\n<li>\n<p class=\"ds-markdown-paragraph\">Echtzeit\u00fcberwachung und -anpassung f\u00fcr optimalen Betrieb.<\/p>\n<\/li>\n<\/ul>\n<\/li>\n<li>\n<p class=\"ds-markdown-paragraph\"><strong>Elektrik &amp; Leistung<\/strong><\/p>\n<ul>\n<li>\n<p class=\"ds-markdown-paragraph\">Motor: 7,5 kW Indirektantrieb f\u00fcr leisen und zuverl\u00e4ssigen Betrieb.<\/p>\n<\/li>\n<li>\n<p class=\"ds-markdown-paragraph\">Spannung: 220V\/380V, 50Hz.<\/p>\n<\/li>\n<li>\n<p class=\"ds-markdown-paragraph\">Gesamtleistung (Dieselheizversion): 15 kW (Brenner + Ventilatoren).<\/p>\n<\/li>\n<li>\n<p class=\"ds-markdown-paragraph\">Optionale elektrische Heizversion erh\u00e4ltlich (38 kW).<\/p>\n<\/li>\n<\/ul>\n<\/li>\n<\/ul>\n<hr \/>\n<h4><strong>Technische Spezifikationen<\/strong><\/h4>\n<div class=\"ds-scroll-area _1210dd7 c03cafe9\">\n<div class=\"ds-scroll-area__gutters\">\n<div class=\"ds-scroll-area__horizontal-gutter\"><\/div>\n<div class=\"ds-scroll-area__vertical-gutter\"><\/div>\n<\/div>\n<table>\n<thead>\n<tr>\n<th>Parameter<\/th>\n<th>Details<\/th>\n<\/tr>\n<\/thead>\n<tbody>\n<tr>\n<td><strong>Modell<\/strong><\/td>\n<td>ATK-LS7-018D<\/td>\n<\/tr>\n<tr>\n<td><strong>Au\u00dfenma\u00dfe (L\u00d7B\u00d7H)<\/strong><\/td>\n<td>7000\u00d75200\u00d73200 mm<\/td>\n<\/tr>\n<tr>\n<td><strong>Innenma\u00dfe (L\u00d7B\u00d7H)<\/strong><\/td>\n<td>6900\u00d73900\u00d72800 mm<\/td>\n<\/tr>\n<tr>\n<td><strong>Verpackungsgr\u00f6\u00dfe<\/strong><\/td>\n<td>4,2\u00d72,2\u00d72,1 m (19 CBM)<\/td>\n<\/tr>\n<tr>\n<td><strong>Gewicht<\/strong><\/td>\n<td>Ca. 3500 kg<\/td>\n<\/tr>\n<tr>\n<td><strong>Wandpaneel<\/strong><\/td>\n<td>Steinwolle, 50 mm dick, Dichte 100 kg\/m\u00b3, Stahlst\u00e4rke 0,5 mm<\/td>\n<\/tr>\n<tr>\n<td><strong>Bodenroste<\/strong><\/td>\n<td>2 Reihen Flachstahlgitter (30\u00d74mm) + 3 Reihen rutschfeste Gitterb\u00f6den<\/td>\n<\/tr>\n<tr>\n<td><strong>Gehwege<\/strong><\/td>\n<td>2 Reihen, jeweils 90cm auf jeder Seite<\/td>\n<\/tr>\n<tr>\n<td><strong>Bel\u00fcftung<\/strong><\/td>\n<td>2\u00d74KW Zuluftventilatoren (25.000 m\u00b3\/h) + 1\u00d75,5KW Abluftventilator (19.000 m\u00b3\/h)<\/td>\n<\/tr>\n<tr>\n<td><strong>Heizung<\/strong><\/td>\n<td>RIELLO G20 Dieselbrenner, max. 80\u00b0C<\/td>\n<\/tr>\n<tr>\n<td><strong>Beleuchtung<\/strong><\/td>\n<td>Decke: 24\u00d718W LED; Seitenw\u00e4nde: 8\u00d748W LED<\/td>\n<\/tr>\n<tr>\n<td><strong>T\u00fcren<\/strong><\/td>\n<td>Haupt: 3-fl\u00fcgeliges Metall mit Sicherheitsglas (3000\u00d72450mm); Seite: 80\u00d7200cm<\/td>\n<\/tr>\n<tr>\n<td><strong>Gebl\u00e4sekasten<\/strong><\/td>\n<td>Luxusbauweise, verzinktes Blech 1mm mit Quadratrohrrahmen<\/td>\n<\/tr>\n<tr>\n<td><strong>Filtration<\/strong><\/td>\n<td>Prim\u00e4r-, Decken- und Bodenschutzfilter (vorinstalliert)<\/td>\n<\/tr>\n<tr>\n<td><strong>Steuerungssystem<\/strong><\/td>\n<td>Intelligentes Panel mit Timer, Temperaturregelung, Not-Aus<\/td>\n<\/tr>\n<tr>\n<td><strong>Motor<\/strong><\/td>\n<td>7,5 kW Indirektantrieb<\/td>\n<\/tr>\n<tr>\n<td><strong>Spannung\/Frequenz<\/strong><\/td>\n<td>220V\/380V, 50Hz<\/td>\n<\/tr>\n<tr>\n<td><strong>Gesamtleistung<\/strong><\/td>\n<td>15 kW (Dieselversion)<\/td>\n<\/tr>\n<tr>\n<td><strong>Farboptionen<\/strong><\/td>\n<td>Rot, Blau, Wei\u00df, Grau, Orange usw.<\/td>\n<\/tr>\n<tr>\n<td><strong>Garantie<\/strong><\/td>\n<td>12 Monate ab B\/L-Datum<\/td>\n<\/tr>\n<tr>\n<td><strong>Lieferzeit<\/strong><\/td>\n<td>30 Tage nach Zahlungseingang<\/td>\n<\/tr>\n<tr>\n<td><strong>Versand<\/strong><\/td>\n<td>1 Satz pro 20GP-Container; 3 S\u00e4tze pro 40HQ-Container<\/td>\n<\/tr>\n<\/tbody>\n<\/table>\n<\/div>\n<hr \/>\n<h4><strong>Warum Autoke Diesel-Spritzkabine w\u00e4hlen?<\/strong><\/h4>\n<ul>\n<li>\n<p class=\"ds-markdown-paragraph\">\u2705\u00a0<strong>Direktlieferung vom Hersteller<\/strong>\u00a0\u2013 Wettbewerbsf\u00e4hige Preise ohne Zwischenh\u00e4ndler<\/p>\n<\/li>\n<li>\n<p class=\"ds-markdown-paragraph\">\u2705\u00a0<strong>OEM-Individualisierungsl\u00f6sungen<\/strong>\u00a0\u2013 Gr\u00f6\u00dfe, Farbe und Zubeh\u00f6r an Ihre Bed\u00fcrfnisse anpassen<\/p>\n<\/li>\n<li>\n<p class=\"ds-markdown-paragraph\">\u2705\u00a0<strong>One-Stop-L\u00f6sung<\/strong>\u00a0\u2013 Von Struktur bis Heizung und Bel\u00fcftung<\/p>\n<\/li>\n<li>\n<p class=\"ds-markdown-paragraph\">\u2705\u00a0<strong>Hersteller von Industrieausr\u00fcstung<\/strong>\u00a0\u2013 Bew\u00e4hrte Qualit\u00e4t und Zuverl\u00e4ssigkeit<\/p>\n<\/li>\n<li>\n<p class=\"ds-markdown-paragraph\">\u2705\u00a0<strong>F\u00fcr den gewerblichen Einsatz entwickelt<\/strong>\u00a0\u2013 Schwerlastkomponenten f\u00fcr den Dauerbetrieb<\/p>\n<\/li>\n<li>\n<p class=\"ds-markdown-paragraph\">\u2705\u00a0<strong>Erh\u00f6hter Bodensicherheit<\/strong>\u00a0\u2013 Rutschfeste Gitterb\u00f6den f\u00fcr das Vertrauen des Bedieners<\/p>\n<\/li>\n<li>\n<p class=\"ds-markdown-paragraph\">\u2705\u00a0<strong>Weltweiter Versand<\/strong>\u00a0\u2013 Einfaches Containerladen und weltweite Lieferung<\/p>\n<\/li>\n<\/ul>\n<hr \/>\n<h4><strong>Anwendungen<\/strong><\/h4>\n<ul>\n<li>\n<p class=\"ds-markdown-paragraph\">Karosseriewerkst\u00e4tten und Unfallinstandsetzungszentren<\/p>\n<\/li>\n<li>\n<p class=\"ds-markdown-paragraph\">Gewerbliche Fahrzeug- und LKW-Lackierung<\/p>\n<\/li>\n<li>\n<p class=\"ds-markdown-paragraph\">Industrielle Beschichtungs- und Endbearbeitungsanlagen<\/p>\n<\/li>\n<li>\n<p class=\"ds-markdown-paragraph\">Benutzerdefinierte Lackier- und Restaurierungswerkst\u00e4tten<\/p>\n<\/li>\n<\/ul>","protected":false},"excerpt":{"rendered":"<p>Die\u00a0<strong>Autoke 7m Diesel beheizte Spritzkabine (Modell: ATK-LS7-018D)<\/strong>\u00a0ist eine Hochleistungs-L\u00f6sungen f\u00fcr Lackierwerkst\u00e4tten und industrielle Finish-Zentren. Mit einem leistungsstarken Bel\u00fcftungssystem (2\u00d74KW Ansaug- + 1\u00d75,5KW Abluftventilatoren, Gesamtluftstrom 25.000 m\u00b3\/h), einem zuverl\u00e4ssigen RIELLO G20 Dieselmotor, robustem Boden mit drei rutschfesten Gitterreihen, energieeffizienter LED-Beleuchtung und mehrstufiger Filtration sorgt diese Kabine f\u00fcr schnelle Aush\u00e4rtung, \u00fcberlegene Oberfl\u00e4chenqualit\u00e4t und Arbeitersicherheit. Direkt ab Werk \u2013 an Ihre spezifischen Anforderungen anpassbar.<\/p>","protected":false},"featured_media":2829,"comment_status":"open","ping_status":"closed","template":"","meta":[],"product_brand":[76],"product_cat":[60,59],"product_tag":[73,72,70,83,77],"class_list":{"0":"post-3371","1":"product","2":"type-product","3":"status-publish","4":"has-post-thumbnail","6":"product_brand-autoke","7":"product_cat-car-spray-booth","8":"product_cat-spray-booth","9":"product_tag-automotive-spray-booth-manufacturer","10":"product_tag-car-spray-booth-factory","11":"product_tag-high-quality-spray-booths","12":"product_tag-paint-booth-solutions","13":"product_tag-truck-spray-booth","15":"first","16":"instock","17":"shipping-taxable","18":"product-type-simple"},"yoast_head":"<!-- This site is optimized with the Yoast SEO plugin v27.4 - https:\/\/yoast.com\/product\/yoast-seo-wordpress\/ -->\n<title>7m Diesel Heated Spray Booth \u2013 Professional Automotive Equipment Supplier with RIELLO G20 Burner &amp; 25,000 m\u00b3\/h Ventilation - Autoke-China Paint Booth Manufacturer<\/title>\n<meta name=\"robots\" content=\"index, follow, max-snippet:-1, max-image-preview:large, max-video-preview:-1\" \/>\n<link rel=\"canonical\" href=\"https:\/\/sprayboothmanufacturer.com\/de\/product\/7m-diesel-heated-spray-booth-4\/\" \/>\n<meta property=\"og:locale\" content=\"de_DE\" \/>\n<meta property=\"og:type\" content=\"article\" \/>\n<meta property=\"og:title\" content=\"7m Diesel Heated Spray Booth \u2013 Professional Automotive Equipment Supplier with RIELLO G20 Burner &amp; 25,000 m\u00b3\/h Ventilation - Autoke-China Paint Booth Manufacturer\" \/>\n<meta property=\"og:description\" content=\"The\u00a0Autoke 7m Diesel Heated Spray Booth (Model: ATK-LS7-018D)\u00a0is a high-performance painting solution designed for professional automotive workshops and industrial finishing centers. Featuring a powerful ventilation system (2\u00d74KW intake + 1\u00d75.5KW exhaust fans, total airflow 25,000 m\u00b3\/h), a reliable RIELLO G20 diesel burner, robust flooring with three non-slip grill rows, energy-efficient LED lighting, and multi-stage filtration, this booth ensures fast curing, superior finish quality, and operator safety. Factory direct \u2013 customizable for your specific requirements.\" \/>\n<meta property=\"og:url\" content=\"https:\/\/sprayboothmanufacturer.com\/de\/product\/7m-diesel-heated-spray-booth-4\/\" \/>\n<meta property=\"og:site_name\" content=\"Autoke-China Paint Booth Manufacturer\" \/>\n<meta property=\"og:image\" content=\"https:\/\/sprayboothmanufacturer.com\/wp-content\/uploads\/2026\/01\/9411768716611_.pic_.jpg\" \/>\n\t<meta property=\"og:image:width\" content=\"850\" \/>\n\t<meta property=\"og:image:height\" content=\"850\" \/>\n\t<meta property=\"og:image:type\" content=\"image\/jpeg\" \/>\n<meta name=\"twitter:card\" content=\"summary_large_image\" \/>\n<meta name=\"twitter:label1\" content=\"Gesch\u00e4tzte Lesezeit\" \/>\n\t<meta name=\"twitter:data1\" content=\"4\u00a0Minuten\" \/>\n<script type=\"application\/ld+json\" class=\"yoast-schema-graph\">{\"@context\":\"https:\\\/\\\/schema.org\",\"@graph\":[{\"@type\":\"WebPage\",\"@id\":\"https:\\\/\\\/sprayboothmanufacturer.com\\\/product\\\/7m-diesel-heated-spray-booth-4\\\/\",\"url\":\"https:\\\/\\\/sprayboothmanufacturer.com\\\/product\\\/7m-diesel-heated-spray-booth-4\\\/\",\"name\":\"7m Diesel Heated Spray Booth \u2013 Professional Automotive Equipment Supplier with RIELLO G20 Burner & 25,000 m\u00b3\\\/h Ventilation - Autoke-China Paint Booth Manufacturer\",\"isPartOf\":{\"@id\":\"https:\\\/\\\/sprayboothmanufacturer.com\\\/#website\"},\"primaryImageOfPage\":{\"@id\":\"https:\\\/\\\/sprayboothmanufacturer.com\\\/product\\\/7m-diesel-heated-spray-booth-4\\\/#primaryimage\"},\"image\":{\"@id\":\"https:\\\/\\\/sprayboothmanufacturer.com\\\/product\\\/7m-diesel-heated-spray-booth-4\\\/#primaryimage\"},\"thumbnailUrl\":\"https:\\\/\\\/sprayboothmanufacturer.com\\\/wp-content\\\/uploads\\\/2026\\\/01\\\/9411768716611_.pic_.jpg\",\"datePublished\":\"2026-02-25T03:14:07+00:00\",\"breadcrumb\":{\"@id\":\"https:\\\/\\\/sprayboothmanufacturer.com\\\/product\\\/7m-diesel-heated-spray-booth-4\\\/#breadcrumb\"},\"inLanguage\":\"de\",\"potentialAction\":[{\"@type\":\"ReadAction\",\"target\":[\"https:\\\/\\\/sprayboothmanufacturer.com\\\/product\\\/7m-diesel-heated-spray-booth-4\\\/\"]}]},{\"@type\":\"ImageObject\",\"inLanguage\":\"de\",\"@id\":\"https:\\\/\\\/sprayboothmanufacturer.com\\\/product\\\/7m-diesel-heated-spray-booth-4\\\/#primaryimage\",\"url\":\"https:\\\/\\\/sprayboothmanufacturer.com\\\/wp-content\\\/uploads\\\/2026\\\/01\\\/9411768716611_.pic_.jpg\",\"contentUrl\":\"https:\\\/\\\/sprayboothmanufacturer.com\\\/wp-content\\\/uploads\\\/2026\\\/01\\\/9411768716611_.pic_.jpg\",\"width\":850,\"height\":850},{\"@type\":\"BreadcrumbList\",\"@id\":\"https:\\\/\\\/sprayboothmanufacturer.com\\\/product\\\/7m-diesel-heated-spray-booth-4\\\/#breadcrumb\",\"itemListElement\":[{\"@type\":\"ListItem\",\"position\":1,\"name\":\"Home\",\"item\":\"https:\\\/\\\/sprayboothmanufacturer.com\\\/\"},{\"@type\":\"ListItem\",\"position\":2,\"name\":\"\u4ea7\u54c1\",\"item\":\"https:\\\/\\\/sprayboothmanufacturer.com\\\/shop__trashed\\\/\"},{\"@type\":\"ListItem\",\"position\":3,\"name\":\"7m Diesel Heated Spray Booth \u2013 Professional Automotive Equipment Supplier with RIELLO G20 Burner &#038; 25,000 m\u00b3\\\/h Ventilation\"}]},{\"@type\":\"WebSite\",\"@id\":\"https:\\\/\\\/sprayboothmanufacturer.com\\\/#website\",\"url\":\"https:\\\/\\\/sprayboothmanufacturer.com\\\/\",\"name\":\"Autoke-China Paint Booth Manufacturer\",\"description\":\"\",\"publisher\":{\"@id\":\"https:\\\/\\\/sprayboothmanufacturer.com\\\/#organization\"},\"potentialAction\":[{\"@type\":\"SearchAction\",\"target\":{\"@type\":\"EntryPoint\",\"urlTemplate\":\"https:\\\/\\\/sprayboothmanufacturer.com\\\/?s={search_term_string}\"},\"query-input\":{\"@type\":\"PropertyValueSpecification\",\"valueRequired\":true,\"valueName\":\"search_term_string\"}}],\"inLanguage\":\"de\"},{\"@type\":\"Organization\",\"@id\":\"https:\\\/\\\/sprayboothmanufacturer.com\\\/#organization\",\"name\":\"Autoke-China Paint Booth Manufacturer\",\"url\":\"https:\\\/\\\/sprayboothmanufacturer.com\\\/\",\"logo\":{\"@type\":\"ImageObject\",\"inLanguage\":\"de\",\"@id\":\"https:\\\/\\\/sprayboothmanufacturer.com\\\/#\\\/schema\\\/logo\\\/image\\\/\",\"url\":\"https:\\\/\\\/sprayboothmanufacturer.com\\\/wp-content\\\/uploads\\\/2025\\\/12\\\/\u5fae\u4fe1\u56fe\u7247_20260113195103_1750_4-scaled-e1768394147958.png\",\"contentUrl\":\"https:\\\/\\\/sprayboothmanufacturer.com\\\/wp-content\\\/uploads\\\/2025\\\/12\\\/\u5fae\u4fe1\u56fe\u7247_20260113195103_1750_4-scaled-e1768394147958.png\",\"width\":1740,\"height\":538,\"caption\":\"Autoke-China Paint Booth Manufacturer\"},\"image\":{\"@id\":\"https:\\\/\\\/sprayboothmanufacturer.com\\\/#\\\/schema\\\/logo\\\/image\\\/\"}}]}<\/script>\n<!-- \/ Yoast SEO plugin. -->","yoast_head_json":{"title":"7m Dieselbeheizter Spritzkabine \u2013 Professioneller Automobilger\u00e4te-Lieferant mit RIELLO G10 Brenner &amp; 25.000 m\u00b3\/h Bel\u00fcftung - Autoke-China Lackierkabinenhersteller","robots":{"index":"index","follow":"follow","max-snippet":"max-snippet:-1","max-image-preview":"max-image-preview:large","max-video-preview":"max-video-preview:-1"},"canonical":"https:\/\/sprayboothmanufacturer.com\/de\/product\/7m-diesel-heated-spray-booth-4\/","og_locale":"de_DE","og_type":"article","og_title":"7m Diesel Heated Spray Booth \u2013 Professional Automotive Equipment Supplier with RIELLO G20 Burner & 25,000 m\u00b3\/h Ventilation - Autoke-China Paint Booth Manufacturer","og_description":"The\u00a0Autoke 7m Diesel Heated Spray Booth (Model: ATK-LS7-018D)\u00a0is a high-performance painting solution designed for professional automotive workshops and industrial finishing centers. Featuring a powerful ventilation system (2\u00d74KW intake + 1\u00d75.5KW exhaust fans, total airflow 25,000 m\u00b3\/h), a reliable RIELLO G20 diesel burner, robust flooring with three non-slip grill rows, energy-efficient LED lighting, and multi-stage filtration, this booth ensures fast curing, superior finish quality, and operator safety. Factory direct \u2013 customizable for your specific requirements.","og_url":"https:\/\/sprayboothmanufacturer.com\/de\/product\/7m-diesel-heated-spray-booth-4\/","og_site_name":"Autoke-China Paint Booth Manufacturer","og_image":[{"width":850,"height":850,"url":"https:\/\/sprayboothmanufacturer.com\/wp-content\/uploads\/2026\/01\/9411768716611_.pic_.jpg","type":"image\/jpeg"}],"twitter_card":"summary_large_image","twitter_misc":{"Gesch\u00e4tzte Lesezeit":"4\u00a0Minuten"},"schema":{"@context":"https:\/\/schema.org","@graph":[{"@type":"WebPage","@id":"https:\/\/sprayboothmanufacturer.com\/product\/7m-diesel-heated-spray-booth-4\/","url":"https:\/\/sprayboothmanufacturer.com\/product\/7m-diesel-heated-spray-booth-4\/","name":"7m Dieselbeheizter Spritzkabine \u2013 Professioneller Automobilger\u00e4te-Lieferant mit RIELLO G10 Brenner &amp; 25.000 m\u00b3\/h Bel\u00fcftung - Autoke-China Lackierkabinenhersteller","isPartOf":{"@id":"https:\/\/sprayboothmanufacturer.com\/#website"},"primaryImageOfPage":{"@id":"https:\/\/sprayboothmanufacturer.com\/product\/7m-diesel-heated-spray-booth-4\/#primaryimage"},"image":{"@id":"https:\/\/sprayboothmanufacturer.com\/product\/7m-diesel-heated-spray-booth-4\/#primaryimage"},"thumbnailUrl":"https:\/\/sprayboothmanufacturer.com\/wp-content\/uploads\/2026\/01\/9411768716611_.pic_.jpg","datePublished":"2026-02-25T03:14:07+00:00","breadcrumb":{"@id":"https:\/\/sprayboothmanufacturer.com\/product\/7m-diesel-heated-spray-booth-4\/#breadcrumb"},"inLanguage":"de","potentialAction":[{"@type":"ReadAction","target":["https:\/\/sprayboothmanufacturer.com\/product\/7m-diesel-heated-spray-booth-4\/"]}]},{"@type":"ImageObject","inLanguage":"de","@id":"https:\/\/sprayboothmanufacturer.com\/product\/7m-diesel-heated-spray-booth-4\/#primaryimage","url":"https:\/\/sprayboothmanufacturer.com\/wp-content\/uploads\/2026\/01\/9411768716611_.pic_.jpg","contentUrl":"https:\/\/sprayboothmanufacturer.com\/wp-content\/uploads\/2026\/01\/9411768716611_.pic_.jpg","width":850,"height":850},{"@type":"BreadcrumbList","@id":"https:\/\/sprayboothmanufacturer.com\/product\/7m-diesel-heated-spray-booth-4\/#breadcrumb","itemListElement":[{"@type":"ListItem","position":1,"name":"Home","item":"https:\/\/sprayboothmanufacturer.com\/"},{"@type":"ListItem","position":2,"name":"\u4ea7\u54c1","item":"https:\/\/sprayboothmanufacturer.com\/shop__trashed\/"},{"@type":"ListItem","position":3,"name":"7m Diesel Heated Spray Booth \u2013 Professional Automotive Equipment Supplier with RIELLO G20 Burner &#038; 25,000 m\u00b3\/h Ventilation"}]},{"@type":"WebSite","@id":"https:\/\/sprayboothmanufacturer.com\/#website","url":"https:\/\/sprayboothmanufacturer.com\/","name":"Autoke-Deutschland Lackierkabinenhersteller","description":"","publisher":{"@id":"https:\/\/sprayboothmanufacturer.com\/#organization"},"potentialAction":[{"@type":"SearchAction","target":{"@type":"EntryPoint","urlTemplate":"https:\/\/sprayboothmanufacturer.com\/?s={search_term_string}"},"query-input":{"@type":"PropertyValueSpecification","valueRequired":true,"valueName":"search_term_string"}}],"inLanguage":"de"},{"@type":"Organization","@id":"https:\/\/sprayboothmanufacturer.com\/#organization","name":"Autoke-Deutschland Lackierkabinenhersteller","url":"https:\/\/sprayboothmanufacturer.com\/","logo":{"@type":"ImageObject","inLanguage":"de","@id":"https:\/\/sprayboothmanufacturer.com\/#\/schema\/logo\/image\/","url":"https:\/\/sprayboothmanufacturer.com\/wp-content\/uploads\/2025\/12\/\u5fae\u4fe1\u56fe\u7247_20260113195103_1750_4-scaled-e1768394147958.png","contentUrl":"https:\/\/sprayboothmanufacturer.com\/wp-content\/uploads\/2025\/12\/\u5fae\u4fe1\u56fe\u7247_20260113195103_1750_4-scaled-e1768394147958.png","width":1740,"height":538,"caption":"Autoke-China Paint Booth Manufacturer"},"image":{"@id":"https:\/\/sprayboothmanufacturer.com\/#\/schema\/logo\/image\/"}}]}},"_links":{"self":[{"href":"https:\/\/sprayboothmanufacturer.com\/de\/wp-json\/wp\/v2\/product\/3371","targetHints":{"allow":["GET"]}}],"collection":[{"href":"https:\/\/sprayboothmanufacturer.com\/de\/wp-json\/wp\/v2\/product"}],"about":[{"href":"https:\/\/sprayboothmanufacturer.com\/de\/wp-json\/wp\/v2\/types\/product"}],"replies":[{"embeddable":true,"href":"https:\/\/sprayboothmanufacturer.com\/de\/wp-json\/wp\/v2\/comments?post=3371"}],"version-history":[{"count":1,"href":"https:\/\/sprayboothmanufacturer.com\/de\/wp-json\/wp\/v2\/product\/3371\/revisions"}],"predecessor-version":[{"id":3372,"href":"https:\/\/sprayboothmanufacturer.com\/de\/wp-json\/wp\/v2\/product\/3371\/revisions\/3372"}],"wp:featuredmedia":[{"embeddable":true,"href":"https:\/\/sprayboothmanufacturer.com\/de\/wp-json\/wp\/v2\/media\/2829"}],"wp:attachment":[{"href":"https:\/\/sprayboothmanufacturer.com\/de\/wp-json\/wp\/v2\/media?parent=3371"}],"wp:term":[{"taxonomy":"product_brand","embeddable":true,"href":"https:\/\/sprayboothmanufacturer.com\/de\/wp-json\/wp\/v2\/product_brand?post=3371"},{"taxonomy":"product_cat","embeddable":true,"href":"https:\/\/sprayboothmanufacturer.com\/de\/wp-json\/wp\/v2\/product_cat?post=3371"},{"taxonomy":"product_tag","embeddable":true,"href":"https:\/\/sprayboothmanufacturer.com\/de\/wp-json\/wp\/v2\/product_tag?post=3371"}],"curies":[{"name":"wp","href":"https:\/\/api.w.org\/{rel}","templated":true}]}}