{"id":3367,"date":"2026-02-25T02:38:48","date_gmt":"2026-02-25T02:38:48","guid":{"rendered":"https:\/\/sprayboothmanufacturer.com\/?post_type=product&#038;p=3367"},"modified":"2026-02-25T02:38:48","modified_gmt":"2026-02-25T02:38:48","slug":"9m-luxury-diesel-heated-spray-booth","status":"publish","type":"product","link":"https:\/\/sprayboothmanufacturer.com\/de\/product\/9m-luxury-diesel-heated-spray-booth\/","title":{"rendered":"9 m Luxus Diesel beheizte Spritzkabine \u2013 Professioneller Automobiltechnik-Lieferant mit 30.000 m\u00b3\/h Bel\u00fcftung"},"content":{"rendered":"<table style=\"height: 288px;\" width=\"735\">\n<tbody>\n<tr>\n<td width=\"142\"><strong><b>Mindestbestellmenge :<\/b><\/strong><\/td>\n<td width=\"142\">1 St\u00fcck<\/td>\n<td width=\"142\"><strong><b>Preis :<\/b><\/strong><\/td>\n<td width=\"142\">Verhandlungssache<\/td>\n<\/tr>\n<tr>\n<td width=\"142\"><strong><b>Verpackungsdetails :<\/b><\/strong><\/td>\n<td width=\"142\">40G oder 20GP\/Einheit<\/td>\n<td width=\"142\"><strong><b>Lieferzeit :<\/b><\/strong><\/td>\n<td width=\"142\">15 Tage, Verhandlungssache<\/td>\n<\/tr>\n<tr>\n<td width=\"142\"><strong><b>Zahlungsbedingungen :<\/b><\/strong><\/td>\n<td width=\"142\">L\/C, T\/T<\/td>\n<td width=\"142\"><strong><b>Lieferf\u00e4higkeit :<\/b><\/strong><\/td>\n<td width=\"142\">50 Einheiten\/Einheiten pro Monat Industrielle Spr\u00fchkabine Bus-Spr\u00fchkabine<\/td>\n<\/tr>\n<tr>\n<td width=\"142\"><strong><b>Herkunftsland:<\/b><\/strong><\/td>\n<td width=\"142\">Jiangsu, China<\/td>\n<td width=\"142\"><strong><b>Markenname:<\/b><\/strong><\/td>\n<td width=\"142\">Autoke<\/td>\n<\/tr>\n<tr>\n<td width=\"142\"><strong><b>Zertifizierung:<\/b><\/strong><\/td>\n<td width=\"142\">CE<\/td>\n<td width=\"142\"><strong><b>Modellnummer:<\/b><\/strong><\/td>\n<td width=\"142\">ATK-L9-016D<\/td>\n<\/tr>\n<\/tbody>\n<\/table>\n<h4><strong>\u00dcbersicht<\/strong><\/h4>\n<p class=\"ds-markdown-paragraph\">Die\u00a0<strong>Autoke 9m Luxus-Spr\u00fchkabine<\/strong>\u00a0ist so konstruiert, dass es die gr\u00f6\u00dften Fahrzeuge und Industriekomponenten aufnehmen kann. Mit einem ger\u00e4umigen Innenraum von 8900\u00d75900\u00d74300mm bietet diese Kabine ausreichend Platz f\u00fcr LKWs, Busse, Baumaschinen und mehr. Ausgestattet mit einem Hochleistungs-Bel\u00fcftungssystem, effizienter RIELLO G20 Dieselk\u00fchlung, verbesserter LED-Beleuchtung und umfassender Filtration sorgt sie f\u00fcr eine \u00fcberlegene Oberfl\u00e4chenqualit\u00e4t und schnelle Durchlaufzeiten. Hergestellt aus robusten Materialien und Komponenten, ist diese Kabine ideal f\u00fcr gewerbliche Werkst\u00e4tten, die maximale Kapazit\u00e4t und Zuverl\u00e4ssigkeit ben\u00f6tigen.<\/p>\n<hr \/>\n<h4><strong>Hauptmerkmale<\/strong><\/h4>\n<ul>\n<li>\n<p class=\"ds-markdown-paragraph\"><strong>Schwere Bauweise<\/strong><\/p>\n<ul>\n<li>\n<p class=\"ds-markdown-paragraph\">Wandpaneele: 5cm dicke Hochdichte-Isolationspaneele mit 0,5mm Stahlabdeckungen \u2013 feuerfest, schalldicht und thermisch isoliert.<\/p>\n<\/li>\n<li>\n<p class=\"ds-markdown-paragraph\">Verzinkte Stahl-Dachpaneele, brandschutzbehandelt.<\/p>\n<\/li>\n<li>\n<p class=\"ds-markdown-paragraph\">Schweres Untergeschoss mit konvexer Stahlplattform, vollst\u00e4ndige Reihen verzinkter Flachstahlgitter (lackiert zum Rostschutz).<\/p>\n<\/li>\n<li>\n<p class=\"ds-markdown-paragraph\">Verst\u00e4rkt mit 4\u00d78 verzinkten Quadratrohrenbeinen und zus\u00e4tzlichen Hilfsbeinen f\u00fcr eine Kapazit\u00e4t von 5+ Tonnen.<\/p>\n<\/li>\n<li>\n<p class=\"ds-markdown-paragraph\">3\u00d75 Stahlgitter (schwarz lackiert) und 2 Antirutschplatten (blau lackiert) f\u00fcr sicheren Zugang f\u00fcr Bediener.<\/p>\n<\/li>\n<li>\n<p class=\"ds-markdown-paragraph\">Boden mit Baumwollschicht f\u00fcr verbesserte Filtration.<\/p>\n<\/li>\n<\/ul>\n<\/li>\n<li>\n<p class=\"ds-markdown-paragraph\"><strong>Luxus-Obere Struktur<\/strong><\/p>\n<ul>\n<li>\n<p class=\"ds-markdown-paragraph\">Haupttr\u00e4ger, Lichtk\u00e4sten, Filterwattegestelle und Halterungen werden mit Spr\u00fchbeschichtung gegen Rost und f\u00fcr \u00e4sthetischen Reiz behandelt.<\/p>\n<\/li>\n<li>\n<p class=\"ds-markdown-paragraph\">Erh\u00f6hte Haltbarkeit und professionelles Erscheinungsbild.<\/p>\n<\/li>\n<\/ul>\n<\/li>\n<li>\n<p class=\"ds-markdown-paragraph\"><strong>Leistungsstarkes Bel\u00fcftungssystem<\/strong><\/p>\n<ul>\n<li>\n<p class=\"ds-markdown-paragraph\"><strong>Ansaugung:<\/strong>\u00a02\u00d75,5KW YDW Doppelansaug-Zentrifugalventilatoren, Gesamtluftstrom 30.000 m\u00b3\/h \u2013 f\u00fcr optimale Luftverteilung in der gro\u00dfen Kabine.<\/p>\n<\/li>\n<li>\n<p class=\"ds-markdown-paragraph\"><strong>Auspuff:<\/strong>\u00a01\u00d75,5KW YDW-Abluft-Zentrifugalventilator f\u00fcr effiziente Entfernung von Overspray und D\u00e4mpfen.<\/p>\n<\/li>\n<li>\n<p class=\"ds-markdown-paragraph\">Luxusventilatorenbox-Konstruktion f\u00fcr reduzierte Ger\u00e4uschentwicklung und verbesserte Haltbarkeit.<\/p>\n<\/li>\n<li>\n<p class=\"ds-markdown-paragraph\">Geh\u00e4usema\u00dfe: 1,1\u00d72,2 m, kann auf der linken, rechten oder hinteren Seite der Kabine installiert werden.<\/p>\n<\/li>\n<li>\n<p class=\"ds-markdown-paragraph\">Inklusive 90\u00b0 Bogenkanal.<\/p>\n<\/li>\n<\/ul>\n<\/li>\n<li>\n<p class=\"ds-markdown-paragraph\"><strong>Effiziente Dieselheizung<\/strong><\/p>\n<ul>\n<li>\n<p class=\"ds-markdown-paragraph\"><strong>Brenner:<\/strong>\u00a0RIELLO G20 Diesel\u00f6lbrenner, bekannt f\u00fcr Zuverl\u00e4ssigkeit und Effizienz.<\/p>\n<\/li>\n<li>\n<p class=\"ds-markdown-paragraph\">Heizzeit: 5\u20138 Minuten, um 40\u00b0C zu erreichen; maximale Backtemperatur 80\u00b0C.<\/p>\n<\/li>\n<li>\n<p class=\"ds-markdown-paragraph\">Ideal f\u00fcr schnelles Aush\u00e4rten von Farben und Beschichtungen in kalten Umgebungen.<\/p>\n<\/li>\n<\/ul>\n<\/li>\n<li>\n<p class=\"ds-markdown-paragraph\"><strong>Super-gro\u00dfer Zugang<\/strong><\/p>\n<ul>\n<li>\n<p class=\"ds-markdown-paragraph\">Haupttor: Dreiteilige Metall-Vordert\u00fcren mit Sicherheitsglasfenstern (3000\u00d72500mm) f\u00fcr einfaches Be- und Entladen gro\u00dfer Fahrzeuge.<\/p>\n<\/li>\n<li>\n<p class=\"ds-markdown-paragraph\">Seitent\u00fcr f\u00fcr Sicherheit: 80\u00d7170cm f\u00fcr Notausgang und bequemen Zugang.<\/p>\n<\/li>\n<\/ul>\n<\/li>\n<li>\n<p class=\"ds-markdown-paragraph\"><strong>Verbesserte Beleuchtung<\/strong><\/p>\n<ul>\n<li>\n<p class=\"ds-markdown-paragraph\">Decke: 24\u00d718W LED-Leuchten (8 Gruppen \u00e0 3) in einem 45\u00b0 Winkel f\u00fcr gleichm\u00e4\u00dfige Deckenbeleuchtung im gesamten Arbeitsbereich.<\/p>\n<\/li>\n<li>\n<p class=\"ds-markdown-paragraph\">Seitenw\u00e4nde: 8\u00d748W LED-Leuchten eliminieren Schatten und verbessern die Sichtbarkeit bei detaillierter Arbeit an gro\u00dfen Fl\u00e4chen.<\/p>\n<\/li>\n<\/ul>\n<\/li>\n<li>\n<p class=\"ds-markdown-paragraph\"><strong>Mehrstufiges Filtersystem<\/strong><\/p>\n<ul>\n<li>\n<p class=\"ds-markdown-paragraph\"><strong>Prim\u00e4rfilter:<\/strong>\u00a0F\u00e4ngt Partikel &gt;10\u03bcm auf, Filterrate &gt;90%.<\/p>\n<\/li>\n<li>\n<p class=\"ds-markdown-paragraph\"><strong>Deckenfilter (wei\u00df):<\/strong>\u00a0F\u00e4ngt Partikel &gt;4\u03bcm auf, Filterrate &gt;98% (1 St\u00fcck inklusive).<\/p>\n<\/li>\n<li>\n<p class=\"ds-markdown-paragraph\"><strong>Bodenfilter (blau):<\/strong>\u00a0Mehrlagiger Glasfaserfilter, Filterrate &gt;90% (2 St\u00fcck inklusive).<\/p>\n<\/li>\n<li>\n<p class=\"ds-markdown-paragraph\">Sichert eine saubere Malumgebung und eine hochwertige Oberfl\u00e4che.<\/p>\n<\/li>\n<\/ul>\n<\/li>\n<li>\n<p class=\"ds-markdown-paragraph\"><strong>Intelligentes Steuerungssystem<\/strong><\/p>\n<ul>\n<li>\n<p class=\"ds-markdown-paragraph\">Benutzerfreundliches Bedienfeld mit Schaltern f\u00fcr Beleuchtung, Malen, Backmodi, Temperaturregelung, Timer und Not-Aus.<\/p>\n<\/li>\n<li>\n<p class=\"ds-markdown-paragraph\">Echtzeit\u00fcberwachung und -anpassung f\u00fcr optimalen Betrieb.<\/p>\n<\/li>\n<\/ul>\n<\/li>\n<li>\n<p class=\"ds-markdown-paragraph\"><strong>Elektrik &amp; Leistung<\/strong><\/p>\n<ul>\n<li>\n<p class=\"ds-markdown-paragraph\">Spannung: 220V\/380V, 50Hz kompatibel.<\/p>\n<\/li>\n<li>\n<p class=\"ds-markdown-paragraph\">Professionelle Komponenten f\u00fcr den kontinuierlichen gewerblichen Einsatz ausgelegt.<\/p>\n<\/li>\n<\/ul>\n<\/li>\n<\/ul>\n<hr \/>\n<h4><strong>Technische Spezifikationen<\/strong><\/h4>\n<div class=\"ds-scroll-area _1210dd7 c03cafe9\">\n<div class=\"ds-scroll-area__gutters\">\n<div class=\"ds-scroll-area__horizontal-gutter\"><\/div>\n<div class=\"ds-scroll-area__vertical-gutter\"><\/div>\n<\/div>\n<table>\n<thead>\n<tr>\n<th>Parameter<\/th>\n<th>Details<\/th>\n<\/tr>\n<\/thead>\n<tbody>\n<tr>\n<td><strong>Modell<\/strong><\/td>\n<td>ATK-L9-016D<\/td>\n<\/tr>\n<tr>\n<td><strong>Au\u00dfenma\u00dfe (L\u00d7B\u00d7H)<\/strong><\/td>\n<td>9000\u00d76000\u00d75000 mm (Gebl\u00e4sekasten: 1100\u00d72200 mm)<\/td>\n<\/tr>\n<tr>\n<td><strong>Innenma\u00dfe (L\u00d7B\u00d7H)<\/strong><\/td>\n<td>8900\u00d75900\u00d74300 mm<\/td>\n<\/tr>\n<tr>\n<td><strong>Verpackungsgr\u00f6\u00dfe<\/strong><\/td>\n<td>4,2\u00d72,2\u00d72,1 m (19 CBM pro Modul)<\/td>\n<\/tr>\n<tr>\n<td><strong>Gewicht<\/strong><\/td>\n<td>Ca. 3500+ kg<\/td>\n<\/tr>\n<tr>\n<td><strong>Wandpaneel<\/strong><\/td>\n<td>50mm dicke Isolationspaneele, Stahlst\u00e4rke 0,5mm<\/td>\n<\/tr>\n<tr>\n<td><strong>Bodenroste<\/strong><\/td>\n<td>Vollreihen verzinkter Stahl, schwere Bauweise<\/td>\n<\/tr>\n<tr>\n<td><strong>Gehwege<\/strong><\/td>\n<td>2 Antirutschplatten, blau lackiert<\/td>\n<\/tr>\n<tr>\n<td><strong>Bel\u00fcftung<\/strong><\/td>\n<td>2\u00d75,5KW Ansaugventilatoren (30.000 m\u00b3\/h) + 1\u00d77,5KW Abluftventilator<\/td>\n<\/tr>\n<tr>\n<td><strong>Heizung<\/strong><\/td>\n<td>RIELLO G20 Dieselbrenner, max. 80\u00b0C<\/td>\n<\/tr>\n<tr>\n<td><strong>Beleuchtung<\/strong><\/td>\n<td>Decke: 38\u00d718W LED; Seitenw\u00e4nde: 16\u00d748W LED<\/td>\n<\/tr>\n<tr>\n<td><strong>T\u00fcren<\/strong><\/td>\n<td>Haupt: 3-fl\u00fcgeliges Metall mit Sicherheitsglas (3000\u00d72450mm); Seite: 80\u00d7200cm<\/td>\n<\/tr>\n<tr>\n<td><strong>Gebl\u00e4sekasten<\/strong><\/td>\n<td>Luxuri\u00f6se Konstruktion mit Spritzlackierung<\/td>\n<\/tr>\n<tr>\n<td><strong>Filtration<\/strong><\/td>\n<td>Prim\u00e4rfilter + Deckenseparator (1 St\u00fcck) + Bodenfilter (2 St\u00fcck)<\/td>\n<\/tr>\n<tr>\n<td><strong>Steuerungssystem<\/strong><\/td>\n<td>Intelligentes Panel mit Timer, Temperaturregelung, Not-Aus<\/td>\n<\/tr>\n<tr>\n<td><strong>Spannung\/Frequenz<\/strong><\/td>\n<td>220V\/380V, 50Hz<\/td>\n<\/tr>\n<tr>\n<td><strong>Farboptionen<\/strong><\/td>\n<td>Rot, Blau, Wei\u00df, Grau, Orange usw.<\/td>\n<\/tr>\n<tr>\n<td><strong>Garantie<\/strong><\/td>\n<td>12 Monate ab B\/L-Datum<\/td>\n<\/tr>\n<tr>\n<td><strong>Lieferzeit<\/strong><\/td>\n<td>30 Tage nach Zahlung (EXW)<\/td>\n<\/tr>\n<tr>\n<td><strong>Versand<\/strong><\/td>\n<td>Kundenspezifische Containerbeladungsl\u00f6sung f\u00fcr \u00fcberdimensionierte Kabinen<\/td>\n<\/tr>\n<\/tbody>\n<\/table>\n<\/div>\n<hr \/>\n<h4><strong>Warum Autoke Luxus-Spritzkabine w\u00e4hlen?<\/strong><\/h4>\n<ul>\n<li>\n<p class=\"ds-markdown-paragraph\">\u2705\u00a0<strong>Direktlieferung vom Hersteller<\/strong>\u00a0\u2013 Wettbewerbsf\u00e4hige Preise ohne Zwischenh\u00e4ndler<\/p>\n<\/li>\n<li>\n<p class=\"ds-markdown-paragraph\">\u2705\u00a0<strong>OEM-Individualisierungsl\u00f6sungen<\/strong>\u00a0\u2013 Gr\u00f6\u00dfe, Farbe und Zubeh\u00f6r an Ihre Bed\u00fcrfnisse anpassen<\/p>\n<\/li>\n<li>\n<p class=\"ds-markdown-paragraph\">\u2705\u00a0<strong>One-Stop-L\u00f6sung<\/strong>\u00a0\u2013 Von der Struktur bis zur Heizung und Bel\u00fcftung f\u00fcr gro\u00dfe Fahrzeuge<\/p>\n<\/li>\n<li>\n<p class=\"ds-markdown-paragraph\">\u2705\u00a0<strong>Hersteller von Industrieausr\u00fcstung<\/strong>\u00a0\u2013 Bew\u00e4hrte Qualit\u00e4t und Zuverl\u00e4ssigkeit<\/p>\n<\/li>\n<li>\n<p class=\"ds-markdown-paragraph\">\u2705\u00a0<strong>Entwickelt f\u00fcr den schweren gewerblichen Einsatz<\/strong>\u00a0\u2013 Schwerlastkomponenten f\u00fcr den Dauerbetrieb<\/p>\n<\/li>\n<li>\n<p class=\"ds-markdown-paragraph\">\u2705\u00a0<strong>Verbesserte Beleuchtung<\/strong>\u00a0\u2013 38 Deckenleuchten + 16 Seitenleuchten f\u00fcr optimale Sichtbarkeit<\/p>\n<\/li>\n<li>\n<p class=\"ds-markdown-paragraph\">\u2705\u00a0<strong>Enorme Kapazit\u00e4t<\/strong>\u00a0\u2013 Platz f\u00fcr Lastwagen, Busse und gro\u00dfe Industrieanlagen<\/p>\n<\/li>\n<li>\n<p class=\"ds-markdown-paragraph\">\u2705\u00a0<strong>Weltweiter Versand<\/strong>\u00a0\u2013 Professionelle Containerbeladungsl\u00f6sungen f\u00fcr \u00fcberdimensionierte Ger\u00e4te<\/p>\n<\/li>\n<\/ul>\n<hr \/>\n<h4><strong>Anwendungen<\/strong><\/h4>\n<ul>\n<li>\n<p class=\"ds-markdown-paragraph\">Lackierung und Neulackierung von Lastwagen und Bussen<\/p>\n<\/li>\n<li>\n<p class=\"ds-markdown-paragraph\">Beschichtung von schweren Ger\u00e4ten und Maschinen<\/p>\n<\/li>\n<li>\n<p class=\"ds-markdown-paragraph\">Karosseriewerkst\u00e4tten f\u00fcr Nutzfahrzeuge<\/p>\n<\/li>\n<li>\n<p class=\"ds-markdown-paragraph\">Industrielle Lackierstra\u00dfen f\u00fcr gro\u00dfe Bauteile<\/p>\n<\/li>\n<li>\n<p class=\"ds-markdown-paragraph\">Spezialisierte Lackierwerkst\u00e4tten f\u00fcr \u00fcberdimensionierte Artikel<\/p>\n<\/li>\n<\/ul>","protected":false},"excerpt":{"rendered":"<p>Die\u00a0<strong>Autoke 9m Luxus-Diesel-Hei\u00dfspritzkabine (Modell: ATK-L9-016D)<\/strong>\u00a0ist eine robuste Lackierl\u00f6sung, die f\u00fcr gro\u00dfe Fahrzeuge, LKWs, Busse und Industrieausr\u00fcstung konzipiert ist. Mit einem ger\u00e4umigen Innenraum (8900\u00d75900\u00d74300mm), leistungsstarkem Bel\u00fcftungssystem (2\u00d75,5KW Ansaug- + 1\u00d77,5KW Abluftventilatoren, 30.000 m\u00b3\/h Luftstrom), zuverl\u00e4ssigem RIELLO G20 Dieselmotorbrenner, verbesserter LED-Beleuchtung (38 Deckenleuchten + 16 Seitenleuchten) und mehrstufiger Filtration liefert diese Kabine professionelle Ergebnisse in anspruchsvollen Umgebungen. Direkt ab Werk \u2013 vollst\u00e4ndig an Ihre spezifischen Anforderungen anpassbar.<\/p>","protected":false},"featured_media":2259,"comment_status":"open","ping_status":"closed","template":"","meta":[],"product_brand":[76],"product_cat":[60,59],"product_tag":[89,93,69,86,64,70],"class_list":{"0":"post-3367","1":"product","2":"type-product","3":"status-publish","4":"has-post-thumbnail","6":"product_brand-autoke","7":"product_cat-car-spray-booth","8":"product_cat-spray-booth","9":"product_tag-baking-oven-for-bus","10":"product_tag-bus-spray-booth-baking-system","11":"product_tag-ce-car-spray-booth","12":"product_tag-commercial-vehicle-spray-booth","13":"product_tag-environmentally-friendly-car-spray-booth","14":"product_tag-high-quality-spray-booths","16":"first","17":"instock","18":"shipping-taxable","19":"product-type-simple"},"yoast_head":"<!-- This site is optimized with the Yoast SEO plugin v27.4 - https:\/\/yoast.com\/product\/yoast-seo-wordpress\/ -->\n<title>9m Luxury Diesel Heated Spray Booth \u2013 Professional Automotive Equipment Supplier with 30,000 m\u00b3\/h Ventilation - Autoke-China Paint Booth Manufacturer<\/title>\n<meta name=\"robots\" content=\"index, follow, max-snippet:-1, max-image-preview:large, max-video-preview:-1\" \/>\n<link rel=\"canonical\" href=\"https:\/\/sprayboothmanufacturer.com\/de\/product\/9m-luxury-diesel-heated-spray-booth\/\" \/>\n<meta property=\"og:locale\" content=\"de_DE\" \/>\n<meta property=\"og:type\" content=\"article\" \/>\n<meta property=\"og:title\" content=\"9m Luxury Diesel Heated Spray Booth \u2013 Professional Automotive Equipment Supplier with 30,000 m\u00b3\/h Ventilation - Autoke-China Paint Booth Manufacturer\" \/>\n<meta property=\"og:description\" content=\"The\u00a0Autoke 9m Luxury Diesel Heated Spray Booth (Model: ATK-L9-016D)\u00a0is a heavy-duty painting solution designed for large vehicles, trucks, buses, and industrial equipment. Featuring a spacious interior (8900\u00d75900\u00d74300mm), powerful ventilation system (2\u00d75.5KW intake + 1\u00d77.5KW exhaust fans, 30,000 m\u00b3\/h airflow), reliable RIELLO G20 diesel burner, enhanced LED lighting (38 ceiling lights + 16 side lights), and multi-stage filtration, this booth delivers professional-grade results in demanding environments. Factory direct \u2013 fully customizable for your specific requirements.\" \/>\n<meta property=\"og:url\" content=\"https:\/\/sprayboothmanufacturer.com\/de\/product\/9m-luxury-diesel-heated-spray-booth\/\" \/>\n<meta property=\"og:site_name\" content=\"Autoke-China Paint Booth Manufacturer\" \/>\n<meta property=\"og:image\" content=\"https:\/\/sprayboothmanufacturer.com\/wp-content\/uploads\/2025\/11\/5-1.png\" \/>\n\t<meta property=\"og:image:width\" content=\"850\" \/>\n\t<meta property=\"og:image:height\" content=\"850\" \/>\n\t<meta property=\"og:image:type\" content=\"image\/png\" \/>\n<meta name=\"twitter:card\" content=\"summary_large_image\" \/>\n<meta name=\"twitter:label1\" content=\"Gesch\u00e4tzte Lesezeit\" \/>\n\t<meta name=\"twitter:data1\" content=\"4\u00a0Minuten\" \/>\n<script type=\"application\/ld+json\" class=\"yoast-schema-graph\">{\"@context\":\"https:\\\/\\\/schema.org\",\"@graph\":[{\"@type\":\"WebPage\",\"@id\":\"https:\\\/\\\/sprayboothmanufacturer.com\\\/product\\\/9m-luxury-diesel-heated-spray-booth\\\/\",\"url\":\"https:\\\/\\\/sprayboothmanufacturer.com\\\/product\\\/9m-luxury-diesel-heated-spray-booth\\\/\",\"name\":\"9m Luxury Diesel Heated Spray Booth \u2013 Professional Automotive Equipment Supplier with 30,000 m\u00b3\\\/h Ventilation - Autoke-China Paint Booth Manufacturer\",\"isPartOf\":{\"@id\":\"https:\\\/\\\/sprayboothmanufacturer.com\\\/#website\"},\"primaryImageOfPage\":{\"@id\":\"https:\\\/\\\/sprayboothmanufacturer.com\\\/product\\\/9m-luxury-diesel-heated-spray-booth\\\/#primaryimage\"},\"image\":{\"@id\":\"https:\\\/\\\/sprayboothmanufacturer.com\\\/product\\\/9m-luxury-diesel-heated-spray-booth\\\/#primaryimage\"},\"thumbnailUrl\":\"https:\\\/\\\/sprayboothmanufacturer.com\\\/wp-content\\\/uploads\\\/2025\\\/11\\\/5-1.png\",\"datePublished\":\"2026-02-25T02:38:48+00:00\",\"breadcrumb\":{\"@id\":\"https:\\\/\\\/sprayboothmanufacturer.com\\\/product\\\/9m-luxury-diesel-heated-spray-booth\\\/#breadcrumb\"},\"inLanguage\":\"de\",\"potentialAction\":[{\"@type\":\"ReadAction\",\"target\":[\"https:\\\/\\\/sprayboothmanufacturer.com\\\/product\\\/9m-luxury-diesel-heated-spray-booth\\\/\"]}]},{\"@type\":\"ImageObject\",\"inLanguage\":\"de\",\"@id\":\"https:\\\/\\\/sprayboothmanufacturer.com\\\/product\\\/9m-luxury-diesel-heated-spray-booth\\\/#primaryimage\",\"url\":\"https:\\\/\\\/sprayboothmanufacturer.com\\\/wp-content\\\/uploads\\\/2025\\\/11\\\/5-1.png\",\"contentUrl\":\"https:\\\/\\\/sprayboothmanufacturer.com\\\/wp-content\\\/uploads\\\/2025\\\/11\\\/5-1.png\",\"width\":850,\"height\":850,\"caption\":\"Car Spray Booth\"},{\"@type\":\"BreadcrumbList\",\"@id\":\"https:\\\/\\\/sprayboothmanufacturer.com\\\/product\\\/9m-luxury-diesel-heated-spray-booth\\\/#breadcrumb\",\"itemListElement\":[{\"@type\":\"ListItem\",\"position\":1,\"name\":\"Home\",\"item\":\"https:\\\/\\\/sprayboothmanufacturer.com\\\/\"},{\"@type\":\"ListItem\",\"position\":2,\"name\":\"\u4ea7\u54c1\",\"item\":\"https:\\\/\\\/sprayboothmanufacturer.com\\\/shop__trashed\\\/\"},{\"@type\":\"ListItem\",\"position\":3,\"name\":\"9m Luxury Diesel Heated Spray Booth \u2013 Professional Automotive Equipment Supplier with 30,000 m\u00b3\\\/h Ventilation\"}]},{\"@type\":\"WebSite\",\"@id\":\"https:\\\/\\\/sprayboothmanufacturer.com\\\/#website\",\"url\":\"https:\\\/\\\/sprayboothmanufacturer.com\\\/\",\"name\":\"Autoke-China Paint Booth Manufacturer\",\"description\":\"\",\"publisher\":{\"@id\":\"https:\\\/\\\/sprayboothmanufacturer.com\\\/#organization\"},\"potentialAction\":[{\"@type\":\"SearchAction\",\"target\":{\"@type\":\"EntryPoint\",\"urlTemplate\":\"https:\\\/\\\/sprayboothmanufacturer.com\\\/?s={search_term_string}\"},\"query-input\":{\"@type\":\"PropertyValueSpecification\",\"valueRequired\":true,\"valueName\":\"search_term_string\"}}],\"inLanguage\":\"de\"},{\"@type\":\"Organization\",\"@id\":\"https:\\\/\\\/sprayboothmanufacturer.com\\\/#organization\",\"name\":\"Autoke-China Paint Booth Manufacturer\",\"url\":\"https:\\\/\\\/sprayboothmanufacturer.com\\\/\",\"logo\":{\"@type\":\"ImageObject\",\"inLanguage\":\"de\",\"@id\":\"https:\\\/\\\/sprayboothmanufacturer.com\\\/#\\\/schema\\\/logo\\\/image\\\/\",\"url\":\"https:\\\/\\\/sprayboothmanufacturer.com\\\/wp-content\\\/uploads\\\/2025\\\/12\\\/\u5fae\u4fe1\u56fe\u7247_20260113195103_1750_4-scaled-e1768394147958.png\",\"contentUrl\":\"https:\\\/\\\/sprayboothmanufacturer.com\\\/wp-content\\\/uploads\\\/2025\\\/12\\\/\u5fae\u4fe1\u56fe\u7247_20260113195103_1750_4-scaled-e1768394147958.png\",\"width\":1740,\"height\":538,\"caption\":\"Autoke-China Paint Booth Manufacturer\"},\"image\":{\"@id\":\"https:\\\/\\\/sprayboothmanufacturer.com\\\/#\\\/schema\\\/logo\\\/image\\\/\"}}]}<\/script>\n<!-- \/ Yoast SEO plugin. -->","yoast_head_json":{"title":"9m Luxus-Diesel-Hei\u00dfspritzkabine \u2013 Professioneller Automobiltechnik-Lieferant mit 30.000 m\u00b3\/h Bel\u00fcftung - Autoke-Hersteller f\u00fcr Lackierkabinen","robots":{"index":"index","follow":"follow","max-snippet":"max-snippet:-1","max-image-preview":"max-image-preview:large","max-video-preview":"max-video-preview:-1"},"canonical":"https:\/\/sprayboothmanufacturer.com\/de\/product\/9m-luxury-diesel-heated-spray-booth\/","og_locale":"de_DE","og_type":"article","og_title":"9m Luxury Diesel Heated Spray Booth \u2013 Professional Automotive Equipment Supplier with 30,000 m\u00b3\/h Ventilation - Autoke-China Paint Booth Manufacturer","og_description":"The\u00a0Autoke 9m Luxury Diesel Heated Spray Booth (Model: ATK-L9-016D)\u00a0is a heavy-duty painting solution designed for large vehicles, trucks, buses, and industrial equipment. Featuring a spacious interior (8900\u00d75900\u00d74300mm), powerful ventilation system (2\u00d75.5KW intake + 1\u00d77.5KW exhaust fans, 30,000 m\u00b3\/h airflow), reliable RIELLO G20 diesel burner, enhanced LED lighting (38 ceiling lights + 16 side lights), and multi-stage filtration, this booth delivers professional-grade results in demanding environments. Factory direct \u2013 fully customizable for your specific requirements.","og_url":"https:\/\/sprayboothmanufacturer.com\/de\/product\/9m-luxury-diesel-heated-spray-booth\/","og_site_name":"Autoke-China Paint Booth Manufacturer","og_image":[{"width":850,"height":850,"url":"https:\/\/sprayboothmanufacturer.com\/wp-content\/uploads\/2025\/11\/5-1.png","type":"image\/png"}],"twitter_card":"summary_large_image","twitter_misc":{"Gesch\u00e4tzte Lesezeit":"4\u00a0Minuten"},"schema":{"@context":"https:\/\/schema.org","@graph":[{"@type":"WebPage","@id":"https:\/\/sprayboothmanufacturer.com\/product\/9m-luxury-diesel-heated-spray-booth\/","url":"https:\/\/sprayboothmanufacturer.com\/product\/9m-luxury-diesel-heated-spray-booth\/","name":"9m Luxus-Diesel-Hei\u00dfspritzkabine \u2013 Professioneller Automobiltechnik-Lieferant mit 30.000 m\u00b3\/h Bel\u00fcftung - Autoke-Hersteller f\u00fcr Lackierkabinen","isPartOf":{"@id":"https:\/\/sprayboothmanufacturer.com\/#website"},"primaryImageOfPage":{"@id":"https:\/\/sprayboothmanufacturer.com\/product\/9m-luxury-diesel-heated-spray-booth\/#primaryimage"},"image":{"@id":"https:\/\/sprayboothmanufacturer.com\/product\/9m-luxury-diesel-heated-spray-booth\/#primaryimage"},"thumbnailUrl":"https:\/\/sprayboothmanufacturer.com\/wp-content\/uploads\/2025\/11\/5-1.png","datePublished":"2026-02-25T02:38:48+00:00","breadcrumb":{"@id":"https:\/\/sprayboothmanufacturer.com\/product\/9m-luxury-diesel-heated-spray-booth\/#breadcrumb"},"inLanguage":"de","potentialAction":[{"@type":"ReadAction","target":["https:\/\/sprayboothmanufacturer.com\/product\/9m-luxury-diesel-heated-spray-booth\/"]}]},{"@type":"ImageObject","inLanguage":"de","@id":"https:\/\/sprayboothmanufacturer.com\/product\/9m-luxury-diesel-heated-spray-booth\/#primaryimage","url":"https:\/\/sprayboothmanufacturer.com\/wp-content\/uploads\/2025\/11\/5-1.png","contentUrl":"https:\/\/sprayboothmanufacturer.com\/wp-content\/uploads\/2025\/11\/5-1.png","width":850,"height":850,"caption":"Car Spray Booth"},{"@type":"BreadcrumbList","@id":"https:\/\/sprayboothmanufacturer.com\/product\/9m-luxury-diesel-heated-spray-booth\/#breadcrumb","itemListElement":[{"@type":"ListItem","position":1,"name":"Home","item":"https:\/\/sprayboothmanufacturer.com\/"},{"@type":"ListItem","position":2,"name":"\u4ea7\u54c1","item":"https:\/\/sprayboothmanufacturer.com\/shop__trashed\/"},{"@type":"ListItem","position":3,"name":"9m Luxury Diesel Heated Spray Booth \u2013 Professional Automotive Equipment Supplier with 30,000 m\u00b3\/h Ventilation"}]},{"@type":"WebSite","@id":"https:\/\/sprayboothmanufacturer.com\/#website","url":"https:\/\/sprayboothmanufacturer.com\/","name":"Autoke-Deutschland Lackierkabinenhersteller","description":"","publisher":{"@id":"https:\/\/sprayboothmanufacturer.com\/#organization"},"potentialAction":[{"@type":"SearchAction","target":{"@type":"EntryPoint","urlTemplate":"https:\/\/sprayboothmanufacturer.com\/?s={search_term_string}"},"query-input":{"@type":"PropertyValueSpecification","valueRequired":true,"valueName":"search_term_string"}}],"inLanguage":"de"},{"@type":"Organization","@id":"https:\/\/sprayboothmanufacturer.com\/#organization","name":"Autoke-Deutschland Lackierkabinenhersteller","url":"https:\/\/sprayboothmanufacturer.com\/","logo":{"@type":"ImageObject","inLanguage":"de","@id":"https:\/\/sprayboothmanufacturer.com\/#\/schema\/logo\/image\/","url":"https:\/\/sprayboothmanufacturer.com\/wp-content\/uploads\/2025\/12\/\u5fae\u4fe1\u56fe\u7247_20260113195103_1750_4-scaled-e1768394147958.png","contentUrl":"https:\/\/sprayboothmanufacturer.com\/wp-content\/uploads\/2025\/12\/\u5fae\u4fe1\u56fe\u7247_20260113195103_1750_4-scaled-e1768394147958.png","width":1740,"height":538,"caption":"Autoke-China Paint Booth Manufacturer"},"image":{"@id":"https:\/\/sprayboothmanufacturer.com\/#\/schema\/logo\/image\/"}}]}},"_links":{"self":[{"href":"https:\/\/sprayboothmanufacturer.com\/de\/wp-json\/wp\/v2\/product\/3367","targetHints":{"allow":["GET"]}}],"collection":[{"href":"https:\/\/sprayboothmanufacturer.com\/de\/wp-json\/wp\/v2\/product"}],"about":[{"href":"https:\/\/sprayboothmanufacturer.com\/de\/wp-json\/wp\/v2\/types\/product"}],"replies":[{"embeddable":true,"href":"https:\/\/sprayboothmanufacturer.com\/de\/wp-json\/wp\/v2\/comments?post=3367"}],"version-history":[{"count":1,"href":"https:\/\/sprayboothmanufacturer.com\/de\/wp-json\/wp\/v2\/product\/3367\/revisions"}],"predecessor-version":[{"id":3368,"href":"https:\/\/sprayboothmanufacturer.com\/de\/wp-json\/wp\/v2\/product\/3367\/revisions\/3368"}],"wp:featuredmedia":[{"embeddable":true,"href":"https:\/\/sprayboothmanufacturer.com\/de\/wp-json\/wp\/v2\/media\/2259"}],"wp:attachment":[{"href":"https:\/\/sprayboothmanufacturer.com\/de\/wp-json\/wp\/v2\/media?parent=3367"}],"wp:term":[{"taxonomy":"product_brand","embeddable":true,"href":"https:\/\/sprayboothmanufacturer.com\/de\/wp-json\/wp\/v2\/product_brand?post=3367"},{"taxonomy":"product_cat","embeddable":true,"href":"https:\/\/sprayboothmanufacturer.com\/de\/wp-json\/wp\/v2\/product_cat?post=3367"},{"taxonomy":"product_tag","embeddable":true,"href":"https:\/\/sprayboothmanufacturer.com\/de\/wp-json\/wp\/v2\/product_tag?post=3367"}],"curies":[{"name":"wp","href":"https:\/\/api.w.org\/{rel}","templated":true}]}}