{"id":3356,"date":"2026-02-24T03:14:07","date_gmt":"2026-02-24T03:14:07","guid":{"rendered":"https:\/\/sprayboothmanufacturer.com\/?post_type=product&#038;p=3356"},"modified":"2026-02-24T03:14:07","modified_gmt":"2026-02-24T03:14:07","slug":"7-5m-diesel-heated-spray-booth","status":"publish","type":"product","link":"https:\/\/sprayboothmanufacturer.com\/de\/product\/7-5m-diesel-heated-spray-booth\/","title":{"rendered":"7,5 m Diesel beheizte Spritzkabine \u2013 Professioneller Automobiltechnik-Lieferant mit RIELLO Brenner &amp; Bel\u00fcftungssystem"},"content":{"rendered":"<table style=\"height: 309px;\" width=\"835\">\n<tbody>\n<tr>\n<td width=\"142\"><strong><b>Mindestbestellmenge :<\/b><\/strong><\/td>\n<td width=\"142\">1 St\u00fcck<\/td>\n<td width=\"142\"><strong><b>Preis :<\/b><\/strong><\/td>\n<td width=\"142\">Verhandlungssache<\/td>\n<\/tr>\n<tr>\n<td width=\"142\"><strong><b>Verpackungsdetails :<\/b><\/strong><\/td>\n<td width=\"142\">40G oder 20GP\/Einheit<\/td>\n<td width=\"142\"><strong><b>Lieferzeit :<\/b><\/strong><\/td>\n<td width=\"142\">15 Tage, Verhandlungssache<\/td>\n<\/tr>\n<tr>\n<td width=\"142\"><strong><b>Zahlungsbedingungen :<\/b><\/strong><\/td>\n<td width=\"142\">L\/C, T\/T<\/td>\n<td width=\"142\"><strong><b>Lieferf\u00e4higkeit :<\/b><\/strong><\/td>\n<td width=\"142\">50 Einheiten\/Einheiten pro Monat Industrielle Spr\u00fchkabine Bus-Spr\u00fchkabine<\/td>\n<\/tr>\n<tr>\n<td width=\"142\"><strong><b>Herkunftsland:<\/b><\/strong><\/td>\n<td width=\"142\">Jiangsu, China<\/td>\n<td width=\"142\"><strong><b>Markenname:<\/b><\/strong><\/td>\n<td width=\"142\">Autoke<\/td>\n<\/tr>\n<tr>\n<td width=\"142\"><strong><b>Zertifizierung:<\/b><\/strong><\/td>\n<td width=\"142\">CE<\/td>\n<td width=\"142\"><strong><b>Modellnummer:<\/b><\/strong><\/td>\n<td width=\"142\">ATK-LS75-011D<\/td>\n<\/tr>\n<\/tbody>\n<\/table>\n<h4><strong>\u00dcbersicht<\/strong><\/h4>\n<p class=\"ds-markdown-paragraph\">Die\u00a0<strong>Autoke Luxus-Spritzkabine mit Dieselheizung<\/strong>\u00a0verbindet robuste Konstruktion, effizienten Luftstrom und zuverl\u00e4ssige Heizung, um konsistente Mal- und Trockenergebnisse zu liefern. Ausgestattet mit einem RIELLO G20 Dieselbrenner, Doppelansaugventilatoren und einem Hochleistungsexhaustor, ist diese Kabine ideal f\u00fcr Werkst\u00e4tten, die schnelle Durchlaufzeiten und professionelle Oberfl\u00e4chen ben\u00f6tigen. Das ger\u00e4umige Innere (6900\u00d74900\u00d72800mm) bietet Platz f\u00fcr gro\u00dfe Fahrzeuge und Ger\u00e4te, w\u00e4hrend das fortschrittliche Steuerungssystem und die umfassende Filtration eine saubere, sichere Arbeitsumgebung gew\u00e4hrleisten.<\/p>\n<hr \/>\n<h4><strong>Hauptmerkmale<\/strong><\/h4>\n<ul>\n<li>\n<p class=\"ds-markdown-paragraph\"><strong>Robuste Konstruktion<\/strong><\/p>\n<ul>\n<li>\n<p class=\"ds-markdown-paragraph\">Wandpaneele: 5cm hochdichte Steinwolle (100 kg\/m\u00b3) mit 0,48mm Stahlabdeckungen \u2013 feuerfest, schalldicht und thermisch isolierend.<\/p>\n<\/li>\n<li>\n<p class=\"ds-markdown-paragraph\">Verzinkte Stahl-Dachpaneele, brandschutzbehandelt.<\/p>\n<\/li>\n<li>\n<p class=\"ds-markdown-paragraph\">Schwerlast-Keller mit verzinkter Stahlplattform, drei Reihen flacher Stahlgitter (rostgesch\u00fctzt behandelt) und zwei Reihen Gehwege (5mm Dicke).<\/p>\n<\/li>\n<li>\n<p class=\"ds-markdown-paragraph\">Vier Hilfsbeine bieten zus\u00e4tzliche Unterst\u00fctzung, Tragf\u00e4higkeit bis zu 5 Tonnen.<\/p>\n<\/li>\n<\/ul>\n<\/li>\n<li>\n<p class=\"ds-markdown-paragraph\"><strong>Leistungsstarkes Bel\u00fcftungssystem<\/strong><\/p>\n<ul>\n<li>\n<p class=\"ds-markdown-paragraph\"><strong>Ansaugung:<\/strong>\u00a02\u00d74KW YDW Doppelansaug-Zentrifugalventilatoren, die hohen Luftstrom f\u00fcr eine optimale Luftverteilung liefern.<\/p>\n<\/li>\n<li>\n<p class=\"ds-markdown-paragraph\"><strong>Auspuff:<\/strong>\u00a01\u00d75,5KW YDW Zentrifugalventilator, der eine effiziente Entfernung von Overspray und D\u00e4mpfen gew\u00e4hrleistet.<\/p>\n<\/li>\n<li>\n<p class=\"ds-markdown-paragraph\">Ventilatorenbox aus 1 mm verzinktem Blech mit Quadratrohrrahmen, spraybeschichtet f\u00fcr Langlebigkeit.<\/p>\n<\/li>\n<li>\n<p class=\"ds-markdown-paragraph\">Geh\u00e4usema\u00dfe: 1,1\u00d72,2 m, kann auf der linken, rechten oder hinteren Seite der Kabine installiert werden.<\/p>\n<\/li>\n<li>\n<p class=\"ds-markdown-paragraph\">Inklusive 90\u00b0 Bogenkanal.<\/p>\n<\/li>\n<\/ul>\n<\/li>\n<li>\n<p class=\"ds-markdown-paragraph\"><strong>Effiziente Dieselheizung<\/strong><\/p>\n<ul>\n<li>\n<p class=\"ds-markdown-paragraph\"><strong>Brenner:<\/strong>\u00a0RIELLO G20 Diesel\u00f6lbrenner, bekannt f\u00fcr Zuverl\u00e4ssigkeit und Effizienz.<\/p>\n<\/li>\n<li>\n<p class=\"ds-markdown-paragraph\">Heizzeit: 5\u20138 Minuten, um 40\u00b0C zu erreichen; maximale Backtemperatur 80\u00b0C.<\/p>\n<\/li>\n<li>\n<p class=\"ds-markdown-paragraph\">Ideal f\u00fcr schnelles Aush\u00e4rten von Farben und Beschichtungen in kalten Umgebungen.<\/p>\n<\/li>\n<\/ul>\n<\/li>\n<li>\n<p class=\"ds-markdown-paragraph\"><strong>Ger\u00e4umiger Zugang<\/strong><\/p>\n<ul>\n<li>\n<p class=\"ds-markdown-paragraph\">Haupttor: Vierteilige Metall-Vordert\u00fcren mit Sicherheitsglasfenstern f\u00fcr nat\u00fcrliches Licht und einfachen Fahrzeugzugang.<\/p>\n<\/li>\n<li>\n<p class=\"ds-markdown-paragraph\">Aluminium-Kunststoff-Rahmenglas-T\u00fcr verbessert \u00c4sthetik und Isolierung.<\/p>\n<\/li>\n<li>\n<p class=\"ds-markdown-paragraph\">Seitent\u00fcr f\u00fcr Sicherheit: 60\u00d7180cm f\u00fcr Notausgang und \u00dcberwachung.<\/p>\n<\/li>\n<\/ul>\n<\/li>\n<li>\n<p class=\"ds-markdown-paragraph\"><strong>Hervorragende Beleuchtung<\/strong><\/p>\n<ul>\n<li>\n<p class=\"ds-markdown-paragraph\">Decke: 24\u00d718W LED-Leuchten (8 Gruppen \u00e0 3) in einem Winkel von 45\u00b0 f\u00fcr gleichm\u00e4\u00dfige Deckenbeleuchtung.<\/p>\n<\/li>\n<li>\n<p class=\"ds-markdown-paragraph\">Seitenw\u00e4nde: 8\u00d748W LED-Leuchten eliminieren Schatten und verbessern die Sichtbarkeit bei Detailarbeiten.<\/p>\n<\/li>\n<\/ul>\n<\/li>\n<li>\n<p class=\"ds-markdown-paragraph\"><strong>Mehrstufiges Filtersystem<\/strong><\/p>\n<ul>\n<li>\n<p class=\"ds-markdown-paragraph\"><strong>Prim\u00e4rfilter:<\/strong>\u00a0F\u00e4ngt Partikel &gt;10\u03bcm auf, Effizienz &gt;90%.<\/p>\n<\/li>\n<li>\n<p class=\"ds-markdown-paragraph\"><strong>Deckenfilter (wei\u00df):<\/strong>\u00a0F\u00e4ngt Partikel &gt;4\u03bcm auf, Effizienz &gt;98%.<\/p>\n<\/li>\n<li>\n<p class=\"ds-markdown-paragraph\"><strong>Bodenfilter (blau):<\/strong>\u00a0Mehrlagiges Fiberglas, Effizienz &gt;90%.<\/p>\n<\/li>\n<li>\n<p class=\"ds-markdown-paragraph\">Sichert eine saubere Malumgebung und eine hochwertige Oberfl\u00e4che.<\/p>\n<\/li>\n<\/ul>\n<\/li>\n<li>\n<p class=\"ds-markdown-paragraph\"><strong>Dachsystem<\/strong><\/p>\n<ul>\n<li>\n<p class=\"ds-markdown-paragraph\">Strahl aus verzinkten Quadratrohren, verbunden mit Winkelstahl und Schrauben f\u00fcr strukturelle Integrit\u00e4t.<\/p>\n<\/li>\n<li>\n<p class=\"ds-markdown-paragraph\">Plenum aus verzinktem Stahl, pulverbeschichtet f\u00fcr Langlebigkeit.<\/p>\n<\/li>\n<\/ul>\n<\/li>\n<li>\n<p class=\"ds-markdown-paragraph\"><strong>Intelligentes Steuerungssystem<\/strong><\/p>\n<ul>\n<li>\n<p class=\"ds-markdown-paragraph\">Benutzerfreundliches Bedienfeld mit Schaltern f\u00fcr Beleuchtung, Malen, Backmodi, Temperaturregelung, Timer und Not-Aus.<\/p>\n<\/li>\n<li>\n<p class=\"ds-markdown-paragraph\">Echtzeit\u00fcberwachung und -anpassung f\u00fcr optimalen Betrieb.<\/p>\n<\/li>\n<\/ul>\n<\/li>\n<li>\n<p class=\"ds-markdown-paragraph\"><strong>Elektrik &amp; Leistung<\/strong><\/p>\n<ul>\n<li>\n<p class=\"ds-markdown-paragraph\">Motor: 7,5 kW Indirektantrieb f\u00fcr leisen und zuverl\u00e4ssigen Betrieb.<\/p>\n<\/li>\n<li>\n<p class=\"ds-markdown-paragraph\">Spannung: 220V\/380V, 50Hz.<\/p>\n<\/li>\n<li>\n<p class=\"ds-markdown-paragraph\">Gesamtleistung (Dieselheizversion): 15 kW (Brenner + Ventilatoren).<\/p>\n<\/li>\n<li>\n<p class=\"ds-markdown-paragraph\">Optionale elektrische Heizversion erh\u00e4ltlich (38 kW).<\/p>\n<\/li>\n<\/ul>\n<\/li>\n<\/ul>\n<hr \/>\n<h4><strong>Technische Spezifikationen<\/strong><\/h4>\n<div class=\"ds-scroll-area _1210dd7 c03cafe9\">\n<div class=\"ds-scroll-area__gutters\">\n<div class=\"ds-scroll-area__horizontal-gutter\"><\/div>\n<div class=\"ds-scroll-area__vertical-gutter\"><\/div>\n<\/div>\n<table>\n<thead>\n<tr>\n<th>Parameter<\/th>\n<th>Details<\/th>\n<\/tr>\n<\/thead>\n<tbody>\n<tr>\n<td><strong>Modell<\/strong><\/td>\n<td>ATK-LS75-011D<\/td>\n<\/tr>\n<tr>\n<td><strong>Au\u00dfenma\u00dfe (L\u00d7B\u00d7H)<\/strong><\/td>\n<td>7600\u00d75700\u00d73450 mm<\/td>\n<\/tr>\n<tr>\n<td><strong>Innenma\u00dfe (L\u00d7B\u00d7H)<\/strong><\/td>\n<td>7500\u00d74500\u00d72800 mm<\/td>\n<\/tr>\n<tr>\n<td><strong>Verpackungsgr\u00f6\u00dfe<\/strong><\/td>\n<td>4,2\u00d72,2\u00d72,1 m (19 CBM)<\/td>\n<\/tr>\n<tr>\n<td><strong>Gewicht<\/strong><\/td>\n<td>Ca. 3500 kg<\/td>\n<\/tr>\n<tr>\n<td><strong>Wandpaneel<\/strong><\/td>\n<td>Steinwolle, 50 mm dick, Dichte 100 kg\/m\u00b3, Stahlst\u00e4rke 0,5 mm<\/td>\n<\/tr>\n<tr>\n<td><strong>Bodenroste<\/strong><\/td>\n<td>3 Reihen verzinkter Stahl, rostgesch\u00fctzt behandelt<\/td>\n<\/tr>\n<tr>\n<td><strong>Gehwege<\/strong><\/td>\n<td>2 Reihen, rostgesch\u00fctzt behandelt, 5 mm Dicke<\/td>\n<\/tr>\n<tr>\n<td><strong>Bel\u00fcftung<\/strong><\/td>\n<td>2\u00d74KW Ansaugventilatoren + 1\u00d75,5KW Abluftventilator<\/td>\n<\/tr>\n<tr>\n<td><strong>Heizung<\/strong><\/td>\n<td>RIELLO G20 Dieselbrenner, max. 80\u00b0C<\/td>\n<\/tr>\n<tr>\n<td><strong>Beleuchtung<\/strong><\/td>\n<td>Decke: 24\u00d718W LED; Seitenw\u00e4nde: 8\u00d748W LED<\/td>\n<\/tr>\n<tr>\n<td><strong>T\u00fcren<\/strong><\/td>\n<td>Haupt: 4-fl\u00fcgelig aus Metall mit geh\u00e4rtetem Glas; Seite: 60\u00d7180cm<\/td>\n<\/tr>\n<tr>\n<td><strong>Gebl\u00e4sekasten<\/strong><\/td>\n<td>1 mm verzinktes Blech mit Quadratrohrrahmen<\/td>\n<\/tr>\n<tr>\n<td><strong>Filtration<\/strong><\/td>\n<td>Prim\u00e4r-, Decken- und Bodenschutzfilter (vorinstalliert)<\/td>\n<\/tr>\n<tr>\n<td><strong>Steuerungssystem<\/strong><\/td>\n<td>Intelligentes Panel mit Timer, Temperaturregelung, Not-Aus<\/td>\n<\/tr>\n<tr>\n<td><strong>Motor<\/strong><\/td>\n<td>7,5 kW Indirektantrieb<\/td>\n<\/tr>\n<tr>\n<td><strong>Spannung\/Frequenz<\/strong><\/td>\n<td>220V\/380V, 50Hz<\/td>\n<\/tr>\n<tr>\n<td><strong>Gesamtleistung<\/strong><\/td>\n<td>15 kW (Dieselversion)<\/td>\n<\/tr>\n<tr>\n<td><strong>Farbe<\/strong><\/td>\n<td>Au\u00dfen RAL 7016, Innen RAL 9010<\/td>\n<\/tr>\n<tr>\n<td><strong>Garantie<\/strong><\/td>\n<td>12 Monate ab B\/L-Datum<\/td>\n<\/tr>\n<tr>\n<td><strong>Lieferzeit<\/strong><\/td>\n<td>30 Tage nach Zahlungseingang<\/td>\n<\/tr>\n<tr>\n<td><strong>Versand<\/strong><\/td>\n<td>1 Satz pro 20GP-Container; 3 S\u00e4tze pro 40HQ-Container<\/td>\n<\/tr>\n<\/tbody>\n<\/table>\n<\/div>\n<hr \/>\n<h4><strong>Warum Autoke Diesel-Spritzkabine w\u00e4hlen?<\/strong><\/h4>\n<ul>\n<li>\n<p class=\"ds-markdown-paragraph\">\u2705\u00a0<strong>Direktlieferung vom Hersteller<\/strong>\u00a0\u2013 Wettbewerbsf\u00e4hige Preise ohne Zwischenh\u00e4ndler<\/p>\n<\/li>\n<li>\n<p class=\"ds-markdown-paragraph\">\u2705\u00a0<strong>OEM-Individualisierungsl\u00f6sungen<\/strong>\u00a0\u2013 Gr\u00f6\u00dfe, Farbe und Zubeh\u00f6r an Ihre Bed\u00fcrfnisse anpassen<\/p>\n<\/li>\n<li>\n<p class=\"ds-markdown-paragraph\">\u2705\u00a0<strong>One-Stop-L\u00f6sung<\/strong>\u00a0\u2013 Von Struktur bis Heizung und Bel\u00fcftung<\/p>\n<\/li>\n<li>\n<p class=\"ds-markdown-paragraph\">\u2705\u00a0<strong>Hersteller von Industrieausr\u00fcstung<\/strong>\u00a0\u2013 Bew\u00e4hrte Qualit\u00e4t und Zuverl\u00e4ssigkeit<\/p>\n<\/li>\n<li>\n<p class=\"ds-markdown-paragraph\">\u2705\u00a0<strong>F\u00fcr den gewerblichen Einsatz entwickelt<\/strong>\u00a0\u2013 Schwerlastkomponenten f\u00fcr den Dauerbetrieb<\/p>\n<\/li>\n<li>\n<p class=\"ds-markdown-paragraph\">\u2705\u00a0<strong>Weltweiter Versand<\/strong>\u00a0\u2013 Einfaches Containerladen und weltweite Lieferung<\/p>\n<\/li>\n<\/ul>\n<hr \/>\n<h4><strong>Anwendungen<\/strong><\/h4>\n<ul>\n<li>\n<p class=\"ds-markdown-paragraph\">Karosseriewerkst\u00e4tten und Unfallinstandsetzungszentren<\/p>\n<\/li>\n<li>\n<p class=\"ds-markdown-paragraph\">Gewerbliche Fahrzeug- und LKW-Lackierung<\/p>\n<\/li>\n<li>\n<p class=\"ds-markdown-paragraph\">Industrielle Beschichtungs- und Endbearbeitungsanlagen<\/p>\n<\/li>\n<li>\n<p class=\"ds-markdown-paragraph\">Benutzerdefinierte Lackier- und Restaurierungswerkst\u00e4tten<\/p>\n<\/li>\n<\/ul>","protected":false},"excerpt":{"rendered":"<p>Die\u00a0<strong>Autoke 7,5 m Diesel beheizte Spritzkabine (Modell: ATK-LS75-011D)<\/strong>\u00a0ist eine Hochleistungs-Mal\u00f6sung, die f\u00fcr professionelle Automobilwerkst\u00e4tten und industrielle Oberfl\u00e4chenveredelungszentren entwickelt wurde. Mit einem leistungsstarken Bel\u00fcftungssystem (2\u00d74KW Ansaugventilatoren + 1\u00d75,5KW Abluftventilatoren), einem zuverl\u00e4ssigen RIELLO G20 Dieselbrenner, energieeffizienter LED-Beleuchtung und Mehrstufenfiltration sorgt diese Kabine f\u00fcr schnelle Aush\u00e4rtung, \u00fcberlegene Oberfl\u00e4chenqualit\u00e4t und Arbeitersicherheit. Direkt ab Werk \u2013 anpassbar an Ihre spezifischen Anforderungen.<\/p>","protected":false},"featured_media":3158,"comment_status":"open","ping_status":"closed","template":"","meta":[],"product_brand":[76],"product_cat":[60,59],"product_tag":[79,90,69,71,70,83],"class_list":{"0":"post-3356","1":"product","2":"type-product","3":"status-publish","4":"has-post-thumbnail","6":"product_brand-autoke","7":"product_cat-car-spray-booth","8":"product_cat-spray-booth","9":"product_tag-automotive-spray-booth","10":"product_tag-baking-oven-for-truck","11":"product_tag-ce-car-spray-booth","12":"product_tag-competitive-price-spray-booths","13":"product_tag-high-quality-spray-booths","14":"product_tag-paint-booth-solutions","16":"first","17":"instock","18":"shipping-taxable","19":"product-type-simple"},"yoast_head":"<!-- This site is optimized with the Yoast SEO plugin v27.4 - https:\/\/yoast.com\/product\/yoast-seo-wordpress\/ -->\n<title>7.5m Diesel Heated Spray Booth \u2013 Professional Automotive Equipment Supplier with RIELLO Burner &amp; Ventilation System - Autoke-China Paint Booth Manufacturer<\/title>\n<meta name=\"robots\" content=\"index, follow, max-snippet:-1, max-image-preview:large, max-video-preview:-1\" \/>\n<link rel=\"canonical\" href=\"https:\/\/sprayboothmanufacturer.com\/de\/product\/7-5m-diesel-heated-spray-booth\/\" \/>\n<meta property=\"og:locale\" content=\"de_DE\" \/>\n<meta property=\"og:type\" content=\"article\" \/>\n<meta property=\"og:title\" content=\"7.5m Diesel Heated Spray Booth \u2013 Professional Automotive Equipment Supplier with RIELLO Burner &amp; Ventilation System - Autoke-China Paint Booth Manufacturer\" \/>\n<meta property=\"og:description\" content=\"The\u00a0Autoke 7.5m Diesel Heated Spray Booth (Model: ATK-LS75-011D)\u00a0is a high-performance painting solution designed for professional automotive workshops and industrial finishing centers. Featuring a powerful ventilation system (2\u00d74KW intake + 1\u00d75.5KW exhaust fans), a reliable RIELLO G20 diesel burner, energy-efficient LED lighting, and multi-stage filtration, this booth ensures fast curing, superior finish quality, and operator safety. Factory direct \u2013 customizable for your specific requirements.\" \/>\n<meta property=\"og:url\" content=\"https:\/\/sprayboothmanufacturer.com\/de\/product\/7-5m-diesel-heated-spray-booth\/\" \/>\n<meta property=\"og:site_name\" content=\"Autoke-China Paint Booth Manufacturer\" \/>\n<meta property=\"og:image\" content=\"https:\/\/sprayboothmanufacturer.com\/wp-content\/uploads\/2026\/01\/\u5fae\u4fe1\u56fe\u7247_20251020143005.jpg\" \/>\n\t<meta property=\"og:image:width\" content=\"1920\" \/>\n\t<meta property=\"og:image:height\" content=\"908\" \/>\n\t<meta property=\"og:image:type\" content=\"image\/jpeg\" \/>\n<meta name=\"twitter:card\" content=\"summary_large_image\" \/>\n<meta name=\"twitter:label1\" content=\"Gesch\u00e4tzte Lesezeit\" \/>\n\t<meta name=\"twitter:data1\" content=\"4\u00a0Minuten\" \/>\n<script type=\"application\/ld+json\" class=\"yoast-schema-graph\">{\"@context\":\"https:\\\/\\\/schema.org\",\"@graph\":[{\"@type\":\"WebPage\",\"@id\":\"https:\\\/\\\/sprayboothmanufacturer.com\\\/product\\\/7-5m-diesel-heated-spray-booth\\\/\",\"url\":\"https:\\\/\\\/sprayboothmanufacturer.com\\\/product\\\/7-5m-diesel-heated-spray-booth\\\/\",\"name\":\"7.5m Diesel Heated Spray Booth \u2013 Professional Automotive Equipment Supplier with RIELLO Burner & Ventilation System - Autoke-China Paint Booth Manufacturer\",\"isPartOf\":{\"@id\":\"https:\\\/\\\/sprayboothmanufacturer.com\\\/#website\"},\"primaryImageOfPage\":{\"@id\":\"https:\\\/\\\/sprayboothmanufacturer.com\\\/product\\\/7-5m-diesel-heated-spray-booth\\\/#primaryimage\"},\"image\":{\"@id\":\"https:\\\/\\\/sprayboothmanufacturer.com\\\/product\\\/7-5m-diesel-heated-spray-booth\\\/#primaryimage\"},\"thumbnailUrl\":\"https:\\\/\\\/sprayboothmanufacturer.com\\\/wp-content\\\/uploads\\\/2026\\\/01\\\/\u5fae\u4fe1\u56fe\u7247_20251020143005.jpg\",\"datePublished\":\"2026-02-24T03:14:07+00:00\",\"breadcrumb\":{\"@id\":\"https:\\\/\\\/sprayboothmanufacturer.com\\\/product\\\/7-5m-diesel-heated-spray-booth\\\/#breadcrumb\"},\"inLanguage\":\"de\",\"potentialAction\":[{\"@type\":\"ReadAction\",\"target\":[\"https:\\\/\\\/sprayboothmanufacturer.com\\\/product\\\/7-5m-diesel-heated-spray-booth\\\/\"]}]},{\"@type\":\"ImageObject\",\"inLanguage\":\"de\",\"@id\":\"https:\\\/\\\/sprayboothmanufacturer.com\\\/product\\\/7-5m-diesel-heated-spray-booth\\\/#primaryimage\",\"url\":\"https:\\\/\\\/sprayboothmanufacturer.com\\\/wp-content\\\/uploads\\\/2026\\\/01\\\/\u5fae\u4fe1\u56fe\u7247_20251020143005.jpg\",\"contentUrl\":\"https:\\\/\\\/sprayboothmanufacturer.com\\\/wp-content\\\/uploads\\\/2026\\\/01\\\/\u5fae\u4fe1\u56fe\u7247_20251020143005.jpg\",\"width\":1920,\"height\":908},{\"@type\":\"BreadcrumbList\",\"@id\":\"https:\\\/\\\/sprayboothmanufacturer.com\\\/product\\\/7-5m-diesel-heated-spray-booth\\\/#breadcrumb\",\"itemListElement\":[{\"@type\":\"ListItem\",\"position\":1,\"name\":\"Home\",\"item\":\"https:\\\/\\\/sprayboothmanufacturer.com\\\/\"},{\"@type\":\"ListItem\",\"position\":2,\"name\":\"\u4ea7\u54c1\",\"item\":\"https:\\\/\\\/sprayboothmanufacturer.com\\\/shop__trashed\\\/\"},{\"@type\":\"ListItem\",\"position\":3,\"name\":\"7.5m Diesel Heated Spray Booth \u2013 Professional Automotive Equipment Supplier with RIELLO Burner &#038; Ventilation System\"}]},{\"@type\":\"WebSite\",\"@id\":\"https:\\\/\\\/sprayboothmanufacturer.com\\\/#website\",\"url\":\"https:\\\/\\\/sprayboothmanufacturer.com\\\/\",\"name\":\"Autoke-China Paint Booth Manufacturer\",\"description\":\"\",\"publisher\":{\"@id\":\"https:\\\/\\\/sprayboothmanufacturer.com\\\/#organization\"},\"potentialAction\":[{\"@type\":\"SearchAction\",\"target\":{\"@type\":\"EntryPoint\",\"urlTemplate\":\"https:\\\/\\\/sprayboothmanufacturer.com\\\/?s={search_term_string}\"},\"query-input\":{\"@type\":\"PropertyValueSpecification\",\"valueRequired\":true,\"valueName\":\"search_term_string\"}}],\"inLanguage\":\"de\"},{\"@type\":\"Organization\",\"@id\":\"https:\\\/\\\/sprayboothmanufacturer.com\\\/#organization\",\"name\":\"Autoke-China Paint Booth Manufacturer\",\"url\":\"https:\\\/\\\/sprayboothmanufacturer.com\\\/\",\"logo\":{\"@type\":\"ImageObject\",\"inLanguage\":\"de\",\"@id\":\"https:\\\/\\\/sprayboothmanufacturer.com\\\/#\\\/schema\\\/logo\\\/image\\\/\",\"url\":\"https:\\\/\\\/sprayboothmanufacturer.com\\\/wp-content\\\/uploads\\\/2025\\\/12\\\/\u5fae\u4fe1\u56fe\u7247_20260113195103_1750_4-scaled-e1768394147958.png\",\"contentUrl\":\"https:\\\/\\\/sprayboothmanufacturer.com\\\/wp-content\\\/uploads\\\/2025\\\/12\\\/\u5fae\u4fe1\u56fe\u7247_20260113195103_1750_4-scaled-e1768394147958.png\",\"width\":1740,\"height\":538,\"caption\":\"Autoke-China Paint Booth Manufacturer\"},\"image\":{\"@id\":\"https:\\\/\\\/sprayboothmanufacturer.com\\\/#\\\/schema\\\/logo\\\/image\\\/\"}}]}<\/script>\n<!-- \/ Yoast SEO plugin. -->","yoast_head_json":{"title":"7,5 m Diesel beheizte Spritzkabine \u2013 Professioneller Automobiltechnik-Lieferant mit RIELLO Brenner &amp; Bel\u00fcftungssystem - Autoke-China Lackierkabinenhersteller","robots":{"index":"index","follow":"follow","max-snippet":"max-snippet:-1","max-image-preview":"max-image-preview:large","max-video-preview":"max-video-preview:-1"},"canonical":"https:\/\/sprayboothmanufacturer.com\/de\/product\/7-5m-diesel-heated-spray-booth\/","og_locale":"de_DE","og_type":"article","og_title":"7.5m Diesel Heated Spray Booth \u2013 Professional Automotive Equipment Supplier with RIELLO Burner & Ventilation System - Autoke-China Paint Booth Manufacturer","og_description":"The\u00a0Autoke 7.5m Diesel Heated Spray Booth (Model: ATK-LS75-011D)\u00a0is a high-performance painting solution designed for professional automotive workshops and industrial finishing centers. Featuring a powerful ventilation system (2\u00d74KW intake + 1\u00d75.5KW exhaust fans), a reliable RIELLO G20 diesel burner, energy-efficient LED lighting, and multi-stage filtration, this booth ensures fast curing, superior finish quality, and operator safety. Factory direct \u2013 customizable for your specific requirements.","og_url":"https:\/\/sprayboothmanufacturer.com\/de\/product\/7-5m-diesel-heated-spray-booth\/","og_site_name":"Autoke-China Paint Booth Manufacturer","og_image":[{"width":1920,"height":908,"url":"https:\/\/sprayboothmanufacturer.com\/wp-content\/uploads\/2026\/01\/\u5fae\u4fe1\u56fe\u7247_20251020143005.jpg","type":"image\/jpeg"}],"twitter_card":"summary_large_image","twitter_misc":{"Gesch\u00e4tzte Lesezeit":"4\u00a0Minuten"},"schema":{"@context":"https:\/\/schema.org","@graph":[{"@type":"WebPage","@id":"https:\/\/sprayboothmanufacturer.com\/product\/7-5m-diesel-heated-spray-booth\/","url":"https:\/\/sprayboothmanufacturer.com\/product\/7-5m-diesel-heated-spray-booth\/","name":"7,5 m Diesel beheizte Spritzkabine \u2013 Professioneller Automobiltechnik-Lieferant mit RIELLO Brenner &amp; Bel\u00fcftungssystem - Autoke-China Lackierkabinenhersteller","isPartOf":{"@id":"https:\/\/sprayboothmanufacturer.com\/#website"},"primaryImageOfPage":{"@id":"https:\/\/sprayboothmanufacturer.com\/product\/7-5m-diesel-heated-spray-booth\/#primaryimage"},"image":{"@id":"https:\/\/sprayboothmanufacturer.com\/product\/7-5m-diesel-heated-spray-booth\/#primaryimage"},"thumbnailUrl":"https:\/\/sprayboothmanufacturer.com\/wp-content\/uploads\/2026\/01\/\u5fae\u4fe1\u56fe\u7247_20251020143005.jpg","datePublished":"2026-02-24T03:14:07+00:00","breadcrumb":{"@id":"https:\/\/sprayboothmanufacturer.com\/product\/7-5m-diesel-heated-spray-booth\/#breadcrumb"},"inLanguage":"de","potentialAction":[{"@type":"ReadAction","target":["https:\/\/sprayboothmanufacturer.com\/product\/7-5m-diesel-heated-spray-booth\/"]}]},{"@type":"ImageObject","inLanguage":"de","@id":"https:\/\/sprayboothmanufacturer.com\/product\/7-5m-diesel-heated-spray-booth\/#primaryimage","url":"https:\/\/sprayboothmanufacturer.com\/wp-content\/uploads\/2026\/01\/\u5fae\u4fe1\u56fe\u7247_20251020143005.jpg","contentUrl":"https:\/\/sprayboothmanufacturer.com\/wp-content\/uploads\/2026\/01\/\u5fae\u4fe1\u56fe\u7247_20251020143005.jpg","width":1920,"height":908},{"@type":"BreadcrumbList","@id":"https:\/\/sprayboothmanufacturer.com\/product\/7-5m-diesel-heated-spray-booth\/#breadcrumb","itemListElement":[{"@type":"ListItem","position":1,"name":"Home","item":"https:\/\/sprayboothmanufacturer.com\/"},{"@type":"ListItem","position":2,"name":"\u4ea7\u54c1","item":"https:\/\/sprayboothmanufacturer.com\/shop__trashed\/"},{"@type":"ListItem","position":3,"name":"7.5m Diesel Heated Spray Booth \u2013 Professional Automotive Equipment Supplier with RIELLO Burner &#038; Ventilation System"}]},{"@type":"WebSite","@id":"https:\/\/sprayboothmanufacturer.com\/#website","url":"https:\/\/sprayboothmanufacturer.com\/","name":"Autoke-Deutschland Lackierkabinenhersteller","description":"","publisher":{"@id":"https:\/\/sprayboothmanufacturer.com\/#organization"},"potentialAction":[{"@type":"SearchAction","target":{"@type":"EntryPoint","urlTemplate":"https:\/\/sprayboothmanufacturer.com\/?s={search_term_string}"},"query-input":{"@type":"PropertyValueSpecification","valueRequired":true,"valueName":"search_term_string"}}],"inLanguage":"de"},{"@type":"Organization","@id":"https:\/\/sprayboothmanufacturer.com\/#organization","name":"Autoke-Deutschland Lackierkabinenhersteller","url":"https:\/\/sprayboothmanufacturer.com\/","logo":{"@type":"ImageObject","inLanguage":"de","@id":"https:\/\/sprayboothmanufacturer.com\/#\/schema\/logo\/image\/","url":"https:\/\/sprayboothmanufacturer.com\/wp-content\/uploads\/2025\/12\/\u5fae\u4fe1\u56fe\u7247_20260113195103_1750_4-scaled-e1768394147958.png","contentUrl":"https:\/\/sprayboothmanufacturer.com\/wp-content\/uploads\/2025\/12\/\u5fae\u4fe1\u56fe\u7247_20260113195103_1750_4-scaled-e1768394147958.png","width":1740,"height":538,"caption":"Autoke-China Paint Booth Manufacturer"},"image":{"@id":"https:\/\/sprayboothmanufacturer.com\/#\/schema\/logo\/image\/"}}]}},"_links":{"self":[{"href":"https:\/\/sprayboothmanufacturer.com\/de\/wp-json\/wp\/v2\/product\/3356","targetHints":{"allow":["GET"]}}],"collection":[{"href":"https:\/\/sprayboothmanufacturer.com\/de\/wp-json\/wp\/v2\/product"}],"about":[{"href":"https:\/\/sprayboothmanufacturer.com\/de\/wp-json\/wp\/v2\/types\/product"}],"replies":[{"embeddable":true,"href":"https:\/\/sprayboothmanufacturer.com\/de\/wp-json\/wp\/v2\/comments?post=3356"}],"version-history":[{"count":1,"href":"https:\/\/sprayboothmanufacturer.com\/de\/wp-json\/wp\/v2\/product\/3356\/revisions"}],"predecessor-version":[{"id":3357,"href":"https:\/\/sprayboothmanufacturer.com\/de\/wp-json\/wp\/v2\/product\/3356\/revisions\/3357"}],"wp:featuredmedia":[{"embeddable":true,"href":"https:\/\/sprayboothmanufacturer.com\/de\/wp-json\/wp\/v2\/media\/3158"}],"wp:attachment":[{"href":"https:\/\/sprayboothmanufacturer.com\/de\/wp-json\/wp\/v2\/media?parent=3356"}],"wp:term":[{"taxonomy":"product_brand","embeddable":true,"href":"https:\/\/sprayboothmanufacturer.com\/de\/wp-json\/wp\/v2\/product_brand?post=3356"},{"taxonomy":"product_cat","embeddable":true,"href":"https:\/\/sprayboothmanufacturer.com\/de\/wp-json\/wp\/v2\/product_cat?post=3356"},{"taxonomy":"product_tag","embeddable":true,"href":"https:\/\/sprayboothmanufacturer.com\/de\/wp-json\/wp\/v2\/product_tag?post=3356"}],"curies":[{"name":"wp","href":"https:\/\/api.w.org\/{rel}","templated":true}]}}