{"id":3348,"date":"2026-02-24T02:29:30","date_gmt":"2026-02-24T02:29:30","guid":{"rendered":"https:\/\/sprayboothmanufacturer.com\/?post_type=product&#038;p=3348"},"modified":"2026-02-24T02:29:30","modified_gmt":"2026-02-24T02:29:30","slug":"7m-luxury-spray-booth-2","status":"publish","type":"product","link":"https:\/\/sprayboothmanufacturer.com\/de\/product\/7m-luxury-spray-booth-2\/","title":{"rendered":"7m Luxus-Spritzkabine \u2013 Professioneller Automobiltechnik-Lieferant, Keine Heizung\/Bel\u00fcftung (Basismodell)"},"content":{"rendered":"<table style=\"height: 330px;\" width=\"759\">\n<tbody>\n<tr>\n<td width=\"142\"><strong><b>Mindestbestellmenge :<\/b><\/strong><\/td>\n<td width=\"142\">1 St\u00fcck<\/td>\n<td width=\"142\"><strong><b>Preis :<\/b><\/strong><\/td>\n<td width=\"142\">Verhandlungssache<\/td>\n<\/tr>\n<tr>\n<td width=\"142\"><strong><b>Verpackungsdetails :<\/b><\/strong><\/td>\n<td width=\"142\">40G oder 20GP\/Einheit<\/td>\n<td width=\"142\"><strong><b>Lieferzeit :<\/b><\/strong><\/td>\n<td width=\"142\">15 Tage, Verhandlungssache<\/td>\n<\/tr>\n<tr>\n<td width=\"142\"><strong><b>Zahlungsbedingungen :<\/b><\/strong><\/td>\n<td width=\"142\">L\/C, T\/T<\/td>\n<td width=\"142\"><strong><b>Lieferf\u00e4higkeit :<\/b><\/strong><\/td>\n<td width=\"142\">50 Einheiten\/Einheiten pro Monat Industrielle Spr\u00fchkabine Bus-Spr\u00fchkabine<\/td>\n<\/tr>\n<tr>\n<td width=\"142\"><strong><b>Herkunftsland:<\/b><\/strong><\/td>\n<td width=\"142\">Jiangsu, China<\/td>\n<td width=\"142\"><strong><b>Markenname:<\/b><\/strong><\/td>\n<td width=\"142\">Autoke<\/td>\n<\/tr>\n<tr>\n<td width=\"142\"><strong><b>Zertifizierung:<\/b><\/strong><\/td>\n<td width=\"142\">CE<\/td>\n<td width=\"142\"><strong><b>Modellnummer:<\/b><\/strong><\/td>\n<td width=\"142\">ATK-LS7-007B<\/td>\n<\/tr>\n<\/tbody>\n<\/table>\n<h4><strong>\u00dcbersicht<\/strong><\/h4>\n<p class=\"ds-markdown-paragraph\">Die\u00a0<strong>Autoke 7m Luxus-Spr\u00fchkabine (Basismodell)<\/strong>\u00a0bietet einen professionellen Arbeitsbereich f\u00fcr Lackier-, Beschichtungs- oder Schleifarbeiten. Ohne integrierte Bel\u00fcftung oder Heizung konzipiert, dient dieses Modell als vielseitiger Raum, der an Ihre spezifischen Anforderungen angepasst werden kann. Es ist ideal f\u00fcr Werkst\u00e4tten, die bereits externe Bel\u00fcftung haben oder als staubfreier Vorbereitungsbereich genutzt werden. Hergestellt aus hochwertigen Materialien und mit Liebe zum Detail sorgt es f\u00fcr Langlebigkeit und Sicherheit in anspruchsvollen Umgebungen.<\/p>\n<hr \/>\n<h4><strong>Hauptmerkmale<\/strong><\/h4>\n<ul>\n<li>\n<p class=\"ds-markdown-paragraph\"><strong>Robuste Konstruktion<\/strong><\/p>\n<ul>\n<li>\n<p class=\"ds-markdown-paragraph\">Wandpaneele: 5cm hochdichte Steinwolle (100 kg\/m\u00b3) mit 0,48mm Stahlabdeckungen \u2013 feuerfest, schalldicht und thermisch isolierend.<\/p>\n<\/li>\n<li>\n<p class=\"ds-markdown-paragraph\">Verzinkte Stahl-Dachpaneele, brandschutzbehandelt.<\/p>\n<\/li>\n<li>\n<p class=\"ds-markdown-paragraph\">Schwerlast-Keller mit verzinkter Stahlplattform, drei Reihen flacher Stahlgitter (rostgesch\u00fctzt behandelt) und zwei Reihen Gehwege (5mm Dicke).<\/p>\n<\/li>\n<li>\n<p class=\"ds-markdown-paragraph\">Vier Hilfsbeine bieten zus\u00e4tzliche Unterst\u00fctzung, Tragf\u00e4higkeit bis zu 5 Tonnen.<\/p>\n<\/li>\n<\/ul>\n<\/li>\n<li>\n<p class=\"ds-markdown-paragraph\"><strong>Ger\u00e4umiger Zugang<\/strong><\/p>\n<ul>\n<li>\n<p class=\"ds-markdown-paragraph\">Haupttor: Vierfl\u00fcgelige Metall-Vordert\u00fcren mit Sicherheitsglasfenstern (ca. 3000\u00d72750mm) f\u00fcr nat\u00fcrliches Licht und einfachen Fahrzeugzugang.<\/p>\n<\/li>\n<li>\n<p class=\"ds-markdown-paragraph\">Aluminium-Kunststoff-Rahmenglas-T\u00fcr verbessert \u00c4sthetik und Isolierung.<\/p>\n<\/li>\n<li>\n<p class=\"ds-markdown-paragraph\">Seitent\u00fcr f\u00fcr Sicherheit: 60\u00d7180cm f\u00fcr Notausgang und \u00dcberwachung.<\/p>\n<\/li>\n<\/ul>\n<\/li>\n<li>\n<p class=\"ds-markdown-paragraph\"><strong>Gebl\u00e4sekasten (Nur Struktur)<\/strong><\/p>\n<ul>\n<li>\n<p class=\"ds-markdown-paragraph\">Luftkasten aus 1mm verzinktem Blech mit quadratischem Rohrrahmen im Inneren, spraybeschichtet f\u00fcr Langlebigkeit.<\/p>\n<\/li>\n<li>\n<p class=\"ds-markdown-paragraph\"><em>Hinweis: Der Gebl\u00e4sekasten ist vormontiert, enth\u00e4lt jedoch keine Ventilatoren oder Bel\u00fcftungssystem; externe Bel\u00fcftung muss vom Nutzer bereitgestellt werden.<\/em><\/p>\n<\/li>\n<\/ul>\n<\/li>\n<li>\n<p class=\"ds-markdown-paragraph\"><strong>Hervorragende Beleuchtung<\/strong><\/p>\n<ul>\n<li>\n<p class=\"ds-markdown-paragraph\">Decke: 24\u00d718W LED-Leuchten (8 Gruppen \u00e0 3) in einem Winkel von 45\u00b0 f\u00fcr gleichm\u00e4\u00dfige Deckenbeleuchtung.<\/p>\n<\/li>\n<li>\n<p class=\"ds-markdown-paragraph\">Seitenw\u00e4nde: 8\u00d748W LED-Leuchten eliminieren Schatten und verbessern die Sichtbarkeit bei Detailarbeiten.<\/p>\n<\/li>\n<\/ul>\n<\/li>\n<li>\n<p class=\"ds-markdown-paragraph\"><strong>Mehrstufiges Filtersystem<\/strong><\/p>\n<ul>\n<li>\n<p class=\"ds-markdown-paragraph\"><strong>Prim\u00e4rfilter:<\/strong>\u00a0F\u00e4ngt Partikel &gt;10\u03bcm auf, Effizienz &gt;90%.<\/p>\n<\/li>\n<li>\n<p class=\"ds-markdown-paragraph\"><strong>Deckenfilter (wei\u00df):<\/strong>\u00a0F\u00e4ngt Partikel &gt;4\u03bcm auf, Effizienz &gt;98%.<\/p>\n<\/li>\n<li>\n<p class=\"ds-markdown-paragraph\"><strong>Bodenfilter (blau):<\/strong>\u00a0Mehrlagiges Fiberglas, Effizienz &gt;90%.<\/p>\n<\/li>\n<li>\n<p class=\"ds-markdown-paragraph\"><em>Hinweis: Filtration ist vorinstalliert, ben\u00f6tigt jedoch ein externes Bel\u00fcftungssystem, um zu funktionieren.<\/em><\/p>\n<\/li>\n<\/ul>\n<\/li>\n<li>\n<p class=\"ds-markdown-paragraph\"><strong>Dachsystem<\/strong><\/p>\n<ul>\n<li>\n<p class=\"ds-markdown-paragraph\">Strahl aus verzinkten Quadratrohren, verbunden mit Winkelstahl und Schrauben f\u00fcr strukturelle Integrit\u00e4t.<\/p>\n<\/li>\n<li>\n<p class=\"ds-markdown-paragraph\">Plenum aus verzinktem Stahl, pulverbeschichtet f\u00fcr Langlebigkeit.<\/p>\n<\/li>\n<\/ul>\n<\/li>\n<li>\n<p class=\"ds-markdown-paragraph\"><strong>Elektrik &amp; Steuerung (Optionale Aufr\u00fcstung)<\/strong><\/p>\n<ul>\n<li>\n<p class=\"ds-markdown-paragraph\">Geh\u00e4use f\u00fcr Steuerpult inklusive f\u00fcr zuk\u00fcnftige Installation eines intelligenten Steuerungssystems (Lichtschalter, Temperaturregler, Timer, Not-Aus usw.).<\/p>\n<\/li>\n<li>\n<p class=\"ds-markdown-paragraph\">Vorkonfiguriert f\u00fcr einfache Integration eines 7,5KW-Motors und Heizsysteme.<\/p>\n<\/li>\n<\/ul>\n<\/li>\n<li>\n<p class=\"ds-markdown-paragraph\"><strong>Anpassbar<\/strong><\/p>\n<ul>\n<li>\n<p class=\"ds-markdown-paragraph\">Eingebaut, um sich leicht mit Aftermarket-Bel\u00fcftungs- und Heizsystemen zu integrieren.<\/p>\n<\/li>\n<li>\n<p class=\"ds-markdown-paragraph\">Optionale Upgrades umfassen Zuluft-\/Abluftventilatoren, elektrische oder dieselbetriebene Heizung und fortschrittliche Steuerungssysteme.<\/p>\n<\/li>\n<\/ul>\n<\/li>\n<\/ul>\n<hr \/>\n<h4><strong>Technische Spezifikationen<\/strong><\/h4>\n<div class=\"ds-scroll-area _1210dd7 c03cafe9\">\n<div class=\"ds-scroll-area__gutters\">\n<div class=\"ds-scroll-area__horizontal-gutter\"><\/div>\n<div class=\"ds-scroll-area__vertical-gutter\"><\/div>\n<\/div>\n<table>\n<thead>\n<tr>\n<th>Parameter<\/th>\n<th>Details<\/th>\n<\/tr>\n<\/thead>\n<tbody>\n<tr>\n<td><strong>Modell<\/strong><\/td>\n<td>ATK-LS7-007B<\/td>\n<\/tr>\n<tr>\n<td><strong>Au\u00dfenma\u00dfe (L\u00d7B\u00d7H)<\/strong><\/td>\n<td>7100\u00d74100\u00d73450 mm<\/td>\n<\/tr>\n<tr>\n<td><strong>Innenma\u00dfe (L\u00d7B\u00d7H)<\/strong><\/td>\n<td>7000\u00d74000\u00d72650 mm<\/td>\n<\/tr>\n<tr>\n<td><strong>Verpackungsgr\u00f6\u00dfe<\/strong><\/td>\n<td>4,2\u00d72,2\u00d72,1 m (19 CBM)<\/td>\n<\/tr>\n<tr>\n<td><strong>Gewicht<\/strong><\/td>\n<td>Ca. 3500 kg<\/td>\n<\/tr>\n<tr>\n<td><strong>Wandpaneel<\/strong><\/td>\n<td>Steinwolle, 50 mm dick, Dichte 100 kg\/m\u00b3, Stahlst\u00e4rke 0,5 mm<\/td>\n<\/tr>\n<tr>\n<td><strong>Bodenroste<\/strong><\/td>\n<td>3 Reihen verzinkter Stahl, rostgesch\u00fctzt behandelt<\/td>\n<\/tr>\n<tr>\n<td><strong>Gehwege<\/strong><\/td>\n<td>2 Reihen, rostgesch\u00fctzt behandelt, 5 mm Dicke<\/td>\n<\/tr>\n<tr>\n<td><strong>Beleuchtung<\/strong><\/td>\n<td>Decke: 24\u00d718W LED; Seitenw\u00e4nde: 8\u00d748W LED<\/td>\n<\/tr>\n<tr>\n<td><strong>T\u00fcren<\/strong><\/td>\n<td>Haupt: 4-fl\u00fcgelig aus Metall mit geh\u00e4rtetem Glas; Seite: 60\u00d7180cm<\/td>\n<\/tr>\n<tr>\n<td><strong>Gebl\u00e4sekasten<\/strong><\/td>\n<td>1mm verzinktes Blech mit quadratischem Rohrrahmen (Nur Struktur)<\/td>\n<\/tr>\n<tr>\n<td><strong>Filtration<\/strong><\/td>\n<td>Prim\u00e4r-, Decken- und Bodenschutzfilter (vorinstalliert)<\/td>\n<\/tr>\n<tr>\n<td><strong>Steuerungssystem<\/strong><\/td>\n<td>Geh\u00e4use f\u00fcr zuk\u00fcnftige Steuerpultinstallation inklusive<\/td>\n<\/tr>\n<tr>\n<td><strong>Spannung\/Frequenz<\/strong><\/td>\n<td>220V\/380V, 50Hz (Bereit f\u00fcr Motorinstallation)<\/td>\n<\/tr>\n<tr>\n<td><strong>Motor<\/strong><\/td>\n<td>Geh\u00e4use f\u00fcr 7,5KW Indirektantriebsmotor (Motor nicht enthalten)<\/td>\n<\/tr>\n<tr>\n<td><strong>Farbe<\/strong><\/td>\n<td>Au\u00dfen RAL 7016, Innen RAL 9010<\/td>\n<\/tr>\n<tr>\n<td><strong>Garantie<\/strong><\/td>\n<td>12 Monate ab B\/L-Datum<\/td>\n<\/tr>\n<tr>\n<td><strong>Lieferzeit<\/strong><\/td>\n<td>30 Tage nach Zahlungseingang<\/td>\n<\/tr>\n<tr>\n<td><strong>Versand<\/strong><\/td>\n<td>1 Satz pro 20GP-Container; 3 S\u00e4tze pro 40HQ-Container<\/td>\n<\/tr>\n<\/tbody>\n<\/table>\n<\/div>\n<hr \/>\n<h4><strong>Warum die Autoke Basic Spr\u00fchkabine w\u00e4hlen?<\/strong><\/h4>\n<ul>\n<li>\n<p class=\"ds-markdown-paragraph\">\u2705\u00a0<strong>Direktlieferung vom Hersteller<\/strong>\u00a0\u2013 Wettbewerbsf\u00e4hige Preise ohne Zwischenh\u00e4ndler<\/p>\n<\/li>\n<li>\n<p class=\"ds-markdown-paragraph\">\u2705\u00a0<strong>OEM-Individualisierungsl\u00f6sungen<\/strong>\u00a0\u2013 Gr\u00f6\u00dfe, Farbe und Zubeh\u00f6r an Ihre Bed\u00fcrfnisse anpassen<\/p>\n<\/li>\n<li>\n<p class=\"ds-markdown-paragraph\">\u2705\u00a0<strong>One-Stop-L\u00f6sung<\/strong>\u00a0\u2013 Von Strukturkomponenten bis hin zu optionalen Erweiterungen<\/p>\n<\/li>\n<li>\n<p class=\"ds-markdown-paragraph\">\u2705\u00a0<strong>Hersteller von Industrieausr\u00fcstung<\/strong>\u00a0\u2013 Bew\u00e4hrte Qualit\u00e4t und Zuverl\u00e4ssigkeit<\/p>\n<\/li>\n<li>\n<p class=\"ds-markdown-paragraph\">\u2705\u00a0<strong>F\u00fcr den gewerblichen Einsatz entwickelt<\/strong>\u00a0\u2013 Schwerlastkomponenten f\u00fcr anspruchsvolle Umgebungen<\/p>\n<\/li>\n<li>\n<p class=\"ds-markdown-paragraph\">\u2705\u00a0<strong>Flexibler Upgrade-Pfad<\/strong>\u00a0\u2013 F\u00fcgen Sie Bel\u00fcftung, Heizung oder Steuerungen hinzu, wenn Ihr Unternehmen w\u00e4chst<\/p>\n<\/li>\n<li>\n<p class=\"ds-markdown-paragraph\">\u2705\u00a0<strong>Weltweiter Versand<\/strong>\u00a0\u2013 Einfaches Containerladen und weltweite Lieferung<\/p>\n<\/li>\n<\/ul>\n<hr \/>\n<h4><strong>Anwendungen<\/strong><\/h4>\n<ul>\n<li>\n<p class=\"ds-markdown-paragraph\">Karosseriewerkst\u00e4tten (als Vorbereitungsbereich oder grundlegende Spr\u00fchkabine)<\/p>\n<\/li>\n<li>\n<p class=\"ds-markdown-paragraph\">Industrielle Beschichtungsanlagen (mit externem Bel\u00fcftungssystem)<\/p>\n<\/li>\n<li>\n<p class=\"ds-markdown-paragraph\">Holzverarbeitungs- und Finish-Werkst\u00e4tten<\/p>\n<\/li>\n<li>\n<p class=\"ds-markdown-paragraph\">Staubfreie Montage- oder Schleifstationen<\/p>\n<\/li>\n<li>\n<p class=\"ds-markdown-paragraph\">Anlagenplanung f\u00fcr zuk\u00fcnftige Heizungs- und Bel\u00fcftungserweiterungen<\/p>\n<\/li>\n<\/ul>","protected":false},"excerpt":{"rendered":"<p>Die\u00a0<strong>Autoke 7m Luxus-Spr\u00fchkabine (Modell: ATK-LS7-007B)<\/strong>\u00a0ist eine kosteneffektive Lackierkabine, die f\u00fcr Autowerkst\u00e4tten und industrielle Finish-Zentren konzipiert ist. Mit hochdichten Steinwollpaneelen, verst\u00e4rktem Boden, heller LED-Beleuchtung und mehrstufiger Filtration bietet dieses Basismodell einen sauberen und gut beleuchteten Arbeitsplatz f\u00fcr Lackieren, Schleifen oder Vorbereitung. Bereits f\u00fcr die Anpassung mit Bel\u00fcftungs- und Heizsystemen vorbereitet, bietet es au\u00dfergew\u00f6hnliches Preis-Leistungs-Verh\u00e4ltnis und Flexibilit\u00e4t. Direkt ab Werk \u2013 langlebig, sicher und robust gebaut.<\/p>","protected":false},"featured_media":2261,"comment_status":"open","ping_status":"closed","template":"","meta":[],"product_brand":[76],"product_cat":[58],"product_tag":[79,73,63,66,68,64,83],"class_list":{"0":"post-3348","1":"product","2":"type-product","3":"status-publish","4":"has-post-thumbnail","6":"product_brand-autoke","7":"product_cat-uncategorized","8":"product_tag-automotive-spray-booth","9":"product_tag-automotive-spray-booth-manufacturer","10":"product_tag-car-spray-booth","11":"product_tag-car-spray-booth-manufacturer","12":"product_tag-customized-car-spray-booth","13":"product_tag-environmentally-friendly-car-spray-booth","14":"product_tag-paint-booth-solutions","16":"first","17":"instock","18":"shipping-taxable","19":"product-type-simple"},"yoast_head":"<!-- This site is optimized with the Yoast SEO plugin v27.4 - https:\/\/yoast.com\/product\/yoast-seo-wordpress\/ -->\n<title>7m Luxury Spray Booth \u2013 Professional Automotive Equipment Supplier, No Heating\/Ventilation (Base Model) - Autoke-China Paint Booth Manufacturer<\/title>\n<meta name=\"robots\" content=\"index, follow, max-snippet:-1, max-image-preview:large, max-video-preview:-1\" \/>\n<link rel=\"canonical\" href=\"https:\/\/sprayboothmanufacturer.com\/de\/product\/7m-luxury-spray-booth-2\/\" \/>\n<meta property=\"og:locale\" content=\"de_DE\" \/>\n<meta property=\"og:type\" content=\"article\" \/>\n<meta property=\"og:title\" content=\"7m Luxury Spray Booth \u2013 Professional Automotive Equipment Supplier, No Heating\/Ventilation (Base Model) - Autoke-China Paint Booth Manufacturer\" \/>\n<meta property=\"og:description\" content=\"The\u00a0Autoke 7m Luxury Spray Booth (Model: ATK-LS7-007B)\u00a0is a cost-effective painting enclosure designed for automotive body shops and industrial finishing centers. Built with high-density rock wool panels, reinforced flooring, bright LED lighting, and multi-stage filtration, this base model provides a clean and well-lit workspace for painting, sanding, or preparation. Ready for customization with ventilation and heating systems, it offers exceptional value and flexibility. Factory direct \u2013 durable, safe, and built to last.\" \/>\n<meta property=\"og:url\" content=\"https:\/\/sprayboothmanufacturer.com\/de\/product\/7m-luxury-spray-booth-2\/\" \/>\n<meta property=\"og:site_name\" content=\"Autoke-China Paint Booth Manufacturer\" \/>\n<meta property=\"og:image\" content=\"https:\/\/sprayboothmanufacturer.com\/wp-content\/uploads\/2025\/11\/\u4e3b\u56fe-1.png\" \/>\n\t<meta property=\"og:image:width\" content=\"1600\" \/>\n\t<meta property=\"og:image:height\" content=\"1600\" \/>\n\t<meta property=\"og:image:type\" content=\"image\/png\" \/>\n<meta name=\"twitter:card\" content=\"summary_large_image\" \/>\n<meta name=\"twitter:label1\" content=\"Gesch\u00e4tzte Lesezeit\" \/>\n\t<meta name=\"twitter:data1\" content=\"4\u00a0Minuten\" \/>\n<script type=\"application\/ld+json\" class=\"yoast-schema-graph\">{\"@context\":\"https:\\\/\\\/schema.org\",\"@graph\":[{\"@type\":\"WebPage\",\"@id\":\"https:\\\/\\\/sprayboothmanufacturer.com\\\/product\\\/7m-luxury-spray-booth-2\\\/\",\"url\":\"https:\\\/\\\/sprayboothmanufacturer.com\\\/product\\\/7m-luxury-spray-booth-2\\\/\",\"name\":\"7m Luxury Spray Booth \u2013 Professional Automotive Equipment Supplier, No Heating\\\/Ventilation (Base Model) - Autoke-China Paint Booth Manufacturer\",\"isPartOf\":{\"@id\":\"https:\\\/\\\/sprayboothmanufacturer.com\\\/#website\"},\"primaryImageOfPage\":{\"@id\":\"https:\\\/\\\/sprayboothmanufacturer.com\\\/product\\\/7m-luxury-spray-booth-2\\\/#primaryimage\"},\"image\":{\"@id\":\"https:\\\/\\\/sprayboothmanufacturer.com\\\/product\\\/7m-luxury-spray-booth-2\\\/#primaryimage\"},\"thumbnailUrl\":\"https:\\\/\\\/sprayboothmanufacturer.com\\\/wp-content\\\/uploads\\\/2025\\\/11\\\/\u4e3b\u56fe-1.png\",\"datePublished\":\"2026-02-24T02:29:30+00:00\",\"breadcrumb\":{\"@id\":\"https:\\\/\\\/sprayboothmanufacturer.com\\\/product\\\/7m-luxury-spray-booth-2\\\/#breadcrumb\"},\"inLanguage\":\"de\",\"potentialAction\":[{\"@type\":\"ReadAction\",\"target\":[\"https:\\\/\\\/sprayboothmanufacturer.com\\\/product\\\/7m-luxury-spray-booth-2\\\/\"]}]},{\"@type\":\"ImageObject\",\"inLanguage\":\"de\",\"@id\":\"https:\\\/\\\/sprayboothmanufacturer.com\\\/product\\\/7m-luxury-spray-booth-2\\\/#primaryimage\",\"url\":\"https:\\\/\\\/sprayboothmanufacturer.com\\\/wp-content\\\/uploads\\\/2025\\\/11\\\/\u4e3b\u56fe-1.png\",\"contentUrl\":\"https:\\\/\\\/sprayboothmanufacturer.com\\\/wp-content\\\/uploads\\\/2025\\\/11\\\/\u4e3b\u56fe-1.png\",\"width\":1600,\"height\":1600,\"caption\":\"Car Spray Booth\"},{\"@type\":\"BreadcrumbList\",\"@id\":\"https:\\\/\\\/sprayboothmanufacturer.com\\\/product\\\/7m-luxury-spray-booth-2\\\/#breadcrumb\",\"itemListElement\":[{\"@type\":\"ListItem\",\"position\":1,\"name\":\"Home\",\"item\":\"https:\\\/\\\/sprayboothmanufacturer.com\\\/\"},{\"@type\":\"ListItem\",\"position\":2,\"name\":\"\u4ea7\u54c1\",\"item\":\"https:\\\/\\\/sprayboothmanufacturer.com\\\/shop__trashed\\\/\"},{\"@type\":\"ListItem\",\"position\":3,\"name\":\"7m Luxury Spray Booth \u2013 Professional Automotive Equipment Supplier, No Heating\\\/Ventilation (Base Model)\"}]},{\"@type\":\"WebSite\",\"@id\":\"https:\\\/\\\/sprayboothmanufacturer.com\\\/#website\",\"url\":\"https:\\\/\\\/sprayboothmanufacturer.com\\\/\",\"name\":\"Autoke-China Paint Booth Manufacturer\",\"description\":\"\",\"publisher\":{\"@id\":\"https:\\\/\\\/sprayboothmanufacturer.com\\\/#organization\"},\"potentialAction\":[{\"@type\":\"SearchAction\",\"target\":{\"@type\":\"EntryPoint\",\"urlTemplate\":\"https:\\\/\\\/sprayboothmanufacturer.com\\\/?s={search_term_string}\"},\"query-input\":{\"@type\":\"PropertyValueSpecification\",\"valueRequired\":true,\"valueName\":\"search_term_string\"}}],\"inLanguage\":\"de\"},{\"@type\":\"Organization\",\"@id\":\"https:\\\/\\\/sprayboothmanufacturer.com\\\/#organization\",\"name\":\"Autoke-China Paint Booth Manufacturer\",\"url\":\"https:\\\/\\\/sprayboothmanufacturer.com\\\/\",\"logo\":{\"@type\":\"ImageObject\",\"inLanguage\":\"de\",\"@id\":\"https:\\\/\\\/sprayboothmanufacturer.com\\\/#\\\/schema\\\/logo\\\/image\\\/\",\"url\":\"https:\\\/\\\/sprayboothmanufacturer.com\\\/wp-content\\\/uploads\\\/2025\\\/12\\\/\u5fae\u4fe1\u56fe\u7247_20260113195103_1750_4-scaled-e1768394147958.png\",\"contentUrl\":\"https:\\\/\\\/sprayboothmanufacturer.com\\\/wp-content\\\/uploads\\\/2025\\\/12\\\/\u5fae\u4fe1\u56fe\u7247_20260113195103_1750_4-scaled-e1768394147958.png\",\"width\":1740,\"height\":538,\"caption\":\"Autoke-China Paint Booth Manufacturer\"},\"image\":{\"@id\":\"https:\\\/\\\/sprayboothmanufacturer.com\\\/#\\\/schema\\\/logo\\\/image\\\/\"}}]}<\/script>\n<!-- \/ Yoast SEO plugin. -->","yoast_head_json":{"title":"7m Luxus-Spr\u00fchkabine \u2013 Professioneller Automobiltechnik-Lieferant, Kein Heizungs-\/Bel\u00fcftungssystem (Basismodell) - Autoke-China Lackierkabinenhersteller","robots":{"index":"index","follow":"follow","max-snippet":"max-snippet:-1","max-image-preview":"max-image-preview:large","max-video-preview":"max-video-preview:-1"},"canonical":"https:\/\/sprayboothmanufacturer.com\/de\/product\/7m-luxury-spray-booth-2\/","og_locale":"de_DE","og_type":"article","og_title":"7m Luxury Spray Booth \u2013 Professional Automotive Equipment Supplier, No Heating\/Ventilation (Base Model) - Autoke-China Paint Booth Manufacturer","og_description":"The\u00a0Autoke 7m Luxury Spray Booth (Model: ATK-LS7-007B)\u00a0is a cost-effective painting enclosure designed for automotive body shops and industrial finishing centers. Built with high-density rock wool panels, reinforced flooring, bright LED lighting, and multi-stage filtration, this base model provides a clean and well-lit workspace for painting, sanding, or preparation. Ready for customization with ventilation and heating systems, it offers exceptional value and flexibility. Factory direct \u2013 durable, safe, and built to last.","og_url":"https:\/\/sprayboothmanufacturer.com\/de\/product\/7m-luxury-spray-booth-2\/","og_site_name":"Autoke-China Paint Booth Manufacturer","og_image":[{"width":1600,"height":1600,"url":"https:\/\/sprayboothmanufacturer.com\/wp-content\/uploads\/2025\/11\/\u4e3b\u56fe-1.png","type":"image\/png"}],"twitter_card":"summary_large_image","twitter_misc":{"Gesch\u00e4tzte Lesezeit":"4\u00a0Minuten"},"schema":{"@context":"https:\/\/schema.org","@graph":[{"@type":"WebPage","@id":"https:\/\/sprayboothmanufacturer.com\/product\/7m-luxury-spray-booth-2\/","url":"https:\/\/sprayboothmanufacturer.com\/product\/7m-luxury-spray-booth-2\/","name":"7m Luxus-Spr\u00fchkabine \u2013 Professioneller Automobiltechnik-Lieferant, Kein Heizungs-\/Bel\u00fcftungssystem (Basismodell) - Autoke-China Lackierkabinenhersteller","isPartOf":{"@id":"https:\/\/sprayboothmanufacturer.com\/#website"},"primaryImageOfPage":{"@id":"https:\/\/sprayboothmanufacturer.com\/product\/7m-luxury-spray-booth-2\/#primaryimage"},"image":{"@id":"https:\/\/sprayboothmanufacturer.com\/product\/7m-luxury-spray-booth-2\/#primaryimage"},"thumbnailUrl":"https:\/\/sprayboothmanufacturer.com\/wp-content\/uploads\/2025\/11\/\u4e3b\u56fe-1.png","datePublished":"2026-02-24T02:29:30+00:00","breadcrumb":{"@id":"https:\/\/sprayboothmanufacturer.com\/product\/7m-luxury-spray-booth-2\/#breadcrumb"},"inLanguage":"de","potentialAction":[{"@type":"ReadAction","target":["https:\/\/sprayboothmanufacturer.com\/product\/7m-luxury-spray-booth-2\/"]}]},{"@type":"ImageObject","inLanguage":"de","@id":"https:\/\/sprayboothmanufacturer.com\/product\/7m-luxury-spray-booth-2\/#primaryimage","url":"https:\/\/sprayboothmanufacturer.com\/wp-content\/uploads\/2025\/11\/\u4e3b\u56fe-1.png","contentUrl":"https:\/\/sprayboothmanufacturer.com\/wp-content\/uploads\/2025\/11\/\u4e3b\u56fe-1.png","width":1600,"height":1600,"caption":"Car Spray Booth"},{"@type":"BreadcrumbList","@id":"https:\/\/sprayboothmanufacturer.com\/product\/7m-luxury-spray-booth-2\/#breadcrumb","itemListElement":[{"@type":"ListItem","position":1,"name":"Home","item":"https:\/\/sprayboothmanufacturer.com\/"},{"@type":"ListItem","position":2,"name":"\u4ea7\u54c1","item":"https:\/\/sprayboothmanufacturer.com\/shop__trashed\/"},{"@type":"ListItem","position":3,"name":"7m Luxury Spray Booth \u2013 Professional Automotive Equipment Supplier, No Heating\/Ventilation (Base Model)"}]},{"@type":"WebSite","@id":"https:\/\/sprayboothmanufacturer.com\/#website","url":"https:\/\/sprayboothmanufacturer.com\/","name":"Autoke-Deutschland Lackierkabinenhersteller","description":"","publisher":{"@id":"https:\/\/sprayboothmanufacturer.com\/#organization"},"potentialAction":[{"@type":"SearchAction","target":{"@type":"EntryPoint","urlTemplate":"https:\/\/sprayboothmanufacturer.com\/?s={search_term_string}"},"query-input":{"@type":"PropertyValueSpecification","valueRequired":true,"valueName":"search_term_string"}}],"inLanguage":"de"},{"@type":"Organization","@id":"https:\/\/sprayboothmanufacturer.com\/#organization","name":"Autoke-Deutschland Lackierkabinenhersteller","url":"https:\/\/sprayboothmanufacturer.com\/","logo":{"@type":"ImageObject","inLanguage":"de","@id":"https:\/\/sprayboothmanufacturer.com\/#\/schema\/logo\/image\/","url":"https:\/\/sprayboothmanufacturer.com\/wp-content\/uploads\/2025\/12\/\u5fae\u4fe1\u56fe\u7247_20260113195103_1750_4-scaled-e1768394147958.png","contentUrl":"https:\/\/sprayboothmanufacturer.com\/wp-content\/uploads\/2025\/12\/\u5fae\u4fe1\u56fe\u7247_20260113195103_1750_4-scaled-e1768394147958.png","width":1740,"height":538,"caption":"Autoke-China Paint Booth Manufacturer"},"image":{"@id":"https:\/\/sprayboothmanufacturer.com\/#\/schema\/logo\/image\/"}}]}},"_links":{"self":[{"href":"https:\/\/sprayboothmanufacturer.com\/de\/wp-json\/wp\/v2\/product\/3348","targetHints":{"allow":["GET"]}}],"collection":[{"href":"https:\/\/sprayboothmanufacturer.com\/de\/wp-json\/wp\/v2\/product"}],"about":[{"href":"https:\/\/sprayboothmanufacturer.com\/de\/wp-json\/wp\/v2\/types\/product"}],"replies":[{"embeddable":true,"href":"https:\/\/sprayboothmanufacturer.com\/de\/wp-json\/wp\/v2\/comments?post=3348"}],"version-history":[{"count":1,"href":"https:\/\/sprayboothmanufacturer.com\/de\/wp-json\/wp\/v2\/product\/3348\/revisions"}],"predecessor-version":[{"id":3349,"href":"https:\/\/sprayboothmanufacturer.com\/de\/wp-json\/wp\/v2\/product\/3348\/revisions\/3349"}],"wp:featuredmedia":[{"embeddable":true,"href":"https:\/\/sprayboothmanufacturer.com\/de\/wp-json\/wp\/v2\/media\/2261"}],"wp:attachment":[{"href":"https:\/\/sprayboothmanufacturer.com\/de\/wp-json\/wp\/v2\/media?parent=3348"}],"wp:term":[{"taxonomy":"product_brand","embeddable":true,"href":"https:\/\/sprayboothmanufacturer.com\/de\/wp-json\/wp\/v2\/product_brand?post=3348"},{"taxonomy":"product_cat","embeddable":true,"href":"https:\/\/sprayboothmanufacturer.com\/de\/wp-json\/wp\/v2\/product_cat?post=3348"},{"taxonomy":"product_tag","embeddable":true,"href":"https:\/\/sprayboothmanufacturer.com\/de\/wp-json\/wp\/v2\/product_tag?post=3348"}],"curies":[{"name":"wp","href":"https:\/\/api.w.org\/{rel}","templated":true}]}}