{"id":3304,"date":"2026-02-09T03:32:17","date_gmt":"2026-02-09T03:32:17","guid":{"rendered":"https:\/\/sprayboothmanufacturer.com\/?post_type=product&#038;p=3304"},"modified":"2026-02-09T03:32:17","modified_gmt":"2026-02-09T03:32:17","slug":"7m-luxury-gas-spray-booth","status":"publish","type":"product","link":"https:\/\/sprayboothmanufacturer.com\/de\/product\/7m-luxury-gas-spray-booth\/","title":{"rendered":"7m Luxus-Gas-Spr\u00fchkabine mit Vollglasschiebet\u00fcren | Hochsichtbares Automobillackiersystem | Industrielle Werkstattausr\u00fcstung"},"content":{"rendered":"<table style=\"height: 263px;\" width=\"783\">\n<tbody>\n<tr>\n<td width=\"142\"><strong><b>Mindestbestellmenge :<\/b><\/strong><\/td>\n<td width=\"142\">1 St\u00fcck<\/td>\n<td width=\"142\"><strong><b>Preis :<\/b><\/strong><\/td>\n<td width=\"142\">Verhandlungssache<\/td>\n<\/tr>\n<tr>\n<td width=\"142\"><strong><b>Verpackungsdetails :<\/b><\/strong><\/td>\n<td width=\"142\">40G oder 20GP\/Einheit<\/td>\n<td width=\"142\"><strong><b>Lieferzeit :<\/b><\/strong><\/td>\n<td width=\"142\">15 Tage, Verhandlungssache<\/td>\n<\/tr>\n<tr>\n<td width=\"142\"><strong><b>Zahlungsbedingungen :<\/b><\/strong><\/td>\n<td width=\"142\">L\/C, T\/T<\/td>\n<td width=\"142\"><strong><b>Lieferf\u00e4higkeit :<\/b><\/strong><\/td>\n<td width=\"142\">50 Einheiten\/Einheiten pro Monat Industrielle Spr\u00fchkabine Bus-Spr\u00fchkabine<\/td>\n<\/tr>\n<tr>\n<td width=\"142\"><strong><b>Herkunftsland:<\/b><\/strong><\/td>\n<td width=\"142\">Jiangsu, China<\/td>\n<td width=\"142\"><strong><b>Markenname:<\/b><\/strong><\/td>\n<td width=\"142\">Autoke<\/td>\n<\/tr>\n<tr>\n<td width=\"142\"><strong><b>Zertifizierung:<\/b><\/strong><\/td>\n<td width=\"142\">CE<\/td>\n<td width=\"142\"><strong><b>Modellnummer:<\/b><\/strong><\/td>\n<td width=\"142\">ATK-7M-LUX-GAS-GL<\/td>\n<\/tr>\n<\/tbody>\n<\/table>\n<p class=\"ds-markdown-paragraph\">Die\u00a0<strong>Autoke 7m Luxus-Gasheiz-Spritzkabine mit Vollglast\u00fcren<\/strong>\u00a0kombiniert die Effizienz eines gasbetriebenen Heizungssystems mit den betrieblichen Vorteilen eines hochsichtbaren Zugangs. Entwickelt f\u00fcr professionelle Karosseriewerkst\u00e4tten und Lackierzentren, verf\u00fcgt dieses Modell \u00fcber gro\u00dfe Sicherheitsglas-T\u00fcren, die \u00dcberwachung, Sicherheit und Arbeitsablauf verbessern, w\u00e4hrend alle Leistungsstandards unserer Luxusserie eingehalten werden.<\/p>\n<p class=\"ds-markdown-paragraph\"><strong>Hauptmerkmale:<\/strong><\/p>\n<ul>\n<li>\n<p class=\"ds-markdown-paragraph\"><strong>Hochsichtbares Glast\u00fcr-Design:<\/strong>\u00a0Verf\u00fcgt \u00fcber drei gro\u00dfe Frontt\u00fcren mit 5mm hochtemperaturbest\u00e4ndigem Sicherheitsglas, das eine hervorragende Sicht in die Kabine erm\u00f6glicht, um \u00dcberwachung, Sicherheit und Beleuchtung zu verbessern, ohne die W\u00e4rmed\u00e4mmung zu beeintr\u00e4chtigen.<\/p>\n<\/li>\n<li>\n<p class=\"ds-markdown-paragraph\"><strong>Effizientes Gasheizungssystem:<\/strong>\u00a0Angetrieben von einem zuverl\u00e4ssigen RIELLO G20 Gas-\/Dieselbrenner, der eine schnelle Aufheizung auf 40\u00b0C innerhalb von 5-8 Minuten erm\u00f6glicht und eine maximale Backtemperatur von 80\u00b0C f\u00fcr eine gleichm\u00e4\u00dfige, hochwertige Lacktrocknung erreicht.<\/p>\n<\/li>\n<li>\n<p class=\"ds-markdown-paragraph\"><strong>Robuste Bel\u00fcftung &amp; Filtration:<\/strong>\u00a0Ausgestattet mit einem 2x4KW-Doppel-Ansaugventilator-System (25.000 m\u00b3\/h) und einem 3KW-Auspuffventilator, kombiniert mit einem dreistufigen Filtersystem (Deckenwirkungsgrad &gt;98%), um eine saubere, sichere und regelkonforme Lackierumgebung zu gew\u00e4hrleisten.<\/p>\n<\/li>\n<li>\n<p class=\"ds-markdown-paragraph\"><strong>Langlebige industrielle Konstruktion:<\/strong>\u00a0Gebaut mit 5cm feuerfest isolierten Wandpaneelen, einem verzinkten Stahl-Dach und einem robusten 300mm hohen verzinkten Stahlgitterboden f\u00fcr eine langanhaltende Leistung.<\/p>\n<\/li>\n<li>\n<p class=\"ds-markdown-paragraph\"><strong>Intelligentes Steuerungssystem:<\/strong>\u00a0Benutzerfreundliches zentrales Steuerpult zur Steuerung von Beleuchtung, Spritz-, Backzyklen, Temperatur, Timer und mit Not-Aus-Funktion.<\/p>\n<\/li>\n<li>\n<p class=\"ds-markdown-paragraph\"><strong>Professionelles LED-Beleuchtungssystem:<\/strong>\u00a0Beinhaltet 24 St\u00fcck 18W LED-Deckenleuchten und Wandlichter, die eine helle, schattenfreie Beleuchtung bieten, die f\u00fcr Pr\u00e4zisionsarbeit unerl\u00e4sslich ist, verst\u00e4rkt durch die Glast\u00fcren.<\/p>\n<\/li>\n<\/ul>\n<p class=\"ds-markdown-paragraph\"><strong>Technische Spezifikationen:<\/strong><\/p>\n<ul>\n<li>\n<p class=\"ds-markdown-paragraph\">\u00c4u\u00dfere Abmessungen: 7000 (L) x 4000 (B) x 3350 (H) mm<\/p>\n<\/li>\n<li>\n<p class=\"ds-markdown-paragraph\">Innere Arbeitsabmessungen: 6900 (L) x 3900 (B) x 2650 (H) mm<\/p>\n<\/li>\n<li>\n<p class=\"ds-markdown-paragraph\">Hauptt\u00fcr: Dreiteilige Glast\u00fcr, insgesamt 3000mm B x 2750mm H<\/p>\n<\/li>\n<li>\n<p class=\"ds-markdown-paragraph\">Spannung \/ Frequenz: 220V \/ 380V, 50Hz<\/p>\n<\/li>\n<li>\n<p class=\"ds-markdown-paragraph\">Heizungsart: Gas (Kompatibel mit Diesel)<\/p>\n<\/li>\n<li>\n<p class=\"ds-markdown-paragraph\">Versandvolumen: ca. 19 CBM, passt in einen 20-Fu\u00df-Container<\/p>\n<\/li>\n<li>\n<p class=\"ds-markdown-paragraph\">Standardfarben: Rot, Blau, Wei\u00df, Grau, Orange usw.<\/p>\n<\/li>\n<\/ul>\n<p class=\"ds-markdown-paragraph\"><strong>Preishinweis:<\/strong><br \/>\nDieser Preis ist indikativ f\u00fcr die Konfiguration mit Glast\u00fcren und Gasheizung. Der endg\u00fcltige Preis h\u00e4ngt von spezifischen technischen Anforderungen, regionalen Anpassungen und optionalem Zubeh\u00f6r ab. Wir empfehlen, unser technisches Team f\u00fcr eine pr\u00e4zise und ma\u00dfgeschneiderte Angebotserstellung zu konsultieren.<\/p>","protected":false},"excerpt":{"rendered":"<p>Der Autoke 7m Luxus-Gas-Spritzkabine mit Vollglast\u00fcren bietet eine \u00fcberlegene Kombination aus Funktionalit\u00e4t und Sichtbarkeit f\u00fcr professionelle Fahrzeuglackierungen. Sein Gasheizungssystem sorgt f\u00fcr effizienten Betrieb, w\u00e4hrend die gro\u00dfen Sicherheitsglas-T\u00fcren die Sicherheit, \u00dcberwachung und nat\u00fcrliches Licht verbessern. F\u00fcr Langlebigkeit gebaut und mit fortschrittlicher Filtration ausgestattet, ist es die ideale Wahl f\u00fcr Werkst\u00e4tten, die Wert auf effizienten Arbeitsablauf und erstklassige Oberfl\u00e4chenqualit\u00e4t legen.<\/p>","protected":false},"featured_media":2861,"comment_status":"open","ping_status":"closed","template":"","meta":[],"product_brand":[76],"product_cat":[60,59],"product_tag":[79,73,93,63,67,69,68,88,83],"class_list":{"0":"post-3304","1":"product","2":"type-product","3":"status-publish","4":"has-post-thumbnail","6":"product_brand-autoke","7":"product_cat-car-spray-booth","8":"product_cat-spray-booth","9":"product_tag-automotive-spray-booth","10":"product_tag-automotive-spray-booth-manufacturer","11":"product_tag-bus-spray-booth-baking-system","12":"product_tag-car-spray-booth","13":"product_tag-car-spray-booth-manufacturing","14":"product_tag-ce-car-spray-booth","15":"product_tag-customized-car-spray-booth","16":"product_tag-heavy-duty-paint-booth","17":"product_tag-paint-booth-solutions","19":"first","20":"instock","21":"shipping-taxable","22":"product-type-simple"},"yoast_head":"<!-- This site is optimized with the Yoast SEO plugin v27.4 - https:\/\/yoast.com\/product\/yoast-seo-wordpress\/ -->\n<title>7m Luxury Gas Spray Booth with Full Glass Doors | High-Visibility Automotive Painting System | Industrial Workshop Equipment - Autoke-China Paint Booth Manufacturer<\/title>\n<meta name=\"robots\" content=\"index, follow, max-snippet:-1, max-image-preview:large, max-video-preview:-1\" \/>\n<link rel=\"canonical\" href=\"https:\/\/sprayboothmanufacturer.com\/de\/product\/7m-luxury-gas-spray-booth\/\" \/>\n<meta property=\"og:locale\" content=\"de_DE\" \/>\n<meta property=\"og:type\" content=\"article\" \/>\n<meta property=\"og:title\" content=\"7m Luxury Gas Spray Booth with Full Glass Doors | High-Visibility Automotive Painting System | Industrial Workshop Equipment - Autoke-China Paint Booth Manufacturer\" \/>\n<meta property=\"og:description\" content=\"The Autoke 7m Luxury Gas Spray Booth with Full Glass Doors offers a superior blend of functionality and visibility for professional automotive painting. Its gas heating system ensures efficient operation, while the large tempered glass doors enhance safety, monitoring, and natural light. Built for durability and equipped with advanced filtration, it&#039;s the ideal choice for workshops prioritizing workflow efficiency and top-tier finish quality.\" \/>\n<meta property=\"og:url\" content=\"https:\/\/sprayboothmanufacturer.com\/de\/product\/7m-luxury-gas-spray-booth\/\" \/>\n<meta property=\"og:site_name\" content=\"Autoke-China Paint Booth Manufacturer\" \/>\n<meta property=\"og:image\" content=\"https:\/\/sprayboothmanufacturer.com\/wp-content\/uploads\/2026\/01\/9421765265812_.pic_hd.jpg\" \/>\n\t<meta property=\"og:image:width\" content=\"1920\" \/>\n\t<meta property=\"og:image:height\" content=\"1080\" \/>\n\t<meta property=\"og:image:type\" content=\"image\/jpeg\" \/>\n<meta name=\"twitter:card\" content=\"summary_large_image\" \/>\n<meta name=\"twitter:label1\" content=\"Gesch\u00e4tzte Lesezeit\" \/>\n\t<meta name=\"twitter:data1\" content=\"2\u00a0Minuten\" \/>\n<script type=\"application\/ld+json\" class=\"yoast-schema-graph\">{\"@context\":\"https:\\\/\\\/schema.org\",\"@graph\":[{\"@type\":\"WebPage\",\"@id\":\"https:\\\/\\\/sprayboothmanufacturer.com\\\/product\\\/7m-luxury-gas-spray-booth\\\/\",\"url\":\"https:\\\/\\\/sprayboothmanufacturer.com\\\/product\\\/7m-luxury-gas-spray-booth\\\/\",\"name\":\"7m Luxury Gas Spray Booth with Full Glass Doors | High-Visibility Automotive Painting System | Industrial Workshop Equipment - Autoke-China Paint Booth Manufacturer\",\"isPartOf\":{\"@id\":\"https:\\\/\\\/sprayboothmanufacturer.com\\\/#website\"},\"primaryImageOfPage\":{\"@id\":\"https:\\\/\\\/sprayboothmanufacturer.com\\\/product\\\/7m-luxury-gas-spray-booth\\\/#primaryimage\"},\"image\":{\"@id\":\"https:\\\/\\\/sprayboothmanufacturer.com\\\/product\\\/7m-luxury-gas-spray-booth\\\/#primaryimage\"},\"thumbnailUrl\":\"https:\\\/\\\/sprayboothmanufacturer.com\\\/wp-content\\\/uploads\\\/2026\\\/01\\\/9421765265812_.pic_hd.jpg\",\"datePublished\":\"2026-02-09T03:32:17+00:00\",\"breadcrumb\":{\"@id\":\"https:\\\/\\\/sprayboothmanufacturer.com\\\/product\\\/7m-luxury-gas-spray-booth\\\/#breadcrumb\"},\"inLanguage\":\"de\",\"potentialAction\":[{\"@type\":\"ReadAction\",\"target\":[\"https:\\\/\\\/sprayboothmanufacturer.com\\\/product\\\/7m-luxury-gas-spray-booth\\\/\"]}]},{\"@type\":\"ImageObject\",\"inLanguage\":\"de\",\"@id\":\"https:\\\/\\\/sprayboothmanufacturer.com\\\/product\\\/7m-luxury-gas-spray-booth\\\/#primaryimage\",\"url\":\"https:\\\/\\\/sprayboothmanufacturer.com\\\/wp-content\\\/uploads\\\/2026\\\/01\\\/9421765265812_.pic_hd.jpg\",\"contentUrl\":\"https:\\\/\\\/sprayboothmanufacturer.com\\\/wp-content\\\/uploads\\\/2026\\\/01\\\/9421765265812_.pic_hd.jpg\",\"width\":1920,\"height\":1080,\"caption\":\"Paint Mixing Room\"},{\"@type\":\"BreadcrumbList\",\"@id\":\"https:\\\/\\\/sprayboothmanufacturer.com\\\/product\\\/7m-luxury-gas-spray-booth\\\/#breadcrumb\",\"itemListElement\":[{\"@type\":\"ListItem\",\"position\":1,\"name\":\"Home\",\"item\":\"https:\\\/\\\/sprayboothmanufacturer.com\\\/\"},{\"@type\":\"ListItem\",\"position\":2,\"name\":\"\u4ea7\u54c1\",\"item\":\"https:\\\/\\\/sprayboothmanufacturer.com\\\/shop__trashed\\\/\"},{\"@type\":\"ListItem\",\"position\":3,\"name\":\"7m Luxury Gas Spray Booth with Full Glass Doors | High-Visibility Automotive Painting System | Industrial Workshop Equipment\"}]},{\"@type\":\"WebSite\",\"@id\":\"https:\\\/\\\/sprayboothmanufacturer.com\\\/#website\",\"url\":\"https:\\\/\\\/sprayboothmanufacturer.com\\\/\",\"name\":\"Autoke-China Paint Booth Manufacturer\",\"description\":\"\",\"publisher\":{\"@id\":\"https:\\\/\\\/sprayboothmanufacturer.com\\\/#organization\"},\"potentialAction\":[{\"@type\":\"SearchAction\",\"target\":{\"@type\":\"EntryPoint\",\"urlTemplate\":\"https:\\\/\\\/sprayboothmanufacturer.com\\\/?s={search_term_string}\"},\"query-input\":{\"@type\":\"PropertyValueSpecification\",\"valueRequired\":true,\"valueName\":\"search_term_string\"}}],\"inLanguage\":\"de\"},{\"@type\":\"Organization\",\"@id\":\"https:\\\/\\\/sprayboothmanufacturer.com\\\/#organization\",\"name\":\"Autoke-China Paint Booth Manufacturer\",\"url\":\"https:\\\/\\\/sprayboothmanufacturer.com\\\/\",\"logo\":{\"@type\":\"ImageObject\",\"inLanguage\":\"de\",\"@id\":\"https:\\\/\\\/sprayboothmanufacturer.com\\\/#\\\/schema\\\/logo\\\/image\\\/\",\"url\":\"https:\\\/\\\/sprayboothmanufacturer.com\\\/wp-content\\\/uploads\\\/2025\\\/12\\\/\u5fae\u4fe1\u56fe\u7247_20260113195103_1750_4-scaled-e1768394147958.png\",\"contentUrl\":\"https:\\\/\\\/sprayboothmanufacturer.com\\\/wp-content\\\/uploads\\\/2025\\\/12\\\/\u5fae\u4fe1\u56fe\u7247_20260113195103_1750_4-scaled-e1768394147958.png\",\"width\":1740,\"height\":538,\"caption\":\"Autoke-China Paint Booth Manufacturer\"},\"image\":{\"@id\":\"https:\\\/\\\/sprayboothmanufacturer.com\\\/#\\\/schema\\\/logo\\\/image\\\/\"}}]}<\/script>\n<!-- \/ Yoast SEO plugin. -->","yoast_head_json":{"title":"7m Luxus-Gas-Spr\u00fchkabine mit Vollglast\u00fcren | Hochsichtbares Automobillackiersystem | Industrielle Werkstattausr\u00fcstung - Autoke-Deutschland Lackierkabinenhersteller","robots":{"index":"index","follow":"follow","max-snippet":"max-snippet:-1","max-image-preview":"max-image-preview:large","max-video-preview":"max-video-preview:-1"},"canonical":"https:\/\/sprayboothmanufacturer.com\/de\/product\/7m-luxury-gas-spray-booth\/","og_locale":"de_DE","og_type":"article","og_title":"7m Luxury Gas Spray Booth with Full Glass Doors | High-Visibility Automotive Painting System | Industrial Workshop Equipment - Autoke-China Paint Booth Manufacturer","og_description":"The Autoke 7m Luxury Gas Spray Booth with Full Glass Doors offers a superior blend of functionality and visibility for professional automotive painting. Its gas heating system ensures efficient operation, while the large tempered glass doors enhance safety, monitoring, and natural light. Built for durability and equipped with advanced filtration, it's the ideal choice for workshops prioritizing workflow efficiency and top-tier finish quality.","og_url":"https:\/\/sprayboothmanufacturer.com\/de\/product\/7m-luxury-gas-spray-booth\/","og_site_name":"Autoke-China Paint Booth Manufacturer","og_image":[{"width":1920,"height":1080,"url":"https:\/\/sprayboothmanufacturer.com\/wp-content\/uploads\/2026\/01\/9421765265812_.pic_hd.jpg","type":"image\/jpeg"}],"twitter_card":"summary_large_image","twitter_misc":{"Gesch\u00e4tzte Lesezeit":"2\u00a0Minuten"},"schema":{"@context":"https:\/\/schema.org","@graph":[{"@type":"WebPage","@id":"https:\/\/sprayboothmanufacturer.com\/product\/7m-luxury-gas-spray-booth\/","url":"https:\/\/sprayboothmanufacturer.com\/product\/7m-luxury-gas-spray-booth\/","name":"7m Luxus-Gas-Spr\u00fchkabine mit Vollglast\u00fcren | Hochsichtbares Automobillackiersystem | Industrielle Werkstattausr\u00fcstung - Autoke-Deutschland Lackierkabinenhersteller","isPartOf":{"@id":"https:\/\/sprayboothmanufacturer.com\/#website"},"primaryImageOfPage":{"@id":"https:\/\/sprayboothmanufacturer.com\/product\/7m-luxury-gas-spray-booth\/#primaryimage"},"image":{"@id":"https:\/\/sprayboothmanufacturer.com\/product\/7m-luxury-gas-spray-booth\/#primaryimage"},"thumbnailUrl":"https:\/\/sprayboothmanufacturer.com\/wp-content\/uploads\/2026\/01\/9421765265812_.pic_hd.jpg","datePublished":"2026-02-09T03:32:17+00:00","breadcrumb":{"@id":"https:\/\/sprayboothmanufacturer.com\/product\/7m-luxury-gas-spray-booth\/#breadcrumb"},"inLanguage":"de","potentialAction":[{"@type":"ReadAction","target":["https:\/\/sprayboothmanufacturer.com\/product\/7m-luxury-gas-spray-booth\/"]}]},{"@type":"ImageObject","inLanguage":"de","@id":"https:\/\/sprayboothmanufacturer.com\/product\/7m-luxury-gas-spray-booth\/#primaryimage","url":"https:\/\/sprayboothmanufacturer.com\/wp-content\/uploads\/2026\/01\/9421765265812_.pic_hd.jpg","contentUrl":"https:\/\/sprayboothmanufacturer.com\/wp-content\/uploads\/2026\/01\/9421765265812_.pic_hd.jpg","width":1920,"height":1080,"caption":"Paint Mixing Room"},{"@type":"BreadcrumbList","@id":"https:\/\/sprayboothmanufacturer.com\/product\/7m-luxury-gas-spray-booth\/#breadcrumb","itemListElement":[{"@type":"ListItem","position":1,"name":"Home","item":"https:\/\/sprayboothmanufacturer.com\/"},{"@type":"ListItem","position":2,"name":"\u4ea7\u54c1","item":"https:\/\/sprayboothmanufacturer.com\/shop__trashed\/"},{"@type":"ListItem","position":3,"name":"7m Luxury Gas Spray Booth with Full Glass Doors | High-Visibility Automotive Painting System | Industrial Workshop Equipment"}]},{"@type":"WebSite","@id":"https:\/\/sprayboothmanufacturer.com\/#website","url":"https:\/\/sprayboothmanufacturer.com\/","name":"Autoke-Deutschland Lackierkabinenhersteller","description":"","publisher":{"@id":"https:\/\/sprayboothmanufacturer.com\/#organization"},"potentialAction":[{"@type":"SearchAction","target":{"@type":"EntryPoint","urlTemplate":"https:\/\/sprayboothmanufacturer.com\/?s={search_term_string}"},"query-input":{"@type":"PropertyValueSpecification","valueRequired":true,"valueName":"search_term_string"}}],"inLanguage":"de"},{"@type":"Organization","@id":"https:\/\/sprayboothmanufacturer.com\/#organization","name":"Autoke-Deutschland Lackierkabinenhersteller","url":"https:\/\/sprayboothmanufacturer.com\/","logo":{"@type":"ImageObject","inLanguage":"de","@id":"https:\/\/sprayboothmanufacturer.com\/#\/schema\/logo\/image\/","url":"https:\/\/sprayboothmanufacturer.com\/wp-content\/uploads\/2025\/12\/\u5fae\u4fe1\u56fe\u7247_20260113195103_1750_4-scaled-e1768394147958.png","contentUrl":"https:\/\/sprayboothmanufacturer.com\/wp-content\/uploads\/2025\/12\/\u5fae\u4fe1\u56fe\u7247_20260113195103_1750_4-scaled-e1768394147958.png","width":1740,"height":538,"caption":"Autoke-China Paint Booth Manufacturer"},"image":{"@id":"https:\/\/sprayboothmanufacturer.com\/#\/schema\/logo\/image\/"}}]}},"_links":{"self":[{"href":"https:\/\/sprayboothmanufacturer.com\/de\/wp-json\/wp\/v2\/product\/3304","targetHints":{"allow":["GET"]}}],"collection":[{"href":"https:\/\/sprayboothmanufacturer.com\/de\/wp-json\/wp\/v2\/product"}],"about":[{"href":"https:\/\/sprayboothmanufacturer.com\/de\/wp-json\/wp\/v2\/types\/product"}],"replies":[{"embeddable":true,"href":"https:\/\/sprayboothmanufacturer.com\/de\/wp-json\/wp\/v2\/comments?post=3304"}],"version-history":[{"count":1,"href":"https:\/\/sprayboothmanufacturer.com\/de\/wp-json\/wp\/v2\/product\/3304\/revisions"}],"predecessor-version":[{"id":3305,"href":"https:\/\/sprayboothmanufacturer.com\/de\/wp-json\/wp\/v2\/product\/3304\/revisions\/3305"}],"wp:featuredmedia":[{"embeddable":true,"href":"https:\/\/sprayboothmanufacturer.com\/de\/wp-json\/wp\/v2\/media\/2861"}],"wp:attachment":[{"href":"https:\/\/sprayboothmanufacturer.com\/de\/wp-json\/wp\/v2\/media?parent=3304"}],"wp:term":[{"taxonomy":"product_brand","embeddable":true,"href":"https:\/\/sprayboothmanufacturer.com\/de\/wp-json\/wp\/v2\/product_brand?post=3304"},{"taxonomy":"product_cat","embeddable":true,"href":"https:\/\/sprayboothmanufacturer.com\/de\/wp-json\/wp\/v2\/product_cat?post=3304"},{"taxonomy":"product_tag","embeddable":true,"href":"https:\/\/sprayboothmanufacturer.com\/de\/wp-json\/wp\/v2\/product_tag?post=3304"}],"curies":[{"name":"wp","href":"https:\/\/api.w.org\/{rel}","templated":true}]}}