{"id":3290,"date":"2026-02-07T05:19:13","date_gmt":"2026-02-07T05:19:13","guid":{"rendered":"https:\/\/sprayboothmanufacturer.com\/?post_type=product&#038;p=3290"},"modified":"2026-02-07T05:19:13","modified_gmt":"2026-02-07T05:19:13","slug":"7m-luxury-diesel-spray-booth-2","status":"publish","type":"product","link":"https:\/\/sprayboothmanufacturer.com\/de\/product\/7m-luxury-diesel-spray-booth-2\/","title":{"rendered":"ATK-7000-DH-PRO 7m Luxus Diesel Spr\u00fchkabine | Professionelle Automobilreparatur- und Lackierausr\u00fcstung | Industrielle Hochleistungsheizungsl\u00f6sung | Anpassbar | Direkt ab Werk"},"content":{"rendered":"<table style=\"height: 214px;\" width=\"781\">\n<tbody>\n<tr>\n<td width=\"142\"><strong><b>Mindestbestellmenge :<\/b><\/strong><\/td>\n<td width=\"142\">1 St\u00fcck<\/td>\n<td width=\"142\"><strong><b>Preis :<\/b><\/strong><\/td>\n<td width=\"142\">Verhandlungssache<\/td>\n<\/tr>\n<tr>\n<td width=\"142\"><strong><b>Verpackungsdetails :<\/b><\/strong><\/td>\n<td width=\"142\">40G oder 20GP\/Einheit<\/td>\n<td width=\"142\"><strong><b>Lieferzeit :<\/b><\/strong><\/td>\n<td width=\"142\">15 Tage, Verhandlungssache<\/td>\n<\/tr>\n<tr>\n<td width=\"142\"><strong><b>Zahlungsbedingungen :<\/b><\/strong><\/td>\n<td width=\"142\">L\/C, T\/T<\/td>\n<td width=\"142\"><strong><b>Lieferf\u00e4higkeit :<\/b><\/strong><\/td>\n<td width=\"142\">50 Einheiten\/Einheiten pro Monat Industrielle Spr\u00fchkabine Bus-Spr\u00fchkabine<\/td>\n<\/tr>\n<tr>\n<td width=\"142\"><strong><b>Herkunftsland:<\/b><\/strong><\/td>\n<td width=\"142\">Jiangsu, China<\/td>\n<td width=\"142\"><strong><b>Markenname:<\/b><\/strong><\/td>\n<td width=\"142\">Autoke<\/td>\n<\/tr>\n<tr>\n<td width=\"142\"><strong><b>Zertifizierung:<\/b><\/strong><\/td>\n<td width=\"142\">CE<\/td>\n<td width=\"142\"><strong><b>Modellnummer:<\/b><\/strong><\/td>\n<td width=\"142\">ATK-7000-DH-PRO<\/td>\n<\/tr>\n<\/tbody>\n<\/table>\n<p class=\"ds-markdown-paragraph\"><strong>ATK-7000-DH-PRO 7m Luxus-Diesel-Heizspritzkabine<\/strong><\/p>\n<p class=\"ds-markdown-paragraph\">Dieses Produkt ist eine robuste und leistungsstarke professionelle Diesel-Spritzkabine, geeignet f\u00fcr Autoreparaturzentren, professionelle Karosseriewerkst\u00e4tten und industrielle Beschichtungsproduktionslinien. Es integriert ein effizientes RIELLO G20-Dieselheizsystem mit leistungsstarker Bel\u00fcftung und pr\u00e4ziser Luftfiltration, um eine zuverl\u00e4ssige, energieeffiziente und umweltbewusste Lackierl\u00f6sung zu bieten, ideal f\u00fcr mittlere bis hohe Volumen-Kontinuausf\u00fchrungen.<\/p>\n<p class=\"ds-markdown-paragraph\"><strong>Hauptmerkmale &amp; Vorteile:<\/strong><\/p>\n<p class=\"ds-markdown-paragraph\">\ud83d\udd25\u00a0<strong>Hochleistungs-Diesel-Heizsystem<\/strong><\/p>\n<ul>\n<li>\n<p class=\"ds-markdown-paragraph\">Ausgestattet mit einem\u00a0<strong>RIELLO G20-Dieselbrenner<\/strong>\u00a0f\u00fcr schnelles und stabiles Heizen, Erreichen von\u00a0<strong>40\u00b0C innerhalb von 5\u20138 Minuten<\/strong>\u00a0und einer maximalen Backtemperatur von\u00a0<strong>80\u00b0C<\/strong>.<\/p>\n<\/li>\n<li>\n<p class=\"ds-markdown-paragraph\">Geeignet f\u00fcr verschiedene Lackier- und Aush\u00e4rtungsprozesse, mit starker Kraftstoffanpassungsf\u00e4higkeit und wirtschaftlichen Betriebskosten.<\/p>\n<\/li>\n<\/ul>\n<p class=\"ds-markdown-paragraph\">\ud83d\udca8\u00a0<strong>Leistungsstarke Bel\u00fcftung &amp; Luftstrom<\/strong><\/p>\n<ul>\n<li>\n<p class=\"ds-markdown-paragraph\"><strong>Luftzufuhr:<\/strong>\u00a02\u00d74KW Doppelansaug-Zentrifugalventilatoren sorgen f\u00fcr eine Gesamtluftzufuhr von\u00a0<strong>30.000 m\u00b3\/h<\/strong>, was f\u00fcr eine ausreichende und gleichm\u00e4\u00dfige Luftstr\u00f6mung in der Kabine sorgt.<\/p>\n<\/li>\n<li>\n<p class=\"ds-markdown-paragraph\"><strong>Abgasanlage:<\/strong>\u00a0Ein 1\u00d75,5KW Hochleistungs-Zentrifugal-Absaugventilator entfernt Lacknebel und fl\u00fcchtige Stoffe bei\u00a0<strong>19.000 m\u00b3\/h<\/strong>, und sorgt so f\u00fcr eine sichere Arbeitsumgebung.<\/p>\n<\/li>\n<\/ul>\n<p class=\"ds-markdown-paragraph\">\ud83c\udf2b\ufe0f\u00a0<strong>Dreistufige Pr\u00e4zisions-Luftfiltration<\/strong><\/p>\n<ul>\n<li>\n<p class=\"ds-markdown-paragraph\"><strong>Prim\u00e4rfilter:<\/strong>\u00a0F\u00e4ngt Partikel &gt;10\u03bcm mit &gt;90%-Effizienz auf.<\/p>\n<\/li>\n<li>\n<p class=\"ds-markdown-paragraph\"><strong>Hochleistungskunststoff-Deckenfilter (Wei\u00df):<\/strong>\u00a0Filtert Partikel &gt;4\u03bcm mit &gt;98% Effizienz und sorgt f\u00fcr saubere Zuluft.<\/p>\n<\/li>\n<li>\n<p class=\"ds-markdown-paragraph\"><strong>Bodenfilter (Blau):<\/strong>\u00a0Mehrlagige Glasfaserstruktur mit &gt;90% Filtrationseffizienz, effektiv bei der Sammlung von Overspray.<\/p>\n<\/li>\n<li>\n<p class=\"ds-markdown-paragraph\">Gew\u00e4hrleistet umfassend eine saubere Malumgebung und verbessert die Oberfl\u00e4chenqualit\u00e4t.<\/p>\n<\/li>\n<\/ul>\n<p class=\"ds-markdown-paragraph\">\ud83c\udfd7\ufe0f\u00a0<strong>Industrielle Bauweise<\/strong><\/p>\n<ul>\n<li>\n<p class=\"ds-markdown-paragraph\"><strong>W\u00e4nde:<\/strong>\u00a0Doppelwandige farbige Stahlbrandhemmende Isolierpaneele (gef\u00fcllt mit hochdichtem 100kg\/m\u00b3 Steinwolle) f\u00fcr hervorragende W\u00e4rmed\u00e4mmung, Schalld\u00e4mmung und Brandschutz.<\/p>\n<\/li>\n<li>\n<p class=\"ds-markdown-paragraph\"><strong>Boden:<\/strong>\u00a0300 mm hohe erh\u00f6hte Plattform aus verzinktem Stahlblech mit verzinkten Stahlgitterrosten und Gehwegen. Gesamtladef\u00e4higkeit\u00a0<strong>\u22655 Tonnen<\/strong>\u00a0f\u00fcr Langlebigkeit.<\/p>\n<\/li>\n<li>\n<p class=\"ds-markdown-paragraph\"><strong>Gebl\u00e4sekasten:<\/strong>\u00a0Hergestellt aus 1 mm verzinktem Blech mit innerer quadratischer Rohrverst\u00e4rkung und \u00e4u\u00dferer Spr\u00fchbeschichtung f\u00fcr strukturelle Stabilit\u00e4t.<\/p>\n<\/li>\n<\/ul>\n<p class=\"ds-markdown-paragraph\">\ud83d\udeaa\u00a0<strong>Breite Zugangst\u00fcren f\u00fcr einfachen Ein- und Ausstieg<\/strong><\/p>\n<ul>\n<li>\n<p class=\"ds-markdown-paragraph\">Drei Frontt\u00fcren mit einer Gesamtbreite von\u00a0<strong>3000 mm<\/strong>, ausgestattet mit 5 mm hitzebest\u00e4ndigem Glas f\u00fcr reibungslosen Zugang f\u00fcr mittelgro\u00dfe bis gro\u00dfe Fahrzeuge und Komponenten.<\/p>\n<\/li>\n<li>\n<p class=\"ds-markdown-paragraph\">Eine seitliche Sicherheitst\u00fcr (60\u00d7180 cm) ist f\u00fcr schnellen Personenzugang und Notfalloperationen enthalten.<\/p>\n<\/li>\n<\/ul>\n<p class=\"ds-markdown-paragraph\">\ud83d\udcdf\u00a0<strong>Intelligentes integriertes Steuerungssystem<\/strong><\/p>\n<ul>\n<li>\n<p class=\"ds-markdown-paragraph\">Integriert\u00a0<strong>Lackieren, Backen, Timer, Temperaturregelung, Beleuchtung und Not-Aus<\/strong>\u00a0Funktionen.<\/p>\n<\/li>\n<li>\n<p class=\"ds-markdown-paragraph\">Verf\u00fcgt \u00fcber eine klare, intuitive Benutzeroberfl\u00e4che, die die standardisierte Prozessverwaltung unterst\u00fctzt, um die Betriebseffizienz und Sicherheit zu verbessern.<\/p>\n<\/li>\n<\/ul>\n<p class=\"ds-markdown-paragraph\">\ud83d\udca1\u00a0<strong>Professionelles Beleuchtungssystem<\/strong><\/p>\n<ul>\n<li>\n<p class=\"ds-markdown-paragraph\"><strong>24\u00d718W LED-Deckenleuchten<\/strong>\u00a0(montiert in einem 45\u00b0 Winkel) und\u00a0<strong>8\u00d748W LED-Seitenwandleuchten<\/strong>\u00a0bieten eine gleichm\u00e4\u00dfige, schattenfreie Hochhelligkeitsbeleuchtung f\u00fcr klare Sicht w\u00e4hrend detaillierter Lackierarbeiten.<\/p>\n<\/li>\n<\/ul>\n<p class=\"ds-markdown-paragraph\"><strong>Haupttechnische Spezifikationen<\/strong><\/p>\n<ul>\n<li>\n<p class=\"ds-markdown-paragraph\">Externe Abmessungen: 7000 \u00d7 4000 \u00d7 3350 mm<\/p>\n<\/li>\n<li>\n<p class=\"ds-markdown-paragraph\">Interne Abmessungen: 6900 \u00d7 3900 \u00d7 2650 mm<\/p>\n<\/li>\n<li>\n<p class=\"ds-markdown-paragraph\">Heizmethode: Diesel (RIELLO G20)<\/p>\n<\/li>\n<li>\n<p class=\"ds-markdown-paragraph\">Gesamtleistung: 15 KW (Dieselheizversion)<\/p>\n<\/li>\n<li>\n<p class=\"ds-markdown-paragraph\">Spannung\/Frequenz: 220V \/ 380V, 50Hz<\/p>\n<\/li>\n<li>\n<p class=\"ds-markdown-paragraph\">Verpackungsvolumen: ca. 19 CBM\/Set, Gewicht ~3500kg<\/p>\n<\/li>\n<li>\n<p class=\"ds-markdown-paragraph\">Containerempfehlung: 1 Satz passt in einen 20GP-Container; 3 S\u00e4tze passen in einen 40HQ-Container<\/p>\n<\/li>\n<\/ul>\n<p class=\"ds-markdown-paragraph\"><strong>Ideale Anwendungen<\/strong><\/p>\n<ul>\n<li>\n<p class=\"ds-markdown-paragraph\">Automobil-4S-Shops, umfassende Reparaturzentren und professionelle Karosserie- &amp; Lackierzentren<\/p>\n<\/li>\n<li>\n<p class=\"ds-markdown-paragraph\">Karosserielackierung f\u00fcr Busse, Lastwagen, Baumaschinen und andere gro\u00dfe Fahrzeuge<\/p>\n<\/li>\n<li>\n<p class=\"ds-markdown-paragraph\">Schutz- und Dekorationsbeschichtung f\u00fcr industrielle Metallstrukturen und Ger\u00e4tegeh\u00e4use<\/p>\n<\/li>\n<li>\n<p class=\"ds-markdown-paragraph\">Fertigungsstra\u00dfen f\u00fcr Lackierungen mit hohen Anforderungen an Heizleistung und Umweltreinheit<\/p>\n<\/li>\n<\/ul>\n<p class=\"ds-markdown-paragraph\">Wir bieten flexible Anpassungen bei Farbe, Teilkonfigurationen und Funktionsmodulen an und k\u00f6nnen Vor-Ort-Layoutplanung sowie Installationsleitf\u00e4den bereitstellen.<\/p>\n<p class=\"ds-markdown-paragraph\"><strong>Kontaktieren Sie unser technisches Team f\u00fcr detaillierte technische Dokumentationen, ma\u00dfgeschneiderte Konfigurationsvorschl\u00e4ge und personalisierte Angebotsunterst\u00fctzung.<\/strong><\/p>","protected":false},"excerpt":{"rendered":"<p>Der ATK-7000-DH-PRO ist eine Hochleistungs-7-Meter-Diesel-Spritzkabine, die f\u00fcr die Automobilreparatur, Karosserielackierung und industrielle Beschichtungsanwendungen entwickelt wurde. Mit einem RIELLO G20-Dieselheizsystem f\u00fcr schnelles Aufw\u00e4rmen, dreistufiger effizienter Filtration und intelligenter Steuerung bietet sie eine stabile, saubere und professionelle Lackierumgebung.<\/p>","protected":false},"featured_media":2832,"comment_status":"open","ping_status":"closed","template":"","meta":[],"product_brand":[76],"product_cat":[60,59],"product_tag":[79,73,90,91,63,72,69,94,65,84],"class_list":{"0":"post-3290","1":"product","2":"type-product","3":"status-publish","4":"has-post-thumbnail","6":"product_brand-autoke","7":"product_cat-car-spray-booth","8":"product_cat-spray-booth","9":"product_tag-automotive-spray-booth","10":"product_tag-automotive-spray-booth-manufacturer","11":"product_tag-baking-oven-for-truck","12":"product_tag-bus-paint-baking-oven","13":"product_tag-car-spray-booth","14":"product_tag-car-spray-booth-factory","15":"product_tag-ce-car-spray-booth","16":"product_tag-commercial-vehicle-paint-curing-oven","17":"product_tag-efficient-car-spray-booth","18":"product_tag-industrial-coating","20":"first","21":"instock","22":"shipping-taxable","23":"product-type-simple"},"yoast_head":"<!-- This site is optimized with the Yoast SEO plugin v27.4 - https:\/\/yoast.com\/product\/yoast-seo-wordpress\/ -->\n<title>ATK-7000-DH-PRO 7m Luxury Diesel Spray Booth | Professional Automotive Repair Painting Equipment | Industrial-Grade Efficient Heating Solution | Customizable | Factory Direct - Autoke-China Paint Booth Manufacturer<\/title>\n<meta name=\"robots\" content=\"index, follow, max-snippet:-1, max-image-preview:large, max-video-preview:-1\" \/>\n<link rel=\"canonical\" href=\"https:\/\/sprayboothmanufacturer.com\/de\/product\/7m-luxury-diesel-spray-booth-2\/\" \/>\n<meta property=\"og:locale\" content=\"de_DE\" \/>\n<meta property=\"og:type\" content=\"article\" \/>\n<meta property=\"og:title\" content=\"ATK-7000-DH-PRO 7m Luxury Diesel Spray Booth | Professional Automotive Repair Painting Equipment | Industrial-Grade Efficient Heating Solution | Customizable | Factory Direct - Autoke-China Paint Booth Manufacturer\" \/>\n<meta property=\"og:description\" content=\"The ATK-7000-DH-PRO is a high-performance 7-meter diesel spray booth designed for automotive repair, body painting, and industrial coating applications. Featuring a RIELLO G20 diesel heating system for fast warm-up, triple-stage efficient filtration, and intelligent controls, it provides a stable, clean, and professional painting environment.\" \/>\n<meta property=\"og:url\" content=\"https:\/\/sprayboothmanufacturer.com\/de\/product\/7m-luxury-diesel-spray-booth-2\/\" \/>\n<meta property=\"og:site_name\" content=\"Autoke-China Paint Booth Manufacturer\" \/>\n<meta property=\"og:image\" content=\"https:\/\/sprayboothmanufacturer.com\/wp-content\/uploads\/2026\/01\/9381768716604_.pic_.jpg\" \/>\n\t<meta property=\"og:image:width\" content=\"850\" \/>\n\t<meta property=\"og:image:height\" content=\"850\" \/>\n\t<meta property=\"og:image:type\" content=\"image\/jpeg\" \/>\n<meta name=\"twitter:card\" content=\"summary_large_image\" \/>\n<meta name=\"twitter:label1\" content=\"Gesch\u00e4tzte Lesezeit\" \/>\n\t<meta name=\"twitter:data1\" content=\"3\u00a0Minuten\" \/>\n<script type=\"application\/ld+json\" class=\"yoast-schema-graph\">{\"@context\":\"https:\\\/\\\/schema.org\",\"@graph\":[{\"@type\":\"WebPage\",\"@id\":\"https:\\\/\\\/sprayboothmanufacturer.com\\\/product\\\/7m-luxury-diesel-spray-booth-2\\\/\",\"url\":\"https:\\\/\\\/sprayboothmanufacturer.com\\\/product\\\/7m-luxury-diesel-spray-booth-2\\\/\",\"name\":\"ATK-7000-DH-PRO 7m Luxury Diesel Spray Booth | Professional Automotive Repair Painting Equipment | Industrial-Grade Efficient Heating Solution | Customizable | Factory Direct - Autoke-China Paint Booth Manufacturer\",\"isPartOf\":{\"@id\":\"https:\\\/\\\/sprayboothmanufacturer.com\\\/#website\"},\"primaryImageOfPage\":{\"@id\":\"https:\\\/\\\/sprayboothmanufacturer.com\\\/product\\\/7m-luxury-diesel-spray-booth-2\\\/#primaryimage\"},\"image\":{\"@id\":\"https:\\\/\\\/sprayboothmanufacturer.com\\\/product\\\/7m-luxury-diesel-spray-booth-2\\\/#primaryimage\"},\"thumbnailUrl\":\"https:\\\/\\\/sprayboothmanufacturer.com\\\/wp-content\\\/uploads\\\/2026\\\/01\\\/9381768716604_.pic_.jpg\",\"datePublished\":\"2026-02-07T05:19:13+00:00\",\"breadcrumb\":{\"@id\":\"https:\\\/\\\/sprayboothmanufacturer.com\\\/product\\\/7m-luxury-diesel-spray-booth-2\\\/#breadcrumb\"},\"inLanguage\":\"de\",\"potentialAction\":[{\"@type\":\"ReadAction\",\"target\":[\"https:\\\/\\\/sprayboothmanufacturer.com\\\/product\\\/7m-luxury-diesel-spray-booth-2\\\/\"]}]},{\"@type\":\"ImageObject\",\"inLanguage\":\"de\",\"@id\":\"https:\\\/\\\/sprayboothmanufacturer.com\\\/product\\\/7m-luxury-diesel-spray-booth-2\\\/#primaryimage\",\"url\":\"https:\\\/\\\/sprayboothmanufacturer.com\\\/wp-content\\\/uploads\\\/2026\\\/01\\\/9381768716604_.pic_.jpg\",\"contentUrl\":\"https:\\\/\\\/sprayboothmanufacturer.com\\\/wp-content\\\/uploads\\\/2026\\\/01\\\/9381768716604_.pic_.jpg\",\"width\":850,\"height\":850},{\"@type\":\"BreadcrumbList\",\"@id\":\"https:\\\/\\\/sprayboothmanufacturer.com\\\/product\\\/7m-luxury-diesel-spray-booth-2\\\/#breadcrumb\",\"itemListElement\":[{\"@type\":\"ListItem\",\"position\":1,\"name\":\"Home\",\"item\":\"https:\\\/\\\/sprayboothmanufacturer.com\\\/\"},{\"@type\":\"ListItem\",\"position\":2,\"name\":\"\u4ea7\u54c1\",\"item\":\"https:\\\/\\\/sprayboothmanufacturer.com\\\/shop__trashed\\\/\"},{\"@type\":\"ListItem\",\"position\":3,\"name\":\"ATK-7000-DH-PRO 7m Luxury Diesel Spray Booth | Professional Automotive Repair Painting Equipment | Industrial-Grade Efficient Heating Solution | Customizable | Factory Direct\"}]},{\"@type\":\"WebSite\",\"@id\":\"https:\\\/\\\/sprayboothmanufacturer.com\\\/#website\",\"url\":\"https:\\\/\\\/sprayboothmanufacturer.com\\\/\",\"name\":\"Autoke-China Paint Booth Manufacturer\",\"description\":\"\",\"publisher\":{\"@id\":\"https:\\\/\\\/sprayboothmanufacturer.com\\\/#organization\"},\"potentialAction\":[{\"@type\":\"SearchAction\",\"target\":{\"@type\":\"EntryPoint\",\"urlTemplate\":\"https:\\\/\\\/sprayboothmanufacturer.com\\\/?s={search_term_string}\"},\"query-input\":{\"@type\":\"PropertyValueSpecification\",\"valueRequired\":true,\"valueName\":\"search_term_string\"}}],\"inLanguage\":\"de\"},{\"@type\":\"Organization\",\"@id\":\"https:\\\/\\\/sprayboothmanufacturer.com\\\/#organization\",\"name\":\"Autoke-China Paint Booth Manufacturer\",\"url\":\"https:\\\/\\\/sprayboothmanufacturer.com\\\/\",\"logo\":{\"@type\":\"ImageObject\",\"inLanguage\":\"de\",\"@id\":\"https:\\\/\\\/sprayboothmanufacturer.com\\\/#\\\/schema\\\/logo\\\/image\\\/\",\"url\":\"https:\\\/\\\/sprayboothmanufacturer.com\\\/wp-content\\\/uploads\\\/2025\\\/12\\\/\u5fae\u4fe1\u56fe\u7247_20260113195103_1750_4-scaled-e1768394147958.png\",\"contentUrl\":\"https:\\\/\\\/sprayboothmanufacturer.com\\\/wp-content\\\/uploads\\\/2025\\\/12\\\/\u5fae\u4fe1\u56fe\u7247_20260113195103_1750_4-scaled-e1768394147958.png\",\"width\":1740,\"height\":538,\"caption\":\"Autoke-China Paint Booth Manufacturer\"},\"image\":{\"@id\":\"https:\\\/\\\/sprayboothmanufacturer.com\\\/#\\\/schema\\\/logo\\\/image\\\/\"}}]}<\/script>\n<!-- \/ Yoast SEO plugin. -->","yoast_head_json":{"title":"ATK-7000-DH-PRO 7m Luxus-Diesel-Spr\u00fchkabine | Professionelle Fahrzeuglackierausr\u00fcstung | Industrielle Hochleistungs-Heizungsl\u00f6sung | Anpassbar | Direkt vom Hersteller - Autoke-China Lackierkabinenhersteller","robots":{"index":"index","follow":"follow","max-snippet":"max-snippet:-1","max-image-preview":"max-image-preview:large","max-video-preview":"max-video-preview:-1"},"canonical":"https:\/\/sprayboothmanufacturer.com\/de\/product\/7m-luxury-diesel-spray-booth-2\/","og_locale":"de_DE","og_type":"article","og_title":"ATK-7000-DH-PRO 7m Luxury Diesel Spray Booth | Professional Automotive Repair Painting Equipment | Industrial-Grade Efficient Heating Solution | Customizable | Factory Direct - Autoke-China Paint Booth Manufacturer","og_description":"The ATK-7000-DH-PRO is a high-performance 7-meter diesel spray booth designed for automotive repair, body painting, and industrial coating applications. Featuring a RIELLO G20 diesel heating system for fast warm-up, triple-stage efficient filtration, and intelligent controls, it provides a stable, clean, and professional painting environment.","og_url":"https:\/\/sprayboothmanufacturer.com\/de\/product\/7m-luxury-diesel-spray-booth-2\/","og_site_name":"Autoke-China Paint Booth Manufacturer","og_image":[{"width":850,"height":850,"url":"https:\/\/sprayboothmanufacturer.com\/wp-content\/uploads\/2026\/01\/9381768716604_.pic_.jpg","type":"image\/jpeg"}],"twitter_card":"summary_large_image","twitter_misc":{"Gesch\u00e4tzte Lesezeit":"3\u00a0Minuten"},"schema":{"@context":"https:\/\/schema.org","@graph":[{"@type":"WebPage","@id":"https:\/\/sprayboothmanufacturer.com\/product\/7m-luxury-diesel-spray-booth-2\/","url":"https:\/\/sprayboothmanufacturer.com\/product\/7m-luxury-diesel-spray-booth-2\/","name":"ATK-7000-DH-PRO 7m Luxus-Diesel-Spr\u00fchkabine | Professionelle Fahrzeuglackierausr\u00fcstung | Industrielle Hochleistungs-Heizungsl\u00f6sung | Anpassbar | Direkt vom Hersteller - Autoke-China Lackierkabinenhersteller","isPartOf":{"@id":"https:\/\/sprayboothmanufacturer.com\/#website"},"primaryImageOfPage":{"@id":"https:\/\/sprayboothmanufacturer.com\/product\/7m-luxury-diesel-spray-booth-2\/#primaryimage"},"image":{"@id":"https:\/\/sprayboothmanufacturer.com\/product\/7m-luxury-diesel-spray-booth-2\/#primaryimage"},"thumbnailUrl":"https:\/\/sprayboothmanufacturer.com\/wp-content\/uploads\/2026\/01\/9381768716604_.pic_.jpg","datePublished":"2026-02-07T05:19:13+00:00","breadcrumb":{"@id":"https:\/\/sprayboothmanufacturer.com\/product\/7m-luxury-diesel-spray-booth-2\/#breadcrumb"},"inLanguage":"de","potentialAction":[{"@type":"ReadAction","target":["https:\/\/sprayboothmanufacturer.com\/product\/7m-luxury-diesel-spray-booth-2\/"]}]},{"@type":"ImageObject","inLanguage":"de","@id":"https:\/\/sprayboothmanufacturer.com\/product\/7m-luxury-diesel-spray-booth-2\/#primaryimage","url":"https:\/\/sprayboothmanufacturer.com\/wp-content\/uploads\/2026\/01\/9381768716604_.pic_.jpg","contentUrl":"https:\/\/sprayboothmanufacturer.com\/wp-content\/uploads\/2026\/01\/9381768716604_.pic_.jpg","width":850,"height":850},{"@type":"BreadcrumbList","@id":"https:\/\/sprayboothmanufacturer.com\/product\/7m-luxury-diesel-spray-booth-2\/#breadcrumb","itemListElement":[{"@type":"ListItem","position":1,"name":"Home","item":"https:\/\/sprayboothmanufacturer.com\/"},{"@type":"ListItem","position":2,"name":"\u4ea7\u54c1","item":"https:\/\/sprayboothmanufacturer.com\/shop__trashed\/"},{"@type":"ListItem","position":3,"name":"ATK-7000-DH-PRO 7m Luxury Diesel Spray Booth | Professional Automotive Repair Painting Equipment | Industrial-Grade Efficient Heating Solution | Customizable | Factory Direct"}]},{"@type":"WebSite","@id":"https:\/\/sprayboothmanufacturer.com\/#website","url":"https:\/\/sprayboothmanufacturer.com\/","name":"Autoke-Deutschland Lackierkabinenhersteller","description":"","publisher":{"@id":"https:\/\/sprayboothmanufacturer.com\/#organization"},"potentialAction":[{"@type":"SearchAction","target":{"@type":"EntryPoint","urlTemplate":"https:\/\/sprayboothmanufacturer.com\/?s={search_term_string}"},"query-input":{"@type":"PropertyValueSpecification","valueRequired":true,"valueName":"search_term_string"}}],"inLanguage":"de"},{"@type":"Organization","@id":"https:\/\/sprayboothmanufacturer.com\/#organization","name":"Autoke-Deutschland Lackierkabinenhersteller","url":"https:\/\/sprayboothmanufacturer.com\/","logo":{"@type":"ImageObject","inLanguage":"de","@id":"https:\/\/sprayboothmanufacturer.com\/#\/schema\/logo\/image\/","url":"https:\/\/sprayboothmanufacturer.com\/wp-content\/uploads\/2025\/12\/\u5fae\u4fe1\u56fe\u7247_20260113195103_1750_4-scaled-e1768394147958.png","contentUrl":"https:\/\/sprayboothmanufacturer.com\/wp-content\/uploads\/2025\/12\/\u5fae\u4fe1\u56fe\u7247_20260113195103_1750_4-scaled-e1768394147958.png","width":1740,"height":538,"caption":"Autoke-China Paint Booth Manufacturer"},"image":{"@id":"https:\/\/sprayboothmanufacturer.com\/#\/schema\/logo\/image\/"}}]}},"_links":{"self":[{"href":"https:\/\/sprayboothmanufacturer.com\/de\/wp-json\/wp\/v2\/product\/3290","targetHints":{"allow":["GET"]}}],"collection":[{"href":"https:\/\/sprayboothmanufacturer.com\/de\/wp-json\/wp\/v2\/product"}],"about":[{"href":"https:\/\/sprayboothmanufacturer.com\/de\/wp-json\/wp\/v2\/types\/product"}],"replies":[{"embeddable":true,"href":"https:\/\/sprayboothmanufacturer.com\/de\/wp-json\/wp\/v2\/comments?post=3290"}],"version-history":[{"count":1,"href":"https:\/\/sprayboothmanufacturer.com\/de\/wp-json\/wp\/v2\/product\/3290\/revisions"}],"predecessor-version":[{"id":3291,"href":"https:\/\/sprayboothmanufacturer.com\/de\/wp-json\/wp\/v2\/product\/3290\/revisions\/3291"}],"wp:featuredmedia":[{"embeddable":true,"href":"https:\/\/sprayboothmanufacturer.com\/de\/wp-json\/wp\/v2\/media\/2832"}],"wp:attachment":[{"href":"https:\/\/sprayboothmanufacturer.com\/de\/wp-json\/wp\/v2\/media?parent=3290"}],"wp:term":[{"taxonomy":"product_brand","embeddable":true,"href":"https:\/\/sprayboothmanufacturer.com\/de\/wp-json\/wp\/v2\/product_brand?post=3290"},{"taxonomy":"product_cat","embeddable":true,"href":"https:\/\/sprayboothmanufacturer.com\/de\/wp-json\/wp\/v2\/product_cat?post=3290"},{"taxonomy":"product_tag","embeddable":true,"href":"https:\/\/sprayboothmanufacturer.com\/de\/wp-json\/wp\/v2\/product_tag?post=3290"}],"curies":[{"name":"wp","href":"https:\/\/api.w.org\/{rel}","templated":true}]}}