{"id":3288,"date":"2026-02-07T05:10:52","date_gmt":"2026-02-07T05:10:52","guid":{"rendered":"https:\/\/sprayboothmanufacturer.com\/?post_type=product&#038;p=3288"},"modified":"2026-02-07T05:10:52","modified_gmt":"2026-02-07T05:10:52","slug":"7m-luxury-diesel-spray-booth","status":"publish","type":"product","link":"https:\/\/sprayboothmanufacturer.com\/de\/product\/7m-luxury-diesel-spray-booth\/","title":{"rendered":"ATK-7000-DH-PRO+ 7m Luxus-Diesel-Spritzkabine | Professionelle Hochleistung-Lackierl\u00f6sung | Aufger\u00fcstetes Hochleistungs-Entl\u00fcftungssystem | Premium-Ausstattung f\u00fcr Karosseriewerkst\u00e4tten"},"content":{"rendered":"<table style=\"height: 245px;\" width=\"779\">\n<tbody>\n<tr>\n<td width=\"142\"><strong><b>Mindestbestellmenge :<\/b><\/strong><\/td>\n<td width=\"142\">1 St\u00fcck<\/td>\n<td width=\"142\"><strong><b>Preis :<\/b><\/strong><\/td>\n<td width=\"142\">Verhandlungssache<\/td>\n<\/tr>\n<tr>\n<td width=\"142\"><strong><b>Verpackungsdetails :<\/b><\/strong><\/td>\n<td width=\"142\">40G oder 20GP\/Einheit<\/td>\n<td width=\"142\"><strong><b>Lieferzeit :<\/b><\/strong><\/td>\n<td width=\"142\">15 Tage, Verhandlungssache<\/td>\n<\/tr>\n<tr>\n<td width=\"142\"><strong><b>Zahlungsbedingungen :<\/b><\/strong><\/td>\n<td width=\"142\">L\/C, T\/T<\/td>\n<td width=\"142\"><strong><b>Lieferf\u00e4higkeit :<\/b><\/strong><\/td>\n<td width=\"142\">50 Einheiten\/Einheiten pro Monat Industrielle Spr\u00fchkabine Bus-Spr\u00fchkabine<\/td>\n<\/tr>\n<tr>\n<td width=\"142\"><strong><b>Herkunftsland:<\/b><\/strong><\/td>\n<td width=\"142\">Jiangsu, China<\/td>\n<td width=\"142\"><strong><b>Markenname:<\/b><\/strong><\/td>\n<td width=\"142\">Autoke<\/td>\n<\/tr>\n<tr>\n<td width=\"142\"><strong><b>Zertifizierung:<\/b><\/strong><\/td>\n<td width=\"142\">CE<\/td>\n<td width=\"142\"><strong><b>Modellnummer:<\/b><\/strong><\/td>\n<td width=\"142\">ATK-7000-DH-PRO+<\/td>\n<\/tr>\n<\/tbody>\n<\/table>\n<p class=\"ds-markdown-paragraph\"><strong>ATK-7000-DH-PRO+ 7m Luxus-Diesel-Heiz-Spritzkabine (Verbesserte Bel\u00fcftungsvariante)<\/strong><\/p>\n<p class=\"ds-markdown-paragraph\">Aufbauend auf dem Standard-Luxusmodell verf\u00fcgt dieses Produkt \u00fcber eine professionelle Aufr\u00fcstung seines Kernbel\u00fcftungssystems, das eine leistungsst\u00e4rkere und stabilere Luftumgebung f\u00fcr hochfrequente, hochwertige Lackierarbeiten bietet. Speziell f\u00fcr gro\u00dfe Fahrzeugreparaturzentren, professionelle Karosseriewerkst\u00e4tten und hochstandardisierte Industrielackierlinien entwickelt, ist es die professionelle Wahl, die effiziente Produktion mit herausragender Oberfl\u00e4chenqualit\u00e4t verbindet.<\/p>\n<p class=\"ds-markdown-paragraph\"><strong>Kern-Upgrades &amp; Vorteile:<\/strong><\/p>\n<p class=\"ds-markdown-paragraph\">\ud83d\ude80\u00a0<strong>Aufger\u00fcstetes Hochleistungs-Bel\u00fcftungssystem<\/strong><\/p>\n<ul>\n<li>\n<p class=\"ds-markdown-paragraph\"><strong>Luftversorgungssystem:<\/strong>\u00a0Verwendet\u00a0<strong>2\u00d75,5KW<\/strong>\u00a0leistungsstarke Doppelansaug-Zentrifugalventilatoren, die eine Gesamtluftzufuhr von bis zu\u00a0<strong>30.000 m\u00b3\/h<\/strong>\u00a0f\u00fcr st\u00e4rkeren Luftstrom und schnelleren Luftaustausch bieten.<\/p>\n<\/li>\n<li>\n<p class=\"ds-markdown-paragraph\"><strong>Abgasanlage:<\/strong>\u00a0Ausgestattet mit einem\u00a0<strong>1\u00d77,5KW<\/strong>\u00a0Hochleistung-Zentrifugal-Absaugventilator (19.000 m\u00b3\/h), der eine schnelle Entfernung von Lacknebel und L\u00f6sungsmitteln gew\u00e4hrleistet, um eine saubere, positive Druckumgebung aufrechtzuerhalten.<\/p>\n<\/li>\n<li>\n<p class=\"ds-markdown-paragraph\"><strong>Wert:<\/strong>\u00a0Der verbesserte Luftstrom reduziert effektiv die Ablagerungszeit von Lacknebel, erh\u00f6ht das Arbeitstempo und bietet bessere Umwelt-Sicherheitsmargen f\u00fcr gro\u00dfe Werkst\u00fccke oder hochkonzentrierte Spr\u00fcharbeiten.<\/p>\n<\/li>\n<\/ul>\n<p class=\"ds-markdown-paragraph\">\ud83d\udd25\u00a0<strong>Hochleistungs-Diesel-Heizsystem<\/strong><\/p>\n<ul>\n<li>\n<p class=\"ds-markdown-paragraph\">Verf\u00fcgt \u00fcber den branchenweit bekannten\u00a0<strong>RIELLO G20<\/strong>\u00a0Dieselbrenner f\u00fcr stabile und zuverl\u00e4ssige Leistung.<\/p>\n<\/li>\n<li>\n<p class=\"ds-markdown-paragraph\"><strong>Schnelles Aufheizen auf 40\u00b0C innerhalb von 5-8 Minuten<\/strong>, mit einem\u00a0<strong>maximalen Backtemperatur von 80\u00b0C<\/strong>. Erf\u00fcllt verschiedene Prozessanforderungen von Standardlackierung bis Hochtemperaturh\u00e4rtung, bietet schnelles Aufheizen und wirtschaftlichen Betrieb.<\/p>\n<\/li>\n<\/ul>\n<p class=\"ds-markdown-paragraph\">\ud83d\udee1\ufe0f\u00a0<strong>Dreistufige Pr\u00e4zisionsluftfiltration<\/strong><\/p>\n<ul>\n<li>\n<p class=\"ds-markdown-paragraph\"><strong>Prim\u00e4rfilter:<\/strong>\u00a0F\u00e4ngt Partikel &gt;10\u03bcm mit &gt;90%-Effizienz auf.<\/p>\n<\/li>\n<li>\n<p class=\"ds-markdown-paragraph\"><strong>Hochleistungskunststoff-Deckenfilter (Wei\u00df):<\/strong>\u00a0Filtert Partikel &gt;4\u03bcm mit &gt;98% Effizienz und sorgt f\u00fcr saubere Zuluft.<\/p>\n<\/li>\n<li>\n<p class=\"ds-markdown-paragraph\"><strong>Mehrlagiger Glasfaser-Bodenfilter (Blau):<\/strong>\u00a0&gt;90% Filtrationswirkungsgrad, effektiv \u00dcberlacke sammeln und Abluft reinigen.<\/p>\n<\/li>\n<li>\n<p class=\"ds-markdown-paragraph\">Gemeinsam schaffen sie einen sauberen Lackierraum und bilden die Grundlage f\u00fcr hochwertige Oberfl\u00e4chen.<\/p>\n<\/li>\n<\/ul>\n<p class=\"ds-markdown-paragraph\">\ud83c\udfd7\ufe0f\u00a0<strong>Robuste industrielle Konstruktion<\/strong><\/p>\n<ul>\n<li>\n<p class=\"ds-markdown-paragraph\"><strong>W\u00e4nde:<\/strong>\u00a0Doppelwandige Farb-Stahl-Feuerwiderstandsd\u00e4mmplatten mit hochdichtem (100kg\/m\u00b3) Steinwolle-Kern f\u00fcr W\u00e4rmed\u00e4mmung, Schalld\u00e4mmung und Flammschutz.<\/p>\n<\/li>\n<li>\n<p class=\"ds-markdown-paragraph\"><strong>Dach:<\/strong>\u00a0Verzinktes Stahlblech, korrosionsbest\u00e4ndig.<\/p>\n<\/li>\n<li>\n<p class=\"ds-markdown-paragraph\"><strong>Boden:<\/strong>\u00a0300 mm hohe erh\u00f6hter Plattform aus verzinktem Stahlblech, mit rostfreien verzinkten Stahlgittern und Gehwegen. Gesamtladef\u00e4higkeit\u00a0<strong>\u22655 Tonnen<\/strong>, die Langlebigkeit gew\u00e4hrleistet.<\/p>\n<\/li>\n<\/ul>\n<p class=\"ds-markdown-paragraph\">\u2699\ufe0f\u00a0<strong>Intelligentes integriertes Steuerungssystem<\/strong><\/p>\n<ul>\n<li>\n<p class=\"ds-markdown-paragraph\">Einheitliches Steuerpult, das integriert\u00a0<strong>Beleuchtung, Lackierung, Backen, Timer, Temperaturregelung und Not-Aus<\/strong>\u00a0Funktionen.<\/p>\n<\/li>\n<li>\n<p class=\"ds-markdown-paragraph\">Intuitive Bedienung erm\u00f6glicht standardisiertes Prozessmanagement und pr\u00e4zise Steuerung, erh\u00f6ht Sicherheit und Arbeitseffizienz.<\/p>\n<\/li>\n<\/ul>\n<p class=\"ds-markdown-paragraph\"><strong>Haupttechnische Spezifikationen<\/strong><\/p>\n<ul>\n<li>\n<p class=\"ds-markdown-paragraph\">Externe Abmessungen: 7000 \u00d7 4000 \u00d7 3350 mm<\/p>\n<\/li>\n<li>\n<p class=\"ds-markdown-paragraph\">Interne Abmessungen: 6900 \u00d7 3900 \u00d7 2650 mm<\/p>\n<\/li>\n<li>\n<p class=\"ds-markdown-paragraph\">Heizmethode: Diesel (RIELLO G20)<\/p>\n<\/li>\n<li>\n<p class=\"ds-markdown-paragraph\">Gesamtleistung: ca. 15 kW (Dieselheizversion)<\/p>\n<\/li>\n<li>\n<p class=\"ds-markdown-paragraph\">Spannung\/Frequenz: 220V \/ 380V, 50Hz<\/p>\n<\/li>\n<li>\n<p class=\"ds-markdown-paragraph\">Verpackung: ca. 19 CBM\/Set, Gewicht ~3500 kg<\/p>\n<\/li>\n<\/ul>\n<p class=\"ds-markdown-paragraph\"><strong>Ideale Anwendungen<\/strong><\/p>\n<ul>\n<li>\n<p class=\"ds-markdown-paragraph\">Professionelle Reparatur- und Lackierzentren f\u00fcr gro\u00dfe Busse, LKWs und Baumaschinen.<\/p>\n<\/li>\n<li>\n<p class=\"ds-markdown-paragraph\">High-End-Automobil-4S-Werkstatt K\u00f6rper- &amp; Lackierzentren sowie gro\u00dfe umfassende Reparaturanlagen.<\/p>\n<\/li>\n<li>\n<p class=\"ds-markdown-paragraph\">Industrielle Hersteller mit strengen Anforderungen an die Luftstromf\u00fchrung und Sauberkeit der Lackierumgebung.<\/p>\n<\/li>\n<li>\n<p class=\"ds-markdown-paragraph\">Aufr\u00fcstungs- und Nachr\u00fcstprojekte zur Verbesserung der Effizienz und Qualit\u00e4t bestehender Produktionslinien.<\/p>\n<\/li>\n<\/ul>\n<p class=\"ds-markdown-paragraph\">Wir bieten Farbanpassungen und flexible Anpassungen bestimmter Konfigurationen, um Ihre spezifischen Standort- und Prozessanforderungen zu erf\u00fcllen.<\/p>\n<p class=\"ds-markdown-paragraph\"><strong>Kontaktieren Sie unsere technischen Berater f\u00fcr detaillierte technische Dokumentationen, ma\u00dfgeschneiderte Konfigurationsvorschl\u00e4ge und ein pers\u00f6nliches Angebot.<\/strong><\/p>","protected":false},"excerpt":{"rendered":"<p>Der ATK-7000-DH-PRO+ ist eine 7 Meter lange Luxus-Diesel-Spritzkabine, die f\u00fcr mittel- bis hochvolumige Lackierarbeiten konzipiert ist. Im Kern verf\u00fcgt sie \u00fcber einen RIELLO G20 Dieselbrenner und ist mit einem aufger\u00fcsteten Bel\u00fcftungssystem ausgestattet, das leistungsstarke 5,5 kW Doppelansaugventilatoren nutzt und eine Luftzufuhr von 30.000 m\u00b3\/h liefert. In Kombination mit einer dreistufigen Pr\u00e4zisionsfiltration und intelligenter Temperaturregelung ist sie f\u00fcr professionelle Werkst\u00e4tten entwickelt, die au\u00dfergew\u00f6hnliche Effizienz und zuverl\u00e4ssige Leistung verlangen.<\/p>","protected":false},"featured_media":2831,"comment_status":"open","ping_status":"closed","template":"","meta":[],"product_brand":[76],"product_cat":[60,59],"product_tag":[75,74,79,73,72,66,69,94,70,82],"class_list":{"0":"post-3288","1":"product","2":"type-product","3":"status-publish","4":"has-post-thumbnail","6":"product_brand-autoke","7":"product_cat-car-spray-booth","8":"product_cat-spray-booth","9":"product_tag-8m-diesel-car-paint-booth","10":"product_tag-8m-electric-car-paint-booth","11":"product_tag-automotive-spray-booth","12":"product_tag-automotive-spray-booth-manufacturer","13":"product_tag-car-spray-booth-factory","14":"product_tag-car-spray-booth-manufacturer","15":"product_tag-ce-car-spray-booth","16":"product_tag-commercial-vehicle-paint-curing-oven","17":"product_tag-high-quality-spray-booths","18":"product_tag-waterproof-roof","20":"first","21":"instock","22":"shipping-taxable","23":"product-type-simple"},"yoast_head":"<!-- This site is optimized with the Yoast SEO plugin v27.4 - https:\/\/yoast.com\/product\/yoast-seo-wordpress\/ -->\n<title>ATK-7000-DH-PRO+ 7m Luxury Diesel Spray Booth | Professional High-Efficiency Painting Solution | Upgraded High-Power Ventilation System | Premium Setup for Auto Body Shops - Autoke-China Paint Booth Manufacturer<\/title>\n<meta name=\"robots\" content=\"index, follow, max-snippet:-1, max-image-preview:large, max-video-preview:-1\" \/>\n<link rel=\"canonical\" href=\"https:\/\/sprayboothmanufacturer.com\/de\/product\/7m-luxury-diesel-spray-booth\/\" \/>\n<meta property=\"og:locale\" content=\"de_DE\" \/>\n<meta property=\"og:type\" content=\"article\" \/>\n<meta property=\"og:title\" content=\"ATK-7000-DH-PRO+ 7m Luxury Diesel Spray Booth | Professional High-Efficiency Painting Solution | Upgraded High-Power Ventilation System | Premium Setup for Auto Body Shops - Autoke-China Paint Booth Manufacturer\" \/>\n<meta property=\"og:description\" content=\"The ATK-7000-DH-PRO+ is a 7-meter luxury diesel spray booth designed for medium-to-high volume painting operations. It features a RIELLO G20 diesel burner at its core and is equipped with an upgraded ventilation system using 5.5KW high-power double-intake fans, delivering a powerful 30,000 m\u00b3\/h air supply. Combined with triple-stage precision filtration and intelligent temperature control, it is engineered for professional workshops that demand exceptional efficiency and reliable performance.\" \/>\n<meta property=\"og:url\" content=\"https:\/\/sprayboothmanufacturer.com\/de\/product\/7m-luxury-diesel-spray-booth\/\" \/>\n<meta property=\"og:site_name\" content=\"Autoke-China Paint Booth Manufacturer\" \/>\n<meta property=\"og:image\" content=\"https:\/\/sprayboothmanufacturer.com\/wp-content\/uploads\/2026\/01\/9391768716605_.pic_.jpg\" \/>\n\t<meta property=\"og:image:width\" content=\"850\" \/>\n\t<meta property=\"og:image:height\" content=\"850\" \/>\n\t<meta property=\"og:image:type\" content=\"image\/jpeg\" \/>\n<meta name=\"twitter:card\" content=\"summary_large_image\" \/>\n<meta name=\"twitter:label1\" content=\"Gesch\u00e4tzte Lesezeit\" \/>\n\t<meta name=\"twitter:data1\" content=\"3\u00a0Minuten\" \/>\n<script type=\"application\/ld+json\" class=\"yoast-schema-graph\">{\"@context\":\"https:\\\/\\\/schema.org\",\"@graph\":[{\"@type\":\"WebPage\",\"@id\":\"https:\\\/\\\/sprayboothmanufacturer.com\\\/product\\\/7m-luxury-diesel-spray-booth\\\/\",\"url\":\"https:\\\/\\\/sprayboothmanufacturer.com\\\/product\\\/7m-luxury-diesel-spray-booth\\\/\",\"name\":\"ATK-7000-DH-PRO+ 7m Luxury Diesel Spray Booth | Professional High-Efficiency Painting Solution | Upgraded High-Power Ventilation System | Premium Setup for Auto Body Shops - Autoke-China Paint Booth Manufacturer\",\"isPartOf\":{\"@id\":\"https:\\\/\\\/sprayboothmanufacturer.com\\\/#website\"},\"primaryImageOfPage\":{\"@id\":\"https:\\\/\\\/sprayboothmanufacturer.com\\\/product\\\/7m-luxury-diesel-spray-booth\\\/#primaryimage\"},\"image\":{\"@id\":\"https:\\\/\\\/sprayboothmanufacturer.com\\\/product\\\/7m-luxury-diesel-spray-booth\\\/#primaryimage\"},\"thumbnailUrl\":\"https:\\\/\\\/sprayboothmanufacturer.com\\\/wp-content\\\/uploads\\\/2026\\\/01\\\/9391768716605_.pic_.jpg\",\"datePublished\":\"2026-02-07T05:10:52+00:00\",\"breadcrumb\":{\"@id\":\"https:\\\/\\\/sprayboothmanufacturer.com\\\/product\\\/7m-luxury-diesel-spray-booth\\\/#breadcrumb\"},\"inLanguage\":\"de\",\"potentialAction\":[{\"@type\":\"ReadAction\",\"target\":[\"https:\\\/\\\/sprayboothmanufacturer.com\\\/product\\\/7m-luxury-diesel-spray-booth\\\/\"]}]},{\"@type\":\"ImageObject\",\"inLanguage\":\"de\",\"@id\":\"https:\\\/\\\/sprayboothmanufacturer.com\\\/product\\\/7m-luxury-diesel-spray-booth\\\/#primaryimage\",\"url\":\"https:\\\/\\\/sprayboothmanufacturer.com\\\/wp-content\\\/uploads\\\/2026\\\/01\\\/9391768716605_.pic_.jpg\",\"contentUrl\":\"https:\\\/\\\/sprayboothmanufacturer.com\\\/wp-content\\\/uploads\\\/2026\\\/01\\\/9391768716605_.pic_.jpg\",\"width\":850,\"height\":850},{\"@type\":\"BreadcrumbList\",\"@id\":\"https:\\\/\\\/sprayboothmanufacturer.com\\\/product\\\/7m-luxury-diesel-spray-booth\\\/#breadcrumb\",\"itemListElement\":[{\"@type\":\"ListItem\",\"position\":1,\"name\":\"Home\",\"item\":\"https:\\\/\\\/sprayboothmanufacturer.com\\\/\"},{\"@type\":\"ListItem\",\"position\":2,\"name\":\"\u4ea7\u54c1\",\"item\":\"https:\\\/\\\/sprayboothmanufacturer.com\\\/shop__trashed\\\/\"},{\"@type\":\"ListItem\",\"position\":3,\"name\":\"ATK-7000-DH-PRO+ 7m Luxury Diesel Spray Booth | Professional High-Efficiency Painting Solution | Upgraded High-Power Ventilation System | Premium Setup for Auto Body Shops\"}]},{\"@type\":\"WebSite\",\"@id\":\"https:\\\/\\\/sprayboothmanufacturer.com\\\/#website\",\"url\":\"https:\\\/\\\/sprayboothmanufacturer.com\\\/\",\"name\":\"Autoke-China Paint Booth Manufacturer\",\"description\":\"\",\"publisher\":{\"@id\":\"https:\\\/\\\/sprayboothmanufacturer.com\\\/#organization\"},\"potentialAction\":[{\"@type\":\"SearchAction\",\"target\":{\"@type\":\"EntryPoint\",\"urlTemplate\":\"https:\\\/\\\/sprayboothmanufacturer.com\\\/?s={search_term_string}\"},\"query-input\":{\"@type\":\"PropertyValueSpecification\",\"valueRequired\":true,\"valueName\":\"search_term_string\"}}],\"inLanguage\":\"de\"},{\"@type\":\"Organization\",\"@id\":\"https:\\\/\\\/sprayboothmanufacturer.com\\\/#organization\",\"name\":\"Autoke-China Paint Booth Manufacturer\",\"url\":\"https:\\\/\\\/sprayboothmanufacturer.com\\\/\",\"logo\":{\"@type\":\"ImageObject\",\"inLanguage\":\"de\",\"@id\":\"https:\\\/\\\/sprayboothmanufacturer.com\\\/#\\\/schema\\\/logo\\\/image\\\/\",\"url\":\"https:\\\/\\\/sprayboothmanufacturer.com\\\/wp-content\\\/uploads\\\/2025\\\/12\\\/\u5fae\u4fe1\u56fe\u7247_20260113195103_1750_4-scaled-e1768394147958.png\",\"contentUrl\":\"https:\\\/\\\/sprayboothmanufacturer.com\\\/wp-content\\\/uploads\\\/2025\\\/12\\\/\u5fae\u4fe1\u56fe\u7247_20260113195103_1750_4-scaled-e1768394147958.png\",\"width\":1740,\"height\":538,\"caption\":\"Autoke-China Paint Booth Manufacturer\"},\"image\":{\"@id\":\"https:\\\/\\\/sprayboothmanufacturer.com\\\/#\\\/schema\\\/logo\\\/image\\\/\"}}]}<\/script>\n<!-- \/ Yoast SEO plugin. -->","yoast_head_json":{"title":"ATK-7000-DH-PRO+ 7m Luxus-Diesel-Spritzkabine | Professionelle Hochleistung-Lackierl\u00f6sung | Aufger\u00fcstetes Hochleistungsbel\u00fcftungssystem | Premium-Ausstattung f\u00fcr Karosseriewerkst\u00e4tten - Autoke-China Lackierkabinenhersteller","robots":{"index":"index","follow":"follow","max-snippet":"max-snippet:-1","max-image-preview":"max-image-preview:large","max-video-preview":"max-video-preview:-1"},"canonical":"https:\/\/sprayboothmanufacturer.com\/de\/product\/7m-luxury-diesel-spray-booth\/","og_locale":"de_DE","og_type":"article","og_title":"ATK-7000-DH-PRO+ 7m Luxury Diesel Spray Booth | Professional High-Efficiency Painting Solution | Upgraded High-Power Ventilation System | Premium Setup for Auto Body Shops - Autoke-China Paint Booth Manufacturer","og_description":"The ATK-7000-DH-PRO+ is a 7-meter luxury diesel spray booth designed for medium-to-high volume painting operations. It features a RIELLO G20 diesel burner at its core and is equipped with an upgraded ventilation system using 5.5KW high-power double-intake fans, delivering a powerful 30,000 m\u00b3\/h air supply. Combined with triple-stage precision filtration and intelligent temperature control, it is engineered for professional workshops that demand exceptional efficiency and reliable performance.","og_url":"https:\/\/sprayboothmanufacturer.com\/de\/product\/7m-luxury-diesel-spray-booth\/","og_site_name":"Autoke-China Paint Booth Manufacturer","og_image":[{"width":850,"height":850,"url":"https:\/\/sprayboothmanufacturer.com\/wp-content\/uploads\/2026\/01\/9391768716605_.pic_.jpg","type":"image\/jpeg"}],"twitter_card":"summary_large_image","twitter_misc":{"Gesch\u00e4tzte Lesezeit":"3\u00a0Minuten"},"schema":{"@context":"https:\/\/schema.org","@graph":[{"@type":"WebPage","@id":"https:\/\/sprayboothmanufacturer.com\/product\/7m-luxury-diesel-spray-booth\/","url":"https:\/\/sprayboothmanufacturer.com\/product\/7m-luxury-diesel-spray-booth\/","name":"ATK-7000-DH-PRO+ 7m Luxus-Diesel-Spritzkabine | Professionelle Hochleistung-Lackierl\u00f6sung | Aufger\u00fcstetes Hochleistungsbel\u00fcftungssystem | Premium-Ausstattung f\u00fcr Karosseriewerkst\u00e4tten - Autoke-China Lackierkabinenhersteller","isPartOf":{"@id":"https:\/\/sprayboothmanufacturer.com\/#website"},"primaryImageOfPage":{"@id":"https:\/\/sprayboothmanufacturer.com\/product\/7m-luxury-diesel-spray-booth\/#primaryimage"},"image":{"@id":"https:\/\/sprayboothmanufacturer.com\/product\/7m-luxury-diesel-spray-booth\/#primaryimage"},"thumbnailUrl":"https:\/\/sprayboothmanufacturer.com\/wp-content\/uploads\/2026\/01\/9391768716605_.pic_.jpg","datePublished":"2026-02-07T05:10:52+00:00","breadcrumb":{"@id":"https:\/\/sprayboothmanufacturer.com\/product\/7m-luxury-diesel-spray-booth\/#breadcrumb"},"inLanguage":"de","potentialAction":[{"@type":"ReadAction","target":["https:\/\/sprayboothmanufacturer.com\/product\/7m-luxury-diesel-spray-booth\/"]}]},{"@type":"ImageObject","inLanguage":"de","@id":"https:\/\/sprayboothmanufacturer.com\/product\/7m-luxury-diesel-spray-booth\/#primaryimage","url":"https:\/\/sprayboothmanufacturer.com\/wp-content\/uploads\/2026\/01\/9391768716605_.pic_.jpg","contentUrl":"https:\/\/sprayboothmanufacturer.com\/wp-content\/uploads\/2026\/01\/9391768716605_.pic_.jpg","width":850,"height":850},{"@type":"BreadcrumbList","@id":"https:\/\/sprayboothmanufacturer.com\/product\/7m-luxury-diesel-spray-booth\/#breadcrumb","itemListElement":[{"@type":"ListItem","position":1,"name":"Home","item":"https:\/\/sprayboothmanufacturer.com\/"},{"@type":"ListItem","position":2,"name":"\u4ea7\u54c1","item":"https:\/\/sprayboothmanufacturer.com\/shop__trashed\/"},{"@type":"ListItem","position":3,"name":"ATK-7000-DH-PRO+ 7m Luxury Diesel Spray Booth | Professional High-Efficiency Painting Solution | Upgraded High-Power Ventilation System | Premium Setup for Auto Body Shops"}]},{"@type":"WebSite","@id":"https:\/\/sprayboothmanufacturer.com\/#website","url":"https:\/\/sprayboothmanufacturer.com\/","name":"Autoke-Deutschland Lackierkabinenhersteller","description":"","publisher":{"@id":"https:\/\/sprayboothmanufacturer.com\/#organization"},"potentialAction":[{"@type":"SearchAction","target":{"@type":"EntryPoint","urlTemplate":"https:\/\/sprayboothmanufacturer.com\/?s={search_term_string}"},"query-input":{"@type":"PropertyValueSpecification","valueRequired":true,"valueName":"search_term_string"}}],"inLanguage":"de"},{"@type":"Organization","@id":"https:\/\/sprayboothmanufacturer.com\/#organization","name":"Autoke-Deutschland Lackierkabinenhersteller","url":"https:\/\/sprayboothmanufacturer.com\/","logo":{"@type":"ImageObject","inLanguage":"de","@id":"https:\/\/sprayboothmanufacturer.com\/#\/schema\/logo\/image\/","url":"https:\/\/sprayboothmanufacturer.com\/wp-content\/uploads\/2025\/12\/\u5fae\u4fe1\u56fe\u7247_20260113195103_1750_4-scaled-e1768394147958.png","contentUrl":"https:\/\/sprayboothmanufacturer.com\/wp-content\/uploads\/2025\/12\/\u5fae\u4fe1\u56fe\u7247_20260113195103_1750_4-scaled-e1768394147958.png","width":1740,"height":538,"caption":"Autoke-China Paint Booth Manufacturer"},"image":{"@id":"https:\/\/sprayboothmanufacturer.com\/#\/schema\/logo\/image\/"}}]}},"_links":{"self":[{"href":"https:\/\/sprayboothmanufacturer.com\/de\/wp-json\/wp\/v2\/product\/3288","targetHints":{"allow":["GET"]}}],"collection":[{"href":"https:\/\/sprayboothmanufacturer.com\/de\/wp-json\/wp\/v2\/product"}],"about":[{"href":"https:\/\/sprayboothmanufacturer.com\/de\/wp-json\/wp\/v2\/types\/product"}],"replies":[{"embeddable":true,"href":"https:\/\/sprayboothmanufacturer.com\/de\/wp-json\/wp\/v2\/comments?post=3288"}],"version-history":[{"count":1,"href":"https:\/\/sprayboothmanufacturer.com\/de\/wp-json\/wp\/v2\/product\/3288\/revisions"}],"predecessor-version":[{"id":3289,"href":"https:\/\/sprayboothmanufacturer.com\/de\/wp-json\/wp\/v2\/product\/3288\/revisions\/3289"}],"wp:featuredmedia":[{"embeddable":true,"href":"https:\/\/sprayboothmanufacturer.com\/de\/wp-json\/wp\/v2\/media\/2831"}],"wp:attachment":[{"href":"https:\/\/sprayboothmanufacturer.com\/de\/wp-json\/wp\/v2\/media?parent=3288"}],"wp:term":[{"taxonomy":"product_brand","embeddable":true,"href":"https:\/\/sprayboothmanufacturer.com\/de\/wp-json\/wp\/v2\/product_brand?post=3288"},{"taxonomy":"product_cat","embeddable":true,"href":"https:\/\/sprayboothmanufacturer.com\/de\/wp-json\/wp\/v2\/product_cat?post=3288"},{"taxonomy":"product_tag","embeddable":true,"href":"https:\/\/sprayboothmanufacturer.com\/de\/wp-json\/wp\/v2\/product_tag?post=3288"}],"curies":[{"name":"wp","href":"https:\/\/api.w.org\/{rel}","templated":true}]}}