{"id":3286,"date":"2026-02-06T03:54:10","date_gmt":"2026-02-06T03:54:10","guid":{"rendered":"https:\/\/sprayboothmanufacturer.com\/?post_type=product&#038;p=3286"},"modified":"2026-02-06T03:54:10","modified_gmt":"2026-02-06T03:54:10","slug":"7m-standard-diesel-spray-booth-2","status":"publish","type":"product","link":"https:\/\/sprayboothmanufacturer.com\/de\/product\/7m-standard-diesel-spray-booth-2\/","title":{"rendered":"ATK-7000-DH-STD 7m Standard-Diesel-Spritzkabine | Professionelle Automobil-Reparaturlackierausr\u00fcstung | Industrielle Hochleistung-Heizungsl\u00f6sung | Anpassbar | Direkt ab Werk geliefert"},"content":{"rendered":"<table style=\"height: 98px;\" width=\"804\">\n<tbody>\n<tr>\n<td width=\"142\"><strong><b>Mindestbestellmenge :<\/b><\/strong><\/td>\n<td width=\"142\">1 St\u00fcck<\/td>\n<td width=\"142\"><strong><b>Preis :<\/b><\/strong><\/td>\n<td width=\"142\">Verhandlungssache<\/td>\n<\/tr>\n<tr>\n<td width=\"142\"><strong><b>Verpackungsdetails :<\/b><\/strong><\/td>\n<td width=\"142\">40G oder 20GP\/Einheit<\/td>\n<td width=\"142\"><strong><b>Lieferzeit :<\/b><\/strong><\/td>\n<td width=\"142\">15 Tage, Verhandlungssache<\/td>\n<\/tr>\n<tr>\n<td width=\"142\"><strong><b>Zahlungsbedingungen :<\/b><\/strong><\/td>\n<td width=\"142\">L\/C, T\/T<\/td>\n<td width=\"142\"><strong><b>Lieferf\u00e4higkeit :<\/b><\/strong><\/td>\n<td width=\"142\">50 Einheiten\/Einheiten pro Monat Industrielle Spr\u00fchkabine Bus-Spr\u00fchkabine<\/td>\n<\/tr>\n<tr>\n<td width=\"142\"><strong><b>Herkunftsland:<\/b><\/strong><\/td>\n<td width=\"142\">Jiangsu, China<\/td>\n<td width=\"142\"><strong><b>Markenname:<\/b><\/strong><\/td>\n<td width=\"142\">Autoke<\/td>\n<\/tr>\n<tr>\n<td width=\"142\"><strong><b>Zertifizierung:<\/b><\/strong><\/td>\n<td width=\"142\">CE<\/td>\n<td width=\"142\"><strong><b>Modellnummer:<\/b><\/strong><\/td>\n<td width=\"142\">ATK-7000-DH-STD<\/td>\n<\/tr>\n<\/tbody>\n<\/table>\n<p class=\"ds-markdown-paragraph\"><strong>ATK-7000-DH-STD 7m Standard-Diesel-Heiz-Spr\u00fchkabine<\/strong><\/p>\n<p class=\"ds-markdown-paragraph\">Dieses Produkt ist eine robuste und hoch effiziente Dieselspritzkabine, die weit verbreitet in umfassenden Autoreparaturwerkst\u00e4tten, professionellen Karosserie- &amp; Lackzentren sowie in verschiedenen industriellen Beschichtungsanlagen eingesetzt wird. Durch den Einsatz bew\u00e4hrter Dieselheiztechnologie, leistungsstarker Luftzirkulation und eines intelligenten Steuerungssystems gew\u00e4hrleistet es gleichbleibende Lackierqualit\u00e4t und Prozessstabilit\u00e4t, selbst unter anspruchsvollen Betriebsbedingungen.<\/p>\n<p class=\"ds-markdown-paragraph\"><strong>Kernmerkmale &amp; Leistung:<\/strong><\/p>\n<p class=\"ds-markdown-paragraph\">\ud83d\udd25\u00a0<strong>Schnelles Diesel-Heizsystem<\/strong><br \/>\nAusgestattet mit einem RIELLO G20-Dieselbrenner, der innerhalb von 5\u20138 Minuten auf bis zu 40\u00b0C erhitzt, mit einer maximalen Backtemperatur von 80\u00b0C. Geeignet f\u00fcr verschiedene mittel- bis niedrigtemperaturige Lackier- und Aush\u00e4rtungsprozesse, bietet eine starke Kraftstoffanpassungsf\u00e4higkeit und kontrollierbare Betriebskosten.<\/p>\n<p class=\"ds-markdown-paragraph\">\ud83d\udca8\u00a0<strong>Effiziente Bel\u00fcftung &amp; Luftmanagement<\/strong><br \/>\nVerwendet 2\u00d74KW Doppelansaug-Zentrifugalventilatoren, die eine Gesamtluftzufuhr von 30.000 m\u00b3\/h bieten, kombiniert mit einem dedizierten 5,5KW-Auspuffventilator (19.000 m\u00b3\/h). Sorgt f\u00fcr stabile Luftstr\u00f6mung und schnelle Entfernung von Lacknebel innerhalb der Kabine, wodurch eine sicherere Arbeitsumgebung geschaffen wird.<\/p>\n<p class=\"ds-markdown-paragraph\">\ud83c\udf2b\ufe0f\u00a0<strong>Dreistufiges Luftreinigungssystem<\/strong><br \/>\nIntegriert einen Prim\u00e4rfilter (&gt;10\u03bcm, &gt;90% Effizienz), einen Hochleistungskopfstellenfilter (&gt;4\u03bcm, &gt;98% Effizienz) und einen mehrlagigen Glasfaser-Bodenfilter (&gt;90% Effizienz), um Partikel effektiv aufzufangen und ein makelloses Finish zu gew\u00e4hrleisten.<\/p>\n<p class=\"ds-markdown-paragraph\">\ud83c\udfd7\ufe0f\u00a0<strong>Industrietaugliche langlebige Konstruktion<\/strong><br \/>\nW\u00e4nde bestehen aus doppellagigen, feuerfest isolierten Stahlblechpaneelen, gef\u00fcllt mit hochdichtem Steinwolle (100kg\/m\u00b3), die hervorragende W\u00e4rmed\u00e4mmung und Flammschutz bieten. Der Boden ist eine 300 mm hohe erh\u00f6hte Plattform aus verzinktem Stahlblech mit verzinkten Stahlgitterrosten gegen Rost, mit einer Gesamtbelastbarkeit von \u00fcber 5 Tonnen.<\/p>\n<p class=\"ds-markdown-paragraph\">\ud83d\udeaa\u00a0<strong>Breit zug\u00e4ngliche T\u00fcrgestaltung<\/strong><br \/>\nDrei Frontt\u00fcren mit einer Gesamtbreite von 3000 mm, ausgestattet mit 5 mm hitzebest\u00e4ndigem Glas, erm\u00f6glichen einen reibungslosen Ein- und Ausstieg f\u00fcr mittelgro\u00dfe bis gro\u00dfe Fahrzeuge und Komponenten, was die Betriebskontinuit\u00e4t verbessert.<\/p>\n<p class=\"ds-markdown-paragraph\">\ud83d\udcdf\u00a0<strong>Intelligente Integrierte Steuerung<\/strong><br \/>\nDas Steuerpult integriert Lackieren, Aush\u00e4rten, Timer, Temperaturregelung, Beleuchtung und Not-Aus-Funktionen. Es verf\u00fcgt \u00fcber eine klare Benutzeroberfl\u00e4che f\u00fcr einfache Bedienung, unterst\u00fctzt die Standardisierung von Prozessen und Sicherheitsmanagement.<\/p>\n<p class=\"ds-markdown-paragraph\">\ud83d\udca1\u00a0<strong>Vollfl\u00e4chige Gleichm\u00e4\u00dfige Beleuchtung<\/strong><br \/>\n24\u00d718W LED-Deckenleuchten und 8\u00d748W Seitenwand-Assistenzleuchten sorgen f\u00fcr schattenfreie, hochhelle Beleuchtung und gew\u00e4hrleisten eine klare Sichtbarkeit f\u00fcr detaillierte Lackierarbeiten.<\/p>\n<p class=\"ds-markdown-paragraph\"><strong>Haupttechnische Spezifikationen:<\/strong><\/p>\n<ul>\n<li>\n<p class=\"ds-markdown-paragraph\">Externe Abmessungen: 7000 \u00d7 4000 \u00d7 3350 mm<\/p>\n<\/li>\n<li>\n<p class=\"ds-markdown-paragraph\">Interne Abmessungen: 6900 \u00d7 3900 \u00d7 2650 mm<\/p>\n<\/li>\n<li>\n<p class=\"ds-markdown-paragraph\">Heizmethode: Dieselheizung (RIELLO G20)<\/p>\n<\/li>\n<li>\n<p class=\"ds-markdown-paragraph\">Gesamtleistung: 15 KW (Dieselheizversion)<\/p>\n<\/li>\n<li>\n<p class=\"ds-markdown-paragraph\">Spannung\/Frequenz: 220V \/ 380V, 50Hz<\/p>\n<\/li>\n<li>\n<p class=\"ds-markdown-paragraph\">Verpackungsvolumen: ca. 19 CBM\/Set, Gewicht ~3500kg<\/p>\n<\/li>\n<li>\n<p class=\"ds-markdown-paragraph\">Containerempfehlung: 1 Satz passt in einen 20GP-Container; 3 S\u00e4tze passen in einen 40HQ-Container<\/p>\n<\/li>\n<\/ul>\n<p class=\"ds-markdown-paragraph\"><strong>Typische Anwendungen:<\/strong><\/p>\n<ul>\n<li>\n<p class=\"ds-markdown-paragraph\">Automobil-4S-Shops, umfassende Reparaturzentren und professionelle Karosserie- &amp; Lackdienstleister<\/p>\n<\/li>\n<li>\n<p class=\"ds-markdown-paragraph\">Karosserielackierung f\u00fcr Busse, Lastwagen, Baumaschinen und andere gro\u00dfe Fahrzeuge<\/p>\n<\/li>\n<li>\n<p class=\"ds-markdown-paragraph\">Sch\u00fctzende und dekorative Beschichtung f\u00fcr Metallstrukturen und Industrieanlagen<\/p>\n<\/li>\n<li>\n<p class=\"ds-markdown-paragraph\">Lackierlinien, die schnelles Heizen und wirtschaftlichen Betrieb erfordern<\/p>\n<\/li>\n<\/ul>\n<p class=\"ds-markdown-paragraph\">Wir bieten flexible Anpassungen bei Farbe, Teilkonfigurationen und Funktionsmodulen an und k\u00f6nnen Vor-Ort-Layoutplanung sowie Installationsleitf\u00e4den bereitstellen.<\/p>\n<p class=\"ds-markdown-paragraph\"><strong>Kontaktieren Sie unser technisches Team f\u00fcr detaillierte technische Dokumentationen, Konfigurationsm\u00f6glichkeiten und exklusiven kommerziellen Support.<\/strong><\/p>","protected":false},"excerpt":{"rendered":"<p>Der ATK-7000-DH-STD ist eine zuverl\u00e4ssige 7-Meter-Diesel-Spritzkabine, die f\u00fcr die Automobilreparatur, Karosserielackierung und industrielle Beschichtung entwickelt wurde. Ausgestattet mit einem RIELLO G20-Dieselheizsystem f\u00fcr schnelles Aufw\u00e4rmen innerhalb von 5-8 Minuten, kombiniert mit effizienter Bel\u00fcftung und dreistufiger Filtration, bietet sie eine stabile und saubere Lackierumgebung.<\/p>","protected":false},"featured_media":3159,"comment_status":"open","ping_status":"closed","template":"","meta":[],"product_brand":[76],"product_cat":[60,59],"product_tag":[75,74,79,73,90,91,78,63,69,86,68,70,80],"class_list":{"0":"post-3286","1":"product","2":"type-product","3":"status-publish","4":"has-post-thumbnail","6":"product_brand-autoke","7":"product_cat-car-spray-booth","8":"product_cat-spray-booth","9":"product_tag-8m-diesel-car-paint-booth","10":"product_tag-8m-electric-car-paint-booth","11":"product_tag-automotive-spray-booth","12":"product_tag-automotive-spray-booth-manufacturer","13":"product_tag-baking-oven-for-truck","14":"product_tag-bus-paint-baking-oven","15":"product_tag-bus-spray-booth","16":"product_tag-car-spray-booth","17":"product_tag-ce-car-spray-booth","18":"product_tag-commercial-vehicle-spray-booth","19":"product_tag-customized-car-spray-booth","20":"product_tag-high-quality-spray-booths","21":"product_tag-industrial-paint-booth","23":"first","24":"instock","25":"shipping-taxable","26":"product-type-simple"},"yoast_head":"<!-- This site is optimized with the Yoast SEO plugin v27.4 - https:\/\/yoast.com\/product\/yoast-seo-wordpress\/ -->\n<title>ATK-7000-DH-STD 7m Standard Diesel Spray Booth | Professional Automotive Repair Painting Equipment | Industrial High-Efficiency Heating Solution | Customizable | Factory Direct Supply - Autoke-China Paint Booth Manufacturer<\/title>\n<meta name=\"robots\" content=\"index, follow, max-snippet:-1, max-image-preview:large, max-video-preview:-1\" \/>\n<link rel=\"canonical\" href=\"https:\/\/sprayboothmanufacturer.com\/de\/product\/7m-standard-diesel-spray-booth-2\/\" \/>\n<meta property=\"og:locale\" content=\"de_DE\" \/>\n<meta property=\"og:type\" content=\"article\" \/>\n<meta property=\"og:title\" content=\"ATK-7000-DH-STD 7m Standard Diesel Spray Booth | Professional Automotive Repair Painting Equipment | Industrial High-Efficiency Heating Solution | Customizable | Factory Direct Supply - Autoke-China Paint Booth Manufacturer\" \/>\n<meta property=\"og:description\" content=\"The ATK-7000-DH-STD is a reliable 7-meter diesel spray booth designed for automotive repair, body painting, and industrial coating. Equipped with a RIELLO G20 diesel heating system for rapid warm-up within 5-8 minutes, combined with efficient ventilation and three-stage filtration, it provides a stable and clean painting environment.\" \/>\n<meta property=\"og:url\" content=\"https:\/\/sprayboothmanufacturer.com\/de\/product\/7m-standard-diesel-spray-booth-2\/\" \/>\n<meta property=\"og:site_name\" content=\"Autoke-China Paint Booth Manufacturer\" \/>\n<meta property=\"og:image\" content=\"https:\/\/sprayboothmanufacturer.com\/wp-content\/uploads\/2026\/01\/\u5fae\u4fe1\u56fe\u7247_20251020143008.jpg\" \/>\n\t<meta property=\"og:image:width\" content=\"1080\" \/>\n\t<meta property=\"og:image:height\" content=\"1080\" \/>\n\t<meta property=\"og:image:type\" content=\"image\/jpeg\" \/>\n<meta name=\"twitter:card\" content=\"summary_large_image\" \/>\n<meta name=\"twitter:label1\" content=\"Gesch\u00e4tzte Lesezeit\" \/>\n\t<meta name=\"twitter:data1\" content=\"3\u00a0Minuten\" \/>\n<script type=\"application\/ld+json\" class=\"yoast-schema-graph\">{\"@context\":\"https:\\\/\\\/schema.org\",\"@graph\":[{\"@type\":\"WebPage\",\"@id\":\"https:\\\/\\\/sprayboothmanufacturer.com\\\/product\\\/7m-standard-diesel-spray-booth-2\\\/\",\"url\":\"https:\\\/\\\/sprayboothmanufacturer.com\\\/product\\\/7m-standard-diesel-spray-booth-2\\\/\",\"name\":\"ATK-7000-DH-STD 7m Standard Diesel Spray Booth | Professional Automotive Repair Painting Equipment | Industrial High-Efficiency Heating Solution | Customizable | Factory Direct Supply - Autoke-China Paint Booth Manufacturer\",\"isPartOf\":{\"@id\":\"https:\\\/\\\/sprayboothmanufacturer.com\\\/#website\"},\"primaryImageOfPage\":{\"@id\":\"https:\\\/\\\/sprayboothmanufacturer.com\\\/product\\\/7m-standard-diesel-spray-booth-2\\\/#primaryimage\"},\"image\":{\"@id\":\"https:\\\/\\\/sprayboothmanufacturer.com\\\/product\\\/7m-standard-diesel-spray-booth-2\\\/#primaryimage\"},\"thumbnailUrl\":\"https:\\\/\\\/sprayboothmanufacturer.com\\\/wp-content\\\/uploads\\\/2026\\\/01\\\/\u5fae\u4fe1\u56fe\u7247_20251020143008.jpg\",\"datePublished\":\"2026-02-06T03:54:10+00:00\",\"breadcrumb\":{\"@id\":\"https:\\\/\\\/sprayboothmanufacturer.com\\\/product\\\/7m-standard-diesel-spray-booth-2\\\/#breadcrumb\"},\"inLanguage\":\"de\",\"potentialAction\":[{\"@type\":\"ReadAction\",\"target\":[\"https:\\\/\\\/sprayboothmanufacturer.com\\\/product\\\/7m-standard-diesel-spray-booth-2\\\/\"]}]},{\"@type\":\"ImageObject\",\"inLanguage\":\"de\",\"@id\":\"https:\\\/\\\/sprayboothmanufacturer.com\\\/product\\\/7m-standard-diesel-spray-booth-2\\\/#primaryimage\",\"url\":\"https:\\\/\\\/sprayboothmanufacturer.com\\\/wp-content\\\/uploads\\\/2026\\\/01\\\/\u5fae\u4fe1\u56fe\u7247_20251020143008.jpg\",\"contentUrl\":\"https:\\\/\\\/sprayboothmanufacturer.com\\\/wp-content\\\/uploads\\\/2026\\\/01\\\/\u5fae\u4fe1\u56fe\u7247_20251020143008.jpg\",\"width\":1080,\"height\":1080},{\"@type\":\"BreadcrumbList\",\"@id\":\"https:\\\/\\\/sprayboothmanufacturer.com\\\/product\\\/7m-standard-diesel-spray-booth-2\\\/#breadcrumb\",\"itemListElement\":[{\"@type\":\"ListItem\",\"position\":1,\"name\":\"Home\",\"item\":\"https:\\\/\\\/sprayboothmanufacturer.com\\\/\"},{\"@type\":\"ListItem\",\"position\":2,\"name\":\"\u4ea7\u54c1\",\"item\":\"https:\\\/\\\/sprayboothmanufacturer.com\\\/shop__trashed\\\/\"},{\"@type\":\"ListItem\",\"position\":3,\"name\":\"ATK-7000-DH-STD 7m Standard Diesel Spray Booth | Professional Automotive Repair Painting Equipment | Industrial High-Efficiency Heating Solution | Customizable | Factory Direct Supply\"}]},{\"@type\":\"WebSite\",\"@id\":\"https:\\\/\\\/sprayboothmanufacturer.com\\\/#website\",\"url\":\"https:\\\/\\\/sprayboothmanufacturer.com\\\/\",\"name\":\"Autoke-China Paint Booth Manufacturer\",\"description\":\"\",\"publisher\":{\"@id\":\"https:\\\/\\\/sprayboothmanufacturer.com\\\/#organization\"},\"potentialAction\":[{\"@type\":\"SearchAction\",\"target\":{\"@type\":\"EntryPoint\",\"urlTemplate\":\"https:\\\/\\\/sprayboothmanufacturer.com\\\/?s={search_term_string}\"},\"query-input\":{\"@type\":\"PropertyValueSpecification\",\"valueRequired\":true,\"valueName\":\"search_term_string\"}}],\"inLanguage\":\"de\"},{\"@type\":\"Organization\",\"@id\":\"https:\\\/\\\/sprayboothmanufacturer.com\\\/#organization\",\"name\":\"Autoke-China Paint Booth Manufacturer\",\"url\":\"https:\\\/\\\/sprayboothmanufacturer.com\\\/\",\"logo\":{\"@type\":\"ImageObject\",\"inLanguage\":\"de\",\"@id\":\"https:\\\/\\\/sprayboothmanufacturer.com\\\/#\\\/schema\\\/logo\\\/image\\\/\",\"url\":\"https:\\\/\\\/sprayboothmanufacturer.com\\\/wp-content\\\/uploads\\\/2025\\\/12\\\/\u5fae\u4fe1\u56fe\u7247_20260113195103_1750_4-scaled-e1768394147958.png\",\"contentUrl\":\"https:\\\/\\\/sprayboothmanufacturer.com\\\/wp-content\\\/uploads\\\/2025\\\/12\\\/\u5fae\u4fe1\u56fe\u7247_20260113195103_1750_4-scaled-e1768394147958.png\",\"width\":1740,\"height\":538,\"caption\":\"Autoke-China Paint Booth Manufacturer\"},\"image\":{\"@id\":\"https:\\\/\\\/sprayboothmanufacturer.com\\\/#\\\/schema\\\/logo\\\/image\\\/\"}}]}<\/script>\n<!-- \/ Yoast SEO plugin. -->","yoast_head_json":{"title":"ATK-7000-DH-STD 7m Standard Diesel-Spritzkabine | Professionelle Automobil-Reparatur- und Lackierausr\u00fcstung | Industrielle Hochleistung-Heizungsl\u00f6sung | Anpassbar | Direkt vom Hersteller - Autoke-China Lackierkabinenhersteller","robots":{"index":"index","follow":"follow","max-snippet":"max-snippet:-1","max-image-preview":"max-image-preview:large","max-video-preview":"max-video-preview:-1"},"canonical":"https:\/\/sprayboothmanufacturer.com\/de\/product\/7m-standard-diesel-spray-booth-2\/","og_locale":"de_DE","og_type":"article","og_title":"ATK-7000-DH-STD 7m Standard Diesel Spray Booth | Professional Automotive Repair Painting Equipment | Industrial High-Efficiency Heating Solution | Customizable | Factory Direct Supply - Autoke-China Paint Booth Manufacturer","og_description":"The ATK-7000-DH-STD is a reliable 7-meter diesel spray booth designed for automotive repair, body painting, and industrial coating. Equipped with a RIELLO G20 diesel heating system for rapid warm-up within 5-8 minutes, combined with efficient ventilation and three-stage filtration, it provides a stable and clean painting environment.","og_url":"https:\/\/sprayboothmanufacturer.com\/de\/product\/7m-standard-diesel-spray-booth-2\/","og_site_name":"Autoke-China Paint Booth Manufacturer","og_image":[{"width":1080,"height":1080,"url":"https:\/\/sprayboothmanufacturer.com\/wp-content\/uploads\/2026\/01\/\u5fae\u4fe1\u56fe\u7247_20251020143008.jpg","type":"image\/jpeg"}],"twitter_card":"summary_large_image","twitter_misc":{"Gesch\u00e4tzte Lesezeit":"3\u00a0Minuten"},"schema":{"@context":"https:\/\/schema.org","@graph":[{"@type":"WebPage","@id":"https:\/\/sprayboothmanufacturer.com\/product\/7m-standard-diesel-spray-booth-2\/","url":"https:\/\/sprayboothmanufacturer.com\/product\/7m-standard-diesel-spray-booth-2\/","name":"ATK-7000-DH-STD 7m Standard Diesel-Spritzkabine | Professionelle Automobil-Reparatur- und Lackierausr\u00fcstung | Industrielle Hochleistung-Heizungsl\u00f6sung | Anpassbar | Direkt vom Hersteller - Autoke-China Lackierkabinenhersteller","isPartOf":{"@id":"https:\/\/sprayboothmanufacturer.com\/#website"},"primaryImageOfPage":{"@id":"https:\/\/sprayboothmanufacturer.com\/product\/7m-standard-diesel-spray-booth-2\/#primaryimage"},"image":{"@id":"https:\/\/sprayboothmanufacturer.com\/product\/7m-standard-diesel-spray-booth-2\/#primaryimage"},"thumbnailUrl":"https:\/\/sprayboothmanufacturer.com\/wp-content\/uploads\/2026\/01\/\u5fae\u4fe1\u56fe\u7247_20251020143008.jpg","datePublished":"2026-02-06T03:54:10+00:00","breadcrumb":{"@id":"https:\/\/sprayboothmanufacturer.com\/product\/7m-standard-diesel-spray-booth-2\/#breadcrumb"},"inLanguage":"de","potentialAction":[{"@type":"ReadAction","target":["https:\/\/sprayboothmanufacturer.com\/product\/7m-standard-diesel-spray-booth-2\/"]}]},{"@type":"ImageObject","inLanguage":"de","@id":"https:\/\/sprayboothmanufacturer.com\/product\/7m-standard-diesel-spray-booth-2\/#primaryimage","url":"https:\/\/sprayboothmanufacturer.com\/wp-content\/uploads\/2026\/01\/\u5fae\u4fe1\u56fe\u7247_20251020143008.jpg","contentUrl":"https:\/\/sprayboothmanufacturer.com\/wp-content\/uploads\/2026\/01\/\u5fae\u4fe1\u56fe\u7247_20251020143008.jpg","width":1080,"height":1080},{"@type":"BreadcrumbList","@id":"https:\/\/sprayboothmanufacturer.com\/product\/7m-standard-diesel-spray-booth-2\/#breadcrumb","itemListElement":[{"@type":"ListItem","position":1,"name":"Home","item":"https:\/\/sprayboothmanufacturer.com\/"},{"@type":"ListItem","position":2,"name":"\u4ea7\u54c1","item":"https:\/\/sprayboothmanufacturer.com\/shop__trashed\/"},{"@type":"ListItem","position":3,"name":"ATK-7000-DH-STD 7m Standard Diesel Spray Booth | Professional Automotive Repair Painting Equipment | Industrial High-Efficiency Heating Solution | Customizable | Factory Direct Supply"}]},{"@type":"WebSite","@id":"https:\/\/sprayboothmanufacturer.com\/#website","url":"https:\/\/sprayboothmanufacturer.com\/","name":"Autoke-Deutschland Lackierkabinenhersteller","description":"","publisher":{"@id":"https:\/\/sprayboothmanufacturer.com\/#organization"},"potentialAction":[{"@type":"SearchAction","target":{"@type":"EntryPoint","urlTemplate":"https:\/\/sprayboothmanufacturer.com\/?s={search_term_string}"},"query-input":{"@type":"PropertyValueSpecification","valueRequired":true,"valueName":"search_term_string"}}],"inLanguage":"de"},{"@type":"Organization","@id":"https:\/\/sprayboothmanufacturer.com\/#organization","name":"Autoke-Deutschland Lackierkabinenhersteller","url":"https:\/\/sprayboothmanufacturer.com\/","logo":{"@type":"ImageObject","inLanguage":"de","@id":"https:\/\/sprayboothmanufacturer.com\/#\/schema\/logo\/image\/","url":"https:\/\/sprayboothmanufacturer.com\/wp-content\/uploads\/2025\/12\/\u5fae\u4fe1\u56fe\u7247_20260113195103_1750_4-scaled-e1768394147958.png","contentUrl":"https:\/\/sprayboothmanufacturer.com\/wp-content\/uploads\/2025\/12\/\u5fae\u4fe1\u56fe\u7247_20260113195103_1750_4-scaled-e1768394147958.png","width":1740,"height":538,"caption":"Autoke-China Paint Booth Manufacturer"},"image":{"@id":"https:\/\/sprayboothmanufacturer.com\/#\/schema\/logo\/image\/"}}]}},"_links":{"self":[{"href":"https:\/\/sprayboothmanufacturer.com\/de\/wp-json\/wp\/v2\/product\/3286","targetHints":{"allow":["GET"]}}],"collection":[{"href":"https:\/\/sprayboothmanufacturer.com\/de\/wp-json\/wp\/v2\/product"}],"about":[{"href":"https:\/\/sprayboothmanufacturer.com\/de\/wp-json\/wp\/v2\/types\/product"}],"replies":[{"embeddable":true,"href":"https:\/\/sprayboothmanufacturer.com\/de\/wp-json\/wp\/v2\/comments?post=3286"}],"version-history":[{"count":1,"href":"https:\/\/sprayboothmanufacturer.com\/de\/wp-json\/wp\/v2\/product\/3286\/revisions"}],"predecessor-version":[{"id":3287,"href":"https:\/\/sprayboothmanufacturer.com\/de\/wp-json\/wp\/v2\/product\/3286\/revisions\/3287"}],"wp:featuredmedia":[{"embeddable":true,"href":"https:\/\/sprayboothmanufacturer.com\/de\/wp-json\/wp\/v2\/media\/3159"}],"wp:attachment":[{"href":"https:\/\/sprayboothmanufacturer.com\/de\/wp-json\/wp\/v2\/media?parent=3286"}],"wp:term":[{"taxonomy":"product_brand","embeddable":true,"href":"https:\/\/sprayboothmanufacturer.com\/de\/wp-json\/wp\/v2\/product_brand?post=3286"},{"taxonomy":"product_cat","embeddable":true,"href":"https:\/\/sprayboothmanufacturer.com\/de\/wp-json\/wp\/v2\/product_cat?post=3286"},{"taxonomy":"product_tag","embeddable":true,"href":"https:\/\/sprayboothmanufacturer.com\/de\/wp-json\/wp\/v2\/product_tag?post=3286"}],"curies":[{"name":"wp","href":"https:\/\/api.w.org\/{rel}","templated":true}]}}