{"id":3284,"date":"2026-02-06T03:35:31","date_gmt":"2026-02-06T03:35:31","guid":{"rendered":"https:\/\/sprayboothmanufacturer.com\/?post_type=product&#038;p=3284"},"modified":"2026-02-06T03:35:31","modified_gmt":"2026-02-06T03:35:31","slug":"7m-standard-electric-spray-booth","status":"publish","type":"product","link":"https:\/\/sprayboothmanufacturer.com\/de\/product\/7m-standard-electric-spray-booth\/","title":{"rendered":"ATK-7000-EH-STD 7m Standard-Elektro-Spritzkabine | Hochleistungs- &amp; umweltfreundliche Lackierausr\u00fcstung | Industrielle L\u00f6sung f\u00fcr Autoreparatur | Anpassbar | Direkt ab Werk geliefert"},"content":{"rendered":"<table style=\"height: 140px;\" width=\"816\">\n<tbody>\n<tr>\n<td width=\"142\"><strong><b>Mindestbestellmenge :<\/b><\/strong><\/td>\n<td width=\"142\">1 St\u00fcck<\/td>\n<td width=\"142\"><strong><b>Preis :<\/b><\/strong><\/td>\n<td width=\"142\">Verhandlungssache<\/td>\n<\/tr>\n<tr>\n<td width=\"142\"><strong><b>Verpackungsdetails :<\/b><\/strong><\/td>\n<td width=\"142\">40G oder 20GP\/Einheit<\/td>\n<td width=\"142\"><strong><b>Lieferzeit :<\/b><\/strong><\/td>\n<td width=\"142\">15 Tage, Verhandlungssache<\/td>\n<\/tr>\n<tr>\n<td width=\"142\"><strong><b>Zahlungsbedingungen :<\/b><\/strong><\/td>\n<td width=\"142\">L\/C, T\/T<\/td>\n<td width=\"142\"><strong><b>Lieferf\u00e4higkeit :<\/b><\/strong><\/td>\n<td width=\"142\">50 Einheiten\/Einheiten pro Monat Industrielle Spr\u00fchkabine Bus-Spr\u00fchkabine<\/td>\n<\/tr>\n<tr>\n<td width=\"142\"><strong><b>Herkunftsland:<\/b><\/strong><\/td>\n<td width=\"142\">Jiangsu, China<\/td>\n<td width=\"142\"><strong><b>Markenname:<\/b><\/strong><\/td>\n<td width=\"142\">Autoke<\/td>\n<\/tr>\n<tr>\n<td width=\"142\"><strong><b>Zertifizierung:<\/b><\/strong><\/td>\n<td width=\"142\">CE<\/td>\n<td width=\"142\"><strong><b>Modellnummer:<\/b><\/strong><\/td>\n<td width=\"142\">ATK-7000-EH-STD<\/td>\n<\/tr>\n<\/tbody>\n<\/table>\n<p class=\"ds-markdown-paragraph\"><strong>ATK-7000-EH-STD 7m Standard-Elektroheiz-Spr\u00fchkabine<\/strong><\/p>\n<p class=\"ds-markdown-paragraph\">Dieses Produkt ist eine gut ausbalancierte, stabile und zuverl\u00e4ssige Standard-Elektrospr\u00fchkabine, die f\u00fcr verschiedene Autoreparaturwerkst\u00e4tten, professionelle Karosserie- &amp; Lackierstationen und industrielle Beschichtungsanlagen geeignet ist. Mit sauberer elektrischer Heizung, leistungsstarker Bel\u00fcftung und einem hochwirksamen Filtersystem gew\u00e4hrleistet sie eine \u00fcberlegene Lackierqualit\u00e4t, w\u00e4hrend sie einen sauberen Arbeitsbereich, pr\u00e4zise Temperaturkontrolle und intelligente Bedienung bietet \u2013 eine ideale Wahl f\u00fcr mittel- bis hochwertiges Lackieren.<\/p>\n<p class=\"ds-markdown-paragraph\"><strong>Kernvorteile:<\/strong><\/p>\n<p class=\"ds-markdown-paragraph\">\u2705\u00a0<strong>Hocheffizientes elektrisches Heizungssystem<\/strong><br \/>\nAusgestattet mit 10 Sets Halogen-Infrarot-Backlampen mit einer Gesamtleistung von 30KW. Erw\u00e4rmt sich innerhalb von 5\u20138 Minuten auf bis zu 40\u00b0C, mit einer maximalen Backtemperatur von 80\u00b0C. Kein Verbrennungsabgas, was sie umweltfreundlich und sauber macht \u2013 ideal f\u00fcr Innenwerkst\u00e4tten mit strengen Luftqualit\u00e4tsanforderungen.<\/p>\n<p class=\"ds-markdown-paragraph\">\u2705\u00a0<strong>Leistungsstarke Bel\u00fcftung &amp; Luftstromsteuerung<\/strong><br \/>\nVerf\u00fcgt \u00fcber 2\u00d74KW Doppelansaug-Zentrifugalventilatoren, die eine Gesamtluftzufuhr von 30.000 m\u00b3\/h bieten, kombiniert mit einem 5,5KW Hochleistungs-Auspuffventilator (19.000 m\u00b3\/h). Schafft einen stabilen Abw\u00e4rtsluftstrom, um eine schnelle Entfernung von Lacknebel zu gew\u00e4hrleisten, was die Sicherheit des Bedieners und die Oberfl\u00e4chenqualit\u00e4t verbessert.<\/p>\n<p class=\"ds-markdown-paragraph\">\u2705\u00a0<strong>Dreistufiges Pr\u00e4zisions-Filtersystem<\/strong><br \/>\nEnth\u00e4lt einen Prim\u00e4rfilter (&gt;10\u03bcm, &gt;90% Effizienz), einen Hochleistungs-Himmel-Filter (&gt;4\u03bcm, &gt;98% Effizienz) und einen mehrlagigen Glasfaser-Bodenfilter (&gt;90% Effizienz). Mehrlagige Reinigung sorgt f\u00fcr einen sauberen Lackierraum.<\/p>\n<p class=\"ds-markdown-paragraph\">\u2705\u00a0<strong>Robuste und langlebige Bauweise<\/strong><br \/>\nW\u00e4nde bestehen aus doppellagigen, feuerfest isolierten Stahlblechpaneelen, die mit hochdichtem Steinwollef\u00fcllung (100kg\/m\u00b3) f\u00fcr thermische und akustische Isolierung gef\u00fcllt sind. Der Boden ist eine 300 mm hohe erh\u00f6hte Plattform aus verzinktem Stahlblech mit rostfreien verzinkten Stahlgittern, die \u00fcber 5 Tonnen f\u00fcr den industriellen Hochfrequenzgebrauch tragen.<\/p>\n<p class=\"ds-markdown-paragraph\">\u2705\u00a0<strong>Intelligentes integriertes Steuerpult<\/strong><br \/>\nEine einheitliche Steueroberfl\u00e4che integriert Lackieren, Backen, Timer, Temperaturregelung, Beleuchtung und Not-Aus-Funktionen. Benutzerfreundliche Bedienung unterst\u00fctzt die Standardisierung des Prozesses, verbessert Effizienz und Sicherheit.<\/p>\n<p class=\"ds-markdown-paragraph\">\u2705\u00a0<strong>Professionelle Beleuchtungskonfiguration<\/strong><br \/>\n24\u00d718W LED-Deckenleuchten (montiert in einem 45\u00b0 Winkel) und 8\u00d748W Seitenwand-Assistenzleuchten sorgen f\u00fcr gleichm\u00e4\u00dfige, schattenfreie Beleuchtung f\u00fcr eine klare Sicht w\u00e4hrend detaillierter Lackierarbeiten.<\/p>\n<p class=\"ds-markdown-paragraph\"><strong>Haupttechnische Spezifikationen:<\/strong><\/p>\n<ul>\n<li>\n<p class=\"ds-markdown-paragraph\">Externe Abmessungen: 7000 \u00d7 4000 \u00d7 3350 mm<\/p>\n<\/li>\n<li>\n<p class=\"ds-markdown-paragraph\">Interne Abmessungen: 6900 \u00d7 3900 \u00d7 2650 mm<\/p>\n<\/li>\n<li>\n<p class=\"ds-markdown-paragraph\">Heizmethode: Elektrische Heizung (Infrarot-Backlampen)<\/p>\n<\/li>\n<li>\n<p class=\"ds-markdown-paragraph\">Heizleistung: 30 KW<\/p>\n<\/li>\n<li>\n<p class=\"ds-markdown-paragraph\">Gesamtleistung: 38 KW<\/p>\n<\/li>\n<li>\n<p class=\"ds-markdown-paragraph\">Spannung\/Frequenz: 220V \/ 380V, 50Hz<\/p>\n<\/li>\n<li>\n<p class=\"ds-markdown-paragraph\">Verpackungsvolumen: ca. 19 CBM\/Set, Gewicht ~3500kg<\/p>\n<\/li>\n<li>\n<p class=\"ds-markdown-paragraph\">Containerempfehlung: 1 Satz \/ 20GP-Container, 3 S\u00e4tze \/ 40HQ-Container<\/p>\n<\/li>\n<\/ul>\n<p class=\"ds-markdown-paragraph\"><strong>Ideale Anwendungen:<\/strong><\/p>\n<ul>\n<li>\n<p class=\"ds-markdown-paragraph\">Automobil-4S-Shops, umfassende Reparaturzentren und Karosserie- &amp; Lackierwerkst\u00e4tten<\/p>\n<\/li>\n<li>\n<p class=\"ds-markdown-paragraph\">Lackierung von Bussen, Lastwagen und Baumaschinenkarosserien<\/p>\n<\/li>\n<li>\n<p class=\"ds-markdown-paragraph\">Beschichtungsanlagen f\u00fcr Metallprodukte und Industrieausr\u00fcstung<\/p>\n<\/li>\n<li>\n<p class=\"ds-markdown-paragraph\">Professionelle Malerworkshops, die hohe Umweltreinheit und pr\u00e4zise Temperaturkontrolle erfordern<\/p>\n<\/li>\n<\/ul>\n<p class=\"ds-markdown-paragraph\">Wir unterst\u00fctzen Anpassungen bei Farbe, Konfiguration und Teilstruktur, um L\u00f6sungen anzubieten, die besser auf Ihre Produktionsbed\u00fcrfnisse zugeschnitten sind.<\/p>\n<p class=\"ds-markdown-paragraph\"><strong>Kontaktieren Sie unser technisches Team f\u00fcr detaillierte technische Dokumente, Konfigurationsm\u00f6glichkeiten und ein pers\u00f6nliches Angebot.<\/strong><\/p>","protected":false},"excerpt":{"rendered":"<p>Der ATK-7000-EH-STD ist eine 7 Meter lange Standard-Elektrospr\u00fchkabine, die f\u00fcr die Automobilreparatur, Karosserielackierung und industrielle Beschichtungsanwendungen entwickelt wurde. Ausgestattet mit einem 30KW effizienten Infrarotlampen-Heizsystem f\u00fcr schnelles Aufw\u00e4rmen innerhalb von 5-8 Minuten, dreistufiger Pr\u00e4zisionsfiltration und intelligenter Steuerung bietet sie eine saubere, stabile und energiesparende professionelle Lackierumgebung.<\/p>","protected":false},"featured_media":3173,"comment_status":"open","ping_status":"closed","template":"","meta":[],"product_brand":[76],"product_cat":[60,59],"product_tag":[75,74,79,73,89,91,93,63,72,86,71,68,64,70],"class_list":{"0":"post-3284","1":"product","2":"type-product","3":"status-publish","4":"has-post-thumbnail","6":"product_brand-autoke","7":"product_cat-car-spray-booth","8":"product_cat-spray-booth","9":"product_tag-8m-diesel-car-paint-booth","10":"product_tag-8m-electric-car-paint-booth","11":"product_tag-automotive-spray-booth","12":"product_tag-automotive-spray-booth-manufacturer","13":"product_tag-baking-oven-for-bus","14":"product_tag-bus-paint-baking-oven","15":"product_tag-bus-spray-booth-baking-system","16":"product_tag-car-spray-booth","17":"product_tag-car-spray-booth-factory","18":"product_tag-commercial-vehicle-spray-booth","19":"product_tag-competitive-price-spray-booths","20":"product_tag-customized-car-spray-booth","21":"product_tag-environmentally-friendly-car-spray-booth","22":"product_tag-high-quality-spray-booths","24":"first","25":"instock","26":"shipping-taxable","27":"product-type-simple"},"yoast_head":"<!-- This site is optimized with the Yoast SEO plugin v27.4 - https:\/\/yoast.com\/product\/yoast-seo-wordpress\/ -->\n<title>ATK-7000-EH-STD 7m Standard Electric Spray Booth | High-Efficiency &amp; Eco-Friendly Painting Equipment | Industrial-Grade Solution for Auto Repair | Customizable | Factory Direct Supply - Autoke-China Paint Booth Manufacturer<\/title>\n<meta name=\"robots\" content=\"index, follow, max-snippet:-1, max-image-preview:large, max-video-preview:-1\" \/>\n<link rel=\"canonical\" href=\"https:\/\/sprayboothmanufacturer.com\/de\/product\/7m-standard-electric-spray-booth\/\" \/>\n<meta property=\"og:locale\" content=\"de_DE\" \/>\n<meta property=\"og:type\" content=\"article\" \/>\n<meta property=\"og:title\" content=\"ATK-7000-EH-STD 7m Standard Electric Spray Booth | High-Efficiency &amp; Eco-Friendly Painting Equipment | Industrial-Grade Solution for Auto Repair | Customizable | Factory Direct Supply - Autoke-China Paint Booth Manufacturer\" \/>\n<meta property=\"og:description\" content=\"The ATK-7000-EH-STD is a 7-meter standard electric spray booth designed for automotive repair, bodywork painting, and industrial coating applications. Featuring a 30KW efficient infrared lamp heating system for rapid warm-up within 5-8 minutes, triple-stage precision filtration, and intelligent control, it provides a clean, stable, and energy-saving professional painting environment.\" \/>\n<meta property=\"og:url\" content=\"https:\/\/sprayboothmanufacturer.com\/de\/product\/7m-standard-electric-spray-booth\/\" \/>\n<meta property=\"og:site_name\" content=\"Autoke-China Paint Booth Manufacturer\" \/>\n<meta property=\"og:image\" content=\"https:\/\/sprayboothmanufacturer.com\/wp-content\/uploads\/2026\/02\/3.png\" \/>\n\t<meta property=\"og:image:width\" content=\"800\" \/>\n\t<meta property=\"og:image:height\" content=\"800\" \/>\n\t<meta property=\"og:image:type\" content=\"image\/png\" \/>\n<meta name=\"twitter:card\" content=\"summary_large_image\" \/>\n<meta name=\"twitter:label1\" content=\"Gesch\u00e4tzte Lesezeit\" \/>\n\t<meta name=\"twitter:data1\" content=\"3\u00a0Minuten\" \/>\n<script type=\"application\/ld+json\" class=\"yoast-schema-graph\">{\"@context\":\"https:\\\/\\\/schema.org\",\"@graph\":[{\"@type\":\"WebPage\",\"@id\":\"https:\\\/\\\/sprayboothmanufacturer.com\\\/product\\\/7m-standard-electric-spray-booth\\\/\",\"url\":\"https:\\\/\\\/sprayboothmanufacturer.com\\\/product\\\/7m-standard-electric-spray-booth\\\/\",\"name\":\"ATK-7000-EH-STD 7m Standard Electric Spray Booth | High-Efficiency & Eco-Friendly Painting Equipment | Industrial-Grade Solution for Auto Repair | Customizable | Factory Direct Supply - Autoke-China Paint Booth Manufacturer\",\"isPartOf\":{\"@id\":\"https:\\\/\\\/sprayboothmanufacturer.com\\\/#website\"},\"primaryImageOfPage\":{\"@id\":\"https:\\\/\\\/sprayboothmanufacturer.com\\\/product\\\/7m-standard-electric-spray-booth\\\/#primaryimage\"},\"image\":{\"@id\":\"https:\\\/\\\/sprayboothmanufacturer.com\\\/product\\\/7m-standard-electric-spray-booth\\\/#primaryimage\"},\"thumbnailUrl\":\"https:\\\/\\\/sprayboothmanufacturer.com\\\/wp-content\\\/uploads\\\/2026\\\/02\\\/3.png\",\"datePublished\":\"2026-02-06T03:35:31+00:00\",\"breadcrumb\":{\"@id\":\"https:\\\/\\\/sprayboothmanufacturer.com\\\/product\\\/7m-standard-electric-spray-booth\\\/#breadcrumb\"},\"inLanguage\":\"de\",\"potentialAction\":[{\"@type\":\"ReadAction\",\"target\":[\"https:\\\/\\\/sprayboothmanufacturer.com\\\/product\\\/7m-standard-electric-spray-booth\\\/\"]}]},{\"@type\":\"ImageObject\",\"inLanguage\":\"de\",\"@id\":\"https:\\\/\\\/sprayboothmanufacturer.com\\\/product\\\/7m-standard-electric-spray-booth\\\/#primaryimage\",\"url\":\"https:\\\/\\\/sprayboothmanufacturer.com\\\/wp-content\\\/uploads\\\/2026\\\/02\\\/3.png\",\"contentUrl\":\"https:\\\/\\\/sprayboothmanufacturer.com\\\/wp-content\\\/uploads\\\/2026\\\/02\\\/3.png\",\"width\":800,\"height\":800},{\"@type\":\"BreadcrumbList\",\"@id\":\"https:\\\/\\\/sprayboothmanufacturer.com\\\/product\\\/7m-standard-electric-spray-booth\\\/#breadcrumb\",\"itemListElement\":[{\"@type\":\"ListItem\",\"position\":1,\"name\":\"Home\",\"item\":\"https:\\\/\\\/sprayboothmanufacturer.com\\\/\"},{\"@type\":\"ListItem\",\"position\":2,\"name\":\"\u4ea7\u54c1\",\"item\":\"https:\\\/\\\/sprayboothmanufacturer.com\\\/shop__trashed\\\/\"},{\"@type\":\"ListItem\",\"position\":3,\"name\":\"ATK-7000-EH-STD 7m Standard Electric Spray Booth | High-Efficiency &#038; Eco-Friendly Painting Equipment | Industrial-Grade Solution for Auto Repair | Customizable | Factory Direct Supply\"}]},{\"@type\":\"WebSite\",\"@id\":\"https:\\\/\\\/sprayboothmanufacturer.com\\\/#website\",\"url\":\"https:\\\/\\\/sprayboothmanufacturer.com\\\/\",\"name\":\"Autoke-China Paint Booth Manufacturer\",\"description\":\"\",\"publisher\":{\"@id\":\"https:\\\/\\\/sprayboothmanufacturer.com\\\/#organization\"},\"potentialAction\":[{\"@type\":\"SearchAction\",\"target\":{\"@type\":\"EntryPoint\",\"urlTemplate\":\"https:\\\/\\\/sprayboothmanufacturer.com\\\/?s={search_term_string}\"},\"query-input\":{\"@type\":\"PropertyValueSpecification\",\"valueRequired\":true,\"valueName\":\"search_term_string\"}}],\"inLanguage\":\"de\"},{\"@type\":\"Organization\",\"@id\":\"https:\\\/\\\/sprayboothmanufacturer.com\\\/#organization\",\"name\":\"Autoke-China Paint Booth Manufacturer\",\"url\":\"https:\\\/\\\/sprayboothmanufacturer.com\\\/\",\"logo\":{\"@type\":\"ImageObject\",\"inLanguage\":\"de\",\"@id\":\"https:\\\/\\\/sprayboothmanufacturer.com\\\/#\\\/schema\\\/logo\\\/image\\\/\",\"url\":\"https:\\\/\\\/sprayboothmanufacturer.com\\\/wp-content\\\/uploads\\\/2025\\\/12\\\/\u5fae\u4fe1\u56fe\u7247_20260113195103_1750_4-scaled-e1768394147958.png\",\"contentUrl\":\"https:\\\/\\\/sprayboothmanufacturer.com\\\/wp-content\\\/uploads\\\/2025\\\/12\\\/\u5fae\u4fe1\u56fe\u7247_20260113195103_1750_4-scaled-e1768394147958.png\",\"width\":1740,\"height\":538,\"caption\":\"Autoke-China Paint Booth Manufacturer\"},\"image\":{\"@id\":\"https:\\\/\\\/sprayboothmanufacturer.com\\\/#\\\/schema\\\/logo\\\/image\\\/\"}}]}<\/script>\n<!-- \/ Yoast SEO plugin. -->","yoast_head_json":{"title":"ATK-7000-EH-STD 7m Standard-Elektrospr\u00fchkabine | Hochleistungs- und umweltfreundliche Lackierger\u00e4te | Industrielle L\u00f6sung f\u00fcr Autoreparatur | Anpassbar | Direkt vom Hersteller - Autoke-China Lackierkabinenhersteller","robots":{"index":"index","follow":"follow","max-snippet":"max-snippet:-1","max-image-preview":"max-image-preview:large","max-video-preview":"max-video-preview:-1"},"canonical":"https:\/\/sprayboothmanufacturer.com\/de\/product\/7m-standard-electric-spray-booth\/","og_locale":"de_DE","og_type":"article","og_title":"ATK-7000-EH-STD 7m Standard Electric Spray Booth | High-Efficiency & Eco-Friendly Painting Equipment | Industrial-Grade Solution for Auto Repair | Customizable | Factory Direct Supply - Autoke-China Paint Booth Manufacturer","og_description":"The ATK-7000-EH-STD is a 7-meter standard electric spray booth designed for automotive repair, bodywork painting, and industrial coating applications. Featuring a 30KW efficient infrared lamp heating system for rapid warm-up within 5-8 minutes, triple-stage precision filtration, and intelligent control, it provides a clean, stable, and energy-saving professional painting environment.","og_url":"https:\/\/sprayboothmanufacturer.com\/de\/product\/7m-standard-electric-spray-booth\/","og_site_name":"Autoke-China Paint Booth Manufacturer","og_image":[{"width":800,"height":800,"url":"https:\/\/sprayboothmanufacturer.com\/wp-content\/uploads\/2026\/02\/3.png","type":"image\/png"}],"twitter_card":"summary_large_image","twitter_misc":{"Gesch\u00e4tzte Lesezeit":"3\u00a0Minuten"},"schema":{"@context":"https:\/\/schema.org","@graph":[{"@type":"WebPage","@id":"https:\/\/sprayboothmanufacturer.com\/product\/7m-standard-electric-spray-booth\/","url":"https:\/\/sprayboothmanufacturer.com\/product\/7m-standard-electric-spray-booth\/","name":"ATK-7000-EH-STD 7m Standard-Elektrospr\u00fchkabine | Hochleistungs- und umweltfreundliche Lackierger\u00e4te | Industrielle L\u00f6sung f\u00fcr Autoreparatur | Anpassbar | Direkt vom Hersteller - Autoke-China Lackierkabinenhersteller","isPartOf":{"@id":"https:\/\/sprayboothmanufacturer.com\/#website"},"primaryImageOfPage":{"@id":"https:\/\/sprayboothmanufacturer.com\/product\/7m-standard-electric-spray-booth\/#primaryimage"},"image":{"@id":"https:\/\/sprayboothmanufacturer.com\/product\/7m-standard-electric-spray-booth\/#primaryimage"},"thumbnailUrl":"https:\/\/sprayboothmanufacturer.com\/wp-content\/uploads\/2026\/02\/3.png","datePublished":"2026-02-06T03:35:31+00:00","breadcrumb":{"@id":"https:\/\/sprayboothmanufacturer.com\/product\/7m-standard-electric-spray-booth\/#breadcrumb"},"inLanguage":"de","potentialAction":[{"@type":"ReadAction","target":["https:\/\/sprayboothmanufacturer.com\/product\/7m-standard-electric-spray-booth\/"]}]},{"@type":"ImageObject","inLanguage":"de","@id":"https:\/\/sprayboothmanufacturer.com\/product\/7m-standard-electric-spray-booth\/#primaryimage","url":"https:\/\/sprayboothmanufacturer.com\/wp-content\/uploads\/2026\/02\/3.png","contentUrl":"https:\/\/sprayboothmanufacturer.com\/wp-content\/uploads\/2026\/02\/3.png","width":800,"height":800},{"@type":"BreadcrumbList","@id":"https:\/\/sprayboothmanufacturer.com\/product\/7m-standard-electric-spray-booth\/#breadcrumb","itemListElement":[{"@type":"ListItem","position":1,"name":"Home","item":"https:\/\/sprayboothmanufacturer.com\/"},{"@type":"ListItem","position":2,"name":"\u4ea7\u54c1","item":"https:\/\/sprayboothmanufacturer.com\/shop__trashed\/"},{"@type":"ListItem","position":3,"name":"ATK-7000-EH-STD 7m Standard Electric Spray Booth | High-Efficiency &#038; Eco-Friendly Painting Equipment | Industrial-Grade Solution for Auto Repair | Customizable | Factory Direct Supply"}]},{"@type":"WebSite","@id":"https:\/\/sprayboothmanufacturer.com\/#website","url":"https:\/\/sprayboothmanufacturer.com\/","name":"Autoke-Deutschland Lackierkabinenhersteller","description":"","publisher":{"@id":"https:\/\/sprayboothmanufacturer.com\/#organization"},"potentialAction":[{"@type":"SearchAction","target":{"@type":"EntryPoint","urlTemplate":"https:\/\/sprayboothmanufacturer.com\/?s={search_term_string}"},"query-input":{"@type":"PropertyValueSpecification","valueRequired":true,"valueName":"search_term_string"}}],"inLanguage":"de"},{"@type":"Organization","@id":"https:\/\/sprayboothmanufacturer.com\/#organization","name":"Autoke-Deutschland Lackierkabinenhersteller","url":"https:\/\/sprayboothmanufacturer.com\/","logo":{"@type":"ImageObject","inLanguage":"de","@id":"https:\/\/sprayboothmanufacturer.com\/#\/schema\/logo\/image\/","url":"https:\/\/sprayboothmanufacturer.com\/wp-content\/uploads\/2025\/12\/\u5fae\u4fe1\u56fe\u7247_20260113195103_1750_4-scaled-e1768394147958.png","contentUrl":"https:\/\/sprayboothmanufacturer.com\/wp-content\/uploads\/2025\/12\/\u5fae\u4fe1\u56fe\u7247_20260113195103_1750_4-scaled-e1768394147958.png","width":1740,"height":538,"caption":"Autoke-China Paint Booth Manufacturer"},"image":{"@id":"https:\/\/sprayboothmanufacturer.com\/#\/schema\/logo\/image\/"}}]}},"_links":{"self":[{"href":"https:\/\/sprayboothmanufacturer.com\/de\/wp-json\/wp\/v2\/product\/3284","targetHints":{"allow":["GET"]}}],"collection":[{"href":"https:\/\/sprayboothmanufacturer.com\/de\/wp-json\/wp\/v2\/product"}],"about":[{"href":"https:\/\/sprayboothmanufacturer.com\/de\/wp-json\/wp\/v2\/types\/product"}],"replies":[{"embeddable":true,"href":"https:\/\/sprayboothmanufacturer.com\/de\/wp-json\/wp\/v2\/comments?post=3284"}],"version-history":[{"count":1,"href":"https:\/\/sprayboothmanufacturer.com\/de\/wp-json\/wp\/v2\/product\/3284\/revisions"}],"predecessor-version":[{"id":3285,"href":"https:\/\/sprayboothmanufacturer.com\/de\/wp-json\/wp\/v2\/product\/3284\/revisions\/3285"}],"wp:featuredmedia":[{"embeddable":true,"href":"https:\/\/sprayboothmanufacturer.com\/de\/wp-json\/wp\/v2\/media\/3173"}],"wp:attachment":[{"href":"https:\/\/sprayboothmanufacturer.com\/de\/wp-json\/wp\/v2\/media?parent=3284"}],"wp:term":[{"taxonomy":"product_brand","embeddable":true,"href":"https:\/\/sprayboothmanufacturer.com\/de\/wp-json\/wp\/v2\/product_brand?post=3284"},{"taxonomy":"product_cat","embeddable":true,"href":"https:\/\/sprayboothmanufacturer.com\/de\/wp-json\/wp\/v2\/product_cat?post=3284"},{"taxonomy":"product_tag","embeddable":true,"href":"https:\/\/sprayboothmanufacturer.com\/de\/wp-json\/wp\/v2\/product_tag?post=3284"}],"curies":[{"name":"wp","href":"https:\/\/api.w.org\/{rel}","templated":true}]}}