{"id":3278,"date":"2026-02-06T02:49:48","date_gmt":"2026-02-06T02:49:48","guid":{"rendered":"https:\/\/sprayboothmanufacturer.com\/?post_type=product&#038;p=3278"},"modified":"2026-02-06T02:49:48","modified_gmt":"2026-02-06T02:49:48","slug":"7m-standard-diesel-spray-booth","status":"publish","type":"product","link":"https:\/\/sprayboothmanufacturer.com\/de\/product\/7m-standard-diesel-spray-booth\/","title":{"rendered":"ATK-7000-DH-STD 7m Standard-Diesel-Spritzkabine | Effiziente Lackierausr\u00fcstung f\u00fcr Autoreparaturzentren | Industrielle L\u00f6sung | Anpassbar | Direkt ab Werk"},"content":{"rendered":"<table style=\"height: 221px;\" width=\"742\">\n<tbody>\n<tr>\n<td width=\"142\"><strong><b>Mindestbestellmenge :<\/b><\/strong><\/td>\n<td width=\"142\">1 St\u00fcck<\/td>\n<td width=\"142\"><strong><b>Preis :<\/b><\/strong><\/td>\n<td width=\"142\">Verhandlungssache<\/td>\n<\/tr>\n<tr>\n<td width=\"142\"><strong><b>Verpackungsdetails :<\/b><\/strong><\/td>\n<td width=\"142\">40G oder 20GP\/Einheit<\/td>\n<td width=\"142\"><strong><b>Lieferzeit :<\/b><\/strong><\/td>\n<td width=\"142\">15 Tage, Verhandlungssache<\/td>\n<\/tr>\n<tr>\n<td width=\"142\"><strong><b>Zahlungsbedingungen :<\/b><\/strong><\/td>\n<td width=\"142\">L\/C, T\/T<\/td>\n<td width=\"142\"><strong><b>Lieferf\u00e4higkeit :<\/b><\/strong><\/td>\n<td width=\"142\">50 Einheiten\/Einheiten pro Monat Industrielle Spr\u00fchkabine Bus-Spr\u00fchkabine<\/td>\n<\/tr>\n<tr>\n<td width=\"142\"><strong><b>Herkunftsland:<\/b><\/strong><\/td>\n<td width=\"142\">Jiangsu, China<\/td>\n<td width=\"142\"><strong><b>Markenname:<\/b><\/strong><\/td>\n<td width=\"142\">Autoke<\/td>\n<\/tr>\n<tr>\n<td width=\"142\"><strong><b>Zertifizierung:<\/b><\/strong><\/td>\n<td width=\"142\">CE<\/td>\n<td width=\"142\"><strong><b>Modellnummer: ATK-7000-DH-STD<br \/>\n<\/b><\/strong><\/td>\n<td width=\"142\">ATK-7000-DH-STD<\/td>\n<\/tr>\n<\/tbody>\n<\/table>\n<p class=\"ds-markdown-paragraph\"><strong>ATK-7000-DH-STD 7m Standard-Diesel-Heiz-Spr\u00fchkabine<\/strong><\/p>\n<p class=\"ds-markdown-paragraph\">Dieses Produkt ist eine gut strukturierte und zuverl\u00e4ssig arbeitende Standard-Diesel-Spr\u00fchkabine, die f\u00fcr Automobilreparatur, Karosserielackierung und allgemeine industrielle Beschichtungsanwendungen entwickelt wurde. Es integriert ein effizientes Diesel-Heizsystem, leistungsstarke Bel\u00fcftung, intelligente Steuerung und Mehrstufenfiltration, um eine zuverl\u00e4ssige, energieeinsparende und umweltbewusste Lackierl\u00f6sung zu bieten.<\/p>\n<p class=\"ds-markdown-paragraph\"><strong>Kernvorteile:<\/strong><\/p>\n<p class=\"ds-markdown-paragraph\">\ud83d\udd25\u00a0<strong>Hochleistungs-Diesel-Heizsystem<\/strong><br \/>\nVerwendet einen RIELLO G20 Dieselbrenner f\u00fcr schnelles und gleichm\u00e4\u00dfiges Heizen, erreicht 40\u00b0C innerhalb von 5-8 Minuten. Maximale Backtemperatur: 80\u00b0C, geeignet f\u00fcr verschiedene Prozesse wie Lackierung und Aush\u00e4rtung.<\/p>\n<p class=\"ds-markdown-paragraph\">\ud83d\udca8\u00a0<strong>Leistungsstarke Bel\u00fcftung &amp; Luftstrom<\/strong><br \/>\nAusgestattet mit 2\u00d74KW Doppelansaug-Zentrifugalventilatoren, die eine Gesamtluftzufuhr von 30.000 m\u00b3\/h bieten, kombiniert mit einem 5,5KW Hochleistungsexhaustor (19.000 m\u00b3\/h). Gew\u00e4hrleistet einen stabilen Luftstrom und schnelle Entfernung von Lacknebel innerhalb der Kabine.<\/p>\n<p class=\"ds-markdown-paragraph\">\ud83c\udf2b\ufe0f\u00a0<strong>Dreistufiges Luftfiltersystem<\/strong><br \/>\nUmfasst einen Prim\u00e4rfilter (&gt;10\u03bcm, &gt;90% Effizienz), einen Hochleistungs-Deckenfilter (&gt;4\u03bcm, &gt;98% Effizienz) und einen Mehrschicht-Faserauslegbodenfilter (&gt;90% Effizienz), um eine saubere Arbeitsumgebung zu gew\u00e4hrleisten und die Oberfl\u00e4chenqualit\u00e4t zu verbessern.<\/p>\n<p class=\"ds-markdown-paragraph\">\ud83c\udfd7\ufe0f\u00a0<strong>Robuste &amp; langlebige Konstruktion<\/strong><br \/>\nW\u00e4nde bestehen aus doppellagigen, feuerfest isolierten Stahlblechpaneelen, gef\u00fcllt mit hochdichtem Steinwolle (100kg\/m\u00b3). Das Dach besteht aus verzinktem Stahlblech. Der Boden ist eine 300 mm hohe erh\u00f6hte Plattform aus verzinktem Stahlblech mit verzinkten Stahlgittern gegen Rost, die \u00fcber 5 Tonnen tragen k\u00f6nnen.<\/p>\n<p class=\"ds-markdown-paragraph\">\ud83d\udeaa\u00a0<strong>Breit zug\u00e4ngliche T\u00fcrgestaltung<\/strong><br \/>\nDrei Frontt\u00fcren mit einer Gesamtbreite von 3000 mm, ausgestattet mit 5 mm hitzebest\u00e4ndigem Glas, erleichtern den Fahrzeugzugang und verbessern die Bedienungsfreundlichkeit sowie den Arbeitsfluss.<\/p>\n<p class=\"ds-markdown-paragraph\">\ud83d\udcdf\u00a0<strong>Intelligente Integrierte Steuerung<\/strong><br \/>\nDas Steuerpult integriert Lackieren, Aush\u00e4rten, Timer, Temperaturregelung, Beleuchtung und Not-Aus-Funktionen f\u00fcr eine intuitive Bedienung und einfache Verwaltung, was die Arbeitssicherheit und -konsistenz erh\u00f6ht.<\/p>\n<p class=\"ds-markdown-paragraph\">\ud83d\udca1\u00a0<strong>Professionelles Beleuchtungssystem<\/strong><br \/>\n24\u00d718W LED-Deckenleuchten und 8\u00d748W Seitenwandleuchten sorgen f\u00fcr eine gleichm\u00e4\u00dfige, schattenfreie Beleuchtung und gew\u00e4hrleisten eine klare Sicht f\u00fcr detaillierte Lackierarbeiten.<\/p>\n<p class=\"ds-markdown-paragraph\"><strong>Haupttechnische Spezifikationen:<\/strong><\/p>\n<ul>\n<li>\n<p class=\"ds-markdown-paragraph\">Externe Abmessungen: 7000\u00d74000\u00d73350 mm<\/p>\n<\/li>\n<li>\n<p class=\"ds-markdown-paragraph\">Innere Abmessungen: 6900\u00d73900\u00d72650 mm<\/p>\n<\/li>\n<li>\n<p class=\"ds-markdown-paragraph\">Heizmethode: Dieselheizung (RIELLO G20)<\/p>\n<\/li>\n<li>\n<p class=\"ds-markdown-paragraph\">Gesamtleistung: 15 KW (Dieselheizversion)<\/p>\n<\/li>\n<li>\n<p class=\"ds-markdown-paragraph\">Spannung\/Frequenz: 220V\/380V, 50Hz<\/p>\n<\/li>\n<li>\n<p class=\"ds-markdown-paragraph\">Verpackungsvolumen: ca. 19 CBM\/Set, Gewicht ~3500kg<\/p>\n<\/li>\n<\/ul>\n<p class=\"ds-markdown-paragraph\"><strong>Ideale Anwendungen:<\/strong><\/p>\n<ul>\n<li>\n<p class=\"ds-markdown-paragraph\">Umfassende Kfz-Reparaturwerkst\u00e4tten und Schnellservicezentren<\/p>\n<\/li>\n<li>\n<p class=\"ds-markdown-paragraph\">Klein- bis mittelgro\u00dfe Karosseriewerkst\u00e4tten und Fahrzeugrestaurationsarbeitspl\u00e4tze<\/p>\n<\/li>\n<li>\n<p class=\"ds-markdown-paragraph\">Lackierung f\u00fcr Busse, LKWs und Sonderfahrzeuge<\/p>\n<\/li>\n<li>\n<p class=\"ds-markdown-paragraph\">Beschichtung von Industrieausr\u00fcstung und Metallkomponenten<\/p>\n<\/li>\n<\/ul>\n<p class=\"ds-markdown-paragraph\">Wir bieten flexible Anpassungen bei Farbe, Konfiguration und Layout, um ma\u00dfgeschneiderte L\u00f6sungen basierend auf Ihren spezifischen Standort- und Prozessanforderungen zu liefern.<\/p>\n<p class=\"ds-markdown-paragraph\"><strong>Kontaktieren Sie unser technisches Team f\u00fcr detaillierte Spezifikationen, Beratung zur Konfiguration und ein pers\u00f6nliches Angebot.<\/strong><\/p>","protected":false},"excerpt":{"rendered":"<p>Der ATK-7000-DH-STD ist eine 7 Meter lange Standard-Diesel-Spr\u00fchkabine, die f\u00fcr die Automobilreparatur und industrielle Lackierung konzipiert ist. Ausgestattet mit einem RIELLO G20 Diesel-Heizsystem f\u00fcr schnelles Aufw\u00e4rmen innerhalb von 5-8 Minuten, dreistufiger Hochleistung-Filterung und intelligenter Steuerung, verf\u00fcgt sie \u00fcber eine robuste Konstruktion, um eine saubere, energieeffiziente und effiziente Lackierumgebung zu gew\u00e4hrleisten.<\/p>","protected":false},"featured_media":3142,"comment_status":"open","ping_status":"closed","template":"","meta":[],"product_brand":[76],"product_cat":[60,59],"product_tag":[75,74,79,73,89,63,72,66,69],"class_list":{"0":"post-3278","1":"product","2":"type-product","3":"status-publish","4":"has-post-thumbnail","6":"product_brand-autoke","7":"product_cat-car-spray-booth","8":"product_cat-spray-booth","9":"product_tag-8m-diesel-car-paint-booth","10":"product_tag-8m-electric-car-paint-booth","11":"product_tag-automotive-spray-booth","12":"product_tag-automotive-spray-booth-manufacturer","13":"product_tag-baking-oven-for-bus","14":"product_tag-car-spray-booth","15":"product_tag-car-spray-booth-factory","16":"product_tag-car-spray-booth-manufacturer","17":"product_tag-ce-car-spray-booth","19":"first","20":"instock","21":"shipping-taxable","22":"product-type-simple"},"yoast_head":"<!-- This site is optimized with the Yoast SEO plugin v27.4 - https:\/\/yoast.com\/product\/yoast-seo-wordpress\/ -->\n<title>ATK-7000-DH-STD 7m Standard Diesel Spray Booth | Efficient Painting Equipment for Auto Repair Centers | Industrial-Grade Solution | Customizable | Factory Direct - Autoke-China Paint Booth Manufacturer<\/title>\n<meta name=\"robots\" content=\"index, follow, max-snippet:-1, max-image-preview:large, max-video-preview:-1\" \/>\n<link rel=\"canonical\" href=\"https:\/\/sprayboothmanufacturer.com\/de\/product\/7m-standard-diesel-spray-booth\/\" \/>\n<meta property=\"og:locale\" content=\"de_DE\" \/>\n<meta property=\"og:type\" content=\"article\" \/>\n<meta property=\"og:title\" content=\"ATK-7000-DH-STD 7m Standard Diesel Spray Booth | Efficient Painting Equipment for Auto Repair Centers | Industrial-Grade Solution | Customizable | Factory Direct - Autoke-China Paint Booth Manufacturer\" \/>\n<meta property=\"og:description\" content=\"The ATK-7000-DH-STD is a 7-meter standard diesel spray booth designed for automotive repair and industrial painting. Equipped with a RIELLO G20 diesel heating system for rapid warm-up within 5-8 minutes, triple-stage high-efficiency filtration, and intelligent controls, it features robust construction to provide a clean, energy-saving, and efficient painting environment.\" \/>\n<meta property=\"og:url\" content=\"https:\/\/sprayboothmanufacturer.com\/de\/product\/7m-standard-diesel-spray-booth\/\" \/>\n<meta property=\"og:site_name\" content=\"Autoke-China Paint Booth Manufacturer\" \/>\n<meta property=\"og:image\" content=\"https:\/\/sprayboothmanufacturer.com\/wp-content\/uploads\/2026\/01\/7e8f82e82f1a7912249227f1e41235b4.jpg\" \/>\n\t<meta property=\"og:image:width\" content=\"1920\" \/>\n\t<meta property=\"og:image:height\" content=\"864\" \/>\n\t<meta property=\"og:image:type\" content=\"image\/jpeg\" \/>\n<meta name=\"twitter:card\" content=\"summary_large_image\" \/>\n<meta name=\"twitter:label1\" content=\"Gesch\u00e4tzte Lesezeit\" \/>\n\t<meta name=\"twitter:data1\" content=\"3\u00a0Minuten\" \/>\n<script type=\"application\/ld+json\" class=\"yoast-schema-graph\">{\"@context\":\"https:\\\/\\\/schema.org\",\"@graph\":[{\"@type\":\"WebPage\",\"@id\":\"https:\\\/\\\/sprayboothmanufacturer.com\\\/product\\\/7m-standard-diesel-spray-booth\\\/\",\"url\":\"https:\\\/\\\/sprayboothmanufacturer.com\\\/product\\\/7m-standard-diesel-spray-booth\\\/\",\"name\":\"ATK-7000-DH-STD 7m Standard Diesel Spray Booth | Efficient Painting Equipment for Auto Repair Centers | Industrial-Grade Solution | Customizable | Factory Direct - Autoke-China Paint Booth Manufacturer\",\"isPartOf\":{\"@id\":\"https:\\\/\\\/sprayboothmanufacturer.com\\\/#website\"},\"primaryImageOfPage\":{\"@id\":\"https:\\\/\\\/sprayboothmanufacturer.com\\\/product\\\/7m-standard-diesel-spray-booth\\\/#primaryimage\"},\"image\":{\"@id\":\"https:\\\/\\\/sprayboothmanufacturer.com\\\/product\\\/7m-standard-diesel-spray-booth\\\/#primaryimage\"},\"thumbnailUrl\":\"https:\\\/\\\/sprayboothmanufacturer.com\\\/wp-content\\\/uploads\\\/2026\\\/01\\\/7e8f82e82f1a7912249227f1e41235b4.jpg\",\"datePublished\":\"2026-02-06T02:49:48+00:00\",\"breadcrumb\":{\"@id\":\"https:\\\/\\\/sprayboothmanufacturer.com\\\/product\\\/7m-standard-diesel-spray-booth\\\/#breadcrumb\"},\"inLanguage\":\"de\",\"potentialAction\":[{\"@type\":\"ReadAction\",\"target\":[\"https:\\\/\\\/sprayboothmanufacturer.com\\\/product\\\/7m-standard-diesel-spray-booth\\\/\"]}]},{\"@type\":\"ImageObject\",\"inLanguage\":\"de\",\"@id\":\"https:\\\/\\\/sprayboothmanufacturer.com\\\/product\\\/7m-standard-diesel-spray-booth\\\/#primaryimage\",\"url\":\"https:\\\/\\\/sprayboothmanufacturer.com\\\/wp-content\\\/uploads\\\/2026\\\/01\\\/7e8f82e82f1a7912249227f1e41235b4.jpg\",\"contentUrl\":\"https:\\\/\\\/sprayboothmanufacturer.com\\\/wp-content\\\/uploads\\\/2026\\\/01\\\/7e8f82e82f1a7912249227f1e41235b4.jpg\",\"width\":1920,\"height\":864},{\"@type\":\"BreadcrumbList\",\"@id\":\"https:\\\/\\\/sprayboothmanufacturer.com\\\/product\\\/7m-standard-diesel-spray-booth\\\/#breadcrumb\",\"itemListElement\":[{\"@type\":\"ListItem\",\"position\":1,\"name\":\"Home\",\"item\":\"https:\\\/\\\/sprayboothmanufacturer.com\\\/\"},{\"@type\":\"ListItem\",\"position\":2,\"name\":\"\u4ea7\u54c1\",\"item\":\"https:\\\/\\\/sprayboothmanufacturer.com\\\/shop__trashed\\\/\"},{\"@type\":\"ListItem\",\"position\":3,\"name\":\"ATK-7000-DH-STD 7m Standard Diesel Spray Booth | Efficient Painting Equipment for Auto Repair Centers | Industrial-Grade Solution | Customizable | Factory Direct\"}]},{\"@type\":\"WebSite\",\"@id\":\"https:\\\/\\\/sprayboothmanufacturer.com\\\/#website\",\"url\":\"https:\\\/\\\/sprayboothmanufacturer.com\\\/\",\"name\":\"Autoke-China Paint Booth Manufacturer\",\"description\":\"\",\"publisher\":{\"@id\":\"https:\\\/\\\/sprayboothmanufacturer.com\\\/#organization\"},\"potentialAction\":[{\"@type\":\"SearchAction\",\"target\":{\"@type\":\"EntryPoint\",\"urlTemplate\":\"https:\\\/\\\/sprayboothmanufacturer.com\\\/?s={search_term_string}\"},\"query-input\":{\"@type\":\"PropertyValueSpecification\",\"valueRequired\":true,\"valueName\":\"search_term_string\"}}],\"inLanguage\":\"de\"},{\"@type\":\"Organization\",\"@id\":\"https:\\\/\\\/sprayboothmanufacturer.com\\\/#organization\",\"name\":\"Autoke-China Paint Booth Manufacturer\",\"url\":\"https:\\\/\\\/sprayboothmanufacturer.com\\\/\",\"logo\":{\"@type\":\"ImageObject\",\"inLanguage\":\"de\",\"@id\":\"https:\\\/\\\/sprayboothmanufacturer.com\\\/#\\\/schema\\\/logo\\\/image\\\/\",\"url\":\"https:\\\/\\\/sprayboothmanufacturer.com\\\/wp-content\\\/uploads\\\/2025\\\/12\\\/\u5fae\u4fe1\u56fe\u7247_20260113195103_1750_4-scaled-e1768394147958.png\",\"contentUrl\":\"https:\\\/\\\/sprayboothmanufacturer.com\\\/wp-content\\\/uploads\\\/2025\\\/12\\\/\u5fae\u4fe1\u56fe\u7247_20260113195103_1750_4-scaled-e1768394147958.png\",\"width\":1740,\"height\":538,\"caption\":\"Autoke-China Paint Booth Manufacturer\"},\"image\":{\"@id\":\"https:\\\/\\\/sprayboothmanufacturer.com\\\/#\\\/schema\\\/logo\\\/image\\\/\"}}]}<\/script>\n<!-- \/ Yoast SEO plugin. -->","yoast_head_json":{"title":"ATK-7000-DH-STD 7m Standard-Dieselspr\u00fchkabine | Effiziente Lackierger\u00e4te f\u00fcr Autoreparaturzentren | Industrielle L\u00f6sung | Anpassbar | Direkt vom Hersteller - Autoke-China Lackierkabinenhersteller","robots":{"index":"index","follow":"follow","max-snippet":"max-snippet:-1","max-image-preview":"max-image-preview:large","max-video-preview":"max-video-preview:-1"},"canonical":"https:\/\/sprayboothmanufacturer.com\/de\/product\/7m-standard-diesel-spray-booth\/","og_locale":"de_DE","og_type":"article","og_title":"ATK-7000-DH-STD 7m Standard Diesel Spray Booth | Efficient Painting Equipment for Auto Repair Centers | Industrial-Grade Solution | Customizable | Factory Direct - Autoke-China Paint Booth Manufacturer","og_description":"The ATK-7000-DH-STD is a 7-meter standard diesel spray booth designed for automotive repair and industrial painting. Equipped with a RIELLO G20 diesel heating system for rapid warm-up within 5-8 minutes, triple-stage high-efficiency filtration, and intelligent controls, it features robust construction to provide a clean, energy-saving, and efficient painting environment.","og_url":"https:\/\/sprayboothmanufacturer.com\/de\/product\/7m-standard-diesel-spray-booth\/","og_site_name":"Autoke-China Paint Booth Manufacturer","og_image":[{"width":1920,"height":864,"url":"https:\/\/sprayboothmanufacturer.com\/wp-content\/uploads\/2026\/01\/7e8f82e82f1a7912249227f1e41235b4.jpg","type":"image\/jpeg"}],"twitter_card":"summary_large_image","twitter_misc":{"Gesch\u00e4tzte Lesezeit":"3\u00a0Minuten"},"schema":{"@context":"https:\/\/schema.org","@graph":[{"@type":"WebPage","@id":"https:\/\/sprayboothmanufacturer.com\/product\/7m-standard-diesel-spray-booth\/","url":"https:\/\/sprayboothmanufacturer.com\/product\/7m-standard-diesel-spray-booth\/","name":"ATK-7000-DH-STD 7m Standard-Dieselspr\u00fchkabine | Effiziente Lackierger\u00e4te f\u00fcr Autoreparaturzentren | Industrielle L\u00f6sung | Anpassbar | Direkt vom Hersteller - Autoke-China Lackierkabinenhersteller","isPartOf":{"@id":"https:\/\/sprayboothmanufacturer.com\/#website"},"primaryImageOfPage":{"@id":"https:\/\/sprayboothmanufacturer.com\/product\/7m-standard-diesel-spray-booth\/#primaryimage"},"image":{"@id":"https:\/\/sprayboothmanufacturer.com\/product\/7m-standard-diesel-spray-booth\/#primaryimage"},"thumbnailUrl":"https:\/\/sprayboothmanufacturer.com\/wp-content\/uploads\/2026\/01\/7e8f82e82f1a7912249227f1e41235b4.jpg","datePublished":"2026-02-06T02:49:48+00:00","breadcrumb":{"@id":"https:\/\/sprayboothmanufacturer.com\/product\/7m-standard-diesel-spray-booth\/#breadcrumb"},"inLanguage":"de","potentialAction":[{"@type":"ReadAction","target":["https:\/\/sprayboothmanufacturer.com\/product\/7m-standard-diesel-spray-booth\/"]}]},{"@type":"ImageObject","inLanguage":"de","@id":"https:\/\/sprayboothmanufacturer.com\/product\/7m-standard-diesel-spray-booth\/#primaryimage","url":"https:\/\/sprayboothmanufacturer.com\/wp-content\/uploads\/2026\/01\/7e8f82e82f1a7912249227f1e41235b4.jpg","contentUrl":"https:\/\/sprayboothmanufacturer.com\/wp-content\/uploads\/2026\/01\/7e8f82e82f1a7912249227f1e41235b4.jpg","width":1920,"height":864},{"@type":"BreadcrumbList","@id":"https:\/\/sprayboothmanufacturer.com\/product\/7m-standard-diesel-spray-booth\/#breadcrumb","itemListElement":[{"@type":"ListItem","position":1,"name":"Home","item":"https:\/\/sprayboothmanufacturer.com\/"},{"@type":"ListItem","position":2,"name":"\u4ea7\u54c1","item":"https:\/\/sprayboothmanufacturer.com\/shop__trashed\/"},{"@type":"ListItem","position":3,"name":"ATK-7000-DH-STD 7m Standard Diesel Spray Booth | Efficient Painting Equipment for Auto Repair Centers | Industrial-Grade Solution | Customizable | Factory Direct"}]},{"@type":"WebSite","@id":"https:\/\/sprayboothmanufacturer.com\/#website","url":"https:\/\/sprayboothmanufacturer.com\/","name":"Autoke-Deutschland Lackierkabinenhersteller","description":"","publisher":{"@id":"https:\/\/sprayboothmanufacturer.com\/#organization"},"potentialAction":[{"@type":"SearchAction","target":{"@type":"EntryPoint","urlTemplate":"https:\/\/sprayboothmanufacturer.com\/?s={search_term_string}"},"query-input":{"@type":"PropertyValueSpecification","valueRequired":true,"valueName":"search_term_string"}}],"inLanguage":"de"},{"@type":"Organization","@id":"https:\/\/sprayboothmanufacturer.com\/#organization","name":"Autoke-Deutschland Lackierkabinenhersteller","url":"https:\/\/sprayboothmanufacturer.com\/","logo":{"@type":"ImageObject","inLanguage":"de","@id":"https:\/\/sprayboothmanufacturer.com\/#\/schema\/logo\/image\/","url":"https:\/\/sprayboothmanufacturer.com\/wp-content\/uploads\/2025\/12\/\u5fae\u4fe1\u56fe\u7247_20260113195103_1750_4-scaled-e1768394147958.png","contentUrl":"https:\/\/sprayboothmanufacturer.com\/wp-content\/uploads\/2025\/12\/\u5fae\u4fe1\u56fe\u7247_20260113195103_1750_4-scaled-e1768394147958.png","width":1740,"height":538,"caption":"Autoke-China Paint Booth Manufacturer"},"image":{"@id":"https:\/\/sprayboothmanufacturer.com\/#\/schema\/logo\/image\/"}}]}},"_links":{"self":[{"href":"https:\/\/sprayboothmanufacturer.com\/de\/wp-json\/wp\/v2\/product\/3278","targetHints":{"allow":["GET"]}}],"collection":[{"href":"https:\/\/sprayboothmanufacturer.com\/de\/wp-json\/wp\/v2\/product"}],"about":[{"href":"https:\/\/sprayboothmanufacturer.com\/de\/wp-json\/wp\/v2\/types\/product"}],"replies":[{"embeddable":true,"href":"https:\/\/sprayboothmanufacturer.com\/de\/wp-json\/wp\/v2\/comments?post=3278"}],"version-history":[{"count":1,"href":"https:\/\/sprayboothmanufacturer.com\/de\/wp-json\/wp\/v2\/product\/3278\/revisions"}],"predecessor-version":[{"id":3279,"href":"https:\/\/sprayboothmanufacturer.com\/de\/wp-json\/wp\/v2\/product\/3278\/revisions\/3279"}],"wp:featuredmedia":[{"embeddable":true,"href":"https:\/\/sprayboothmanufacturer.com\/de\/wp-json\/wp\/v2\/media\/3142"}],"wp:attachment":[{"href":"https:\/\/sprayboothmanufacturer.com\/de\/wp-json\/wp\/v2\/media?parent=3278"}],"wp:term":[{"taxonomy":"product_brand","embeddable":true,"href":"https:\/\/sprayboothmanufacturer.com\/de\/wp-json\/wp\/v2\/product_brand?post=3278"},{"taxonomy":"product_cat","embeddable":true,"href":"https:\/\/sprayboothmanufacturer.com\/de\/wp-json\/wp\/v2\/product_cat?post=3278"},{"taxonomy":"product_tag","embeddable":true,"href":"https:\/\/sprayboothmanufacturer.com\/de\/wp-json\/wp\/v2\/product_tag?post=3278"}],"curies":[{"name":"wp","href":"https:\/\/api.w.org\/{rel}","templated":true}]}}