{"id":3276,"date":"2026-02-06T02:28:14","date_gmt":"2026-02-06T02:28:14","guid":{"rendered":"https:\/\/sprayboothmanufacturer.com\/?post_type=product&#038;p=3276"},"modified":"2026-02-06T02:28:14","modified_gmt":"2026-02-06T02:28:14","slug":"7m-ce-certified-electric-spray-booth","status":"publish","type":"product","link":"https:\/\/sprayboothmanufacturer.com\/de\/product\/7m-ce-certified-electric-spray-booth\/","title":{"rendered":"ATK-7000-EH-CE 7m CE-zertifizierte elektrische Spritzkabine | Professionelle Lackierausr\u00fcstung in Standardgr\u00f6\u00dfe | Energieeffiziente &amp; umweltfreundliche Industriel\u00f6sung | Anpassbar | Direkt vom Hersteller"},"content":{"rendered":"<table style=\"height: 289px;\" width=\"771\">\n<tbody>\n<tr>\n<td width=\"142\"><strong><b>Mindestbestellmenge :<\/b><\/strong><\/td>\n<td width=\"142\">1 St\u00fcck<\/td>\n<td width=\"142\"><strong><b>Preis :<\/b><\/strong><\/td>\n<td width=\"142\">Verhandlungssache<\/td>\n<\/tr>\n<tr>\n<td width=\"142\"><strong><b>Verpackungsdetails :<\/b><\/strong><\/td>\n<td width=\"142\">40G oder 20GP\/Einheit<\/td>\n<td width=\"142\"><strong><b>Lieferzeit :<\/b><\/strong><\/td>\n<td width=\"142\">15 Tage, Verhandlungssache<\/td>\n<\/tr>\n<tr>\n<td width=\"142\"><strong><b>Zahlungsbedingungen :<\/b><\/strong><\/td>\n<td width=\"142\">L\/C, T\/T<\/td>\n<td width=\"142\"><strong><b>Lieferf\u00e4higkeit :<\/b><\/strong><\/td>\n<td width=\"142\">50 Einheiten\/Einheiten pro Monat Industrielle Spr\u00fchkabine Bus-Spr\u00fchkabine<\/td>\n<\/tr>\n<tr>\n<td width=\"142\"><strong><b>Herkunftsland:<\/b><\/strong><\/td>\n<td width=\"142\">Jiangsu, China<\/td>\n<td width=\"142\"><strong><b>Markenname:<\/b><\/strong><\/td>\n<td width=\"142\">Autoke<\/td>\n<\/tr>\n<tr>\n<td width=\"142\"><strong><b>Zertifizierung:<\/b><\/strong><\/td>\n<td width=\"142\">CE<\/td>\n<td width=\"142\"><strong><b>Modellnummer:<\/b><\/strong><\/td>\n<td width=\"142\">ATK-7000-EH-CE<\/td>\n<\/tr>\n<\/tbody>\n<\/table>\n<p>&nbsp;<\/p>\n<p class=\"ds-markdown-paragraph\"><strong>ATK-7000-EH-CE 7m CE-zertifizierte Luxus-Elektrospritzkabine<\/strong><\/p>\n<p class=\"ds-markdown-paragraph\">Dieses Produkt ist eine professionell gefertigte elektrische Spritzkabine mit anerkanntem CE-Zertifikat, die streng den Maschinenrichtlinien 2006\/42\/EG und der EMV-Richtlinie 2014\/30\/EU entspricht. Seine Qualit\u00e4t und Sicherheit erf\u00fcllen internationale Standards. Entwickelt f\u00fcr Autowerkst\u00e4tten, Karosserie- und Lackzentren sowie verschiedene industrielle Beschichtungsanwendungen, die Wert auf Produktsicherheit, Umweltkonformit\u00e4t und langfristig stabile Betriebsbedingungen legen, bietet es eine saubere, effiziente und zuverl\u00e4ssige Lackierumgebung.<\/p>\n<p class=\"ds-markdown-paragraph\"><strong>Kernvorteile &amp; Zertifizierungsgarantie:<\/strong><\/p>\n<p class=\"ds-markdown-paragraph\">\u2705\u00a0<strong>Internationale CE-Zertifizierung, Sicher &amp; Konform<\/strong><br \/>\nDas Produkt wurde von UDEM zertifiziert und entspricht den EU-Maschinensicherheits- und EMV-Richtlinien (Zertifikatsnummer: M.2024.206.C109232). Bietet eine zuverl\u00e4ssige Qualifikationsgarantie f\u00fcr Kunden, die in relevante M\u00e4rkte exportieren oder hochstandardisierte Betriebsumgebungen schaffen.<\/p>\n<p class=\"ds-markdown-paragraph\">\ud83d\udd25\u00a0<strong>Hocheffizientes elektrisches Heizungssystem<\/strong><br \/>\nVerwendet 10 S\u00e4tze Halogen-Infrarot-Backlampen mit einer Gesamtleistung von 30KW f\u00fcr schnelles und gleichm\u00e4\u00dfiges Heizen. Erreicht innerhalb von 5-8 Minuten 40\u00b0C, mit einer maximalen Backtemperatur von 80\u00b0C. Produziert keine Verbrennungsabgase und bietet eine saubere und umweltfreundliche L\u00f6sung, ideal f\u00fcr Innenwerkst\u00e4tten mit strengen Luftqualit\u00e4tsanforderungen.<\/p>\n<p class=\"ds-markdown-paragraph\">\ud83d\udca8\u00a0<strong>Leistungsstarke und saubere Luftzufuhr<\/strong><br \/>\nAusgestattet mit 2\u00d74KW Doppelansaug-Centrifugalventilatoren, die eine Gesamtluftzufuhr von 30.000 m\u00b3\/h bieten, kombiniert mit einem 5,5KW Hochleistungsexhaustor (19.000 m\u00b3\/h). Sichert einen stabilen Abw\u00e4rtsluftstrom im Inneren der Kabine, entfernt schnell den Lacknebel, um die Gesundheit des Bedieners und die Oberfl\u00e4chenqualit\u00e4t zu sch\u00fctzen.<\/p>\n<p class=\"ds-markdown-paragraph\">\ud83c\udf2b\ufe0f\u00a0<strong>Dreistufiges Pr\u00e4zisions-Filtersystem<\/strong><br \/>\nAusgestattet mit einem Prim\u00e4rfilter (&gt;10\u03bcm, &gt;90% Effizienz), einem Hochleistungskopfhaubenfilter (&gt;4\u03bcm, &gt;98% Effizienz) und einem Mehrschicht-Faservlies-Bodenfilter (&gt;90% Effizienz). Mehrschichtige Reinigung sorgt f\u00fcr eine hochstandardisierte saubere Lackierumgebung.<\/p>\n<p class=\"ds-markdown-paragraph\">\ud83c\udfd7\ufe0f\u00a0<strong>Robuste und langlebige Bauweise<\/strong><br \/>\nW\u00e4nde bestehen aus doppelschichtigen farbbeschichteten Stahl-Feuerwiderstand-Isolierpaneelen, die mit hochdichtem (100kg\/m\u00b3) Steinwolle zur W\u00e4rme- und Schalld\u00e4mmung gef\u00fcllt sind. Der Boden ist eine 300 mm hohe erh\u00f6hte Plattform aus verzinkten Stahlblechen mit antirostbeschichteten verzinkten Stahlgittern, die eine Gesamtbelastbarkeit von \u00fcber 5 Tonnen bieten und somit eine robuste Langlebigkeit gew\u00e4hrleisten.<\/p>\n<p class=\"ds-markdown-paragraph\">\ud83d\udcdf\u00a0<strong>Intelligente Integrierte Steuerung<\/strong><br \/>\nEin einheitliches Bedienfeld integriert Beleuchtungs-, Lackier-, Back-, Timer-, Temperaturregelungs- und Not-Aus-Funktionen. Intuitive und einfache Bedienung verbessert die Standardisierung des Arbeitsablaufs und die Sicherheit.<\/p>\n<p class=\"ds-markdown-paragraph\"><strong>Haupttechnische Spezifikationen:<\/strong><\/p>\n<ul>\n<li>\n<p class=\"ds-markdown-paragraph\">Externe Abmessungen: 7000\u00d74000\u00d73350 mm<\/p>\n<\/li>\n<li>\n<p class=\"ds-markdown-paragraph\">Innere Arbeitsabmessungen: 6900\u00d73900\u00d72650 mm<\/p>\n<\/li>\n<li>\n<p class=\"ds-markdown-paragraph\">Heizungsmethode: Elektrische Heizung (Halogen-Infrarotlampen)<\/p>\n<\/li>\n<li>\n<p class=\"ds-markdown-paragraph\">Gesamt-Heizleistung: 30 KW<\/p>\n<\/li>\n<li>\n<p class=\"ds-markdown-paragraph\">Gesamtger\u00e4teleistung: 38 KW<\/p>\n<\/li>\n<li>\n<p class=\"ds-markdown-paragraph\">Spannung\/Frequenz: 220V\/380V, 50Hz<\/p>\n<\/li>\n<li>\n<p class=\"ds-markdown-paragraph\">Verpackungsinformationen: Ca. 19 CBM\/Set, Gewicht ~3500kg<\/p>\n<\/li>\n<\/ul>\n<p class=\"ds-markdown-paragraph\"><strong>Ideale Anwendungen:<\/strong><\/p>\n<ul>\n<li>\n<p class=\"ds-markdown-paragraph\">Exportorientierte Reparaturbetriebe, die internationale Sicherheitszertifizierungen ben\u00f6tigen<\/p>\n<\/li>\n<li>\n<p class=\"ds-markdown-paragraph\">Automobil-4S-Shops und Reparaturzentren in Regionen mit strengen Umweltvorschriften<\/p>\n<\/li>\n<li>\n<p class=\"ds-markdown-paragraph\">Industrielle Lackierung f\u00fcr Elektronik, Pr\u00e4zisionsmaschinen und andere Anwendungen, die hohe Sauberkeit erfordern<\/p>\n<\/li>\n<li>\n<p class=\"ds-markdown-paragraph\">Jegliche Lackierarbeiten, bei denen saubere Energie (Strom) Priorit\u00e4t hat<\/p>\n<\/li>\n<\/ul>\n<p class=\"ds-markdown-paragraph\">Wir bieten flexible Anpassungen in Farbe, Konfiguration und mehr basierend auf Ihren spezifischen Bed\u00fcrfnissen.<\/p>\n<p class=\"ds-markdown-paragraph\"><strong>Kontaktieren Sie unser technisches Team, um detaillierte CE-Zertifizierungsdokumente, technische Spezifikationen und ein ma\u00dfgeschneidertes Angebot zu erhalten.<\/strong><\/p>","protected":false},"excerpt":{"rendered":"<p>Der ATK-7000-EH-CE ist eine 7 Meter lange Standard-Elektrospritzkabine, die den EU-CE-Sicherheits- und elektromagnetischen Vertr\u00e4glichkeitsrichtlinien entspricht. Ausgestattet mit einem 30KW Hochleistung-Infrarotlampen-Heizsystem f\u00fcr schnelles Aufw\u00e4rmen innerhalb von 5-8 Minuten, dreistufiger Filtration und intelligenter Steuerung, ist sie f\u00fcr Autoreparaturwerkst\u00e4tten und industrielle Lackierer geeignet, die hohe Standards, Sicherheit und zuverl\u00e4ssige Leistung priorisieren.<\/p>","protected":false},"featured_media":3189,"comment_status":"open","ping_status":"closed","template":"","meta":[],"product_brand":[76],"product_cat":[60,59],"product_tag":[79,73,63,72,69,94,68,84,83],"class_list":{"0":"post-3276","1":"product","2":"type-product","3":"status-publish","4":"has-post-thumbnail","6":"product_brand-autoke","7":"product_cat-car-spray-booth","8":"product_cat-spray-booth","9":"product_tag-automotive-spray-booth","10":"product_tag-automotive-spray-booth-manufacturer","11":"product_tag-car-spray-booth","12":"product_tag-car-spray-booth-factory","13":"product_tag-ce-car-spray-booth","14":"product_tag-commercial-vehicle-paint-curing-oven","15":"product_tag-customized-car-spray-booth","16":"product_tag-industrial-coating","17":"product_tag-paint-booth-solutions","19":"first","20":"instock","21":"shipping-taxable","22":"product-type-simple"},"yoast_head":"<!-- This site is optimized with the Yoast SEO plugin v27.4 - https:\/\/yoast.com\/product\/yoast-seo-wordpress\/ -->\n<title>ATK-7000-EH-CE 7m CE-Certified Electric Spray Booth | Standard Size Professional Painting Equipment | Energy-Efficient &amp; Eco-Friendly Industrial Solution | Customizable | Factory Direct Supply - Autoke-China Paint Booth Manufacturer<\/title>\n<meta name=\"robots\" content=\"index, follow, max-snippet:-1, max-image-preview:large, max-video-preview:-1\" \/>\n<link rel=\"canonical\" href=\"https:\/\/sprayboothmanufacturer.com\/de\/product\/7m-ce-certified-electric-spray-booth\/\" \/>\n<meta property=\"og:locale\" content=\"de_DE\" \/>\n<meta property=\"og:type\" content=\"article\" \/>\n<meta property=\"og:title\" content=\"ATK-7000-EH-CE 7m CE-Certified Electric Spray Booth | Standard Size Professional Painting Equipment | Energy-Efficient &amp; Eco-Friendly Industrial Solution | Customizable | Factory Direct Supply - Autoke-China Paint Booth Manufacturer\" \/>\n<meta property=\"og:description\" content=\"The ATK-7000-EH-CE is a 7-meter standard electric spray booth compliant with EU CE safety and electromagnetic compatibility directives. Featuring a 30KW high-efficiency infrared lamp heating system for rapid warm-up within 5-8 minutes, triple-stage filtration, and intelligent control, it is designed for automotive repair shops and industrial painting users who prioritize high standards, safety, and reliable performance.\" \/>\n<meta property=\"og:url\" content=\"https:\/\/sprayboothmanufacturer.com\/de\/product\/7m-ce-certified-electric-spray-booth\/\" \/>\n<meta property=\"og:site_name\" content=\"Autoke-China Paint Booth Manufacturer\" \/>\n<meta property=\"og:image\" content=\"https:\/\/sprayboothmanufacturer.com\/wp-content\/uploads\/2026\/02\/21.png\" \/>\n\t<meta property=\"og:image:width\" content=\"800\" \/>\n\t<meta property=\"og:image:height\" content=\"800\" \/>\n\t<meta property=\"og:image:type\" content=\"image\/png\" \/>\n<meta name=\"twitter:card\" content=\"summary_large_image\" \/>\n<meta name=\"twitter:label1\" content=\"Gesch\u00e4tzte Lesezeit\" \/>\n\t<meta name=\"twitter:data1\" content=\"3\u00a0Minuten\" \/>\n<script type=\"application\/ld+json\" class=\"yoast-schema-graph\">{\"@context\":\"https:\\\/\\\/schema.org\",\"@graph\":[{\"@type\":\"WebPage\",\"@id\":\"https:\\\/\\\/sprayboothmanufacturer.com\\\/product\\\/7m-ce-certified-electric-spray-booth\\\/\",\"url\":\"https:\\\/\\\/sprayboothmanufacturer.com\\\/product\\\/7m-ce-certified-electric-spray-booth\\\/\",\"name\":\"ATK-7000-EH-CE 7m CE-Certified Electric Spray Booth | Standard Size Professional Painting Equipment | Energy-Efficient & Eco-Friendly Industrial Solution | Customizable | Factory Direct Supply - Autoke-China Paint Booth Manufacturer\",\"isPartOf\":{\"@id\":\"https:\\\/\\\/sprayboothmanufacturer.com\\\/#website\"},\"primaryImageOfPage\":{\"@id\":\"https:\\\/\\\/sprayboothmanufacturer.com\\\/product\\\/7m-ce-certified-electric-spray-booth\\\/#primaryimage\"},\"image\":{\"@id\":\"https:\\\/\\\/sprayboothmanufacturer.com\\\/product\\\/7m-ce-certified-electric-spray-booth\\\/#primaryimage\"},\"thumbnailUrl\":\"https:\\\/\\\/sprayboothmanufacturer.com\\\/wp-content\\\/uploads\\\/2026\\\/02\\\/21.png\",\"datePublished\":\"2026-02-06T02:28:14+00:00\",\"breadcrumb\":{\"@id\":\"https:\\\/\\\/sprayboothmanufacturer.com\\\/product\\\/7m-ce-certified-electric-spray-booth\\\/#breadcrumb\"},\"inLanguage\":\"de\",\"potentialAction\":[{\"@type\":\"ReadAction\",\"target\":[\"https:\\\/\\\/sprayboothmanufacturer.com\\\/product\\\/7m-ce-certified-electric-spray-booth\\\/\"]}]},{\"@type\":\"ImageObject\",\"inLanguage\":\"de\",\"@id\":\"https:\\\/\\\/sprayboothmanufacturer.com\\\/product\\\/7m-ce-certified-electric-spray-booth\\\/#primaryimage\",\"url\":\"https:\\\/\\\/sprayboothmanufacturer.com\\\/wp-content\\\/uploads\\\/2026\\\/02\\\/21.png\",\"contentUrl\":\"https:\\\/\\\/sprayboothmanufacturer.com\\\/wp-content\\\/uploads\\\/2026\\\/02\\\/21.png\",\"width\":800,\"height\":800},{\"@type\":\"BreadcrumbList\",\"@id\":\"https:\\\/\\\/sprayboothmanufacturer.com\\\/product\\\/7m-ce-certified-electric-spray-booth\\\/#breadcrumb\",\"itemListElement\":[{\"@type\":\"ListItem\",\"position\":1,\"name\":\"Home\",\"item\":\"https:\\\/\\\/sprayboothmanufacturer.com\\\/\"},{\"@type\":\"ListItem\",\"position\":2,\"name\":\"\u4ea7\u54c1\",\"item\":\"https:\\\/\\\/sprayboothmanufacturer.com\\\/shop__trashed\\\/\"},{\"@type\":\"ListItem\",\"position\":3,\"name\":\"ATK-7000-EH-CE 7m CE-Certified Electric Spray Booth | Standard Size Professional Painting Equipment | Energy-Efficient &#038; Eco-Friendly Industrial Solution | Customizable | Factory Direct Supply\"}]},{\"@type\":\"WebSite\",\"@id\":\"https:\\\/\\\/sprayboothmanufacturer.com\\\/#website\",\"url\":\"https:\\\/\\\/sprayboothmanufacturer.com\\\/\",\"name\":\"Autoke-China Paint Booth Manufacturer\",\"description\":\"\",\"publisher\":{\"@id\":\"https:\\\/\\\/sprayboothmanufacturer.com\\\/#organization\"},\"potentialAction\":[{\"@type\":\"SearchAction\",\"target\":{\"@type\":\"EntryPoint\",\"urlTemplate\":\"https:\\\/\\\/sprayboothmanufacturer.com\\\/?s={search_term_string}\"},\"query-input\":{\"@type\":\"PropertyValueSpecification\",\"valueRequired\":true,\"valueName\":\"search_term_string\"}}],\"inLanguage\":\"de\"},{\"@type\":\"Organization\",\"@id\":\"https:\\\/\\\/sprayboothmanufacturer.com\\\/#organization\",\"name\":\"Autoke-China Paint Booth Manufacturer\",\"url\":\"https:\\\/\\\/sprayboothmanufacturer.com\\\/\",\"logo\":{\"@type\":\"ImageObject\",\"inLanguage\":\"de\",\"@id\":\"https:\\\/\\\/sprayboothmanufacturer.com\\\/#\\\/schema\\\/logo\\\/image\\\/\",\"url\":\"https:\\\/\\\/sprayboothmanufacturer.com\\\/wp-content\\\/uploads\\\/2025\\\/12\\\/\u5fae\u4fe1\u56fe\u7247_20260113195103_1750_4-scaled-e1768394147958.png\",\"contentUrl\":\"https:\\\/\\\/sprayboothmanufacturer.com\\\/wp-content\\\/uploads\\\/2025\\\/12\\\/\u5fae\u4fe1\u56fe\u7247_20260113195103_1750_4-scaled-e1768394147958.png\",\"width\":1740,\"height\":538,\"caption\":\"Autoke-China Paint Booth Manufacturer\"},\"image\":{\"@id\":\"https:\\\/\\\/sprayboothmanufacturer.com\\\/#\\\/schema\\\/logo\\\/image\\\/\"}}]}<\/script>\n<!-- \/ Yoast SEO plugin. -->","yoast_head_json":{"title":"ATK-7000-EH-CE 7m CE-zertifizierte Elektrische Spritzkabine | Standardgr\u00f6\u00dfe Professionelle Lackierausr\u00fcstung | Energieeffiziente &amp; Umweltfreundliche Industriel\u00f6sung | Anpassbar | Direkt vom Hersteller - Autoke-China Lackierkabinenhersteller","robots":{"index":"index","follow":"follow","max-snippet":"max-snippet:-1","max-image-preview":"max-image-preview:large","max-video-preview":"max-video-preview:-1"},"canonical":"https:\/\/sprayboothmanufacturer.com\/de\/product\/7m-ce-certified-electric-spray-booth\/","og_locale":"de_DE","og_type":"article","og_title":"ATK-7000-EH-CE 7m CE-Certified Electric Spray Booth | Standard Size Professional Painting Equipment | Energy-Efficient & Eco-Friendly Industrial Solution | Customizable | Factory Direct Supply - Autoke-China Paint Booth Manufacturer","og_description":"The ATK-7000-EH-CE is a 7-meter standard electric spray booth compliant with EU CE safety and electromagnetic compatibility directives. Featuring a 30KW high-efficiency infrared lamp heating system for rapid warm-up within 5-8 minutes, triple-stage filtration, and intelligent control, it is designed for automotive repair shops and industrial painting users who prioritize high standards, safety, and reliable performance.","og_url":"https:\/\/sprayboothmanufacturer.com\/de\/product\/7m-ce-certified-electric-spray-booth\/","og_site_name":"Autoke-China Paint Booth Manufacturer","og_image":[{"width":800,"height":800,"url":"https:\/\/sprayboothmanufacturer.com\/wp-content\/uploads\/2026\/02\/21.png","type":"image\/png"}],"twitter_card":"summary_large_image","twitter_misc":{"Gesch\u00e4tzte Lesezeit":"3\u00a0Minuten"},"schema":{"@context":"https:\/\/schema.org","@graph":[{"@type":"WebPage","@id":"https:\/\/sprayboothmanufacturer.com\/product\/7m-ce-certified-electric-spray-booth\/","url":"https:\/\/sprayboothmanufacturer.com\/product\/7m-ce-certified-electric-spray-booth\/","name":"ATK-7000-EH-CE 7m CE-zertifizierte Elektrische Spritzkabine | Standardgr\u00f6\u00dfe Professionelle Lackierausr\u00fcstung | Energieeffiziente &amp; Umweltfreundliche Industriel\u00f6sung | Anpassbar | Direkt vom Hersteller - Autoke-China Lackierkabinenhersteller","isPartOf":{"@id":"https:\/\/sprayboothmanufacturer.com\/#website"},"primaryImageOfPage":{"@id":"https:\/\/sprayboothmanufacturer.com\/product\/7m-ce-certified-electric-spray-booth\/#primaryimage"},"image":{"@id":"https:\/\/sprayboothmanufacturer.com\/product\/7m-ce-certified-electric-spray-booth\/#primaryimage"},"thumbnailUrl":"https:\/\/sprayboothmanufacturer.com\/wp-content\/uploads\/2026\/02\/21.png","datePublished":"2026-02-06T02:28:14+00:00","breadcrumb":{"@id":"https:\/\/sprayboothmanufacturer.com\/product\/7m-ce-certified-electric-spray-booth\/#breadcrumb"},"inLanguage":"de","potentialAction":[{"@type":"ReadAction","target":["https:\/\/sprayboothmanufacturer.com\/product\/7m-ce-certified-electric-spray-booth\/"]}]},{"@type":"ImageObject","inLanguage":"de","@id":"https:\/\/sprayboothmanufacturer.com\/product\/7m-ce-certified-electric-spray-booth\/#primaryimage","url":"https:\/\/sprayboothmanufacturer.com\/wp-content\/uploads\/2026\/02\/21.png","contentUrl":"https:\/\/sprayboothmanufacturer.com\/wp-content\/uploads\/2026\/02\/21.png","width":800,"height":800},{"@type":"BreadcrumbList","@id":"https:\/\/sprayboothmanufacturer.com\/product\/7m-ce-certified-electric-spray-booth\/#breadcrumb","itemListElement":[{"@type":"ListItem","position":1,"name":"Home","item":"https:\/\/sprayboothmanufacturer.com\/"},{"@type":"ListItem","position":2,"name":"\u4ea7\u54c1","item":"https:\/\/sprayboothmanufacturer.com\/shop__trashed\/"},{"@type":"ListItem","position":3,"name":"ATK-7000-EH-CE 7m CE-Certified Electric Spray Booth | Standard Size Professional Painting Equipment | Energy-Efficient &#038; Eco-Friendly Industrial Solution | Customizable | Factory Direct Supply"}]},{"@type":"WebSite","@id":"https:\/\/sprayboothmanufacturer.com\/#website","url":"https:\/\/sprayboothmanufacturer.com\/","name":"Autoke-Deutschland Lackierkabinenhersteller","description":"","publisher":{"@id":"https:\/\/sprayboothmanufacturer.com\/#organization"},"potentialAction":[{"@type":"SearchAction","target":{"@type":"EntryPoint","urlTemplate":"https:\/\/sprayboothmanufacturer.com\/?s={search_term_string}"},"query-input":{"@type":"PropertyValueSpecification","valueRequired":true,"valueName":"search_term_string"}}],"inLanguage":"de"},{"@type":"Organization","@id":"https:\/\/sprayboothmanufacturer.com\/#organization","name":"Autoke-Deutschland Lackierkabinenhersteller","url":"https:\/\/sprayboothmanufacturer.com\/","logo":{"@type":"ImageObject","inLanguage":"de","@id":"https:\/\/sprayboothmanufacturer.com\/#\/schema\/logo\/image\/","url":"https:\/\/sprayboothmanufacturer.com\/wp-content\/uploads\/2025\/12\/\u5fae\u4fe1\u56fe\u7247_20260113195103_1750_4-scaled-e1768394147958.png","contentUrl":"https:\/\/sprayboothmanufacturer.com\/wp-content\/uploads\/2025\/12\/\u5fae\u4fe1\u56fe\u7247_20260113195103_1750_4-scaled-e1768394147958.png","width":1740,"height":538,"caption":"Autoke-China Paint Booth Manufacturer"},"image":{"@id":"https:\/\/sprayboothmanufacturer.com\/#\/schema\/logo\/image\/"}}]}},"_links":{"self":[{"href":"https:\/\/sprayboothmanufacturer.com\/de\/wp-json\/wp\/v2\/product\/3276","targetHints":{"allow":["GET"]}}],"collection":[{"href":"https:\/\/sprayboothmanufacturer.com\/de\/wp-json\/wp\/v2\/product"}],"about":[{"href":"https:\/\/sprayboothmanufacturer.com\/de\/wp-json\/wp\/v2\/types\/product"}],"replies":[{"embeddable":true,"href":"https:\/\/sprayboothmanufacturer.com\/de\/wp-json\/wp\/v2\/comments?post=3276"}],"version-history":[{"count":1,"href":"https:\/\/sprayboothmanufacturer.com\/de\/wp-json\/wp\/v2\/product\/3276\/revisions"}],"predecessor-version":[{"id":3277,"href":"https:\/\/sprayboothmanufacturer.com\/de\/wp-json\/wp\/v2\/product\/3276\/revisions\/3277"}],"wp:featuredmedia":[{"embeddable":true,"href":"https:\/\/sprayboothmanufacturer.com\/de\/wp-json\/wp\/v2\/media\/3189"}],"wp:attachment":[{"href":"https:\/\/sprayboothmanufacturer.com\/de\/wp-json\/wp\/v2\/media?parent=3276"}],"wp:term":[{"taxonomy":"product_brand","embeddable":true,"href":"https:\/\/sprayboothmanufacturer.com\/de\/wp-json\/wp\/v2\/product_brand?post=3276"},{"taxonomy":"product_cat","embeddable":true,"href":"https:\/\/sprayboothmanufacturer.com\/de\/wp-json\/wp\/v2\/product_cat?post=3276"},{"taxonomy":"product_tag","embeddable":true,"href":"https:\/\/sprayboothmanufacturer.com\/de\/wp-json\/wp\/v2\/product_tag?post=3276"}],"curies":[{"name":"wp","href":"https:\/\/api.w.org\/{rel}","templated":true}]}}