{"id":3247,"date":"2026-02-05T09:00:45","date_gmt":"2026-02-05T09:00:45","guid":{"rendered":"https:\/\/sprayboothmanufacturer.com\/?post_type=product&#038;p=3247"},"modified":"2026-02-05T09:00:45","modified_gmt":"2026-02-05T09:00:45","slug":"7-5m-luxury-diesel-spray-booth","status":"publish","type":"product","link":"https:\/\/sprayboothmanufacturer.com\/de\/product\/7-5m-luxury-diesel-spray-booth\/","title":{"rendered":"ATK-7500-DH-PRO 7,5m Luxus-Diesel-Spritzkabine | Professionelle Lackierl\u00f6sung f\u00fcr Autoreparaturzentren | Hochleistungsfiltration &amp; intelligente Temperaturregelung | Anpassbar | Direkt ab Werk geliefert"},"content":{"rendered":"<table style=\"height: 208px;\" width=\"745\">\n<tbody>\n<tr>\n<td width=\"142\"><strong><b>Mindestbestellmenge :<\/b><\/strong><\/td>\n<td width=\"142\">1 St\u00fcck<\/td>\n<td width=\"142\"><strong><b>Preis :<\/b><\/strong><\/td>\n<td width=\"142\">Verhandlungssache<\/td>\n<\/tr>\n<tr>\n<td width=\"142\"><strong><b>Verpackungsdetails :<\/b><\/strong><\/td>\n<td width=\"142\">40G oder 20GP\/Einheit<\/td>\n<td width=\"142\"><strong><b>Lieferzeit :<\/b><\/strong><\/td>\n<td width=\"142\">15 Tage, Verhandlungssache<\/td>\n<\/tr>\n<tr>\n<td width=\"142\"><strong><b>Zahlungsbedingungen :<\/b><\/strong><\/td>\n<td width=\"142\">L\/C, T\/T<\/td>\n<td width=\"142\"><strong><b>Lieferf\u00e4higkeit :<\/b><\/strong><\/td>\n<td width=\"142\">50 Einheiten\/Einheiten pro Monat Industrielle Spr\u00fchkabine Bus-Spr\u00fchkabine<\/td>\n<\/tr>\n<tr>\n<td width=\"142\"><strong><b>Herkunftsland:<\/b><\/strong><\/td>\n<td width=\"142\">Jiangsu, China<\/td>\n<td width=\"142\"><strong><b>Markenname:<\/b><\/strong><\/td>\n<td width=\"142\">Autoke<\/td>\n<\/tr>\n<tr>\n<td width=\"142\"><strong><b>Zertifizierung:<\/b><\/strong><\/td>\n<td width=\"142\">CE<\/td>\n<td width=\"142\"><strong><b>Modellnummer:<\/b><\/strong><\/td>\n<td width=\"142\">ATK-7500-DH-PRO<\/td>\n<\/tr>\n<\/tbody>\n<\/table>\n<p class=\"ds-markdown-paragraph\"><strong>ATK-7500-DH-PRO 7,5 m Luxus-Diesel beheizte Spritzkabine<\/strong><\/p>\n<p class=\"ds-markdown-paragraph\">Dieses Produkt ist eine Hochleistungs-Dieselspritzkabine, die f\u00fcr Fahrzeugreparatur, gewerbliche Fahrzeuglackierung und industrielle Beschichtungsanwendungen entwickelt wurde. Mit einem ger\u00e4umigen Innenraum kombiniert es effiziente Heizung, leistungsstarke Bel\u00fcftung und intelligente Steuerung, um eine saubere, stabile und hoch effiziente Lackierumgebung f\u00fcr verschiedene Fahrzeuge und Komponenten zu bieten, geeignet f\u00fcr mittel- bis hochbelastete Eins\u00e4tze.<\/p>\n<p class=\"ds-markdown-paragraph\"><strong>Kernvorteile:<\/strong><\/p>\n<p class=\"ds-markdown-paragraph\">\ud83d\udd25\u00a0<strong>Schnelles Diesel-Heizsystem<\/strong><br \/>\nVerwendet einen RIELLO G20 Dieselmotorbrenner, der eine schnelle Aufheizung auf 40\u00b0C innerhalb von 5-8 Minuten erm\u00f6glicht, mit einer maximalen Backtemperatur von 80\u00b0C. Energieeffizient und anpassbar an verschiedene Lackierprozesse.<\/p>\n<p class=\"ds-markdown-paragraph\">\ud83d\udca8\u00a0<strong>Leistungsstarke Bel\u00fcftung &amp; Luftaustausch<\/strong><br \/>\nZwei 4KW-Doppelansaug-Zentrifugalventilatoren liefern eine Gesamtluftzufuhr von 30.000 m\u00b3\/h, kombiniert mit einem 5,5KW-Auspuffventilator (19.000 m\u00b3\/h) f\u00fcr einen schnellen Luftaustausch, um die Betriebssicherheit und die Lackierergebnisqualit\u00e4t zu gew\u00e4hrleisten.<\/p>\n<p class=\"ds-markdown-paragraph\">\ud83c\udf2b\ufe0f\u00a0<strong>Dreistufiges Pr\u00e4zisions-Filtersystem<\/strong><br \/>\nEnth\u00e4lt einen Prim\u00e4rfilter (&gt;10\u03bcm, &gt;90% Effizienz), einen Hochleistungskopfhaubenfilter (&gt;4\u03bcm, &gt;98% Effizienz) und einen mehrlagigen Glasfaser-Bodenfilter (&gt;90% Effizienz), um eine saubere, staubfreie Arbeitsumgebung zu gew\u00e4hrleisten.<\/p>\n<p class=\"ds-markdown-paragraph\">\ud83c\udfd7\ufe0f\u00a0<strong>Robuste Strukturgestaltung<\/strong><br \/>\nDie W\u00e4nde bestehen aus doppelschichtigen, feuerfest isolierten Stahlblech-Paneelen, die mit hochdichtem Steinwolle gef\u00fcllt sind. Der Boden ist eine 300 mm hohe erh\u00f6hte Plattform aus verzinktem Stahlblech, ausgestattet mit verzinkten Stahlgittern und Laufwegen, die \u00fcber 5 Tonnen tragen.<\/p>\n<p class=\"ds-markdown-paragraph\">\ud83d\udeaa\u00a0<strong>Breit zug\u00e4ngliche T\u00fcrgestaltung<\/strong><br \/>\nDrei Frontt\u00fcren mit einer Gesamtl\u00e4nge von 3000 mm, ausgestattet mit 5 mm hochtemperaturbest\u00e4ndigem Glas, erleichtern den Zugang f\u00fcr gro\u00dfe Fahrzeuge und verbessern die Betriebskonvenienz.<\/p>\n<p class=\"ds-markdown-paragraph\">\ud83d\udcdf\u00a0<strong>Intelligentes integriertes Steuerungssystem<\/strong><br \/>\nEin einheitliches Steuerpult integriert Beleuchtung, Lackierung, Backen, Timer, Temperaturregelung und Not-Aus-Funktionen f\u00fcr eine einfache Bedienung, was die Arbeitseffizienz und Sicherheit erh\u00f6ht.<\/p>\n<p class=\"ds-markdown-paragraph\">\ud83d\udca1\u00a0<strong>Professionelle Beleuchtungskonfiguration<\/strong><br \/>\n24\u00d718W LED-Deckenleuchten und 8\u00d748W Seitenwandleuchten sorgen f\u00fcr eine gleichm\u00e4\u00dfige, schattenfreie Beleuchtung und gew\u00e4hrleisten eine klare Sicht f\u00fcr detaillierte Lackierarbeiten.<\/p>\n<p class=\"ds-markdown-paragraph\"><strong>Haupttechnische Spezifikationen:<\/strong><\/p>\n<ul>\n<li>\n<p class=\"ds-markdown-paragraph\">Externe Abmessungen: 7500\u00d74500\u00d73350 mm<\/p>\n<\/li>\n<li>\n<p class=\"ds-markdown-paragraph\">Innere Abmessungen: 7400\u00d74400\u00d72650 mm<\/p>\n<\/li>\n<li>\n<p class=\"ds-markdown-paragraph\">Gesamtleistung: 15 KW (Dieselheizversion)<\/p>\n<\/li>\n<li>\n<p class=\"ds-markdown-paragraph\">Spannung: 220V\/380V, 50Hz<\/p>\n<\/li>\n<li>\n<p class=\"ds-markdown-paragraph\">Verpackungsvolumen: ca. 19 CBM\/Satz, Gewicht: ca. 3500 kg<\/p>\n<\/li>\n<\/ul>\n<p class=\"ds-markdown-paragraph\"><strong>Ideale Anwendungen:<\/strong><\/p>\n<ul>\n<li>\n<p class=\"ds-markdown-paragraph\">Umfassende Fahrzeugreparaturwerkst\u00e4tten und 4S-Shops<\/p>\n<\/li>\n<li>\n<p class=\"ds-markdown-paragraph\">Bus- und Lastwagenkarosserielackierwerkst\u00e4tten<\/p>\n<\/li>\n<li>\n<p class=\"ds-markdown-paragraph\">Beschichtung von Baumaschinen und Sonderfahrzeugen<\/p>\n<\/li>\n<li>\n<p class=\"ds-markdown-paragraph\">Unfallreparaturzentren und industrielle Lackierlinien<\/p>\n<\/li>\n<\/ul>\n<p class=\"ds-markdown-paragraph\">Farb- und Konfigurationsanpassungen sowie Layout sind m\u00f6glich. Ma\u00dfgeschneiderte L\u00f6sungen k\u00f6nnen basierend auf den tats\u00e4chlichen Standortbedingungen angeboten werden.<\/p>\n<p class=\"ds-markdown-paragraph\"><strong>Kontaktieren Sie unser technisches Team f\u00fcr detaillierte Spezifikationen, Konfigurationsempfehlungen und ein pers\u00f6nliches Angebot.<\/strong><\/p>","protected":false},"excerpt":{"rendered":"<p>Der ATK-7500-DH-PRO ist f\u00fcr die Mittel- bis Gro\u00dffahrzeuglackierung konzipiert und verf\u00fcgt \u00fcber eine Innenraumgr\u00f6\u00dfe von 7,4\u00d74,4\u00d72,65 Metern. Er ist mit einem RIELLO G20 Dieselkesselheizsystem, einer leistungsstarken Luftzufuhr von 30.000 m\u00b3\/h, dreistufiger Hochleistungssfiltration und einem intelligenten Steuerungssystem ausgestattet. Ideal f\u00fcr professionelle Lackieranwendungen in der Fahrzeugreparatur, bei Bussen, Lastwagen und Baumaschinen.<\/p>","protected":false},"featured_media":3172,"comment_status":"open","ping_status":"closed","template":"","meta":[],"product_brand":[76],"product_cat":[60,59],"product_tag":[75,74,79,73,63,72,66,69,68,85,81],"class_list":{"0":"post-3247","1":"product","2":"type-product","3":"status-publish","4":"has-post-thumbnail","6":"product_brand-autoke","7":"product_cat-car-spray-booth","8":"product_cat-spray-booth","9":"product_tag-8m-diesel-car-paint-booth","10":"product_tag-8m-electric-car-paint-booth","11":"product_tag-automotive-spray-booth","12":"product_tag-automotive-spray-booth-manufacturer","13":"product_tag-car-spray-booth","14":"product_tag-car-spray-booth-factory","15":"product_tag-car-spray-booth-manufacturer","16":"product_tag-ce-car-spray-booth","17":"product_tag-customized-car-spray-booth","18":"product_tag-large-vehicle-paint-booth","19":"product_tag-truck-paint-booth","21":"first","22":"instock","23":"shipping-taxable","24":"product-type-simple"},"yoast_head":"<!-- This site is optimized with the Yoast SEO plugin v27.4 - https:\/\/yoast.com\/product\/yoast-seo-wordpress\/ -->\n<title>ATK-7500-DH-PRO 7.5m Luxury Diesel Spray Booth | Professional Painting Solution for Automotive Repair Centers | High-Efficiency Filtration &amp; Intelligent Temperature Control | Customizable | Factory Direct Supply - Autoke-China Paint Booth Manufacturer<\/title>\n<meta name=\"robots\" content=\"index, follow, max-snippet:-1, max-image-preview:large, max-video-preview:-1\" \/>\n<link rel=\"canonical\" href=\"https:\/\/sprayboothmanufacturer.com\/de\/product\/7-5m-luxury-diesel-spray-booth\/\" \/>\n<meta property=\"og:locale\" content=\"de_DE\" \/>\n<meta property=\"og:type\" content=\"article\" \/>\n<meta property=\"og:title\" content=\"ATK-7500-DH-PRO 7.5m Luxury Diesel Spray Booth | Professional Painting Solution for Automotive Repair Centers | High-Efficiency Filtration &amp; Intelligent Temperature Control | Customizable | Factory Direct Supply - Autoke-China Paint Booth Manufacturer\" \/>\n<meta property=\"og:description\" content=\"The ATK-7500-DH-PRO is designed for medium-to-large vehicle painting, featuring an internal size of 7.4\u00d74.4\u00d72.65 meters. It is equipped with a RIELLO G20 diesel heating system, powerful 30,000 m\u00b3\/h air supply, three-stage high-efficiency filtration, and an intelligent control system. Ideal for professional painting applications in automotive repair, buses, trucks, and construction machinery.\" \/>\n<meta property=\"og:url\" content=\"https:\/\/sprayboothmanufacturer.com\/de\/product\/7-5m-luxury-diesel-spray-booth\/\" \/>\n<meta property=\"og:site_name\" content=\"Autoke-China Paint Booth Manufacturer\" \/>\n<meta property=\"og:image\" content=\"https:\/\/sprayboothmanufacturer.com\/wp-content\/uploads\/2026\/02\/2.png\" \/>\n\t<meta property=\"og:image:width\" content=\"800\" \/>\n\t<meta property=\"og:image:height\" content=\"800\" \/>\n\t<meta property=\"og:image:type\" content=\"image\/png\" \/>\n<meta name=\"twitter:card\" content=\"summary_large_image\" \/>\n<meta name=\"twitter:label1\" content=\"Gesch\u00e4tzte Lesezeit\" \/>\n\t<meta name=\"twitter:data1\" content=\"3\u00a0Minuten\" \/>\n<script type=\"application\/ld+json\" class=\"yoast-schema-graph\">{\"@context\":\"https:\\\/\\\/schema.org\",\"@graph\":[{\"@type\":\"WebPage\",\"@id\":\"https:\\\/\\\/sprayboothmanufacturer.com\\\/product\\\/7-5m-luxury-diesel-spray-booth\\\/\",\"url\":\"https:\\\/\\\/sprayboothmanufacturer.com\\\/product\\\/7-5m-luxury-diesel-spray-booth\\\/\",\"name\":\"ATK-7500-DH-PRO 7.5m Luxury Diesel Spray Booth | Professional Painting Solution for Automotive Repair Centers | High-Efficiency Filtration & Intelligent Temperature Control | Customizable | Factory Direct Supply - Autoke-China Paint Booth Manufacturer\",\"isPartOf\":{\"@id\":\"https:\\\/\\\/sprayboothmanufacturer.com\\\/#website\"},\"primaryImageOfPage\":{\"@id\":\"https:\\\/\\\/sprayboothmanufacturer.com\\\/product\\\/7-5m-luxury-diesel-spray-booth\\\/#primaryimage\"},\"image\":{\"@id\":\"https:\\\/\\\/sprayboothmanufacturer.com\\\/product\\\/7-5m-luxury-diesel-spray-booth\\\/#primaryimage\"},\"thumbnailUrl\":\"https:\\\/\\\/sprayboothmanufacturer.com\\\/wp-content\\\/uploads\\\/2026\\\/02\\\/2.png\",\"datePublished\":\"2026-02-05T09:00:45+00:00\",\"breadcrumb\":{\"@id\":\"https:\\\/\\\/sprayboothmanufacturer.com\\\/product\\\/7-5m-luxury-diesel-spray-booth\\\/#breadcrumb\"},\"inLanguage\":\"de\",\"potentialAction\":[{\"@type\":\"ReadAction\",\"target\":[\"https:\\\/\\\/sprayboothmanufacturer.com\\\/product\\\/7-5m-luxury-diesel-spray-booth\\\/\"]}]},{\"@type\":\"ImageObject\",\"inLanguage\":\"de\",\"@id\":\"https:\\\/\\\/sprayboothmanufacturer.com\\\/product\\\/7-5m-luxury-diesel-spray-booth\\\/#primaryimage\",\"url\":\"https:\\\/\\\/sprayboothmanufacturer.com\\\/wp-content\\\/uploads\\\/2026\\\/02\\\/2.png\",\"contentUrl\":\"https:\\\/\\\/sprayboothmanufacturer.com\\\/wp-content\\\/uploads\\\/2026\\\/02\\\/2.png\",\"width\":800,\"height\":800},{\"@type\":\"BreadcrumbList\",\"@id\":\"https:\\\/\\\/sprayboothmanufacturer.com\\\/product\\\/7-5m-luxury-diesel-spray-booth\\\/#breadcrumb\",\"itemListElement\":[{\"@type\":\"ListItem\",\"position\":1,\"name\":\"Home\",\"item\":\"https:\\\/\\\/sprayboothmanufacturer.com\\\/\"},{\"@type\":\"ListItem\",\"position\":2,\"name\":\"\u4ea7\u54c1\",\"item\":\"https:\\\/\\\/sprayboothmanufacturer.com\\\/shop__trashed\\\/\"},{\"@type\":\"ListItem\",\"position\":3,\"name\":\"ATK-7500-DH-PRO 7.5m Luxury Diesel Spray Booth | Professional Painting Solution for Automotive Repair Centers | High-Efficiency Filtration &#038; Intelligent Temperature Control | Customizable | Factory Direct Supply\"}]},{\"@type\":\"WebSite\",\"@id\":\"https:\\\/\\\/sprayboothmanufacturer.com\\\/#website\",\"url\":\"https:\\\/\\\/sprayboothmanufacturer.com\\\/\",\"name\":\"Autoke-China Paint Booth Manufacturer\",\"description\":\"\",\"publisher\":{\"@id\":\"https:\\\/\\\/sprayboothmanufacturer.com\\\/#organization\"},\"potentialAction\":[{\"@type\":\"SearchAction\",\"target\":{\"@type\":\"EntryPoint\",\"urlTemplate\":\"https:\\\/\\\/sprayboothmanufacturer.com\\\/?s={search_term_string}\"},\"query-input\":{\"@type\":\"PropertyValueSpecification\",\"valueRequired\":true,\"valueName\":\"search_term_string\"}}],\"inLanguage\":\"de\"},{\"@type\":\"Organization\",\"@id\":\"https:\\\/\\\/sprayboothmanufacturer.com\\\/#organization\",\"name\":\"Autoke-China Paint Booth Manufacturer\",\"url\":\"https:\\\/\\\/sprayboothmanufacturer.com\\\/\",\"logo\":{\"@type\":\"ImageObject\",\"inLanguage\":\"de\",\"@id\":\"https:\\\/\\\/sprayboothmanufacturer.com\\\/#\\\/schema\\\/logo\\\/image\\\/\",\"url\":\"https:\\\/\\\/sprayboothmanufacturer.com\\\/wp-content\\\/uploads\\\/2025\\\/12\\\/\u5fae\u4fe1\u56fe\u7247_20260113195103_1750_4-scaled-e1768394147958.png\",\"contentUrl\":\"https:\\\/\\\/sprayboothmanufacturer.com\\\/wp-content\\\/uploads\\\/2025\\\/12\\\/\u5fae\u4fe1\u56fe\u7247_20260113195103_1750_4-scaled-e1768394147958.png\",\"width\":1740,\"height\":538,\"caption\":\"Autoke-China Paint Booth Manufacturer\"},\"image\":{\"@id\":\"https:\\\/\\\/sprayboothmanufacturer.com\\\/#\\\/schema\\\/logo\\\/image\\\/\"}}]}<\/script>\n<!-- \/ Yoast SEO plugin. -->","yoast_head_json":{"title":"ATK-7500-DH-PRO 7,5 m Luxus-Diesel-Spritzkabine | Professionelle Lackierl\u00f6sung f\u00fcr Autoreparaturzentren | Hochleistungsfiltration &amp; Intelligente Temperaturregelung | Anpassbar | Direkt vom Hersteller - Autoke-China Lackierkabinenhersteller","robots":{"index":"index","follow":"follow","max-snippet":"max-snippet:-1","max-image-preview":"max-image-preview:large","max-video-preview":"max-video-preview:-1"},"canonical":"https:\/\/sprayboothmanufacturer.com\/de\/product\/7-5m-luxury-diesel-spray-booth\/","og_locale":"de_DE","og_type":"article","og_title":"ATK-7500-DH-PRO 7.5m Luxury Diesel Spray Booth | Professional Painting Solution for Automotive Repair Centers | High-Efficiency Filtration & Intelligent Temperature Control | Customizable | Factory Direct Supply - Autoke-China Paint Booth Manufacturer","og_description":"The ATK-7500-DH-PRO is designed for medium-to-large vehicle painting, featuring an internal size of 7.4\u00d74.4\u00d72.65 meters. It is equipped with a RIELLO G20 diesel heating system, powerful 30,000 m\u00b3\/h air supply, three-stage high-efficiency filtration, and an intelligent control system. Ideal for professional painting applications in automotive repair, buses, trucks, and construction machinery.","og_url":"https:\/\/sprayboothmanufacturer.com\/de\/product\/7-5m-luxury-diesel-spray-booth\/","og_site_name":"Autoke-China Paint Booth Manufacturer","og_image":[{"width":800,"height":800,"url":"https:\/\/sprayboothmanufacturer.com\/wp-content\/uploads\/2026\/02\/2.png","type":"image\/png"}],"twitter_card":"summary_large_image","twitter_misc":{"Gesch\u00e4tzte Lesezeit":"3\u00a0Minuten"},"schema":{"@context":"https:\/\/schema.org","@graph":[{"@type":"WebPage","@id":"https:\/\/sprayboothmanufacturer.com\/product\/7-5m-luxury-diesel-spray-booth\/","url":"https:\/\/sprayboothmanufacturer.com\/product\/7-5m-luxury-diesel-spray-booth\/","name":"ATK-7500-DH-PRO 7,5 m Luxus-Diesel-Spritzkabine | Professionelle Lackierl\u00f6sung f\u00fcr Autoreparaturzentren | Hochleistungsfiltration &amp; Intelligente Temperaturregelung | Anpassbar | Direkt vom Hersteller - Autoke-China Lackierkabinenhersteller","isPartOf":{"@id":"https:\/\/sprayboothmanufacturer.com\/#website"},"primaryImageOfPage":{"@id":"https:\/\/sprayboothmanufacturer.com\/product\/7-5m-luxury-diesel-spray-booth\/#primaryimage"},"image":{"@id":"https:\/\/sprayboothmanufacturer.com\/product\/7-5m-luxury-diesel-spray-booth\/#primaryimage"},"thumbnailUrl":"https:\/\/sprayboothmanufacturer.com\/wp-content\/uploads\/2026\/02\/2.png","datePublished":"2026-02-05T09:00:45+00:00","breadcrumb":{"@id":"https:\/\/sprayboothmanufacturer.com\/product\/7-5m-luxury-diesel-spray-booth\/#breadcrumb"},"inLanguage":"de","potentialAction":[{"@type":"ReadAction","target":["https:\/\/sprayboothmanufacturer.com\/product\/7-5m-luxury-diesel-spray-booth\/"]}]},{"@type":"ImageObject","inLanguage":"de","@id":"https:\/\/sprayboothmanufacturer.com\/product\/7-5m-luxury-diesel-spray-booth\/#primaryimage","url":"https:\/\/sprayboothmanufacturer.com\/wp-content\/uploads\/2026\/02\/2.png","contentUrl":"https:\/\/sprayboothmanufacturer.com\/wp-content\/uploads\/2026\/02\/2.png","width":800,"height":800},{"@type":"BreadcrumbList","@id":"https:\/\/sprayboothmanufacturer.com\/product\/7-5m-luxury-diesel-spray-booth\/#breadcrumb","itemListElement":[{"@type":"ListItem","position":1,"name":"Home","item":"https:\/\/sprayboothmanufacturer.com\/"},{"@type":"ListItem","position":2,"name":"\u4ea7\u54c1","item":"https:\/\/sprayboothmanufacturer.com\/shop__trashed\/"},{"@type":"ListItem","position":3,"name":"ATK-7500-DH-PRO 7.5m Luxury Diesel Spray Booth | Professional Painting Solution for Automotive Repair Centers | High-Efficiency Filtration &#038; Intelligent Temperature Control | Customizable | Factory Direct Supply"}]},{"@type":"WebSite","@id":"https:\/\/sprayboothmanufacturer.com\/#website","url":"https:\/\/sprayboothmanufacturer.com\/","name":"Autoke-Deutschland Lackierkabinenhersteller","description":"","publisher":{"@id":"https:\/\/sprayboothmanufacturer.com\/#organization"},"potentialAction":[{"@type":"SearchAction","target":{"@type":"EntryPoint","urlTemplate":"https:\/\/sprayboothmanufacturer.com\/?s={search_term_string}"},"query-input":{"@type":"PropertyValueSpecification","valueRequired":true,"valueName":"search_term_string"}}],"inLanguage":"de"},{"@type":"Organization","@id":"https:\/\/sprayboothmanufacturer.com\/#organization","name":"Autoke-Deutschland Lackierkabinenhersteller","url":"https:\/\/sprayboothmanufacturer.com\/","logo":{"@type":"ImageObject","inLanguage":"de","@id":"https:\/\/sprayboothmanufacturer.com\/#\/schema\/logo\/image\/","url":"https:\/\/sprayboothmanufacturer.com\/wp-content\/uploads\/2025\/12\/\u5fae\u4fe1\u56fe\u7247_20260113195103_1750_4-scaled-e1768394147958.png","contentUrl":"https:\/\/sprayboothmanufacturer.com\/wp-content\/uploads\/2025\/12\/\u5fae\u4fe1\u56fe\u7247_20260113195103_1750_4-scaled-e1768394147958.png","width":1740,"height":538,"caption":"Autoke-China Paint Booth Manufacturer"},"image":{"@id":"https:\/\/sprayboothmanufacturer.com\/#\/schema\/logo\/image\/"}}]}},"_links":{"self":[{"href":"https:\/\/sprayboothmanufacturer.com\/de\/wp-json\/wp\/v2\/product\/3247","targetHints":{"allow":["GET"]}}],"collection":[{"href":"https:\/\/sprayboothmanufacturer.com\/de\/wp-json\/wp\/v2\/product"}],"about":[{"href":"https:\/\/sprayboothmanufacturer.com\/de\/wp-json\/wp\/v2\/types\/product"}],"replies":[{"embeddable":true,"href":"https:\/\/sprayboothmanufacturer.com\/de\/wp-json\/wp\/v2\/comments?post=3247"}],"version-history":[{"count":1,"href":"https:\/\/sprayboothmanufacturer.com\/de\/wp-json\/wp\/v2\/product\/3247\/revisions"}],"predecessor-version":[{"id":3263,"href":"https:\/\/sprayboothmanufacturer.com\/de\/wp-json\/wp\/v2\/product\/3247\/revisions\/3263"}],"wp:featuredmedia":[{"embeddable":true,"href":"https:\/\/sprayboothmanufacturer.com\/de\/wp-json\/wp\/v2\/media\/3172"}],"wp:attachment":[{"href":"https:\/\/sprayboothmanufacturer.com\/de\/wp-json\/wp\/v2\/media?parent=3247"}],"wp:term":[{"taxonomy":"product_brand","embeddable":true,"href":"https:\/\/sprayboothmanufacturer.com\/de\/wp-json\/wp\/v2\/product_brand?post=3247"},{"taxonomy":"product_cat","embeddable":true,"href":"https:\/\/sprayboothmanufacturer.com\/de\/wp-json\/wp\/v2\/product_cat?post=3247"},{"taxonomy":"product_tag","embeddable":true,"href":"https:\/\/sprayboothmanufacturer.com\/de\/wp-json\/wp\/v2\/product_tag?post=3247"}],"curies":[{"name":"wp","href":"https:\/\/api.w.org\/{rel}","templated":true}]}}