{"id":3245,"date":"2026-02-05T07:43:01","date_gmt":"2026-02-05T07:43:01","guid":{"rendered":"https:\/\/sprayboothmanufacturer.com\/?post_type=product&#038;p=3245"},"modified":"2026-02-05T07:43:01","modified_gmt":"2026-02-05T07:43:01","slug":"8m-standard-diesel-spray-booth","status":"publish","type":"product","link":"https:\/\/sprayboothmanufacturer.com\/de\/product\/8m-standard-diesel-spray-booth\/","title":{"rendered":"ATK-8000-DH-STD 8m Standard-Diesel-Spritzkabine | Industrielles Hochleistung-Lacksystem | Professionelle Ausr\u00fcstung f\u00fcr Karosseriewerkst\u00e4tten | Anpassbar | Direkt ab Werk"},"content":{"rendered":"<table style=\"height: 210px;\" width=\"793\">\n<tbody>\n<tr>\n<td width=\"142\"><strong><b>Mindestbestellmenge :<\/b><\/strong><\/td>\n<td width=\"142\">1 St\u00fcck<\/td>\n<td width=\"142\"><strong><b>Preis :<\/b><\/strong><\/td>\n<td width=\"142\">Verhandlungssache<\/td>\n<\/tr>\n<tr>\n<td width=\"142\"><strong><b>Verpackungsdetails :<\/b><\/strong><\/td>\n<td width=\"142\">40G oder 20GP\/Einheit<\/td>\n<td width=\"142\"><strong><b>Lieferzeit :<\/b><\/strong><\/td>\n<td width=\"142\">15 Tage, Verhandlungssache<\/td>\n<\/tr>\n<tr>\n<td width=\"142\"><strong><b>Zahlungsbedingungen :<\/b><\/strong><\/td>\n<td width=\"142\">L\/C, T\/T<\/td>\n<td width=\"142\"><strong><b>Lieferf\u00e4higkeit :<\/b><\/strong><\/td>\n<td width=\"142\">50 Einheiten\/Einheiten pro Monat Industrielle Spr\u00fchkabine Bus-Spr\u00fchkabine<\/td>\n<\/tr>\n<tr>\n<td width=\"142\"><strong><b>Herkunftsland:<\/b><\/strong><\/td>\n<td width=\"142\">Jiangsu, China<\/td>\n<td width=\"142\"><strong><b>Markenname:<\/b><\/strong><\/td>\n<td width=\"142\">Autoke<\/td>\n<\/tr>\n<tr>\n<td width=\"142\"><strong><b>Zertifizierung:<\/b><\/strong><\/td>\n<td width=\"142\">CE<\/td>\n<td width=\"142\"><strong><b>Modellnummer:<\/b><\/strong><\/td>\n<td width=\"142\">ATK-8000-DH-STD<\/td>\n<\/tr>\n<\/tbody>\n<\/table>\n<p class=\"ds-markdown-paragraph\"><strong>ATK-8000-DH-STD 8m Standard-Dieselspritzkabine mit Heizung<\/strong><\/p>\n<p class=\"ds-markdown-paragraph\">Dieses Produkt ist eine ausgewogene, robuste und zuverl\u00e4ssige Standard-Dieselspritzkabine, geeignet f\u00fcr Autowerkst\u00e4tten, Karosseriewerkst\u00e4tten und allgemeine industrielle Lackieranwendungen. Es integriert effiziente Heizung, leistungsstarke Bel\u00fcftung, saubere Filtration und intelligente Steuerung, um eine stabile und energieeffiziente Lackierumgebung zu gew\u00e4hrleisten, was die Qualit\u00e4t und Produktivit\u00e4t verbessert.<\/p>\n<p class=\"ds-markdown-paragraph\"><strong>Hauptmerkmale:<\/strong><\/p>\n<p class=\"ds-markdown-paragraph\">\u2705\u00a0<strong>Ger\u00e4umiger Standard-Arbeitsbereich<\/strong><br \/>\nExterne Abmessungen: 8000\u00d74000\u00d73350 mm. Effektiver Innenraum: 7900\u00d73900\u00d72650 mm, erf\u00fcllt die Lackieranforderungen der meisten Fahrzeuge und mittelgro\u00dfer\/small industrial Komponenten.<\/p>\n<p class=\"ds-markdown-paragraph\">\u2705\u00a0<strong>Hochleistungs-Diesel-Heizsystem<\/strong><br \/>\nAusgestattet mit dem bekannten RIELLO G20 Dieselmotor f\u00fcr schnelles Aufheizen, erreicht innerhalb von 5-8 Minuten 40\u00b0C. Maximale Backtemperatur: 80\u00b0C, geeignet f\u00fcr verschiedene Prozesse wie Lackierung und Aush\u00e4rtung.<\/p>\n<p class=\"ds-markdown-paragraph\">\u2705\u00a0<strong>Leistungsstarke Bel\u00fcftung &amp; Luftaustausch<\/strong><br \/>\nAusgestattet mit zwei 4KW Doppelansaug-Zentrifugalventilatoren, die eine Gesamtluftzufuhr von 30.000 m\u00b3\/h bieten, kombiniert mit einem 5,5KW Abluftventilator (19.000 m\u00b3\/h), um eine schnelle Lufterneuerung im Arbeitsbereich f\u00fcr Sicherheit und Umweltschutz zu gew\u00e4hrleisten.<\/p>\n<p class=\"ds-markdown-paragraph\">\u2705\u00a0<strong>Dreistufiges Luftfiltersystem<\/strong><br \/>\nEnth\u00e4lt einen Prim\u00e4rfilter (&gt;10\u03bcm, &gt;90% Effizienz), einen Hochleistungs-Deckenfilter (&gt;4\u03bcm, &gt;98% Effizienz) und einen mehrlagigen Glasfaser-Bodenfilter (&gt;90% Effizienz), um Staubpartikel effektiv zu erfassen und die Lackoberfl\u00e4chenqualit\u00e4t sicherzustellen.<\/p>\n<p class=\"ds-markdown-paragraph\">\u2705\u00a0<strong>Robuste und langlebige Konstruktion<\/strong><br \/>\nW\u00e4nde bestehen aus doppellagigen Farbblechplatten mit feuerfester Steinwolleisolierung (Dichte: 100kg\/m\u00b3). Das Dach besteht aus verzinktem Stahlblech. Der Boden ist eine 300 mm hohe erh\u00f6hte Plattform mit integrierten verzinkten Stahlgittern und Gehwegen, mit einer Gesamtbelastbarkeit von \u00fcber 5 Tonnen.<\/p>\n<p class=\"ds-markdown-paragraph\">\u2705\u00a0<strong>Intelligentes integriertes Steuerungssystem<\/strong><br \/>\nDas Bedienfeld integriert Beleuchtung, Lackierung, Backen, Timer, Temperaturregelung und Not-Aus-Funktionen f\u00fcr eine intuitive Bedienung und einfache Verwaltung.<\/p>\n<p class=\"ds-markdown-paragraph\">\u2705\u00a0<strong>Professionelles Beleuchtungssystem<\/strong><br \/>\nDer obere Bereich ist mit 24\u00d718W LED-Leuchten (montiert in einem 45\u00b0 Winkel) ausgestattet, erg\u00e4nzt durch 8\u00d748W LED-Wandlichter auf beiden Seiten, die eine gleichm\u00e4\u00dfige, schattenfreie Arbeitsbeleuchtung bieten.<\/p>\n<p class=\"ds-markdown-paragraph\"><strong>Haupttechnische Spezifikationen:<\/strong><\/p>\n<ul>\n<li>\n<p class=\"ds-markdown-paragraph\">Externe Abmessungen: 8000\u00d74000\u00d73350 mm<\/p>\n<\/li>\n<li>\n<p class=\"ds-markdown-paragraph\">Innere Abmessungen: 7900\u00d73900\u00d72650 mm<\/p>\n<\/li>\n<li>\n<p class=\"ds-markdown-paragraph\">Gesamtleistung: 15 KW (Dieselheizversion)<\/p>\n<\/li>\n<li>\n<p class=\"ds-markdown-paragraph\">Spannung: 220V\/380V, 50Hz<\/p>\n<\/li>\n<li>\n<p class=\"ds-markdown-paragraph\">Verpackungsvolumen: ca. 19 CBM\/Satz, Gewicht: ca. 3500 kg<\/p>\n<\/li>\n<\/ul>\n<p class=\"ds-markdown-paragraph\"><strong>Ideale Anwendungen:<\/strong><\/p>\n<ul>\n<li>\n<p class=\"ds-markdown-paragraph\">Umfassende Kfz-Reparaturwerkst\u00e4tten und Schnellservicezentren<\/p>\n<\/li>\n<li>\n<p class=\"ds-markdown-paragraph\">Werkst\u00e4tten f\u00fcr Bus- und LKW-Karosseriereparatur<\/p>\n<\/li>\n<li>\n<p class=\"ds-markdown-paragraph\">Malerei von mechanischer Ausr\u00fcstung und Metallstrukturen<\/p>\n<\/li>\n<li>\n<p class=\"ds-markdown-paragraph\">Start-up- oder mittelgro\u00dfe Unfallreparatur- und Lackierzentren<\/p>\n<\/li>\n<\/ul>\n<p class=\"ds-markdown-paragraph\">Wir unterst\u00fctzen die Anpassung bei Farbe, bestimmten Konfigurationen und Layout, um eine individuellere Vor-Ort-L\u00f6sung zu bieten.<\/p>\n<p class=\"ds-markdown-paragraph\"><strong>Bitte kontaktieren Sie unser Verkaufs- und Technikteam f\u00fcr detaillierte Informationen, Konfigurationsm\u00f6glichkeiten und ein pers\u00f6nliches Angebot.<\/strong><\/p>","protected":false},"excerpt":{"rendered":"<p>Der ATK-8000-DH-STD Standard-Dieselspritzkabine ist f\u00fcr die Autoreparatur, Karosserielackierung und industrielle Beschichtung konzipiert. Mit einer Innenma\u00dfe von 7,9\u00d73,9\u00d72,65 Metern verf\u00fcgt sie \u00fcber ein RIELLO G20 Dieselheizsystem, eine leistungsstarke Luftzufuhr von 30.000 m\u00b3\/h, dreistufige Filtration und intelligente Steuerung. Ihre robuste Konstruktion bietet eine zuverl\u00e4ssige und kosteneffiziente professionelle L\u00f6sung.<\/p>","protected":false},"featured_media":3191,"comment_status":"open","ping_status":"closed","template":"","meta":[],"product_brand":[76],"product_cat":[60,59],"product_tag":[75,74,79,73,78,63,72,69,94,68],"class_list":{"0":"post-3245","1":"product","2":"type-product","3":"status-publish","4":"has-post-thumbnail","6":"product_brand-autoke","7":"product_cat-car-spray-booth","8":"product_cat-spray-booth","9":"product_tag-8m-diesel-car-paint-booth","10":"product_tag-8m-electric-car-paint-booth","11":"product_tag-automotive-spray-booth","12":"product_tag-automotive-spray-booth-manufacturer","13":"product_tag-bus-spray-booth","14":"product_tag-car-spray-booth","15":"product_tag-car-spray-booth-factory","16":"product_tag-ce-car-spray-booth","17":"product_tag-commercial-vehicle-paint-curing-oven","18":"product_tag-customized-car-spray-booth","20":"first","21":"instock","22":"shipping-taxable","23":"product-type-simple"},"yoast_head":"<!-- This site is optimized with the Yoast SEO plugin v27.4 - https:\/\/yoast.com\/product\/yoast-seo-wordpress\/ -->\n<title>ATK-8000-DH-STD 8m Standard Diesel Spray Booth | Industrial High-Efficiency Painting System | Professional Equipment for Auto Body Shops | Customizable | Factory Direct - Autoke-China Paint Booth Manufacturer<\/title>\n<meta name=\"robots\" content=\"index, follow, max-snippet:-1, max-image-preview:large, max-video-preview:-1\" \/>\n<link rel=\"canonical\" href=\"https:\/\/sprayboothmanufacturer.com\/de\/product\/8m-standard-diesel-spray-booth\/\" \/>\n<meta property=\"og:locale\" content=\"de_DE\" \/>\n<meta property=\"og:type\" content=\"article\" \/>\n<meta property=\"og:title\" content=\"ATK-8000-DH-STD 8m Standard Diesel Spray Booth | Industrial High-Efficiency Painting System | Professional Equipment for Auto Body Shops | Customizable | Factory Direct - Autoke-China Paint Booth Manufacturer\" \/>\n<meta property=\"og:description\" content=\"The ATK-8000-DH-STD Standard Diesel Spray Booth is designed for automotive repair, bodywork painting, and industrial coating. With an internal size of 7.9\u00d73.9\u00d72.65 meters, it features a RIELLO G20 diesel heating system, 30,000 m\u00b3\/h powerful air supply, three-stage filtration, and intelligent controls. Its robust construction offers a reliable and cost-effective professional solution.\" \/>\n<meta property=\"og:url\" content=\"https:\/\/sprayboothmanufacturer.com\/de\/product\/8m-standard-diesel-spray-booth\/\" \/>\n<meta property=\"og:site_name\" content=\"Autoke-China Paint Booth Manufacturer\" \/>\n<meta property=\"og:image\" content=\"https:\/\/sprayboothmanufacturer.com\/wp-content\/uploads\/2026\/02\/23.png\" \/>\n\t<meta property=\"og:image:width\" content=\"800\" \/>\n\t<meta property=\"og:image:height\" content=\"800\" \/>\n\t<meta property=\"og:image:type\" content=\"image\/png\" \/>\n<meta name=\"twitter:card\" content=\"summary_large_image\" \/>\n<meta name=\"twitter:label1\" content=\"Gesch\u00e4tzte Lesezeit\" \/>\n\t<meta name=\"twitter:data1\" content=\"3\u00a0Minuten\" \/>\n<script type=\"application\/ld+json\" class=\"yoast-schema-graph\">{\"@context\":\"https:\\\/\\\/schema.org\",\"@graph\":[{\"@type\":\"WebPage\",\"@id\":\"https:\\\/\\\/sprayboothmanufacturer.com\\\/product\\\/8m-standard-diesel-spray-booth\\\/\",\"url\":\"https:\\\/\\\/sprayboothmanufacturer.com\\\/product\\\/8m-standard-diesel-spray-booth\\\/\",\"name\":\"ATK-8000-DH-STD 8m Standard Diesel Spray Booth | Industrial High-Efficiency Painting System | Professional Equipment for Auto Body Shops | Customizable | Factory Direct - Autoke-China Paint Booth Manufacturer\",\"isPartOf\":{\"@id\":\"https:\\\/\\\/sprayboothmanufacturer.com\\\/#website\"},\"primaryImageOfPage\":{\"@id\":\"https:\\\/\\\/sprayboothmanufacturer.com\\\/product\\\/8m-standard-diesel-spray-booth\\\/#primaryimage\"},\"image\":{\"@id\":\"https:\\\/\\\/sprayboothmanufacturer.com\\\/product\\\/8m-standard-diesel-spray-booth\\\/#primaryimage\"},\"thumbnailUrl\":\"https:\\\/\\\/sprayboothmanufacturer.com\\\/wp-content\\\/uploads\\\/2026\\\/02\\\/23.png\",\"datePublished\":\"2026-02-05T07:43:01+00:00\",\"breadcrumb\":{\"@id\":\"https:\\\/\\\/sprayboothmanufacturer.com\\\/product\\\/8m-standard-diesel-spray-booth\\\/#breadcrumb\"},\"inLanguage\":\"de\",\"potentialAction\":[{\"@type\":\"ReadAction\",\"target\":[\"https:\\\/\\\/sprayboothmanufacturer.com\\\/product\\\/8m-standard-diesel-spray-booth\\\/\"]}]},{\"@type\":\"ImageObject\",\"inLanguage\":\"de\",\"@id\":\"https:\\\/\\\/sprayboothmanufacturer.com\\\/product\\\/8m-standard-diesel-spray-booth\\\/#primaryimage\",\"url\":\"https:\\\/\\\/sprayboothmanufacturer.com\\\/wp-content\\\/uploads\\\/2026\\\/02\\\/23.png\",\"contentUrl\":\"https:\\\/\\\/sprayboothmanufacturer.com\\\/wp-content\\\/uploads\\\/2026\\\/02\\\/23.png\",\"width\":800,\"height\":800,\"caption\":\"High Performance Automotive Paint Booth Airflow and Features\"},{\"@type\":\"BreadcrumbList\",\"@id\":\"https:\\\/\\\/sprayboothmanufacturer.com\\\/product\\\/8m-standard-diesel-spray-booth\\\/#breadcrumb\",\"itemListElement\":[{\"@type\":\"ListItem\",\"position\":1,\"name\":\"Home\",\"item\":\"https:\\\/\\\/sprayboothmanufacturer.com\\\/\"},{\"@type\":\"ListItem\",\"position\":2,\"name\":\"\u4ea7\u54c1\",\"item\":\"https:\\\/\\\/sprayboothmanufacturer.com\\\/shop__trashed\\\/\"},{\"@type\":\"ListItem\",\"position\":3,\"name\":\"ATK-8000-DH-STD 8m Standard Diesel Spray Booth | Industrial High-Efficiency Painting System | Professional Equipment for Auto Body Shops | Customizable | Factory Direct\"}]},{\"@type\":\"WebSite\",\"@id\":\"https:\\\/\\\/sprayboothmanufacturer.com\\\/#website\",\"url\":\"https:\\\/\\\/sprayboothmanufacturer.com\\\/\",\"name\":\"Autoke-China Paint Booth Manufacturer\",\"description\":\"\",\"publisher\":{\"@id\":\"https:\\\/\\\/sprayboothmanufacturer.com\\\/#organization\"},\"potentialAction\":[{\"@type\":\"SearchAction\",\"target\":{\"@type\":\"EntryPoint\",\"urlTemplate\":\"https:\\\/\\\/sprayboothmanufacturer.com\\\/?s={search_term_string}\"},\"query-input\":{\"@type\":\"PropertyValueSpecification\",\"valueRequired\":true,\"valueName\":\"search_term_string\"}}],\"inLanguage\":\"de\"},{\"@type\":\"Organization\",\"@id\":\"https:\\\/\\\/sprayboothmanufacturer.com\\\/#organization\",\"name\":\"Autoke-China Paint Booth Manufacturer\",\"url\":\"https:\\\/\\\/sprayboothmanufacturer.com\\\/\",\"logo\":{\"@type\":\"ImageObject\",\"inLanguage\":\"de\",\"@id\":\"https:\\\/\\\/sprayboothmanufacturer.com\\\/#\\\/schema\\\/logo\\\/image\\\/\",\"url\":\"https:\\\/\\\/sprayboothmanufacturer.com\\\/wp-content\\\/uploads\\\/2025\\\/12\\\/\u5fae\u4fe1\u56fe\u7247_20260113195103_1750_4-scaled-e1768394147958.png\",\"contentUrl\":\"https:\\\/\\\/sprayboothmanufacturer.com\\\/wp-content\\\/uploads\\\/2025\\\/12\\\/\u5fae\u4fe1\u56fe\u7247_20260113195103_1750_4-scaled-e1768394147958.png\",\"width\":1740,\"height\":538,\"caption\":\"Autoke-China Paint Booth Manufacturer\"},\"image\":{\"@id\":\"https:\\\/\\\/sprayboothmanufacturer.com\\\/#\\\/schema\\\/logo\\\/image\\\/\"}}]}<\/script>\n<!-- \/ Yoast SEO plugin. -->","yoast_head_json":{"title":"ATK-8000-DH-STD 8m Standard-Diesel-Spritzkabine | Industrielles Hochleistungslacksystem | Professionelle Ausr\u00fcstung f\u00fcr Karosseriewerkst\u00e4tten | Anpassbar | Direkt vom Hersteller - Autoke-China Lackierkabinenhersteller","robots":{"index":"index","follow":"follow","max-snippet":"max-snippet:-1","max-image-preview":"max-image-preview:large","max-video-preview":"max-video-preview:-1"},"canonical":"https:\/\/sprayboothmanufacturer.com\/de\/product\/8m-standard-diesel-spray-booth\/","og_locale":"de_DE","og_type":"article","og_title":"ATK-8000-DH-STD 8m Standard Diesel Spray Booth | Industrial High-Efficiency Painting System | Professional Equipment for Auto Body Shops | Customizable | Factory Direct - Autoke-China Paint Booth Manufacturer","og_description":"The ATK-8000-DH-STD Standard Diesel Spray Booth is designed for automotive repair, bodywork painting, and industrial coating. With an internal size of 7.9\u00d73.9\u00d72.65 meters, it features a RIELLO G20 diesel heating system, 30,000 m\u00b3\/h powerful air supply, three-stage filtration, and intelligent controls. Its robust construction offers a reliable and cost-effective professional solution.","og_url":"https:\/\/sprayboothmanufacturer.com\/de\/product\/8m-standard-diesel-spray-booth\/","og_site_name":"Autoke-China Paint Booth Manufacturer","og_image":[{"width":800,"height":800,"url":"https:\/\/sprayboothmanufacturer.com\/wp-content\/uploads\/2026\/02\/23.png","type":"image\/png"}],"twitter_card":"summary_large_image","twitter_misc":{"Gesch\u00e4tzte Lesezeit":"3\u00a0Minuten"},"schema":{"@context":"https:\/\/schema.org","@graph":[{"@type":"WebPage","@id":"https:\/\/sprayboothmanufacturer.com\/product\/8m-standard-diesel-spray-booth\/","url":"https:\/\/sprayboothmanufacturer.com\/product\/8m-standard-diesel-spray-booth\/","name":"ATK-8000-DH-STD 8m Standard-Diesel-Spritzkabine | Industrielles Hochleistungslacksystem | Professionelle Ausr\u00fcstung f\u00fcr Karosseriewerkst\u00e4tten | Anpassbar | Direkt vom Hersteller - Autoke-China Lackierkabinenhersteller","isPartOf":{"@id":"https:\/\/sprayboothmanufacturer.com\/#website"},"primaryImageOfPage":{"@id":"https:\/\/sprayboothmanufacturer.com\/product\/8m-standard-diesel-spray-booth\/#primaryimage"},"image":{"@id":"https:\/\/sprayboothmanufacturer.com\/product\/8m-standard-diesel-spray-booth\/#primaryimage"},"thumbnailUrl":"https:\/\/sprayboothmanufacturer.com\/wp-content\/uploads\/2026\/02\/23.png","datePublished":"2026-02-05T07:43:01+00:00","breadcrumb":{"@id":"https:\/\/sprayboothmanufacturer.com\/product\/8m-standard-diesel-spray-booth\/#breadcrumb"},"inLanguage":"de","potentialAction":[{"@type":"ReadAction","target":["https:\/\/sprayboothmanufacturer.com\/product\/8m-standard-diesel-spray-booth\/"]}]},{"@type":"ImageObject","inLanguage":"de","@id":"https:\/\/sprayboothmanufacturer.com\/product\/8m-standard-diesel-spray-booth\/#primaryimage","url":"https:\/\/sprayboothmanufacturer.com\/wp-content\/uploads\/2026\/02\/23.png","contentUrl":"https:\/\/sprayboothmanufacturer.com\/wp-content\/uploads\/2026\/02\/23.png","width":800,"height":800,"caption":"High Performance Automotive Paint Booth Airflow and Features"},{"@type":"BreadcrumbList","@id":"https:\/\/sprayboothmanufacturer.com\/product\/8m-standard-diesel-spray-booth\/#breadcrumb","itemListElement":[{"@type":"ListItem","position":1,"name":"Home","item":"https:\/\/sprayboothmanufacturer.com\/"},{"@type":"ListItem","position":2,"name":"\u4ea7\u54c1","item":"https:\/\/sprayboothmanufacturer.com\/shop__trashed\/"},{"@type":"ListItem","position":3,"name":"ATK-8000-DH-STD 8m Standard Diesel Spray Booth | Industrial High-Efficiency Painting System | Professional Equipment for Auto Body Shops | Customizable | Factory Direct"}]},{"@type":"WebSite","@id":"https:\/\/sprayboothmanufacturer.com\/#website","url":"https:\/\/sprayboothmanufacturer.com\/","name":"Autoke-Deutschland Lackierkabinenhersteller","description":"","publisher":{"@id":"https:\/\/sprayboothmanufacturer.com\/#organization"},"potentialAction":[{"@type":"SearchAction","target":{"@type":"EntryPoint","urlTemplate":"https:\/\/sprayboothmanufacturer.com\/?s={search_term_string}"},"query-input":{"@type":"PropertyValueSpecification","valueRequired":true,"valueName":"search_term_string"}}],"inLanguage":"de"},{"@type":"Organization","@id":"https:\/\/sprayboothmanufacturer.com\/#organization","name":"Autoke-Deutschland Lackierkabinenhersteller","url":"https:\/\/sprayboothmanufacturer.com\/","logo":{"@type":"ImageObject","inLanguage":"de","@id":"https:\/\/sprayboothmanufacturer.com\/#\/schema\/logo\/image\/","url":"https:\/\/sprayboothmanufacturer.com\/wp-content\/uploads\/2025\/12\/\u5fae\u4fe1\u56fe\u7247_20260113195103_1750_4-scaled-e1768394147958.png","contentUrl":"https:\/\/sprayboothmanufacturer.com\/wp-content\/uploads\/2025\/12\/\u5fae\u4fe1\u56fe\u7247_20260113195103_1750_4-scaled-e1768394147958.png","width":1740,"height":538,"caption":"Autoke-China Paint Booth Manufacturer"},"image":{"@id":"https:\/\/sprayboothmanufacturer.com\/#\/schema\/logo\/image\/"}}]}},"_links":{"self":[{"href":"https:\/\/sprayboothmanufacturer.com\/de\/wp-json\/wp\/v2\/product\/3245","targetHints":{"allow":["GET"]}}],"collection":[{"href":"https:\/\/sprayboothmanufacturer.com\/de\/wp-json\/wp\/v2\/product"}],"about":[{"href":"https:\/\/sprayboothmanufacturer.com\/de\/wp-json\/wp\/v2\/types\/product"}],"replies":[{"embeddable":true,"href":"https:\/\/sprayboothmanufacturer.com\/de\/wp-json\/wp\/v2\/comments?post=3245"}],"version-history":[{"count":1,"href":"https:\/\/sprayboothmanufacturer.com\/de\/wp-json\/wp\/v2\/product\/3245\/revisions"}],"predecessor-version":[{"id":3246,"href":"https:\/\/sprayboothmanufacturer.com\/de\/wp-json\/wp\/v2\/product\/3245\/revisions\/3246"}],"wp:featuredmedia":[{"embeddable":true,"href":"https:\/\/sprayboothmanufacturer.com\/de\/wp-json\/wp\/v2\/media\/3191"}],"wp:attachment":[{"href":"https:\/\/sprayboothmanufacturer.com\/de\/wp-json\/wp\/v2\/media?parent=3245"}],"wp:term":[{"taxonomy":"product_brand","embeddable":true,"href":"https:\/\/sprayboothmanufacturer.com\/de\/wp-json\/wp\/v2\/product_brand?post=3245"},{"taxonomy":"product_cat","embeddable":true,"href":"https:\/\/sprayboothmanufacturer.com\/de\/wp-json\/wp\/v2\/product_cat?post=3245"},{"taxonomy":"product_tag","embeddable":true,"href":"https:\/\/sprayboothmanufacturer.com\/de\/wp-json\/wp\/v2\/product_tag?post=3245"}],"curies":[{"name":"wp","href":"https:\/\/api.w.org\/{rel}","templated":true}]}}