{"id":3233,"date":"2026-02-05T03:05:05","date_gmt":"2026-02-05T03:05:05","guid":{"rendered":"https:\/\/sprayboothmanufacturer.com\/?post_type=product&#038;p=3233"},"modified":"2026-02-05T03:05:05","modified_gmt":"2026-02-05T03:05:05","slug":"8m-diesel-heating-spray-booth","status":"publish","type":"product","link":"https:\/\/sprayboothmanufacturer.com\/de\/product\/8m-diesel-heating-spray-booth\/","title":{"rendered":"ATK-008D Wirtschaftliche 8m Dieselheizung-Spritzkabine | RIELLO G20 Brenner | Kontrollierbare Betriebskosten | Ideal f\u00fcr gewerbliche Reparaturen &amp; Chargenlackierung"},"content":{"rendered":"<table style=\"height: 229px;\" width=\"796\">\n<tbody>\n<tr>\n<td width=\"142\"><strong><b>Mindestbestellmenge :<\/b><\/strong><\/td>\n<td width=\"142\">1 St\u00fcck<\/td>\n<td width=\"142\"><strong><b>Preis :<\/b><\/strong><\/td>\n<td width=\"142\">Verhandlungssache<\/td>\n<\/tr>\n<tr>\n<td width=\"142\"><strong><b>Verpackungsdetails :<\/b><\/strong><\/td>\n<td width=\"142\">40G oder 20GP\/Einheit<\/td>\n<td width=\"142\"><strong><b>Lieferzeit :<\/b><\/strong><\/td>\n<td width=\"142\">15 Tage, Verhandlungssache<\/td>\n<\/tr>\n<tr>\n<td width=\"142\"><strong><b>Zahlungsbedingungen :<\/b><\/strong><\/td>\n<td width=\"142\">L\/C, T\/T<\/td>\n<td width=\"142\"><strong><b>Lieferf\u00e4higkeit :<\/b><\/strong><\/td>\n<td width=\"142\">50 Einheiten\/Einheiten pro Monat Industrielle Spr\u00fchkabine Bus-Spr\u00fchkabine<\/td>\n<\/tr>\n<tr>\n<td width=\"142\"><strong><b>Herkunftsland:<\/b><\/strong><\/td>\n<td width=\"142\">Jiangsu, China<\/td>\n<td width=\"142\"><strong><b>Markenname:<\/b><\/strong><\/td>\n<td width=\"142\">Autoke<\/td>\n<\/tr>\n<tr>\n<td width=\"142\"><strong><b>Zertifizierung:<\/b><\/strong><\/td>\n<td width=\"142\">CE<\/td>\n<td width=\"142\"><strong><b>Modellnummer:<\/b><\/strong><\/td>\n<td width=\"142\">ATK-008D<\/td>\n<\/tr>\n<\/tbody>\n<\/table>\n<p class=\"ds-markdown-paragraph\"><strong>ATK-008D | 8m Diesel-Hei\u00dfspritzkabine: Zuverl\u00e4ssige, langlebige und kosteneffektive Lackierleistung<\/strong><\/p>\n<p class=\"ds-markdown-paragraph\">In einer \u00c4ra, in der Betriebskosten von gr\u00f6\u00dfter Bedeutung sind, bietet der ATK-008D eine intelligentere Energiewahl. Anstatt teure elektrische Heizung zu verwenden, setzt er auf ein ausgereiftes und wirtschaftliches Diesel-Heizsystem, das f\u00fcr Nutzer entwickelt wurde, die langfristige Betriebskosten priorisieren und eine stabile W\u00e4rmequelle f\u00fcr eine produktive Effizienz ben\u00f6tigen. Ob f\u00fcr t\u00e4gliche Karosserieinstandsetzung oder Batch-Beschichtung von Industriekomponenten, der ATK-008D liefert eine professionelle, zuverl\u00e4ssige Lackierumgebung bei deutlich niedrigeren Energiekosten.<\/p>\n<p class=\"ds-markdown-paragraph\"><strong>Kernwert: Die Wirtschaftlichkeit &amp; Zuverl\u00e4ssigkeit der Dieselheizung<\/strong><\/p>\n<ol start=\"1\">\n<li>\n<p class=\"ds-markdown-paragraph\"><strong>Deutlich niedrigere Betriebskosten<\/strong>:<\/p>\n<ul>\n<li>\n<p class=\"ds-markdown-paragraph\">Verf\u00fcgt \u00fcber einen hochwertigen\u00a0<strong>RIELLO G20<\/strong>\u00a0Dieselmotorbrenner mit ausgezeichneter thermischer Effizienz und wirtschaftlichem Kraftstoffverbrauch. In Regionen, in denen Diesel kosteng\u00fcnstiger ist als Strom, sind die langfristigen Einsparungen erheblich.<\/p>\n<\/li>\n<li>\n<p class=\"ds-markdown-paragraph\">Der Gesamtstromverbrauch betr\u00e4gt nur 15KW (f\u00fcr Bel\u00fcftung und Steuerung), deutlich weniger als bei vergleichbaren elektrischen Modellen (38KW), was die Anforderungen an die elektrische Infrastruktur der Werkstatt reduziert und die Anfangsinvestitionen f\u00fcr die Verkabelung senkt.<\/p>\n<\/li>\n<\/ul>\n<\/li>\n<li>\n<p class=\"ds-markdown-paragraph\"><strong>Schnell, Stabil &amp; Anpassungsf\u00e4hig<\/strong>:<\/p>\n<ul>\n<li>\n<p class=\"ds-markdown-paragraph\">Heizt die Kabine innerhalb von 5-8 Minuten auf 40\u00b0C auf, mit einer maximalen Backtemperatur von 80\u00b0C, die den Aush\u00e4rtungsanforderungen der meisten Reparaturfarben entspricht.<\/p>\n<\/li>\n<li>\n<p class=\"ds-markdown-paragraph\">Unabh\u00e4ngig von Netzschwankungen, was sie zu einer zuverl\u00e4ssigen Wahl macht, um die Produktionskontinuit\u00e4t in Gebieten mit instabiler oder begrenzter Stromversorgung sicherzustellen.<\/p>\n<\/li>\n<\/ul>\n<\/li>\n<\/ol>\n<p class=\"ds-markdown-paragraph\"><strong>Robuste Bauweise f\u00fcr langfristigen Service<\/strong><\/p>\n<ul>\n<li>\n<p class=\"ds-markdown-paragraph\"><strong>Professionelle Geh\u00e4usekonstruktion<\/strong>: Hochwertige doppelschichtige Farb-Stahl-Verbundpaneele mit hochdichtem (100KG\/m\u00b3) feuerfestem Steinwollisolierung sorgen f\u00fcr gute W\u00e4rmespeicherung, Schalld\u00e4mmung und Brandsicherheit.<\/p>\n<\/li>\n<li>\n<p class=\"ds-markdown-paragraph\"><strong>Verst\u00e4rkte Tragf\u00e4hige Basis<\/strong>: Verzinkte Stahlblech- und Vierkantrohr-Assembly-Plattform mit drei Reihen rostfreier Gitter, zwei Reihen Gehwege und vier Hilfsbeine, die \u00fcber 5 Tonnen tragen.<\/p>\n<\/li>\n<li>\n<p class=\"ds-markdown-paragraph\"><strong>Effiziente Bel\u00fcftung &amp; Reinigung<\/strong>: 2\u00d74KW Doppelansaug-Zentrifugalventilatoren (insgesamt 25.000 m\u00b3\/h) und 1\u00d75,5KW Abluftventilator (19.000 m\u00b3\/h) arbeiten zusammen, um Overspray schnell zu entfernen. Ein dreistufiges Filtersystem sorgt f\u00fcr eine kontinuierliche Versorgung mit sauberer Luft.<\/p>\n<\/li>\n<\/ul>\n<p class=\"ds-markdown-paragraph\"><strong>Intelligente Steuerung &amp; Benutzerfreundliches Design<\/strong><\/p>\n<ul>\n<li>\n<p class=\"ds-markdown-paragraph\"><strong>Integriertes Steuerungssystem<\/strong>: Das Smart-Panel zentralisiert die Steuerung f\u00fcr Beleuchtung, Spr\u00fchmodus, Backmodus, Temperatureinstellung, Timer und Not-Aus.<\/p>\n<\/li>\n<li>\n<p class=\"ds-markdown-paragraph\"><strong>Ausreichende Beleuchtung<\/strong>: 24x 18W LED-Deckenleuchten und 8x 48W Seitenwandleuchten sorgen f\u00fcr gleichm\u00e4\u00dfige, schattenfreie Beleuchtung.<\/p>\n<\/li>\n<li>\n<p class=\"ds-markdown-paragraph\"><strong>Flexibles Layout<\/strong>: Das mit Steinwolle isolierte L\u00fcftergeh\u00e4use (1,1*2,2 m) kann auf der linken, rechten oder R\u00fcckseite der Kabine platziert werden, um den Werkstattaufbau anzupassen.<\/p>\n<\/li>\n<\/ul>\n<p class=\"ds-markdown-paragraph\"><strong>Technische Spezifikations\u00fcbersicht<\/strong><\/p>\n<ul>\n<li>\n<p class=\"ds-markdown-paragraph\"><strong>Modell<\/strong>: ATK-008D<\/p>\n<\/li>\n<li>\n<p class=\"ds-markdown-paragraph\"><strong>Interne Arbeitsgr\u00f6\u00dfe<\/strong>: 7900 (L) \u00d7 4200 (B) \u00d7 2800 (H) mm<\/p>\n<\/li>\n<li>\n<p class=\"ds-markdown-paragraph\"><strong>Heizungssystem<\/strong>: Dieselheizung (RIELLO G20 Brenner)<\/p>\n<\/li>\n<li>\n<p class=\"ds-markdown-paragraph\"><strong>Gesamtleistung<\/strong>: 15 kW (Bel\u00fcftung, Beleuchtung, Steuerung)<\/p>\n<\/li>\n<li>\n<p class=\"ds-markdown-paragraph\"><strong>Verpackung<\/strong>: ca. 19 CBM (1 Einheit passt in einen 20GP, 3 Einheiten in einen 40HQ-Container)<\/p>\n<\/li>\n<\/ul>\n<p class=\"ds-markdown-paragraph\"><strong>Ideale Anwendungen<\/strong><\/p>\n<ul>\n<li>\n<p class=\"ds-markdown-paragraph\">Mittlere umfassende Autowerkst\u00e4tten, spezialisierte Karosserie- und Lackzentren.<\/p>\n<\/li>\n<li>\n<p class=\"ds-markdown-paragraph\">Wartungslagereinrichtungen f\u00fcr Logistikunternehmen, Busflotten, Bauunternehmen.<\/p>\n<\/li>\n<li>\n<p class=\"ds-markdown-paragraph\">Regionen mit schwacher elektrischer Infrastruktur, hohen Stromkosten oder instabiler Versorgung (z.B. viele Entwicklungsl\u00e4nder, Bergbaugebiete, abgelegene Standorte).<\/p>\n<\/li>\n<li>\n<p class=\"ds-markdown-paragraph\">Start-ups, die in das Lackiergesch\u00e4ft einsteigen und niedrigere Anfangsinvestitionen sowie kontrollierbare Betriebskosten suchen.<\/p>\n<\/li>\n<li>\n<p class=\"ds-markdown-paragraph\">Als Aufr\u00fcstoption f\u00fcr bestehende nicht beheizte Spritzkabinen, um Backfunktionalit\u00e4t hinzuzuf\u00fcgen.<\/p>\n<\/li>\n<\/ul>\n<p class=\"ds-markdown-paragraph\">Der ATK-008D beweist, dass professionelles Lackieren nicht auf teuren Strom angewiesen sein muss. Es ist ein pragmatisches und effizientes Produktivit\u00e4tswerkzeug. Unser Technikteam kann die Wirtschaftlichkeit der Dieselheizung innerhalb Ihrer lokalen Energiekostenstruktur bewerten und Beratung zu Installation und Abluftplanung geben.<\/p>","protected":false},"excerpt":{"rendered":"<p>Der ATK-008D ist eine 8 m lange Diesel-Hei\u00dfspritzkabine, die auf hohe Kosteneffizienz und stabile Betriebsf\u00e4higkeit ausgelegt ist. Ausgestattet mit einem effizienten RIELLO G20 Dieselmotorbrenner, heizt sie schnell auf und die Betriebskosten sind deutlich niedriger als bei vergleichbaren elektrischen Modellen. Ihre robuste Bauweise und zuverl\u00e4ssige Bel\u00fcftung machen sie ideal f\u00fcr mittelgro\u00dfe Reparaturwerkst\u00e4tten, Flottenservicezentren und Nutzer in Gebieten mit instabiler Stromversorgung.<\/p>","protected":false},"featured_media":3189,"comment_status":"open","ping_status":"closed","template":"","meta":[],"product_brand":[76],"product_cat":[60,59],"product_tag":[75,74,79,73,89,63,72,66],"class_list":{"0":"post-3233","1":"product","2":"type-product","3":"status-publish","4":"has-post-thumbnail","6":"product_brand-autoke","7":"product_cat-car-spray-booth","8":"product_cat-spray-booth","9":"product_tag-8m-diesel-car-paint-booth","10":"product_tag-8m-electric-car-paint-booth","11":"product_tag-automotive-spray-booth","12":"product_tag-automotive-spray-booth-manufacturer","13":"product_tag-baking-oven-for-bus","14":"product_tag-car-spray-booth","15":"product_tag-car-spray-booth-factory","16":"product_tag-car-spray-booth-manufacturer","18":"first","19":"instock","20":"shipping-taxable","21":"product-type-simple"},"yoast_head":"<!-- This site is optimized with the Yoast SEO plugin v27.4 - https:\/\/yoast.com\/product\/yoast-seo-wordpress\/ -->\n<title>ATK-008D Economical 8m Diesel Heating Spray Booth | RIELLO G20 Burner | Controllable Running Cost | Ideal for Commercial Repair &amp; Batch Painting - Autoke-China Paint Booth Manufacturer<\/title>\n<meta name=\"robots\" content=\"index, follow, max-snippet:-1, max-image-preview:large, max-video-preview:-1\" \/>\n<link rel=\"canonical\" href=\"https:\/\/sprayboothmanufacturer.com\/de\/product\/8m-diesel-heating-spray-booth\/\" \/>\n<meta property=\"og:locale\" content=\"de_DE\" \/>\n<meta property=\"og:type\" content=\"article\" \/>\n<meta property=\"og:title\" content=\"ATK-008D Economical 8m Diesel Heating Spray Booth | RIELLO G20 Burner | Controllable Running Cost | Ideal for Commercial Repair &amp; Batch Painting - Autoke-China Paint Booth Manufacturer\" \/>\n<meta property=\"og:description\" content=\"The ATK-008D is an 8m diesel heating spray booth focused on high cost-effectiveness and stable operation. Equipped with an efficient RIELLO G20 diesel burner, it heats up quickly with running costs significantly lower than comparable electric models. Its robust construction and reliable ventilation make it ideal for medium-sized repair shops, fleet service centers, and users in areas with unstable electricity.\" \/>\n<meta property=\"og:url\" content=\"https:\/\/sprayboothmanufacturer.com\/de\/product\/8m-diesel-heating-spray-booth\/\" \/>\n<meta property=\"og:site_name\" content=\"Autoke-China Paint Booth Manufacturer\" \/>\n<meta property=\"og:image\" content=\"https:\/\/sprayboothmanufacturer.com\/wp-content\/uploads\/2026\/02\/21.png\" \/>\n\t<meta property=\"og:image:width\" content=\"800\" \/>\n\t<meta property=\"og:image:height\" content=\"800\" \/>\n\t<meta property=\"og:image:type\" content=\"image\/png\" \/>\n<meta name=\"twitter:card\" content=\"summary_large_image\" \/>\n<meta name=\"twitter:label1\" content=\"Gesch\u00e4tzte Lesezeit\" \/>\n\t<meta name=\"twitter:data1\" content=\"3\u00a0Minuten\" \/>\n<script type=\"application\/ld+json\" class=\"yoast-schema-graph\">{\"@context\":\"https:\\\/\\\/schema.org\",\"@graph\":[{\"@type\":\"WebPage\",\"@id\":\"https:\\\/\\\/sprayboothmanufacturer.com\\\/product\\\/8m-diesel-heating-spray-booth\\\/\",\"url\":\"https:\\\/\\\/sprayboothmanufacturer.com\\\/product\\\/8m-diesel-heating-spray-booth\\\/\",\"name\":\"ATK-008D Economical 8m Diesel Heating Spray Booth | RIELLO G20 Burner | Controllable Running Cost | Ideal for Commercial Repair & Batch Painting - Autoke-China Paint Booth Manufacturer\",\"isPartOf\":{\"@id\":\"https:\\\/\\\/sprayboothmanufacturer.com\\\/#website\"},\"primaryImageOfPage\":{\"@id\":\"https:\\\/\\\/sprayboothmanufacturer.com\\\/product\\\/8m-diesel-heating-spray-booth\\\/#primaryimage\"},\"image\":{\"@id\":\"https:\\\/\\\/sprayboothmanufacturer.com\\\/product\\\/8m-diesel-heating-spray-booth\\\/#primaryimage\"},\"thumbnailUrl\":\"https:\\\/\\\/sprayboothmanufacturer.com\\\/wp-content\\\/uploads\\\/2026\\\/02\\\/21.png\",\"datePublished\":\"2026-02-05T03:05:05+00:00\",\"breadcrumb\":{\"@id\":\"https:\\\/\\\/sprayboothmanufacturer.com\\\/product\\\/8m-diesel-heating-spray-booth\\\/#breadcrumb\"},\"inLanguage\":\"de\",\"potentialAction\":[{\"@type\":\"ReadAction\",\"target\":[\"https:\\\/\\\/sprayboothmanufacturer.com\\\/product\\\/8m-diesel-heating-spray-booth\\\/\"]}]},{\"@type\":\"ImageObject\",\"inLanguage\":\"de\",\"@id\":\"https:\\\/\\\/sprayboothmanufacturer.com\\\/product\\\/8m-diesel-heating-spray-booth\\\/#primaryimage\",\"url\":\"https:\\\/\\\/sprayboothmanufacturer.com\\\/wp-content\\\/uploads\\\/2026\\\/02\\\/21.png\",\"contentUrl\":\"https:\\\/\\\/sprayboothmanufacturer.com\\\/wp-content\\\/uploads\\\/2026\\\/02\\\/21.png\",\"width\":800,\"height\":800},{\"@type\":\"BreadcrumbList\",\"@id\":\"https:\\\/\\\/sprayboothmanufacturer.com\\\/product\\\/8m-diesel-heating-spray-booth\\\/#breadcrumb\",\"itemListElement\":[{\"@type\":\"ListItem\",\"position\":1,\"name\":\"Home\",\"item\":\"https:\\\/\\\/sprayboothmanufacturer.com\\\/\"},{\"@type\":\"ListItem\",\"position\":2,\"name\":\"\u4ea7\u54c1\",\"item\":\"https:\\\/\\\/sprayboothmanufacturer.com\\\/shop__trashed\\\/\"},{\"@type\":\"ListItem\",\"position\":3,\"name\":\"ATK-008D Economical 8m Diesel Heating Spray Booth | RIELLO G20 Burner | Controllable Running Cost | Ideal for Commercial Repair &#038; Batch Painting\"}]},{\"@type\":\"WebSite\",\"@id\":\"https:\\\/\\\/sprayboothmanufacturer.com\\\/#website\",\"url\":\"https:\\\/\\\/sprayboothmanufacturer.com\\\/\",\"name\":\"Autoke-China Paint Booth Manufacturer\",\"description\":\"\",\"publisher\":{\"@id\":\"https:\\\/\\\/sprayboothmanufacturer.com\\\/#organization\"},\"potentialAction\":[{\"@type\":\"SearchAction\",\"target\":{\"@type\":\"EntryPoint\",\"urlTemplate\":\"https:\\\/\\\/sprayboothmanufacturer.com\\\/?s={search_term_string}\"},\"query-input\":{\"@type\":\"PropertyValueSpecification\",\"valueRequired\":true,\"valueName\":\"search_term_string\"}}],\"inLanguage\":\"de\"},{\"@type\":\"Organization\",\"@id\":\"https:\\\/\\\/sprayboothmanufacturer.com\\\/#organization\",\"name\":\"Autoke-China Paint Booth Manufacturer\",\"url\":\"https:\\\/\\\/sprayboothmanufacturer.com\\\/\",\"logo\":{\"@type\":\"ImageObject\",\"inLanguage\":\"de\",\"@id\":\"https:\\\/\\\/sprayboothmanufacturer.com\\\/#\\\/schema\\\/logo\\\/image\\\/\",\"url\":\"https:\\\/\\\/sprayboothmanufacturer.com\\\/wp-content\\\/uploads\\\/2025\\\/12\\\/\u5fae\u4fe1\u56fe\u7247_20260113195103_1750_4-scaled-e1768394147958.png\",\"contentUrl\":\"https:\\\/\\\/sprayboothmanufacturer.com\\\/wp-content\\\/uploads\\\/2025\\\/12\\\/\u5fae\u4fe1\u56fe\u7247_20260113195103_1750_4-scaled-e1768394147958.png\",\"width\":1740,\"height\":538,\"caption\":\"Autoke-China Paint Booth Manufacturer\"},\"image\":{\"@id\":\"https:\\\/\\\/sprayboothmanufacturer.com\\\/#\\\/schema\\\/logo\\\/image\\\/\"}}]}<\/script>\n<!-- \/ Yoast SEO plugin. -->","yoast_head_json":{"title":"ATK-008D Wirtschaftliche 8m Dieselheizung Spritzkabine | RIELLO G20 Brenner | Kontrollierbare Betriebskosten | Ideal f\u00fcr gewerbliche Reparaturen &amp; Batch-Lackierung - Autoke-China Lackierkabinenhersteller","robots":{"index":"index","follow":"follow","max-snippet":"max-snippet:-1","max-image-preview":"max-image-preview:large","max-video-preview":"max-video-preview:-1"},"canonical":"https:\/\/sprayboothmanufacturer.com\/de\/product\/8m-diesel-heating-spray-booth\/","og_locale":"de_DE","og_type":"article","og_title":"ATK-008D Economical 8m Diesel Heating Spray Booth | RIELLO G20 Burner | Controllable Running Cost | Ideal for Commercial Repair & Batch Painting - Autoke-China Paint Booth Manufacturer","og_description":"The ATK-008D is an 8m diesel heating spray booth focused on high cost-effectiveness and stable operation. Equipped with an efficient RIELLO G20 diesel burner, it heats up quickly with running costs significantly lower than comparable electric models. Its robust construction and reliable ventilation make it ideal for medium-sized repair shops, fleet service centers, and users in areas with unstable electricity.","og_url":"https:\/\/sprayboothmanufacturer.com\/de\/product\/8m-diesel-heating-spray-booth\/","og_site_name":"Autoke-China Paint Booth Manufacturer","og_image":[{"width":800,"height":800,"url":"https:\/\/sprayboothmanufacturer.com\/wp-content\/uploads\/2026\/02\/21.png","type":"image\/png"}],"twitter_card":"summary_large_image","twitter_misc":{"Gesch\u00e4tzte Lesezeit":"3\u00a0Minuten"},"schema":{"@context":"https:\/\/schema.org","@graph":[{"@type":"WebPage","@id":"https:\/\/sprayboothmanufacturer.com\/product\/8m-diesel-heating-spray-booth\/","url":"https:\/\/sprayboothmanufacturer.com\/product\/8m-diesel-heating-spray-booth\/","name":"ATK-008D Wirtschaftliche 8m Dieselheizung Spritzkabine | RIELLO G20 Brenner | Kontrollierbare Betriebskosten | Ideal f\u00fcr gewerbliche Reparaturen &amp; Batch-Lackierung - Autoke-China Lackierkabinenhersteller","isPartOf":{"@id":"https:\/\/sprayboothmanufacturer.com\/#website"},"primaryImageOfPage":{"@id":"https:\/\/sprayboothmanufacturer.com\/product\/8m-diesel-heating-spray-booth\/#primaryimage"},"image":{"@id":"https:\/\/sprayboothmanufacturer.com\/product\/8m-diesel-heating-spray-booth\/#primaryimage"},"thumbnailUrl":"https:\/\/sprayboothmanufacturer.com\/wp-content\/uploads\/2026\/02\/21.png","datePublished":"2026-02-05T03:05:05+00:00","breadcrumb":{"@id":"https:\/\/sprayboothmanufacturer.com\/product\/8m-diesel-heating-spray-booth\/#breadcrumb"},"inLanguage":"de","potentialAction":[{"@type":"ReadAction","target":["https:\/\/sprayboothmanufacturer.com\/product\/8m-diesel-heating-spray-booth\/"]}]},{"@type":"ImageObject","inLanguage":"de","@id":"https:\/\/sprayboothmanufacturer.com\/product\/8m-diesel-heating-spray-booth\/#primaryimage","url":"https:\/\/sprayboothmanufacturer.com\/wp-content\/uploads\/2026\/02\/21.png","contentUrl":"https:\/\/sprayboothmanufacturer.com\/wp-content\/uploads\/2026\/02\/21.png","width":800,"height":800},{"@type":"BreadcrumbList","@id":"https:\/\/sprayboothmanufacturer.com\/product\/8m-diesel-heating-spray-booth\/#breadcrumb","itemListElement":[{"@type":"ListItem","position":1,"name":"Home","item":"https:\/\/sprayboothmanufacturer.com\/"},{"@type":"ListItem","position":2,"name":"\u4ea7\u54c1","item":"https:\/\/sprayboothmanufacturer.com\/shop__trashed\/"},{"@type":"ListItem","position":3,"name":"ATK-008D Economical 8m Diesel Heating Spray Booth | RIELLO G20 Burner | Controllable Running Cost | Ideal for Commercial Repair &#038; Batch Painting"}]},{"@type":"WebSite","@id":"https:\/\/sprayboothmanufacturer.com\/#website","url":"https:\/\/sprayboothmanufacturer.com\/","name":"Autoke-Deutschland Lackierkabinenhersteller","description":"","publisher":{"@id":"https:\/\/sprayboothmanufacturer.com\/#organization"},"potentialAction":[{"@type":"SearchAction","target":{"@type":"EntryPoint","urlTemplate":"https:\/\/sprayboothmanufacturer.com\/?s={search_term_string}"},"query-input":{"@type":"PropertyValueSpecification","valueRequired":true,"valueName":"search_term_string"}}],"inLanguage":"de"},{"@type":"Organization","@id":"https:\/\/sprayboothmanufacturer.com\/#organization","name":"Autoke-Deutschland Lackierkabinenhersteller","url":"https:\/\/sprayboothmanufacturer.com\/","logo":{"@type":"ImageObject","inLanguage":"de","@id":"https:\/\/sprayboothmanufacturer.com\/#\/schema\/logo\/image\/","url":"https:\/\/sprayboothmanufacturer.com\/wp-content\/uploads\/2025\/12\/\u5fae\u4fe1\u56fe\u7247_20260113195103_1750_4-scaled-e1768394147958.png","contentUrl":"https:\/\/sprayboothmanufacturer.com\/wp-content\/uploads\/2025\/12\/\u5fae\u4fe1\u56fe\u7247_20260113195103_1750_4-scaled-e1768394147958.png","width":1740,"height":538,"caption":"Autoke-China Paint Booth Manufacturer"},"image":{"@id":"https:\/\/sprayboothmanufacturer.com\/#\/schema\/logo\/image\/"}}]}},"_links":{"self":[{"href":"https:\/\/sprayboothmanufacturer.com\/de\/wp-json\/wp\/v2\/product\/3233","targetHints":{"allow":["GET"]}}],"collection":[{"href":"https:\/\/sprayboothmanufacturer.com\/de\/wp-json\/wp\/v2\/product"}],"about":[{"href":"https:\/\/sprayboothmanufacturer.com\/de\/wp-json\/wp\/v2\/types\/product"}],"replies":[{"embeddable":true,"href":"https:\/\/sprayboothmanufacturer.com\/de\/wp-json\/wp\/v2\/comments?post=3233"}],"version-history":[{"count":1,"href":"https:\/\/sprayboothmanufacturer.com\/de\/wp-json\/wp\/v2\/product\/3233\/revisions"}],"predecessor-version":[{"id":3234,"href":"https:\/\/sprayboothmanufacturer.com\/de\/wp-json\/wp\/v2\/product\/3233\/revisions\/3234"}],"wp:featuredmedia":[{"embeddable":true,"href":"https:\/\/sprayboothmanufacturer.com\/de\/wp-json\/wp\/v2\/media\/3189"}],"wp:attachment":[{"href":"https:\/\/sprayboothmanufacturer.com\/de\/wp-json\/wp\/v2\/media?parent=3233"}],"wp:term":[{"taxonomy":"product_brand","embeddable":true,"href":"https:\/\/sprayboothmanufacturer.com\/de\/wp-json\/wp\/v2\/product_brand?post=3233"},{"taxonomy":"product_cat","embeddable":true,"href":"https:\/\/sprayboothmanufacturer.com\/de\/wp-json\/wp\/v2\/product_cat?post=3233"},{"taxonomy":"product_tag","embeddable":true,"href":"https:\/\/sprayboothmanufacturer.com\/de\/wp-json\/wp\/v2\/product_tag?post=3233"}],"curies":[{"name":"wp","href":"https:\/\/api.w.org\/{rel}","templated":true}]}}