{"id":3231,"date":"2026-02-05T02:43:55","date_gmt":"2026-02-05T02:43:55","guid":{"rendered":"https:\/\/sprayboothmanufacturer.com\/?post_type=product&#038;p=3231"},"modified":"2026-02-05T02:43:55","modified_gmt":"2026-02-05T02:43:55","slug":"8m-dual-mode-professional-spray-booth","status":"publish","type":"product","link":"https:\/\/sprayboothmanufacturer.com\/de\/product\/8m-dual-mode-professional-spray-booth\/","title":{"rendered":"ATK-008DE-PRO Industrielle 8m Dual-Mode Profi-Spr\u00fchkabine | Gas + Quantum-Ferninfrarot-Elektroheizung | Premium-Finish-Qualit\u00e4tsl\u00f6sung"},"content":{"rendered":"<table style=\"height: 244px;\" width=\"817\">\n<tbody>\n<tr>\n<td width=\"142\"><strong><b>Mindestbestellmenge :<\/b><\/strong><\/td>\n<td width=\"142\">1 St\u00fcck<\/td>\n<td width=\"142\"><strong><b>Preis :<\/b><\/strong><\/td>\n<td width=\"142\">Verhandlungssache<\/td>\n<\/tr>\n<tr>\n<td width=\"142\"><strong><b>Verpackungsdetails :<\/b><\/strong><\/td>\n<td width=\"142\">40G oder 20GP\/Einheit<\/td>\n<td width=\"142\"><strong><b>Lieferzeit :<\/b><\/strong><\/td>\n<td width=\"142\">15 Tage, Verhandlungssache<\/td>\n<\/tr>\n<tr>\n<td width=\"142\"><strong><b>Zahlungsbedingungen :<\/b><\/strong><\/td>\n<td width=\"142\">L\/C, T\/T<\/td>\n<td width=\"142\"><strong><b>Lieferf\u00e4higkeit :<\/b><\/strong><\/td>\n<td width=\"142\">50 Einheiten\/Einheiten pro Monat Industrielle Spr\u00fchkabine Bus-Spr\u00fchkabine<\/td>\n<\/tr>\n<tr>\n<td width=\"142\"><strong><b>Herkunftsland:<\/b><\/strong><\/td>\n<td width=\"142\">Jiangsu, China<\/td>\n<td width=\"142\"><strong><b>Markenname:<\/b><\/strong><\/td>\n<td width=\"142\">Autoke<\/td>\n<\/tr>\n<tr>\n<td width=\"142\"><strong><b>Zertifizierung:<\/b><\/strong><\/td>\n<td width=\"142\">CE<\/td>\n<td width=\"142\"><strong><b>Modellnummer:<\/b><\/strong><\/td>\n<td width=\"142\">ATK-008DE-PRO<\/td>\n<\/tr>\n<\/tbody>\n<\/table>\n<p class=\"ds-markdown-paragraph\"><strong>ATK-008DE-PRO | 8m Dual-Mode-Profispritzkabine: Ultimativer Kontrolle \u00fcber Energie-Strategie &amp; Oberfl\u00e4chenqualit\u00e4t<\/strong><\/p>\n<p class=\"ds-markdown-paragraph\">In der Lackierbranche stellt die absolute Kontrolle \u00fcber Energiekosten bei gleichzeitiger Verfolgung h\u00f6chster Oberfl\u00e4chenqualit\u00e4t oft eine gro\u00dfe Herausforderung dar. Der ATK-008DE-PRO ist die L\u00f6sung. Es ist mehr als eine Spritzkabine; es ist eine\u00a0<strong>strategische Lackierl\u00f6sung<\/strong>. Durch die Integration von kosteng\u00fcnstiger Gasheizung mit effizienter und pr\u00e4ziser Quanten-Ferninfrarot-Elektroheizung bieten wir Ihnen ein \u201cDual-Schl\u00fcssel\u201d-System, um verschiedene Energiem\u00e4rkte zu navigieren und unterschiedliche Beschichtungsprozesse zu meistern, was Ihre Widerstandsf\u00e4higkeit in einem dynamischen Gesch\u00e4ftsumfeld gew\u00e4hrleistet.<\/p>\n<p class=\"ds-markdown-paragraph\"><strong>Kernwertangebot: Der revolution\u00e4re Vorteil von Dual-Systemen<\/strong><\/p>\n<ol start=\"1\">\n<li>\n<p class=\"ds-markdown-paragraph\"><strong>Strategisches Werkzeugset f\u00fcr Energiekostenmanagement<\/strong>:<\/p>\n<ul>\n<li>\n<p class=\"ds-markdown-paragraph\"><strong>Gasbetrieb (RIELLO G20 Brenner)<\/strong>: Ihr Ansprechpartner f\u00fcr kosteneffiziente, gro\u00dfvolumige oder langdauernde Backprozesse, wenn die Preise f\u00fcr Erdgas oder LPG g\u00fcnstig sind.<\/p>\n<\/li>\n<li>\n<p class=\"ds-markdown-paragraph\"><strong>Quanten-Ferninfrarot-Elektro-Modus<\/strong>: Verf\u00fcgt \u00fcber eine thermische Umwandlungseffizienz von \u00fcber 90% und eine au\u00dfergew\u00f6hnliche Lebensdauer (&gt;80.000 Stunden). Ideal f\u00fcr pr\u00e4zise Arbeiten, die schnelles, gleichm\u00e4\u00dfiges Heizen erfordern, oder um Nebenzeiten bei Stromtarifen zu nutzen, um Energieeffizienz und Oberfl\u00e4chenqualit\u00e4t zu maximieren.<\/p>\n<\/li>\n<li>\n<p class=\"ds-markdown-paragraph\"><strong>Intelligentes Umschalten f\u00fcr optimale Kosten<\/strong>: Flexibel Heizmodi basierend auf Echtzeit-Energiekosten, Auftragsdringlichkeit und Beschichtungsanforderungen w\u00e4hlen oder kombinieren, um die Betriebskosten pro Projekt zu minimieren.<\/p>\n<\/li>\n<\/ul>\n<\/li>\n<li>\n<p class=\"ds-markdown-paragraph\"><strong>Motor f\u00fcr Oberfl\u00e4chenqualit\u00e4tssteigerung<\/strong>:<\/p>\n<ul>\n<li>\n<p class=\"ds-markdown-paragraph\"><strong>Defekte eliminieren<\/strong>: Ferninfrarotstrahlung erw\u00e4rmt Beschichtungsmolek\u00fcle direkt und gleichm\u00e4\u00dfig,\u00a0<strong>deutlich Reduzierung g\u00e4ngiger Fehler<\/strong>\u00a0wie Blasen, Poren und Orangenhaut.<\/p>\n<\/li>\n<li>\n<p class=\"ds-markdown-paragraph\"><strong>Verbesserte Leistung<\/strong>: F\u00f6rdert eine vollst\u00e4ndigere Vernetzung, verbessert den Film\u00a0<strong>H\u00e4rte, Haftung, Glanz und Haltbarkeit<\/strong>\u00a0um OEM- oder h\u00f6here Standards zu erf\u00fcllen.<\/p>\n<\/li>\n<li>\n<p class=\"ds-markdown-paragraph\"><strong>Breite Prozessanpassungsf\u00e4higkeit<\/strong>: Ein breiter Temperaturbereich von 0-150\u00b0C bew\u00e4ltigt alles, von sanfter Aush\u00e4rtung von Kunststoffteilen bis hin zu schnellem Trocknen schwerer Beschichtungen, geeignet f\u00fcr Luxusauto-Reparaturen bis hin zu gewerblichen\/industriellen Fahrzeuglackierungen.<\/p>\n<\/li>\n<\/ul>\n<\/li>\n<\/ol>\n<p class=\"ds-markdown-paragraph\"><strong>Hochwertige Hardware f\u00fcr Profis<\/strong><\/p>\n<ul>\n<li>\n<p class=\"ds-markdown-paragraph\"><strong>Ultra-robuste &amp; stabile Struktur<\/strong>:<\/p>\n<ul>\n<li>\n<p class=\"ds-markdown-paragraph\"><strong>75mm Premium-W\u00e4nde<\/strong>: 75mm dicke Verbundplatten mit doppellagigem Farbstahl und hochdichtem (100KG\/m\u00b3) Steinwolle bieten branchenf\u00fchrende Isolierung, Schalld\u00e4mmung und Feuerbest\u00e4ndigkeit f\u00fcr eine au\u00dfergew\u00f6hnlich stabile Innenumgebung.<\/p>\n<\/li>\n<li>\n<p class=\"ds-markdown-paragraph\"><strong>F\u00fcnf-Reihen-verst\u00e4rkter Keller<\/strong>: F\u00fcnf Reihen verzinkter Stahlgitter erh\u00f6hen die Tragf\u00e4higkeit um \u00fcber 60%. Zusammen mit vier Hilfsgelenken entsteht eine ultra-stabile Plattform, die \u00fcber 5 Tonnen tragen kann und f\u00fcr schwere Fahrzeuge ausgelegt ist.<\/p>\n<\/li>\n<\/ul>\n<\/li>\n<li>\n<p class=\"ds-markdown-paragraph\"><strong>Effiziente, leise &amp; langlebige Energieversorgung<\/strong>:<\/p>\n<ul>\n<li>\n<p class=\"ds-markdown-paragraph\"><strong>Alle-Kupfer-Kern Markenl\u00fcftungssystem<\/strong>: Kernbel\u00fcftungskomponenten verf\u00fcgen \u00fcber \u201cJiangsu Hengkang\u201d-Marken-Kupfermotoren, die leiser, effizienter sind und eine l\u00e4ngere Lebensdauer haben als Standardmotoren \u2013 die Grundlage f\u00fcr zuverl\u00e4ssige, kontinuierliche Leistung.<\/p>\n<\/li>\n<\/ul>\n<\/li>\n<li>\n<p class=\"ds-markdown-paragraph\"><strong>Umfassende Steuerung &amp; Umgebung<\/strong>:<\/p>\n<ul>\n<li>\n<p class=\"ds-markdown-paragraph\">Integrierte intelligente Steuerung erm\u00f6glicht die unabh\u00e4ngige Programmierung und Verwaltung beider Heizsysteme f\u00fcr komplexe Temperatur-Zeit-Profile.<\/p>\n<\/li>\n<li>\n<p class=\"ds-markdown-paragraph\">Ein vollst\u00e4ndiges Drei-Stufen-Filtersystem sch\u00fctzt den sauberen, staubfreien Arbeitsbereich.<\/p>\n<\/li>\n<li>\n<p class=\"ds-markdown-paragraph\">Ausreichende LED-Beleuchtung sorgt f\u00fcr schattenfreie Ausleuchtung.<\/p>\n<\/li>\n<\/ul>\n<\/li>\n<\/ul>\n<p class=\"ds-markdown-paragraph\"><strong>Technische Spezifikations\u00fcbersicht<\/strong><\/p>\n<ul>\n<li>\n<p class=\"ds-markdown-paragraph\"><strong>Modell<\/strong>: ATK-008DE-PRO<\/p>\n<\/li>\n<li>\n<p class=\"ds-markdown-paragraph\"><strong>Interne Arbeitsgr\u00f6\u00dfe<\/strong>: 7900 (L) \u00d7 4200 (B) \u00d7 2800 (H) mm<\/p>\n<\/li>\n<li>\n<p class=\"ds-markdown-paragraph\"><strong>Heizungssystem<\/strong>: Gasheizung (RIELLO G20) + Quantum-Ferninfrarot-Elektroheizung (3KW\/Einheit, hohe Effizienz)<\/p>\n<\/li>\n<li>\n<p class=\"ds-markdown-paragraph\"><strong>Wandstruktur<\/strong>: 75mm Doppel-Lagige Farbstahl-Rockwool-Verbundplatte<\/p>\n<\/li>\n<li>\n<p class=\"ds-markdown-paragraph\"><strong>Bel\u00fcftungssystem<\/strong>: Jiangsu Hengkang Vollkupfermotor (Versorgung 2\u00d74KW, Abluft 1\u00d75,5KW)<\/p>\n<\/li>\n<li>\n<p class=\"ds-markdown-paragraph\"><strong>Keller<\/strong>: F\u00fcnf-Reihen verzinkte Stahlgitter mit 4 Verst\u00e4rkungsbeinen<\/p>\n<\/li>\n<\/ul>\n<p class=\"ds-markdown-paragraph\"><strong>F\u00fcr wen ist der ATK-008DE-PRO konzipiert?<\/strong><\/p>\n<ul>\n<li>\n<p class=\"ds-markdown-paragraph\">Premium-Automobilmarken 4S-Zentren, Luxusauto-Anpassungs- und Restaurierungswerkst\u00e4tten.<\/p>\n<\/li>\n<li>\n<p class=\"ds-markdown-paragraph\">Kernwartungseinrichtungen f\u00fcr gro\u00dfe Logistikflotten, \u00f6ffentlicher Nahverkehr und Flughafen-Bodenunterst\u00fctzungsausr\u00fcstung.<\/p>\n<\/li>\n<li>\n<p class=\"ds-markdown-paragraph\">Hersteller und gro\u00df angelegte Sanierungsanlagen f\u00fcr Bau-, Landwirtschafts- und Spezialfahrzeuge.<\/p>\n<\/li>\n<li>\n<p class=\"ds-markdown-paragraph\">Professionelle Lackierdienste, die milit\u00e4rische Qualit\u00e4ts- oder Exportzertifizierungs-Qualit\u00e4tsfinishs erfordern.<\/p>\n<\/li>\n<li>\n<p class=\"ds-markdown-paragraph\">Branchenf\u00fchrer, die in zukunftsweisende Technologien investieren, um einen Kernwettbewerbsvorteil aufzubauen.<\/p>\n<\/li>\n<\/ul>\n<p class=\"ds-markdown-paragraph\">Der ATK-008DE-PRO repr\u00e4sentiert ein tiefgehendes Verst\u00e4ndnis und einen zukunftsorientierten Ansatz f\u00fcr Lackierarbeiten. Wir laden Sie ein, eine Beratung mit unseren Anwendungsingenieuren zu vereinbaren, um den langfristigen Wert und ROI dieser Dual-System-L\u00f6sung f\u00fcr Ihren spezifischen Gesch\u00e4ftskontext zu quantifizieren.<\/p>","protected":false},"excerpt":{"rendered":"<p>Der ATK-008DE-PRO ist eine Premium-Spritzkabine, die traditionelle Gasheizung mit modernster Quanten-Ferninfrarot-Elektrotechnologie verbindet. Das Zweisystem-Design bietet unvergleichliche Energieflexibilit\u00e4t und Prozesskontrolle, kombiniert mit 75 mm dicker Isolierung und komplett kupferkernbetriebenen Ventilatoren. Er ist f\u00fcr anspruchsvolle Kunden konzipiert, die au\u00dfergew\u00f6hnliche Oberfl\u00e4chenqualit\u00e4t und langfristige Betriebssicherheit verlangen.<\/p>","protected":false},"featured_media":3117,"comment_status":"open","ping_status":"closed","template":"","meta":[],"product_brand":[],"product_cat":[60,59],"product_tag":[75,74,79,73,91,63,72,69,68],"class_list":{"0":"post-3231","1":"product","2":"type-product","3":"status-publish","4":"has-post-thumbnail","6":"product_cat-car-spray-booth","7":"product_cat-spray-booth","8":"product_tag-8m-diesel-car-paint-booth","9":"product_tag-8m-electric-car-paint-booth","10":"product_tag-automotive-spray-booth","11":"product_tag-automotive-spray-booth-manufacturer","12":"product_tag-bus-paint-baking-oven","13":"product_tag-car-spray-booth","14":"product_tag-car-spray-booth-factory","15":"product_tag-ce-car-spray-booth","16":"product_tag-customized-car-spray-booth","18":"first","19":"instock","20":"shipping-taxable","21":"product-type-simple"},"yoast_head":"<!-- This site is optimized with the Yoast SEO plugin v27.4 - https:\/\/yoast.com\/product\/yoast-seo-wordpress\/ -->\n<title>ATK-008DE-PRO Industrial 8m Dual-Mode Professional Spray Booth | Gas + Quantum Far-Infrared Electric Heating | Premium Finish Quality Solution - Autoke-China Paint Booth Manufacturer<\/title>\n<meta name=\"robots\" content=\"index, follow, max-snippet:-1, max-image-preview:large, max-video-preview:-1\" \/>\n<link rel=\"canonical\" href=\"https:\/\/sprayboothmanufacturer.com\/de\/product\/8m-dual-mode-professional-spray-booth\/\" \/>\n<meta property=\"og:locale\" content=\"de_DE\" \/>\n<meta property=\"og:type\" content=\"article\" \/>\n<meta property=\"og:title\" content=\"ATK-008DE-PRO Industrial 8m Dual-Mode Professional Spray Booth | Gas + Quantum Far-Infrared Electric Heating | Premium Finish Quality Solution - Autoke-China Paint Booth Manufacturer\" \/>\n<meta property=\"og:description\" content=\"The ATK-008DE-PRO is a premium spray booth that merges traditional gas heating with cutting-edge quantum far-infrared electric technology. Its dual-system design offers unparalleled energy flexibility and process control, coupled with 75mm ultra-thick insulation and all-copper-core fans. It is crafted for high-end clients who demand exceptional finish quality and long-term operational reliability.\" \/>\n<meta property=\"og:url\" content=\"https:\/\/sprayboothmanufacturer.com\/de\/product\/8m-dual-mode-professional-spray-booth\/\" \/>\n<meta property=\"og:site_name\" content=\"Autoke-China Paint Booth Manufacturer\" \/>\n<meta property=\"og:image\" content=\"https:\/\/sprayboothmanufacturer.com\/wp-content\/uploads\/2026\/01\/\u70e4\u6f06\u623f\u5b89\u88c5\u6d41\u7a0b\u56fe\u7eb8\u53ca\u6587\u5b57-\u4e1c\u59271886.png\" \/>\n\t<meta property=\"og:image:width\" content=\"553\" \/>\n\t<meta property=\"og:image:height\" content=\"316\" \/>\n\t<meta property=\"og:image:type\" content=\"image\/png\" \/>\n<meta name=\"twitter:card\" content=\"summary_large_image\" \/>\n<meta name=\"twitter:label1\" content=\"Gesch\u00e4tzte Lesezeit\" \/>\n\t<meta name=\"twitter:data1\" content=\"3\u00a0Minuten\" \/>\n<script type=\"application\/ld+json\" class=\"yoast-schema-graph\">{\"@context\":\"https:\\\/\\\/schema.org\",\"@graph\":[{\"@type\":\"WebPage\",\"@id\":\"https:\\\/\\\/sprayboothmanufacturer.com\\\/product\\\/8m-dual-mode-professional-spray-booth\\\/\",\"url\":\"https:\\\/\\\/sprayboothmanufacturer.com\\\/product\\\/8m-dual-mode-professional-spray-booth\\\/\",\"name\":\"ATK-008DE-PRO Industrial 8m Dual-Mode Professional Spray Booth | Gas + Quantum Far-Infrared Electric Heating | Premium Finish Quality Solution - Autoke-China Paint Booth Manufacturer\",\"isPartOf\":{\"@id\":\"https:\\\/\\\/sprayboothmanufacturer.com\\\/#website\"},\"primaryImageOfPage\":{\"@id\":\"https:\\\/\\\/sprayboothmanufacturer.com\\\/product\\\/8m-dual-mode-professional-spray-booth\\\/#primaryimage\"},\"image\":{\"@id\":\"https:\\\/\\\/sprayboothmanufacturer.com\\\/product\\\/8m-dual-mode-professional-spray-booth\\\/#primaryimage\"},\"thumbnailUrl\":\"https:\\\/\\\/sprayboothmanufacturer.com\\\/wp-content\\\/uploads\\\/2026\\\/01\\\/\u70e4\u6f06\u623f\u5b89\u88c5\u6d41\u7a0b\u56fe\u7eb8\u53ca\u6587\u5b57-\u4e1c\u59271886.png\",\"datePublished\":\"2026-02-05T02:43:55+00:00\",\"breadcrumb\":{\"@id\":\"https:\\\/\\\/sprayboothmanufacturer.com\\\/product\\\/8m-dual-mode-professional-spray-booth\\\/#breadcrumb\"},\"inLanguage\":\"de\",\"potentialAction\":[{\"@type\":\"ReadAction\",\"target\":[\"https:\\\/\\\/sprayboothmanufacturer.com\\\/product\\\/8m-dual-mode-professional-spray-booth\\\/\"]}]},{\"@type\":\"ImageObject\",\"inLanguage\":\"de\",\"@id\":\"https:\\\/\\\/sprayboothmanufacturer.com\\\/product\\\/8m-dual-mode-professional-spray-booth\\\/#primaryimage\",\"url\":\"https:\\\/\\\/sprayboothmanufacturer.com\\\/wp-content\\\/uploads\\\/2026\\\/01\\\/\u70e4\u6f06\u623f\u5b89\u88c5\u6d41\u7a0b\u56fe\u7eb8\u53ca\u6587\u5b57-\u4e1c\u59271886.png\",\"contentUrl\":\"https:\\\/\\\/sprayboothmanufacturer.com\\\/wp-content\\\/uploads\\\/2026\\\/01\\\/\u70e4\u6f06\u623f\u5b89\u88c5\u6d41\u7a0b\u56fe\u7eb8\u53ca\u6587\u5b57-\u4e1c\u59271886.png\",\"width\":553,\"height\":316},{\"@type\":\"BreadcrumbList\",\"@id\":\"https:\\\/\\\/sprayboothmanufacturer.com\\\/product\\\/8m-dual-mode-professional-spray-booth\\\/#breadcrumb\",\"itemListElement\":[{\"@type\":\"ListItem\",\"position\":1,\"name\":\"Home\",\"item\":\"https:\\\/\\\/sprayboothmanufacturer.com\\\/\"},{\"@type\":\"ListItem\",\"position\":2,\"name\":\"\u4ea7\u54c1\",\"item\":\"https:\\\/\\\/sprayboothmanufacturer.com\\\/shop__trashed\\\/\"},{\"@type\":\"ListItem\",\"position\":3,\"name\":\"ATK-008DE-PRO Industrial 8m Dual-Mode Professional Spray Booth | Gas + Quantum Far-Infrared Electric Heating | Premium Finish Quality Solution\"}]},{\"@type\":\"WebSite\",\"@id\":\"https:\\\/\\\/sprayboothmanufacturer.com\\\/#website\",\"url\":\"https:\\\/\\\/sprayboothmanufacturer.com\\\/\",\"name\":\"Autoke-China Paint Booth Manufacturer\",\"description\":\"\",\"publisher\":{\"@id\":\"https:\\\/\\\/sprayboothmanufacturer.com\\\/#organization\"},\"potentialAction\":[{\"@type\":\"SearchAction\",\"target\":{\"@type\":\"EntryPoint\",\"urlTemplate\":\"https:\\\/\\\/sprayboothmanufacturer.com\\\/?s={search_term_string}\"},\"query-input\":{\"@type\":\"PropertyValueSpecification\",\"valueRequired\":true,\"valueName\":\"search_term_string\"}}],\"inLanguage\":\"de\"},{\"@type\":\"Organization\",\"@id\":\"https:\\\/\\\/sprayboothmanufacturer.com\\\/#organization\",\"name\":\"Autoke-China Paint Booth Manufacturer\",\"url\":\"https:\\\/\\\/sprayboothmanufacturer.com\\\/\",\"logo\":{\"@type\":\"ImageObject\",\"inLanguage\":\"de\",\"@id\":\"https:\\\/\\\/sprayboothmanufacturer.com\\\/#\\\/schema\\\/logo\\\/image\\\/\",\"url\":\"https:\\\/\\\/sprayboothmanufacturer.com\\\/wp-content\\\/uploads\\\/2025\\\/12\\\/\u5fae\u4fe1\u56fe\u7247_20260113195103_1750_4-scaled-e1768394147958.png\",\"contentUrl\":\"https:\\\/\\\/sprayboothmanufacturer.com\\\/wp-content\\\/uploads\\\/2025\\\/12\\\/\u5fae\u4fe1\u56fe\u7247_20260113195103_1750_4-scaled-e1768394147958.png\",\"width\":1740,\"height\":538,\"caption\":\"Autoke-China Paint Booth Manufacturer\"},\"image\":{\"@id\":\"https:\\\/\\\/sprayboothmanufacturer.com\\\/#\\\/schema\\\/logo\\\/image\\\/\"}}]}<\/script>\n<!-- \/ Yoast SEO plugin. -->","yoast_head_json":{"title":"ATK-008DE-PRO Industrielle 8m Dual-Mode Profi-Spritzkabine | Gas + Quantum-Ferninfrarot-Elektroheizung | Premium-Finish-Qualit\u00e4tsl\u00f6sung - Autoke-China Lackierkabinenhersteller","robots":{"index":"index","follow":"follow","max-snippet":"max-snippet:-1","max-image-preview":"max-image-preview:large","max-video-preview":"max-video-preview:-1"},"canonical":"https:\/\/sprayboothmanufacturer.com\/de\/product\/8m-dual-mode-professional-spray-booth\/","og_locale":"de_DE","og_type":"article","og_title":"ATK-008DE-PRO Industrial 8m Dual-Mode Professional Spray Booth | Gas + Quantum Far-Infrared Electric Heating | Premium Finish Quality Solution - Autoke-China Paint Booth Manufacturer","og_description":"The ATK-008DE-PRO is a premium spray booth that merges traditional gas heating with cutting-edge quantum far-infrared electric technology. Its dual-system design offers unparalleled energy flexibility and process control, coupled with 75mm ultra-thick insulation and all-copper-core fans. It is crafted for high-end clients who demand exceptional finish quality and long-term operational reliability.","og_url":"https:\/\/sprayboothmanufacturer.com\/de\/product\/8m-dual-mode-professional-spray-booth\/","og_site_name":"Autoke-China Paint Booth Manufacturer","og_image":[{"width":553,"height":316,"url":"https:\/\/sprayboothmanufacturer.com\/wp-content\/uploads\/2026\/01\/\u70e4\u6f06\u623f\u5b89\u88c5\u6d41\u7a0b\u56fe\u7eb8\u53ca\u6587\u5b57-\u4e1c\u59271886.png","type":"image\/png"}],"twitter_card":"summary_large_image","twitter_misc":{"Gesch\u00e4tzte Lesezeit":"3\u00a0Minuten"},"schema":{"@context":"https:\/\/schema.org","@graph":[{"@type":"WebPage","@id":"https:\/\/sprayboothmanufacturer.com\/product\/8m-dual-mode-professional-spray-booth\/","url":"https:\/\/sprayboothmanufacturer.com\/product\/8m-dual-mode-professional-spray-booth\/","name":"ATK-008DE-PRO Industrielle 8m Dual-Mode Profi-Spritzkabine | Gas + Quantum-Ferninfrarot-Elektroheizung | Premium-Finish-Qualit\u00e4tsl\u00f6sung - Autoke-China Lackierkabinenhersteller","isPartOf":{"@id":"https:\/\/sprayboothmanufacturer.com\/#website"},"primaryImageOfPage":{"@id":"https:\/\/sprayboothmanufacturer.com\/product\/8m-dual-mode-professional-spray-booth\/#primaryimage"},"image":{"@id":"https:\/\/sprayboothmanufacturer.com\/product\/8m-dual-mode-professional-spray-booth\/#primaryimage"},"thumbnailUrl":"https:\/\/sprayboothmanufacturer.com\/wp-content\/uploads\/2026\/01\/\u70e4\u6f06\u623f\u5b89\u88c5\u6d41\u7a0b\u56fe\u7eb8\u53ca\u6587\u5b57-\u4e1c\u59271886.png","datePublished":"2026-02-05T02:43:55+00:00","breadcrumb":{"@id":"https:\/\/sprayboothmanufacturer.com\/product\/8m-dual-mode-professional-spray-booth\/#breadcrumb"},"inLanguage":"de","potentialAction":[{"@type":"ReadAction","target":["https:\/\/sprayboothmanufacturer.com\/product\/8m-dual-mode-professional-spray-booth\/"]}]},{"@type":"ImageObject","inLanguage":"de","@id":"https:\/\/sprayboothmanufacturer.com\/product\/8m-dual-mode-professional-spray-booth\/#primaryimage","url":"https:\/\/sprayboothmanufacturer.com\/wp-content\/uploads\/2026\/01\/\u70e4\u6f06\u623f\u5b89\u88c5\u6d41\u7a0b\u56fe\u7eb8\u53ca\u6587\u5b57-\u4e1c\u59271886.png","contentUrl":"https:\/\/sprayboothmanufacturer.com\/wp-content\/uploads\/2026\/01\/\u70e4\u6f06\u623f\u5b89\u88c5\u6d41\u7a0b\u56fe\u7eb8\u53ca\u6587\u5b57-\u4e1c\u59271886.png","width":553,"height":316},{"@type":"BreadcrumbList","@id":"https:\/\/sprayboothmanufacturer.com\/product\/8m-dual-mode-professional-spray-booth\/#breadcrumb","itemListElement":[{"@type":"ListItem","position":1,"name":"Home","item":"https:\/\/sprayboothmanufacturer.com\/"},{"@type":"ListItem","position":2,"name":"\u4ea7\u54c1","item":"https:\/\/sprayboothmanufacturer.com\/shop__trashed\/"},{"@type":"ListItem","position":3,"name":"ATK-008DE-PRO Industrial 8m Dual-Mode Professional Spray Booth | Gas + Quantum Far-Infrared Electric Heating | Premium Finish Quality Solution"}]},{"@type":"WebSite","@id":"https:\/\/sprayboothmanufacturer.com\/#website","url":"https:\/\/sprayboothmanufacturer.com\/","name":"Autoke-Deutschland Lackierkabinenhersteller","description":"","publisher":{"@id":"https:\/\/sprayboothmanufacturer.com\/#organization"},"potentialAction":[{"@type":"SearchAction","target":{"@type":"EntryPoint","urlTemplate":"https:\/\/sprayboothmanufacturer.com\/?s={search_term_string}"},"query-input":{"@type":"PropertyValueSpecification","valueRequired":true,"valueName":"search_term_string"}}],"inLanguage":"de"},{"@type":"Organization","@id":"https:\/\/sprayboothmanufacturer.com\/#organization","name":"Autoke-Deutschland Lackierkabinenhersteller","url":"https:\/\/sprayboothmanufacturer.com\/","logo":{"@type":"ImageObject","inLanguage":"de","@id":"https:\/\/sprayboothmanufacturer.com\/#\/schema\/logo\/image\/","url":"https:\/\/sprayboothmanufacturer.com\/wp-content\/uploads\/2025\/12\/\u5fae\u4fe1\u56fe\u7247_20260113195103_1750_4-scaled-e1768394147958.png","contentUrl":"https:\/\/sprayboothmanufacturer.com\/wp-content\/uploads\/2025\/12\/\u5fae\u4fe1\u56fe\u7247_20260113195103_1750_4-scaled-e1768394147958.png","width":1740,"height":538,"caption":"Autoke-China Paint Booth Manufacturer"},"image":{"@id":"https:\/\/sprayboothmanufacturer.com\/#\/schema\/logo\/image\/"}}]}},"_links":{"self":[{"href":"https:\/\/sprayboothmanufacturer.com\/de\/wp-json\/wp\/v2\/product\/3231","targetHints":{"allow":["GET"]}}],"collection":[{"href":"https:\/\/sprayboothmanufacturer.com\/de\/wp-json\/wp\/v2\/product"}],"about":[{"href":"https:\/\/sprayboothmanufacturer.com\/de\/wp-json\/wp\/v2\/types\/product"}],"replies":[{"embeddable":true,"href":"https:\/\/sprayboothmanufacturer.com\/de\/wp-json\/wp\/v2\/comments?post=3231"}],"version-history":[{"count":1,"href":"https:\/\/sprayboothmanufacturer.com\/de\/wp-json\/wp\/v2\/product\/3231\/revisions"}],"predecessor-version":[{"id":3232,"href":"https:\/\/sprayboothmanufacturer.com\/de\/wp-json\/wp\/v2\/product\/3231\/revisions\/3232"}],"wp:featuredmedia":[{"embeddable":true,"href":"https:\/\/sprayboothmanufacturer.com\/de\/wp-json\/wp\/v2\/media\/3117"}],"wp:attachment":[{"href":"https:\/\/sprayboothmanufacturer.com\/de\/wp-json\/wp\/v2\/media?parent=3231"}],"wp:term":[{"taxonomy":"product_brand","embeddable":true,"href":"https:\/\/sprayboothmanufacturer.com\/de\/wp-json\/wp\/v2\/product_brand?post=3231"},{"taxonomy":"product_cat","embeddable":true,"href":"https:\/\/sprayboothmanufacturer.com\/de\/wp-json\/wp\/v2\/product_cat?post=3231"},{"taxonomy":"product_tag","embeddable":true,"href":"https:\/\/sprayboothmanufacturer.com\/de\/wp-json\/wp\/v2\/product_tag?post=3231"}],"curies":[{"name":"wp","href":"https:\/\/api.w.org\/{rel}","templated":true}]}}