{"id":3223,"date":"2026-02-04T08:11:53","date_gmt":"2026-02-04T08:11:53","guid":{"rendered":"https:\/\/sprayboothmanufacturer.com\/?post_type=product&#038;p=3223"},"modified":"2026-02-04T08:11:53","modified_gmt":"2026-02-04T08:11:53","slug":"premium-8m-dual-mode-heating-spray-booth","status":"publish","type":"product","link":"https:\/\/sprayboothmanufacturer.com\/de\/product\/premium-8m-dual-mode-heating-spray-booth\/","title":{"rendered":"ATK-008DE Premium 8m Dual-Mode-Heizspr\u00fchkabine | Gas- + Elektrik-Doppelsysteme | Extra-Breiter Arbeitsbereich | Passt sich variablen Prozessen &amp; Energiequellen an"},"content":{"rendered":"<p class=\"ds-markdown-paragraph\"><strong>ATK-008DE | 8m Dual-Mode-Heizungs-Luxus-Spritzkabine: Der H\u00f6hepunkt an Flexibilit\u00e4t und Zuverl\u00e4ssigkeit<\/strong><\/p>\n<p class=\"ds-markdown-paragraph\">Entwickelt f\u00fcr anspruchsvolle Kunden, die h\u00f6chste Prozessanpassungsf\u00e4higkeit, Energiesicherheit und Zukunftssicherheit verlangen, eliminiert der ATK-008DE die Entweder-oder-Entscheidung bei Heizmethoden. Er bietet eine gleichzeitige L\u00f6sung mit\u00a0<strong>sowohl Gas- als auch Elektroheizungssystemen<\/strong>. Ob schwankende Energiepreise, vielf\u00e4ltige Prozessanforderungen oder die Sicherstellung der Produktionskontinuit\u00e4t bei einer Unterbrechung der prim\u00e4ren Energieversorgung \u2013 der ATK-008DE liefert konstanten Leistungsf\u00e4higkeit. Er ist die Investition der Wahl f\u00fcr gro\u00dfe Karosseriewerkst\u00e4tten, Premium-Flottenwartungsdepots und anspruchsvolle industrielle Anwendungen.<\/p>\n<p class=\"ds-markdown-paragraph\"><strong>Revolution\u00e4rer Kernvorteil: Dual-Heizungssysteme<\/strong><\/p>\n<ol start=\"1\">\n<li>\n<p class=\"ds-markdown-paragraph\"><strong>Energie-Strategie-Freiheit &amp; Kostenoptimierung<\/strong>:<\/p>\n<ul>\n<li>\n<p class=\"ds-markdown-paragraph\"><strong>Gasheizung (RIELLO G20 Brenner)<\/strong>: 15KW Leistung, wirtschaftlicher Betrieb, ideal f\u00fcr Gebiete mit stabiler und kosteng\u00fcnstiger Gasversorgung.<\/p>\n<\/li>\n<li>\n<p class=\"ds-markdown-paragraph\"><strong>Elektroheizung (30KW Halogen-Infrarot)<\/strong>: Schnelle, gleichm\u00e4\u00dfige Erw\u00e4rmung, Erreichen von 40\u00b0C in 5-8 Minuten, perfekt f\u00fcr Standorte mit niedrigen Stromkosten oder Anforderungen an schnelles Hochfahren und pr\u00e4zise Temperaturkontrolle.<\/p>\n<\/li>\n<li>\n<p class=\"ds-markdown-paragraph\"><strong>Freie Umschaltung<\/strong>: W\u00e4hlen Sie in Echtzeit den kosteng\u00fcnstigsten oder geeignetsten Heizmodus basierend auf Energiepreisen, Arbeitsanforderungen oder Saison, und behalten Sie die volle Kontrolle \u00fcber die Betriebskosten.<\/p>\n<\/li>\n<\/ul>\n<\/li>\n<li>\n<p class=\"ds-markdown-paragraph\"><strong>Unvergleichliche Prozessanpassungsf\u00e4higkeit &amp; Produktionssicherheit<\/strong>:<\/p>\n<ul>\n<li>\n<p class=\"ds-markdown-paragraph\">W\u00e4hlen Sie die optimale Heizmethode f\u00fcr verschiedene Beschichtungsmaterialien.<\/p>\n<\/li>\n<li>\n<p class=\"ds-markdown-paragraph\">Fahren Sie die Produktion mit dem Sekund\u00e4rsystem fort, falls das Prim\u00e4rsystem gewartet werden muss oder ausf\u00e4llt, um Ausfallzeiten zu minimieren.<\/p>\n<\/li>\n<\/ul>\n<\/li>\n<\/ol>\n<p class=\"ds-markdown-paragraph\"><strong>Au\u00dfergew\u00f6hnliche Hardware- &amp; Raumgestaltung:<\/strong><\/p>\n<ul>\n<li>\n<p class=\"ds-markdown-paragraph\"><strong>\u00dcberdimensionierte robuste Konstruktion<\/strong>:<\/p>\n<ul>\n<li>\n<p class=\"ds-markdown-paragraph\"><strong>Verst\u00e4rkter Keller<\/strong>: Merkmale\u00a0<strong>f\u00fcnf Reihen<\/strong>\u00a0aus verzinkten Stahl-Flachgitter (\u00fcberschreitet die Standard-Drei), bietet \u00fcberlegene Lastverteilung und Haltbarkeit.<\/p>\n<\/li>\n<li>\n<p class=\"ds-markdown-paragraph\"><strong>Ger\u00e4umiges Inneres<\/strong>: 8000\u00d74500\u00d73000mm Innenraum bietet ausreichend Platz f\u00fcr gro\u00dfe SUVs, leichte Nutzfahrzeuge und gro\u00dfe Werkst\u00fccke.<\/p>\n<\/li>\n<\/ul>\n<\/li>\n<li>\n<p class=\"ds-markdown-paragraph\"><strong>Effizienter &amp; Zuverl\u00e4ssiger Energie-Kern<\/strong>:<\/p>\n<ul>\n<li>\n<p class=\"ds-markdown-paragraph\"><strong>Markenbel\u00fcftung<\/strong>: Verwendet \u201cJiangsu Hengkang\u201d Marken-Kupfermotorl\u00fcfter. Die Zufuhr (2\u00d74KW, 14.000-15.500 m\u00b3\/h) und Abluftsysteme (1\u00d75,5KW, 19.000 m\u00b3\/h) sind stabil, effizient und langlebig.<\/p>\n<\/li>\n<li>\n<p class=\"ds-markdown-paragraph\"><strong>Intelligente Steuerung<\/strong>: Integriertes System steuert beide Heizsysteme unabh\u00e4ngig f\u00fcr Temperatur und Zeit.<\/p>\n<\/li>\n<\/ul>\n<\/li>\n<li>\n<p class=\"ds-markdown-paragraph\"><strong>St\u00e4ndig Saubere Umgebung<\/strong>:<\/p>\n<ul>\n<li>\n<p class=\"ds-markdown-paragraph\">Pflegt ein dreistufiges Filtersystem f\u00fcr eine saubere Lackierumgebung.<\/p>\n<\/li>\n<li>\n<p class=\"ds-markdown-paragraph\">Steinwolle-isoliertes L\u00fcftergeh\u00e4use sorgt f\u00fcr thermische Effizienz.<\/p>\n<\/li>\n<\/ul>\n<\/li>\n<\/ul>\n<p class=\"ds-markdown-paragraph\"><strong>Technische Daten\u00fcbersicht:<\/strong><\/p>\n<ul>\n<li>\n<p class=\"ds-markdown-paragraph\"><strong>Modell<\/strong>: ATK-008DE<\/p>\n<\/li>\n<li>\n<p class=\"ds-markdown-paragraph\"><strong>Extern\/Intern<\/strong>: 8100\u00d74600\u00d73750mm \/ 8000\u00d74500\u00d73000mm<\/p>\n<\/li>\n<li>\n<p class=\"ds-markdown-paragraph\"><strong>Heizung<\/strong>:\u00a0<strong>Doppel-System<\/strong>\u00a0\u2013 Gas (RIELLO G20) + Elektrisch (30KW Halogen-Infrarot)<\/p>\n<\/li>\n<li>\n<p class=\"ds-markdown-paragraph\"><strong>Bel\u00fcftung<\/strong>: Kupfermotorl\u00fcfter von Jiangsu Hengkang, Zufuhr 2\u00d74KW, Abluft 1\u00d75,5KW<\/p>\n<\/li>\n<li>\n<p class=\"ds-markdown-paragraph\"><strong>Keller<\/strong>: F\u00fcnf-Reihen verst\u00e4rkte verzinkte Stahlgitter.<\/p>\n<\/li>\n<li>\n<p class=\"ds-markdown-paragraph\"><strong>Verpackung<\/strong>: ~19 CBM, passt in Standardcontainer.<\/p>\n<\/li>\n<\/ul>\n<p class=\"ds-markdown-paragraph\"><strong>Ideal F\u00fcr:<\/strong><\/p>\n<ul>\n<li>\n<p class=\"ds-markdown-paragraph\">Gro\u00dfe Automobilreparaturgruppen, Premium 4S-Werkstattlackzentren.<\/p>\n<\/li>\n<li>\n<p class=\"ds-markdown-paragraph\">Kernwartungslager f\u00fcr Bus-, Logistik- und Spezialfahrzeugflotten.<\/p>\n<\/li>\n<li>\n<p class=\"ds-markdown-paragraph\">Industrielle Beschichtungsanlagen mit Null-Toleranz f\u00fcr Ausfallzeiten.<\/p>\n<\/li>\n<li>\n<p class=\"ds-markdown-paragraph\">Investoren in Regionen mit wechselnden Energiem\u00e4rkten oder volatilen Preisen.<\/p>\n<\/li>\n<li>\n<p class=\"ds-markdown-paragraph\">Kundenspezifische Dienstleister, die vielf\u00e4ltige, hochspezifizierte Lackieraufgaben \u00fcbernehmen.<\/p>\n<\/li>\n<\/ul>\n<p class=\"ds-markdown-paragraph\">Der ATK-008DE stellt unsere erstklassige Antwort auf die Kernbed\u00fcrfnisse der Kunden dar:\u00a0<strong>Flexibilit\u00e4t, Zuverl\u00e4ssigkeit und Kostenkontrolle<\/strong>. Es ist nicht nur eine Ausr\u00fcstung, sondern eine strategische Investition in die Widerstandsf\u00e4higkeit des Gesch\u00e4fts. Unser Technikteam kann eine detaillierte ROI-Analyse beider Heizmodi f\u00fcr Ihren spezifischen Fall bereitstellen und CIF-Service-L\u00f6sungen f\u00fcr gro\u00dfe globale H\u00e4fen anbieten.<\/p>","protected":false},"excerpt":{"rendered":"<p>Der ATK-008DE ist unsere Flaggschiff-Spritzkabine, die innovativ unabh\u00e4ngige Gas- und Elektroheizungssysteme integriert. Benutzer k\u00f6nnen je nach Kosten, Prozessanforderungen oder Energieverf\u00fcgbarkeit den Heizmodus frei w\u00e4hlen. In Kombination mit einem 8,1 m gro\u00dfen Extra-Raum und einem f\u00fcnfreihigen verst\u00e4rkten Gitterboden bietet er unvergleichliche Flexibilit\u00e4t und Zuverl\u00e4ssigkeit f\u00fcr die Reparatur von Nutzfahrzeugen und hochwertige industrielle Beschichtungen.<\/p>","protected":false},"featured_media":3200,"comment_status":"open","ping_status":"closed","template":"","meta":[],"product_brand":[76],"product_cat":[60,59],"product_tag":[73,63,72,69,68,70,84,83],"class_list":{"0":"post-3223","1":"product","2":"type-product","3":"status-publish","4":"has-post-thumbnail","6":"product_brand-autoke","7":"product_cat-car-spray-booth","8":"product_cat-spray-booth","9":"product_tag-automotive-spray-booth-manufacturer","10":"product_tag-car-spray-booth","11":"product_tag-car-spray-booth-factory","12":"product_tag-ce-car-spray-booth","13":"product_tag-customized-car-spray-booth","14":"product_tag-high-quality-spray-booths","15":"product_tag-industrial-coating","16":"product_tag-paint-booth-solutions","18":"first","19":"instock","20":"shipping-taxable","21":"product-type-simple"},"yoast_head":"<!-- This site is optimized with the Yoast SEO plugin v27.4 - https:\/\/yoast.com\/product\/yoast-seo-wordpress\/ -->\n<title>ATK-008DE Premium 8m Dual-Mode Heating Spray Booth | Gas + Electric Dual Systems | Extra-Wide Workspace | Adapts to Variable Processes &amp; Energy Supplies - Autoke-China Paint Booth Manufacturer<\/title>\n<meta name=\"robots\" content=\"index, follow, max-snippet:-1, max-image-preview:large, max-video-preview:-1\" \/>\n<link rel=\"canonical\" href=\"https:\/\/sprayboothmanufacturer.com\/de\/product\/premium-8m-dual-mode-heating-spray-booth\/\" \/>\n<meta property=\"og:locale\" content=\"de_DE\" \/>\n<meta property=\"og:type\" content=\"article\" \/>\n<meta property=\"og:title\" content=\"ATK-008DE Premium 8m Dual-Mode Heating Spray Booth | Gas + Electric Dual Systems | Extra-Wide Workspace | Adapts to Variable Processes &amp; Energy Supplies - Autoke-China Paint Booth Manufacturer\" \/>\n<meta property=\"og:description\" content=\"The ATK-008DE is our flagship spray booth, innovatively integrating independent gas and electric heating systems. Users can freely choose the heating mode based on cost, process needs, or energy availability. Combined with an 8.1m extra-large space and a five-row reinforced grate basement, it offers unparalleled flexibility and reliability for commercial vehicle repair and high-end industrial coating.\" \/>\n<meta property=\"og:url\" content=\"https:\/\/sprayboothmanufacturer.com\/de\/product\/premium-8m-dual-mode-heating-spray-booth\/\" \/>\n<meta property=\"og:site_name\" content=\"Autoke-China Paint Booth Manufacturer\" \/>\n<meta property=\"og:image\" content=\"https:\/\/sprayboothmanufacturer.com\/wp-content\/uploads\/2026\/02\/32.png\" \/>\n\t<meta property=\"og:image:width\" content=\"800\" \/>\n\t<meta property=\"og:image:height\" content=\"800\" \/>\n\t<meta property=\"og:image:type\" content=\"image\/png\" \/>\n<meta name=\"twitter:card\" content=\"summary_large_image\" \/>\n<meta name=\"twitter:label1\" content=\"Gesch\u00e4tzte Lesezeit\" \/>\n\t<meta name=\"twitter:data1\" content=\"3\u00a0Minuten\" \/>\n<script type=\"application\/ld+json\" class=\"yoast-schema-graph\">{\"@context\":\"https:\\\/\\\/schema.org\",\"@graph\":[{\"@type\":\"WebPage\",\"@id\":\"https:\\\/\\\/sprayboothmanufacturer.com\\\/product\\\/premium-8m-dual-mode-heating-spray-booth\\\/\",\"url\":\"https:\\\/\\\/sprayboothmanufacturer.com\\\/product\\\/premium-8m-dual-mode-heating-spray-booth\\\/\",\"name\":\"ATK-008DE Premium 8m Dual-Mode Heating Spray Booth | Gas + Electric Dual Systems | Extra-Wide Workspace | Adapts to Variable Processes & Energy Supplies - Autoke-China Paint Booth Manufacturer\",\"isPartOf\":{\"@id\":\"https:\\\/\\\/sprayboothmanufacturer.com\\\/#website\"},\"primaryImageOfPage\":{\"@id\":\"https:\\\/\\\/sprayboothmanufacturer.com\\\/product\\\/premium-8m-dual-mode-heating-spray-booth\\\/#primaryimage\"},\"image\":{\"@id\":\"https:\\\/\\\/sprayboothmanufacturer.com\\\/product\\\/premium-8m-dual-mode-heating-spray-booth\\\/#primaryimage\"},\"thumbnailUrl\":\"https:\\\/\\\/sprayboothmanufacturer.com\\\/wp-content\\\/uploads\\\/2026\\\/02\\\/32.png\",\"datePublished\":\"2026-02-04T08:11:53+00:00\",\"breadcrumb\":{\"@id\":\"https:\\\/\\\/sprayboothmanufacturer.com\\\/product\\\/premium-8m-dual-mode-heating-spray-booth\\\/#breadcrumb\"},\"inLanguage\":\"de\",\"potentialAction\":[{\"@type\":\"ReadAction\",\"target\":[\"https:\\\/\\\/sprayboothmanufacturer.com\\\/product\\\/premium-8m-dual-mode-heating-spray-booth\\\/\"]}]},{\"@type\":\"ImageObject\",\"inLanguage\":\"de\",\"@id\":\"https:\\\/\\\/sprayboothmanufacturer.com\\\/product\\\/premium-8m-dual-mode-heating-spray-booth\\\/#primaryimage\",\"url\":\"https:\\\/\\\/sprayboothmanufacturer.com\\\/wp-content\\\/uploads\\\/2026\\\/02\\\/32.png\",\"contentUrl\":\"https:\\\/\\\/sprayboothmanufacturer.com\\\/wp-content\\\/uploads\\\/2026\\\/02\\\/32.png\",\"width\":800,\"height\":800},{\"@type\":\"BreadcrumbList\",\"@id\":\"https:\\\/\\\/sprayboothmanufacturer.com\\\/product\\\/premium-8m-dual-mode-heating-spray-booth\\\/#breadcrumb\",\"itemListElement\":[{\"@type\":\"ListItem\",\"position\":1,\"name\":\"Home\",\"item\":\"https:\\\/\\\/sprayboothmanufacturer.com\\\/\"},{\"@type\":\"ListItem\",\"position\":2,\"name\":\"\u4ea7\u54c1\",\"item\":\"https:\\\/\\\/sprayboothmanufacturer.com\\\/shop__trashed\\\/\"},{\"@type\":\"ListItem\",\"position\":3,\"name\":\"ATK-008DE Premium 8m Dual-Mode Heating Spray Booth | Gas + Electric Dual Systems | Extra-Wide Workspace | Adapts to Variable Processes &#038; Energy Supplies\"}]},{\"@type\":\"WebSite\",\"@id\":\"https:\\\/\\\/sprayboothmanufacturer.com\\\/#website\",\"url\":\"https:\\\/\\\/sprayboothmanufacturer.com\\\/\",\"name\":\"Autoke-China Paint Booth Manufacturer\",\"description\":\"\",\"publisher\":{\"@id\":\"https:\\\/\\\/sprayboothmanufacturer.com\\\/#organization\"},\"potentialAction\":[{\"@type\":\"SearchAction\",\"target\":{\"@type\":\"EntryPoint\",\"urlTemplate\":\"https:\\\/\\\/sprayboothmanufacturer.com\\\/?s={search_term_string}\"},\"query-input\":{\"@type\":\"PropertyValueSpecification\",\"valueRequired\":true,\"valueName\":\"search_term_string\"}}],\"inLanguage\":\"de\"},{\"@type\":\"Organization\",\"@id\":\"https:\\\/\\\/sprayboothmanufacturer.com\\\/#organization\",\"name\":\"Autoke-China Paint Booth Manufacturer\",\"url\":\"https:\\\/\\\/sprayboothmanufacturer.com\\\/\",\"logo\":{\"@type\":\"ImageObject\",\"inLanguage\":\"de\",\"@id\":\"https:\\\/\\\/sprayboothmanufacturer.com\\\/#\\\/schema\\\/logo\\\/image\\\/\",\"url\":\"https:\\\/\\\/sprayboothmanufacturer.com\\\/wp-content\\\/uploads\\\/2025\\\/12\\\/\u5fae\u4fe1\u56fe\u7247_20260113195103_1750_4-scaled-e1768394147958.png\",\"contentUrl\":\"https:\\\/\\\/sprayboothmanufacturer.com\\\/wp-content\\\/uploads\\\/2025\\\/12\\\/\u5fae\u4fe1\u56fe\u7247_20260113195103_1750_4-scaled-e1768394147958.png\",\"width\":1740,\"height\":538,\"caption\":\"Autoke-China Paint Booth Manufacturer\"},\"image\":{\"@id\":\"https:\\\/\\\/sprayboothmanufacturer.com\\\/#\\\/schema\\\/logo\\\/image\\\/\"}}]}<\/script>\n<!-- \/ Yoast SEO plugin. -->","yoast_head_json":{"title":"ATK-008DE Premium 8m Dual-Mode-Hei\u00dfspr\u00fchkabine | Gas- + Elektrik-Doppelsysteme | Extra-breiter Arbeitsbereich | Passt sich variablen Prozessen &amp; Energieversorgungen an - Autoke-China Lackierkabinenhersteller","robots":{"index":"index","follow":"follow","max-snippet":"max-snippet:-1","max-image-preview":"max-image-preview:large","max-video-preview":"max-video-preview:-1"},"canonical":"https:\/\/sprayboothmanufacturer.com\/de\/product\/premium-8m-dual-mode-heating-spray-booth\/","og_locale":"de_DE","og_type":"article","og_title":"ATK-008DE Premium 8m Dual-Mode Heating Spray Booth | Gas + Electric Dual Systems | Extra-Wide Workspace | Adapts to Variable Processes & Energy Supplies - Autoke-China Paint Booth Manufacturer","og_description":"The ATK-008DE is our flagship spray booth, innovatively integrating independent gas and electric heating systems. Users can freely choose the heating mode based on cost, process needs, or energy availability. Combined with an 8.1m extra-large space and a five-row reinforced grate basement, it offers unparalleled flexibility and reliability for commercial vehicle repair and high-end industrial coating.","og_url":"https:\/\/sprayboothmanufacturer.com\/de\/product\/premium-8m-dual-mode-heating-spray-booth\/","og_site_name":"Autoke-China Paint Booth Manufacturer","og_image":[{"width":800,"height":800,"url":"https:\/\/sprayboothmanufacturer.com\/wp-content\/uploads\/2026\/02\/32.png","type":"image\/png"}],"twitter_card":"summary_large_image","twitter_misc":{"Gesch\u00e4tzte Lesezeit":"3\u00a0Minuten"},"schema":{"@context":"https:\/\/schema.org","@graph":[{"@type":"WebPage","@id":"https:\/\/sprayboothmanufacturer.com\/product\/premium-8m-dual-mode-heating-spray-booth\/","url":"https:\/\/sprayboothmanufacturer.com\/product\/premium-8m-dual-mode-heating-spray-booth\/","name":"ATK-008DE Premium 8m Dual-Mode-Hei\u00dfspr\u00fchkabine | Gas- + Elektrik-Doppelsysteme | Extra-breiter Arbeitsbereich | Passt sich variablen Prozessen &amp; Energieversorgungen an - Autoke-China Lackierkabinenhersteller","isPartOf":{"@id":"https:\/\/sprayboothmanufacturer.com\/#website"},"primaryImageOfPage":{"@id":"https:\/\/sprayboothmanufacturer.com\/product\/premium-8m-dual-mode-heating-spray-booth\/#primaryimage"},"image":{"@id":"https:\/\/sprayboothmanufacturer.com\/product\/premium-8m-dual-mode-heating-spray-booth\/#primaryimage"},"thumbnailUrl":"https:\/\/sprayboothmanufacturer.com\/wp-content\/uploads\/2026\/02\/32.png","datePublished":"2026-02-04T08:11:53+00:00","breadcrumb":{"@id":"https:\/\/sprayboothmanufacturer.com\/product\/premium-8m-dual-mode-heating-spray-booth\/#breadcrumb"},"inLanguage":"de","potentialAction":[{"@type":"ReadAction","target":["https:\/\/sprayboothmanufacturer.com\/product\/premium-8m-dual-mode-heating-spray-booth\/"]}]},{"@type":"ImageObject","inLanguage":"de","@id":"https:\/\/sprayboothmanufacturer.com\/product\/premium-8m-dual-mode-heating-spray-booth\/#primaryimage","url":"https:\/\/sprayboothmanufacturer.com\/wp-content\/uploads\/2026\/02\/32.png","contentUrl":"https:\/\/sprayboothmanufacturer.com\/wp-content\/uploads\/2026\/02\/32.png","width":800,"height":800},{"@type":"BreadcrumbList","@id":"https:\/\/sprayboothmanufacturer.com\/product\/premium-8m-dual-mode-heating-spray-booth\/#breadcrumb","itemListElement":[{"@type":"ListItem","position":1,"name":"Home","item":"https:\/\/sprayboothmanufacturer.com\/"},{"@type":"ListItem","position":2,"name":"\u4ea7\u54c1","item":"https:\/\/sprayboothmanufacturer.com\/shop__trashed\/"},{"@type":"ListItem","position":3,"name":"ATK-008DE Premium 8m Dual-Mode Heating Spray Booth | Gas + Electric Dual Systems | Extra-Wide Workspace | Adapts to Variable Processes &#038; Energy Supplies"}]},{"@type":"WebSite","@id":"https:\/\/sprayboothmanufacturer.com\/#website","url":"https:\/\/sprayboothmanufacturer.com\/","name":"Autoke-Deutschland Lackierkabinenhersteller","description":"","publisher":{"@id":"https:\/\/sprayboothmanufacturer.com\/#organization"},"potentialAction":[{"@type":"SearchAction","target":{"@type":"EntryPoint","urlTemplate":"https:\/\/sprayboothmanufacturer.com\/?s={search_term_string}"},"query-input":{"@type":"PropertyValueSpecification","valueRequired":true,"valueName":"search_term_string"}}],"inLanguage":"de"},{"@type":"Organization","@id":"https:\/\/sprayboothmanufacturer.com\/#organization","name":"Autoke-Deutschland Lackierkabinenhersteller","url":"https:\/\/sprayboothmanufacturer.com\/","logo":{"@type":"ImageObject","inLanguage":"de","@id":"https:\/\/sprayboothmanufacturer.com\/#\/schema\/logo\/image\/","url":"https:\/\/sprayboothmanufacturer.com\/wp-content\/uploads\/2025\/12\/\u5fae\u4fe1\u56fe\u7247_20260113195103_1750_4-scaled-e1768394147958.png","contentUrl":"https:\/\/sprayboothmanufacturer.com\/wp-content\/uploads\/2025\/12\/\u5fae\u4fe1\u56fe\u7247_20260113195103_1750_4-scaled-e1768394147958.png","width":1740,"height":538,"caption":"Autoke-China Paint Booth Manufacturer"},"image":{"@id":"https:\/\/sprayboothmanufacturer.com\/#\/schema\/logo\/image\/"}}]}},"_links":{"self":[{"href":"https:\/\/sprayboothmanufacturer.com\/de\/wp-json\/wp\/v2\/product\/3223","targetHints":{"allow":["GET"]}}],"collection":[{"href":"https:\/\/sprayboothmanufacturer.com\/de\/wp-json\/wp\/v2\/product"}],"about":[{"href":"https:\/\/sprayboothmanufacturer.com\/de\/wp-json\/wp\/v2\/types\/product"}],"replies":[{"embeddable":true,"href":"https:\/\/sprayboothmanufacturer.com\/de\/wp-json\/wp\/v2\/comments?post=3223"}],"version-history":[{"count":1,"href":"https:\/\/sprayboothmanufacturer.com\/de\/wp-json\/wp\/v2\/product\/3223\/revisions"}],"predecessor-version":[{"id":3224,"href":"https:\/\/sprayboothmanufacturer.com\/de\/wp-json\/wp\/v2\/product\/3223\/revisions\/3224"}],"wp:featuredmedia":[{"embeddable":true,"href":"https:\/\/sprayboothmanufacturer.com\/de\/wp-json\/wp\/v2\/media\/3200"}],"wp:attachment":[{"href":"https:\/\/sprayboothmanufacturer.com\/de\/wp-json\/wp\/v2\/media?parent=3223"}],"wp:term":[{"taxonomy":"product_brand","embeddable":true,"href":"https:\/\/sprayboothmanufacturer.com\/de\/wp-json\/wp\/v2\/product_brand?post=3223"},{"taxonomy":"product_cat","embeddable":true,"href":"https:\/\/sprayboothmanufacturer.com\/de\/wp-json\/wp\/v2\/product_cat?post=3223"},{"taxonomy":"product_tag","embeddable":true,"href":"https:\/\/sprayboothmanufacturer.com\/de\/wp-json\/wp\/v2\/product_tag?post=3223"}],"curies":[{"name":"wp","href":"https:\/\/api.w.org\/{rel}","templated":true}]}}