{"id":3221,"date":"2026-02-04T08:00:56","date_gmt":"2026-02-04T08:00:56","guid":{"rendered":"https:\/\/sprayboothmanufacturer.com\/?post_type=product&#038;p=3221"},"modified":"2026-02-04T08:00:56","modified_gmt":"2026-02-04T08:00:56","slug":"economical-6m-standard-spray-booth","status":"publish","type":"product","link":"https:\/\/sprayboothmanufacturer.com\/de\/product\/economical-6m-standard-spray-booth\/","title":{"rendered":"ATK-006B Economische 6m Standard-Spr\u00fchkabine | Kein-Heizungs-Basismodell | Effiziente Bel\u00fcftung &amp; Filtration | Ideal f\u00fcr schnelle Autoreparatur &amp; Karosseriewerkstatt-Eintritt"},"content":{"rendered":"<table style=\"height: 288px;\" width=\"789\">\n<tbody>\n<tr>\n<td width=\"142\"><strong><b>Mindestbestellmenge :<\/b><\/strong><\/td>\n<td width=\"142\">1 St\u00fcck<\/td>\n<td width=\"142\"><strong><b>Preis :<\/b><\/strong><\/td>\n<td width=\"142\">Verhandlungssache<\/td>\n<\/tr>\n<tr>\n<td width=\"142\"><strong><b>Verpackungsdetails :<\/b><\/strong><\/td>\n<td width=\"142\">40G oder 20GP\/Einheit<\/td>\n<td width=\"142\"><strong><b>Lieferzeit :<\/b><\/strong><\/td>\n<td width=\"142\">15 Tage, Verhandlungssache<\/td>\n<\/tr>\n<tr>\n<td width=\"142\"><strong><b>Zahlungsbedingungen :<\/b><\/strong><\/td>\n<td width=\"142\">L\/C, T\/T<\/td>\n<td width=\"142\"><strong><b>Lieferf\u00e4higkeit :<\/b><\/strong><\/td>\n<td width=\"142\">50 Einheiten\/Einheiten pro Monat Industrielle Spr\u00fchkabine Bus-Spr\u00fchkabine<\/td>\n<\/tr>\n<tr>\n<td width=\"142\"><strong><b>Herkunftsland:<\/b><\/strong><\/td>\n<td width=\"142\">Jiangsu, China<\/td>\n<td width=\"142\"><strong><b>Markenname:<\/b><\/strong><\/td>\n<td width=\"142\">Autoke<\/td>\n<\/tr>\n<tr>\n<td width=\"142\"><strong><b>Zertifizierung:<\/b><\/strong><\/td>\n<td width=\"142\">CE<\/td>\n<td width=\"142\"><strong><b>Modellnummer:<\/b><\/strong><\/td>\n<td width=\"142\"><strong>ATK-006B<\/strong><\/td>\n<\/tr>\n<\/tbody>\n<\/table>\n<p class=\"ds-markdown-paragraph\"><strong>ATK-006B | 6m Economische Standard-Spr\u00fchkabine: Fokus auf Kernfunktionalit\u00e4t, hohe Wertsch\u00f6pfung<\/strong><\/p>\n<p class=\"ds-markdown-paragraph\">Der ATK-006B ist eine kosteng\u00fcnstige Spr\u00fchkabine, die f\u00fcr Start-up-Autoreparaturwerkst\u00e4tten, kleine Karosseriewerkst\u00e4tten, Ausbildungseinrichtungen und Nutzer mit minimalen Backanforderungen entwickelt wurde. Durch den Verzicht auf das Heizmodul konzentriert sie die Investition auf die Kernbereiche\u2014Bel\u00fcftung, Filtration und Verarbeitungsqualit\u00e4t\u2014und bietet einen professionellen, sauberen und sicheren Arbeitsplatz zum Lackieren zu einem \u00e4u\u00dferst wettbewerbsf\u00e4higen Anfangspreis.<\/p>\n<p class=\"ds-markdown-paragraph\"><strong>Kernpositionierung &amp; Vorteile:<\/strong><\/p>\n<ul>\n<li>\n<p class=\"ds-markdown-paragraph\"><strong>Optimiert f\u00fcr Kosten<\/strong>:<\/p>\n<ul>\n<li>\n<p class=\"ds-markdown-paragraph\">Entfernt die Heizung, um sowohl den Kaufpreis als auch die laufenden Energiekosten erheblich zu senken, ideal f\u00fcr budgetbewusste Nutzer, die in den Markt einsteigen.<\/p>\n<\/li>\n<li>\n<p class=\"ds-markdown-paragraph\">Geeignet f\u00fcr Umgebungen mit gem\u00e4\u00dfigten Temperaturen, in denen lufttrocknende oder schnell trocknende Lacke verwendet werden, oder in denen keine erzwungene Aush\u00e4rtung erforderlich ist.<\/p>\n<\/li>\n<\/ul>\n<\/li>\n<li>\n<p class=\"ds-markdown-paragraph\"><strong>Professionelle Bel\u00fcftung &amp; Sauberkeit<\/strong>:<\/p>\n<ul>\n<li>\n<p class=\"ds-markdown-paragraph\"><strong>Volle Leistung Bel\u00fcftung<\/strong>: Beibehaltung der 2\u00d74KW-Doppelansaug-Zentrifugall\u00fcfter (30.000 m\u00b3\/h Gesamtzufuhr) und eines 5,5KW-Abluftventilators (19.000 m\u00b3\/h), um Overspray und VOCs schnell zu entfernen und die Sicherheit des Bedieners sowie die Luftqualit\u00e4t zu gew\u00e4hrleisten.<\/p>\n<\/li>\n<li>\n<p class=\"ds-markdown-paragraph\"><strong>Vollst\u00e4ndige Filtration<\/strong>: Ausgestattet mit dem vollst\u00e4ndigen dreistufigen Filtersystem (Prim\u00e4r &gt;10\u03bcm, Decke &gt;4\u03bcm @ &gt;98% Effizienz, Boden mehrlagiges Fiberglas), das eine saubere Luftzufuhr f\u00fcr hochwertige Oberfl\u00e4chen garantiert.<\/p>\n<\/li>\n<\/ul>\n<\/li>\n<li>\n<p class=\"ds-markdown-paragraph\"><strong>Robuste &amp; langlebige Konstruktion<\/strong>:<\/p>\n<ul>\n<li>\n<p class=\"ds-markdown-paragraph\">Gleich\u00a0<strong>doppellagige feuerfeste Farbstahl-Rockwool-Paneele<\/strong>\u00a0(Dichte 100KG\/m\u00b3) wie Premium-Modelle, die Isolierung, Schalld\u00e4mmung und Feuerbest\u00e4ndigkeit bieten.<\/p>\n<\/li>\n<li>\n<p class=\"ds-markdown-paragraph\"><strong>Verst\u00e4rkter Keller<\/strong>\u00a0aus verzinkten Stahlblechen und Quadratrohren gefertigt, mit 4 Hilfsbeinen f\u00fcr eine Tragf\u00e4higkeit von \u00fcber 5 Tonnen.<\/p>\n<\/li>\n<li>\n<p class=\"ds-markdown-paragraph\"><strong>Modulares verzinktes Stahlventilator-Geh\u00e4use<\/strong>\u00a0(1.1*2.2m) bietet flexible Platzierungsm\u00f6glichkeiten (links\/rechts\/hinten).<\/p>\n<\/li>\n<\/ul>\n<\/li>\n<li>\n<p class=\"ds-markdown-paragraph\"><strong>Vollst\u00e4ndige Grundfunktionen<\/strong>:<\/p>\n<ul>\n<li>\n<p class=\"ds-markdown-paragraph\"><strong>Professionelle Beleuchtung<\/strong>: 24x 18W LED-Deckenleuchten (45\u00b0 Winkel) und 8x 48W Seitenwand-LED-Leuchten f\u00fcr gleichm\u00e4\u00dfige, schattenfreie Beleuchtung.<\/p>\n<\/li>\n<li>\n<p class=\"ds-markdown-paragraph\"><strong>Intelligente Steuerung<\/strong>: Standard integriertes Steuerpult mit Beleuchtung, Spr\u00fchmodus, Ventilatorensteuerung und Not-Aus-Funktion.<\/p>\n<\/li>\n<\/ul>\n<\/li>\n<\/ul>\n<p class=\"ds-markdown-paragraph\"><strong>Technische Daten\u00fcbersicht:<\/strong><\/p>\n<ul>\n<li>\n<p class=\"ds-markdown-paragraph\"><strong>Modell<\/strong>: ATK-006B<\/p>\n<\/li>\n<li>\n<p class=\"ds-markdown-paragraph\"><strong>Externe\/Innentoleranzen<\/strong>: 6000\u00d74000\u00d73500mm \/ 5900\u00d73900\u00d72800mm<\/p>\n<\/li>\n<li>\n<p class=\"ds-markdown-paragraph\"><strong>Heizung<\/strong>: Keine<\/p>\n<\/li>\n<li>\n<p class=\"ds-markdown-paragraph\"><strong>Bel\u00fcftungsleistung<\/strong>: Versorgung 2\u00d74KW + Abluft 1\u00d75,5KW<\/p>\n<\/li>\n<li>\n<p class=\"ds-markdown-paragraph\"><strong>Gesamtleistung Elektrisch<\/strong>: F\u00fcr Bel\u00fcftung, Beleuchtung und Steuerung (deutlich niedriger als Heizmodelle).<\/p>\n<\/li>\n<li>\n<p class=\"ds-markdown-paragraph\"><strong>Verpackung<\/strong>: ~19 CBM, passt in Standardcontainer (3 Einheiten in einem 40HQ).<\/p>\n<\/li>\n<\/ul>\n<p class=\"ds-markdown-paragraph\"><strong>Ideal F\u00fcr:<\/strong><\/p>\n<ul>\n<li>\n<p class=\"ds-markdown-paragraph\">Neue Schnellservice-Shops, kleine Karosserie- und Lackierwerkst\u00e4tten.<\/p>\n<\/li>\n<li>\n<p class=\"ds-markdown-paragraph\">Berufsschulen und Ausbildungszentren f\u00fcr Kfz-Reparatur.<\/p>\n<\/li>\n<li>\n<p class=\"ds-markdown-paragraph\">Flottenwartungspunkte f\u00fcr lokale Reparaturen und Lackierungen.<\/p>\n<\/li>\n<li>\n<p class=\"ds-markdown-paragraph\">Regionen mit konstant warmem Klima, in denen zus\u00e4tzliche Heizung unn\u00f6tig ist (z.B. Teile Europas, Nahost, Afrika).<\/p>\n<\/li>\n<li>\n<p class=\"ds-markdown-paragraph\">Als zus\u00e4tzliche Spr\u00fchstation in bestehenden Werkst\u00e4tten f\u00fcr nicht-backende Lackierarbeiten.<\/p>\n<\/li>\n<\/ul>\n<p class=\"ds-markdown-paragraph\"><strong>Zuk\u00fcnftiger Upgrade-Pfad:<\/strong><br \/>\nDer ATK-006B ist flexibel gestaltet. Standardm\u00e4\u00dfige elektrische und strukturelle Schnittstellen erm\u00f6glichen eine einfache zuk\u00fcnftige Nachr\u00fcstung mit\u00a0<strong>elektrisch<\/strong>\u00a0or\u00a0<strong>Diesel-\/Gasheizmodule<\/strong>, sch\u00fctzt Ihre Anfangsinvestition, w\u00e4hrend Ihr Gesch\u00e4ft w\u00e4chst.<\/p>\n<p class=\"ds-markdown-paragraph\">Der ATK-006B zeigt, dass eine professionelle Lackierumgebung erschwinglich sein kann. Wir verpflichten uns, optimale L\u00f6sungen f\u00fcr jede Phase und jedes Budget anzubieten. Kontaktieren Sie unsere technischen Berater f\u00fcr eine kostenlose Bewertung, ob dieses Modell zu Ihrem Prozess passt oder um zuk\u00fcnftige Upgrade-Optionen zu besprechen.<\/p>","protected":false},"excerpt":{"rendered":"<p>Der ATK-006B ist eine kosteneffektive 6-m-Standard-Spr\u00fchkabine, die darauf ausgelegt ist, eine saubere, stabile Lackierumgebung zu bieten. W\u00e4hrend die Heizung weggelassen wird, bleibt eine leistungsstarke Bel\u00fcftung (30.000 m\u00b3\/h) und ein dreistufiges Filtersystem erhalten, was ihn zu einer zuverl\u00e4ssigen Wahl f\u00fcr schnelle Auto-Service-Werkst\u00e4tten und Karosseriewerkst\u00e4tten in gem\u00e4\u00dfigten Klimazonen oder mit Budget\u00fcberlegungen macht.<\/p>","protected":false},"featured_media":3179,"comment_status":"open","ping_status":"closed","template":"","meta":[],"product_brand":[76],"product_cat":[60,59],"product_tag":[79,73,63,72,66,69,65,64,82],"class_list":{"0":"post-3221","1":"product","2":"type-product","3":"status-publish","4":"has-post-thumbnail","6":"product_brand-autoke","7":"product_cat-car-spray-booth","8":"product_cat-spray-booth","9":"product_tag-automotive-spray-booth","10":"product_tag-automotive-spray-booth-manufacturer","11":"product_tag-car-spray-booth","12":"product_tag-car-spray-booth-factory","13":"product_tag-car-spray-booth-manufacturer","14":"product_tag-ce-car-spray-booth","15":"product_tag-efficient-car-spray-booth","16":"product_tag-environmentally-friendly-car-spray-booth","17":"product_tag-waterproof-roof","19":"first","20":"instock","21":"shipping-taxable","22":"product-type-simple"},"yoast_head":"<!-- This site is optimized with the Yoast SEO plugin v27.4 - https:\/\/yoast.com\/product\/yoast-seo-wordpress\/ -->\n<title>ATK-006B Economical 6m Standard Spray Booth | No-Heating Basic Model | Efficient Ventilation &amp; Filtration | Ideal for Auto Quick Repair &amp; Body Shop Entry - Autoke-China Paint Booth Manufacturer<\/title>\n<meta name=\"robots\" content=\"index, follow, max-snippet:-1, max-image-preview:large, max-video-preview:-1\" \/>\n<link rel=\"canonical\" href=\"https:\/\/sprayboothmanufacturer.com\/de\/product\/economical-6m-standard-spray-booth\/\" \/>\n<meta property=\"og:locale\" content=\"de_DE\" \/>\n<meta property=\"og:type\" content=\"article\" \/>\n<meta property=\"og:title\" content=\"ATK-006B Economical 6m Standard Spray Booth | No-Heating Basic Model | Efficient Ventilation &amp; Filtration | Ideal for Auto Quick Repair &amp; Body Shop Entry - Autoke-China Paint Booth Manufacturer\" \/>\n<meta property=\"og:description\" content=\"The ATK-006B is a cost-effective 6m standard spray booth focused on delivering a clean, stable painting environment. While omitting heating, it retains powerful ventilation (30,000 m\u00b3\/h) and a three-stage filtration system, making it a reliable choice for auto quick-service shops and body shops in temperate climates or with budget considerations.\" \/>\n<meta property=\"og:url\" content=\"https:\/\/sprayboothmanufacturer.com\/de\/product\/economical-6m-standard-spray-booth\/\" \/>\n<meta property=\"og:site_name\" content=\"Autoke-China Paint Booth Manufacturer\" \/>\n<meta property=\"og:image\" content=\"https:\/\/sprayboothmanufacturer.com\/wp-content\/uploads\/2026\/02\/10.png\" \/>\n\t<meta property=\"og:image:width\" content=\"800\" \/>\n\t<meta property=\"og:image:height\" content=\"800\" \/>\n\t<meta property=\"og:image:type\" content=\"image\/png\" \/>\n<meta name=\"twitter:card\" content=\"summary_large_image\" \/>\n<meta name=\"twitter:label1\" content=\"Gesch\u00e4tzte Lesezeit\" \/>\n\t<meta name=\"twitter:data1\" content=\"3\u00a0Minuten\" \/>\n<script type=\"application\/ld+json\" class=\"yoast-schema-graph\">{\"@context\":\"https:\\\/\\\/schema.org\",\"@graph\":[{\"@type\":\"WebPage\",\"@id\":\"https:\\\/\\\/sprayboothmanufacturer.com\\\/product\\\/economical-6m-standard-spray-booth\\\/\",\"url\":\"https:\\\/\\\/sprayboothmanufacturer.com\\\/product\\\/economical-6m-standard-spray-booth\\\/\",\"name\":\"ATK-006B Economical 6m Standard Spray Booth | No-Heating Basic Model | Efficient Ventilation & Filtration | Ideal for Auto Quick Repair & Body Shop Entry - Autoke-China Paint Booth Manufacturer\",\"isPartOf\":{\"@id\":\"https:\\\/\\\/sprayboothmanufacturer.com\\\/#website\"},\"primaryImageOfPage\":{\"@id\":\"https:\\\/\\\/sprayboothmanufacturer.com\\\/product\\\/economical-6m-standard-spray-booth\\\/#primaryimage\"},\"image\":{\"@id\":\"https:\\\/\\\/sprayboothmanufacturer.com\\\/product\\\/economical-6m-standard-spray-booth\\\/#primaryimage\"},\"thumbnailUrl\":\"https:\\\/\\\/sprayboothmanufacturer.com\\\/wp-content\\\/uploads\\\/2026\\\/02\\\/10.png\",\"datePublished\":\"2026-02-04T08:00:56+00:00\",\"breadcrumb\":{\"@id\":\"https:\\\/\\\/sprayboothmanufacturer.com\\\/product\\\/economical-6m-standard-spray-booth\\\/#breadcrumb\"},\"inLanguage\":\"de\",\"potentialAction\":[{\"@type\":\"ReadAction\",\"target\":[\"https:\\\/\\\/sprayboothmanufacturer.com\\\/product\\\/economical-6m-standard-spray-booth\\\/\"]}]},{\"@type\":\"ImageObject\",\"inLanguage\":\"de\",\"@id\":\"https:\\\/\\\/sprayboothmanufacturer.com\\\/product\\\/economical-6m-standard-spray-booth\\\/#primaryimage\",\"url\":\"https:\\\/\\\/sprayboothmanufacturer.com\\\/wp-content\\\/uploads\\\/2026\\\/02\\\/10.png\",\"contentUrl\":\"https:\\\/\\\/sprayboothmanufacturer.com\\\/wp-content\\\/uploads\\\/2026\\\/02\\\/10.png\",\"width\":800,\"height\":800},{\"@type\":\"BreadcrumbList\",\"@id\":\"https:\\\/\\\/sprayboothmanufacturer.com\\\/product\\\/economical-6m-standard-spray-booth\\\/#breadcrumb\",\"itemListElement\":[{\"@type\":\"ListItem\",\"position\":1,\"name\":\"Home\",\"item\":\"https:\\\/\\\/sprayboothmanufacturer.com\\\/\"},{\"@type\":\"ListItem\",\"position\":2,\"name\":\"\u4ea7\u54c1\",\"item\":\"https:\\\/\\\/sprayboothmanufacturer.com\\\/shop__trashed\\\/\"},{\"@type\":\"ListItem\",\"position\":3,\"name\":\"ATK-006B Economical 6m Standard Spray Booth | No-Heating Basic Model | Efficient Ventilation &#038; Filtration | Ideal for Auto Quick Repair &#038; Body Shop Entry\"}]},{\"@type\":\"WebSite\",\"@id\":\"https:\\\/\\\/sprayboothmanufacturer.com\\\/#website\",\"url\":\"https:\\\/\\\/sprayboothmanufacturer.com\\\/\",\"name\":\"Autoke-China Paint Booth Manufacturer\",\"description\":\"\",\"publisher\":{\"@id\":\"https:\\\/\\\/sprayboothmanufacturer.com\\\/#organization\"},\"potentialAction\":[{\"@type\":\"SearchAction\",\"target\":{\"@type\":\"EntryPoint\",\"urlTemplate\":\"https:\\\/\\\/sprayboothmanufacturer.com\\\/?s={search_term_string}\"},\"query-input\":{\"@type\":\"PropertyValueSpecification\",\"valueRequired\":true,\"valueName\":\"search_term_string\"}}],\"inLanguage\":\"de\"},{\"@type\":\"Organization\",\"@id\":\"https:\\\/\\\/sprayboothmanufacturer.com\\\/#organization\",\"name\":\"Autoke-China Paint Booth Manufacturer\",\"url\":\"https:\\\/\\\/sprayboothmanufacturer.com\\\/\",\"logo\":{\"@type\":\"ImageObject\",\"inLanguage\":\"de\",\"@id\":\"https:\\\/\\\/sprayboothmanufacturer.com\\\/#\\\/schema\\\/logo\\\/image\\\/\",\"url\":\"https:\\\/\\\/sprayboothmanufacturer.com\\\/wp-content\\\/uploads\\\/2025\\\/12\\\/\u5fae\u4fe1\u56fe\u7247_20260113195103_1750_4-scaled-e1768394147958.png\",\"contentUrl\":\"https:\\\/\\\/sprayboothmanufacturer.com\\\/wp-content\\\/uploads\\\/2025\\\/12\\\/\u5fae\u4fe1\u56fe\u7247_20260113195103_1750_4-scaled-e1768394147958.png\",\"width\":1740,\"height\":538,\"caption\":\"Autoke-China Paint Booth Manufacturer\"},\"image\":{\"@id\":\"https:\\\/\\\/sprayboothmanufacturer.com\\\/#\\\/schema\\\/logo\\\/image\\\/\"}}]}<\/script>\n<!-- \/ Yoast SEO plugin. -->","yoast_head_json":{"title":"ATK-006B Economischer 6m Standard-Spritzkabine | Kein-Heizungs-Basismodell | Effiziente Bel\u00fcftung &amp; Filtration | Ideal f\u00fcr Auto-Reparatur &amp; Karosseriewerk-Eintritt - Autoke-China Lackierkabinenhersteller","robots":{"index":"index","follow":"follow","max-snippet":"max-snippet:-1","max-image-preview":"max-image-preview:large","max-video-preview":"max-video-preview:-1"},"canonical":"https:\/\/sprayboothmanufacturer.com\/de\/product\/economical-6m-standard-spray-booth\/","og_locale":"de_DE","og_type":"article","og_title":"ATK-006B Economical 6m Standard Spray Booth | No-Heating Basic Model | Efficient Ventilation & Filtration | Ideal for Auto Quick Repair & Body Shop Entry - Autoke-China Paint Booth Manufacturer","og_description":"The ATK-006B is a cost-effective 6m standard spray booth focused on delivering a clean, stable painting environment. While omitting heating, it retains powerful ventilation (30,000 m\u00b3\/h) and a three-stage filtration system, making it a reliable choice for auto quick-service shops and body shops in temperate climates or with budget considerations.","og_url":"https:\/\/sprayboothmanufacturer.com\/de\/product\/economical-6m-standard-spray-booth\/","og_site_name":"Autoke-China Paint Booth Manufacturer","og_image":[{"width":800,"height":800,"url":"https:\/\/sprayboothmanufacturer.com\/wp-content\/uploads\/2026\/02\/10.png","type":"image\/png"}],"twitter_card":"summary_large_image","twitter_misc":{"Gesch\u00e4tzte Lesezeit":"3\u00a0Minuten"},"schema":{"@context":"https:\/\/schema.org","@graph":[{"@type":"WebPage","@id":"https:\/\/sprayboothmanufacturer.com\/product\/economical-6m-standard-spray-booth\/","url":"https:\/\/sprayboothmanufacturer.com\/product\/economical-6m-standard-spray-booth\/","name":"ATK-006B Economischer 6m Standard-Spritzkabine | Kein-Heizungs-Basismodell | Effiziente Bel\u00fcftung &amp; Filtration | Ideal f\u00fcr Auto-Reparatur &amp; Karosseriewerk-Eintritt - Autoke-China Lackierkabinenhersteller","isPartOf":{"@id":"https:\/\/sprayboothmanufacturer.com\/#website"},"primaryImageOfPage":{"@id":"https:\/\/sprayboothmanufacturer.com\/product\/economical-6m-standard-spray-booth\/#primaryimage"},"image":{"@id":"https:\/\/sprayboothmanufacturer.com\/product\/economical-6m-standard-spray-booth\/#primaryimage"},"thumbnailUrl":"https:\/\/sprayboothmanufacturer.com\/wp-content\/uploads\/2026\/02\/10.png","datePublished":"2026-02-04T08:00:56+00:00","breadcrumb":{"@id":"https:\/\/sprayboothmanufacturer.com\/product\/economical-6m-standard-spray-booth\/#breadcrumb"},"inLanguage":"de","potentialAction":[{"@type":"ReadAction","target":["https:\/\/sprayboothmanufacturer.com\/product\/economical-6m-standard-spray-booth\/"]}]},{"@type":"ImageObject","inLanguage":"de","@id":"https:\/\/sprayboothmanufacturer.com\/product\/economical-6m-standard-spray-booth\/#primaryimage","url":"https:\/\/sprayboothmanufacturer.com\/wp-content\/uploads\/2026\/02\/10.png","contentUrl":"https:\/\/sprayboothmanufacturer.com\/wp-content\/uploads\/2026\/02\/10.png","width":800,"height":800},{"@type":"BreadcrumbList","@id":"https:\/\/sprayboothmanufacturer.com\/product\/economical-6m-standard-spray-booth\/#breadcrumb","itemListElement":[{"@type":"ListItem","position":1,"name":"Home","item":"https:\/\/sprayboothmanufacturer.com\/"},{"@type":"ListItem","position":2,"name":"\u4ea7\u54c1","item":"https:\/\/sprayboothmanufacturer.com\/shop__trashed\/"},{"@type":"ListItem","position":3,"name":"ATK-006B Economical 6m Standard Spray Booth | No-Heating Basic Model | Efficient Ventilation &#038; Filtration | Ideal for Auto Quick Repair &#038; Body Shop Entry"}]},{"@type":"WebSite","@id":"https:\/\/sprayboothmanufacturer.com\/#website","url":"https:\/\/sprayboothmanufacturer.com\/","name":"Autoke-Deutschland Lackierkabinenhersteller","description":"","publisher":{"@id":"https:\/\/sprayboothmanufacturer.com\/#organization"},"potentialAction":[{"@type":"SearchAction","target":{"@type":"EntryPoint","urlTemplate":"https:\/\/sprayboothmanufacturer.com\/?s={search_term_string}"},"query-input":{"@type":"PropertyValueSpecification","valueRequired":true,"valueName":"search_term_string"}}],"inLanguage":"de"},{"@type":"Organization","@id":"https:\/\/sprayboothmanufacturer.com\/#organization","name":"Autoke-Deutschland Lackierkabinenhersteller","url":"https:\/\/sprayboothmanufacturer.com\/","logo":{"@type":"ImageObject","inLanguage":"de","@id":"https:\/\/sprayboothmanufacturer.com\/#\/schema\/logo\/image\/","url":"https:\/\/sprayboothmanufacturer.com\/wp-content\/uploads\/2025\/12\/\u5fae\u4fe1\u56fe\u7247_20260113195103_1750_4-scaled-e1768394147958.png","contentUrl":"https:\/\/sprayboothmanufacturer.com\/wp-content\/uploads\/2025\/12\/\u5fae\u4fe1\u56fe\u7247_20260113195103_1750_4-scaled-e1768394147958.png","width":1740,"height":538,"caption":"Autoke-China Paint Booth Manufacturer"},"image":{"@id":"https:\/\/sprayboothmanufacturer.com\/#\/schema\/logo\/image\/"}}]}},"_links":{"self":[{"href":"https:\/\/sprayboothmanufacturer.com\/de\/wp-json\/wp\/v2\/product\/3221","targetHints":{"allow":["GET"]}}],"collection":[{"href":"https:\/\/sprayboothmanufacturer.com\/de\/wp-json\/wp\/v2\/product"}],"about":[{"href":"https:\/\/sprayboothmanufacturer.com\/de\/wp-json\/wp\/v2\/types\/product"}],"replies":[{"embeddable":true,"href":"https:\/\/sprayboothmanufacturer.com\/de\/wp-json\/wp\/v2\/comments?post=3221"}],"version-history":[{"count":1,"href":"https:\/\/sprayboothmanufacturer.com\/de\/wp-json\/wp\/v2\/product\/3221\/revisions"}],"predecessor-version":[{"id":3222,"href":"https:\/\/sprayboothmanufacturer.com\/de\/wp-json\/wp\/v2\/product\/3221\/revisions\/3222"}],"wp:featuredmedia":[{"embeddable":true,"href":"https:\/\/sprayboothmanufacturer.com\/de\/wp-json\/wp\/v2\/media\/3179"}],"wp:attachment":[{"href":"https:\/\/sprayboothmanufacturer.com\/de\/wp-json\/wp\/v2\/media?parent=3221"}],"wp:term":[{"taxonomy":"product_brand","embeddable":true,"href":"https:\/\/sprayboothmanufacturer.com\/de\/wp-json\/wp\/v2\/product_brand?post=3221"},{"taxonomy":"product_cat","embeddable":true,"href":"https:\/\/sprayboothmanufacturer.com\/de\/wp-json\/wp\/v2\/product_cat?post=3221"},{"taxonomy":"product_tag","embeddable":true,"href":"https:\/\/sprayboothmanufacturer.com\/de\/wp-json\/wp\/v2\/product_tag?post=3221"}],"curies":[{"name":"wp","href":"https:\/\/api.w.org\/{rel}","templated":true}]}}