{"id":3219,"date":"2026-02-04T07:50:54","date_gmt":"2026-02-04T07:50:54","guid":{"rendered":"https:\/\/sprayboothmanufacturer.com\/?post_type=product&#038;p=3219"},"modified":"2026-02-04T07:50:54","modified_gmt":"2026-02-04T07:50:54","slug":"industrial-8m-gas-heating-spray-booth","status":"publish","type":"product","link":"https:\/\/sprayboothmanufacturer.com\/de\/product\/industrial-8m-gas-heating-spray-booth\/","title":{"rendered":"ATK-008G Industrielle 8m Gasheizung-Spritzkabine | Kosten-effizienter Betrieb | Mit professionellem Luftkompressor | Ideal f\u00fcr gewerblichen Fahrzeugreparatur"},"content":{"rendered":"<table style=\"height: 190px;\" width=\"751\">\n<tbody>\n<tr>\n<td width=\"142\"><strong><b>Mindestbestellmenge :<\/b><\/strong><\/td>\n<td width=\"142\">1 St\u00fcck<\/td>\n<td width=\"142\"><strong><b>Preis :<\/b><\/strong><\/td>\n<td width=\"142\">Verhandlungssache<\/td>\n<\/tr>\n<tr>\n<td width=\"142\"><strong><b>Verpackungsdetails :<\/b><\/strong><\/td>\n<td width=\"142\">40G oder 20GP\/Einheit<\/td>\n<td width=\"142\"><strong><b>Lieferzeit :<\/b><\/strong><\/td>\n<td width=\"142\">15 Tage, Verhandlungssache<\/td>\n<\/tr>\n<tr>\n<td width=\"142\"><strong><b>Zahlungsbedingungen :<\/b><\/strong><\/td>\n<td width=\"142\">L\/C, T\/T<\/td>\n<td width=\"142\"><strong><b>Lieferf\u00e4higkeit :<\/b><\/strong><\/td>\n<td width=\"142\">50 Einheiten\/Einheiten pro Monat Industrielle Spr\u00fchkabine Bus-Spr\u00fchkabine<\/td>\n<\/tr>\n<tr>\n<td width=\"142\"><strong><b>Herkunftsland:<\/b><\/strong><\/td>\n<td width=\"142\">Jiangsu, China<\/td>\n<td width=\"142\"><strong><b>Markenname:<\/b><\/strong><\/td>\n<td width=\"142\">Autoke<\/td>\n<\/tr>\n<tr>\n<td width=\"142\"><strong><b>Zertifizierung:<\/b><\/strong><\/td>\n<td width=\"142\">CE<\/td>\n<td width=\"142\"><strong><b>Modellnummer:<\/b><\/strong><\/td>\n<td width=\"142\">ATK-008G<\/td>\n<\/tr>\n<\/tbody>\n<\/table>\n<p class=\"ds-markdown-paragraph\"><strong>ATK-008G | 8m Gasheiz-Spr\u00fchkabinenpaket: Kosten-effiziente, leistungsstarke All-in-One-Lackierl\u00f6sung<\/strong><\/p>\n<p class=\"ds-markdown-paragraph\">Der ATK-008G ist ein professionelles Lackiersystem, das f\u00fcr Werkst\u00e4tten f\u00fcr Nutzfahrzeugreparaturen, gro\u00dfe Karosserie- und Lackierzentren sowie industrielle Kunden entwickelt wurde, die Wert auf Betriebskosteneffizienz und Produktivit\u00e4t legen. Es bietet ein ger\u00e4umiges Innenma\u00df von 4,9 m Breite und kombiniert innovativ ein effizientes Gasheizsystem mit der Kernleistung f\u00fcr das Spr\u00fchen \u2013 einen professionellen elektrischen Luftkompressor \u2013 und liefert eine vollst\u00e4ndige, einsatzbereite Lackierstation.<\/p>\n<p class=\"ds-markdown-paragraph\"><strong>Kernwerte &amp; Einzigartige Vorteile:<\/strong><\/p>\n<ol start=\"1\">\n<li>\n<p class=\"ds-markdown-paragraph\"><strong>Gasheizung f\u00fcr niedrigere Betriebskosten<\/strong>:<\/p>\n<ul>\n<li>\n<p class=\"ds-markdown-paragraph\">Verwendet ein effizientes Gasheizsystem mit einer Nennleistung von nur 15KW (deutlich niedriger als 38KW bei vergleichbarer elektrischer Heizung), was den Energieverbrauch bei Dauerbetrieb erheblich reduziert. Ideal f\u00fcr Bereiche mit zug\u00e4nglicher Gasversorgung oder hohen Stromkosten.<\/p>\n<\/li>\n<li>\n<p class=\"ds-markdown-paragraph\">Bietet schnelles Aufheizen, um Backeffizienz zu gew\u00e4hrleisten, ohne die Arbeitstempo oder die Oberfl\u00e4chenqualit\u00e4t zu beeintr\u00e4chtigen.<\/p>\n<\/li>\n<\/ul>\n<\/li>\n<li>\n<p class=\"ds-markdown-paragraph\"><strong>Ger\u00e4umiger Innenraum f\u00fcr Gro\u00dfprojekte<\/strong>:<\/p>\n<ul>\n<li>\n<p class=\"ds-markdown-paragraph\">Ein gro\u00dfz\u00fcgiges Innenma\u00df von 7900\u00d74900\u00d72650mm. Die breite und hohe Bauweise ist besonders geeignet f\u00fcr Vollkarosserie-Lackierungen und Reparaturen von Nutzfahrzeugen wie Bussen, Vans und leichten Nutzfahrzeugen.<\/p>\n<\/li>\n<\/ul>\n<\/li>\n<li>\n<p class=\"ds-markdown-paragraph\"><strong>All-in-One-Leistungspaket, sorgenfrei<\/strong>:<\/p>\n<ul>\n<li>\n<p class=\"ds-markdown-paragraph\"><strong>Wichtiges Upgrade<\/strong>: Das Paket beinhaltet einen professionellen elektrischen Luftkompressor mit 7,5KW (300L Tank, 1000L\/min bei 12,5bar). Dies deckt den Kernleistungsbedarf f\u00fcr das Lackieren ab, eliminiert die Notwendigkeit separater Beschaffung und Abstimmung und sorgt f\u00fcr stabilen und ausreichenden Druck bei der Pistole.<\/p>\n<\/li>\n<li>\n<p class=\"ds-markdown-paragraph\"><strong>Plug-and-Play<\/strong>: Die gleichzeitige Lieferung der Kabine und der Stromquelle verk\u00fcrzt die R\u00fcstzeit in der Werkstatt erheblich und erm\u00f6glicht einen schnelleren Produktionsbeginn.<\/p>\n<\/li>\n<\/ul>\n<\/li>\n<li>\n<p class=\"ds-markdown-paragraph\"><strong>Zuverl\u00e4ssige Leistung &amp; Saubere Umgebung<\/strong>:<\/p>\n<ul>\n<li>\n<p class=\"ds-markdown-paragraph\"><strong>Leistungsstarke Bel\u00fcftung<\/strong>: Die Kombination aus 2\u00d74KW-Zuluftventilatoren (insgesamt 30.000 m\u00b3\/h) und 1\u00d75,5KW-Abluftventilator (19.000 m\u00b3\/h) sorgt f\u00fcr eine schnelle Entfernung von Overspray.<\/p>\n<\/li>\n<li>\n<p class=\"ds-markdown-paragraph\"><strong>Robuste Konstruktion<\/strong>: Verf\u00fcgt \u00fcber hochwertige doppelschichtige Farb-Stahl-Rockwool-Paneele, verzinkte rostfreie Basis und verst\u00e4rktes Tragwerksdesign.<\/p>\n<\/li>\n<li>\n<p class=\"ds-markdown-paragraph\"><strong>3-Stufen-Filtration<\/strong>: Standard-Prim\u00e4r-, Decken- (&gt;98% Effizienz) und Bodenfilter sorgen f\u00fcr eine saubere Umgebung f\u00fcr hochwertige Oberfl\u00e4chen.<\/p>\n<\/li>\n<\/ul>\n<\/li>\n<\/ol>\n<p class=\"ds-markdown-paragraph\"><strong>Standard-Paket\u00fcbersicht:<\/strong><\/p>\n<ul>\n<li>\n<p class=\"ds-markdown-paragraph\"><strong>Modell<\/strong>: ATK-008G (Stand) + Passender Luftkompressor<\/p>\n<\/li>\n<li>\n<p class=\"ds-markdown-paragraph\"><strong>Innenraumgr\u00f6\u00dfe der Kabine<\/strong>: 7900\u00d74900\u00d72650mm<\/p>\n<\/li>\n<li>\n<p class=\"ds-markdown-paragraph\"><strong>Heizungstyp<\/strong>: Gasheizung<\/p>\n<\/li>\n<li>\n<p class=\"ds-markdown-paragraph\"><strong>Leistung der Kabine<\/strong>: 15 KW (Bel\u00fcftung &amp; Steuerung)<\/p>\n<\/li>\n<li>\n<p class=\"ds-markdown-paragraph\"><strong>Luftkompressor<\/strong>: 7,5KW Motor, 300L Tank, 1000L\/min bei 12,5bar<\/p>\n<\/li>\n<li>\n<p class=\"ds-markdown-paragraph\"><strong>Verpackung<\/strong>: Kabine ca. 19 CBM, geeignet f\u00fcr Standardcontainer-Transport.<\/p>\n<\/li>\n<\/ul>\n<p class=\"ds-markdown-paragraph\"><strong>Ideal F\u00fcr:<\/strong><\/p>\n<ul>\n<li>\n<p class=\"ds-markdown-paragraph\">Wartungsbasen f\u00fcr Busunternehmen, Logistikflotten, Betreiber von Spezialfahrzeugen.<\/p>\n<\/li>\n<li>\n<p class=\"ds-markdown-paragraph\">Gro\u00dfe Autoreparaturwerkst\u00e4tten, gewerbliche Fahrzeugkarosserie- und Lackierzentren.<\/p>\n<\/li>\n<li>\n<p class=\"ds-markdown-paragraph\">Mittelgro\u00dfe bis gro\u00dfe Anlagen, die empfindlich auf Betriebskosten reagieren und Zugang zur Gasversorgung haben.<\/p>\n<\/li>\n<li>\n<p class=\"ds-markdown-paragraph\">Neue Werkst\u00e4tten, die darauf abzielen, zentrale Lackierausr\u00fcstung auf einmal zu beschaffen.<\/p>\n<\/li>\n<\/ul>\n<p class=\"ds-markdown-paragraph\">Das ATK-008G-Paket verk\u00f6rpert unseren kundenorientierten Ansatz, integriert zentrale Ausr\u00fcstung mit Stromversorgung tiefgehend. Wir k\u00f6nnen spezifische Brennerkonfigurationsberatung basierend auf Ihrer lokalen Gasquelle (Erdgas\/LPG) anbieten. F\u00fcr detaillierte DDP-Bedingungen oder einen ma\u00dfgeschneiderten Layoutplan f\u00fcr Ihre Werkstatt wenden Sie sich bitte an unser technisches Verkaufsteam.<\/p>","protected":false},"excerpt":{"rendered":"<p>Der ATK-008G ist eine 8 m lange Gasheiz-Spr\u00fchkabine, die f\u00fcr Nutzfahrzeuge und Werkst\u00e4tten mit hohen Anforderungen an Reparaturen konzipiert ist. Ausgestattet mit einem effizienten 15KW-Gasheizsystem f\u00fcr wirtschaftlichen Betrieb. Diese Komplettl\u00f6sung umfasst einen professionellen 7,5KW-Luftkompressor, der die anspruchsvollen Anforderungen an gro\u00dfe Fahrzeugkarosserien und Lackierarbeiten erf\u00fcllt.<\/p>","protected":false},"featured_media":3191,"comment_status":"open","ping_status":"closed","template":"","meta":[],"product_brand":[76],"product_cat":[60,59],"product_tag":[75,74,79,73,63,72,66,69,68],"class_list":{"0":"post-3219","1":"product","2":"type-product","3":"status-publish","4":"has-post-thumbnail","6":"product_brand-autoke","7":"product_cat-car-spray-booth","8":"product_cat-spray-booth","9":"product_tag-8m-diesel-car-paint-booth","10":"product_tag-8m-electric-car-paint-booth","11":"product_tag-automotive-spray-booth","12":"product_tag-automotive-spray-booth-manufacturer","13":"product_tag-car-spray-booth","14":"product_tag-car-spray-booth-factory","15":"product_tag-car-spray-booth-manufacturer","16":"product_tag-ce-car-spray-booth","17":"product_tag-customized-car-spray-booth","19":"first","20":"instock","21":"shipping-taxable","22":"product-type-simple"},"yoast_head":"<!-- This site is optimized with the Yoast SEO plugin v27.4 - https:\/\/yoast.com\/product\/yoast-seo-wordpress\/ -->\n<title>ATK-008G Industrial 8m Gas Heating Spray Booth | Cost-Effective Operation | With Professional Air Compressor | Ideal for Commercial Vehicle Repair - Autoke-China Paint Booth Manufacturer<\/title>\n<meta name=\"robots\" content=\"index, follow, max-snippet:-1, max-image-preview:large, max-video-preview:-1\" \/>\n<link rel=\"canonical\" href=\"https:\/\/sprayboothmanufacturer.com\/de\/product\/industrial-8m-gas-heating-spray-booth\/\" \/>\n<meta property=\"og:locale\" content=\"de_DE\" \/>\n<meta property=\"og:type\" content=\"article\" \/>\n<meta property=\"og:title\" content=\"ATK-008G Industrial 8m Gas Heating Spray Booth | Cost-Effective Operation | With Professional Air Compressor | Ideal for Commercial Vehicle Repair - Autoke-China Paint Booth Manufacturer\" \/>\n<meta property=\"og:description\" content=\"The ATK-008G is an 8m gas heating spray booth designed for commercial vehicles and high-standard repair shops. Featuring a 15KW efficient gas heating system for economical operation. This complete solution includes a 7.5KW professional air compressor, meeting the demanding requirements of large vehicle body and paint work.\" \/>\n<meta property=\"og:url\" content=\"https:\/\/sprayboothmanufacturer.com\/de\/product\/industrial-8m-gas-heating-spray-booth\/\" \/>\n<meta property=\"og:site_name\" content=\"Autoke-China Paint Booth Manufacturer\" \/>\n<meta property=\"og:image\" content=\"https:\/\/sprayboothmanufacturer.com\/wp-content\/uploads\/2026\/02\/23.png\" \/>\n\t<meta property=\"og:image:width\" content=\"800\" \/>\n\t<meta property=\"og:image:height\" content=\"800\" \/>\n\t<meta property=\"og:image:type\" content=\"image\/png\" \/>\n<meta name=\"twitter:card\" content=\"summary_large_image\" \/>\n<meta name=\"twitter:label1\" content=\"Gesch\u00e4tzte Lesezeit\" \/>\n\t<meta name=\"twitter:data1\" content=\"3\u00a0Minuten\" \/>\n<script type=\"application\/ld+json\" class=\"yoast-schema-graph\">{\"@context\":\"https:\\\/\\\/schema.org\",\"@graph\":[{\"@type\":\"WebPage\",\"@id\":\"https:\\\/\\\/sprayboothmanufacturer.com\\\/product\\\/industrial-8m-gas-heating-spray-booth\\\/\",\"url\":\"https:\\\/\\\/sprayboothmanufacturer.com\\\/product\\\/industrial-8m-gas-heating-spray-booth\\\/\",\"name\":\"ATK-008G Industrial 8m Gas Heating Spray Booth | Cost-Effective Operation | With Professional Air Compressor | Ideal for Commercial Vehicle Repair - Autoke-China Paint Booth Manufacturer\",\"isPartOf\":{\"@id\":\"https:\\\/\\\/sprayboothmanufacturer.com\\\/#website\"},\"primaryImageOfPage\":{\"@id\":\"https:\\\/\\\/sprayboothmanufacturer.com\\\/product\\\/industrial-8m-gas-heating-spray-booth\\\/#primaryimage\"},\"image\":{\"@id\":\"https:\\\/\\\/sprayboothmanufacturer.com\\\/product\\\/industrial-8m-gas-heating-spray-booth\\\/#primaryimage\"},\"thumbnailUrl\":\"https:\\\/\\\/sprayboothmanufacturer.com\\\/wp-content\\\/uploads\\\/2026\\\/02\\\/23.png\",\"datePublished\":\"2026-02-04T07:50:54+00:00\",\"breadcrumb\":{\"@id\":\"https:\\\/\\\/sprayboothmanufacturer.com\\\/product\\\/industrial-8m-gas-heating-spray-booth\\\/#breadcrumb\"},\"inLanguage\":\"de\",\"potentialAction\":[{\"@type\":\"ReadAction\",\"target\":[\"https:\\\/\\\/sprayboothmanufacturer.com\\\/product\\\/industrial-8m-gas-heating-spray-booth\\\/\"]}]},{\"@type\":\"ImageObject\",\"inLanguage\":\"de\",\"@id\":\"https:\\\/\\\/sprayboothmanufacturer.com\\\/product\\\/industrial-8m-gas-heating-spray-booth\\\/#primaryimage\",\"url\":\"https:\\\/\\\/sprayboothmanufacturer.com\\\/wp-content\\\/uploads\\\/2026\\\/02\\\/23.png\",\"contentUrl\":\"https:\\\/\\\/sprayboothmanufacturer.com\\\/wp-content\\\/uploads\\\/2026\\\/02\\\/23.png\",\"width\":800,\"height\":800,\"caption\":\"High Performance Automotive Paint Booth Airflow and Features\"},{\"@type\":\"BreadcrumbList\",\"@id\":\"https:\\\/\\\/sprayboothmanufacturer.com\\\/product\\\/industrial-8m-gas-heating-spray-booth\\\/#breadcrumb\",\"itemListElement\":[{\"@type\":\"ListItem\",\"position\":1,\"name\":\"Home\",\"item\":\"https:\\\/\\\/sprayboothmanufacturer.com\\\/\"},{\"@type\":\"ListItem\",\"position\":2,\"name\":\"\u4ea7\u54c1\",\"item\":\"https:\\\/\\\/sprayboothmanufacturer.com\\\/shop__trashed\\\/\"},{\"@type\":\"ListItem\",\"position\":3,\"name\":\"ATK-008G Industrial 8m Gas Heating Spray Booth | Cost-Effective Operation | With Professional Air Compressor | Ideal for Commercial Vehicle Repair\"}]},{\"@type\":\"WebSite\",\"@id\":\"https:\\\/\\\/sprayboothmanufacturer.com\\\/#website\",\"url\":\"https:\\\/\\\/sprayboothmanufacturer.com\\\/\",\"name\":\"Autoke-China Paint Booth Manufacturer\",\"description\":\"\",\"publisher\":{\"@id\":\"https:\\\/\\\/sprayboothmanufacturer.com\\\/#organization\"},\"potentialAction\":[{\"@type\":\"SearchAction\",\"target\":{\"@type\":\"EntryPoint\",\"urlTemplate\":\"https:\\\/\\\/sprayboothmanufacturer.com\\\/?s={search_term_string}\"},\"query-input\":{\"@type\":\"PropertyValueSpecification\",\"valueRequired\":true,\"valueName\":\"search_term_string\"}}],\"inLanguage\":\"de\"},{\"@type\":\"Organization\",\"@id\":\"https:\\\/\\\/sprayboothmanufacturer.com\\\/#organization\",\"name\":\"Autoke-China Paint Booth Manufacturer\",\"url\":\"https:\\\/\\\/sprayboothmanufacturer.com\\\/\",\"logo\":{\"@type\":\"ImageObject\",\"inLanguage\":\"de\",\"@id\":\"https:\\\/\\\/sprayboothmanufacturer.com\\\/#\\\/schema\\\/logo\\\/image\\\/\",\"url\":\"https:\\\/\\\/sprayboothmanufacturer.com\\\/wp-content\\\/uploads\\\/2025\\\/12\\\/\u5fae\u4fe1\u56fe\u7247_20260113195103_1750_4-scaled-e1768394147958.png\",\"contentUrl\":\"https:\\\/\\\/sprayboothmanufacturer.com\\\/wp-content\\\/uploads\\\/2025\\\/12\\\/\u5fae\u4fe1\u56fe\u7247_20260113195103_1750_4-scaled-e1768394147958.png\",\"width\":1740,\"height\":538,\"caption\":\"Autoke-China Paint Booth Manufacturer\"},\"image\":{\"@id\":\"https:\\\/\\\/sprayboothmanufacturer.com\\\/#\\\/schema\\\/logo\\\/image\\\/\"}}]}<\/script>\n<!-- \/ Yoast SEO plugin. -->","yoast_head_json":{"title":"ATK-008G Industrielle 8m Gasheiz-Spr\u00fchkabine | Kosten-effizienter Betrieb | Mit professionellem Luftkompressor | Ideal f\u00fcr die Reparatur von Nutzfahrzeugen - Autoke-China Lackierkabinenhersteller","robots":{"index":"index","follow":"follow","max-snippet":"max-snippet:-1","max-image-preview":"max-image-preview:large","max-video-preview":"max-video-preview:-1"},"canonical":"https:\/\/sprayboothmanufacturer.com\/de\/product\/industrial-8m-gas-heating-spray-booth\/","og_locale":"de_DE","og_type":"article","og_title":"ATK-008G Industrial 8m Gas Heating Spray Booth | Cost-Effective Operation | With Professional Air Compressor | Ideal for Commercial Vehicle Repair - Autoke-China Paint Booth Manufacturer","og_description":"The ATK-008G is an 8m gas heating spray booth designed for commercial vehicles and high-standard repair shops. Featuring a 15KW efficient gas heating system for economical operation. This complete solution includes a 7.5KW professional air compressor, meeting the demanding requirements of large vehicle body and paint work.","og_url":"https:\/\/sprayboothmanufacturer.com\/de\/product\/industrial-8m-gas-heating-spray-booth\/","og_site_name":"Autoke-China Paint Booth Manufacturer","og_image":[{"width":800,"height":800,"url":"https:\/\/sprayboothmanufacturer.com\/wp-content\/uploads\/2026\/02\/23.png","type":"image\/png"}],"twitter_card":"summary_large_image","twitter_misc":{"Gesch\u00e4tzte Lesezeit":"3\u00a0Minuten"},"schema":{"@context":"https:\/\/schema.org","@graph":[{"@type":"WebPage","@id":"https:\/\/sprayboothmanufacturer.com\/product\/industrial-8m-gas-heating-spray-booth\/","url":"https:\/\/sprayboothmanufacturer.com\/product\/industrial-8m-gas-heating-spray-booth\/","name":"ATK-008G Industrielle 8m Gasheiz-Spr\u00fchkabine | Kosten-effizienter Betrieb | Mit professionellem Luftkompressor | Ideal f\u00fcr die Reparatur von Nutzfahrzeugen - Autoke-China Lackierkabinenhersteller","isPartOf":{"@id":"https:\/\/sprayboothmanufacturer.com\/#website"},"primaryImageOfPage":{"@id":"https:\/\/sprayboothmanufacturer.com\/product\/industrial-8m-gas-heating-spray-booth\/#primaryimage"},"image":{"@id":"https:\/\/sprayboothmanufacturer.com\/product\/industrial-8m-gas-heating-spray-booth\/#primaryimage"},"thumbnailUrl":"https:\/\/sprayboothmanufacturer.com\/wp-content\/uploads\/2026\/02\/23.png","datePublished":"2026-02-04T07:50:54+00:00","breadcrumb":{"@id":"https:\/\/sprayboothmanufacturer.com\/product\/industrial-8m-gas-heating-spray-booth\/#breadcrumb"},"inLanguage":"de","potentialAction":[{"@type":"ReadAction","target":["https:\/\/sprayboothmanufacturer.com\/product\/industrial-8m-gas-heating-spray-booth\/"]}]},{"@type":"ImageObject","inLanguage":"de","@id":"https:\/\/sprayboothmanufacturer.com\/product\/industrial-8m-gas-heating-spray-booth\/#primaryimage","url":"https:\/\/sprayboothmanufacturer.com\/wp-content\/uploads\/2026\/02\/23.png","contentUrl":"https:\/\/sprayboothmanufacturer.com\/wp-content\/uploads\/2026\/02\/23.png","width":800,"height":800,"caption":"High Performance Automotive Paint Booth Airflow and Features"},{"@type":"BreadcrumbList","@id":"https:\/\/sprayboothmanufacturer.com\/product\/industrial-8m-gas-heating-spray-booth\/#breadcrumb","itemListElement":[{"@type":"ListItem","position":1,"name":"Home","item":"https:\/\/sprayboothmanufacturer.com\/"},{"@type":"ListItem","position":2,"name":"\u4ea7\u54c1","item":"https:\/\/sprayboothmanufacturer.com\/shop__trashed\/"},{"@type":"ListItem","position":3,"name":"ATK-008G Industrial 8m Gas Heating Spray Booth | Cost-Effective Operation | With Professional Air Compressor | Ideal for Commercial Vehicle Repair"}]},{"@type":"WebSite","@id":"https:\/\/sprayboothmanufacturer.com\/#website","url":"https:\/\/sprayboothmanufacturer.com\/","name":"Autoke-Deutschland Lackierkabinenhersteller","description":"","publisher":{"@id":"https:\/\/sprayboothmanufacturer.com\/#organization"},"potentialAction":[{"@type":"SearchAction","target":{"@type":"EntryPoint","urlTemplate":"https:\/\/sprayboothmanufacturer.com\/?s={search_term_string}"},"query-input":{"@type":"PropertyValueSpecification","valueRequired":true,"valueName":"search_term_string"}}],"inLanguage":"de"},{"@type":"Organization","@id":"https:\/\/sprayboothmanufacturer.com\/#organization","name":"Autoke-Deutschland Lackierkabinenhersteller","url":"https:\/\/sprayboothmanufacturer.com\/","logo":{"@type":"ImageObject","inLanguage":"de","@id":"https:\/\/sprayboothmanufacturer.com\/#\/schema\/logo\/image\/","url":"https:\/\/sprayboothmanufacturer.com\/wp-content\/uploads\/2025\/12\/\u5fae\u4fe1\u56fe\u7247_20260113195103_1750_4-scaled-e1768394147958.png","contentUrl":"https:\/\/sprayboothmanufacturer.com\/wp-content\/uploads\/2025\/12\/\u5fae\u4fe1\u56fe\u7247_20260113195103_1750_4-scaled-e1768394147958.png","width":1740,"height":538,"caption":"Autoke-China Paint Booth Manufacturer"},"image":{"@id":"https:\/\/sprayboothmanufacturer.com\/#\/schema\/logo\/image\/"}}]}},"_links":{"self":[{"href":"https:\/\/sprayboothmanufacturer.com\/de\/wp-json\/wp\/v2\/product\/3219","targetHints":{"allow":["GET"]}}],"collection":[{"href":"https:\/\/sprayboothmanufacturer.com\/de\/wp-json\/wp\/v2\/product"}],"about":[{"href":"https:\/\/sprayboothmanufacturer.com\/de\/wp-json\/wp\/v2\/types\/product"}],"replies":[{"embeddable":true,"href":"https:\/\/sprayboothmanufacturer.com\/de\/wp-json\/wp\/v2\/comments?post=3219"}],"version-history":[{"count":1,"href":"https:\/\/sprayboothmanufacturer.com\/de\/wp-json\/wp\/v2\/product\/3219\/revisions"}],"predecessor-version":[{"id":3220,"href":"https:\/\/sprayboothmanufacturer.com\/de\/wp-json\/wp\/v2\/product\/3219\/revisions\/3220"}],"wp:featuredmedia":[{"embeddable":true,"href":"https:\/\/sprayboothmanufacturer.com\/de\/wp-json\/wp\/v2\/media\/3191"}],"wp:attachment":[{"href":"https:\/\/sprayboothmanufacturer.com\/de\/wp-json\/wp\/v2\/media?parent=3219"}],"wp:term":[{"taxonomy":"product_brand","embeddable":true,"href":"https:\/\/sprayboothmanufacturer.com\/de\/wp-json\/wp\/v2\/product_brand?post=3219"},{"taxonomy":"product_cat","embeddable":true,"href":"https:\/\/sprayboothmanufacturer.com\/de\/wp-json\/wp\/v2\/product_cat?post=3219"},{"taxonomy":"product_tag","embeddable":true,"href":"https:\/\/sprayboothmanufacturer.com\/de\/wp-json\/wp\/v2\/product_tag?post=3219"}],"curies":[{"name":"wp","href":"https:\/\/api.w.org\/{rel}","templated":true}]}}