{"id":3217,"date":"2026-02-04T02:35:34","date_gmt":"2026-02-04T02:35:34","guid":{"rendered":"https:\/\/sprayboothmanufacturer.com\/?post_type=product&#038;p=3217"},"modified":"2026-02-04T02:58:45","modified_gmt":"2026-02-04T02:58:45","slug":"professional-7m-electric-spray-workshop-complete-solution","status":"publish","type":"product","link":"https:\/\/sprayboothmanufacturer.com\/de\/product\/professional-7m-electric-spray-workshop-complete-solution\/","title":{"rendered":"ATK-007C-E Professionelle 7m Elektrische Spritzkabine Komplettl\u00f6sung | Inklusive Vorbereitungsraum &amp; Mischraum | Integriertes Arbeitsablaufdesign"},"content":{"rendered":"<table style=\"height: 148px;\" width=\"795\">\n<tbody>\n<tr>\n<td width=\"142\"><strong><b>Mindestbestellmenge :<\/b><\/strong><\/td>\n<td width=\"142\">1 St\u00fcck<\/td>\n<td width=\"142\"><strong><b>Preis :<\/b><\/strong><\/td>\n<td width=\"142\">Verhandlungssache<\/td>\n<\/tr>\n<tr>\n<td width=\"142\"><strong><b>Verpackungsdetails :<\/b><\/strong><\/td>\n<td width=\"142\">40G oder 20GP\/Einheit<\/td>\n<td width=\"142\"><strong><b>Lieferzeit :<\/b><\/strong><\/td>\n<td width=\"142\">15 Tage, Verhandlungssache<\/td>\n<\/tr>\n<tr>\n<td width=\"142\"><strong><b>Zahlungsbedingungen :<\/b><\/strong><\/td>\n<td width=\"142\">L\/C, T\/T<\/td>\n<td width=\"142\"><strong><b>Lieferf\u00e4higkeit :<\/b><\/strong><\/td>\n<td width=\"142\">50 Einheiten\/Einheiten pro Monat Industrielle Spr\u00fchkabine Bus-Spr\u00fchkabine<\/td>\n<\/tr>\n<tr>\n<td width=\"142\"><strong><b>Herkunftsland:<\/b><\/strong><\/td>\n<td width=\"142\">Jiangsu, China<\/td>\n<td width=\"142\"><strong><b>Markenname:<\/b><\/strong><\/td>\n<td width=\"142\">Autoke<\/td>\n<\/tr>\n<tr>\n<td width=\"142\"><strong><b>Zertifizierung:<\/b><\/strong><\/td>\n<td width=\"142\">CE<\/td>\n<td width=\"142\"><strong><b>Modellnummer:<\/b><\/strong><\/td>\n<td width=\"142\">ATK-007C-E<\/td>\n<\/tr>\n<\/tbody>\n<\/table>\n<p class=\"ds-markdown-paragraph\"><strong>ATK-007C-E | Komplettl\u00f6sung f\u00fcr 7m Elektrische Spr\u00fchwerkstatt: Modulares Design, Optimierter Arbeitsablauf<\/strong><\/p>\n<p class=\"ds-markdown-paragraph\">Das ATK-007C-E ist eine integrierte Spr\u00fchwerkstatt-L\u00f6sung, die f\u00fcr kleine bis mittelgro\u00dfe Autoreparaturwerkst\u00e4tten, Karosseriezentren und industrielle Beschichtungsauftr\u00e4ge entwickelt wurde, die effiziente, professionelle Arbeitsabl\u00e4ufe suchen. Es trennt wissenschaftlich den Kern-Spr\u00fchbereich, Vorbehandlungsbereich und Materialvorbereitungsbereich und integriert alle wesentlichen Funktionen einer professionellen Beschichtungswerkstatt auf kleinem Raum.<\/p>\n<p class=\"ds-markdown-paragraph\"><strong>Kernkomponenten &amp; Vorteile:<\/strong><\/p>\n<ol start=\"1\">\n<li>\n<p class=\"ds-markdown-paragraph\"><strong>7m Haupt-Spr\u00fchkabine (Standard Elektrisch)<\/strong><\/p>\n<ul>\n<li>\n<p class=\"ds-markdown-paragraph\"><strong>Effiziente Heizung<\/strong>: 10 Halogen-Infrarot-Backlampen (insgesamt 30KW) erw\u00e4rmen die Kabine in 5-8 Minuten auf 40\u00b0C (maximal 80\u00b0C) f\u00fcr schnelle, gleichm\u00e4\u00dfige Lackh\u00e4rtung.<\/p>\n<\/li>\n<li>\n<p class=\"ds-markdown-paragraph\"><strong>Saubere Umgebung<\/strong>: 2\u00d74KW Zuluftventilatoren (30.000 m\u00b3\/h) + 1\u00d75,5KW Abluftventilator (19.000 m\u00b3\/h) in Kombination mit einem Dreistufen-Filtersystem (Prim\u00e4r, Decke 98%, Boden) sorgen f\u00fcr eine staubfreie Spr\u00fchumgebung.<\/p>\n<\/li>\n<li>\n<p class=\"ds-markdown-paragraph\"><strong>Robuste Struktur<\/strong>: Doppelwandige feuerfeste Farb-Stahl-W\u00e4nde mit Mineralwolle, verzinktes Stahlgitter-Boden mit Hilfsbeinen, unterst\u00fctzt Lasten \u00fcber 5 Tonnen.<\/p>\n<\/li>\n<\/ul>\n<\/li>\n<li>\n<p class=\"ds-markdown-paragraph\"><strong>Unabh\u00e4ngiger Vorbereitungsraum (Trocken-Schleifbereich)<\/strong><\/p>\n<ul>\n<li>\n<p class=\"ds-markdown-paragraph\"><strong>Staubkontrolle<\/strong>: Eingebauter Staubabsaugfilterkasten f\u00fcr Trocken-Schleifstaub (3000\u00d71000\u00d72000mm) mit einem speziellen 7,5KW Abluftventilator, der Schleifstaub effektiv aufnimmt und die Sauberkeit der Hauptkabine sowie die Gesundheit der Arbeiter sch\u00fctzt.<\/p>\n<\/li>\n<li>\n<p class=\"ds-markdown-paragraph\"><strong>Isolierter Betrieb<\/strong>: Vollst\u00e4ndig vom Lackierbereich isoliert, um Staubkontaminationen des Nasslacks oder der sauberen Spr\u00fchumgebung zu verhindern.<\/p>\n<\/li>\n<\/ul>\n<\/li>\n<li>\n<p class=\"ds-markdown-paragraph\"><strong>Professioneller Lackmischraum<\/strong><\/p>\n<ul>\n<li>\n<p class=\"ds-markdown-paragraph\"><strong>Genaue Farbangleichung<\/strong>: Ein geschlossener Raum mit einem professionellen Mischschrank, der eine pr\u00e4zise Lackformulierung gew\u00e4hrleistet und das Ausstr\u00f6men von L\u00f6sungsmitteld\u00e4mpfen verhindert.<\/p>\n<\/li>\n<li>\n<p class=\"ds-markdown-paragraph\"><strong>Prozessoptimierung<\/strong>: Isoliert und\u524d\u7f6e den Farbvorbereitungsschritt, reduziert die Nicht-Spr\u00fchzeit im Hauptarbeitsraum und erh\u00f6ht die Umschlagsrate.<\/p>\n<\/li>\n<\/ul>\n<\/li>\n<\/ol>\n<p class=\"ds-markdown-paragraph\"><strong>Kernwert des Integrierten Designs:<\/strong><\/p>\n<ul>\n<li>\n<p class=\"ds-markdown-paragraph\"><strong>Optimierter Arbeitsablauf, Erh\u00f6hte Effizienz<\/strong>: Drei unabh\u00e4ngige Zonen erm\u00f6glichen eine \u201cVorbereitung-Mischung-Spr\u00fchen\u201d-Pipeline, was die Fahrzeugwartezeiten und Bewegungszeiten erheblich reduziert.<\/p>\n<\/li>\n<li>\n<p class=\"ds-markdown-paragraph\"><strong>Umweltkonformit\u00e4t &amp; Gesundheit<\/strong>: Getrennte Sammlung und Behandlung von Staub und VOCs verbessern die Gesamtarbeitsbedingungen und erleichtern die Einhaltung der Vorschriften.<\/p>\n<\/li>\n<li>\n<p class=\"ds-markdown-paragraph\"><strong>Platzsparend &amp; Kosteneffizient<\/strong>: Kompakter als drei separate Einheiten, mit einfacherer Installation und potenziell niedrigeren Gesamtkosten des Eigentums.<\/p>\n<\/li>\n<li>\n<p class=\"ds-markdown-paragraph\"><strong>Flexible Optionen<\/strong>: Der Hauptarbeitsraum ist mit Dieselheizung erh\u00e4ltlich (Modell ATK-007C-D), um den regionalen Energiekosten und Verf\u00fcgbarkeiten gerecht zu werden.<\/p>\n<\/li>\n<\/ul>\n<p class=\"ds-markdown-paragraph\"><strong>Standard-Spezifikations\u00fcbersicht:<\/strong><\/p>\n<ul>\n<li>\n<p class=\"ds-markdown-paragraph\"><strong>Modell<\/strong>: ATK-007C-E<\/p>\n<\/li>\n<li>\n<p class=\"ds-markdown-paragraph\"><strong>Innenraum des Hauptarbeitsraums<\/strong>: 6900\u00d73900\u00d72650mm<\/p>\n<\/li>\n<li>\n<p class=\"ds-markdown-paragraph\"><strong>Innenraum des Vorbereitungsraums<\/strong>: 6900\u00d73900\u00d72650mm<\/p>\n<\/li>\n<li>\n<p class=\"ds-markdown-paragraph\"><strong>Innenraum des Mischraums<\/strong>: 2900\u00d73900\u00d73000mm<\/p>\n<\/li>\n<li>\n<p class=\"ds-markdown-paragraph\"><strong>Heizung des Hauptarbeitsraums<\/strong>: Elektrisch (220V\/380V, 50Hz)<\/p>\n<\/li>\n<li>\n<p class=\"ds-markdown-paragraph\"><strong>Gesamtleistung des Hauptarbeitsraums<\/strong>: 38 KW<\/p>\n<\/li>\n<\/ul>\n<p class=\"ds-markdown-paragraph\"><strong>Ideal F\u00fcr:<\/strong><br \/>\nMittlere Autowerkst\u00e4tten, spezialisierte Karosserie- und Lackzentren, Flottenwartungseinrichtungen, kleine industrielle Beschichtungsanlagen f\u00fcr Ger\u00e4te und alle Nutzer, die auf ein professionelles, standardisiertes Lackierverfahren mit einer sinnvollen Investition umsteigen m\u00f6chten.<\/p>\n<p class=\"ds-markdown-paragraph\">Der ATK-007C-E ist mehr als nur Ausr\u00fcstung \u2013 er ist eine Neudefinition des professionellen Lackierablaufs. Kontaktieren Sie unser technisches Team f\u00fcr detaillierte Layoutplanung, Heizungsoptionen-Vergleiche oder einen ma\u00dfgeschneiderten Vorschlag.<\/p>","protected":false},"excerpt":{"rendered":"<p>Das ATK-007C-E ist ein effizienter 7-m-Spr\u00fchwerkstatt-System, das eine Hauptkabine, einen speziellen Trocken-Schleifvorbereitungsraum und einen professionellen Lackmischraum integriert. Mit 30KW Elektroheizung und Dreistufenfiltration trennt es die Prozesse Lackierung, Schleifen und Farbmischen, um die Arbeitsablauf-Effizienz und die Oberfl\u00e4chenqualit\u00e4t f\u00fcr Autoreparaturwerkst\u00e4tten und Karosseriezentren zu verbessern.<\/p>","protected":false},"featured_media":3139,"comment_status":"open","ping_status":"closed","template":"","meta":[],"product_brand":[76],"product_cat":[60,59],"product_tag":[79,73,63,72,66,67,69,68],"class_list":{"0":"post-3217","1":"product","2":"type-product","3":"status-publish","4":"has-post-thumbnail","6":"product_brand-autoke","7":"product_cat-car-spray-booth","8":"product_cat-spray-booth","9":"product_tag-automotive-spray-booth","10":"product_tag-automotive-spray-booth-manufacturer","11":"product_tag-car-spray-booth","12":"product_tag-car-spray-booth-factory","13":"product_tag-car-spray-booth-manufacturer","14":"product_tag-car-spray-booth-manufacturing","15":"product_tag-ce-car-spray-booth","16":"product_tag-customized-car-spray-booth","18":"first","19":"instock","20":"shipping-taxable","21":"product-type-simple"},"yoast_head":"<!-- This site is optimized with the Yoast SEO plugin v27.4 - https:\/\/yoast.com\/product\/yoast-seo-wordpress\/ -->\n<title>ATK-007C-E Professional 7m Electric Spray Workshop Complete Solution | Includes Prep Room &amp; Mix Room | Integrated Workflow Design - Autoke-China Paint Booth Manufacturer<\/title>\n<meta name=\"robots\" content=\"index, follow, max-snippet:-1, max-image-preview:large, max-video-preview:-1\" \/>\n<link rel=\"canonical\" href=\"https:\/\/sprayboothmanufacturer.com\/de\/product\/professional-7m-electric-spray-workshop-complete-solution\/\" \/>\n<meta property=\"og:locale\" content=\"de_DE\" \/>\n<meta property=\"og:type\" content=\"article\" \/>\n<meta property=\"og:title\" content=\"ATK-007C-E Professional 7m Electric Spray Workshop Complete Solution | Includes Prep Room &amp; Mix Room | Integrated Workflow Design - Autoke-China Paint Booth Manufacturer\" \/>\n<meta property=\"og:description\" content=\"The ATK-007C-E is an efficient 7m spray workshop system integrating a main booth, a dedicated dry grinding preparation room, and a professional paint mixing room. Featuring 30KW electric heating and triple-stage filtration, it separates painting, sanding, and color mixing processes, designed to enhance workflow efficiency and finish quality for auto repair shops and body centers.\" \/>\n<meta property=\"og:url\" content=\"https:\/\/sprayboothmanufacturer.com\/de\/product\/professional-7m-electric-spray-workshop-complete-solution\/\" \/>\n<meta property=\"og:site_name\" content=\"Autoke-China Paint Booth Manufacturer\" \/>\n<meta property=\"article:modified_time\" content=\"2026-02-04T02:58:45+00:00\" \/>\n<meta property=\"og:image\" content=\"https:\/\/sprayboothmanufacturer.com\/wp-content\/uploads\/2026\/01\/1.222.jpg\" \/>\n\t<meta property=\"og:image:width\" content=\"1280\" \/>\n\t<meta property=\"og:image:height\" content=\"1706\" \/>\n\t<meta property=\"og:image:type\" content=\"image\/jpeg\" \/>\n<meta name=\"twitter:card\" content=\"summary_large_image\" \/>\n<meta name=\"twitter:label1\" content=\"Gesch\u00e4tzte Lesezeit\" \/>\n\t<meta name=\"twitter:data1\" content=\"3\u00a0Minuten\" \/>\n<script type=\"application\/ld+json\" class=\"yoast-schema-graph\">{\"@context\":\"https:\\\/\\\/schema.org\",\"@graph\":[{\"@type\":\"WebPage\",\"@id\":\"https:\\\/\\\/sprayboothmanufacturer.com\\\/product\\\/professional-7m-electric-spray-workshop-complete-solution\\\/\",\"url\":\"https:\\\/\\\/sprayboothmanufacturer.com\\\/product\\\/professional-7m-electric-spray-workshop-complete-solution\\\/\",\"name\":\"ATK-007C-E Professional 7m Electric Spray Workshop Complete Solution | Includes Prep Room & Mix Room | Integrated Workflow Design - Autoke-China Paint Booth Manufacturer\",\"isPartOf\":{\"@id\":\"https:\\\/\\\/sprayboothmanufacturer.com\\\/#website\"},\"primaryImageOfPage\":{\"@id\":\"https:\\\/\\\/sprayboothmanufacturer.com\\\/product\\\/professional-7m-electric-spray-workshop-complete-solution\\\/#primaryimage\"},\"image\":{\"@id\":\"https:\\\/\\\/sprayboothmanufacturer.com\\\/product\\\/professional-7m-electric-spray-workshop-complete-solution\\\/#primaryimage\"},\"thumbnailUrl\":\"https:\\\/\\\/sprayboothmanufacturer.com\\\/wp-content\\\/uploads\\\/2026\\\/01\\\/1.222.jpg\",\"datePublished\":\"2026-02-04T02:35:34+00:00\",\"dateModified\":\"2026-02-04T02:58:45+00:00\",\"breadcrumb\":{\"@id\":\"https:\\\/\\\/sprayboothmanufacturer.com\\\/product\\\/professional-7m-electric-spray-workshop-complete-solution\\\/#breadcrumb\"},\"inLanguage\":\"de\",\"potentialAction\":[{\"@type\":\"ReadAction\",\"target\":[\"https:\\\/\\\/sprayboothmanufacturer.com\\\/product\\\/professional-7m-electric-spray-workshop-complete-solution\\\/\"]}]},{\"@type\":\"ImageObject\",\"inLanguage\":\"de\",\"@id\":\"https:\\\/\\\/sprayboothmanufacturer.com\\\/product\\\/professional-7m-electric-spray-workshop-complete-solution\\\/#primaryimage\",\"url\":\"https:\\\/\\\/sprayboothmanufacturer.com\\\/wp-content\\\/uploads\\\/2026\\\/01\\\/1.222.jpg\",\"contentUrl\":\"https:\\\/\\\/sprayboothmanufacturer.com\\\/wp-content\\\/uploads\\\/2026\\\/01\\\/1.222.jpg\",\"width\":1280,\"height\":1706},{\"@type\":\"BreadcrumbList\",\"@id\":\"https:\\\/\\\/sprayboothmanufacturer.com\\\/product\\\/professional-7m-electric-spray-workshop-complete-solution\\\/#breadcrumb\",\"itemListElement\":[{\"@type\":\"ListItem\",\"position\":1,\"name\":\"Home\",\"item\":\"https:\\\/\\\/sprayboothmanufacturer.com\\\/\"},{\"@type\":\"ListItem\",\"position\":2,\"name\":\"\u4ea7\u54c1\",\"item\":\"https:\\\/\\\/sprayboothmanufacturer.com\\\/shop__trashed\\\/\"},{\"@type\":\"ListItem\",\"position\":3,\"name\":\"ATK-007C-E Professional 7m Electric Spray Workshop Complete Solution | Includes Prep Room &#038; Mix Room | Integrated Workflow Design\"}]},{\"@type\":\"WebSite\",\"@id\":\"https:\\\/\\\/sprayboothmanufacturer.com\\\/#website\",\"url\":\"https:\\\/\\\/sprayboothmanufacturer.com\\\/\",\"name\":\"Autoke-China Paint Booth Manufacturer\",\"description\":\"\",\"publisher\":{\"@id\":\"https:\\\/\\\/sprayboothmanufacturer.com\\\/#organization\"},\"potentialAction\":[{\"@type\":\"SearchAction\",\"target\":{\"@type\":\"EntryPoint\",\"urlTemplate\":\"https:\\\/\\\/sprayboothmanufacturer.com\\\/?s={search_term_string}\"},\"query-input\":{\"@type\":\"PropertyValueSpecification\",\"valueRequired\":true,\"valueName\":\"search_term_string\"}}],\"inLanguage\":\"de\"},{\"@type\":\"Organization\",\"@id\":\"https:\\\/\\\/sprayboothmanufacturer.com\\\/#organization\",\"name\":\"Autoke-China Paint Booth Manufacturer\",\"url\":\"https:\\\/\\\/sprayboothmanufacturer.com\\\/\",\"logo\":{\"@type\":\"ImageObject\",\"inLanguage\":\"de\",\"@id\":\"https:\\\/\\\/sprayboothmanufacturer.com\\\/#\\\/schema\\\/logo\\\/image\\\/\",\"url\":\"https:\\\/\\\/sprayboothmanufacturer.com\\\/wp-content\\\/uploads\\\/2025\\\/12\\\/\u5fae\u4fe1\u56fe\u7247_20260113195103_1750_4-scaled-e1768394147958.png\",\"contentUrl\":\"https:\\\/\\\/sprayboothmanufacturer.com\\\/wp-content\\\/uploads\\\/2025\\\/12\\\/\u5fae\u4fe1\u56fe\u7247_20260113195103_1750_4-scaled-e1768394147958.png\",\"width\":1740,\"height\":538,\"caption\":\"Autoke-China Paint Booth Manufacturer\"},\"image\":{\"@id\":\"https:\\\/\\\/sprayboothmanufacturer.com\\\/#\\\/schema\\\/logo\\\/image\\\/\"}}]}<\/script>\n<!-- \/ Yoast SEO plugin. -->","yoast_head_json":{"title":"ATK-007C-E Professionelle 7m Elektrische Spritzwerkstatt Komplettl\u00f6sung | Inklusive Vorbereitungsraum &amp; Mischraum | Integriertes Workflow-Design - Autoke-China Lackierkabinenhersteller","robots":{"index":"index","follow":"follow","max-snippet":"max-snippet:-1","max-image-preview":"max-image-preview:large","max-video-preview":"max-video-preview:-1"},"canonical":"https:\/\/sprayboothmanufacturer.com\/de\/product\/professional-7m-electric-spray-workshop-complete-solution\/","og_locale":"de_DE","og_type":"article","og_title":"ATK-007C-E Professional 7m Electric Spray Workshop Complete Solution | Includes Prep Room & Mix Room | Integrated Workflow Design - Autoke-China Paint Booth Manufacturer","og_description":"The ATK-007C-E is an efficient 7m spray workshop system integrating a main booth, a dedicated dry grinding preparation room, and a professional paint mixing room. Featuring 30KW electric heating and triple-stage filtration, it separates painting, sanding, and color mixing processes, designed to enhance workflow efficiency and finish quality for auto repair shops and body centers.","og_url":"https:\/\/sprayboothmanufacturer.com\/de\/product\/professional-7m-electric-spray-workshop-complete-solution\/","og_site_name":"Autoke-China Paint Booth Manufacturer","article_modified_time":"2026-02-04T02:58:45+00:00","og_image":[{"width":1280,"height":1706,"url":"https:\/\/sprayboothmanufacturer.com\/wp-content\/uploads\/2026\/01\/1.222.jpg","type":"image\/jpeg"}],"twitter_card":"summary_large_image","twitter_misc":{"Gesch\u00e4tzte Lesezeit":"3\u00a0Minuten"},"schema":{"@context":"https:\/\/schema.org","@graph":[{"@type":"WebPage","@id":"https:\/\/sprayboothmanufacturer.com\/product\/professional-7m-electric-spray-workshop-complete-solution\/","url":"https:\/\/sprayboothmanufacturer.com\/product\/professional-7m-electric-spray-workshop-complete-solution\/","name":"ATK-007C-E Professionelle 7m Elektrische Spritzwerkstatt Komplettl\u00f6sung | Inklusive Vorbereitungsraum &amp; Mischraum | Integriertes Workflow-Design - Autoke-China Lackierkabinenhersteller","isPartOf":{"@id":"https:\/\/sprayboothmanufacturer.com\/#website"},"primaryImageOfPage":{"@id":"https:\/\/sprayboothmanufacturer.com\/product\/professional-7m-electric-spray-workshop-complete-solution\/#primaryimage"},"image":{"@id":"https:\/\/sprayboothmanufacturer.com\/product\/professional-7m-electric-spray-workshop-complete-solution\/#primaryimage"},"thumbnailUrl":"https:\/\/sprayboothmanufacturer.com\/wp-content\/uploads\/2026\/01\/1.222.jpg","datePublished":"2026-02-04T02:35:34+00:00","dateModified":"2026-02-04T02:58:45+00:00","breadcrumb":{"@id":"https:\/\/sprayboothmanufacturer.com\/product\/professional-7m-electric-spray-workshop-complete-solution\/#breadcrumb"},"inLanguage":"de","potentialAction":[{"@type":"ReadAction","target":["https:\/\/sprayboothmanufacturer.com\/product\/professional-7m-electric-spray-workshop-complete-solution\/"]}]},{"@type":"ImageObject","inLanguage":"de","@id":"https:\/\/sprayboothmanufacturer.com\/product\/professional-7m-electric-spray-workshop-complete-solution\/#primaryimage","url":"https:\/\/sprayboothmanufacturer.com\/wp-content\/uploads\/2026\/01\/1.222.jpg","contentUrl":"https:\/\/sprayboothmanufacturer.com\/wp-content\/uploads\/2026\/01\/1.222.jpg","width":1280,"height":1706},{"@type":"BreadcrumbList","@id":"https:\/\/sprayboothmanufacturer.com\/product\/professional-7m-electric-spray-workshop-complete-solution\/#breadcrumb","itemListElement":[{"@type":"ListItem","position":1,"name":"Home","item":"https:\/\/sprayboothmanufacturer.com\/"},{"@type":"ListItem","position":2,"name":"\u4ea7\u54c1","item":"https:\/\/sprayboothmanufacturer.com\/shop__trashed\/"},{"@type":"ListItem","position":3,"name":"ATK-007C-E Professional 7m Electric Spray Workshop Complete Solution | Includes Prep Room &#038; Mix Room | Integrated Workflow Design"}]},{"@type":"WebSite","@id":"https:\/\/sprayboothmanufacturer.com\/#website","url":"https:\/\/sprayboothmanufacturer.com\/","name":"Autoke-Deutschland Lackierkabinenhersteller","description":"","publisher":{"@id":"https:\/\/sprayboothmanufacturer.com\/#organization"},"potentialAction":[{"@type":"SearchAction","target":{"@type":"EntryPoint","urlTemplate":"https:\/\/sprayboothmanufacturer.com\/?s={search_term_string}"},"query-input":{"@type":"PropertyValueSpecification","valueRequired":true,"valueName":"search_term_string"}}],"inLanguage":"de"},{"@type":"Organization","@id":"https:\/\/sprayboothmanufacturer.com\/#organization","name":"Autoke-Deutschland Lackierkabinenhersteller","url":"https:\/\/sprayboothmanufacturer.com\/","logo":{"@type":"ImageObject","inLanguage":"de","@id":"https:\/\/sprayboothmanufacturer.com\/#\/schema\/logo\/image\/","url":"https:\/\/sprayboothmanufacturer.com\/wp-content\/uploads\/2025\/12\/\u5fae\u4fe1\u56fe\u7247_20260113195103_1750_4-scaled-e1768394147958.png","contentUrl":"https:\/\/sprayboothmanufacturer.com\/wp-content\/uploads\/2025\/12\/\u5fae\u4fe1\u56fe\u7247_20260113195103_1750_4-scaled-e1768394147958.png","width":1740,"height":538,"caption":"Autoke-China Paint Booth Manufacturer"},"image":{"@id":"https:\/\/sprayboothmanufacturer.com\/#\/schema\/logo\/image\/"}}]}},"_links":{"self":[{"href":"https:\/\/sprayboothmanufacturer.com\/de\/wp-json\/wp\/v2\/product\/3217","targetHints":{"allow":["GET"]}}],"collection":[{"href":"https:\/\/sprayboothmanufacturer.com\/de\/wp-json\/wp\/v2\/product"}],"about":[{"href":"https:\/\/sprayboothmanufacturer.com\/de\/wp-json\/wp\/v2\/types\/product"}],"replies":[{"embeddable":true,"href":"https:\/\/sprayboothmanufacturer.com\/de\/wp-json\/wp\/v2\/comments?post=3217"}],"version-history":[{"count":1,"href":"https:\/\/sprayboothmanufacturer.com\/de\/wp-json\/wp\/v2\/product\/3217\/revisions"}],"predecessor-version":[{"id":3218,"href":"https:\/\/sprayboothmanufacturer.com\/de\/wp-json\/wp\/v2\/product\/3217\/revisions\/3218"}],"wp:featuredmedia":[{"embeddable":true,"href":"https:\/\/sprayboothmanufacturer.com\/de\/wp-json\/wp\/v2\/media\/3139"}],"wp:attachment":[{"href":"https:\/\/sprayboothmanufacturer.com\/de\/wp-json\/wp\/v2\/media?parent=3217"}],"wp:term":[{"taxonomy":"product_brand","embeddable":true,"href":"https:\/\/sprayboothmanufacturer.com\/de\/wp-json\/wp\/v2\/product_brand?post=3217"},{"taxonomy":"product_cat","embeddable":true,"href":"https:\/\/sprayboothmanufacturer.com\/de\/wp-json\/wp\/v2\/product_cat?post=3217"},{"taxonomy":"product_tag","embeddable":true,"href":"https:\/\/sprayboothmanufacturer.com\/de\/wp-json\/wp\/v2\/product_tag?post=3217"}],"curies":[{"name":"wp","href":"https:\/\/api.w.org\/{rel}","templated":true}]}}