{"id":3215,"date":"2026-02-03T10:35:21","date_gmt":"2026-02-03T10:35:21","guid":{"rendered":"https:\/\/sprayboothmanufacturer.com\/?post_type=product&#038;p=3215"},"modified":"2026-02-03T10:56:44","modified_gmt":"2026-02-03T10:56:44","slug":"industrial-9m-large-diesel-gas-heating-spray-booth","status":"publish","type":"product","link":"https:\/\/sprayboothmanufacturer.com\/de\/product\/industrial-9m-large-diesel-gas-heating-spray-booth\/","title":{"rendered":"ATK-009D Industrielle 9m Gro\u00dfe Diesel-\/Gas-Heizspr\u00fchkabine | 34000m\u00b3\/h Hoher Luftstrom | F\u00fcr Nutzfahrzeuge &amp; Industrielackierung"},"content":{"rendered":"<table style=\"height: 145px;\" width=\"826\">\n<tbody>\n<tr>\n<td width=\"142\"><strong><b>Mindestbestellmenge :<\/b><\/strong><\/td>\n<td width=\"142\">1 St\u00fcck<\/td>\n<td width=\"142\"><strong><b>Preis :<\/b><\/strong><\/td>\n<td width=\"142\">Verhandlungssache<\/td>\n<\/tr>\n<tr>\n<td width=\"142\"><strong><b>Verpackungsdetails :<\/b><\/strong><\/td>\n<td width=\"142\">40G oder 20GP\/Einheit<\/td>\n<td width=\"142\"><strong><b>Lieferzeit :<\/b><\/strong><\/td>\n<td width=\"142\">15 Tage, Verhandlungssache<\/td>\n<\/tr>\n<tr>\n<td width=\"142\"><strong><b>Zahlungsbedingungen :<\/b><\/strong><\/td>\n<td width=\"142\">L\/C, T\/T<\/td>\n<td width=\"142\"><strong><b>Lieferf\u00e4higkeit :<\/b><\/strong><\/td>\n<td width=\"142\">50 Einheiten\/Einheiten pro Monat Industrielle Spr\u00fchkabine Bus-Spr\u00fchkabine<\/td>\n<\/tr>\n<tr>\n<td width=\"142\"><strong><b>Herkunftsland:<\/b><\/strong><\/td>\n<td width=\"142\">Jiangsu, China<\/td>\n<td width=\"142\"><strong><b>Markenname:<\/b><\/strong><\/td>\n<td width=\"142\">Autoke<\/td>\n<\/tr>\n<tr>\n<td width=\"142\"><strong><b>Zertifizierung:<\/b><\/strong><\/td>\n<td width=\"142\">CE<\/td>\n<td width=\"142\"><strong><b>Modellnummer:<\/b><\/strong><\/td>\n<td width=\"142\">ATK-009D<\/td>\n<\/tr>\n<\/tbody>\n<\/table>\n<p class=\"ds-markdown-paragraph\"><strong>ATK-009D | 9m Gro\u00dfe Diesel-Hei\u00dfspritzkabine: Ein Leistungsstarker Arbeitsbereich f\u00fcr Nutzfahrzeuge &amp; Schwerindustrie-Beschichtungen<\/strong><\/p>\n<p class=\"ds-markdown-paragraph\">Der ATK-009D ist unsere Flaggschiff-Spritzkabine, die entwickelt wurde, um den Anforderungen beim Lackieren gro\u00dfer, \u00fcbergro\u00dfer Werkst\u00fccke gerecht zu werden. Er durchbricht r\u00e4umliche Grenzen mit einer Innenl\u00e4nge von 8,9 m und wurde umfassend in Bel\u00fcftungsleistung und struktureller St\u00e4rke aufger\u00fcstet. Ziel ist es, eine professionelle, hoch effiziente Beschichtungsumgebung f\u00fcr Busse, Frachtwagen, Spezialfahrzeuge und gro\u00dfe Industrieanlagen zu bieten.<\/p>\n<p class=\"ds-markdown-paragraph\"><strong>Kernvorteile &amp; Technische Spezifikationen:<\/strong><\/p>\n<ul>\n<li>\n<p class=\"ds-markdown-paragraph\"><strong>Gro\u00dfer Arbeitsbereich f\u00fcr Schwerlastanforderungen<\/strong>:<\/p>\n<ul>\n<li>\n<p class=\"ds-markdown-paragraph\">Ein ger\u00e4umiges Innenma\u00df von 8900\u00d73900\u00d72950 mm bietet ausreichend Platz f\u00fcr Man\u00f6vrierf\u00e4higkeit und Betrieb gro\u00dfer Fahrzeuge.<\/p>\n<\/li>\n<li>\n<p class=\"ds-markdown-paragraph\">Das verst\u00e4rkte Fundament, zusammengesetzt aus verzinkten Stahlblechen und Quadratrohren, umfasst vier zus\u00e4tzliche Hilfsschenkel und gew\u00e4hrleistet eine Tragf\u00e4higkeit von mindestens 5 Tonnen f\u00fcr zuverl\u00e4ssigen Betrieb.<\/p>\n<\/li>\n<\/ul>\n<\/li>\n<li>\n<p class=\"ds-markdown-paragraph\"><strong>Leistungsstarke Bel\u00fcftung f\u00fcr ein \u00dcberlegenes Umfeld<\/strong>:<\/p>\n<ul>\n<li>\n<p class=\"ds-markdown-paragraph\"><strong>Kernkraftwerk<\/strong>: Ausgestattet mit 2 leistungsstarken 7,5 kW Doppelansaug-Zentrifugalventilatoren (Gesamtzufluss: 34.000 m\u00b3\/h) und 1 Hochleistungs-11 kW Zentrifugal-Absaugventilator (Gesamtabzug: 30.000 m\u00b3\/h). Dies \u00fcbertrifft Standardmodelle bei weitem und entfernt sofort und kraftvoll gro\u00dfe Mengen an \u00dcberlack und L\u00f6sungsmitteld\u00e4mpfen.<\/p>\n<\/li>\n<li>\n<p class=\"ds-markdown-paragraph\"><strong>Flexibles Layout<\/strong>: Das mit Mineralwolle isolierte Ventilationsgeh\u00e4use (1,1\u00d72,2 m) kann je nach Standortbedingungen flexibel links, rechts oder hinten platziert werden.<\/p>\n<\/li>\n<\/ul>\n<\/li>\n<li>\n<p class=\"ds-markdown-paragraph\"><strong>Effiziente Dieselheizung f\u00fcr verschiedene Bedingungen<\/strong>:<\/p>\n<ul>\n<li>\n<p class=\"ds-markdown-paragraph\">Ausgestattet mit einem BAITO-Dieselbrenner (Gasoption verf\u00fcgbar) f\u00fcr schnelle Erw\u00e4rmung, erreicht innerhalb von 5-8 Minuten 40\u00b0C mit einer maximalen Backtemperatur von 80\u00b0C. Ideal f\u00fcr feuchte Umgebungen oder kalte Jahreszeiten, bietet wirtschaftliche Betriebskosten.<\/p>\n<\/li>\n<\/ul>\n<\/li>\n<li>\n<p class=\"ds-markdown-paragraph\"><strong>Au\u00dfergew\u00f6hnliche Struktur &amp; Filtration<\/strong>:<\/p>\n<ul>\n<li>\n<p class=\"ds-markdown-paragraph\"><strong>Robuste W\u00e4nde<\/strong>: 75 mm dicke doppellagige feuerfeste Farbblech-Rockwool-Paneele (Dichte: 100 kg\/m\u00b3) bieten hervorragende W\u00e4rmed\u00e4mmung, Schalld\u00e4mmung und Feuerbest\u00e4ndigkeit.<\/p>\n<\/li>\n<li>\n<p class=\"ds-markdown-paragraph\"><strong>Top-Tragf\u00e4higkeit<\/strong>: Verwendet 4*8-Profile aus Stahlquadratrohren als Haupttr\u00e4ger f\u00fcr strukturelle Stabilit\u00e4t.<\/p>\n<\/li>\n<li>\n<p class=\"ds-markdown-paragraph\"><strong>3-stufige Pr\u00e4zisionsfiltration<\/strong>: Prim\u00e4rfilter (&gt;10\u03bcm), hocheffizienter Deckenfilter (&gt;4\u03bcm, Effizienz &gt;98%) und Doppel-Lagen-Bodenfilter (Mehrschicht-Glasfaser) sorgen f\u00fcr eine saubere, staubfreie Lackieroberfl\u00e4che.<\/p>\n<\/li>\n<\/ul>\n<\/li>\n<li>\n<p class=\"ds-markdown-paragraph\"><strong>Umfassende Beleuchtung &amp; Intelligente Steuerung<\/strong>:<\/p>\n<ul>\n<li>\n<p class=\"ds-markdown-paragraph\"><strong>Professionelle Beleuchtung<\/strong>: 40 St\u00fcck 18W 45\u00b0 Winkel-LED-Deckenleuchten und 12 St\u00fcck 48W Seitenwand-LED-Leuchten sorgen f\u00fcr gleichm\u00e4\u00dfige, schattenfreie Beleuchtung.<\/p>\n<\/li>\n<li>\n<p class=\"ds-markdown-paragraph\"><strong>Intelligente Steuerung<\/strong>: Integrierte Steuerungseinheit mit Funktionen f\u00fcr Beleuchtung, Spr\u00fchmodus, Backmodus, Temperatur-\/Zeiteinstellung und Not-Aus f\u00fcr intuitive Bedienung.<\/p>\n<\/li>\n<\/ul>\n<\/li>\n<\/ul>\n<p class=\"ds-markdown-paragraph\"><strong>Standard-Spezifikations\u00fcbersicht:<\/strong><\/p>\n<ul>\n<li>\n<p class=\"ds-markdown-paragraph\"><strong>Modell<\/strong>: ATK-009D<\/p>\n<\/li>\n<li>\n<p class=\"ds-markdown-paragraph\"><strong>Externe\/Innentoleranzen<\/strong>: 9000\u00d74000\u00d73500mm \/ 8900\u00d73900\u00d72950mm<\/p>\n<\/li>\n<li>\n<p class=\"ds-markdown-paragraph\"><strong>Heizungstyp<\/strong>: Diesel-\/Gasheizung<\/p>\n<\/li>\n<li>\n<p class=\"ds-markdown-paragraph\"><strong>Bel\u00fcftungsleistung<\/strong>: Versorgung 2\u00d77,5KW + Abluft 1\u00d711KW<\/p>\n<\/li>\n<li>\n<p class=\"ds-markdown-paragraph\"><strong>Verpackung &amp; Versand<\/strong>: Ca. 19 CBM, 3500kg, empfohlen f\u00fcr Einzelversand in einem 20GP-Container.<\/p>\n<\/li>\n<\/ul>\n<p class=\"ds-markdown-paragraph\"><strong>Zielanwendungen:<\/strong><br \/>\nWartungszentren f\u00fcr den \u00f6ffentlichen Nahverkehr (Busse, Reisebusse), Karosseriewerkst\u00e4tten f\u00fcr Logistikflotten (Schwerlast-Lkw, Anh\u00e4nger), Fertigungs- und Renovierungsanlagen f\u00fcr Baumaschinen (Bagger, Lader), landwirtschaftliche Ger\u00e4tehersteller und Beschichtungsbetriebe f\u00fcr Schiffskomponenten und gro\u00dfe Industrieanlagengeh\u00e4use.<\/p>\n<p class=\"ds-markdown-paragraph\">Der ATK-009D repr\u00e4sentiert unser tiefgehendes Verst\u00e4ndnis und unsere technische Expertise in gro\u00df angelegten Lackieranwendungen. F\u00fcr detaillierte Konfigurationsoptionen, Installationsplanung oder um ein ma\u00dfgeschneidertes Angebot und einen Kostenvoranschlag f\u00fcr Ihr spezielles Projekt zu erhalten, kontaktieren Sie bitte unsere professionellen technischen Berater.<\/p>","protected":false},"excerpt":{"rendered":"<p>Der ATK-009D ist f\u00fcr das Lackieren gro\u00dfer Fahrzeuge und Werkst\u00fccke konzipiert. Mit seinem gro\u00dfz\u00fcgigen Innenraum von 9 m, einem leistungsstarken Bel\u00fcftungssystem (Gesamtluftstrom 34.000 m\u00b3\/h) und effizienter Dieselheizung sorgt er f\u00fcr schnelle Erw\u00e4rmung und effektive \u00dcberlackierung. Er ist die ideale L\u00f6sung f\u00fcr die Beschichtung von Bussen, Lastwagen und gro\u00dfen Industrieanlagen.<\/p>","protected":false},"featured_media":3196,"comment_status":"open","ping_status":"closed","template":"","meta":[],"product_brand":[76],"product_cat":[60,59],"product_tag":[79,73,63,72,68,65,64,70],"class_list":{"0":"post-3215","1":"product","2":"type-product","3":"status-publish","4":"has-post-thumbnail","6":"product_brand-autoke","7":"product_cat-car-spray-booth","8":"product_cat-spray-booth","9":"product_tag-automotive-spray-booth","10":"product_tag-automotive-spray-booth-manufacturer","11":"product_tag-car-spray-booth","12":"product_tag-car-spray-booth-factory","13":"product_tag-customized-car-spray-booth","14":"product_tag-efficient-car-spray-booth","15":"product_tag-environmentally-friendly-car-spray-booth","16":"product_tag-high-quality-spray-booths","18":"first","19":"instock","20":"shipping-taxable","21":"product-type-simple"},"yoast_head":"<!-- This site is optimized with the Yoast SEO plugin v27.4 - https:\/\/yoast.com\/product\/yoast-seo-wordpress\/ -->\n<title>ATK-009D Industrial 9m Large Diesel\/Gas Heating Spray Booth | 34000m\u00b3\/h High Airflow | For Commercial Vehicles &amp; Industrial Coating - Autoke-China Paint Booth Manufacturer<\/title>\n<meta name=\"robots\" content=\"index, follow, max-snippet:-1, max-image-preview:large, max-video-preview:-1\" \/>\n<link rel=\"canonical\" href=\"https:\/\/sprayboothmanufacturer.com\/de\/product\/industrial-9m-large-diesel-gas-heating-spray-booth\/\" \/>\n<meta property=\"og:locale\" content=\"de_DE\" \/>\n<meta property=\"og:type\" content=\"article\" \/>\n<meta property=\"og:title\" content=\"ATK-009D Industrial 9m Large Diesel\/Gas Heating Spray Booth | 34000m\u00b3\/h High Airflow | For Commercial Vehicles &amp; Industrial Coating - Autoke-China Paint Booth Manufacturer\" \/>\n<meta property=\"og:description\" content=\"The ATK-009D is engineered for painting large vehicles and workpieces. With its expansive 9m interior, powerful ventilation system (total airflow 34,000 m\u00b3\/h), and efficient diesel heating, it ensures rapid heating and effective overspray removal. It is the ideal solution for buses, trucks, and large industrial equipment coating.\" \/>\n<meta property=\"og:url\" content=\"https:\/\/sprayboothmanufacturer.com\/de\/product\/industrial-9m-large-diesel-gas-heating-spray-booth\/\" \/>\n<meta property=\"og:site_name\" content=\"Autoke-China Paint Booth Manufacturer\" \/>\n<meta property=\"article:modified_time\" content=\"2026-02-03T10:56:44+00:00\" \/>\n<meta property=\"og:image\" content=\"https:\/\/sprayboothmanufacturer.com\/wp-content\/uploads\/2026\/02\/28.png\" \/>\n\t<meta property=\"og:image:width\" content=\"800\" \/>\n\t<meta property=\"og:image:height\" content=\"800\" \/>\n\t<meta property=\"og:image:type\" content=\"image\/png\" \/>\n<meta name=\"twitter:card\" content=\"summary_large_image\" \/>\n<meta name=\"twitter:label1\" content=\"Gesch\u00e4tzte Lesezeit\" \/>\n\t<meta name=\"twitter:data1\" content=\"3\u00a0Minuten\" \/>\n<script type=\"application\/ld+json\" class=\"yoast-schema-graph\">{\"@context\":\"https:\\\/\\\/schema.org\",\"@graph\":[{\"@type\":\"WebPage\",\"@id\":\"https:\\\/\\\/sprayboothmanufacturer.com\\\/product\\\/industrial-9m-large-diesel-gas-heating-spray-booth\\\/\",\"url\":\"https:\\\/\\\/sprayboothmanufacturer.com\\\/product\\\/industrial-9m-large-diesel-gas-heating-spray-booth\\\/\",\"name\":\"ATK-009D Industrial 9m Large Diesel\\\/Gas Heating Spray Booth | 34000m\u00b3\\\/h High Airflow | For Commercial Vehicles & Industrial Coating - Autoke-China Paint Booth Manufacturer\",\"isPartOf\":{\"@id\":\"https:\\\/\\\/sprayboothmanufacturer.com\\\/#website\"},\"primaryImageOfPage\":{\"@id\":\"https:\\\/\\\/sprayboothmanufacturer.com\\\/product\\\/industrial-9m-large-diesel-gas-heating-spray-booth\\\/#primaryimage\"},\"image\":{\"@id\":\"https:\\\/\\\/sprayboothmanufacturer.com\\\/product\\\/industrial-9m-large-diesel-gas-heating-spray-booth\\\/#primaryimage\"},\"thumbnailUrl\":\"https:\\\/\\\/sprayboothmanufacturer.com\\\/wp-content\\\/uploads\\\/2026\\\/02\\\/28.png\",\"datePublished\":\"2026-02-03T10:35:21+00:00\",\"dateModified\":\"2026-02-03T10:56:44+00:00\",\"breadcrumb\":{\"@id\":\"https:\\\/\\\/sprayboothmanufacturer.com\\\/product\\\/industrial-9m-large-diesel-gas-heating-spray-booth\\\/#breadcrumb\"},\"inLanguage\":\"de\",\"potentialAction\":[{\"@type\":\"ReadAction\",\"target\":[\"https:\\\/\\\/sprayboothmanufacturer.com\\\/product\\\/industrial-9m-large-diesel-gas-heating-spray-booth\\\/\"]}]},{\"@type\":\"ImageObject\",\"inLanguage\":\"de\",\"@id\":\"https:\\\/\\\/sprayboothmanufacturer.com\\\/product\\\/industrial-9m-large-diesel-gas-heating-spray-booth\\\/#primaryimage\",\"url\":\"https:\\\/\\\/sprayboothmanufacturer.com\\\/wp-content\\\/uploads\\\/2026\\\/02\\\/28.png\",\"contentUrl\":\"https:\\\/\\\/sprayboothmanufacturer.com\\\/wp-content\\\/uploads\\\/2026\\\/02\\\/28.png\",\"width\":800,\"height\":800},{\"@type\":\"BreadcrumbList\",\"@id\":\"https:\\\/\\\/sprayboothmanufacturer.com\\\/product\\\/industrial-9m-large-diesel-gas-heating-spray-booth\\\/#breadcrumb\",\"itemListElement\":[{\"@type\":\"ListItem\",\"position\":1,\"name\":\"Home\",\"item\":\"https:\\\/\\\/sprayboothmanufacturer.com\\\/\"},{\"@type\":\"ListItem\",\"position\":2,\"name\":\"\u4ea7\u54c1\",\"item\":\"https:\\\/\\\/sprayboothmanufacturer.com\\\/shop__trashed\\\/\"},{\"@type\":\"ListItem\",\"position\":3,\"name\":\"ATK-009D Industrial 9m Large Diesel\\\/Gas Heating Spray Booth | 34000m\u00b3\\\/h High Airflow | For Commercial Vehicles &#038; Industrial Coating\"}]},{\"@type\":\"WebSite\",\"@id\":\"https:\\\/\\\/sprayboothmanufacturer.com\\\/#website\",\"url\":\"https:\\\/\\\/sprayboothmanufacturer.com\\\/\",\"name\":\"Autoke-China Paint Booth Manufacturer\",\"description\":\"\",\"publisher\":{\"@id\":\"https:\\\/\\\/sprayboothmanufacturer.com\\\/#organization\"},\"potentialAction\":[{\"@type\":\"SearchAction\",\"target\":{\"@type\":\"EntryPoint\",\"urlTemplate\":\"https:\\\/\\\/sprayboothmanufacturer.com\\\/?s={search_term_string}\"},\"query-input\":{\"@type\":\"PropertyValueSpecification\",\"valueRequired\":true,\"valueName\":\"search_term_string\"}}],\"inLanguage\":\"de\"},{\"@type\":\"Organization\",\"@id\":\"https:\\\/\\\/sprayboothmanufacturer.com\\\/#organization\",\"name\":\"Autoke-China Paint Booth Manufacturer\",\"url\":\"https:\\\/\\\/sprayboothmanufacturer.com\\\/\",\"logo\":{\"@type\":\"ImageObject\",\"inLanguage\":\"de\",\"@id\":\"https:\\\/\\\/sprayboothmanufacturer.com\\\/#\\\/schema\\\/logo\\\/image\\\/\",\"url\":\"https:\\\/\\\/sprayboothmanufacturer.com\\\/wp-content\\\/uploads\\\/2025\\\/12\\\/\u5fae\u4fe1\u56fe\u7247_20260113195103_1750_4-scaled-e1768394147958.png\",\"contentUrl\":\"https:\\\/\\\/sprayboothmanufacturer.com\\\/wp-content\\\/uploads\\\/2025\\\/12\\\/\u5fae\u4fe1\u56fe\u7247_20260113195103_1750_4-scaled-e1768394147958.png\",\"width\":1740,\"height\":538,\"caption\":\"Autoke-China Paint Booth Manufacturer\"},\"image\":{\"@id\":\"https:\\\/\\\/sprayboothmanufacturer.com\\\/#\\\/schema\\\/logo\\\/image\\\/\"}}]}<\/script>\n<!-- \/ Yoast SEO plugin. -->","yoast_head_json":{"title":"ATK-009D Industrielle 9m Gro\u00dfe Diesel-\/Gas-Hei\u00dfspritzkabine | 34000m\u00b3\/h hoher Luftdurchsatz | F\u00fcr Nutzfahrzeuge &amp; Industrieanstriche - Autoke-China Lackierkabinenhersteller","robots":{"index":"index","follow":"follow","max-snippet":"max-snippet:-1","max-image-preview":"max-image-preview:large","max-video-preview":"max-video-preview:-1"},"canonical":"https:\/\/sprayboothmanufacturer.com\/de\/product\/industrial-9m-large-diesel-gas-heating-spray-booth\/","og_locale":"de_DE","og_type":"article","og_title":"ATK-009D Industrial 9m Large Diesel\/Gas Heating Spray Booth | 34000m\u00b3\/h High Airflow | For Commercial Vehicles & Industrial Coating - Autoke-China Paint Booth Manufacturer","og_description":"The ATK-009D is engineered for painting large vehicles and workpieces. With its expansive 9m interior, powerful ventilation system (total airflow 34,000 m\u00b3\/h), and efficient diesel heating, it ensures rapid heating and effective overspray removal. It is the ideal solution for buses, trucks, and large industrial equipment coating.","og_url":"https:\/\/sprayboothmanufacturer.com\/de\/product\/industrial-9m-large-diesel-gas-heating-spray-booth\/","og_site_name":"Autoke-China Paint Booth Manufacturer","article_modified_time":"2026-02-03T10:56:44+00:00","og_image":[{"width":800,"height":800,"url":"https:\/\/sprayboothmanufacturer.com\/wp-content\/uploads\/2026\/02\/28.png","type":"image\/png"}],"twitter_card":"summary_large_image","twitter_misc":{"Gesch\u00e4tzte Lesezeit":"3\u00a0Minuten"},"schema":{"@context":"https:\/\/schema.org","@graph":[{"@type":"WebPage","@id":"https:\/\/sprayboothmanufacturer.com\/product\/industrial-9m-large-diesel-gas-heating-spray-booth\/","url":"https:\/\/sprayboothmanufacturer.com\/product\/industrial-9m-large-diesel-gas-heating-spray-booth\/","name":"ATK-009D Industrielle 9m Gro\u00dfe Diesel-\/Gas-Hei\u00dfspritzkabine | 34000m\u00b3\/h hoher Luftdurchsatz | F\u00fcr Nutzfahrzeuge &amp; Industrieanstriche - Autoke-China Lackierkabinenhersteller","isPartOf":{"@id":"https:\/\/sprayboothmanufacturer.com\/#website"},"primaryImageOfPage":{"@id":"https:\/\/sprayboothmanufacturer.com\/product\/industrial-9m-large-diesel-gas-heating-spray-booth\/#primaryimage"},"image":{"@id":"https:\/\/sprayboothmanufacturer.com\/product\/industrial-9m-large-diesel-gas-heating-spray-booth\/#primaryimage"},"thumbnailUrl":"https:\/\/sprayboothmanufacturer.com\/wp-content\/uploads\/2026\/02\/28.png","datePublished":"2026-02-03T10:35:21+00:00","dateModified":"2026-02-03T10:56:44+00:00","breadcrumb":{"@id":"https:\/\/sprayboothmanufacturer.com\/product\/industrial-9m-large-diesel-gas-heating-spray-booth\/#breadcrumb"},"inLanguage":"de","potentialAction":[{"@type":"ReadAction","target":["https:\/\/sprayboothmanufacturer.com\/product\/industrial-9m-large-diesel-gas-heating-spray-booth\/"]}]},{"@type":"ImageObject","inLanguage":"de","@id":"https:\/\/sprayboothmanufacturer.com\/product\/industrial-9m-large-diesel-gas-heating-spray-booth\/#primaryimage","url":"https:\/\/sprayboothmanufacturer.com\/wp-content\/uploads\/2026\/02\/28.png","contentUrl":"https:\/\/sprayboothmanufacturer.com\/wp-content\/uploads\/2026\/02\/28.png","width":800,"height":800},{"@type":"BreadcrumbList","@id":"https:\/\/sprayboothmanufacturer.com\/product\/industrial-9m-large-diesel-gas-heating-spray-booth\/#breadcrumb","itemListElement":[{"@type":"ListItem","position":1,"name":"Home","item":"https:\/\/sprayboothmanufacturer.com\/"},{"@type":"ListItem","position":2,"name":"\u4ea7\u54c1","item":"https:\/\/sprayboothmanufacturer.com\/shop__trashed\/"},{"@type":"ListItem","position":3,"name":"ATK-009D Industrial 9m Large Diesel\/Gas Heating Spray Booth | 34000m\u00b3\/h High Airflow | For Commercial Vehicles &#038; Industrial Coating"}]},{"@type":"WebSite","@id":"https:\/\/sprayboothmanufacturer.com\/#website","url":"https:\/\/sprayboothmanufacturer.com\/","name":"Autoke-Deutschland Lackierkabinenhersteller","description":"","publisher":{"@id":"https:\/\/sprayboothmanufacturer.com\/#organization"},"potentialAction":[{"@type":"SearchAction","target":{"@type":"EntryPoint","urlTemplate":"https:\/\/sprayboothmanufacturer.com\/?s={search_term_string}"},"query-input":{"@type":"PropertyValueSpecification","valueRequired":true,"valueName":"search_term_string"}}],"inLanguage":"de"},{"@type":"Organization","@id":"https:\/\/sprayboothmanufacturer.com\/#organization","name":"Autoke-Deutschland Lackierkabinenhersteller","url":"https:\/\/sprayboothmanufacturer.com\/","logo":{"@type":"ImageObject","inLanguage":"de","@id":"https:\/\/sprayboothmanufacturer.com\/#\/schema\/logo\/image\/","url":"https:\/\/sprayboothmanufacturer.com\/wp-content\/uploads\/2025\/12\/\u5fae\u4fe1\u56fe\u7247_20260113195103_1750_4-scaled-e1768394147958.png","contentUrl":"https:\/\/sprayboothmanufacturer.com\/wp-content\/uploads\/2025\/12\/\u5fae\u4fe1\u56fe\u7247_20260113195103_1750_4-scaled-e1768394147958.png","width":1740,"height":538,"caption":"Autoke-China Paint Booth Manufacturer"},"image":{"@id":"https:\/\/sprayboothmanufacturer.com\/#\/schema\/logo\/image\/"}}]}},"_links":{"self":[{"href":"https:\/\/sprayboothmanufacturer.com\/de\/wp-json\/wp\/v2\/product\/3215","targetHints":{"allow":["GET"]}}],"collection":[{"href":"https:\/\/sprayboothmanufacturer.com\/de\/wp-json\/wp\/v2\/product"}],"about":[{"href":"https:\/\/sprayboothmanufacturer.com\/de\/wp-json\/wp\/v2\/types\/product"}],"replies":[{"embeddable":true,"href":"https:\/\/sprayboothmanufacturer.com\/de\/wp-json\/wp\/v2\/comments?post=3215"}],"version-history":[{"count":1,"href":"https:\/\/sprayboothmanufacturer.com\/de\/wp-json\/wp\/v2\/product\/3215\/revisions"}],"predecessor-version":[{"id":3216,"href":"https:\/\/sprayboothmanufacturer.com\/de\/wp-json\/wp\/v2\/product\/3215\/revisions\/3216"}],"wp:featuredmedia":[{"embeddable":true,"href":"https:\/\/sprayboothmanufacturer.com\/de\/wp-json\/wp\/v2\/media\/3196"}],"wp:attachment":[{"href":"https:\/\/sprayboothmanufacturer.com\/de\/wp-json\/wp\/v2\/media?parent=3215"}],"wp:term":[{"taxonomy":"product_brand","embeddable":true,"href":"https:\/\/sprayboothmanufacturer.com\/de\/wp-json\/wp\/v2\/product_brand?post=3215"},{"taxonomy":"product_cat","embeddable":true,"href":"https:\/\/sprayboothmanufacturer.com\/de\/wp-json\/wp\/v2\/product_cat?post=3215"},{"taxonomy":"product_tag","embeddable":true,"href":"https:\/\/sprayboothmanufacturer.com\/de\/wp-json\/wp\/v2\/product_tag?post=3215"}],"curies":[{"name":"wp","href":"https:\/\/api.w.org\/{rel}","templated":true}]}}