{"id":3208,"date":"2026-02-03T08:51:27","date_gmt":"2026-02-03T08:51:27","guid":{"rendered":"https:\/\/sprayboothmanufacturer.com\/?post_type=product&#038;p=3208"},"modified":"2026-02-03T08:51:27","modified_gmt":"2026-02-03T08:51:27","slug":"luxury-spray-booth-complete-package","status":"publish","type":"product","link":"https:\/\/sprayboothmanufacturer.com\/de\/product\/luxury-spray-booth-complete-package\/","title":{"rendered":"ATK-008C Professionelle 8m Luxus-Spritzkabine Komplettpaket | Mit Vorbereitungs- &amp; Mischraum | Modulare Lackierl\u00f6sung f\u00fcr industrielle Nutzung"},"content":{"rendered":"<table style=\"height: 366px;\" width=\"755\">\n<tbody>\n<tr>\n<td width=\"142\"><strong><b>Mindestbestellmenge :<\/b><\/strong><\/td>\n<td width=\"142\">1 St\u00fcck<\/td>\n<td width=\"142\"><strong><b>Preis :<\/b><\/strong><\/td>\n<td width=\"142\">Verhandlungssache<\/td>\n<\/tr>\n<tr>\n<td width=\"142\"><strong><b>Verpackungsdetails :<\/b><\/strong><\/td>\n<td width=\"142\">40G oder 20GP\/Einheit<\/td>\n<td width=\"142\"><strong><b>Lieferzeit :<\/b><\/strong><\/td>\n<td width=\"142\">15 Tage, Verhandlungssache<\/td>\n<\/tr>\n<tr>\n<td width=\"142\"><strong><b>Zahlungsbedingungen :<\/b><\/strong><\/td>\n<td width=\"142\">L\/C, T\/T<\/td>\n<td width=\"142\"><strong><b>Lieferf\u00e4higkeit :<\/b><\/strong><\/td>\n<td width=\"142\">50 Einheiten\/Einheiten pro Monat Industrielle Spr\u00fchkabine Bus-Spr\u00fchkabine<\/td>\n<\/tr>\n<tr>\n<td width=\"142\"><strong><b>Herkunftsland:<\/b><\/strong><\/td>\n<td width=\"142\">Jiangsu, China<\/td>\n<td width=\"142\"><strong><b>Markenname:<\/b><\/strong><\/td>\n<td width=\"142\">Autoke<\/td>\n<\/tr>\n<tr>\n<td width=\"142\"><strong><b>Zertifizierung:<\/b><\/strong><\/td>\n<td width=\"142\">CE<\/td>\n<td width=\"142\"><strong><b>Modellnummer:<\/b><\/strong><\/td>\n<td width=\"142\">ATK-008C<\/td>\n<\/tr>\n<\/tbody>\n<\/table>\n<p class=\"ds-markdown-paragraph\"><strong>ATK-008C 8m Luxus-Spritzkabine Komplettl\u00f6sung f\u00fcr Werkst\u00e4tten<\/strong><\/p>\n<p class=\"ds-markdown-paragraph\">Das ATK-008C ist eine integrierte professionelle Lackierwerkstattl\u00f6sung, die eine Hauptspritzkabine, einen Vorbereitungsraum und einen Lackmischraum zu einem effizienten, umweltkonformen System vereint.<\/p>\n<p class=\"ds-markdown-paragraph\"><strong>Systemkomponenten:<\/strong><\/p>\n<ol start=\"1\">\n<li>\n<p class=\"ds-markdown-paragraph\"><strong>8m Hauptspritzkabine<\/strong><\/p>\n<ul>\n<li>\n<p class=\"ds-markdown-paragraph\">Abmessungen: 8000\u00d74500\u00d74200mm (au\u00dfen), 7900\u00d74400\u00d73500mm (innen)<\/p>\n<\/li>\n<li>\n<p class=\"ds-markdown-paragraph\">Heizungssystem: Dieselheizung (elektrisch optional) mit RIELLO FS20 Brenner; heizt in 5\u20138 Minuten auf 40\u00b0C, max. 80\u00b0C<\/p>\n<\/li>\n<li>\n<p class=\"ds-markdown-paragraph\">Bel\u00fcftung: 2\u00d74KW Zuluftventilatoren (30.000 m\u00b3\/h) + 1\u00d75,5KW Abluftventilator (19.000 m\u00b3\/h)<\/p>\n<\/li>\n<li>\n<p class=\"ds-markdown-paragraph\">Filtration: Dreistufiges System (Prim\u00e4r &gt;10\u03bcm, Decke &gt;4\u03bcm, Boden Mehrschicht-Glasfaser) f\u00fcr staubfreie Arbeit<\/p>\n<\/li>\n<li>\n<p class=\"ds-markdown-paragraph\">Struktur: Doppelwandige feuerfeste Farb-Stahl-Rockwool-Paneele (100KG\/m\u00b3), verzinktes Dach, verst\u00e4rkte verzinkte Basis (5t+ Kapazit\u00e4t)<\/p>\n<\/li>\n<\/ul>\n<\/li>\n<li>\n<p class=\"ds-markdown-paragraph\"><strong>Eigenst\u00e4ndiger Vorbereitungsraum<\/strong><\/p>\n<ul>\n<li>\n<p class=\"ds-markdown-paragraph\">Gleiches Grundrissma\u00df wie die Hauptkabine, inklusive eigenst\u00e4ndiger Trockenschleifstaubabsaugfilterbox<\/p>\n<\/li>\n<li>\n<p class=\"ds-markdown-paragraph\">Effektives 7,5KW-Abluftsystem erfasst Schleifstaub zuverl\u00e4ssig<\/p>\n<\/li>\n<li>\n<p class=\"ds-markdown-paragraph\">Ideal f\u00fcr Karosserieinstandsetzung, Schleifen und Vorbehandlungsarbeiten<\/p>\n<\/li>\n<\/ul>\n<\/li>\n<li>\n<p class=\"ds-markdown-paragraph\"><strong>Professioneller Lackmischraum<\/strong><\/p>\n<ul>\n<li>\n<p class=\"ds-markdown-paragraph\">Abmessungen: 3000\u00d74000\u00d73350mm (au\u00dfen)<\/p>\n<\/li>\n<li>\n<p class=\"ds-markdown-paragraph\">Ausgestattet mit professionellem Lackmischschrank f\u00fcr pr\u00e4zise Farbangleichung und Dunstkontrolle<\/p>\n<\/li>\n<li>\n<p class=\"ds-markdown-paragraph\">Abgeschlossener Raum sorgt f\u00fcr Farbkonsistenz und verhindert Kreuzkontamination<\/p>\n<\/li>\n<\/ul>\n<\/li>\n<\/ol>\n<p class=\"ds-markdown-paragraph\"><strong>Wichtigste Vorteile:<\/strong><\/p>\n<ul>\n<li>\n<p class=\"ds-markdown-paragraph\"><strong>Optimierter Arbeitsablauf<\/strong>: Drei-Zonen-Trennung verhindert Interferenzen zwischen den Prozessen<\/p>\n<\/li>\n<li>\n<p class=\"ds-markdown-paragraph\"><strong>Energieeffizienz<\/strong>: Dieselkraftstoffheizung eignet sich f\u00fcr Bereiche mit unstabiler Stromversorgung, mit kontrollierbaren Betriebskosten<\/p>\n<\/li>\n<li>\n<p class=\"ds-markdown-paragraph\"><strong>Umweltkonformit\u00e4t<\/strong>: Hochleistungssfiltration und Staubabsaugung erf\u00fcllen Umweltstandards<\/p>\n<\/li>\n<li>\n<p class=\"ds-markdown-paragraph\"><strong>Flexibles Layout<\/strong>: Gebl\u00e4sekabine kann auf der linken, rechten oder R\u00fcckseite platziert werden, um verschiedene Werkstattlayouts anzupassen<\/p>\n<\/li>\n<\/ul>\n<p class=\"ds-markdown-paragraph\"><strong>Ideal F\u00fcr:<\/strong>\u00a0Gro\u00dfe Kfz-Reparaturwerkst\u00e4tten, Karosserie- und Lackzentren, Bus- und LKW-Wartungsanlagen sowie industrielle Beschichtungswerkst\u00e4tten.<\/p>","protected":false},"excerpt":{"rendered":"<p>Das ATK-008C ist ein komplettes professionelles Lackiersystem mit einer 8 m langen Hauptspritzkabine, einem eigenen Vorbereitungsraum und einem Lackmischraum. Ausgestattet mit effizienter Dieselheizung, leistungsstarker Bel\u00fcftung und einem Dreistufen-Filtersystem ist es ideal f\u00fcr die Automobilreparatur, Karosseriewerkst\u00e4tten und industrielle Beschichtungsanwendungen, um die Arbeitsablauf-Effizienz und die Oberfl\u00e4chenqualit\u00e4t zu verbessern.<\/p>","protected":false},"featured_media":3195,"comment_status":"open","ping_status":"closed","template":"","meta":[],"product_brand":[],"product_cat":[60,59],"product_tag":[75,74,79,73,66,69,68],"class_list":{"0":"post-3208","1":"product","2":"type-product","3":"status-publish","4":"has-post-thumbnail","6":"product_cat-car-spray-booth","7":"product_cat-spray-booth","8":"product_tag-8m-diesel-car-paint-booth","9":"product_tag-8m-electric-car-paint-booth","10":"product_tag-automotive-spray-booth","11":"product_tag-automotive-spray-booth-manufacturer","12":"product_tag-car-spray-booth-manufacturer","13":"product_tag-ce-car-spray-booth","14":"product_tag-customized-car-spray-booth","16":"first","17":"instock","18":"shipping-taxable","19":"product-type-simple"},"yoast_head":"<!-- This site is optimized with the Yoast SEO plugin v27.4 - https:\/\/yoast.com\/product\/yoast-seo-wordpress\/ -->\n<title>ATK-008C Professional 8m Luxury Spray Booth Complete Package | With Preparation &amp; Mixing Room | Modular Painting Solution for Industrial Use - Autoke-China Paint Booth Manufacturer<\/title>\n<meta name=\"robots\" content=\"index, follow, max-snippet:-1, max-image-preview:large, max-video-preview:-1\" \/>\n<link rel=\"canonical\" href=\"https:\/\/sprayboothmanufacturer.com\/de\/product\/luxury-spray-booth-complete-package\/\" \/>\n<meta property=\"og:locale\" content=\"de_DE\" \/>\n<meta property=\"og:type\" content=\"article\" \/>\n<meta property=\"og:title\" content=\"ATK-008C Professional 8m Luxury Spray Booth Complete Package | With Preparation &amp; Mixing Room | Modular Painting Solution for Industrial Use - Autoke-China Paint Booth Manufacturer\" \/>\n<meta property=\"og:description\" content=\"The ATK-008C is a complete professional painting system featuring an 8m main spray booth, a dedicated preparation room, and a paint mixing room. Equipped with efficient diesel heating, powerful ventilation, and a three-stage filtration system, it is ideal for automotive repair, body shops, and industrial coating applications, enhancing workflow efficiency and finish quality.\" \/>\n<meta property=\"og:url\" content=\"https:\/\/sprayboothmanufacturer.com\/de\/product\/luxury-spray-booth-complete-package\/\" \/>\n<meta property=\"og:site_name\" content=\"Autoke-China Paint Booth Manufacturer\" \/>\n<meta property=\"og:image\" content=\"https:\/\/sprayboothmanufacturer.com\/wp-content\/uploads\/2026\/02\/27.png\" \/>\n\t<meta property=\"og:image:width\" content=\"800\" \/>\n\t<meta property=\"og:image:height\" content=\"800\" \/>\n\t<meta property=\"og:image:type\" content=\"image\/png\" \/>\n<meta name=\"twitter:card\" content=\"summary_large_image\" \/>\n<meta name=\"twitter:label1\" content=\"Gesch\u00e4tzte Lesezeit\" \/>\n\t<meta name=\"twitter:data1\" content=\"2\u00a0Minuten\" \/>\n<script type=\"application\/ld+json\" class=\"yoast-schema-graph\">{\"@context\":\"https:\\\/\\\/schema.org\",\"@graph\":[{\"@type\":\"WebPage\",\"@id\":\"https:\\\/\\\/sprayboothmanufacturer.com\\\/product\\\/luxury-spray-booth-complete-package\\\/\",\"url\":\"https:\\\/\\\/sprayboothmanufacturer.com\\\/product\\\/luxury-spray-booth-complete-package\\\/\",\"name\":\"ATK-008C Professional 8m Luxury Spray Booth Complete Package | With Preparation & Mixing Room | Modular Painting Solution for Industrial Use - Autoke-China Paint Booth Manufacturer\",\"isPartOf\":{\"@id\":\"https:\\\/\\\/sprayboothmanufacturer.com\\\/#website\"},\"primaryImageOfPage\":{\"@id\":\"https:\\\/\\\/sprayboothmanufacturer.com\\\/product\\\/luxury-spray-booth-complete-package\\\/#primaryimage\"},\"image\":{\"@id\":\"https:\\\/\\\/sprayboothmanufacturer.com\\\/product\\\/luxury-spray-booth-complete-package\\\/#primaryimage\"},\"thumbnailUrl\":\"https:\\\/\\\/sprayboothmanufacturer.com\\\/wp-content\\\/uploads\\\/2026\\\/02\\\/27.png\",\"datePublished\":\"2026-02-03T08:51:27+00:00\",\"breadcrumb\":{\"@id\":\"https:\\\/\\\/sprayboothmanufacturer.com\\\/product\\\/luxury-spray-booth-complete-package\\\/#breadcrumb\"},\"inLanguage\":\"de\",\"potentialAction\":[{\"@type\":\"ReadAction\",\"target\":[\"https:\\\/\\\/sprayboothmanufacturer.com\\\/product\\\/luxury-spray-booth-complete-package\\\/\"]}]},{\"@type\":\"ImageObject\",\"inLanguage\":\"de\",\"@id\":\"https:\\\/\\\/sprayboothmanufacturer.com\\\/product\\\/luxury-spray-booth-complete-package\\\/#primaryimage\",\"url\":\"https:\\\/\\\/sprayboothmanufacturer.com\\\/wp-content\\\/uploads\\\/2026\\\/02\\\/27.png\",\"contentUrl\":\"https:\\\/\\\/sprayboothmanufacturer.com\\\/wp-content\\\/uploads\\\/2026\\\/02\\\/27.png\",\"width\":800,\"height\":800,\"caption\":\"Automotive Paint Booth\"},{\"@type\":\"BreadcrumbList\",\"@id\":\"https:\\\/\\\/sprayboothmanufacturer.com\\\/product\\\/luxury-spray-booth-complete-package\\\/#breadcrumb\",\"itemListElement\":[{\"@type\":\"ListItem\",\"position\":1,\"name\":\"Home\",\"item\":\"https:\\\/\\\/sprayboothmanufacturer.com\\\/\"},{\"@type\":\"ListItem\",\"position\":2,\"name\":\"\u4ea7\u54c1\",\"item\":\"https:\\\/\\\/sprayboothmanufacturer.com\\\/shop__trashed\\\/\"},{\"@type\":\"ListItem\",\"position\":3,\"name\":\"ATK-008C Professional 8m Luxury Spray Booth Complete Package | With Preparation &#038; Mixing Room | Modular Painting Solution for Industrial Use\"}]},{\"@type\":\"WebSite\",\"@id\":\"https:\\\/\\\/sprayboothmanufacturer.com\\\/#website\",\"url\":\"https:\\\/\\\/sprayboothmanufacturer.com\\\/\",\"name\":\"Autoke-China Paint Booth Manufacturer\",\"description\":\"\",\"publisher\":{\"@id\":\"https:\\\/\\\/sprayboothmanufacturer.com\\\/#organization\"},\"potentialAction\":[{\"@type\":\"SearchAction\",\"target\":{\"@type\":\"EntryPoint\",\"urlTemplate\":\"https:\\\/\\\/sprayboothmanufacturer.com\\\/?s={search_term_string}\"},\"query-input\":{\"@type\":\"PropertyValueSpecification\",\"valueRequired\":true,\"valueName\":\"search_term_string\"}}],\"inLanguage\":\"de\"},{\"@type\":\"Organization\",\"@id\":\"https:\\\/\\\/sprayboothmanufacturer.com\\\/#organization\",\"name\":\"Autoke-China Paint Booth Manufacturer\",\"url\":\"https:\\\/\\\/sprayboothmanufacturer.com\\\/\",\"logo\":{\"@type\":\"ImageObject\",\"inLanguage\":\"de\",\"@id\":\"https:\\\/\\\/sprayboothmanufacturer.com\\\/#\\\/schema\\\/logo\\\/image\\\/\",\"url\":\"https:\\\/\\\/sprayboothmanufacturer.com\\\/wp-content\\\/uploads\\\/2025\\\/12\\\/\u5fae\u4fe1\u56fe\u7247_20260113195103_1750_4-scaled-e1768394147958.png\",\"contentUrl\":\"https:\\\/\\\/sprayboothmanufacturer.com\\\/wp-content\\\/uploads\\\/2025\\\/12\\\/\u5fae\u4fe1\u56fe\u7247_20260113195103_1750_4-scaled-e1768394147958.png\",\"width\":1740,\"height\":538,\"caption\":\"Autoke-China Paint Booth Manufacturer\"},\"image\":{\"@id\":\"https:\\\/\\\/sprayboothmanufacturer.com\\\/#\\\/schema\\\/logo\\\/image\\\/\"}}]}<\/script>\n<!-- \/ Yoast SEO plugin. -->","yoast_head_json":{"title":"ATK-008C Professionelle 8m Luxus-Spritzkabine Komplettpaket | Mit Vorbereitungs- und Mischraum | Modulare Lackierl\u00f6sung f\u00fcr industrielle Nutzung - Autoke-China Lackierkabinenhersteller","robots":{"index":"index","follow":"follow","max-snippet":"max-snippet:-1","max-image-preview":"max-image-preview:large","max-video-preview":"max-video-preview:-1"},"canonical":"https:\/\/sprayboothmanufacturer.com\/de\/product\/luxury-spray-booth-complete-package\/","og_locale":"de_DE","og_type":"article","og_title":"ATK-008C Professional 8m Luxury Spray Booth Complete Package | With Preparation & Mixing Room | Modular Painting Solution for Industrial Use - Autoke-China Paint Booth Manufacturer","og_description":"The ATK-008C is a complete professional painting system featuring an 8m main spray booth, a dedicated preparation room, and a paint mixing room. Equipped with efficient diesel heating, powerful ventilation, and a three-stage filtration system, it is ideal for automotive repair, body shops, and industrial coating applications, enhancing workflow efficiency and finish quality.","og_url":"https:\/\/sprayboothmanufacturer.com\/de\/product\/luxury-spray-booth-complete-package\/","og_site_name":"Autoke-China Paint Booth Manufacturer","og_image":[{"width":800,"height":800,"url":"https:\/\/sprayboothmanufacturer.com\/wp-content\/uploads\/2026\/02\/27.png","type":"image\/png"}],"twitter_card":"summary_large_image","twitter_misc":{"Gesch\u00e4tzte Lesezeit":"2\u00a0Minuten"},"schema":{"@context":"https:\/\/schema.org","@graph":[{"@type":"WebPage","@id":"https:\/\/sprayboothmanufacturer.com\/product\/luxury-spray-booth-complete-package\/","url":"https:\/\/sprayboothmanufacturer.com\/product\/luxury-spray-booth-complete-package\/","name":"ATK-008C Professionelle 8m Luxus-Spritzkabine Komplettpaket | Mit Vorbereitungs- und Mischraum | Modulare Lackierl\u00f6sung f\u00fcr industrielle Nutzung - Autoke-China Lackierkabinenhersteller","isPartOf":{"@id":"https:\/\/sprayboothmanufacturer.com\/#website"},"primaryImageOfPage":{"@id":"https:\/\/sprayboothmanufacturer.com\/product\/luxury-spray-booth-complete-package\/#primaryimage"},"image":{"@id":"https:\/\/sprayboothmanufacturer.com\/product\/luxury-spray-booth-complete-package\/#primaryimage"},"thumbnailUrl":"https:\/\/sprayboothmanufacturer.com\/wp-content\/uploads\/2026\/02\/27.png","datePublished":"2026-02-03T08:51:27+00:00","breadcrumb":{"@id":"https:\/\/sprayboothmanufacturer.com\/product\/luxury-spray-booth-complete-package\/#breadcrumb"},"inLanguage":"de","potentialAction":[{"@type":"ReadAction","target":["https:\/\/sprayboothmanufacturer.com\/product\/luxury-spray-booth-complete-package\/"]}]},{"@type":"ImageObject","inLanguage":"de","@id":"https:\/\/sprayboothmanufacturer.com\/product\/luxury-spray-booth-complete-package\/#primaryimage","url":"https:\/\/sprayboothmanufacturer.com\/wp-content\/uploads\/2026\/02\/27.png","contentUrl":"https:\/\/sprayboothmanufacturer.com\/wp-content\/uploads\/2026\/02\/27.png","width":800,"height":800,"caption":"Automotive Paint Booth"},{"@type":"BreadcrumbList","@id":"https:\/\/sprayboothmanufacturer.com\/product\/luxury-spray-booth-complete-package\/#breadcrumb","itemListElement":[{"@type":"ListItem","position":1,"name":"Home","item":"https:\/\/sprayboothmanufacturer.com\/"},{"@type":"ListItem","position":2,"name":"\u4ea7\u54c1","item":"https:\/\/sprayboothmanufacturer.com\/shop__trashed\/"},{"@type":"ListItem","position":3,"name":"ATK-008C Professional 8m Luxury Spray Booth Complete Package | With Preparation &#038; Mixing Room | Modular Painting Solution for Industrial Use"}]},{"@type":"WebSite","@id":"https:\/\/sprayboothmanufacturer.com\/#website","url":"https:\/\/sprayboothmanufacturer.com\/","name":"Autoke-Deutschland Lackierkabinenhersteller","description":"","publisher":{"@id":"https:\/\/sprayboothmanufacturer.com\/#organization"},"potentialAction":[{"@type":"SearchAction","target":{"@type":"EntryPoint","urlTemplate":"https:\/\/sprayboothmanufacturer.com\/?s={search_term_string}"},"query-input":{"@type":"PropertyValueSpecification","valueRequired":true,"valueName":"search_term_string"}}],"inLanguage":"de"},{"@type":"Organization","@id":"https:\/\/sprayboothmanufacturer.com\/#organization","name":"Autoke-Deutschland Lackierkabinenhersteller","url":"https:\/\/sprayboothmanufacturer.com\/","logo":{"@type":"ImageObject","inLanguage":"de","@id":"https:\/\/sprayboothmanufacturer.com\/#\/schema\/logo\/image\/","url":"https:\/\/sprayboothmanufacturer.com\/wp-content\/uploads\/2025\/12\/\u5fae\u4fe1\u56fe\u7247_20260113195103_1750_4-scaled-e1768394147958.png","contentUrl":"https:\/\/sprayboothmanufacturer.com\/wp-content\/uploads\/2025\/12\/\u5fae\u4fe1\u56fe\u7247_20260113195103_1750_4-scaled-e1768394147958.png","width":1740,"height":538,"caption":"Autoke-China Paint Booth Manufacturer"},"image":{"@id":"https:\/\/sprayboothmanufacturer.com\/#\/schema\/logo\/image\/"}}]}},"_links":{"self":[{"href":"https:\/\/sprayboothmanufacturer.com\/de\/wp-json\/wp\/v2\/product\/3208","targetHints":{"allow":["GET"]}}],"collection":[{"href":"https:\/\/sprayboothmanufacturer.com\/de\/wp-json\/wp\/v2\/product"}],"about":[{"href":"https:\/\/sprayboothmanufacturer.com\/de\/wp-json\/wp\/v2\/types\/product"}],"replies":[{"embeddable":true,"href":"https:\/\/sprayboothmanufacturer.com\/de\/wp-json\/wp\/v2\/comments?post=3208"}],"version-history":[{"count":1,"href":"https:\/\/sprayboothmanufacturer.com\/de\/wp-json\/wp\/v2\/product\/3208\/revisions"}],"predecessor-version":[{"id":3212,"href":"https:\/\/sprayboothmanufacturer.com\/de\/wp-json\/wp\/v2\/product\/3208\/revisions\/3212"}],"wp:featuredmedia":[{"embeddable":true,"href":"https:\/\/sprayboothmanufacturer.com\/de\/wp-json\/wp\/v2\/media\/3195"}],"wp:attachment":[{"href":"https:\/\/sprayboothmanufacturer.com\/de\/wp-json\/wp\/v2\/media?parent=3208"}],"wp:term":[{"taxonomy":"product_brand","embeddable":true,"href":"https:\/\/sprayboothmanufacturer.com\/de\/wp-json\/wp\/v2\/product_brand?post=3208"},{"taxonomy":"product_cat","embeddable":true,"href":"https:\/\/sprayboothmanufacturer.com\/de\/wp-json\/wp\/v2\/product_cat?post=3208"},{"taxonomy":"product_tag","embeddable":true,"href":"https:\/\/sprayboothmanufacturer.com\/de\/wp-json\/wp\/v2\/product_tag?post=3208"}],"curies":[{"name":"wp","href":"https:\/\/api.w.org\/{rel}","templated":true}]}}