{"id":2378,"date":"2026-01-05T06:27:35","date_gmt":"2026-01-05T06:27:35","guid":{"rendered":"https:\/\/sprayboothmanufacturer.com\/?post_type=product&#038;p=2378"},"modified":"2026-01-05T06:30:24","modified_gmt":"2026-01-05T06:30:24","slug":"car-spray-booth-factory","status":"publish","type":"product","link":"https:\/\/sprayboothmanufacturer.com\/de\/product\/car-spray-booth-factory\/","title":{"rendered":"150 Grad Celsius Hochtemperatur-Autolackierkabine Fabrik mit wettbewerbsf\u00e4higem Preis Preise"},"content":{"rendered":"<h2 style=\"text-align: center;\"><\/h2>\n<h2><strong>Kabinen-System Autolackierkabine<\/strong><\/h2>\n<p><img fetchpriority=\"high\" decoding=\"async\" class=\"\" title=\"Kabinen-System\" src=\"https:\/\/img03.71360.com\/w3\/6pgvgx\/20250702\/cc6f772deea71c762e387483751b5621.png\" alt=\"Kabinen-System\" width=\"293\" height=\"274\" \/><\/p>\n<h2><strong>Wandpaneel Autolackierkabine<\/strong><\/h2>\n<p>Hochwertige doppelte Isolierung aus EPS, farbige Stahlhaut<\/p>\n<p>Paneel. Feuerfeste Wand 10 cm, zweilagige 0,5 mm Stahlabdeckung mit Brandschutz<\/p>\n<p>W\u00e4rmed\u00e4mmstoffe mit Brandschutz.<\/p>\n<p>\u200b<\/p>\n<p><img decoding=\"async\" class=\"\" title=\"Kabinen-System\" src=\"https:\/\/img03.71360.com\/w3\/6pgvgx\/20250702\/f8bcc099d921617dedaa49eeca4e7874.png\" alt=\"Kabinen-System\" width=\"309\" height=\"173\" \/><\/p>\n<p>1. Plattentyp-Pressplattform, hergestellt aus hochwertigem verzinktem Stahlblech und zusammengeschwei\u00dften Quadratrohren, H\u00f6he 300 mm;<\/p>\n<p>2. Ausr\u00fcstung mit zwei Reihen flacher Stahlgitter (verzinkt) aus Flachstahl und Rundstahl, 30*4 mm<\/p>\n<p>3. Mit drei Reihen Metall-Rutschfest-Gitterb\u00f6den, Breite 53 cm, 90 cm und 53 cm<\/p>\n<p>4. Mit 2 Reihen Gehfl\u00e4chen mit jeweils 90 cm Breite.<\/p>\n<p>&nbsp;<\/p>\n<h2><strong>Eingangst\u00fcr Autolackierkabine<\/strong><\/h2>\n<p><img decoding=\"async\" class=\"\" title=\"Eingangst\u00fcr\" src=\"https:\/\/img03.71360.com\/w3\/6pgvgx\/20250702\/7d7ab80667764e067fd04450f257c9e2.png\" alt=\"Eingangst\u00fcr\" width=\"289\" height=\"183\" \/><img loading=\"lazy\" decoding=\"async\" class=\"\" title=\"Eingangst\u00fcr\" src=\"https:\/\/img03.71360.com\/w3\/6pgvgx\/20250702\/bf10855bc8fc146ab6fb0ddc525d1a13.png\" alt=\"Eingangst\u00fcr\" width=\"194\" height=\"188\" \/><\/p>\n<h2><strong>Haupttor Autolackierkabine<\/strong><\/h2>\n<p>Vier Blechstahl-Vordert\u00fcren, insgesamt 3000\u00d72750 mm (L\u00d7B), ausgestattet mit Griff &amp; Schloss;<\/p>\n<p>Seitensicherheits-T\u00fcr: 60\u00d7180 cm<\/p>\n<p>Luxus-L\u00fcfterbox<\/p>\n<p>&nbsp;<\/p>\n<h2><strong>Bel\u00fcftungssystem Autolackierkabine<\/strong><\/h2>\n<p><img loading=\"lazy\" decoding=\"async\" class=\"wp-image-2350\" src=\"https:\/\/sprayboothmanufacturer.com\/wp-content\/uploads\/2025\/12\/IMG_9565-scaled.jpg\" alt=\"Lackierkabinenfabrik\" width=\"188\" height=\"250\" srcset=\"https:\/\/sprayboothmanufacturer.com\/wp-content\/uploads\/2025\/12\/IMG_9565-scaled.jpg 1920w, https:\/\/sprayboothmanufacturer.com\/wp-content\/uploads\/2025\/12\/IMG_9565-scaled-500x667.jpg 500w, https:\/\/sprayboothmanufacturer.com\/wp-content\/uploads\/2025\/12\/IMG_9565-scaled-700x933.jpg 700w, https:\/\/sprayboothmanufacturer.com\/wp-content\/uploads\/2025\/12\/IMG_9565-225x300.jpg 225w, https:\/\/sprayboothmanufacturer.com\/wp-content\/uploads\/2025\/12\/IMG_9565-768x1024.jpg 768w, https:\/\/sprayboothmanufacturer.com\/wp-content\/uploads\/2025\/12\/IMG_9565-1152x1536.jpg 1152w, https:\/\/sprayboothmanufacturer.com\/wp-content\/uploads\/2025\/12\/IMG_9565-1536x2048.jpg 1536w, https:\/\/sprayboothmanufacturer.com\/wp-content\/uploads\/2025\/12\/IMG_9565-200x267.jpg 200w, https:\/\/sprayboothmanufacturer.com\/wp-content\/uploads\/2025\/12\/IMG_9565-400x533.jpg 400w, https:\/\/sprayboothmanufacturer.com\/wp-content\/uploads\/2025\/12\/IMG_9565-600x800.jpg 600w, https:\/\/sprayboothmanufacturer.com\/wp-content\/uploads\/2025\/12\/IMG_9565-800x1067.jpg 800w, https:\/\/sprayboothmanufacturer.com\/wp-content\/uploads\/2025\/12\/IMG_9565-1200x1600.jpg 1200w\" sizes=\"(max-width: 188px) 100vw, 188px\" \/><\/p>\n<h2><strong>Einlassventilator Autolackierkabine<\/strong><\/h2>\n<p>2\u00d74 kW YDW-Doppelansaug-Zentrifugalventilatoren, Gesamtluftkapazit\u00e4t: 25000 m\u00b3\/h<\/p>\n<p>Austrittsventilatoren:<\/p>\n<p>1\u00d75,5 kW YDW-Austritts-Zentrifugalventilator, Gesamtluftkapazit\u00e4t: 19000 m\u00b3\/h<\/p>\n<h2><strong>Schranktyp Autolackierkabine<\/strong><\/h2>\n<p>Zufuhrluft von der oberen Seite, Verwendung eines pulverbeschichteten quadratischen Stahlrahmens, Abluftkanal aus hochwertigem verzinktem Stahl und Flansch. (Rockwool-Schrank)<\/p>\n<p>Geh\u00e4useabmessung: 1*2,2 m, kann auf der linken\/rechten\/hinteren Seite der Kabine platziert werden.<\/p>\n<p>Bogen: 90\u00ba *1 St\u00fcck<\/p>\n<p>&nbsp;<\/p>\n<h2><strong>Heizungssystem f\u00fcr Lackierkabine<\/strong><\/h2>\n<p><img decoding=\"async\" title=\"Heizungssystem\" src=\"https:\/\/img03.71360.com\/w3\/6pgvgx\/20250702\/bb47be69a2277ecbe8cfbcace341fe53.png\" alt=\"Heizungssystem\" \/><\/p>\n<p><strong>Elektrische Heizung (220V\/380V)<\/strong><\/p>\n<p>Industrielle Edelstahl-Heizstab mit Lamellen.<\/p>\n<p>Auf 150 Grad Celsius erhitzt, 144 kW, 144 Heizst\u00e4be.<\/p>\n<p>&nbsp;<\/p>\n<h2><strong>Dachsystem\u00a0<\/strong><\/h2>\n<p><img decoding=\"async\" title=\"Dachsystem\" src=\"https:\/\/img03.71360.com\/w3\/6pgvgx\/20250626\/a2bacdfb32ea5c9a3ead1999cc8bdf04.png\" alt=\"Dachsystem\" \/><\/p>\n<h2><strong>\u00a0Balken\u00a0<\/strong><\/h2>\n<p>Hergestellt aus verzinktem quadratischem Rohr, mit St\u00fctz- und Winkelstahl, die durch Schrauben verbunden sind.<\/p>\n<p><img decoding=\"async\" title=\"Dachsystem\" src=\"https:\/\/img03.71360.com\/w3\/6pgvgx\/20250626\/417320b6a358b3e8413c548dd2a2d132.png\" alt=\"Dachsystem\" \/><\/p>\n<h2><strong>\u00a0Luftverteiler<\/strong><\/h2>\n<p>Der Luftverteiler besteht aus verzinktem Stahl, surface-pulverbeschichtet. Der Dachfilterhalterrahmen besteht aus verzinkten Quadratrohren, surface-pulverbeschichtet.<\/p>\n<p>&nbsp;<\/p>\n<h2><strong>Filtersystem<\/strong><\/h2>\n<p><img decoding=\"async\" title=\"Filtersystem\" src=\"https:\/\/img03.71360.com\/w3\/6pgvgx\/20250626\/117dc44f1cde8b6056b7847bd9c9e489.png\" alt=\"Filtersystem\" \/><img decoding=\"async\" title=\"Filtersystem\" src=\"https:\/\/img03.71360.com\/w3\/6pgvgx\/20250626\/76f3e7e0d5ec434f7e791bddac0ca3cf.png\" alt=\"Filtersystem\" \/><\/p>\n<p><strong>Prim\u00e4rfilter<\/strong><\/p>\n<p>Der Prim\u00e4rfilter kann Partikel gr\u00f6\u00dfer als 10 \u03bcm erfassen, Filterrate &gt; 90%.<\/p>\n<p><strong>Deckenfilter (Wei\u00df)<\/strong><\/p>\n<p>Deckenfilter kann Partikel gr\u00f6\u00dfer als 4 \u03bcm erfassen, Filterrate &gt; 98%.<\/p>\n<p><strong>Bodenfilter (Blau)<\/strong><\/p>\n<p>Mehrlagiger Glasfaserfilter, Filterrate &gt; 90%<\/p>\n<p>&nbsp;<\/p>\n<h2><strong>Steuerungssystem<\/strong><\/h2>\n<p><img loading=\"lazy\" decoding=\"async\" class=\"\" title=\"Steuerungssystem\" src=\"https:\/\/img03.71360.com\/w3\/6pgvgx\/20250702\/493bd4a722b8e053d3fad65f30bda4c0.png\" alt=\"Steuerungssystem\" width=\"195\" height=\"259\" \/><\/p>\n<p>Intelligentes Steuerungssystem, Lackieren, Barkin, Trocknen, Temperaturregler, Zeiteinstellung, Not-Aus.<\/p>\n<p>Halbleiterrelais f\u00fcr elektrische Steuerung, die Heizkurve kann angepasst werden<\/p>\n<p>&nbsp;<\/p>\n<p><strong>Spannung\/Frequenz<\/strong><\/p>\n<p>220V\/380V, 50Hz<\/p>","protected":false},"excerpt":{"rendered":"<p>Entdecken Sie unsere CE-zertifizierten hochwertigen Autolackierkabinen zu wettbewerbsf\u00e4higen Preisen. Als f\u00fchrende Fabrik bieten wir langlebige und effiziente L\u00f6sungen f\u00fcr alle Ihre Fahrzeuglackierbed\u00fcrfnisse.<\/p>","protected":false},"featured_media":2257,"comment_status":"open","ping_status":"closed","template":"","meta":[],"product_brand":[],"product_cat":[60,59],"product_tag":[62],"class_list":{"0":"post-2378","1":"product","2":"type-product","3":"status-publish","4":"has-post-thumbnail","6":"product_cat-car-spray-booth","7":"product_cat-spray-booth","8":"product_tag-150-degree-celsius-high-temperature-car-spray-booth-factory-with-competitive-price-prices","10":"first","11":"instock","12":"shipping-taxable","13":"product-type-simple"},"yoast_head":"<!-- This site is optimized with the Yoast SEO plugin v27.4 - https:\/\/yoast.com\/product\/yoast-seo-wordpress\/ -->\n<title>150 Degree Celsius High-temperature Car Spray Booth Factory With Competitive Price Prices - Autoke-China Paint Booth Manufacturer<\/title>\n<meta name=\"robots\" content=\"index, follow, max-snippet:-1, max-image-preview:large, max-video-preview:-1\" \/>\n<link rel=\"canonical\" href=\"https:\/\/sprayboothmanufacturer.com\/de\/product\/car-spray-booth-factory\/\" \/>\n<meta property=\"og:locale\" content=\"de_DE\" \/>\n<meta property=\"og:type\" content=\"article\" \/>\n<meta property=\"og:title\" content=\"150 Degree Celsius High-temperature Car Spray Booth Factory With Competitive Price Prices - Autoke-China Paint Booth Manufacturer\" \/>\n<meta property=\"og:description\" content=\"Discover our CE certified high-quality car spray booths at competitive prices. As a leading factory, we offer durable and efficient solutions for all your automotive painting needs.\" \/>\n<meta property=\"og:url\" content=\"https:\/\/sprayboothmanufacturer.com\/de\/product\/car-spray-booth-factory\/\" \/>\n<meta property=\"og:site_name\" content=\"Autoke-China Paint Booth Manufacturer\" \/>\n<meta property=\"article:modified_time\" content=\"2026-01-05T06:30:24+00:00\" \/>\n<meta property=\"og:image\" content=\"https:\/\/sprayboothmanufacturer.com\/wp-content\/uploads\/2025\/11\/3-2.png\" \/>\n\t<meta property=\"og:image:width\" content=\"850\" \/>\n\t<meta property=\"og:image:height\" content=\"850\" \/>\n\t<meta property=\"og:image:type\" content=\"image\/png\" \/>\n<meta name=\"twitter:card\" content=\"summary_large_image\" \/>\n<meta name=\"twitter:label1\" content=\"Gesch\u00e4tzte Lesezeit\" \/>\n\t<meta name=\"twitter:data1\" content=\"2\u00a0Minuten\" \/>\n<script type=\"application\/ld+json\" class=\"yoast-schema-graph\">{\"@context\":\"https:\\\/\\\/schema.org\",\"@graph\":[{\"@type\":\"WebPage\",\"@id\":\"https:\\\/\\\/sprayboothmanufacturer.com\\\/product\\\/car-spray-booth-factory\\\/\",\"url\":\"https:\\\/\\\/sprayboothmanufacturer.com\\\/product\\\/car-spray-booth-factory\\\/\",\"name\":\"150 Degree Celsius High-temperature Car Spray Booth Factory With Competitive Price Prices - Autoke-China Paint Booth Manufacturer\",\"isPartOf\":{\"@id\":\"https:\\\/\\\/sprayboothmanufacturer.com\\\/#website\"},\"primaryImageOfPage\":{\"@id\":\"https:\\\/\\\/sprayboothmanufacturer.com\\\/product\\\/car-spray-booth-factory\\\/#primaryimage\"},\"image\":{\"@id\":\"https:\\\/\\\/sprayboothmanufacturer.com\\\/product\\\/car-spray-booth-factory\\\/#primaryimage\"},\"thumbnailUrl\":\"https:\\\/\\\/sprayboothmanufacturer.com\\\/wp-content\\\/uploads\\\/2025\\\/11\\\/3-2.png\",\"datePublished\":\"2026-01-05T06:27:35+00:00\",\"dateModified\":\"2026-01-05T06:30:24+00:00\",\"breadcrumb\":{\"@id\":\"https:\\\/\\\/sprayboothmanufacturer.com\\\/product\\\/car-spray-booth-factory\\\/#breadcrumb\"},\"inLanguage\":\"de\",\"potentialAction\":[{\"@type\":\"ReadAction\",\"target\":[\"https:\\\/\\\/sprayboothmanufacturer.com\\\/product\\\/car-spray-booth-factory\\\/\"]}]},{\"@type\":\"ImageObject\",\"inLanguage\":\"de\",\"@id\":\"https:\\\/\\\/sprayboothmanufacturer.com\\\/product\\\/car-spray-booth-factory\\\/#primaryimage\",\"url\":\"https:\\\/\\\/sprayboothmanufacturer.com\\\/wp-content\\\/uploads\\\/2025\\\/11\\\/3-2.png\",\"contentUrl\":\"https:\\\/\\\/sprayboothmanufacturer.com\\\/wp-content\\\/uploads\\\/2025\\\/11\\\/3-2.png\",\"width\":850,\"height\":850,\"caption\":\"150 Degree Celsius High-temperature Car Spray Booth Factory With Competitive Price Prices\"},{\"@type\":\"BreadcrumbList\",\"@id\":\"https:\\\/\\\/sprayboothmanufacturer.com\\\/product\\\/car-spray-booth-factory\\\/#breadcrumb\",\"itemListElement\":[{\"@type\":\"ListItem\",\"position\":1,\"name\":\"Home\",\"item\":\"https:\\\/\\\/sprayboothmanufacturer.com\\\/\"},{\"@type\":\"ListItem\",\"position\":2,\"name\":\"\u4ea7\u54c1\",\"item\":\"https:\\\/\\\/sprayboothmanufacturer.com\\\/shop__trashed\\\/\"},{\"@type\":\"ListItem\",\"position\":3,\"name\":\"150 Degree Celsius High-temperature Car Spray Booth Factory With Competitive Price Prices\"}]},{\"@type\":\"WebSite\",\"@id\":\"https:\\\/\\\/sprayboothmanufacturer.com\\\/#website\",\"url\":\"https:\\\/\\\/sprayboothmanufacturer.com\\\/\",\"name\":\"Autoke-China Paint Booth Manufacturer\",\"description\":\"\",\"publisher\":{\"@id\":\"https:\\\/\\\/sprayboothmanufacturer.com\\\/#organization\"},\"potentialAction\":[{\"@type\":\"SearchAction\",\"target\":{\"@type\":\"EntryPoint\",\"urlTemplate\":\"https:\\\/\\\/sprayboothmanufacturer.com\\\/?s={search_term_string}\"},\"query-input\":{\"@type\":\"PropertyValueSpecification\",\"valueRequired\":true,\"valueName\":\"search_term_string\"}}],\"inLanguage\":\"de\"},{\"@type\":\"Organization\",\"@id\":\"https:\\\/\\\/sprayboothmanufacturer.com\\\/#organization\",\"name\":\"Autoke-China Paint Booth Manufacturer\",\"url\":\"https:\\\/\\\/sprayboothmanufacturer.com\\\/\",\"logo\":{\"@type\":\"ImageObject\",\"inLanguage\":\"de\",\"@id\":\"https:\\\/\\\/sprayboothmanufacturer.com\\\/#\\\/schema\\\/logo\\\/image\\\/\",\"url\":\"https:\\\/\\\/sprayboothmanufacturer.com\\\/wp-content\\\/uploads\\\/2025\\\/12\\\/\u5fae\u4fe1\u56fe\u7247_20260113195103_1750_4-scaled-e1768394147958.png\",\"contentUrl\":\"https:\\\/\\\/sprayboothmanufacturer.com\\\/wp-content\\\/uploads\\\/2025\\\/12\\\/\u5fae\u4fe1\u56fe\u7247_20260113195103_1750_4-scaled-e1768394147958.png\",\"width\":1740,\"height\":538,\"caption\":\"Autoke-China Paint Booth Manufacturer\"},\"image\":{\"@id\":\"https:\\\/\\\/sprayboothmanufacturer.com\\\/#\\\/schema\\\/logo\\\/image\\\/\"}}]}<\/script>\n<!-- \/ Yoast SEO plugin. -->","yoast_head_json":{"title":"Hochtemperatur-Farbspritzkabine mit 150 Grad Celsius in Deutschland mit wettbewerbsf\u00e4higen Preisen - Autoke-Deutschland Lackierkabinenhersteller","robots":{"index":"index","follow":"follow","max-snippet":"max-snippet:-1","max-image-preview":"max-image-preview:large","max-video-preview":"max-video-preview:-1"},"canonical":"https:\/\/sprayboothmanufacturer.com\/de\/product\/car-spray-booth-factory\/","og_locale":"de_DE","og_type":"article","og_title":"150 Degree Celsius High-temperature Car Spray Booth Factory With Competitive Price Prices - Autoke-China Paint Booth Manufacturer","og_description":"Discover our CE certified high-quality car spray booths at competitive prices. As a leading factory, we offer durable and efficient solutions for all your automotive painting needs.","og_url":"https:\/\/sprayboothmanufacturer.com\/de\/product\/car-spray-booth-factory\/","og_site_name":"Autoke-China Paint Booth Manufacturer","article_modified_time":"2026-01-05T06:30:24+00:00","og_image":[{"width":850,"height":850,"url":"https:\/\/sprayboothmanufacturer.com\/wp-content\/uploads\/2025\/11\/3-2.png","type":"image\/png"}],"twitter_card":"summary_large_image","twitter_misc":{"Gesch\u00e4tzte Lesezeit":"2\u00a0Minuten"},"schema":{"@context":"https:\/\/schema.org","@graph":[{"@type":"WebPage","@id":"https:\/\/sprayboothmanufacturer.com\/product\/car-spray-booth-factory\/","url":"https:\/\/sprayboothmanufacturer.com\/product\/car-spray-booth-factory\/","name":"Hochtemperatur-Farbspritzkabine mit 150 Grad Celsius in Deutschland mit wettbewerbsf\u00e4higen Preisen - Autoke-Deutschland Lackierkabinenhersteller","isPartOf":{"@id":"https:\/\/sprayboothmanufacturer.com\/#website"},"primaryImageOfPage":{"@id":"https:\/\/sprayboothmanufacturer.com\/product\/car-spray-booth-factory\/#primaryimage"},"image":{"@id":"https:\/\/sprayboothmanufacturer.com\/product\/car-spray-booth-factory\/#primaryimage"},"thumbnailUrl":"https:\/\/sprayboothmanufacturer.com\/wp-content\/uploads\/2025\/11\/3-2.png","datePublished":"2026-01-05T06:27:35+00:00","dateModified":"2026-01-05T06:30:24+00:00","breadcrumb":{"@id":"https:\/\/sprayboothmanufacturer.com\/product\/car-spray-booth-factory\/#breadcrumb"},"inLanguage":"de","potentialAction":[{"@type":"ReadAction","target":["https:\/\/sprayboothmanufacturer.com\/product\/car-spray-booth-factory\/"]}]},{"@type":"ImageObject","inLanguage":"de","@id":"https:\/\/sprayboothmanufacturer.com\/product\/car-spray-booth-factory\/#primaryimage","url":"https:\/\/sprayboothmanufacturer.com\/wp-content\/uploads\/2025\/11\/3-2.png","contentUrl":"https:\/\/sprayboothmanufacturer.com\/wp-content\/uploads\/2025\/11\/3-2.png","width":850,"height":850,"caption":"150 Degree Celsius High-temperature Car Spray Booth Factory With Competitive Price Prices"},{"@type":"BreadcrumbList","@id":"https:\/\/sprayboothmanufacturer.com\/product\/car-spray-booth-factory\/#breadcrumb","itemListElement":[{"@type":"ListItem","position":1,"name":"Home","item":"https:\/\/sprayboothmanufacturer.com\/"},{"@type":"ListItem","position":2,"name":"\u4ea7\u54c1","item":"https:\/\/sprayboothmanufacturer.com\/shop__trashed\/"},{"@type":"ListItem","position":3,"name":"150 Degree Celsius High-temperature Car Spray Booth Factory With Competitive Price Prices"}]},{"@type":"WebSite","@id":"https:\/\/sprayboothmanufacturer.com\/#website","url":"https:\/\/sprayboothmanufacturer.com\/","name":"Autoke-Deutschland Lackierkabinenhersteller","description":"","publisher":{"@id":"https:\/\/sprayboothmanufacturer.com\/#organization"},"potentialAction":[{"@type":"SearchAction","target":{"@type":"EntryPoint","urlTemplate":"https:\/\/sprayboothmanufacturer.com\/?s={search_term_string}"},"query-input":{"@type":"PropertyValueSpecification","valueRequired":true,"valueName":"search_term_string"}}],"inLanguage":"de"},{"@type":"Organization","@id":"https:\/\/sprayboothmanufacturer.com\/#organization","name":"Autoke-Deutschland Lackierkabinenhersteller","url":"https:\/\/sprayboothmanufacturer.com\/","logo":{"@type":"ImageObject","inLanguage":"de","@id":"https:\/\/sprayboothmanufacturer.com\/#\/schema\/logo\/image\/","url":"https:\/\/sprayboothmanufacturer.com\/wp-content\/uploads\/2025\/12\/\u5fae\u4fe1\u56fe\u7247_20260113195103_1750_4-scaled-e1768394147958.png","contentUrl":"https:\/\/sprayboothmanufacturer.com\/wp-content\/uploads\/2025\/12\/\u5fae\u4fe1\u56fe\u7247_20260113195103_1750_4-scaled-e1768394147958.png","width":1740,"height":538,"caption":"Autoke-China Paint Booth Manufacturer"},"image":{"@id":"https:\/\/sprayboothmanufacturer.com\/#\/schema\/logo\/image\/"}}]}},"_links":{"self":[{"href":"https:\/\/sprayboothmanufacturer.com\/de\/wp-json\/wp\/v2\/product\/2378","targetHints":{"allow":["GET"]}}],"collection":[{"href":"https:\/\/sprayboothmanufacturer.com\/de\/wp-json\/wp\/v2\/product"}],"about":[{"href":"https:\/\/sprayboothmanufacturer.com\/de\/wp-json\/wp\/v2\/types\/product"}],"replies":[{"embeddable":true,"href":"https:\/\/sprayboothmanufacturer.com\/de\/wp-json\/wp\/v2\/comments?post=2378"}],"version-history":[{"count":1,"href":"https:\/\/sprayboothmanufacturer.com\/de\/wp-json\/wp\/v2\/product\/2378\/revisions"}],"predecessor-version":[{"id":2380,"href":"https:\/\/sprayboothmanufacturer.com\/de\/wp-json\/wp\/v2\/product\/2378\/revisions\/2380"}],"wp:featuredmedia":[{"embeddable":true,"href":"https:\/\/sprayboothmanufacturer.com\/de\/wp-json\/wp\/v2\/media\/2257"}],"wp:attachment":[{"href":"https:\/\/sprayboothmanufacturer.com\/de\/wp-json\/wp\/v2\/media?parent=2378"}],"wp:term":[{"taxonomy":"product_brand","embeddable":true,"href":"https:\/\/sprayboothmanufacturer.com\/de\/wp-json\/wp\/v2\/product_brand?post=2378"},{"taxonomy":"product_cat","embeddable":true,"href":"https:\/\/sprayboothmanufacturer.com\/de\/wp-json\/wp\/v2\/product_cat?post=2378"},{"taxonomy":"product_tag","embeddable":true,"href":"https:\/\/sprayboothmanufacturer.com\/de\/wp-json\/wp\/v2\/product_tag?post=2378"}],"curies":[{"name":"wp","href":"https:\/\/api.w.org\/{rel}","templated":true}]}}